{"id":7027,"date":"2024-11-18T13:11:42","date_gmt":"2024-11-18T13:11:42","guid":{"rendered":"https:\/\/www.elpex.se\/produkt\/classic-off-road-2\/"},"modified":"2026-02-24T12:21:26","modified_gmt":"2026-02-24T12:21:26","slug":"classic-off-road-2","status":"publish","type":"product","link":"https:\/\/www.elpex.se\/no\/produkt\/classic-off-road-2\/","title":{"rendered":"Classic Off Road"},"content":{"rendered":"<p data-start=\"0\" data-end=\"280\">Unik modell fra Elpex. N\u00e5r tilgangen p\u00e5 fin asfalt er begrenset, er <strong data-start=\"71\" data-end=\"91\">Classic Off Road<\/strong> det opplagte valget \u2013 utviklet for \u00e5 takle ubelagt underlag som skogs- og grusveier. En klassisk rulleski med sperrelager p\u00e5 bakhjulene, perfekt for grusveier og harde mosjonsspor.  <\/p>\n<p data-start=\"282\" data-end=\"453\">Classic Off Road er utstyrt med 130 mm gummihjul som sammen med lav bakkeklaring gir sv\u00e6rt komfortabel kj\u00f8ring og stabil kontroll. Finnes kun med rullemotstand 2. <\/p>\n<p data-start=\"455\" data-end=\"495\"><strong data-start=\"455\" data-end=\"472\">Type l\u00f8per:<\/strong> Alle typer l\u00f8pere.<\/p>\n<p data-start=\"497\" data-end=\"516\"><strong data-start=\"497\" data-end=\"514\">Nyheter 2026:<\/strong><\/p>\n<ul>\n<li data-start=\"519\" data-end=\"546\">Nye, forbedrede profiler<\/li>\n<li data-start=\"549\" data-end=\"574\">Forsterkede skjermer<\/li>\n<li data-start=\"577\" data-end=\"627\">M\u00f8rk sink-nikkelbelegg p\u00e5 skruer og bolter<\/li>\n<li data-start=\"630\" data-end=\"656\">Forbedret silketrykk p\u00e5 rammer<\/li>\n<\/ul>\n","protected":false},"excerpt":{"rendered":"<p>V\u00e5r mest unike modell. N\u00e5r det ikke er tilgang til godt asfaltunderlag, er Off Road det opplagte valget. En ski for klassisk offroadkj\u00f8ring som gir komfort p\u00e5 b\u00e5de grusveier og harde spor. De 130 mm brede gummidekkene og den lave bakkeklaringen bidrar til en sv\u00e6rt komfortabel kj\u00f8ring med stabile kj\u00f8reegenskaper.   <\/p>\n","protected":false},"featured_media":8123,"template":"","meta":[],"product_brand":[],"product_cat":[207,231,206],"product_tag":[383],"class_list":{"0":"post-7027","1":"product","2":"type-product","3":"status-publish","4":"has-post-thumbnail","6":"product_cat-klassisk","7":"product_cat-offroad","8":"product_cat-rulleski","9":"product_tag-zacatecnici-no","11":"first","12":"outofstock","13":"taxable","14":"shipping-taxable","15":"purchasable","16":"product-type-simple"},"composite_virtual":false,"composite_layout":"","composite_add_to_cart_form_location":"","composite_editable_in_cart":false,"composite_sold_individually_context":"","composite_shop_price_calc":"","composite_components":[],"composite_scenarios":[],"yoast_head":"<!-- This site is optimized with the Yoast SEO plugin v27.4 - https:\/\/yoast.com\/product\/yoast-seo-wordpress\/ -->\n<title>Classic Off Road - Elpex<\/title>\n<meta name=\"robots\" content=\"index, follow, max-snippet:-1, max-image-preview:large, max-video-preview:-1\" \/>\n<link rel=\"canonical\" href=\"https:\/\/www.elpex.se\/no\/produkt\/classic-off-road-2\/\" \/>\n<meta property=\"og:locale\" content=\"nb_NO\" \/>\n<meta property=\"og:type\" content=\"article\" \/>\n<meta property=\"og:title\" content=\"Classic Off Road - Elpex\" \/>\n<meta property=\"og:description\" content=\"V\u00e5r mest unike modell. N\u00e5r det ikke er tilgang til godt asfaltunderlag, er Off Road det opplagte valget. En ski for klassisk offroadkj\u00f8ring som gir komfort p\u00e5 b\u00e5de grusveier og harde spor. De 130 mm brede gummidekkene og den lave bakkeklaringen bidrar til en sv\u00e6rt komfortabel kj\u00f8ring med stabile kj\u00f8reegenskaper.\" \/>\n<meta property=\"og:url\" content=\"https:\/\/www.elpex.se\/no\/produkt\/classic-off-road-2\/\" \/>\n<meta property=\"og:site_name\" content=\"Elpex\" \/>\n<meta property=\"article:publisher\" content=\"https:\/\/www.facebook.com\/www.elpex.se\/?locale=sv_SE\" \/>\n<meta property=\"article:modified_time\" content=\"2026-02-24T12:21:26+00:00\" \/>\n<meta property=\"og:image\" content=\"https:\/\/www.elpex.se\/wp-content\/uploads\/2024\/11\/Classic-Off-road_2_2.jpg.webp\" \/>\n\t<meta property=\"og:image:width\" content=\"1620\" \/>\n\t<meta property=\"og:image:height\" content=\"2175\" \/>\n\t<meta property=\"og:image:type\" content=\"image\/jpeg\" \/>\n<meta name=\"twitter:card\" content=\"summary_large_image\" \/>\n<script type=\"application\/ld+json\" class=\"yoast-schema-graph\">{\"@context\":\"https:\\\/\\\/schema.org\",\"@graph\":[{\"@type\":\"WebPage\",\"@id\":\"https:\\\/\\\/www.elpex.se\\\/no\\\/produkt\\\/classic-off-road-2\\\/\",\"url\":\"https:\\\/\\\/www.elpex.se\\\/no\\\/produkt\\\/classic-off-road-2\\\/\",\"name\":\"Classic Off Road - Elpex\",\"isPartOf\":{\"@id\":\"https:\\\/\\\/www.elpex.se\\\/no\\\/#website\"},\"primaryImageOfPage\":{\"@id\":\"https:\\\/\\\/www.elpex.se\\\/no\\\/produkt\\\/classic-off-road-2\\\/#primaryimage\"},\"image\":{\"@id\":\"https:\\\/\\\/www.elpex.se\\\/no\\\/produkt\\\/classic-off-road-2\\\/#primaryimage\"},\"thumbnailUrl\":\"https:\\\/\\\/www.elpex.se\\\/wp-content\\\/uploads\\\/2024\\\/11\\\/Classic-Off-road_2_2.jpg.webp\",\"datePublished\":\"2024-11-18T13:11:42+00:00\",\"dateModified\":\"2026-02-24T12:21:26+00:00\",\"breadcrumb\":{\"@id\":\"https:\\\/\\\/www.elpex.se\\\/no\\\/produkt\\\/classic-off-road-2\\\/#breadcrumb\"},\"inLanguage\":\"nb-NO\",\"potentialAction\":[{\"@type\":\"ReadAction\",\"target\":[\"https:\\\/\\\/www.elpex.se\\\/no\\\/produkt\\\/classic-off-road-2\\\/\"]}]},{\"@type\":\"ImageObject\",\"inLanguage\":\"nb-NO\",\"@id\":\"https:\\\/\\\/www.elpex.se\\\/no\\\/produkt\\\/classic-off-road-2\\\/#primaryimage\",\"url\":\"https:\\\/\\\/www.elpex.se\\\/wp-content\\\/uploads\\\/2024\\\/11\\\/Classic-Off-road_2_2.jpg.webp\",\"contentUrl\":\"https:\\\/\\\/www.elpex.se\\\/wp-content\\\/uploads\\\/2024\\\/11\\\/Classic-Off-road_2_2.jpg.webp\",\"width\":1620,\"height\":2175},{\"@type\":\"BreadcrumbList\",\"@id\":\"https:\\\/\\\/www.elpex.se\\\/no\\\/produkt\\\/classic-off-road-2\\\/#breadcrumb\",\"itemListElement\":[{\"@type\":\"ListItem\",\"position\":1,\"name\":\"Hem\",\"item\":\"https:\\\/\\\/www.elpex.se\\\/no\\\/\"},{\"@type\":\"ListItem\",\"position\":2,\"name\":\"Rulleski og tilbeh\u00f8r\",\"item\":\"https:\\\/\\\/www.elpex.se\\\/no\\\/shop\\\/\"},{\"@type\":\"ListItem\",\"position\":3,\"name\":\"Classic Off Road\"}]},{\"@type\":\"WebSite\",\"@id\":\"https:\\\/\\\/www.elpex.se\\\/no\\\/#website\",\"url\":\"https:\\\/\\\/www.elpex.se\\\/no\\\/\",\"name\":\"Elpex\",\"description\":\"\",\"publisher\":{\"@id\":\"https:\\\/\\\/www.elpex.se\\\/no\\\/#organization\"},\"potentialAction\":[{\"@type\":\"SearchAction\",\"target\":{\"@type\":\"EntryPoint\",\"urlTemplate\":\"https:\\\/\\\/www.elpex.se\\\/no\\\/?s={search_term_string}\"},\"query-input\":{\"@type\":\"PropertyValueSpecification\",\"valueRequired\":true,\"valueName\":\"search_term_string\"}}],\"inLanguage\":\"nb-NO\"},{\"@type\":\"Organization\",\"@id\":\"https:\\\/\\\/www.elpex.se\\\/no\\\/#organization\",\"name\":\"Elpex\",\"url\":\"https:\\\/\\\/www.elpex.se\\\/no\\\/\",\"logo\":{\"@type\":\"ImageObject\",\"inLanguage\":\"nb-NO\",\"@id\":\"https:\\\/\\\/www.elpex.se\\\/no\\\/#\\\/schema\\\/logo\\\/image\\\/\",\"url\":\"https:\\\/\\\/www.elpex.se\\\/wp-content\\\/uploads\\\/2024\\\/11\\\/Elpex-logo_svart.svg\",\"contentUrl\":\"https:\\\/\\\/www.elpex.se\\\/wp-content\\\/uploads\\\/2024\\\/11\\\/Elpex-logo_svart.svg\",\"caption\":\"Elpex\"},\"image\":{\"@id\":\"https:\\\/\\\/www.elpex.se\\\/no\\\/#\\\/schema\\\/logo\\\/image\\\/\"},\"sameAs\":[\"https:\\\/\\\/www.facebook.com\\\/www.elpex.se\\\/?locale=sv_SE\",\"https:\\\/\\\/www.instagram.com\\\/elpexrollerskis\\\/\"]}]}<\/script>\n<!-- \/ Yoast SEO plugin. -->","yoast_head_json":{"title":"Classic Off Road - Elpex","robots":{"index":"index","follow":"follow","max-snippet":"max-snippet:-1","max-image-preview":"max-image-preview:large","max-video-preview":"max-video-preview:-1"},"canonical":"https:\/\/www.elpex.se\/no\/produkt\/classic-off-road-2\/","og_locale":"nb_NO","og_type":"article","og_title":"Classic Off Road - Elpex","og_description":"V\u00e5r mest unike modell. N\u00e5r det ikke er tilgang til godt asfaltunderlag, er Off Road det opplagte valget. En ski for klassisk offroadkj\u00f8ring som gir komfort p\u00e5 b\u00e5de grusveier og harde spor. De 130 mm brede gummidekkene og den lave bakkeklaringen bidrar til en sv\u00e6rt komfortabel kj\u00f8ring med stabile kj\u00f8reegenskaper.","og_url":"https:\/\/www.elpex.se\/no\/produkt\/classic-off-road-2\/","og_site_name":"Elpex","article_publisher":"https:\/\/www.facebook.com\/www.elpex.se\/?locale=sv_SE","article_modified_time":"2026-02-24T12:21:26+00:00","og_image":[{"width":1620,"height":2175,"url":"https:\/\/www.elpex.se\/wp-content\/uploads\/2024\/11\/Classic-Off-road_2_2.jpg.webp","type":"image\/jpeg"}],"twitter_card":"summary_large_image","schema":{"@context":"https:\/\/schema.org","@graph":[{"@type":"WebPage","@id":"https:\/\/www.elpex.se\/no\/produkt\/classic-off-road-2\/","url":"https:\/\/www.elpex.se\/no\/produkt\/classic-off-road-2\/","name":"Classic Off Road - Elpex","isPartOf":{"@id":"https:\/\/www.elpex.se\/no\/#website"},"primaryImageOfPage":{"@id":"https:\/\/www.elpex.se\/no\/produkt\/classic-off-road-2\/#primaryimage"},"image":{"@id":"https:\/\/www.elpex.se\/no\/produkt\/classic-off-road-2\/#primaryimage"},"thumbnailUrl":"https:\/\/www.elpex.se\/wp-content\/uploads\/2024\/11\/Classic-Off-road_2_2.jpg.webp","datePublished":"2024-11-18T13:11:42+00:00","dateModified":"2026-02-24T12:21:26+00:00","breadcrumb":{"@id":"https:\/\/www.elpex.se\/no\/produkt\/classic-off-road-2\/#breadcrumb"},"inLanguage":"nb-NO","potentialAction":[{"@type":"ReadAction","target":["https:\/\/www.elpex.se\/no\/produkt\/classic-off-road-2\/"]}]},{"@type":"ImageObject","inLanguage":"nb-NO","@id":"https:\/\/www.elpex.se\/no\/produkt\/classic-off-road-2\/#primaryimage","url":"https:\/\/www.elpex.se\/wp-content\/uploads\/2024\/11\/Classic-Off-road_2_2.jpg.webp","contentUrl":"https:\/\/www.elpex.se\/wp-content\/uploads\/2024\/11\/Classic-Off-road_2_2.jpg.webp","width":1620,"height":2175},{"@type":"BreadcrumbList","@id":"https:\/\/www.elpex.se\/no\/produkt\/classic-off-road-2\/#breadcrumb","itemListElement":[{"@type":"ListItem","position":1,"name":"Hem","item":"https:\/\/www.elpex.se\/no\/"},{"@type":"ListItem","position":2,"name":"Rulleski og tilbeh\u00f8r","item":"https:\/\/www.elpex.se\/no\/shop\/"},{"@type":"ListItem","position":3,"name":"Classic Off Road"}]},{"@type":"WebSite","@id":"https:\/\/www.elpex.se\/no\/#website","url":"https:\/\/www.elpex.se\/no\/","name":"Elpex","description":"","publisher":{"@id":"https:\/\/www.elpex.se\/no\/#organization"},"potentialAction":[{"@type":"SearchAction","target":{"@type":"EntryPoint","urlTemplate":"https:\/\/www.elpex.se\/no\/?s={search_term_string}"},"query-input":{"@type":"PropertyValueSpecification","valueRequired":true,"valueName":"search_term_string"}}],"inLanguage":"nb-NO"},{"@type":"Organization","@id":"https:\/\/www.elpex.se\/no\/#organization","name":"Elpex","url":"https:\/\/www.elpex.se\/no\/","logo":{"@type":"ImageObject","inLanguage":"nb-NO","@id":"https:\/\/www.elpex.se\/no\/#\/schema\/logo\/image\/","url":"https:\/\/www.elpex.se\/wp-content\/uploads\/2024\/11\/Elpex-logo_svart.svg","contentUrl":"https:\/\/www.elpex.se\/wp-content\/uploads\/2024\/11\/Elpex-logo_svart.svg","caption":"Elpex"},"image":{"@id":"https:\/\/www.elpex.se\/no\/#\/schema\/logo\/image\/"},"sameAs":["https:\/\/www.facebook.com\/www.elpex.se\/?locale=sv_SE","https:\/\/www.instagram.com\/elpexrollerskis\/"]}]}},"_links":{"self":[{"href":"https:\/\/www.elpex.se\/no\/wp-json\/wp\/v2\/product\/7027","targetHints":{"allow":["GET"]}}],"collection":[{"href":"https:\/\/www.elpex.se\/no\/wp-json\/wp\/v2\/product"}],"about":[{"href":"https:\/\/www.elpex.se\/no\/wp-json\/wp\/v2\/types\/product"}],"wp:featuredmedia":[{"embeddable":true,"href":"https:\/\/www.elpex.se\/no\/wp-json\/wp\/v2\/media\/8123"}],"wp:attachment":[{"href":"https:\/\/www.elpex.se\/no\/wp-json\/wp\/v2\/media?parent=7027"}],"wp:term":[{"taxonomy":"product_brand","embeddable":true,"href":"https:\/\/www.elpex.se\/no\/wp-json\/wp\/v2\/product_brand?post=7027"},{"taxonomy":"product_cat","embeddable":true,"href":"https:\/\/www.elpex.se\/no\/wp-json\/wp\/v2\/product_cat?post=7027"},{"taxonomy":"product_tag","embeddable":true,"href":"https:\/\/www.elpex.se\/no\/wp-json\/wp\/v2\/product_tag?post=7027"}],"curies":[{"name":"wp","href":"https:\/\/api.w.org\/{rel}","templated":true}]}}