{"id":6978,"date":"2024-11-05T14:38:04","date_gmt":"2024-11-05T14:38:04","guid":{"rendered":"https:\/\/www.elpex.se\/produkt\/skoytelop\/"},"modified":"2026-04-08T07:14:34","modified_gmt":"2026-04-08T07:14:34","slug":"skoytelop","status":"publish","type":"product","link":"https:\/\/www.elpex.se\/no\/produkt\/skoytelop\/","title":{"rendered":"Skate Race"},"content":{"rendered":"<p data-pm-slice=\"1 1 []\">En sk\u00f8yteski med lavt tyngdepunkt for enest\u00e5ende balanse og stabil skig\u00e5ing. Den store nyheten for 2026 er de forbedrede profilene \u2013 stivere og lettere, med samme teknologi som v\u00e5re klassiske modeller. PU-hjul (2) gir et tydelig grep og utmerkede skiegenskaper ogs\u00e5 p\u00e5 v\u00e5tt underlag. Vi tilbyr ogs\u00e5 et helt nytt hjulalternativ \u2013 v\u00e5r premiumserie utviklet for eliteut\u00f8vere, som kombinerer de beste egenskapene til polyuretan og gummi.   <\/p>\n<p data-start=\"185\" data-end=\"254\"><strong data-start=\"185\" data-end=\"202\">Type l\u00f8per:<\/strong> Eldre juniorer, elitel\u00f8pere og ambisi\u00f8se mosjonister.<\/p>\n<p data-start=\"185\" data-end=\"254\"><strong>Valg av hjul:<\/strong><\/p>\n<p data-start=\"497\" data-end=\"547\"><strong>PU-hjul (rullemotstand 2) \u2013 stabilitet under alle forhold<\/strong><\/p>\n<ul>\n<li data-start=\"548\" data-end=\"869\">V\u00e5re PU-hjul gir et distinkt og skarpt snitt i asfalten med utmerkede kj\u00f8reegenskaper p\u00e5 b\u00e5de t\u00f8rr og v\u00e5t vei. Grepet er suverent uten \u00e5 f\u00f8les svampete \u2013 selv for tyngre kj\u00f8rere som presser p\u00e5 i h\u00f8y fart. Hjulene brukes blant annet ved tester p\u00e5 Nasjonalt Vintersportsenter hvor elite- og landslagsut\u00f8vere analyseres.   Disse hjulene har en blank aluminiumsfelg.<\/li>\n<\/ul>\n<p data-start=\"871\" data-end=\"921\"><strong>Premium-hjul (rullemotstand 2 og 3) \u2013 for deg som vil ha det beste<\/strong><\/p>\n<ul>\n<li data-start=\"922\" data-end=\"1045\">V\u00e5r nye premiumserie er utviklet for eliteut\u00f8vere og kombinerer polyuretanets slitestyrke med gummiens smidighet. En kompromissl\u00f8s l\u00f8sning for deg som krever maksimal ytelse \u2013 under alle forhold. Med v\u00e5re premiumhjul f\u00e5r du jevn rullemotstand uansett temperatur, uovertruffent v\u00e5tgrep samt h\u00f8y slitestyrke over tid.   Disse hjulene har en gr\u00e5 plastfelg.<\/li>\n<\/ul>\n<p>&nbsp;<\/p>\n<p>&nbsp;<\/p>\n","protected":false},"excerpt":{"rendered":"<p data-pm-slice=\"1 1 []\">En sk\u00f8yteski som med sitt lave tyngdepunkt gir enest\u00e5ende balanse og stabil kj\u00f8ring.<\/p>\n","protected":false},"featured_media":8035,"template":"","meta":[],"product_brand":[],"product_cat":[234,206,248],"product_tag":[487],"class_list":{"0":"post-6978","1":"product","2":"type-product","3":"status-publish","4":"has-post-thumbnail","6":"product_cat-populaere-produkter","7":"product_cat-rulleski","8":"product_cat-skoyter","9":"product_tag-beginners","11":"first","12":"instock","13":"taxable","14":"shipping-taxable","15":"purchasable","16":"product-type-variable"},"composite_virtual":false,"composite_layout":"","composite_add_to_cart_form_location":"","composite_editable_in_cart":false,"composite_sold_individually_context":"","composite_shop_price_calc":"","composite_components":[],"composite_scenarios":[],"yoast_head":"<!-- This site is optimized with the Yoast SEO plugin v27.4 - https:\/\/yoast.com\/product\/yoast-seo-wordpress\/ -->\n<title>Skate Race - Elpex<\/title>\n<meta name=\"robots\" content=\"index, follow, max-snippet:-1, max-image-preview:large, max-video-preview:-1\" \/>\n<link rel=\"canonical\" href=\"https:\/\/www.elpex.se\/no\/produkt\/skoytelop\/\" \/>\n<meta property=\"og:locale\" content=\"nb_NO\" \/>\n<meta property=\"og:type\" content=\"article\" \/>\n<meta property=\"og:title\" content=\"Skate Race - Elpex\" \/>\n<meta property=\"og:description\" content=\"En sk\u00f8yteski som med sitt lave tyngdepunkt gir enest\u00e5ende balanse og stabil kj\u00f8ring.\" \/>\n<meta property=\"og:url\" content=\"https:\/\/www.elpex.se\/no\/produkt\/skoytelop\/\" \/>\n<meta property=\"og:site_name\" content=\"Elpex\" \/>\n<meta property=\"article:publisher\" content=\"https:\/\/www.facebook.com\/www.elpex.se\/?locale=sv_SE\" \/>\n<meta property=\"article:modified_time\" content=\"2026-04-08T07:14:34+00:00\" \/>\n<meta property=\"og:image\" content=\"https:\/\/www.elpex.se\/wp-content\/uploads\/2024\/11\/Elpex_Skate-Race_3-1.jpg.webp\" \/>\n\t<meta property=\"og:image:width\" content=\"1080\" \/>\n\t<meta property=\"og:image:height\" content=\"1450\" \/>\n\t<meta property=\"og:image:type\" content=\"image\/jpeg\" \/>\n<meta name=\"twitter:card\" content=\"summary_large_image\" \/>\n<meta name=\"twitter:label1\" content=\"Ansl. lesetid\" \/>\n\t<meta name=\"twitter:data1\" content=\"1 minutt\" \/>\n<script type=\"application\/ld+json\" class=\"yoast-schema-graph\">{\"@context\":\"https:\\\/\\\/schema.org\",\"@graph\":[{\"@type\":\"WebPage\",\"@id\":\"https:\\\/\\\/www.elpex.se\\\/no\\\/produkt\\\/skoytelop\\\/\",\"url\":\"https:\\\/\\\/www.elpex.se\\\/no\\\/produkt\\\/skoytelop\\\/\",\"name\":\"Skate Race - Elpex\",\"isPartOf\":{\"@id\":\"https:\\\/\\\/www.elpex.se\\\/no\\\/#website\"},\"primaryImageOfPage\":{\"@id\":\"https:\\\/\\\/www.elpex.se\\\/no\\\/produkt\\\/skoytelop\\\/#primaryimage\"},\"image\":{\"@id\":\"https:\\\/\\\/www.elpex.se\\\/no\\\/produkt\\\/skoytelop\\\/#primaryimage\"},\"thumbnailUrl\":\"https:\\\/\\\/www.elpex.se\\\/wp-content\\\/uploads\\\/2024\\\/11\\\/Elpex_Skate-Race_3-1.jpg.webp\",\"datePublished\":\"2024-11-05T14:38:04+00:00\",\"dateModified\":\"2026-04-08T07:14:34+00:00\",\"breadcrumb\":{\"@id\":\"https:\\\/\\\/www.elpex.se\\\/no\\\/produkt\\\/skoytelop\\\/#breadcrumb\"},\"inLanguage\":\"nb-NO\",\"potentialAction\":[{\"@type\":\"ReadAction\",\"target\":[\"https:\\\/\\\/www.elpex.se\\\/no\\\/produkt\\\/skoytelop\\\/\"]}]},{\"@type\":\"ImageObject\",\"inLanguage\":\"nb-NO\",\"@id\":\"https:\\\/\\\/www.elpex.se\\\/no\\\/produkt\\\/skoytelop\\\/#primaryimage\",\"url\":\"https:\\\/\\\/www.elpex.se\\\/wp-content\\\/uploads\\\/2024\\\/11\\\/Elpex_Skate-Race_3-1.jpg.webp\",\"contentUrl\":\"https:\\\/\\\/www.elpex.se\\\/wp-content\\\/uploads\\\/2024\\\/11\\\/Elpex_Skate-Race_3-1.jpg.webp\",\"width\":1080,\"height\":1450},{\"@type\":\"BreadcrumbList\",\"@id\":\"https:\\\/\\\/www.elpex.se\\\/no\\\/produkt\\\/skoytelop\\\/#breadcrumb\",\"itemListElement\":[{\"@type\":\"ListItem\",\"position\":1,\"name\":\"Hem\",\"item\":\"https:\\\/\\\/www.elpex.se\\\/no\\\/\"},{\"@type\":\"ListItem\",\"position\":2,\"name\":\"Rulleski og tilbeh\u00f8r\",\"item\":\"https:\\\/\\\/www.elpex.se\\\/no\\\/shop\\\/\"},{\"@type\":\"ListItem\",\"position\":3,\"name\":\"Skate Race\"}]},{\"@type\":\"WebSite\",\"@id\":\"https:\\\/\\\/www.elpex.se\\\/no\\\/#website\",\"url\":\"https:\\\/\\\/www.elpex.se\\\/no\\\/\",\"name\":\"Elpex\",\"description\":\"\",\"publisher\":{\"@id\":\"https:\\\/\\\/www.elpex.se\\\/no\\\/#organization\"},\"potentialAction\":[{\"@type\":\"SearchAction\",\"target\":{\"@type\":\"EntryPoint\",\"urlTemplate\":\"https:\\\/\\\/www.elpex.se\\\/no\\\/?s={search_term_string}\"},\"query-input\":{\"@type\":\"PropertyValueSpecification\",\"valueRequired\":true,\"valueName\":\"search_term_string\"}}],\"inLanguage\":\"nb-NO\"},{\"@type\":\"Organization\",\"@id\":\"https:\\\/\\\/www.elpex.se\\\/no\\\/#organization\",\"name\":\"Elpex\",\"url\":\"https:\\\/\\\/www.elpex.se\\\/no\\\/\",\"logo\":{\"@type\":\"ImageObject\",\"inLanguage\":\"nb-NO\",\"@id\":\"https:\\\/\\\/www.elpex.se\\\/no\\\/#\\\/schema\\\/logo\\\/image\\\/\",\"url\":\"https:\\\/\\\/www.elpex.se\\\/wp-content\\\/uploads\\\/2024\\\/11\\\/Elpex-logo_svart.svg\",\"contentUrl\":\"https:\\\/\\\/www.elpex.se\\\/wp-content\\\/uploads\\\/2024\\\/11\\\/Elpex-logo_svart.svg\",\"caption\":\"Elpex\"},\"image\":{\"@id\":\"https:\\\/\\\/www.elpex.se\\\/no\\\/#\\\/schema\\\/logo\\\/image\\\/\"},\"sameAs\":[\"https:\\\/\\\/www.facebook.com\\\/www.elpex.se\\\/?locale=sv_SE\",\"https:\\\/\\\/www.instagram.com\\\/elpexrollerskis\\\/\"]}]}<\/script>\n<!-- \/ Yoast SEO plugin. -->","yoast_head_json":{"title":"Skate Race - Elpex","robots":{"index":"index","follow":"follow","max-snippet":"max-snippet:-1","max-image-preview":"max-image-preview:large","max-video-preview":"max-video-preview:-1"},"canonical":"https:\/\/www.elpex.se\/no\/produkt\/skoytelop\/","og_locale":"nb_NO","og_type":"article","og_title":"Skate Race - Elpex","og_description":"En sk\u00f8yteski som med sitt lave tyngdepunkt gir enest\u00e5ende balanse og stabil kj\u00f8ring.","og_url":"https:\/\/www.elpex.se\/no\/produkt\/skoytelop\/","og_site_name":"Elpex","article_publisher":"https:\/\/www.facebook.com\/www.elpex.se\/?locale=sv_SE","article_modified_time":"2026-04-08T07:14:34+00:00","og_image":[{"width":1080,"height":1450,"url":"https:\/\/www.elpex.se\/wp-content\/uploads\/2024\/11\/Elpex_Skate-Race_3-1.jpg.webp","type":"image\/jpeg"}],"twitter_card":"summary_large_image","twitter_misc":{"Ansl. lesetid":"1 minutt"},"schema":{"@context":"https:\/\/schema.org","@graph":[{"@type":"WebPage","@id":"https:\/\/www.elpex.se\/no\/produkt\/skoytelop\/","url":"https:\/\/www.elpex.se\/no\/produkt\/skoytelop\/","name":"Skate Race - Elpex","isPartOf":{"@id":"https:\/\/www.elpex.se\/no\/#website"},"primaryImageOfPage":{"@id":"https:\/\/www.elpex.se\/no\/produkt\/skoytelop\/#primaryimage"},"image":{"@id":"https:\/\/www.elpex.se\/no\/produkt\/skoytelop\/#primaryimage"},"thumbnailUrl":"https:\/\/www.elpex.se\/wp-content\/uploads\/2024\/11\/Elpex_Skate-Race_3-1.jpg.webp","datePublished":"2024-11-05T14:38:04+00:00","dateModified":"2026-04-08T07:14:34+00:00","breadcrumb":{"@id":"https:\/\/www.elpex.se\/no\/produkt\/skoytelop\/#breadcrumb"},"inLanguage":"nb-NO","potentialAction":[{"@type":"ReadAction","target":["https:\/\/www.elpex.se\/no\/produkt\/skoytelop\/"]}]},{"@type":"ImageObject","inLanguage":"nb-NO","@id":"https:\/\/www.elpex.se\/no\/produkt\/skoytelop\/#primaryimage","url":"https:\/\/www.elpex.se\/wp-content\/uploads\/2024\/11\/Elpex_Skate-Race_3-1.jpg.webp","contentUrl":"https:\/\/www.elpex.se\/wp-content\/uploads\/2024\/11\/Elpex_Skate-Race_3-1.jpg.webp","width":1080,"height":1450},{"@type":"BreadcrumbList","@id":"https:\/\/www.elpex.se\/no\/produkt\/skoytelop\/#breadcrumb","itemListElement":[{"@type":"ListItem","position":1,"name":"Hem","item":"https:\/\/www.elpex.se\/no\/"},{"@type":"ListItem","position":2,"name":"Rulleski og tilbeh\u00f8r","item":"https:\/\/www.elpex.se\/no\/shop\/"},{"@type":"ListItem","position":3,"name":"Skate Race"}]},{"@type":"WebSite","@id":"https:\/\/www.elpex.se\/no\/#website","url":"https:\/\/www.elpex.se\/no\/","name":"Elpex","description":"","publisher":{"@id":"https:\/\/www.elpex.se\/no\/#organization"},"potentialAction":[{"@type":"SearchAction","target":{"@type":"EntryPoint","urlTemplate":"https:\/\/www.elpex.se\/no\/?s={search_term_string}"},"query-input":{"@type":"PropertyValueSpecification","valueRequired":true,"valueName":"search_term_string"}}],"inLanguage":"nb-NO"},{"@type":"Organization","@id":"https:\/\/www.elpex.se\/no\/#organization","name":"Elpex","url":"https:\/\/www.elpex.se\/no\/","logo":{"@type":"ImageObject","inLanguage":"nb-NO","@id":"https:\/\/www.elpex.se\/no\/#\/schema\/logo\/image\/","url":"https:\/\/www.elpex.se\/wp-content\/uploads\/2024\/11\/Elpex-logo_svart.svg","contentUrl":"https:\/\/www.elpex.se\/wp-content\/uploads\/2024\/11\/Elpex-logo_svart.svg","caption":"Elpex"},"image":{"@id":"https:\/\/www.elpex.se\/no\/#\/schema\/logo\/image\/"},"sameAs":["https:\/\/www.facebook.com\/www.elpex.se\/?locale=sv_SE","https:\/\/www.instagram.com\/elpexrollerskis\/"]}]}},"_links":{"self":[{"href":"https:\/\/www.elpex.se\/no\/wp-json\/wp\/v2\/product\/6978","targetHints":{"allow":["GET"]}}],"collection":[{"href":"https:\/\/www.elpex.se\/no\/wp-json\/wp\/v2\/product"}],"about":[{"href":"https:\/\/www.elpex.se\/no\/wp-json\/wp\/v2\/types\/product"}],"wp:featuredmedia":[{"embeddable":true,"href":"https:\/\/www.elpex.se\/no\/wp-json\/wp\/v2\/media\/8035"}],"wp:attachment":[{"href":"https:\/\/www.elpex.se\/no\/wp-json\/wp\/v2\/media?parent=6978"}],"wp:term":[{"taxonomy":"product_brand","embeddable":true,"href":"https:\/\/www.elpex.se\/no\/wp-json\/wp\/v2\/product_brand?post=6978"},{"taxonomy":"product_cat","embeddable":true,"href":"https:\/\/www.elpex.se\/no\/wp-json\/wp\/v2\/product_cat?post=6978"},{"taxonomy":"product_tag","embeddable":true,"href":"https:\/\/www.elpex.se\/no\/wp-json\/wp\/v2\/product_tag?post=6978"}],"curies":[{"name":"wp","href":"https:\/\/api.w.org\/{rel}","templated":true}]}}