{"id":6959,"date":"2024-11-05T14:36:03","date_gmt":"2024-11-05T14:36:03","guid":{"rendered":"https:\/\/www.elpex.se\/produkt\/klassisk-lag\/"},"modified":"2026-02-24T15:20:19","modified_gmt":"2026-02-24T15:20:19","slug":"klassisk-lag","status":"publish","type":"product","link":"https:\/\/www.elpex.se\/no\/produkt\/klassisk-lag\/","title":{"rendered":"Classic Team"},"content":{"rendered":"<p data-start=\"0\" data-end=\"183\">Elpex\u2019 mest konkurranseorienterte rulleski og elitens valg! Smalere hjul gir lavere vekt og smidigere h\u00e5ndtering, noe som passer perfekt p\u00e5 for eksempel rulleskibaner og fartsfylte intervall\u00f8kter. Samme fleksible stamme som p\u00e5 Classic Wasa.  <\/p>\n<p data-start=\"185\" data-end=\"254\"><strong data-start=\"185\" data-end=\"202\">Type l\u00f8per:<\/strong> Eldre juniorer, elitel\u00f8pere og ambisi\u00f8se mosjonister.<\/p>\n<p data-start=\"256\" data-end=\"275\"><strong data-start=\"256\" data-end=\"273\">Nyheter for 2026:<\/strong><\/p>\n<ul>\n<li data-start=\"278\" data-end=\"328\">M\u00f8rk sink-nikkelbelegg p\u00e5 skruer og bolter<\/li>\n<li data-start=\"331\" data-end=\"357\">Forbedret slitestyrke i stammens silketrykk<\/li>\n<\/ul>\n","protected":false},"excerpt":{"rendered":"<p data-pm-slice=\"1 1 []\">V\u00e5r mest racinginspirerte rulleski. Smalere hjul for lavere vekt og jevnere kj\u00f8reegenskaper. Samme sammenleggbare ramme som p\u00e5 Classic Wasa.  <\/p>\n","protected":false},"featured_media":14362,"template":"","meta":[],"product_brand":[],"product_cat":[207,234,206],"product_tag":[],"class_list":{"0":"post-6959","1":"product","2":"type-product","3":"status-publish","4":"has-post-thumbnail","6":"product_cat-klassisk","7":"product_cat-populaere-produkter","8":"product_cat-rulleski","10":"first","11":"instock","12":"taxable","13":"shipping-taxable","14":"purchasable","15":"product-type-variable"},"composite_virtual":false,"composite_layout":"","composite_add_to_cart_form_location":"","composite_editable_in_cart":false,"composite_sold_individually_context":"","composite_shop_price_calc":"","composite_components":[],"composite_scenarios":[],"yoast_head":"<!-- This site is optimized with the Yoast SEO plugin v27.4 - https:\/\/yoast.com\/product\/yoast-seo-wordpress\/ -->\n<title>Classic Team - Elpex<\/title>\n<meta name=\"robots\" content=\"index, follow, max-snippet:-1, max-image-preview:large, max-video-preview:-1\" \/>\n<link rel=\"canonical\" href=\"https:\/\/www.elpex.se\/no\/produkt\/klassisk-lag\/\" \/>\n<meta property=\"og:locale\" content=\"nb_NO\" \/>\n<meta property=\"og:type\" content=\"article\" \/>\n<meta property=\"og:title\" content=\"Classic Team - Elpex\" \/>\n<meta property=\"og:description\" content=\"V\u00e5r mest racinginspirerte rulleski. Smalere hjul for lavere vekt og jevnere kj\u00f8reegenskaper. Samme sammenleggbare ramme som p\u00e5 Classic Wasa.\" \/>\n<meta property=\"og:url\" content=\"https:\/\/www.elpex.se\/no\/produkt\/klassisk-lag\/\" \/>\n<meta property=\"og:site_name\" content=\"Elpex\" \/>\n<meta property=\"article:publisher\" content=\"https:\/\/www.facebook.com\/www.elpex.se\/?locale=sv_SE\" \/>\n<meta property=\"article:modified_time\" content=\"2026-02-24T15:20:19+00:00\" \/>\n<meta property=\"og:image\" content=\"https:\/\/www.elpex.se\/wp-content\/uploads\/2024\/11\/Classic-Team_standing.png\" \/>\n\t<meta property=\"og:image:width\" content=\"1080\" \/>\n\t<meta property=\"og:image:height\" content=\"1350\" \/>\n\t<meta property=\"og:image:type\" content=\"image\/png\" \/>\n<meta name=\"twitter:card\" content=\"summary_large_image\" \/>\n<script type=\"application\/ld+json\" class=\"yoast-schema-graph\">{\"@context\":\"https:\\\/\\\/schema.org\",\"@graph\":[{\"@type\":\"WebPage\",\"@id\":\"https:\\\/\\\/www.elpex.se\\\/no\\\/produkt\\\/klassisk-lag\\\/\",\"url\":\"https:\\\/\\\/www.elpex.se\\\/no\\\/produkt\\\/klassisk-lag\\\/\",\"name\":\"Classic Team - Elpex\",\"isPartOf\":{\"@id\":\"https:\\\/\\\/www.elpex.se\\\/no\\\/#website\"},\"primaryImageOfPage\":{\"@id\":\"https:\\\/\\\/www.elpex.se\\\/no\\\/produkt\\\/klassisk-lag\\\/#primaryimage\"},\"image\":{\"@id\":\"https:\\\/\\\/www.elpex.se\\\/no\\\/produkt\\\/klassisk-lag\\\/#primaryimage\"},\"thumbnailUrl\":\"https:\\\/\\\/www.elpex.se\\\/wp-content\\\/uploads\\\/2024\\\/11\\\/Classic-Team_standing.png\",\"datePublished\":\"2024-11-05T14:36:03+00:00\",\"dateModified\":\"2026-02-24T15:20:19+00:00\",\"breadcrumb\":{\"@id\":\"https:\\\/\\\/www.elpex.se\\\/no\\\/produkt\\\/klassisk-lag\\\/#breadcrumb\"},\"inLanguage\":\"nb-NO\",\"potentialAction\":[{\"@type\":\"ReadAction\",\"target\":[\"https:\\\/\\\/www.elpex.se\\\/no\\\/produkt\\\/klassisk-lag\\\/\"]}]},{\"@type\":\"ImageObject\",\"inLanguage\":\"nb-NO\",\"@id\":\"https:\\\/\\\/www.elpex.se\\\/no\\\/produkt\\\/klassisk-lag\\\/#primaryimage\",\"url\":\"https:\\\/\\\/www.elpex.se\\\/wp-content\\\/uploads\\\/2024\\\/11\\\/Classic-Team_standing.png\",\"contentUrl\":\"https:\\\/\\\/www.elpex.se\\\/wp-content\\\/uploads\\\/2024\\\/11\\\/Classic-Team_standing.png\",\"width\":1080,\"height\":1350},{\"@type\":\"BreadcrumbList\",\"@id\":\"https:\\\/\\\/www.elpex.se\\\/no\\\/produkt\\\/klassisk-lag\\\/#breadcrumb\",\"itemListElement\":[{\"@type\":\"ListItem\",\"position\":1,\"name\":\"Hem\",\"item\":\"https:\\\/\\\/www.elpex.se\\\/no\\\/\"},{\"@type\":\"ListItem\",\"position\":2,\"name\":\"Rulleski og tilbeh\u00f8r\",\"item\":\"https:\\\/\\\/www.elpex.se\\\/no\\\/shop\\\/\"},{\"@type\":\"ListItem\",\"position\":3,\"name\":\"Classic Team\"}]},{\"@type\":\"WebSite\",\"@id\":\"https:\\\/\\\/www.elpex.se\\\/no\\\/#website\",\"url\":\"https:\\\/\\\/www.elpex.se\\\/no\\\/\",\"name\":\"Elpex\",\"description\":\"\",\"publisher\":{\"@id\":\"https:\\\/\\\/www.elpex.se\\\/no\\\/#organization\"},\"potentialAction\":[{\"@type\":\"SearchAction\",\"target\":{\"@type\":\"EntryPoint\",\"urlTemplate\":\"https:\\\/\\\/www.elpex.se\\\/no\\\/?s={search_term_string}\"},\"query-input\":{\"@type\":\"PropertyValueSpecification\",\"valueRequired\":true,\"valueName\":\"search_term_string\"}}],\"inLanguage\":\"nb-NO\"},{\"@type\":\"Organization\",\"@id\":\"https:\\\/\\\/www.elpex.se\\\/no\\\/#organization\",\"name\":\"Elpex\",\"url\":\"https:\\\/\\\/www.elpex.se\\\/no\\\/\",\"logo\":{\"@type\":\"ImageObject\",\"inLanguage\":\"nb-NO\",\"@id\":\"https:\\\/\\\/www.elpex.se\\\/no\\\/#\\\/schema\\\/logo\\\/image\\\/\",\"url\":\"https:\\\/\\\/www.elpex.se\\\/wp-content\\\/uploads\\\/2024\\\/11\\\/Elpex-logo_svart.svg\",\"contentUrl\":\"https:\\\/\\\/www.elpex.se\\\/wp-content\\\/uploads\\\/2024\\\/11\\\/Elpex-logo_svart.svg\",\"caption\":\"Elpex\"},\"image\":{\"@id\":\"https:\\\/\\\/www.elpex.se\\\/no\\\/#\\\/schema\\\/logo\\\/image\\\/\"},\"sameAs\":[\"https:\\\/\\\/www.facebook.com\\\/www.elpex.se\\\/?locale=sv_SE\",\"https:\\\/\\\/www.instagram.com\\\/elpexrollerskis\\\/\"]}]}<\/script>\n<!-- \/ Yoast SEO plugin. -->","yoast_head_json":{"title":"Classic Team - Elpex","robots":{"index":"index","follow":"follow","max-snippet":"max-snippet:-1","max-image-preview":"max-image-preview:large","max-video-preview":"max-video-preview:-1"},"canonical":"https:\/\/www.elpex.se\/no\/produkt\/klassisk-lag\/","og_locale":"nb_NO","og_type":"article","og_title":"Classic Team - Elpex","og_description":"V\u00e5r mest racinginspirerte rulleski. Smalere hjul for lavere vekt og jevnere kj\u00f8reegenskaper. Samme sammenleggbare ramme som p\u00e5 Classic Wasa.","og_url":"https:\/\/www.elpex.se\/no\/produkt\/klassisk-lag\/","og_site_name":"Elpex","article_publisher":"https:\/\/www.facebook.com\/www.elpex.se\/?locale=sv_SE","article_modified_time":"2026-02-24T15:20:19+00:00","og_image":[{"width":1080,"height":1350,"url":"https:\/\/www.elpex.se\/wp-content\/uploads\/2024\/11\/Classic-Team_standing.png","type":"image\/png"}],"twitter_card":"summary_large_image","schema":{"@context":"https:\/\/schema.org","@graph":[{"@type":"WebPage","@id":"https:\/\/www.elpex.se\/no\/produkt\/klassisk-lag\/","url":"https:\/\/www.elpex.se\/no\/produkt\/klassisk-lag\/","name":"Classic Team - Elpex","isPartOf":{"@id":"https:\/\/www.elpex.se\/no\/#website"},"primaryImageOfPage":{"@id":"https:\/\/www.elpex.se\/no\/produkt\/klassisk-lag\/#primaryimage"},"image":{"@id":"https:\/\/www.elpex.se\/no\/produkt\/klassisk-lag\/#primaryimage"},"thumbnailUrl":"https:\/\/www.elpex.se\/wp-content\/uploads\/2024\/11\/Classic-Team_standing.png","datePublished":"2024-11-05T14:36:03+00:00","dateModified":"2026-02-24T15:20:19+00:00","breadcrumb":{"@id":"https:\/\/www.elpex.se\/no\/produkt\/klassisk-lag\/#breadcrumb"},"inLanguage":"nb-NO","potentialAction":[{"@type":"ReadAction","target":["https:\/\/www.elpex.se\/no\/produkt\/klassisk-lag\/"]}]},{"@type":"ImageObject","inLanguage":"nb-NO","@id":"https:\/\/www.elpex.se\/no\/produkt\/klassisk-lag\/#primaryimage","url":"https:\/\/www.elpex.se\/wp-content\/uploads\/2024\/11\/Classic-Team_standing.png","contentUrl":"https:\/\/www.elpex.se\/wp-content\/uploads\/2024\/11\/Classic-Team_standing.png","width":1080,"height":1350},{"@type":"BreadcrumbList","@id":"https:\/\/www.elpex.se\/no\/produkt\/klassisk-lag\/#breadcrumb","itemListElement":[{"@type":"ListItem","position":1,"name":"Hem","item":"https:\/\/www.elpex.se\/no\/"},{"@type":"ListItem","position":2,"name":"Rulleski og tilbeh\u00f8r","item":"https:\/\/www.elpex.se\/no\/shop\/"},{"@type":"ListItem","position":3,"name":"Classic Team"}]},{"@type":"WebSite","@id":"https:\/\/www.elpex.se\/no\/#website","url":"https:\/\/www.elpex.se\/no\/","name":"Elpex","description":"","publisher":{"@id":"https:\/\/www.elpex.se\/no\/#organization"},"potentialAction":[{"@type":"SearchAction","target":{"@type":"EntryPoint","urlTemplate":"https:\/\/www.elpex.se\/no\/?s={search_term_string}"},"query-input":{"@type":"PropertyValueSpecification","valueRequired":true,"valueName":"search_term_string"}}],"inLanguage":"nb-NO"},{"@type":"Organization","@id":"https:\/\/www.elpex.se\/no\/#organization","name":"Elpex","url":"https:\/\/www.elpex.se\/no\/","logo":{"@type":"ImageObject","inLanguage":"nb-NO","@id":"https:\/\/www.elpex.se\/no\/#\/schema\/logo\/image\/","url":"https:\/\/www.elpex.se\/wp-content\/uploads\/2024\/11\/Elpex-logo_svart.svg","contentUrl":"https:\/\/www.elpex.se\/wp-content\/uploads\/2024\/11\/Elpex-logo_svart.svg","caption":"Elpex"},"image":{"@id":"https:\/\/www.elpex.se\/no\/#\/schema\/logo\/image\/"},"sameAs":["https:\/\/www.facebook.com\/www.elpex.se\/?locale=sv_SE","https:\/\/www.instagram.com\/elpexrollerskis\/"]}]}},"_links":{"self":[{"href":"https:\/\/www.elpex.se\/no\/wp-json\/wp\/v2\/product\/6959","targetHints":{"allow":["GET"]}}],"collection":[{"href":"https:\/\/www.elpex.se\/no\/wp-json\/wp\/v2\/product"}],"about":[{"href":"https:\/\/www.elpex.se\/no\/wp-json\/wp\/v2\/types\/product"}],"wp:featuredmedia":[{"embeddable":true,"href":"https:\/\/www.elpex.se\/no\/wp-json\/wp\/v2\/media\/14362"}],"wp:attachment":[{"href":"https:\/\/www.elpex.se\/no\/wp-json\/wp\/v2\/media?parent=6959"}],"wp:term":[{"taxonomy":"product_brand","embeddable":true,"href":"https:\/\/www.elpex.se\/no\/wp-json\/wp\/v2\/product_brand?post=6959"},{"taxonomy":"product_cat","embeddable":true,"href":"https:\/\/www.elpex.se\/no\/wp-json\/wp\/v2\/product_cat?post=6959"},{"taxonomy":"product_tag","embeddable":true,"href":"https:\/\/www.elpex.se\/no\/wp-json\/wp\/v2\/product_tag?post=6959"}],"curies":[{"name":"wp","href":"https:\/\/api.w.org\/{rel}","templated":true}]}}