{"id":6825,"date":"2024-10-24T14:09:57","date_gmt":"2024-10-24T14:09:57","guid":{"rendered":"https:\/\/www.elpex.se\/produkt\/klassisk-wasa\/"},"modified":"2026-02-24T15:23:14","modified_gmt":"2026-02-24T15:23:14","slug":"klassisk-wasa","status":"publish","type":"product","link":"https:\/\/www.elpex.se\/no\/produkt\/klassisk-wasa\/","title":{"rendered":"Classic Wasa"},"content":{"rendered":"<p data-start=\"0\" data-end=\"458\">Originalen med r\u00f8tter helt tilbake til 80-tallet! Verdens mest solgte rulleski? Dette er modellen som har v\u00e6rt lengst i sortimentet \u2013 og det av en grunn: den er veldig, veldig god. De brede hjulene gir stabilitet, og stammen gir akkurat passe svikt. Dette er den perfekte treningsrulleskien for alt fra nybegynnere til elitel\u00f8pere. Stabil f\u00f8lelse og en opplevelse som ligner p\u00e5 langrenn, gj\u00f8r Elpex Wasa til den perfekte partneren langs veiene.   <\/p>\n<p data-start=\"460\" data-end=\"506\"><strong data-start=\"460\" data-end=\"477\">Type l\u00f8per:<\/strong> Nybegynnere og erfarne l\u00f8pere.<\/p>\n<p data-start=\"508\" data-end=\"525\"><strong data-start=\"508\" data-end=\"525\">Nyheter for 2026:<\/strong><\/p>\n<ul>\n<li data-start=\"529\" data-end=\"576\">Bedre hjuljustering og passform i gaflene<\/li>\n<li data-start=\"579\" data-end=\"629\">M\u00f8rk sink-nikkelbelegg p\u00e5 skruer og bolter<\/li>\n<li data-start=\"632\" data-end=\"658\">Forbedret slitestyrke i stammens silketrykk<\/li>\n<\/ul>\n<p data-pm-slice=\"1 1 []\">\n","protected":false},"excerpt":{"rendered":"<p>Originalen med r\u00f8tter helt tilbake til 80-tallet! Verdens mest solgte rulleski? Dette er den modellen som har v\u00e6rt i sortimentet lengst, og det er en grunn til det: Den er veldig god. De brede hjulene gir stabilitet, og rammen har en fornuftig vekt. <\/p>\n","protected":false},"featured_media":14374,"template":"","meta":[],"product_brand":[],"product_cat":[207,234,206],"product_tag":[512],"class_list":{"0":"post-6825","1":"product","2":"type-product","3":"status-publish","4":"has-post-thumbnail","6":"product_cat-klassisk","7":"product_cat-populaere-produkter","8":"product_cat-rulleski","9":"product_tag-nybegynner","11":"first","12":"instock","13":"taxable","14":"shipping-taxable","15":"purchasable","16":"product-type-variable"},"composite_virtual":false,"composite_layout":"","composite_add_to_cart_form_location":"","composite_editable_in_cart":false,"composite_sold_individually_context":"","composite_shop_price_calc":"","composite_components":[],"composite_scenarios":[],"yoast_head":"<!-- This site is optimized with the Yoast SEO plugin v27.4 - https:\/\/yoast.com\/product\/yoast-seo-wordpress\/ -->\n<title>Classic Wasa - Elpex<\/title>\n<meta name=\"robots\" content=\"index, follow, max-snippet:-1, max-image-preview:large, max-video-preview:-1\" \/>\n<link rel=\"canonical\" href=\"https:\/\/www.elpex.se\/no\/produkt\/klassisk-wasa\/\" \/>\n<meta property=\"og:locale\" content=\"nb_NO\" \/>\n<meta property=\"og:type\" content=\"article\" \/>\n<meta property=\"og:title\" content=\"Classic Wasa - Elpex\" \/>\n<meta property=\"og:description\" content=\"Originalen med r\u00f8tter helt tilbake til 80-tallet! Verdens mest solgte rulleski? Dette er den modellen som har v\u00e6rt i sortimentet lengst, og det er en grunn til det: Den er veldig god. De brede hjulene gir stabilitet, og rammen har en fornuftig vekt.\" \/>\n<meta property=\"og:url\" content=\"https:\/\/www.elpex.se\/no\/produkt\/klassisk-wasa\/\" \/>\n<meta property=\"og:site_name\" content=\"Elpex\" \/>\n<meta property=\"article:publisher\" content=\"https:\/\/www.facebook.com\/www.elpex.se\/?locale=sv_SE\" \/>\n<meta property=\"article:modified_time\" content=\"2026-02-24T15:23:14+00:00\" \/>\n<meta property=\"og:image\" content=\"https:\/\/www.elpex.se\/wp-content\/uploads\/2024\/10\/Elpex_Classic-Wasa_2-scaled.jpg.webp\" \/>\n\t<meta property=\"og:image:width\" content=\"1907\" \/>\n\t<meta property=\"og:image:height\" content=\"2560\" \/>\n\t<meta property=\"og:image:type\" content=\"image\/jpeg\" \/>\n<meta name=\"twitter:card\" content=\"summary_large_image\" \/>\n<meta name=\"twitter:label1\" content=\"Ansl. lesetid\" \/>\n\t<meta name=\"twitter:data1\" content=\"1 minutt\" \/>\n<script type=\"application\/ld+json\" class=\"yoast-schema-graph\">{\"@context\":\"https:\\\/\\\/schema.org\",\"@graph\":[{\"@type\":\"WebPage\",\"@id\":\"https:\\\/\\\/www.elpex.se\\\/no\\\/produkt\\\/klassisk-wasa\\\/\",\"url\":\"https:\\\/\\\/www.elpex.se\\\/no\\\/produkt\\\/klassisk-wasa\\\/\",\"name\":\"Classic Wasa - Elpex\",\"isPartOf\":{\"@id\":\"https:\\\/\\\/www.elpex.se\\\/no\\\/#website\"},\"primaryImageOfPage\":{\"@id\":\"https:\\\/\\\/www.elpex.se\\\/no\\\/produkt\\\/klassisk-wasa\\\/#primaryimage\"},\"image\":{\"@id\":\"https:\\\/\\\/www.elpex.se\\\/no\\\/produkt\\\/klassisk-wasa\\\/#primaryimage\"},\"thumbnailUrl\":\"https:\\\/\\\/www.elpex.se\\\/wp-content\\\/uploads\\\/2024\\\/10\\\/Classic-Wasa-Camera-18.png\",\"datePublished\":\"2024-10-24T14:09:57+00:00\",\"dateModified\":\"2026-02-24T15:23:14+00:00\",\"breadcrumb\":{\"@id\":\"https:\\\/\\\/www.elpex.se\\\/no\\\/produkt\\\/klassisk-wasa\\\/#breadcrumb\"},\"inLanguage\":\"nb-NO\",\"potentialAction\":[{\"@type\":\"ReadAction\",\"target\":[\"https:\\\/\\\/www.elpex.se\\\/no\\\/produkt\\\/klassisk-wasa\\\/\"]}]},{\"@type\":\"ImageObject\",\"inLanguage\":\"nb-NO\",\"@id\":\"https:\\\/\\\/www.elpex.se\\\/no\\\/produkt\\\/klassisk-wasa\\\/#primaryimage\",\"url\":\"https:\\\/\\\/www.elpex.se\\\/wp-content\\\/uploads\\\/2024\\\/10\\\/Classic-Wasa-Camera-18.png\",\"contentUrl\":\"https:\\\/\\\/www.elpex.se\\\/wp-content\\\/uploads\\\/2024\\\/10\\\/Classic-Wasa-Camera-18.png\",\"width\":1080,\"height\":1350},{\"@type\":\"BreadcrumbList\",\"@id\":\"https:\\\/\\\/www.elpex.se\\\/no\\\/produkt\\\/klassisk-wasa\\\/#breadcrumb\",\"itemListElement\":[{\"@type\":\"ListItem\",\"position\":1,\"name\":\"Hem\",\"item\":\"https:\\\/\\\/www.elpex.se\\\/no\\\/\"},{\"@type\":\"ListItem\",\"position\":2,\"name\":\"Rulleski og tilbeh\u00f8r\",\"item\":\"https:\\\/\\\/www.elpex.se\\\/no\\\/shop\\\/\"},{\"@type\":\"ListItem\",\"position\":3,\"name\":\"Classic Wasa\"}]},{\"@type\":\"WebSite\",\"@id\":\"https:\\\/\\\/www.elpex.se\\\/no\\\/#website\",\"url\":\"https:\\\/\\\/www.elpex.se\\\/no\\\/\",\"name\":\"Elpex\",\"description\":\"\",\"publisher\":{\"@id\":\"https:\\\/\\\/www.elpex.se\\\/no\\\/#organization\"},\"potentialAction\":[{\"@type\":\"SearchAction\",\"target\":{\"@type\":\"EntryPoint\",\"urlTemplate\":\"https:\\\/\\\/www.elpex.se\\\/no\\\/?s={search_term_string}\"},\"query-input\":{\"@type\":\"PropertyValueSpecification\",\"valueRequired\":true,\"valueName\":\"search_term_string\"}}],\"inLanguage\":\"nb-NO\"},{\"@type\":\"Organization\",\"@id\":\"https:\\\/\\\/www.elpex.se\\\/no\\\/#organization\",\"name\":\"Elpex\",\"url\":\"https:\\\/\\\/www.elpex.se\\\/no\\\/\",\"logo\":{\"@type\":\"ImageObject\",\"inLanguage\":\"nb-NO\",\"@id\":\"https:\\\/\\\/www.elpex.se\\\/no\\\/#\\\/schema\\\/logo\\\/image\\\/\",\"url\":\"https:\\\/\\\/www.elpex.se\\\/wp-content\\\/uploads\\\/2024\\\/11\\\/Elpex-logo_svart.svg\",\"contentUrl\":\"https:\\\/\\\/www.elpex.se\\\/wp-content\\\/uploads\\\/2024\\\/11\\\/Elpex-logo_svart.svg\",\"caption\":\"Elpex\"},\"image\":{\"@id\":\"https:\\\/\\\/www.elpex.se\\\/no\\\/#\\\/schema\\\/logo\\\/image\\\/\"},\"sameAs\":[\"https:\\\/\\\/www.facebook.com\\\/www.elpex.se\\\/?locale=sv_SE\",\"https:\\\/\\\/www.instagram.com\\\/elpexrollerskis\\\/\"]}]}<\/script>\n<!-- \/ Yoast SEO plugin. -->","yoast_head_json":{"title":"Classic Wasa - Elpex","robots":{"index":"index","follow":"follow","max-snippet":"max-snippet:-1","max-image-preview":"max-image-preview:large","max-video-preview":"max-video-preview:-1"},"canonical":"https:\/\/www.elpex.se\/no\/produkt\/klassisk-wasa\/","og_locale":"nb_NO","og_type":"article","og_title":"Classic Wasa - Elpex","og_description":"Originalen med r\u00f8tter helt tilbake til 80-tallet! Verdens mest solgte rulleski? Dette er den modellen som har v\u00e6rt i sortimentet lengst, og det er en grunn til det: Den er veldig god. De brede hjulene gir stabilitet, og rammen har en fornuftig vekt.","og_url":"https:\/\/www.elpex.se\/no\/produkt\/klassisk-wasa\/","og_site_name":"Elpex","article_publisher":"https:\/\/www.facebook.com\/www.elpex.se\/?locale=sv_SE","article_modified_time":"2026-02-24T15:23:14+00:00","og_image":[{"width":1907,"height":2560,"url":"https:\/\/www.elpex.se\/wp-content\/uploads\/2024\/10\/Elpex_Classic-Wasa_2-scaled.jpg.webp","type":"image\/jpeg"}],"twitter_card":"summary_large_image","twitter_misc":{"Ansl. lesetid":"1 minutt"},"schema":{"@context":"https:\/\/schema.org","@graph":[{"@type":"WebPage","@id":"https:\/\/www.elpex.se\/no\/produkt\/klassisk-wasa\/","url":"https:\/\/www.elpex.se\/no\/produkt\/klassisk-wasa\/","name":"Classic Wasa - Elpex","isPartOf":{"@id":"https:\/\/www.elpex.se\/no\/#website"},"primaryImageOfPage":{"@id":"https:\/\/www.elpex.se\/no\/produkt\/klassisk-wasa\/#primaryimage"},"image":{"@id":"https:\/\/www.elpex.se\/no\/produkt\/klassisk-wasa\/#primaryimage"},"thumbnailUrl":"https:\/\/www.elpex.se\/wp-content\/uploads\/2024\/10\/Classic-Wasa-Camera-18.png","datePublished":"2024-10-24T14:09:57+00:00","dateModified":"2026-02-24T15:23:14+00:00","breadcrumb":{"@id":"https:\/\/www.elpex.se\/no\/produkt\/klassisk-wasa\/#breadcrumb"},"inLanguage":"nb-NO","potentialAction":[{"@type":"ReadAction","target":["https:\/\/www.elpex.se\/no\/produkt\/klassisk-wasa\/"]}]},{"@type":"ImageObject","inLanguage":"nb-NO","@id":"https:\/\/www.elpex.se\/no\/produkt\/klassisk-wasa\/#primaryimage","url":"https:\/\/www.elpex.se\/wp-content\/uploads\/2024\/10\/Classic-Wasa-Camera-18.png","contentUrl":"https:\/\/www.elpex.se\/wp-content\/uploads\/2024\/10\/Classic-Wasa-Camera-18.png","width":1080,"height":1350},{"@type":"BreadcrumbList","@id":"https:\/\/www.elpex.se\/no\/produkt\/klassisk-wasa\/#breadcrumb","itemListElement":[{"@type":"ListItem","position":1,"name":"Hem","item":"https:\/\/www.elpex.se\/no\/"},{"@type":"ListItem","position":2,"name":"Rulleski og tilbeh\u00f8r","item":"https:\/\/www.elpex.se\/no\/shop\/"},{"@type":"ListItem","position":3,"name":"Classic Wasa"}]},{"@type":"WebSite","@id":"https:\/\/www.elpex.se\/no\/#website","url":"https:\/\/www.elpex.se\/no\/","name":"Elpex","description":"","publisher":{"@id":"https:\/\/www.elpex.se\/no\/#organization"},"potentialAction":[{"@type":"SearchAction","target":{"@type":"EntryPoint","urlTemplate":"https:\/\/www.elpex.se\/no\/?s={search_term_string}"},"query-input":{"@type":"PropertyValueSpecification","valueRequired":true,"valueName":"search_term_string"}}],"inLanguage":"nb-NO"},{"@type":"Organization","@id":"https:\/\/www.elpex.se\/no\/#organization","name":"Elpex","url":"https:\/\/www.elpex.se\/no\/","logo":{"@type":"ImageObject","inLanguage":"nb-NO","@id":"https:\/\/www.elpex.se\/no\/#\/schema\/logo\/image\/","url":"https:\/\/www.elpex.se\/wp-content\/uploads\/2024\/11\/Elpex-logo_svart.svg","contentUrl":"https:\/\/www.elpex.se\/wp-content\/uploads\/2024\/11\/Elpex-logo_svart.svg","caption":"Elpex"},"image":{"@id":"https:\/\/www.elpex.se\/no\/#\/schema\/logo\/image\/"},"sameAs":["https:\/\/www.facebook.com\/www.elpex.se\/?locale=sv_SE","https:\/\/www.instagram.com\/elpexrollerskis\/"]}]}},"_links":{"self":[{"href":"https:\/\/www.elpex.se\/no\/wp-json\/wp\/v2\/product\/6825","targetHints":{"allow":["GET"]}}],"collection":[{"href":"https:\/\/www.elpex.se\/no\/wp-json\/wp\/v2\/product"}],"about":[{"href":"https:\/\/www.elpex.se\/no\/wp-json\/wp\/v2\/types\/product"}],"wp:featuredmedia":[{"embeddable":true,"href":"https:\/\/www.elpex.se\/no\/wp-json\/wp\/v2\/media\/14374"}],"wp:attachment":[{"href":"https:\/\/www.elpex.se\/no\/wp-json\/wp\/v2\/media?parent=6825"}],"wp:term":[{"taxonomy":"product_brand","embeddable":true,"href":"https:\/\/www.elpex.se\/no\/wp-json\/wp\/v2\/product_brand?post=6825"},{"taxonomy":"product_cat","embeddable":true,"href":"https:\/\/www.elpex.se\/no\/wp-json\/wp\/v2\/product_cat?post=6825"},{"taxonomy":"product_tag","embeddable":true,"href":"https:\/\/www.elpex.se\/no\/wp-json\/wp\/v2\/product_tag?post=6825"}],"curies":[{"name":"wp","href":"https:\/\/api.w.org\/{rel}","templated":true}]}}