{"id":6730,"date":"2025-01-29T11:49:45","date_gmt":"2025-01-29T11:49:45","guid":{"rendered":"https:\/\/www.elpex.se\/produkt\/klassisk-dp\/"},"modified":"2026-02-24T12:22:11","modified_gmt":"2026-02-24T12:22:11","slug":"klassisk-dp","status":"publish","type":"product","link":"https:\/\/www.elpex.se\/no\/produkt\/klassisk-dp\/","title":{"rendered":"Classic DP"},"content":{"rendered":"<p data-start=\"0\" data-end=\"260\">For deg som vil stake deg fram langs veiene! En noe lengre hjulavstand gir bedre skif\u00f8lelse og retningsstabilitet. Bredere bakhjul og smalere forhjul gj\u00f8r modellen lettman\u00f8vrert tross den ekstra lengden. Modellen kan leveres b\u00e5de med og uten sperrelager.   <\/p>\n<p data-start=\"262\" data-end=\"306\">Velg med eller uten sperrelager p\u00e5 bakhjulene!<\/p>\n<p data-start=\"308\" data-end=\"412\"><strong data-start=\"308\" data-end=\"325\">Type l\u00f8per:<\/strong> Langl\u00f8psentusiaster og de som vil utvikle stakingen sin \u2013 fra nybegynner til elite.<\/p>\n<p data-start=\"414\" data-end=\"433\"><strong data-start=\"414\" data-end=\"431\">Nyheter for 2026:<\/strong><\/p>\n<ul>\n<li data-start=\"436\" data-end=\"486\">M\u00f8rk sink-nikkelbelegg p\u00e5 skruer og bolter<\/li>\n<li data-start=\"489\" data-end=\"515\">Forbedret silketrykk p\u00e5 rammer<\/li>\n<\/ul>\n","protected":false},"excerpt":{"rendered":"<p data-pm-slice=\"1 1 []\">For den som vil stake seg fram langs veiene! En noe lengre hjulavstand bidrar til bedre skif\u00f8lelse og retningsstabilitet. <\/p>\n","protected":false},"featured_media":14350,"template":"","meta":[],"product_brand":[],"product_cat":[207,234,206],"product_tag":[263],"class_list":{"0":"post-6730","1":"product","2":"type-product","3":"status-publish","4":"has-post-thumbnail","6":"product_cat-klassisk","7":"product_cat-populaere-produkter","8":"product_cat-rulleski","9":"product_tag-nybegynnere","11":"first","12":"instock","13":"taxable","14":"shipping-taxable","15":"purchasable","16":"product-type-variable"},"composite_virtual":false,"composite_layout":"","composite_add_to_cart_form_location":"","composite_editable_in_cart":false,"composite_sold_individually_context":"","composite_shop_price_calc":"","composite_components":[],"composite_scenarios":[],"yoast_head":"<!-- This site is optimized with the Yoast SEO plugin v27.4 - https:\/\/yoast.com\/product\/yoast-seo-wordpress\/ -->\n<title>Classic DP - Elpex<\/title>\n<meta name=\"robots\" content=\"index, follow, max-snippet:-1, max-image-preview:large, max-video-preview:-1\" \/>\n<link rel=\"canonical\" href=\"https:\/\/www.elpex.se\/no\/produkt\/klassisk-dp\/\" \/>\n<meta property=\"og:locale\" content=\"nb_NO\" \/>\n<meta property=\"og:type\" content=\"article\" \/>\n<meta property=\"og:title\" content=\"Classic DP - Elpex\" \/>\n<meta property=\"og:description\" content=\"For den som vil stake seg fram langs veiene! En noe lengre hjulavstand bidrar til bedre skif\u00f8lelse og retningsstabilitet.\" \/>\n<meta property=\"og:url\" content=\"https:\/\/www.elpex.se\/no\/produkt\/klassisk-dp\/\" \/>\n<meta property=\"og:site_name\" content=\"Elpex\" \/>\n<meta property=\"article:publisher\" content=\"https:\/\/www.facebook.com\/www.elpex.se\/?locale=sv_SE\" \/>\n<meta property=\"article:modified_time\" content=\"2026-02-24T12:22:11+00:00\" \/>\n<meta property=\"og:image\" content=\"https:\/\/www.elpex.se\/wp-content\/uploads\/2025\/01\/Elpex_Classic_DP_1-scaled.jpg.webp\" \/>\n\t<meta property=\"og:image:width\" content=\"1907\" \/>\n\t<meta property=\"og:image:height\" content=\"2560\" \/>\n\t<meta property=\"og:image:type\" content=\"image\/jpeg\" \/>\n<meta name=\"twitter:card\" content=\"summary_large_image\" \/>\n<script type=\"application\/ld+json\" class=\"yoast-schema-graph\">{\"@context\":\"https:\\\/\\\/schema.org\",\"@graph\":[{\"@type\":\"WebPage\",\"@id\":\"https:\\\/\\\/www.elpex.se\\\/no\\\/produkt\\\/klassisk-dp\\\/\",\"url\":\"https:\\\/\\\/www.elpex.se\\\/no\\\/produkt\\\/klassisk-dp\\\/\",\"name\":\"Classic DP - Elpex\",\"isPartOf\":{\"@id\":\"https:\\\/\\\/www.elpex.se\\\/no\\\/#website\"},\"primaryImageOfPage\":{\"@id\":\"https:\\\/\\\/www.elpex.se\\\/no\\\/produkt\\\/klassisk-dp\\\/#primaryimage\"},\"image\":{\"@id\":\"https:\\\/\\\/www.elpex.se\\\/no\\\/produkt\\\/klassisk-dp\\\/#primaryimage\"},\"thumbnailUrl\":\"https:\\\/\\\/www.elpex.se\\\/wp-content\\\/uploads\\\/2025\\\/01\\\/Classic-DP_standing.png\",\"datePublished\":\"2025-01-29T11:49:45+00:00\",\"dateModified\":\"2026-02-24T12:22:11+00:00\",\"breadcrumb\":{\"@id\":\"https:\\\/\\\/www.elpex.se\\\/no\\\/produkt\\\/klassisk-dp\\\/#breadcrumb\"},\"inLanguage\":\"nb-NO\",\"potentialAction\":[{\"@type\":\"ReadAction\",\"target\":[\"https:\\\/\\\/www.elpex.se\\\/no\\\/produkt\\\/klassisk-dp\\\/\"]}]},{\"@type\":\"ImageObject\",\"inLanguage\":\"nb-NO\",\"@id\":\"https:\\\/\\\/www.elpex.se\\\/no\\\/produkt\\\/klassisk-dp\\\/#primaryimage\",\"url\":\"https:\\\/\\\/www.elpex.se\\\/wp-content\\\/uploads\\\/2025\\\/01\\\/Classic-DP_standing.png\",\"contentUrl\":\"https:\\\/\\\/www.elpex.se\\\/wp-content\\\/uploads\\\/2025\\\/01\\\/Classic-DP_standing.png\",\"width\":1080,\"height\":1350},{\"@type\":\"BreadcrumbList\",\"@id\":\"https:\\\/\\\/www.elpex.se\\\/no\\\/produkt\\\/klassisk-dp\\\/#breadcrumb\",\"itemListElement\":[{\"@type\":\"ListItem\",\"position\":1,\"name\":\"Hem\",\"item\":\"https:\\\/\\\/www.elpex.se\\\/no\\\/\"},{\"@type\":\"ListItem\",\"position\":2,\"name\":\"Rulleski og tilbeh\u00f8r\",\"item\":\"https:\\\/\\\/www.elpex.se\\\/no\\\/shop\\\/\"},{\"@type\":\"ListItem\",\"position\":3,\"name\":\"Classic DP\"}]},{\"@type\":\"WebSite\",\"@id\":\"https:\\\/\\\/www.elpex.se\\\/no\\\/#website\",\"url\":\"https:\\\/\\\/www.elpex.se\\\/no\\\/\",\"name\":\"Elpex\",\"description\":\"\",\"publisher\":{\"@id\":\"https:\\\/\\\/www.elpex.se\\\/no\\\/#organization\"},\"potentialAction\":[{\"@type\":\"SearchAction\",\"target\":{\"@type\":\"EntryPoint\",\"urlTemplate\":\"https:\\\/\\\/www.elpex.se\\\/no\\\/?s={search_term_string}\"},\"query-input\":{\"@type\":\"PropertyValueSpecification\",\"valueRequired\":true,\"valueName\":\"search_term_string\"}}],\"inLanguage\":\"nb-NO\"},{\"@type\":\"Organization\",\"@id\":\"https:\\\/\\\/www.elpex.se\\\/no\\\/#organization\",\"name\":\"Elpex\",\"url\":\"https:\\\/\\\/www.elpex.se\\\/no\\\/\",\"logo\":{\"@type\":\"ImageObject\",\"inLanguage\":\"nb-NO\",\"@id\":\"https:\\\/\\\/www.elpex.se\\\/no\\\/#\\\/schema\\\/logo\\\/image\\\/\",\"url\":\"https:\\\/\\\/www.elpex.se\\\/wp-content\\\/uploads\\\/2024\\\/11\\\/Elpex-logo_svart.svg\",\"contentUrl\":\"https:\\\/\\\/www.elpex.se\\\/wp-content\\\/uploads\\\/2024\\\/11\\\/Elpex-logo_svart.svg\",\"caption\":\"Elpex\"},\"image\":{\"@id\":\"https:\\\/\\\/www.elpex.se\\\/no\\\/#\\\/schema\\\/logo\\\/image\\\/\"},\"sameAs\":[\"https:\\\/\\\/www.facebook.com\\\/www.elpex.se\\\/?locale=sv_SE\",\"https:\\\/\\\/www.instagram.com\\\/elpexrollerskis\\\/\"]}]}<\/script>\n<!-- \/ Yoast SEO plugin. -->","yoast_head_json":{"title":"Classic DP - Elpex","robots":{"index":"index","follow":"follow","max-snippet":"max-snippet:-1","max-image-preview":"max-image-preview:large","max-video-preview":"max-video-preview:-1"},"canonical":"https:\/\/www.elpex.se\/no\/produkt\/klassisk-dp\/","og_locale":"nb_NO","og_type":"article","og_title":"Classic DP - Elpex","og_description":"For den som vil stake seg fram langs veiene! En noe lengre hjulavstand bidrar til bedre skif\u00f8lelse og retningsstabilitet.","og_url":"https:\/\/www.elpex.se\/no\/produkt\/klassisk-dp\/","og_site_name":"Elpex","article_publisher":"https:\/\/www.facebook.com\/www.elpex.se\/?locale=sv_SE","article_modified_time":"2026-02-24T12:22:11+00:00","og_image":[{"width":1907,"height":2560,"url":"https:\/\/www.elpex.se\/wp-content\/uploads\/2025\/01\/Elpex_Classic_DP_1-scaled.jpg.webp","type":"image\/jpeg"}],"twitter_card":"summary_large_image","schema":{"@context":"https:\/\/schema.org","@graph":[{"@type":"WebPage","@id":"https:\/\/www.elpex.se\/no\/produkt\/klassisk-dp\/","url":"https:\/\/www.elpex.se\/no\/produkt\/klassisk-dp\/","name":"Classic DP - Elpex","isPartOf":{"@id":"https:\/\/www.elpex.se\/no\/#website"},"primaryImageOfPage":{"@id":"https:\/\/www.elpex.se\/no\/produkt\/klassisk-dp\/#primaryimage"},"image":{"@id":"https:\/\/www.elpex.se\/no\/produkt\/klassisk-dp\/#primaryimage"},"thumbnailUrl":"https:\/\/www.elpex.se\/wp-content\/uploads\/2025\/01\/Classic-DP_standing.png","datePublished":"2025-01-29T11:49:45+00:00","dateModified":"2026-02-24T12:22:11+00:00","breadcrumb":{"@id":"https:\/\/www.elpex.se\/no\/produkt\/klassisk-dp\/#breadcrumb"},"inLanguage":"nb-NO","potentialAction":[{"@type":"ReadAction","target":["https:\/\/www.elpex.se\/no\/produkt\/klassisk-dp\/"]}]},{"@type":"ImageObject","inLanguage":"nb-NO","@id":"https:\/\/www.elpex.se\/no\/produkt\/klassisk-dp\/#primaryimage","url":"https:\/\/www.elpex.se\/wp-content\/uploads\/2025\/01\/Classic-DP_standing.png","contentUrl":"https:\/\/www.elpex.se\/wp-content\/uploads\/2025\/01\/Classic-DP_standing.png","width":1080,"height":1350},{"@type":"BreadcrumbList","@id":"https:\/\/www.elpex.se\/no\/produkt\/klassisk-dp\/#breadcrumb","itemListElement":[{"@type":"ListItem","position":1,"name":"Hem","item":"https:\/\/www.elpex.se\/no\/"},{"@type":"ListItem","position":2,"name":"Rulleski og tilbeh\u00f8r","item":"https:\/\/www.elpex.se\/no\/shop\/"},{"@type":"ListItem","position":3,"name":"Classic DP"}]},{"@type":"WebSite","@id":"https:\/\/www.elpex.se\/no\/#website","url":"https:\/\/www.elpex.se\/no\/","name":"Elpex","description":"","publisher":{"@id":"https:\/\/www.elpex.se\/no\/#organization"},"potentialAction":[{"@type":"SearchAction","target":{"@type":"EntryPoint","urlTemplate":"https:\/\/www.elpex.se\/no\/?s={search_term_string}"},"query-input":{"@type":"PropertyValueSpecification","valueRequired":true,"valueName":"search_term_string"}}],"inLanguage":"nb-NO"},{"@type":"Organization","@id":"https:\/\/www.elpex.se\/no\/#organization","name":"Elpex","url":"https:\/\/www.elpex.se\/no\/","logo":{"@type":"ImageObject","inLanguage":"nb-NO","@id":"https:\/\/www.elpex.se\/no\/#\/schema\/logo\/image\/","url":"https:\/\/www.elpex.se\/wp-content\/uploads\/2024\/11\/Elpex-logo_svart.svg","contentUrl":"https:\/\/www.elpex.se\/wp-content\/uploads\/2024\/11\/Elpex-logo_svart.svg","caption":"Elpex"},"image":{"@id":"https:\/\/www.elpex.se\/no\/#\/schema\/logo\/image\/"},"sameAs":["https:\/\/www.facebook.com\/www.elpex.se\/?locale=sv_SE","https:\/\/www.instagram.com\/elpexrollerskis\/"]}]}},"_links":{"self":[{"href":"https:\/\/www.elpex.se\/no\/wp-json\/wp\/v2\/product\/6730","targetHints":{"allow":["GET"]}}],"collection":[{"href":"https:\/\/www.elpex.se\/no\/wp-json\/wp\/v2\/product"}],"about":[{"href":"https:\/\/www.elpex.se\/no\/wp-json\/wp\/v2\/types\/product"}],"wp:featuredmedia":[{"embeddable":true,"href":"https:\/\/www.elpex.se\/no\/wp-json\/wp\/v2\/media\/14350"}],"wp:attachment":[{"href":"https:\/\/www.elpex.se\/no\/wp-json\/wp\/v2\/media?parent=6730"}],"wp:term":[{"taxonomy":"product_brand","embeddable":true,"href":"https:\/\/www.elpex.se\/no\/wp-json\/wp\/v2\/product_brand?post=6730"},{"taxonomy":"product_cat","embeddable":true,"href":"https:\/\/www.elpex.se\/no\/wp-json\/wp\/v2\/product_cat?post=6730"},{"taxonomy":"product_tag","embeddable":true,"href":"https:\/\/www.elpex.se\/no\/wp-json\/wp\/v2\/product_tag?post=6730"}],"curies":[{"name":"wp","href":"https:\/\/api.w.org\/{rel}","templated":true}]}}