{"id":3130,"date":"2024-12-12T15:13:12","date_gmt":"2024-12-12T15:13:12","guid":{"rendered":"https:\/\/www.elpex.se\/produkt\/salomon-prolink-race-classic\/"},"modified":"2026-01-14T13:39:11","modified_gmt":"2026-01-14T13:39:11","slug":"salomon-prolink-race-classic","status":"publish","type":"product","link":"https:\/\/www.elpex.se\/no\/produkt\/salomon-prolink-race-classic\/","title":{"rendered":"Salomon Prolink Race Classic"},"content":{"rendered":"<p>Prolink Race Skate-bindingen monteres p\u00e5 optimalt sted for \u00e5 f\u00e5 mest mulig ut av rulleskiene. Det lave grensesnittet mellom ski og binding plasserer kraften direkte mot rulleskiene, for maksimal kraftoverf\u00f8ring og f\u00f8lelse. Kompatibel med Prolink\u00ae-, NNN\u00ae- og Turnamic\u00ae-sko.  <\/p>\n<p><strong>Vekt:<\/strong> 230 gram\/par<\/p>\n<p>&nbsp;<\/p>\n","protected":false},"excerpt":{"rendered":"<p>Prolink Race Skate-bindingen monteres p\u00e5 optimalt sted for \u00e5 f\u00e5 mest mulig ut av rulleskiene. Det lave grensesnittet mellom ski og binding plasserer kraften direkte mot rulleskiene, for maksimal kraftoverf\u00f8ring og f\u00f8lelse. Kompatibel med Prolink\u00ae-, NNN\u00ae- og Turnamic\u00ae-sko. Vekt: 230 gram\/par &nbsp;<\/p>\n","protected":false},"featured_media":3132,"template":"","meta":[],"product_brand":[],"product_cat":[185,184],"product_tag":[],"class_list":{"0":"post-3130","1":"product","2":"type-product","3":"status-publish","4":"has-post-thumbnail","6":"product_cat-obligasjoner","7":"product_cat-tilbehor","9":"first","10":"instock","11":"taxable","12":"shipping-taxable","13":"purchasable","14":"product-type-simple"},"composite_virtual":false,"composite_layout":"","composite_add_to_cart_form_location":"","composite_editable_in_cart":false,"composite_sold_individually_context":"","composite_shop_price_calc":"","composite_components":[],"composite_scenarios":[],"yoast_head":"<!-- This site is optimized with the Yoast SEO plugin v27.4 - https:\/\/yoast.com\/product\/yoast-seo-wordpress\/ -->\n<title>Salomon Prolink Race Classic - Elpex<\/title>\n<meta name=\"robots\" content=\"index, follow, max-snippet:-1, max-image-preview:large, max-video-preview:-1\" \/>\n<link rel=\"canonical\" href=\"https:\/\/www.elpex.se\/no\/produkt\/salomon-prolink-race-classic\/\" \/>\n<meta property=\"og:locale\" content=\"nb_NO\" \/>\n<meta property=\"og:type\" content=\"article\" \/>\n<meta property=\"og:title\" content=\"Salomon Prolink Race Classic - Elpex\" \/>\n<meta property=\"og:description\" content=\"Prolink Race Skate-bindingen monteres p\u00e5 optimalt sted for \u00e5 f\u00e5 mest mulig ut av rulleskiene. Det lave grensesnittet mellom ski og binding plasserer kraften direkte mot rulleskiene, for maksimal kraftoverf\u00f8ring og f\u00f8lelse. Kompatibel med Prolink\u00ae-, NNN\u00ae- og Turnamic\u00ae-sko. Vekt: 230 gram\/par &nbsp;\" \/>\n<meta property=\"og:url\" content=\"https:\/\/www.elpex.se\/no\/produkt\/salomon-prolink-race-classic\/\" \/>\n<meta property=\"og:site_name\" content=\"Elpex\" \/>\n<meta property=\"article:publisher\" content=\"https:\/\/www.facebook.com\/www.elpex.se\/?locale=sv_SE\" \/>\n<meta property=\"article:modified_time\" content=\"2026-01-14T13:39:11+00:00\" \/>\n<meta property=\"og:image\" content=\"https:\/\/www.elpex.se\/wp-content\/uploads\/2024\/12\/Salomon-Prolink-1.jpg.webp\" \/>\n\t<meta property=\"og:image:width\" content=\"800\" \/>\n\t<meta property=\"og:image:height\" content=\"800\" \/>\n\t<meta property=\"og:image:type\" content=\"image\/jpeg\" \/>\n<meta name=\"twitter:card\" content=\"summary_large_image\" \/>\n<script type=\"application\/ld+json\" class=\"yoast-schema-graph\">{\"@context\":\"https:\\\/\\\/schema.org\",\"@graph\":[{\"@type\":\"WebPage\",\"@id\":\"https:\\\/\\\/www.elpex.se\\\/no\\\/produkt\\\/salomon-prolink-race-classic\\\/\",\"url\":\"https:\\\/\\\/www.elpex.se\\\/no\\\/produkt\\\/salomon-prolink-race-classic\\\/\",\"name\":\"Salomon Prolink Race Classic - Elpex\",\"isPartOf\":{\"@id\":\"https:\\\/\\\/www.elpex.se\\\/no\\\/#website\"},\"primaryImageOfPage\":{\"@id\":\"https:\\\/\\\/www.elpex.se\\\/no\\\/produkt\\\/salomon-prolink-race-classic\\\/#primaryimage\"},\"image\":{\"@id\":\"https:\\\/\\\/www.elpex.se\\\/no\\\/produkt\\\/salomon-prolink-race-classic\\\/#primaryimage\"},\"thumbnailUrl\":\"https:\\\/\\\/www.elpex.se\\\/wp-content\\\/uploads\\\/2024\\\/12\\\/Salomon-Prolink-1.jpg.webp\",\"datePublished\":\"2024-12-12T15:13:12+00:00\",\"dateModified\":\"2026-01-14T13:39:11+00:00\",\"breadcrumb\":{\"@id\":\"https:\\\/\\\/www.elpex.se\\\/no\\\/produkt\\\/salomon-prolink-race-classic\\\/#breadcrumb\"},\"inLanguage\":\"nb-NO\",\"potentialAction\":[{\"@type\":\"ReadAction\",\"target\":[\"https:\\\/\\\/www.elpex.se\\\/no\\\/produkt\\\/salomon-prolink-race-classic\\\/\"]}]},{\"@type\":\"ImageObject\",\"inLanguage\":\"nb-NO\",\"@id\":\"https:\\\/\\\/www.elpex.se\\\/no\\\/produkt\\\/salomon-prolink-race-classic\\\/#primaryimage\",\"url\":\"https:\\\/\\\/www.elpex.se\\\/wp-content\\\/uploads\\\/2024\\\/12\\\/Salomon-Prolink-1.jpg.webp\",\"contentUrl\":\"https:\\\/\\\/www.elpex.se\\\/wp-content\\\/uploads\\\/2024\\\/12\\\/Salomon-Prolink-1.jpg.webp\",\"width\":800,\"height\":800},{\"@type\":\"BreadcrumbList\",\"@id\":\"https:\\\/\\\/www.elpex.se\\\/no\\\/produkt\\\/salomon-prolink-race-classic\\\/#breadcrumb\",\"itemListElement\":[{\"@type\":\"ListItem\",\"position\":1,\"name\":\"Hem\",\"item\":\"https:\\\/\\\/www.elpex.se\\\/no\\\/\"},{\"@type\":\"ListItem\",\"position\":2,\"name\":\"Rulleski og tilbeh\u00f8r\",\"item\":\"https:\\\/\\\/www.elpex.se\\\/no\\\/shop\\\/\"},{\"@type\":\"ListItem\",\"position\":3,\"name\":\"Salomon Prolink Race Classic\"}]},{\"@type\":\"WebSite\",\"@id\":\"https:\\\/\\\/www.elpex.se\\\/no\\\/#website\",\"url\":\"https:\\\/\\\/www.elpex.se\\\/no\\\/\",\"name\":\"Elpex\",\"description\":\"\",\"publisher\":{\"@id\":\"https:\\\/\\\/www.elpex.se\\\/no\\\/#organization\"},\"potentialAction\":[{\"@type\":\"SearchAction\",\"target\":{\"@type\":\"EntryPoint\",\"urlTemplate\":\"https:\\\/\\\/www.elpex.se\\\/no\\\/?s={search_term_string}\"},\"query-input\":{\"@type\":\"PropertyValueSpecification\",\"valueRequired\":true,\"valueName\":\"search_term_string\"}}],\"inLanguage\":\"nb-NO\"},{\"@type\":\"Organization\",\"@id\":\"https:\\\/\\\/www.elpex.se\\\/no\\\/#organization\",\"name\":\"Elpex\",\"url\":\"https:\\\/\\\/www.elpex.se\\\/no\\\/\",\"logo\":{\"@type\":\"ImageObject\",\"inLanguage\":\"nb-NO\",\"@id\":\"https:\\\/\\\/www.elpex.se\\\/no\\\/#\\\/schema\\\/logo\\\/image\\\/\",\"url\":\"https:\\\/\\\/www.elpex.se\\\/wp-content\\\/uploads\\\/2024\\\/11\\\/Elpex-logo_svart.svg\",\"contentUrl\":\"https:\\\/\\\/www.elpex.se\\\/wp-content\\\/uploads\\\/2024\\\/11\\\/Elpex-logo_svart.svg\",\"caption\":\"Elpex\"},\"image\":{\"@id\":\"https:\\\/\\\/www.elpex.se\\\/no\\\/#\\\/schema\\\/logo\\\/image\\\/\"},\"sameAs\":[\"https:\\\/\\\/www.facebook.com\\\/www.elpex.se\\\/?locale=sv_SE\",\"https:\\\/\\\/www.instagram.com\\\/elpexrollerskis\\\/\"]}]}<\/script>\n<!-- \/ Yoast SEO plugin. -->","yoast_head_json":{"title":"Salomon Prolink Race Classic - Elpex","robots":{"index":"index","follow":"follow","max-snippet":"max-snippet:-1","max-image-preview":"max-image-preview:large","max-video-preview":"max-video-preview:-1"},"canonical":"https:\/\/www.elpex.se\/no\/produkt\/salomon-prolink-race-classic\/","og_locale":"nb_NO","og_type":"article","og_title":"Salomon Prolink Race Classic - Elpex","og_description":"Prolink Race Skate-bindingen monteres p\u00e5 optimalt sted for \u00e5 f\u00e5 mest mulig ut av rulleskiene. Det lave grensesnittet mellom ski og binding plasserer kraften direkte mot rulleskiene, for maksimal kraftoverf\u00f8ring og f\u00f8lelse. Kompatibel med Prolink\u00ae-, NNN\u00ae- og Turnamic\u00ae-sko. Vekt: 230 gram\/par &nbsp;","og_url":"https:\/\/www.elpex.se\/no\/produkt\/salomon-prolink-race-classic\/","og_site_name":"Elpex","article_publisher":"https:\/\/www.facebook.com\/www.elpex.se\/?locale=sv_SE","article_modified_time":"2026-01-14T13:39:11+00:00","og_image":[{"width":800,"height":800,"url":"https:\/\/www.elpex.se\/wp-content\/uploads\/2024\/12\/Salomon-Prolink-1.jpg.webp","type":"image\/jpeg"}],"twitter_card":"summary_large_image","schema":{"@context":"https:\/\/schema.org","@graph":[{"@type":"WebPage","@id":"https:\/\/www.elpex.se\/no\/produkt\/salomon-prolink-race-classic\/","url":"https:\/\/www.elpex.se\/no\/produkt\/salomon-prolink-race-classic\/","name":"Salomon Prolink Race Classic - Elpex","isPartOf":{"@id":"https:\/\/www.elpex.se\/no\/#website"},"primaryImageOfPage":{"@id":"https:\/\/www.elpex.se\/no\/produkt\/salomon-prolink-race-classic\/#primaryimage"},"image":{"@id":"https:\/\/www.elpex.se\/no\/produkt\/salomon-prolink-race-classic\/#primaryimage"},"thumbnailUrl":"https:\/\/www.elpex.se\/wp-content\/uploads\/2024\/12\/Salomon-Prolink-1.jpg.webp","datePublished":"2024-12-12T15:13:12+00:00","dateModified":"2026-01-14T13:39:11+00:00","breadcrumb":{"@id":"https:\/\/www.elpex.se\/no\/produkt\/salomon-prolink-race-classic\/#breadcrumb"},"inLanguage":"nb-NO","potentialAction":[{"@type":"ReadAction","target":["https:\/\/www.elpex.se\/no\/produkt\/salomon-prolink-race-classic\/"]}]},{"@type":"ImageObject","inLanguage":"nb-NO","@id":"https:\/\/www.elpex.se\/no\/produkt\/salomon-prolink-race-classic\/#primaryimage","url":"https:\/\/www.elpex.se\/wp-content\/uploads\/2024\/12\/Salomon-Prolink-1.jpg.webp","contentUrl":"https:\/\/www.elpex.se\/wp-content\/uploads\/2024\/12\/Salomon-Prolink-1.jpg.webp","width":800,"height":800},{"@type":"BreadcrumbList","@id":"https:\/\/www.elpex.se\/no\/produkt\/salomon-prolink-race-classic\/#breadcrumb","itemListElement":[{"@type":"ListItem","position":1,"name":"Hem","item":"https:\/\/www.elpex.se\/no\/"},{"@type":"ListItem","position":2,"name":"Rulleski og tilbeh\u00f8r","item":"https:\/\/www.elpex.se\/no\/shop\/"},{"@type":"ListItem","position":3,"name":"Salomon Prolink Race Classic"}]},{"@type":"WebSite","@id":"https:\/\/www.elpex.se\/no\/#website","url":"https:\/\/www.elpex.se\/no\/","name":"Elpex","description":"","publisher":{"@id":"https:\/\/www.elpex.se\/no\/#organization"},"potentialAction":[{"@type":"SearchAction","target":{"@type":"EntryPoint","urlTemplate":"https:\/\/www.elpex.se\/no\/?s={search_term_string}"},"query-input":{"@type":"PropertyValueSpecification","valueRequired":true,"valueName":"search_term_string"}}],"inLanguage":"nb-NO"},{"@type":"Organization","@id":"https:\/\/www.elpex.se\/no\/#organization","name":"Elpex","url":"https:\/\/www.elpex.se\/no\/","logo":{"@type":"ImageObject","inLanguage":"nb-NO","@id":"https:\/\/www.elpex.se\/no\/#\/schema\/logo\/image\/","url":"https:\/\/www.elpex.se\/wp-content\/uploads\/2024\/11\/Elpex-logo_svart.svg","contentUrl":"https:\/\/www.elpex.se\/wp-content\/uploads\/2024\/11\/Elpex-logo_svart.svg","caption":"Elpex"},"image":{"@id":"https:\/\/www.elpex.se\/no\/#\/schema\/logo\/image\/"},"sameAs":["https:\/\/www.facebook.com\/www.elpex.se\/?locale=sv_SE","https:\/\/www.instagram.com\/elpexrollerskis\/"]}]}},"_links":{"self":[{"href":"https:\/\/www.elpex.se\/no\/wp-json\/wp\/v2\/product\/3130","targetHints":{"allow":["GET"]}}],"collection":[{"href":"https:\/\/www.elpex.se\/no\/wp-json\/wp\/v2\/product"}],"about":[{"href":"https:\/\/www.elpex.se\/no\/wp-json\/wp\/v2\/types\/product"}],"wp:featuredmedia":[{"embeddable":true,"href":"https:\/\/www.elpex.se\/no\/wp-json\/wp\/v2\/media\/3132"}],"wp:attachment":[{"href":"https:\/\/www.elpex.se\/no\/wp-json\/wp\/v2\/media?parent=3130"}],"wp:term":[{"taxonomy":"product_brand","embeddable":true,"href":"https:\/\/www.elpex.se\/no\/wp-json\/wp\/v2\/product_brand?post=3130"},{"taxonomy":"product_cat","embeddable":true,"href":"https:\/\/www.elpex.se\/no\/wp-json\/wp\/v2\/product_cat?post=3130"},{"taxonomy":"product_tag","embeddable":true,"href":"https:\/\/www.elpex.se\/no\/wp-json\/wp\/v2\/product_tag?post=3130"}],"curies":[{"name":"wp","href":"https:\/\/api.w.org\/{rel}","templated":true}]}}