{"id":2573,"date":"2024-12-18T09:36:16","date_gmt":"2024-12-18T09:36:16","guid":{"rendered":"https:\/\/www.elpex.se\/produkt\/rottefella-rulleski-classic-nis\/"},"modified":"2025-04-11T14:19:28","modified_gmt":"2025-04-11T14:19:28","slug":"rottefella-rulleski-classic-nis","status":"publish","type":"product","link":"https:\/\/www.elpex.se\/no\/produkt\/rottefella-rulleski-classic-nis\/","title":{"rendered":"Rottefella NIS classic"},"content":{"rendered":"<p><strong>Rottefella Rollerski Classic<\/strong> <strong>NIS<\/strong> er spesielt utviklet for rulleski. En bredere bindingskropp og h\u00e6l gir bedre stabilitet og sikkerhet. Bindingen er lett, noe som sikrer optimal kraftoverf\u00f8ring. Den har en sikkerhetsl\u00e5s som mekanisk l\u00e5ser mekanismen for \u00e5pning\/lukking.   <\/p>\n<p><strong>OBS!<\/strong>  Denne bindingen kan flyttes langs NIS-platen i Elpex Team 610 NIS og deretter skrus p\u00e5 plass med en sikkerhetsskrue! Perfekt hvis du \u00f8nsker \u00e5 justere bindingens posisjon. <\/p>\n<p>Bindingen er utstyrt med en hard flex som enkelt kan byttes ut med en mykere flex. Flexen er en fleksibel pute som gir motstand n\u00e5r du b\u00f8yer deg. Den hjelper deg med \u00e5 kontrollere skiene og gir en mer naturlig fraspark- og retursyklus.  <\/p>\n<p><strong>Lengde:<\/strong> 200 mm<br \/>\n<strong>Bredde:<\/strong> 56 mm<br \/>\n<strong>Skost\u00f8rrelse:<\/strong> 36-52<\/p>\n","protected":false},"excerpt":{"rendered":"<p>Rottefella Rollerski Classic NIS er spesielt utviklet for rulleski. En bredere bindingskropp og h\u00e6l gir bedre stabilitet og sikkerhet. Bindingen er lett, noe som sikrer optimal kraftoverf\u00f8ring. Den har en sikkerhetsl\u00e5s som mekanisk l\u00e5ser mekanismen for \u00e5pning\/lukking. OBS! Denne bindingen kan flyttes langs NIS-platen i [&hellip;]<\/p>\n","protected":false},"featured_media":2574,"template":"","meta":[],"product_brand":[],"product_cat":[185,184],"product_tag":[],"class_list":{"0":"post-2573","1":"product","2":"type-product","3":"status-publish","4":"has-post-thumbnail","6":"product_cat-obligasjoner","7":"product_cat-tilbehor","9":"first","10":"instock","11":"taxable","12":"shipping-taxable","13":"purchasable","14":"product-type-simple"},"composite_virtual":false,"composite_layout":"","composite_add_to_cart_form_location":"","composite_editable_in_cart":false,"composite_sold_individually_context":"","composite_shop_price_calc":"","composite_components":[],"composite_scenarios":[],"yoast_head":"<!-- This site is optimized with the Yoast SEO plugin v27.4 - https:\/\/yoast.com\/product\/yoast-seo-wordpress\/ -->\n<title>Rottefella NIS classic - Elpex<\/title>\n<meta name=\"robots\" content=\"index, follow, max-snippet:-1, max-image-preview:large, max-video-preview:-1\" \/>\n<link rel=\"canonical\" href=\"https:\/\/www.elpex.se\/no\/produkt\/rottefella-rulleski-classic-nis\/\" \/>\n<meta property=\"og:locale\" content=\"nb_NO\" \/>\n<meta property=\"og:type\" content=\"article\" \/>\n<meta property=\"og:title\" content=\"Rottefella NIS classic - Elpex\" \/>\n<meta property=\"og:description\" content=\"Rottefella Rollerski Classic NIS er spesielt utviklet for rulleski. En bredere bindingskropp og h\u00e6l gir bedre stabilitet og sikkerhet. Bindingen er lett, noe som sikrer optimal kraftoverf\u00f8ring. Den har en sikkerhetsl\u00e5s som mekanisk l\u00e5ser mekanismen for \u00e5pning\/lukking. OBS! Denne bindingen kan flyttes langs NIS-platen i [&hellip;]\" \/>\n<meta property=\"og:url\" content=\"https:\/\/www.elpex.se\/no\/produkt\/rottefella-rulleski-classic-nis\/\" \/>\n<meta property=\"og:site_name\" content=\"Elpex\" \/>\n<meta property=\"article:publisher\" content=\"https:\/\/www.facebook.com\/www.elpex.se\/?locale=sv_SE\" \/>\n<meta property=\"article:modified_time\" content=\"2025-04-11T14:19:28+00:00\" \/>\n<meta property=\"og:image\" content=\"https:\/\/www.elpex.se\/wp-content\/uploads\/2024\/12\/rottefella-rollerski-classic-locked.jpg.webp\" \/>\n\t<meta property=\"og:image:width\" content=\"1000\" \/>\n\t<meta property=\"og:image:height\" content=\"1000\" \/>\n\t<meta property=\"og:image:type\" content=\"image\/jpeg\" \/>\n<meta name=\"twitter:card\" content=\"summary_large_image\" \/>\n<meta name=\"twitter:label1\" content=\"Ansl. lesetid\" \/>\n\t<meta name=\"twitter:data1\" content=\"1 minutt\" \/>\n<script type=\"application\/ld+json\" class=\"yoast-schema-graph\">{\"@context\":\"https:\\\/\\\/schema.org\",\"@graph\":[{\"@type\":\"WebPage\",\"@id\":\"https:\\\/\\\/www.elpex.se\\\/no\\\/produkt\\\/rottefella-rulleski-classic-nis\\\/\",\"url\":\"https:\\\/\\\/www.elpex.se\\\/no\\\/produkt\\\/rottefella-rulleski-classic-nis\\\/\",\"name\":\"Rottefella NIS classic - Elpex\",\"isPartOf\":{\"@id\":\"https:\\\/\\\/www.elpex.se\\\/no\\\/#website\"},\"primaryImageOfPage\":{\"@id\":\"https:\\\/\\\/www.elpex.se\\\/no\\\/produkt\\\/rottefella-rulleski-classic-nis\\\/#primaryimage\"},\"image\":{\"@id\":\"https:\\\/\\\/www.elpex.se\\\/no\\\/produkt\\\/rottefella-rulleski-classic-nis\\\/#primaryimage\"},\"thumbnailUrl\":\"https:\\\/\\\/www.elpex.se\\\/wp-content\\\/uploads\\\/2024\\\/12\\\/rottefella-rollerski-classic-locked.jpg.webp\",\"datePublished\":\"2024-12-18T09:36:16+00:00\",\"dateModified\":\"2025-04-11T14:19:28+00:00\",\"breadcrumb\":{\"@id\":\"https:\\\/\\\/www.elpex.se\\\/no\\\/produkt\\\/rottefella-rulleski-classic-nis\\\/#breadcrumb\"},\"inLanguage\":\"nb-NO\",\"potentialAction\":[{\"@type\":\"ReadAction\",\"target\":[\"https:\\\/\\\/www.elpex.se\\\/no\\\/produkt\\\/rottefella-rulleski-classic-nis\\\/\"]}]},{\"@type\":\"ImageObject\",\"inLanguage\":\"nb-NO\",\"@id\":\"https:\\\/\\\/www.elpex.se\\\/no\\\/produkt\\\/rottefella-rulleski-classic-nis\\\/#primaryimage\",\"url\":\"https:\\\/\\\/www.elpex.se\\\/wp-content\\\/uploads\\\/2024\\\/12\\\/rottefella-rollerski-classic-locked.jpg.webp\",\"contentUrl\":\"https:\\\/\\\/www.elpex.se\\\/wp-content\\\/uploads\\\/2024\\\/12\\\/rottefella-rollerski-classic-locked.jpg.webp\",\"width\":1000,\"height\":1000},{\"@type\":\"BreadcrumbList\",\"@id\":\"https:\\\/\\\/www.elpex.se\\\/no\\\/produkt\\\/rottefella-rulleski-classic-nis\\\/#breadcrumb\",\"itemListElement\":[{\"@type\":\"ListItem\",\"position\":1,\"name\":\"Hem\",\"item\":\"https:\\\/\\\/www.elpex.se\\\/no\\\/\"},{\"@type\":\"ListItem\",\"position\":2,\"name\":\"Rulleski og tilbeh\u00f8r\",\"item\":\"https:\\\/\\\/www.elpex.se\\\/no\\\/shop\\\/\"},{\"@type\":\"ListItem\",\"position\":3,\"name\":\"Rottefella NIS classic\"}]},{\"@type\":\"WebSite\",\"@id\":\"https:\\\/\\\/www.elpex.se\\\/no\\\/#website\",\"url\":\"https:\\\/\\\/www.elpex.se\\\/no\\\/\",\"name\":\"Elpex\",\"description\":\"\",\"publisher\":{\"@id\":\"https:\\\/\\\/www.elpex.se\\\/no\\\/#organization\"},\"potentialAction\":[{\"@type\":\"SearchAction\",\"target\":{\"@type\":\"EntryPoint\",\"urlTemplate\":\"https:\\\/\\\/www.elpex.se\\\/no\\\/?s={search_term_string}\"},\"query-input\":{\"@type\":\"PropertyValueSpecification\",\"valueRequired\":true,\"valueName\":\"search_term_string\"}}],\"inLanguage\":\"nb-NO\"},{\"@type\":\"Organization\",\"@id\":\"https:\\\/\\\/www.elpex.se\\\/no\\\/#organization\",\"name\":\"Elpex\",\"url\":\"https:\\\/\\\/www.elpex.se\\\/no\\\/\",\"logo\":{\"@type\":\"ImageObject\",\"inLanguage\":\"nb-NO\",\"@id\":\"https:\\\/\\\/www.elpex.se\\\/no\\\/#\\\/schema\\\/logo\\\/image\\\/\",\"url\":\"https:\\\/\\\/www.elpex.se\\\/wp-content\\\/uploads\\\/2024\\\/11\\\/Elpex-logo_svart.svg\",\"contentUrl\":\"https:\\\/\\\/www.elpex.se\\\/wp-content\\\/uploads\\\/2024\\\/11\\\/Elpex-logo_svart.svg\",\"caption\":\"Elpex\"},\"image\":{\"@id\":\"https:\\\/\\\/www.elpex.se\\\/no\\\/#\\\/schema\\\/logo\\\/image\\\/\"},\"sameAs\":[\"https:\\\/\\\/www.facebook.com\\\/www.elpex.se\\\/?locale=sv_SE\",\"https:\\\/\\\/www.instagram.com\\\/elpexrollerskis\\\/\"]}]}<\/script>\n<!-- \/ Yoast SEO plugin. -->","yoast_head_json":{"title":"Rottefella NIS classic - Elpex","robots":{"index":"index","follow":"follow","max-snippet":"max-snippet:-1","max-image-preview":"max-image-preview:large","max-video-preview":"max-video-preview:-1"},"canonical":"https:\/\/www.elpex.se\/no\/produkt\/rottefella-rulleski-classic-nis\/","og_locale":"nb_NO","og_type":"article","og_title":"Rottefella NIS classic - Elpex","og_description":"Rottefella Rollerski Classic NIS er spesielt utviklet for rulleski. En bredere bindingskropp og h\u00e6l gir bedre stabilitet og sikkerhet. Bindingen er lett, noe som sikrer optimal kraftoverf\u00f8ring. Den har en sikkerhetsl\u00e5s som mekanisk l\u00e5ser mekanismen for \u00e5pning\/lukking. OBS! Denne bindingen kan flyttes langs NIS-platen i [&hellip;]","og_url":"https:\/\/www.elpex.se\/no\/produkt\/rottefella-rulleski-classic-nis\/","og_site_name":"Elpex","article_publisher":"https:\/\/www.facebook.com\/www.elpex.se\/?locale=sv_SE","article_modified_time":"2025-04-11T14:19:28+00:00","og_image":[{"width":1000,"height":1000,"url":"https:\/\/www.elpex.se\/wp-content\/uploads\/2024\/12\/rottefella-rollerski-classic-locked.jpg.webp","type":"image\/jpeg"}],"twitter_card":"summary_large_image","twitter_misc":{"Ansl. lesetid":"1 minutt"},"schema":{"@context":"https:\/\/schema.org","@graph":[{"@type":"WebPage","@id":"https:\/\/www.elpex.se\/no\/produkt\/rottefella-rulleski-classic-nis\/","url":"https:\/\/www.elpex.se\/no\/produkt\/rottefella-rulleski-classic-nis\/","name":"Rottefella NIS classic - Elpex","isPartOf":{"@id":"https:\/\/www.elpex.se\/no\/#website"},"primaryImageOfPage":{"@id":"https:\/\/www.elpex.se\/no\/produkt\/rottefella-rulleski-classic-nis\/#primaryimage"},"image":{"@id":"https:\/\/www.elpex.se\/no\/produkt\/rottefella-rulleski-classic-nis\/#primaryimage"},"thumbnailUrl":"https:\/\/www.elpex.se\/wp-content\/uploads\/2024\/12\/rottefella-rollerski-classic-locked.jpg.webp","datePublished":"2024-12-18T09:36:16+00:00","dateModified":"2025-04-11T14:19:28+00:00","breadcrumb":{"@id":"https:\/\/www.elpex.se\/no\/produkt\/rottefella-rulleski-classic-nis\/#breadcrumb"},"inLanguage":"nb-NO","potentialAction":[{"@type":"ReadAction","target":["https:\/\/www.elpex.se\/no\/produkt\/rottefella-rulleski-classic-nis\/"]}]},{"@type":"ImageObject","inLanguage":"nb-NO","@id":"https:\/\/www.elpex.se\/no\/produkt\/rottefella-rulleski-classic-nis\/#primaryimage","url":"https:\/\/www.elpex.se\/wp-content\/uploads\/2024\/12\/rottefella-rollerski-classic-locked.jpg.webp","contentUrl":"https:\/\/www.elpex.se\/wp-content\/uploads\/2024\/12\/rottefella-rollerski-classic-locked.jpg.webp","width":1000,"height":1000},{"@type":"BreadcrumbList","@id":"https:\/\/www.elpex.se\/no\/produkt\/rottefella-rulleski-classic-nis\/#breadcrumb","itemListElement":[{"@type":"ListItem","position":1,"name":"Hem","item":"https:\/\/www.elpex.se\/no\/"},{"@type":"ListItem","position":2,"name":"Rulleski og tilbeh\u00f8r","item":"https:\/\/www.elpex.se\/no\/shop\/"},{"@type":"ListItem","position":3,"name":"Rottefella NIS classic"}]},{"@type":"WebSite","@id":"https:\/\/www.elpex.se\/no\/#website","url":"https:\/\/www.elpex.se\/no\/","name":"Elpex","description":"","publisher":{"@id":"https:\/\/www.elpex.se\/no\/#organization"},"potentialAction":[{"@type":"SearchAction","target":{"@type":"EntryPoint","urlTemplate":"https:\/\/www.elpex.se\/no\/?s={search_term_string}"},"query-input":{"@type":"PropertyValueSpecification","valueRequired":true,"valueName":"search_term_string"}}],"inLanguage":"nb-NO"},{"@type":"Organization","@id":"https:\/\/www.elpex.se\/no\/#organization","name":"Elpex","url":"https:\/\/www.elpex.se\/no\/","logo":{"@type":"ImageObject","inLanguage":"nb-NO","@id":"https:\/\/www.elpex.se\/no\/#\/schema\/logo\/image\/","url":"https:\/\/www.elpex.se\/wp-content\/uploads\/2024\/11\/Elpex-logo_svart.svg","contentUrl":"https:\/\/www.elpex.se\/wp-content\/uploads\/2024\/11\/Elpex-logo_svart.svg","caption":"Elpex"},"image":{"@id":"https:\/\/www.elpex.se\/no\/#\/schema\/logo\/image\/"},"sameAs":["https:\/\/www.facebook.com\/www.elpex.se\/?locale=sv_SE","https:\/\/www.instagram.com\/elpexrollerskis\/"]}]}},"_links":{"self":[{"href":"https:\/\/www.elpex.se\/no\/wp-json\/wp\/v2\/product\/2573","targetHints":{"allow":["GET"]}}],"collection":[{"href":"https:\/\/www.elpex.se\/no\/wp-json\/wp\/v2\/product"}],"about":[{"href":"https:\/\/www.elpex.se\/no\/wp-json\/wp\/v2\/types\/product"}],"wp:featuredmedia":[{"embeddable":true,"href":"https:\/\/www.elpex.se\/no\/wp-json\/wp\/v2\/media\/2574"}],"wp:attachment":[{"href":"https:\/\/www.elpex.se\/no\/wp-json\/wp\/v2\/media?parent=2573"}],"wp:term":[{"taxonomy":"product_brand","embeddable":true,"href":"https:\/\/www.elpex.se\/no\/wp-json\/wp\/v2\/product_brand?post=2573"},{"taxonomy":"product_cat","embeddable":true,"href":"https:\/\/www.elpex.se\/no\/wp-json\/wp\/v2\/product_cat?post=2573"},{"taxonomy":"product_tag","embeddable":true,"href":"https:\/\/www.elpex.se\/no\/wp-json\/wp\/v2\/product_tag?post=2573"}],"curies":[{"name":"wp","href":"https:\/\/api.w.org\/{rel}","templated":true}]}}