{"id":11149,"date":"2025-07-24T06:57:17","date_gmt":"2025-07-24T06:57:17","guid":{"rendered":"https:\/\/www.elpex.se\/?post_type=product&#038;p=11149"},"modified":"2026-02-24T15:24:06","modified_gmt":"2026-02-24T15:24:06","slug":"classic-team-kopia","status":"publish","type":"product","link":"https:\/\/www.elpex.se\/no\/produkt\/classic-team-kopia\/","title":{"rendered":"The Comeback"},"content":{"rendered":"<p data-start=\"168\" data-end=\"534\">Da fabrikken v\u00e5r brant ned, trodde mange at det var slutten. Men for oss ble det starten p\u00e5 noe nytt. Elpex har produsert rulleski i flere ti\u00e5r, alltid med samme drivkraft: \u00e5 utvikle produkter for idrettsut\u00f8vere og mosjonister som vil ha det beste. Etter brannen var det aldri snakk om \u00e5 gi opp. Tvert imot. Vi bestemte oss for \u00e5 komme tilbake sterkere enn noensinne.     <\/p>\n<p data-start=\"536\" data-end=\"825\">\u00abThe Comeback\u00bb er en begrenset versjon av v\u00e5r klassiske modell Classic Team (f.d. Team 610) med 40 mm hjulbredde. \u00abThe Comeback\u00bb er utviklet som et symbol p\u00e5 gjenoppbyggingen og viljen til \u00e5 fortsette fremover. Fargene i gult og r\u00f8dt representerer ilden som \u00f8dela fabrikken v\u00e5r, men ogs\u00e5 den indre gl\u00f8den som driver oss til \u00e5 begynne p\u00e5 nytt. P\u00e5 hver ski st\u00e5r det trykt <strong data-start=\"144\" data-end=\"166\">\u00abRaised in flames\u00bb<\/strong> \u2013 en p\u00e5minnelse om at denne modellen ble f\u00f8dt ut av motgang. Det er v\u00e5r hyllest til styrken i \u00e5 begynne p\u00e5 nytt og fortsette fremover, til tross for alt.    <\/p>\n<p data-start=\"827\" data-end=\"1075\">Modellen vil bli produsert i et sv\u00e6rt begrenset opplag p\u00e5 100 par. Hvert eksemplar er individuelt nummerert, noe som gj\u00f8r hvert par unikt. Ved \u00e5 kj\u00f8pe \u00abThe Comeback\u00bb er du ikke bare med p\u00e5 \u00e5 st\u00f8tte Elpex sin reise tilbake, du blir ogs\u00e5 en del av v\u00e5r historie.  <\/p>\n<p data-start=\"1159\" data-end=\"1329\">Vi vet at Elpex ikke bare er et varemerke. Det er et h\u00e5ndverk, en f\u00f8lelse og et l\u00f8fte om kvalitet. Det er ogs\u00e5 et fellesskap. Derfor betyr din st\u00f8tte mer enn du tror.   <\/p>\n<p data-pm-slice=\"1 1 []\"><strong>Om Classic Team:<\/strong> Classic Team er v\u00e5r mest race-inspirerte rulleski med sine 40 mm-hjul som gir en lavere vekt og smidigere h\u00e5ndtering. Samme fleksible stamme som p\u00e5 Classic Wasa.  Passer for eldre juniorer, elitel\u00f8pere og ut\u00f8vere med h\u00f8ye ambisjoner.<\/p>\n<p data-pm-slice=\"1 1 []\">\n","protected":false},"excerpt":{"rendered":"<p data-pm-slice=\"1 1 []\">Begrenset utgave av v\u00e5r mest race-inspirerte rulleski. Smalere hjul som gir lavere vekt og smidigere h\u00e5ndtering. Produsert i v\u00e5r nye produksjon etter brannen.  <\/p>\n","protected":false},"featured_media":11282,"template":"","meta":[],"product_brand":[],"product_cat":[447,207,206],"product_tag":[263],"class_list":{"0":"post-11149","1":"product","2":"type-product","3":"status-publish","4":"has-post-thumbnail","6":"product_cat-raised-in-flames","7":"product_cat-klassisk","8":"product_cat-rulleski","9":"product_tag-nybegynnere","11":"first","12":"outofstock","13":"taxable","14":"shipping-taxable","15":"purchasable","16":"product-type-variable"},"composite_virtual":false,"composite_layout":"","composite_add_to_cart_form_location":"","composite_editable_in_cart":false,"composite_sold_individually_context":"","composite_shop_price_calc":"","composite_components":[],"composite_scenarios":[],"yoast_head":"<!-- This site is optimized with the Yoast SEO plugin v27.4 - https:\/\/yoast.com\/product\/yoast-seo-wordpress\/ -->\n<title>The Comeback - Elpex<\/title>\n<meta name=\"robots\" content=\"index, follow, max-snippet:-1, max-image-preview:large, max-video-preview:-1\" \/>\n<link rel=\"canonical\" href=\"https:\/\/www.elpex.se\/no\/produkt\/classic-team-kopia\/\" \/>\n<meta property=\"og:locale\" content=\"nb_NO\" \/>\n<meta property=\"og:type\" content=\"article\" \/>\n<meta property=\"og:title\" content=\"The Comeback - Elpex\" \/>\n<meta property=\"og:description\" content=\"Begrenset utgave av v\u00e5r mest race-inspirerte rulleski. Smalere hjul som gir lavere vekt og smidigere h\u00e5ndtering. Produsert i v\u00e5r nye produksjon etter brannen.\" \/>\n<meta property=\"og:url\" content=\"https:\/\/www.elpex.se\/no\/produkt\/classic-team-kopia\/\" \/>\n<meta property=\"og:site_name\" content=\"Elpex\" \/>\n<meta property=\"article:publisher\" content=\"https:\/\/www.facebook.com\/www.elpex.se\/?locale=sv_SE\" \/>\n<meta property=\"article:modified_time\" content=\"2026-02-24T15:24:06+00:00\" \/>\n<meta property=\"og:image\" content=\"https:\/\/www.elpex.se\/wp-content\/uploads\/2025\/07\/The-comeback_standing_light-bg-kopia-scaled.jpg.webp\" \/>\n\t<meta property=\"og:image:width\" content=\"1440\" \/>\n\t<meta property=\"og:image:height\" content=\"2560\" \/>\n\t<meta property=\"og:image:type\" content=\"image\/jpeg\" \/>\n<meta name=\"twitter:card\" content=\"summary_large_image\" \/>\n<meta name=\"twitter:label1\" content=\"Ansl. lesetid\" \/>\n\t<meta name=\"twitter:data1\" content=\"1 minutt\" \/>\n<script type=\"application\/ld+json\" class=\"yoast-schema-graph\">{\"@context\":\"https:\\\/\\\/schema.org\",\"@graph\":[{\"@type\":\"WebPage\",\"@id\":\"https:\\\/\\\/www.elpex.se\\\/no\\\/produkt\\\/classic-team-kopia\\\/\",\"url\":\"https:\\\/\\\/www.elpex.se\\\/no\\\/produkt\\\/classic-team-kopia\\\/\",\"name\":\"The Comeback - Elpex\",\"isPartOf\":{\"@id\":\"https:\\\/\\\/www.elpex.se\\\/no\\\/#website\"},\"primaryImageOfPage\":{\"@id\":\"https:\\\/\\\/www.elpex.se\\\/no\\\/produkt\\\/classic-team-kopia\\\/#primaryimage\"},\"image\":{\"@id\":\"https:\\\/\\\/www.elpex.se\\\/no\\\/produkt\\\/classic-team-kopia\\\/#primaryimage\"},\"thumbnailUrl\":\"https:\\\/\\\/www.elpex.se\\\/wp-content\\\/uploads\\\/2025\\\/07\\\/The-comeback_standing_light-bg-kopia-scaled.jpg.webp\",\"datePublished\":\"2025-07-24T06:57:17+00:00\",\"dateModified\":\"2026-02-24T15:24:06+00:00\",\"breadcrumb\":{\"@id\":\"https:\\\/\\\/www.elpex.se\\\/no\\\/produkt\\\/classic-team-kopia\\\/#breadcrumb\"},\"inLanguage\":\"nb-NO\",\"potentialAction\":[{\"@type\":\"ReadAction\",\"target\":[\"https:\\\/\\\/www.elpex.se\\\/no\\\/produkt\\\/classic-team-kopia\\\/\"]}]},{\"@type\":\"ImageObject\",\"inLanguage\":\"nb-NO\",\"@id\":\"https:\\\/\\\/www.elpex.se\\\/no\\\/produkt\\\/classic-team-kopia\\\/#primaryimage\",\"url\":\"https:\\\/\\\/www.elpex.se\\\/wp-content\\\/uploads\\\/2025\\\/07\\\/The-comeback_standing_light-bg-kopia-scaled.jpg.webp\",\"contentUrl\":\"https:\\\/\\\/www.elpex.se\\\/wp-content\\\/uploads\\\/2025\\\/07\\\/The-comeback_standing_light-bg-kopia-scaled.jpg.webp\",\"width\":1440,\"height\":2560},{\"@type\":\"BreadcrumbList\",\"@id\":\"https:\\\/\\\/www.elpex.se\\\/no\\\/produkt\\\/classic-team-kopia\\\/#breadcrumb\",\"itemListElement\":[{\"@type\":\"ListItem\",\"position\":1,\"name\":\"Hem\",\"item\":\"https:\\\/\\\/www.elpex.se\\\/no\\\/\"},{\"@type\":\"ListItem\",\"position\":2,\"name\":\"Rulleski og tilbeh\u00f8r\",\"item\":\"https:\\\/\\\/www.elpex.se\\\/no\\\/shop\\\/\"},{\"@type\":\"ListItem\",\"position\":3,\"name\":\"The Comeback\"}]},{\"@type\":\"WebSite\",\"@id\":\"https:\\\/\\\/www.elpex.se\\\/no\\\/#website\",\"url\":\"https:\\\/\\\/www.elpex.se\\\/no\\\/\",\"name\":\"Elpex\",\"description\":\"\",\"publisher\":{\"@id\":\"https:\\\/\\\/www.elpex.se\\\/no\\\/#organization\"},\"potentialAction\":[{\"@type\":\"SearchAction\",\"target\":{\"@type\":\"EntryPoint\",\"urlTemplate\":\"https:\\\/\\\/www.elpex.se\\\/no\\\/?s={search_term_string}\"},\"query-input\":{\"@type\":\"PropertyValueSpecification\",\"valueRequired\":true,\"valueName\":\"search_term_string\"}}],\"inLanguage\":\"nb-NO\"},{\"@type\":\"Organization\",\"@id\":\"https:\\\/\\\/www.elpex.se\\\/no\\\/#organization\",\"name\":\"Elpex\",\"url\":\"https:\\\/\\\/www.elpex.se\\\/no\\\/\",\"logo\":{\"@type\":\"ImageObject\",\"inLanguage\":\"nb-NO\",\"@id\":\"https:\\\/\\\/www.elpex.se\\\/no\\\/#\\\/schema\\\/logo\\\/image\\\/\",\"url\":\"https:\\\/\\\/www.elpex.se\\\/wp-content\\\/uploads\\\/2024\\\/11\\\/Elpex-logo_svart.svg\",\"contentUrl\":\"https:\\\/\\\/www.elpex.se\\\/wp-content\\\/uploads\\\/2024\\\/11\\\/Elpex-logo_svart.svg\",\"caption\":\"Elpex\"},\"image\":{\"@id\":\"https:\\\/\\\/www.elpex.se\\\/no\\\/#\\\/schema\\\/logo\\\/image\\\/\"},\"sameAs\":[\"https:\\\/\\\/www.facebook.com\\\/www.elpex.se\\\/?locale=sv_SE\",\"https:\\\/\\\/www.instagram.com\\\/elpexrollerskis\\\/\"]}]}<\/script>\n<!-- \/ Yoast SEO plugin. -->","yoast_head_json":{"title":"The Comeback - Elpex","robots":{"index":"index","follow":"follow","max-snippet":"max-snippet:-1","max-image-preview":"max-image-preview:large","max-video-preview":"max-video-preview:-1"},"canonical":"https:\/\/www.elpex.se\/no\/produkt\/classic-team-kopia\/","og_locale":"nb_NO","og_type":"article","og_title":"The Comeback - Elpex","og_description":"Begrenset utgave av v\u00e5r mest race-inspirerte rulleski. Smalere hjul som gir lavere vekt og smidigere h\u00e5ndtering. Produsert i v\u00e5r nye produksjon etter brannen.","og_url":"https:\/\/www.elpex.se\/no\/produkt\/classic-team-kopia\/","og_site_name":"Elpex","article_publisher":"https:\/\/www.facebook.com\/www.elpex.se\/?locale=sv_SE","article_modified_time":"2026-02-24T15:24:06+00:00","og_image":[{"width":1440,"height":2560,"url":"https:\/\/www.elpex.se\/wp-content\/uploads\/2025\/07\/The-comeback_standing_light-bg-kopia-scaled.jpg.webp","type":"image\/jpeg"}],"twitter_card":"summary_large_image","twitter_misc":{"Ansl. lesetid":"1 minutt"},"schema":{"@context":"https:\/\/schema.org","@graph":[{"@type":"WebPage","@id":"https:\/\/www.elpex.se\/no\/produkt\/classic-team-kopia\/","url":"https:\/\/www.elpex.se\/no\/produkt\/classic-team-kopia\/","name":"The Comeback - Elpex","isPartOf":{"@id":"https:\/\/www.elpex.se\/no\/#website"},"primaryImageOfPage":{"@id":"https:\/\/www.elpex.se\/no\/produkt\/classic-team-kopia\/#primaryimage"},"image":{"@id":"https:\/\/www.elpex.se\/no\/produkt\/classic-team-kopia\/#primaryimage"},"thumbnailUrl":"https:\/\/www.elpex.se\/wp-content\/uploads\/2025\/07\/The-comeback_standing_light-bg-kopia-scaled.jpg.webp","datePublished":"2025-07-24T06:57:17+00:00","dateModified":"2026-02-24T15:24:06+00:00","breadcrumb":{"@id":"https:\/\/www.elpex.se\/no\/produkt\/classic-team-kopia\/#breadcrumb"},"inLanguage":"nb-NO","potentialAction":[{"@type":"ReadAction","target":["https:\/\/www.elpex.se\/no\/produkt\/classic-team-kopia\/"]}]},{"@type":"ImageObject","inLanguage":"nb-NO","@id":"https:\/\/www.elpex.se\/no\/produkt\/classic-team-kopia\/#primaryimage","url":"https:\/\/www.elpex.se\/wp-content\/uploads\/2025\/07\/The-comeback_standing_light-bg-kopia-scaled.jpg.webp","contentUrl":"https:\/\/www.elpex.se\/wp-content\/uploads\/2025\/07\/The-comeback_standing_light-bg-kopia-scaled.jpg.webp","width":1440,"height":2560},{"@type":"BreadcrumbList","@id":"https:\/\/www.elpex.se\/no\/produkt\/classic-team-kopia\/#breadcrumb","itemListElement":[{"@type":"ListItem","position":1,"name":"Hem","item":"https:\/\/www.elpex.se\/no\/"},{"@type":"ListItem","position":2,"name":"Rulleski og tilbeh\u00f8r","item":"https:\/\/www.elpex.se\/no\/shop\/"},{"@type":"ListItem","position":3,"name":"The Comeback"}]},{"@type":"WebSite","@id":"https:\/\/www.elpex.se\/no\/#website","url":"https:\/\/www.elpex.se\/no\/","name":"Elpex","description":"","publisher":{"@id":"https:\/\/www.elpex.se\/no\/#organization"},"potentialAction":[{"@type":"SearchAction","target":{"@type":"EntryPoint","urlTemplate":"https:\/\/www.elpex.se\/no\/?s={search_term_string}"},"query-input":{"@type":"PropertyValueSpecification","valueRequired":true,"valueName":"search_term_string"}}],"inLanguage":"nb-NO"},{"@type":"Organization","@id":"https:\/\/www.elpex.se\/no\/#organization","name":"Elpex","url":"https:\/\/www.elpex.se\/no\/","logo":{"@type":"ImageObject","inLanguage":"nb-NO","@id":"https:\/\/www.elpex.se\/no\/#\/schema\/logo\/image\/","url":"https:\/\/www.elpex.se\/wp-content\/uploads\/2024\/11\/Elpex-logo_svart.svg","contentUrl":"https:\/\/www.elpex.se\/wp-content\/uploads\/2024\/11\/Elpex-logo_svart.svg","caption":"Elpex"},"image":{"@id":"https:\/\/www.elpex.se\/no\/#\/schema\/logo\/image\/"},"sameAs":["https:\/\/www.facebook.com\/www.elpex.se\/?locale=sv_SE","https:\/\/www.instagram.com\/elpexrollerskis\/"]}]}},"_links":{"self":[{"href":"https:\/\/www.elpex.se\/no\/wp-json\/wp\/v2\/product\/11149","targetHints":{"allow":["GET"]}}],"collection":[{"href":"https:\/\/www.elpex.se\/no\/wp-json\/wp\/v2\/product"}],"about":[{"href":"https:\/\/www.elpex.se\/no\/wp-json\/wp\/v2\/types\/product"}],"wp:featuredmedia":[{"embeddable":true,"href":"https:\/\/www.elpex.se\/no\/wp-json\/wp\/v2\/media\/11282"}],"wp:attachment":[{"href":"https:\/\/www.elpex.se\/no\/wp-json\/wp\/v2\/media?parent=11149"}],"wp:term":[{"taxonomy":"product_brand","embeddable":true,"href":"https:\/\/www.elpex.se\/no\/wp-json\/wp\/v2\/product_brand?post=11149"},{"taxonomy":"product_cat","embeddable":true,"href":"https:\/\/www.elpex.se\/no\/wp-json\/wp\/v2\/product_cat?post=11149"},{"taxonomy":"product_tag","embeddable":true,"href":"https:\/\/www.elpex.se\/no\/wp-json\/wp\/v2\/product_tag?post=11149"}],"curies":[{"name":"wp","href":"https:\/\/api.w.org\/{rel}","templated":true}]}}