{"id":13951,"date":"2026-03-06T09:58:26","date_gmt":"2026-03-06T09:58:26","guid":{"rendered":"https:\/\/www.elpex.se\/kart-over-rulleskibaner-i-sverige\/"},"modified":"2026-03-06T14:13:55","modified_gmt":"2026-03-06T14:13:55","slug":"kart-over-rulleskibaner-i-sverige","status":"publish","type":"page","link":"https:\/\/www.elpex.se\/no\/guider\/kart-over-rulleskibaner-i-sverige\/","title":{"rendered":"Rulleskibaner i Sverige"},"content":{"rendered":"\n<p>Her finner du et kart over mange av Sveriges rulleskibaner og asfalterte treningsl\u00f8yper. Klikk p\u00e5 et anlegg i listen for \u00e5 zoome inn p\u00e5 kartet og se omtrentlig plassering. Lengdene er oppgitt i henhold til tilgjengelige anleggsopplysninger og sammenstillinger fra svenske skimedier, SSF og offisielle anleggssider.  <\/p>\n\n<div class=\"elpex-map-wrap\">\n  <div class=\"elpex-map-header\">\n    <h2>Rulleskibaner i Sverige<\/h2>\n    <p>\n Finn rulleskibaner i Sverige og klikk p\u00e5 et anlegg i listen for \u00e5 vise det p\u00e5 kartet.\n    <\/p>\n  <\/div>\n\n  <div class=\"elpex-map-toolbar\">\n    <button id=\"findNearestTrack\" type=\"button\" class=\"elpex-find-btn\">Finn n\u00e6rmeste bane<\/button>\n    <span id=\"nearestTrackStatus\" class=\"elpex-nearest-status\"><\/span>\n  <\/div>\n\n  <div class=\"elpex-map-layout\">\n    <div class=\"elpex-map-sidebar\">\n      <input type=\"text\" id=\"rollerskiFilter\" placeholder=\"S\u00f8k sted eller anlegg\" class=\"elpex-map-search\"\/>\n      <div id=\"rollerskiList\" class=\"elpex-map-list\"><\/div>\n    <\/div>\n\n    <div id=\"rollerskiMap\" class=\"elpex-map-canvas\"><\/div>\n  <\/div>\n\n  <div class=\"elpex-map-note\">\n  Lengder er omtrentlige og kan endres n\u00e5r baner bygges om eller forlenges. Sjekk gjerne oppdatert informasjon lokalt f\u00f8r bes\u00f8k.\n  <\/div>\n<\/div>\n\n<p><strong>Tips f\u00f8r du drar:<\/strong><br\/>Sjekk alltid aktuell status, \u00e5pningstider, belysning og eventuelle avgifter hos det lokale anlegget f\u00f8r du reiser. Lengde og tras\u00e9 kan endres n\u00e5r baner bygges om eller utvides. <\/p>\n","protected":false},"excerpt":{"rendered":"<p>Her finner du et kart over mange av Sveriges rulleskibaner og asfalterte treningsl\u00f8yper. Klikk p\u00e5 et anlegg i listen for \u00e5 zoome inn p\u00e5 kartet og se omtrentlig plassering. Lengdene er oppgitt i henhold til tilgjengelige anleggsopplysninger og sammenstillinger fra svenske skimedier, SSF og offisielle [&hellip;]<\/p>\n","protected":false},"author":5,"featured_media":0,"parent":12307,"menu_order":0,"comment_status":"closed","ping_status":"closed","template":"","meta":{"footnotes":""},"class_list":["post-13951","page","type-page","status-publish","hentry"],"yoast_head":"<!-- This site is optimized with the Yoast SEO plugin v27.4 - https:\/\/yoast.com\/product\/yoast-seo-wordpress\/ -->\n<title>Rulleskibaner i Sverige - Elpex<\/title>\n<meta name=\"robots\" content=\"index, follow, max-snippet:-1, max-image-preview:large, max-video-preview:-1\" \/>\n<link rel=\"canonical\" href=\"https:\/\/www.elpex.se\/no\/guider\/kart-over-rulleskibaner-i-sverige\/\" \/>\n<meta property=\"og:locale\" content=\"nb_NO\" \/>\n<meta property=\"og:type\" content=\"article\" \/>\n<meta property=\"og:title\" content=\"Rulleskibaner i Sverige - Elpex\" \/>\n<meta property=\"og:description\" content=\"Her finner du et kart over mange av Sveriges rulleskibaner og asfalterte treningsl\u00f8yper. Klikk p\u00e5 et anlegg i listen for \u00e5 zoome inn p\u00e5 kartet og se omtrentlig plassering. Lengdene er oppgitt i henhold til tilgjengelige anleggsopplysninger og sammenstillinger fra svenske skimedier, SSF og offisielle [&hellip;]\" \/>\n<meta property=\"og:url\" content=\"https:\/\/www.elpex.se\/no\/guider\/kart-over-rulleskibaner-i-sverige\/\" \/>\n<meta property=\"og:site_name\" content=\"Elpex\" \/>\n<meta property=\"article:publisher\" content=\"https:\/\/www.facebook.com\/www.elpex.se\/?locale=sv_SE\" \/>\n<meta property=\"article:modified_time\" content=\"2026-03-06T14:13:55+00:00\" \/>\n<meta name=\"twitter:card\" content=\"summary_large_image\" \/>\n<meta name=\"twitter:label1\" content=\"Ansl. lesetid\" \/>\n\t<meta name=\"twitter:data1\" content=\"1 minutt\" \/>\n<script type=\"application\/ld+json\" class=\"yoast-schema-graph\">{\"@context\":\"https:\\\/\\\/schema.org\",\"@graph\":[{\"@type\":\"WebPage\",\"@id\":\"https:\\\/\\\/www.elpex.se\\\/no\\\/guider\\\/kart-over-rulleskibaner-i-sverige\\\/\",\"url\":\"https:\\\/\\\/www.elpex.se\\\/no\\\/guider\\\/kart-over-rulleskibaner-i-sverige\\\/\",\"name\":\"Rulleskibaner i Sverige - Elpex\",\"isPartOf\":{\"@id\":\"https:\\\/\\\/www.elpex.se\\\/no\\\/#website\"},\"datePublished\":\"2026-03-06T09:58:26+00:00\",\"dateModified\":\"2026-03-06T14:13:55+00:00\",\"breadcrumb\":{\"@id\":\"https:\\\/\\\/www.elpex.se\\\/no\\\/guider\\\/kart-over-rulleskibaner-i-sverige\\\/#breadcrumb\"},\"inLanguage\":\"nb-NO\",\"potentialAction\":[{\"@type\":\"ReadAction\",\"target\":[\"https:\\\/\\\/www.elpex.se\\\/no\\\/guider\\\/kart-over-rulleskibaner-i-sverige\\\/\"]}]},{\"@type\":\"BreadcrumbList\",\"@id\":\"https:\\\/\\\/www.elpex.se\\\/no\\\/guider\\\/kart-over-rulleskibaner-i-sverige\\\/#breadcrumb\",\"itemListElement\":[{\"@type\":\"ListItem\",\"position\":1,\"name\":\"Hem\",\"item\":\"https:\\\/\\\/www.elpex.se\\\/no\\\/\"},{\"@type\":\"ListItem\",\"position\":2,\"name\":\"Tips &amp; guider\",\"item\":\"https:\\\/\\\/www.elpex.se\\\/no\\\/guider\\\/\"},{\"@type\":\"ListItem\",\"position\":3,\"name\":\"Rulleskibaner i Sverige\"}]},{\"@type\":\"WebSite\",\"@id\":\"https:\\\/\\\/www.elpex.se\\\/no\\\/#website\",\"url\":\"https:\\\/\\\/www.elpex.se\\\/no\\\/\",\"name\":\"Elpex\",\"description\":\"\",\"publisher\":{\"@id\":\"https:\\\/\\\/www.elpex.se\\\/no\\\/#organization\"},\"potentialAction\":[{\"@type\":\"SearchAction\",\"target\":{\"@type\":\"EntryPoint\",\"urlTemplate\":\"https:\\\/\\\/www.elpex.se\\\/no\\\/?s={search_term_string}\"},\"query-input\":{\"@type\":\"PropertyValueSpecification\",\"valueRequired\":true,\"valueName\":\"search_term_string\"}}],\"inLanguage\":\"nb-NO\"},{\"@type\":\"Organization\",\"@id\":\"https:\\\/\\\/www.elpex.se\\\/no\\\/#organization\",\"name\":\"Elpex\",\"url\":\"https:\\\/\\\/www.elpex.se\\\/no\\\/\",\"logo\":{\"@type\":\"ImageObject\",\"inLanguage\":\"nb-NO\",\"@id\":\"https:\\\/\\\/www.elpex.se\\\/no\\\/#\\\/schema\\\/logo\\\/image\\\/\",\"url\":\"https:\\\/\\\/www.elpex.se\\\/wp-content\\\/uploads\\\/2024\\\/11\\\/Elpex-logo_svart.svg\",\"contentUrl\":\"https:\\\/\\\/www.elpex.se\\\/wp-content\\\/uploads\\\/2024\\\/11\\\/Elpex-logo_svart.svg\",\"caption\":\"Elpex\"},\"image\":{\"@id\":\"https:\\\/\\\/www.elpex.se\\\/no\\\/#\\\/schema\\\/logo\\\/image\\\/\"},\"sameAs\":[\"https:\\\/\\\/www.facebook.com\\\/www.elpex.se\\\/?locale=sv_SE\",\"https:\\\/\\\/www.instagram.com\\\/elpexrollerskis\\\/\"]}]}<\/script>\n<!-- \/ Yoast SEO plugin. -->","yoast_head_json":{"title":"Rulleskibaner i Sverige - Elpex","robots":{"index":"index","follow":"follow","max-snippet":"max-snippet:-1","max-image-preview":"max-image-preview:large","max-video-preview":"max-video-preview:-1"},"canonical":"https:\/\/www.elpex.se\/no\/guider\/kart-over-rulleskibaner-i-sverige\/","og_locale":"nb_NO","og_type":"article","og_title":"Rulleskibaner i Sverige - Elpex","og_description":"Her finner du et kart over mange av Sveriges rulleskibaner og asfalterte treningsl\u00f8yper. Klikk p\u00e5 et anlegg i listen for \u00e5 zoome inn p\u00e5 kartet og se omtrentlig plassering. Lengdene er oppgitt i henhold til tilgjengelige anleggsopplysninger og sammenstillinger fra svenske skimedier, SSF og offisielle [&hellip;]","og_url":"https:\/\/www.elpex.se\/no\/guider\/kart-over-rulleskibaner-i-sverige\/","og_site_name":"Elpex","article_publisher":"https:\/\/www.facebook.com\/www.elpex.se\/?locale=sv_SE","article_modified_time":"2026-03-06T14:13:55+00:00","twitter_card":"summary_large_image","twitter_misc":{"Ansl. lesetid":"1 minutt"},"schema":{"@context":"https:\/\/schema.org","@graph":[{"@type":"WebPage","@id":"https:\/\/www.elpex.se\/no\/guider\/kart-over-rulleskibaner-i-sverige\/","url":"https:\/\/www.elpex.se\/no\/guider\/kart-over-rulleskibaner-i-sverige\/","name":"Rulleskibaner i Sverige - Elpex","isPartOf":{"@id":"https:\/\/www.elpex.se\/no\/#website"},"datePublished":"2026-03-06T09:58:26+00:00","dateModified":"2026-03-06T14:13:55+00:00","breadcrumb":{"@id":"https:\/\/www.elpex.se\/no\/guider\/kart-over-rulleskibaner-i-sverige\/#breadcrumb"},"inLanguage":"nb-NO","potentialAction":[{"@type":"ReadAction","target":["https:\/\/www.elpex.se\/no\/guider\/kart-over-rulleskibaner-i-sverige\/"]}]},{"@type":"BreadcrumbList","@id":"https:\/\/www.elpex.se\/no\/guider\/kart-over-rulleskibaner-i-sverige\/#breadcrumb","itemListElement":[{"@type":"ListItem","position":1,"name":"Hem","item":"https:\/\/www.elpex.se\/no\/"},{"@type":"ListItem","position":2,"name":"Tips &amp; guider","item":"https:\/\/www.elpex.se\/no\/guider\/"},{"@type":"ListItem","position":3,"name":"Rulleskibaner i Sverige"}]},{"@type":"WebSite","@id":"https:\/\/www.elpex.se\/no\/#website","url":"https:\/\/www.elpex.se\/no\/","name":"Elpex","description":"","publisher":{"@id":"https:\/\/www.elpex.se\/no\/#organization"},"potentialAction":[{"@type":"SearchAction","target":{"@type":"EntryPoint","urlTemplate":"https:\/\/www.elpex.se\/no\/?s={search_term_string}"},"query-input":{"@type":"PropertyValueSpecification","valueRequired":true,"valueName":"search_term_string"}}],"inLanguage":"nb-NO"},{"@type":"Organization","@id":"https:\/\/www.elpex.se\/no\/#organization","name":"Elpex","url":"https:\/\/www.elpex.se\/no\/","logo":{"@type":"ImageObject","inLanguage":"nb-NO","@id":"https:\/\/www.elpex.se\/no\/#\/schema\/logo\/image\/","url":"https:\/\/www.elpex.se\/wp-content\/uploads\/2024\/11\/Elpex-logo_svart.svg","contentUrl":"https:\/\/www.elpex.se\/wp-content\/uploads\/2024\/11\/Elpex-logo_svart.svg","caption":"Elpex"},"image":{"@id":"https:\/\/www.elpex.se\/no\/#\/schema\/logo\/image\/"},"sameAs":["https:\/\/www.facebook.com\/www.elpex.se\/?locale=sv_SE","https:\/\/www.instagram.com\/elpexrollerskis\/"]}]}},"_links":{"self":[{"href":"https:\/\/www.elpex.se\/no\/wp-json\/wp\/v2\/pages\/13951","targetHints":{"allow":["GET"]}}],"collection":[{"href":"https:\/\/www.elpex.se\/no\/wp-json\/wp\/v2\/pages"}],"about":[{"href":"https:\/\/www.elpex.se\/no\/wp-json\/wp\/v2\/types\/page"}],"author":[{"embeddable":true,"href":"https:\/\/www.elpex.se\/no\/wp-json\/wp\/v2\/users\/5"}],"replies":[{"embeddable":true,"href":"https:\/\/www.elpex.se\/no\/wp-json\/wp\/v2\/comments?post=13951"}],"version-history":[{"count":8,"href":"https:\/\/www.elpex.se\/no\/wp-json\/wp\/v2\/pages\/13951\/revisions"}],"predecessor-version":[{"id":14308,"href":"https:\/\/www.elpex.se\/no\/wp-json\/wp\/v2\/pages\/13951\/revisions\/14308"}],"up":[{"embeddable":true,"href":"https:\/\/www.elpex.se\/no\/wp-json\/wp\/v2\/pages\/12307"}],"wp:attachment":[{"href":"https:\/\/www.elpex.se\/no\/wp-json\/wp\/v2\/media?parent=13951"}],"curies":[{"name":"wp","href":"https:\/\/api.w.org\/{rel}","templated":true}]}}