{"id":13440,"date":"2026-03-04T07:22:05","date_gmt":"2026-03-04T07:22:05","guid":{"rendered":"https:\/\/www.elpex.se\/klassisk-eller-skate\/"},"modified":"2026-03-06T09:11:53","modified_gmt":"2026-03-06T09:11:53","slug":"klassisk-eller-skate","status":"publish","type":"page","link":"https:\/\/www.elpex.se\/no\/guider\/klassisk-eller-skate\/","title":{"rendered":"Klassisk eller skate?"},"content":{"rendered":"\n<h2 class=\"wp-block-heading\">Hvilken stil skal du velge og hvorfor?<\/h2>\n\n<p>N\u00e5r du begynner med rulleski, er et av de f\u00f8rste sp\u00f8rsm\u00e5lene hvilken stil du skal velge. Skal du g\u00e5 klassisk eller skate? Begge treningsformene er effektive og morsomme, men de skiller seg ganske mye i f\u00f8lelse, teknikk og hvor lett det er \u00e5 komme i gang.  <\/p>\n\n<p>Her g\u00e5r vi gjennom forskjellene slik at du kan velge riktig fra starten.<\/p>\n\n<hr class=\"wp-block-separator has-alpha-channel-opacity\"\/>\n\n<h2 class=\"wp-block-heading\">Hva inneb\u00e6rer klassisk kj\u00f8ring?<\/h2>\n\n<p>Klassisk kj\u00f8ring ligner den tradisjonelle langrennskj\u00f8ringen der skiene g\u00e5r parallelt. Du driver deg fremover gjennom staking med armene eller gjennom diagonalkj\u00f8ring der armer og ben arbeider vekselvis. <\/p>\n\n<p>P\u00e5 rulleski finnes det en sperre i bakhjulet som gj\u00f8r at skien ikke ruller bakover n\u00e5r du skyver fra. Det gj\u00f8r at du f\u00e5r feste p\u00e5 samme m\u00e5te som med festvoks eller felleski (som p\u00e5 skinnskier) om vinteren. <\/p>\n\n<p>Klassisk rulleskikj\u00f8ring oppleves ofte som mer stabil og kontrollert for nybegynnere. Skiene er lengre og hjulene er bredere, noe som gir bedre balanse. Bevegelsen er ogs\u00e5 mer naturlig for mange siden den ligner vanlig gange.  <\/p>\n\n<p>For de fleste mosjonister er klassisk kj\u00f8ring derfor den enkleste m\u00e5ten \u00e5 begynne med rulleski p\u00e5.<\/p>\n\n<hr class=\"wp-block-separator has-alpha-channel-opacity\"\/>\n\n<h2 class=\"wp-block-heading\">Hva inneb\u00e6rer skate?<\/h2>\n\n<p>Skate p\u00e5 rulleski fungerer p\u00e5 samme m\u00e5te som skate i langrenn. Du skyver fra i en V-formet bevegelse der skiene vinkles ut fra kroppen. Kraften kommer fra benenes framdrift samtidig som stavene brukes for \u00e5 forsterke bevegelsen.  <\/p>\n\n<p>Skateski har ingen sperre i hjulene. Alle hjul ruller fritt, noe som gj\u00f8r at teknikken bygger mer p\u00e5 balanse og kontroll. <\/p>\n\n<p>Skate oppleves ofte som raskere og mer dynamisk. Samtidig stiller det h\u00f8yere krav til balanse og teknikk. For den som er helt utrenet kan skate f\u00f8les mer ustabilt de f\u00f8rste \u00f8ktene.  <\/p>\n\n<p>N\u00e5r teknikken f\u00f8rst sitter, opplever mange at skate gir en intens og morsom treningsf\u00f8lelse.<\/p>\n\n<hr class=\"wp-block-separator has-alpha-channel-opacity\"\/>\n\n<h2 class=\"wp-block-heading\">N\u00e5r passer klassisk best?<\/h2>\n\n<p>Klassisk passer spesielt godt for deg som vil komme i gang med trening i rolig tempo. Bevegelsen er stabil og lett \u00e5 forst\u00e5. Du kan begynne med staking og deretter gradvis l\u00e6re deg diagonalteknikken.  <\/p>\n\n<p>For mange mosjonister er klassisk ogs\u00e5 mer sk\u00e5nsomt siden tempoet ofte blir roligere og bevegelsene mer kontrollerte.<\/p>\n\n<p>Hvis m\u00e5let ditt er \u00e5 g\u00e5 langl\u00f8p om vinteren, for eksempel Vasaloppet, er klassisk rulleskikj\u00f8ring dessuten den mest relevante treningen.<\/p>\n\n<p><a href=\"https:\/\/www.elpex.se\/no\/produkt\/klassisk-wasa\/\">Elpex Classic Wasa<\/a> \u00e4r en modell som ofta fungerar bra f\u00f6r nyb\u00f6rjare eftersom den ger stabilitet och trygg k\u00e4nsla i \u00e5kningen.<\/p>\n\n<hr class=\"wp-block-separator has-alpha-channel-opacity\"\/>\n\n<h2 class=\"wp-block-heading\">N\u00e5r passer skate best?<\/h2>\n\n<p>Skate passer godt hvis du allerede g\u00e5r skate om vinteren og vil trene samme teknikk \u00e5ret rundt. Det er ogs\u00e5 et godt valg hvis du liker mer intensiv trening der pulsen raskt g\u00e5r opp. <\/p>\n\n<p>Siden bevegelsen krever mer balanse, kan det ta noen \u00f8kter f\u00f8r det f\u00f8les naturlig. N\u00e5r teknikken f\u00f8rst sitter, opplever mange at skate gir en veldig fri og flytende f\u00f8lelse. <\/p>\n\n<p>For skatekj\u00f8ring er en modell som <a href=\"https:\/\/www.elpex.se\/no\/produkt\/skoytelop\/\">Elpex Skate Race<\/a> et vanlig valg siden den gir god respons og kontroll.<\/p>\n\n<hr class=\"wp-block-separator has-alpha-channel-opacity\"\/>\n\n<h2 class=\"wp-block-heading\">Kondisjon og treningsf\u00f8lelse<\/h2>\n\n<p>Begge stilene gir veldig god kondisjonstrening. Forskjellen ligger mer i hvordan treningen f\u00f8les. <\/p>\n\n<p>Klassisk oppleves ofte som mer rytmisk og utholdenhetsorientert. Du kan holde et jevnt tempo over lengre tid og fokusere p\u00e5 teknikk og styrke i overkroppen. <\/p>\n\n<p>Skate f\u00f8les ofte mer eksplosivt og pulsdrivende. Tempoet blir h\u00f8yere og arbeidet i benene mer intensivt. <\/p>\n\n<p>Hvilken stil som f\u00f8les best, avhenger derfor mye av hva du synes er morsomst.<\/p>\n\n<hr class=\"wp-block-separator has-alpha-channel-opacity\"\/>\n\n<h2 class=\"wp-block-heading\">Hvilken stil er enklest \u00e5 begynne med?<\/h2>\n\n<p>For helt nye mosjonister er klassisk rulleskikj\u00f8ring oftest enklest \u00e5 begynne med. Mer stabile ski og tydeligere bevegelsesm\u00f8nster gj\u00f8r at mange f\u00f8ler seg tryggere allerede fra f\u00f8rste \u00f8kt. <\/p>\n\n<p>Skate kan absolutt fungere for nybegynnere, men krever litt mer balanse og teknikk.<\/p>\n\n<p>Hvis du er usikker, er klassisk derfor ofte et godt f\u00f8rste steg. N\u00e5r du har blitt varm i tr\u00f8ya, kan du alltid pr\u00f8ve skate senere. <\/p>\n\n<hr class=\"wp-block-separator has-alpha-channel-opacity\"\/>\n\n<h2 class=\"wp-block-heading\">Oppsummering<\/h2>\n\n<p>Klassisk kj\u00f8ring er stabil, lett \u00e5 l\u00e6re og passer godt for nybegynnere og langl\u00f8pskj\u00f8rere. Skate er raskere og mer dynamisk, men krever mer balanse og teknikk. <\/p>\n\n<p>Det viktigste er \u00e5 velge en stil som gj\u00f8r at du faktisk kommer ut og trener. N\u00e5r rulleski f\u00f8les morsomt og trygt, blir treningen en naturlig del av hverdagen. <\/p>\n","protected":false},"excerpt":{"rendered":"<p>Hvilken stil skal du velge og hvorfor? N\u00e5r du begynner med rulleski, er et av de f\u00f8rste sp\u00f8rsm\u00e5lene hvilken stil du skal velge. Skal du g\u00e5 klassisk eller skate? Begge treningsformene er effektive og morsomme, men de skiller seg ganske mye i f\u00f8lelse, teknikk og [&hellip;]<\/p>\n","protected":false},"author":5,"featured_media":0,"parent":12307,"menu_order":0,"comment_status":"closed","ping_status":"closed","template":"","meta":{"footnotes":""},"class_list":["post-13440","page","type-page","status-publish","hentry"],"yoast_head":"<!-- This site is optimized with the Yoast SEO plugin v27.4 - https:\/\/yoast.com\/product\/yoast-seo-wordpress\/ -->\n<title>Klassisk eller skate? - Elpex<\/title>\n<meta name=\"robots\" content=\"index, follow, max-snippet:-1, max-image-preview:large, max-video-preview:-1\" \/>\n<link rel=\"canonical\" href=\"https:\/\/www.elpex.se\/no\/guider\/klassisk-eller-skate\/\" \/>\n<meta property=\"og:locale\" content=\"nb_NO\" \/>\n<meta property=\"og:type\" content=\"article\" \/>\n<meta property=\"og:title\" content=\"Klassisk eller skate? - Elpex\" \/>\n<meta property=\"og:description\" content=\"Hvilken stil skal du velge og hvorfor? N\u00e5r du begynner med rulleski, er et av de f\u00f8rste sp\u00f8rsm\u00e5lene hvilken stil du skal velge. Skal du g\u00e5 klassisk eller skate? Begge treningsformene er effektive og morsomme, men de skiller seg ganske mye i f\u00f8lelse, teknikk og [&hellip;]\" \/>\n<meta property=\"og:url\" content=\"https:\/\/www.elpex.se\/no\/guider\/klassisk-eller-skate\/\" \/>\n<meta property=\"og:site_name\" content=\"Elpex\" \/>\n<meta property=\"article:publisher\" content=\"https:\/\/www.facebook.com\/www.elpex.se\/?locale=sv_SE\" \/>\n<meta property=\"article:modified_time\" content=\"2026-03-06T09:11:53+00:00\" \/>\n<meta name=\"twitter:card\" content=\"summary_large_image\" \/>\n<meta name=\"twitter:label1\" content=\"Ansl. lesetid\" \/>\n\t<meta name=\"twitter:data1\" content=\"4 minutter\" \/>\n<script type=\"application\/ld+json\" class=\"yoast-schema-graph\">{\"@context\":\"https:\\\/\\\/schema.org\",\"@graph\":[{\"@type\":\"WebPage\",\"@id\":\"https:\\\/\\\/www.elpex.se\\\/no\\\/guider\\\/klassisk-eller-skate\\\/\",\"url\":\"https:\\\/\\\/www.elpex.se\\\/no\\\/guider\\\/klassisk-eller-skate\\\/\",\"name\":\"Klassisk eller skate? - Elpex\",\"isPartOf\":{\"@id\":\"https:\\\/\\\/www.elpex.se\\\/no\\\/#website\"},\"datePublished\":\"2026-03-04T07:22:05+00:00\",\"dateModified\":\"2026-03-06T09:11:53+00:00\",\"breadcrumb\":{\"@id\":\"https:\\\/\\\/www.elpex.se\\\/no\\\/guider\\\/klassisk-eller-skate\\\/#breadcrumb\"},\"inLanguage\":\"nb-NO\",\"potentialAction\":[{\"@type\":\"ReadAction\",\"target\":[\"https:\\\/\\\/www.elpex.se\\\/no\\\/guider\\\/klassisk-eller-skate\\\/\"]}]},{\"@type\":\"BreadcrumbList\",\"@id\":\"https:\\\/\\\/www.elpex.se\\\/no\\\/guider\\\/klassisk-eller-skate\\\/#breadcrumb\",\"itemListElement\":[{\"@type\":\"ListItem\",\"position\":1,\"name\":\"Hem\",\"item\":\"https:\\\/\\\/www.elpex.se\\\/no\\\/\"},{\"@type\":\"ListItem\",\"position\":2,\"name\":\"Tips &amp; guider\",\"item\":\"https:\\\/\\\/www.elpex.se\\\/no\\\/guider\\\/\"},{\"@type\":\"ListItem\",\"position\":3,\"name\":\"Klassisk eller skate?\"}]},{\"@type\":\"WebSite\",\"@id\":\"https:\\\/\\\/www.elpex.se\\\/no\\\/#website\",\"url\":\"https:\\\/\\\/www.elpex.se\\\/no\\\/\",\"name\":\"Elpex\",\"description\":\"\",\"publisher\":{\"@id\":\"https:\\\/\\\/www.elpex.se\\\/no\\\/#organization\"},\"potentialAction\":[{\"@type\":\"SearchAction\",\"target\":{\"@type\":\"EntryPoint\",\"urlTemplate\":\"https:\\\/\\\/www.elpex.se\\\/no\\\/?s={search_term_string}\"},\"query-input\":{\"@type\":\"PropertyValueSpecification\",\"valueRequired\":true,\"valueName\":\"search_term_string\"}}],\"inLanguage\":\"nb-NO\"},{\"@type\":\"Organization\",\"@id\":\"https:\\\/\\\/www.elpex.se\\\/no\\\/#organization\",\"name\":\"Elpex\",\"url\":\"https:\\\/\\\/www.elpex.se\\\/no\\\/\",\"logo\":{\"@type\":\"ImageObject\",\"inLanguage\":\"nb-NO\",\"@id\":\"https:\\\/\\\/www.elpex.se\\\/no\\\/#\\\/schema\\\/logo\\\/image\\\/\",\"url\":\"https:\\\/\\\/www.elpex.se\\\/wp-content\\\/uploads\\\/2024\\\/11\\\/Elpex-logo_svart.svg\",\"contentUrl\":\"https:\\\/\\\/www.elpex.se\\\/wp-content\\\/uploads\\\/2024\\\/11\\\/Elpex-logo_svart.svg\",\"caption\":\"Elpex\"},\"image\":{\"@id\":\"https:\\\/\\\/www.elpex.se\\\/no\\\/#\\\/schema\\\/logo\\\/image\\\/\"},\"sameAs\":[\"https:\\\/\\\/www.facebook.com\\\/www.elpex.se\\\/?locale=sv_SE\",\"https:\\\/\\\/www.instagram.com\\\/elpexrollerskis\\\/\"]}]}<\/script>\n<!-- \/ Yoast SEO plugin. -->","yoast_head_json":{"title":"Klassisk eller skate? - Elpex","robots":{"index":"index","follow":"follow","max-snippet":"max-snippet:-1","max-image-preview":"max-image-preview:large","max-video-preview":"max-video-preview:-1"},"canonical":"https:\/\/www.elpex.se\/no\/guider\/klassisk-eller-skate\/","og_locale":"nb_NO","og_type":"article","og_title":"Klassisk eller skate? - Elpex","og_description":"Hvilken stil skal du velge og hvorfor? N\u00e5r du begynner med rulleski, er et av de f\u00f8rste sp\u00f8rsm\u00e5lene hvilken stil du skal velge. Skal du g\u00e5 klassisk eller skate? Begge treningsformene er effektive og morsomme, men de skiller seg ganske mye i f\u00f8lelse, teknikk og [&hellip;]","og_url":"https:\/\/www.elpex.se\/no\/guider\/klassisk-eller-skate\/","og_site_name":"Elpex","article_publisher":"https:\/\/www.facebook.com\/www.elpex.se\/?locale=sv_SE","article_modified_time":"2026-03-06T09:11:53+00:00","twitter_card":"summary_large_image","twitter_misc":{"Ansl. lesetid":"4 minutter"},"schema":{"@context":"https:\/\/schema.org","@graph":[{"@type":"WebPage","@id":"https:\/\/www.elpex.se\/no\/guider\/klassisk-eller-skate\/","url":"https:\/\/www.elpex.se\/no\/guider\/klassisk-eller-skate\/","name":"Klassisk eller skate? - Elpex","isPartOf":{"@id":"https:\/\/www.elpex.se\/no\/#website"},"datePublished":"2026-03-04T07:22:05+00:00","dateModified":"2026-03-06T09:11:53+00:00","breadcrumb":{"@id":"https:\/\/www.elpex.se\/no\/guider\/klassisk-eller-skate\/#breadcrumb"},"inLanguage":"nb-NO","potentialAction":[{"@type":"ReadAction","target":["https:\/\/www.elpex.se\/no\/guider\/klassisk-eller-skate\/"]}]},{"@type":"BreadcrumbList","@id":"https:\/\/www.elpex.se\/no\/guider\/klassisk-eller-skate\/#breadcrumb","itemListElement":[{"@type":"ListItem","position":1,"name":"Hem","item":"https:\/\/www.elpex.se\/no\/"},{"@type":"ListItem","position":2,"name":"Tips &amp; guider","item":"https:\/\/www.elpex.se\/no\/guider\/"},{"@type":"ListItem","position":3,"name":"Klassisk eller skate?"}]},{"@type":"WebSite","@id":"https:\/\/www.elpex.se\/no\/#website","url":"https:\/\/www.elpex.se\/no\/","name":"Elpex","description":"","publisher":{"@id":"https:\/\/www.elpex.se\/no\/#organization"},"potentialAction":[{"@type":"SearchAction","target":{"@type":"EntryPoint","urlTemplate":"https:\/\/www.elpex.se\/no\/?s={search_term_string}"},"query-input":{"@type":"PropertyValueSpecification","valueRequired":true,"valueName":"search_term_string"}}],"inLanguage":"nb-NO"},{"@type":"Organization","@id":"https:\/\/www.elpex.se\/no\/#organization","name":"Elpex","url":"https:\/\/www.elpex.se\/no\/","logo":{"@type":"ImageObject","inLanguage":"nb-NO","@id":"https:\/\/www.elpex.se\/no\/#\/schema\/logo\/image\/","url":"https:\/\/www.elpex.se\/wp-content\/uploads\/2024\/11\/Elpex-logo_svart.svg","contentUrl":"https:\/\/www.elpex.se\/wp-content\/uploads\/2024\/11\/Elpex-logo_svart.svg","caption":"Elpex"},"image":{"@id":"https:\/\/www.elpex.se\/no\/#\/schema\/logo\/image\/"},"sameAs":["https:\/\/www.facebook.com\/www.elpex.se\/?locale=sv_SE","https:\/\/www.instagram.com\/elpexrollerskis\/"]}]}},"_links":{"self":[{"href":"https:\/\/www.elpex.se\/no\/wp-json\/wp\/v2\/pages\/13440","targetHints":{"allow":["GET"]}}],"collection":[{"href":"https:\/\/www.elpex.se\/no\/wp-json\/wp\/v2\/pages"}],"about":[{"href":"https:\/\/www.elpex.se\/no\/wp-json\/wp\/v2\/types\/page"}],"author":[{"embeddable":true,"href":"https:\/\/www.elpex.se\/no\/wp-json\/wp\/v2\/users\/5"}],"replies":[{"embeddable":true,"href":"https:\/\/www.elpex.se\/no\/wp-json\/wp\/v2\/comments?post=13440"}],"version-history":[{"count":10,"href":"https:\/\/www.elpex.se\/no\/wp-json\/wp\/v2\/pages\/13440\/revisions"}],"predecessor-version":[{"id":13714,"href":"https:\/\/www.elpex.se\/no\/wp-json\/wp\/v2\/pages\/13440\/revisions\/13714"}],"up":[{"embeddable":true,"href":"https:\/\/www.elpex.se\/no\/wp-json\/wp\/v2\/pages\/12307"}],"wp:attachment":[{"href":"https:\/\/www.elpex.se\/no\/wp-json\/wp\/v2\/media?parent=13440"}],"curies":[{"name":"wp","href":"https:\/\/api.w.org\/{rel}","templated":true}]}}