{"id":12307,"date":"2026-01-27T09:28:30","date_gmt":"2026-01-27T09:28:30","guid":{"rendered":"https:\/\/www.elpex.se\/guider\/"},"modified":"2026-03-06T14:13:08","modified_gmt":"2026-03-06T14:13:08","slug":"guider","status":"publish","type":"page","link":"https:\/\/www.elpex.se\/no\/guider\/","title":{"rendered":"Tips &amp; guider"},"content":{"rendered":"\n<p>Her har vi samlet alle v\u00e5re tips og triks for rulleski!<\/p>\n\n<ol class=\"wp-block-list\">\n<li><a href=\"https:\/\/www.elpex.se\/no\/guider\/rulleski-for-nybegynnere\/\">Rulleski for nybegynnere<\/a><\/li>\n\n\n\n<li><a href=\"https:\/\/www.elpex.se\/no\/guider\/klassisk-eller-skate\/\">Klassisk vs. sk\u00f8yting \u2013 hvilken stil du b\u00f8r velge og hvorfor<\/a><\/li>\n\n\n\n<li><a href=\"https:\/\/www.elpex.se\/no\/guider\/utstyrslisten\/\">Utstyrslisten<\/a><\/li>\n\n\n\n<li><a href=\"https:\/\/www.elpex.se\/stavlangd-pa-rullskidor-sa-valjer-du-ratt\/\">Velg riktig stavlengde<\/a><\/li>\n\n\n\n<li><a href=\"https:\/\/www.elpex.se\/stavlangdskalkylator-for-rullskidor-och-langdskidor\/\">Stavlengdekalkulator<\/a><\/li>\n\n\n\n<li><a href=\"https:\/\/www.elpex.se\/hjulguide-for-rullskidor\/\">Hjulguide for rulleski \u2013 rullemotstand 2, 3, 4 og PU<\/a><\/li>\n\n\n\n<li><a href=\"https:\/\/www.elpex.se\/pjaxor-och-bindningar\/\">Skisko og bindinger \u2013 NNN, Turnamic og SNS<\/a><\/li>\n\n\n\n<li><a href=\"https:\/\/www.elpex.se\/sakerhet-pa-rullskidor-hjalm-reflexer-trafik-och-fallteknik\/\">Sikkerhet: reflekser, trafikk, hjelm, fallteknikk<\/a><\/li>\n\n\n\n<li><a href=\"https:\/\/www.elpex.se\/underlag-och-vader-vid-rullskidakning-vat-asfalt-grus-kyla-och-latt-sno\/\">Underlag og v\u00e6r: v\u00e5tt, ujevn asfalt, grus og lett sn\u00f8<\/a><\/li>\n\n\n\n<li><a href=\"https:\/\/www.elpex.se\/rullskidbanor-i-sverige-guide-till-traningsbanor\/\">Rulleskibaner i Sverige<\/a><\/li>\n\n\n\n<li><a href=\"https:\/\/www.elpex.se\/karta-over-rullskidbanor-i-sverige\/\">Kart over rulleskibaner i Sverige<\/a><\/li>\n\n\n\n<li><a href=\"https:\/\/www.elpex.se\/service-och-underhall-av-rullskidor\/\">Service og vedlikehold av rulleski<\/a><\/li>\n\n\n\n<li><a href=\"https:\/\/www.elpex.se\/sa-byter-du-hjul-pa-rullskidor-steg-for-steg\/\">Slik bytter du hjul p\u00e5 rulleski<\/a><\/li>\n\n\n\n<li><a href=\"https:\/\/www.elpex.se\/no\/guider\/slik-slipper-du-stavspissene-for-maksimalt-feste\/\">Slik slipper du stavspissene for maksimalt feste<\/a><\/li>\n\n\n\n<li><a href=\"https:\/\/www.elpex.se\/no\/vanlige-feil-pa-rulleski\/\">Vanlige feil p\u00e5 rulleski<\/a><\/li>\n\n\n\n<li><a href=\"https:\/\/www.elpex.se\/hur-bromsar-man-pa-rullskidor\/\">Hvordan bremser man p\u00e5 rulleski? Fem teknikker alle b\u00f8r kunne <\/a><\/li>\n<\/ol>\n\n<p><\/p>\n","protected":false},"excerpt":{"rendered":"<p>Her har vi samlet alle v\u00e5re tips og triks for rulleski!<\/p>\n","protected":false},"author":5,"featured_media":0,"parent":0,"menu_order":0,"comment_status":"closed","ping_status":"closed","template":"","meta":{"footnotes":""},"class_list":["post-12307","page","type-page","status-publish","hentry"],"yoast_head":"<!-- This site is optimized with the Yoast SEO plugin v27.4 - https:\/\/yoast.com\/product\/yoast-seo-wordpress\/ -->\n<title>Tips &amp; guider - Elpex<\/title>\n<meta name=\"robots\" content=\"index, follow, max-snippet:-1, max-image-preview:large, max-video-preview:-1\" \/>\n<link rel=\"canonical\" href=\"https:\/\/www.elpex.se\/no\/guider\/\" \/>\n<meta property=\"og:locale\" content=\"nb_NO\" \/>\n<meta property=\"og:type\" content=\"article\" \/>\n<meta property=\"og:title\" content=\"Tips &amp; guider - Elpex\" \/>\n<meta property=\"og:description\" content=\"Her har vi samlet alle v\u00e5re tips og triks for rulleski!\" \/>\n<meta property=\"og:url\" content=\"https:\/\/www.elpex.se\/no\/guider\/\" \/>\n<meta property=\"og:site_name\" content=\"Elpex\" \/>\n<meta property=\"article:publisher\" content=\"https:\/\/www.facebook.com\/www.elpex.se\/?locale=sv_SE\" \/>\n<meta property=\"article:modified_time\" content=\"2026-03-06T14:13:08+00:00\" \/>\n<meta name=\"twitter:card\" content=\"summary_large_image\" \/>\n<meta name=\"twitter:label1\" content=\"Ansl. lesetid\" \/>\n\t<meta name=\"twitter:data1\" content=\"1 minutt\" \/>\n<script type=\"application\/ld+json\" class=\"yoast-schema-graph\">{\"@context\":\"https:\\\/\\\/schema.org\",\"@graph\":[{\"@type\":\"WebPage\",\"@id\":\"https:\\\/\\\/www.elpex.se\\\/no\\\/guider\\\/\",\"url\":\"https:\\\/\\\/www.elpex.se\\\/no\\\/guider\\\/\",\"name\":\"Tips &amp; guider - Elpex\",\"isPartOf\":{\"@id\":\"https:\\\/\\\/www.elpex.se\\\/no\\\/#website\"},\"datePublished\":\"2026-01-27T09:28:30+00:00\",\"dateModified\":\"2026-03-06T14:13:08+00:00\",\"breadcrumb\":{\"@id\":\"https:\\\/\\\/www.elpex.se\\\/no\\\/guider\\\/#breadcrumb\"},\"inLanguage\":\"nb-NO\",\"potentialAction\":[{\"@type\":\"ReadAction\",\"target\":[\"https:\\\/\\\/www.elpex.se\\\/no\\\/guider\\\/\"]}]},{\"@type\":\"BreadcrumbList\",\"@id\":\"https:\\\/\\\/www.elpex.se\\\/no\\\/guider\\\/#breadcrumb\",\"itemListElement\":[{\"@type\":\"ListItem\",\"position\":1,\"name\":\"Hem\",\"item\":\"https:\\\/\\\/www.elpex.se\\\/no\\\/\"},{\"@type\":\"ListItem\",\"position\":2,\"name\":\"Tips &amp; guider\"}]},{\"@type\":\"WebSite\",\"@id\":\"https:\\\/\\\/www.elpex.se\\\/no\\\/#website\",\"url\":\"https:\\\/\\\/www.elpex.se\\\/no\\\/\",\"name\":\"Elpex\",\"description\":\"\",\"publisher\":{\"@id\":\"https:\\\/\\\/www.elpex.se\\\/no\\\/#organization\"},\"potentialAction\":[{\"@type\":\"SearchAction\",\"target\":{\"@type\":\"EntryPoint\",\"urlTemplate\":\"https:\\\/\\\/www.elpex.se\\\/no\\\/?s={search_term_string}\"},\"query-input\":{\"@type\":\"PropertyValueSpecification\",\"valueRequired\":true,\"valueName\":\"search_term_string\"}}],\"inLanguage\":\"nb-NO\"},{\"@type\":\"Organization\",\"@id\":\"https:\\\/\\\/www.elpex.se\\\/no\\\/#organization\",\"name\":\"Elpex\",\"url\":\"https:\\\/\\\/www.elpex.se\\\/no\\\/\",\"logo\":{\"@type\":\"ImageObject\",\"inLanguage\":\"nb-NO\",\"@id\":\"https:\\\/\\\/www.elpex.se\\\/no\\\/#\\\/schema\\\/logo\\\/image\\\/\",\"url\":\"https:\\\/\\\/www.elpex.se\\\/wp-content\\\/uploads\\\/2024\\\/11\\\/Elpex-logo_svart.svg\",\"contentUrl\":\"https:\\\/\\\/www.elpex.se\\\/wp-content\\\/uploads\\\/2024\\\/11\\\/Elpex-logo_svart.svg\",\"caption\":\"Elpex\"},\"image\":{\"@id\":\"https:\\\/\\\/www.elpex.se\\\/no\\\/#\\\/schema\\\/logo\\\/image\\\/\"},\"sameAs\":[\"https:\\\/\\\/www.facebook.com\\\/www.elpex.se\\\/?locale=sv_SE\",\"https:\\\/\\\/www.instagram.com\\\/elpexrollerskis\\\/\"]}]}<\/script>\n<!-- \/ Yoast SEO plugin. -->","yoast_head_json":{"title":"Tips &amp; guider - Elpex","robots":{"index":"index","follow":"follow","max-snippet":"max-snippet:-1","max-image-preview":"max-image-preview:large","max-video-preview":"max-video-preview:-1"},"canonical":"https:\/\/www.elpex.se\/no\/guider\/","og_locale":"nb_NO","og_type":"article","og_title":"Tips &amp; guider - Elpex","og_description":"Her har vi samlet alle v\u00e5re tips og triks for rulleski!","og_url":"https:\/\/www.elpex.se\/no\/guider\/","og_site_name":"Elpex","article_publisher":"https:\/\/www.facebook.com\/www.elpex.se\/?locale=sv_SE","article_modified_time":"2026-03-06T14:13:08+00:00","twitter_card":"summary_large_image","twitter_misc":{"Ansl. lesetid":"1 minutt"},"schema":{"@context":"https:\/\/schema.org","@graph":[{"@type":"WebPage","@id":"https:\/\/www.elpex.se\/no\/guider\/","url":"https:\/\/www.elpex.se\/no\/guider\/","name":"Tips &amp; guider - Elpex","isPartOf":{"@id":"https:\/\/www.elpex.se\/no\/#website"},"datePublished":"2026-01-27T09:28:30+00:00","dateModified":"2026-03-06T14:13:08+00:00","breadcrumb":{"@id":"https:\/\/www.elpex.se\/no\/guider\/#breadcrumb"},"inLanguage":"nb-NO","potentialAction":[{"@type":"ReadAction","target":["https:\/\/www.elpex.se\/no\/guider\/"]}]},{"@type":"BreadcrumbList","@id":"https:\/\/www.elpex.se\/no\/guider\/#breadcrumb","itemListElement":[{"@type":"ListItem","position":1,"name":"Hem","item":"https:\/\/www.elpex.se\/no\/"},{"@type":"ListItem","position":2,"name":"Tips &amp; guider"}]},{"@type":"WebSite","@id":"https:\/\/www.elpex.se\/no\/#website","url":"https:\/\/www.elpex.se\/no\/","name":"Elpex","description":"","publisher":{"@id":"https:\/\/www.elpex.se\/no\/#organization"},"potentialAction":[{"@type":"SearchAction","target":{"@type":"EntryPoint","urlTemplate":"https:\/\/www.elpex.se\/no\/?s={search_term_string}"},"query-input":{"@type":"PropertyValueSpecification","valueRequired":true,"valueName":"search_term_string"}}],"inLanguage":"nb-NO"},{"@type":"Organization","@id":"https:\/\/www.elpex.se\/no\/#organization","name":"Elpex","url":"https:\/\/www.elpex.se\/no\/","logo":{"@type":"ImageObject","inLanguage":"nb-NO","@id":"https:\/\/www.elpex.se\/no\/#\/schema\/logo\/image\/","url":"https:\/\/www.elpex.se\/wp-content\/uploads\/2024\/11\/Elpex-logo_svart.svg","contentUrl":"https:\/\/www.elpex.se\/wp-content\/uploads\/2024\/11\/Elpex-logo_svart.svg","caption":"Elpex"},"image":{"@id":"https:\/\/www.elpex.se\/no\/#\/schema\/logo\/image\/"},"sameAs":["https:\/\/www.facebook.com\/www.elpex.se\/?locale=sv_SE","https:\/\/www.instagram.com\/elpexrollerskis\/"]}]}},"_links":{"self":[{"href":"https:\/\/www.elpex.se\/no\/wp-json\/wp\/v2\/pages\/12307","targetHints":{"allow":["GET"]}}],"collection":[{"href":"https:\/\/www.elpex.se\/no\/wp-json\/wp\/v2\/pages"}],"about":[{"href":"https:\/\/www.elpex.se\/no\/wp-json\/wp\/v2\/types\/page"}],"author":[{"embeddable":true,"href":"https:\/\/www.elpex.se\/no\/wp-json\/wp\/v2\/users\/5"}],"replies":[{"embeddable":true,"href":"https:\/\/www.elpex.se\/no\/wp-json\/wp\/v2\/comments?post=12307"}],"version-history":[{"count":19,"href":"https:\/\/www.elpex.se\/no\/wp-json\/wp\/v2\/pages\/12307\/revisions"}],"predecessor-version":[{"id":14289,"href":"https:\/\/www.elpex.se\/no\/wp-json\/wp\/v2\/pages\/12307\/revisions\/14289"}],"wp:attachment":[{"href":"https:\/\/www.elpex.se\/no\/wp-json\/wp\/v2\/media?parent=12307"}],"curies":[{"name":"wp","href":"https:\/\/api.w.org\/{rel}","templated":true}]}}