{"id":8195,"date":"2025-03-16T19:46:09","date_gmt":"2025-03-16T19:46:09","guid":{"rendered":"https:\/\/www.elpex.se\/?post_type=product&#038;p=8195"},"modified":"2026-03-04T07:36:50","modified_gmt":"2026-03-04T07:36:50","slug":"skate-off-road-kopia","status":"publish","type":"product","link":"https:\/\/www.elpex.se\/fr\/produkt\/skate-off-road-kopia\/","title":{"rendered":"Skate Off Road"},"content":{"rendered":"<p data-start=\"0\" data-end=\"237\">Lorsque l&rsquo;acc\u00e8s \u00e0 un bon asphalte est limit\u00e9, <strong data-start=\"47\" data-end=\"65\">Skate Off Road<\/strong> est le choix \u00e9vident \u2013 con\u00e7u pour affronter les surfaces non rev\u00eatues comme les chemins forestiers et les routes de gravier. Un ski-roues de skate sans syst\u00e8me anti-recul, parfait pour les chemins de gravier et les pistes d&rsquo;entra\u00eenement difficiles. <\/p>\n<p data-start=\"239\" data-end=\"406\">Skate Off Road est \u00e9quip\u00e9 de roues en caoutchouc de 130 mm qui, combin\u00e9es \u00e0 une garde au sol basse, offrent une glisse tr\u00e8s confortable et un contr\u00f4le stable. Disponible uniquement avec une r\u00e9sistance au roulement 2. <\/p>\n<p data-start=\"408\" data-end=\"446\"><strong data-start=\"408\" data-end=\"425\">Type de skieur :<\/strong> Tous types de skieurs.<\/p>\n<p data-start=\"448\" data-end=\"467\"><strong data-start=\"448\" data-end=\"465\">Nouveaut\u00e9s 2026 :<\/strong><\/p>\n<ul>\n<li data-start=\"470\" data-end=\"497\">Nouveaux profils am\u00e9lior\u00e9s<\/li>\n<li data-start=\"470\" data-end=\"497\">Nouvelles jantes en aluminium am\u00e9lior\u00e9es<\/li>\n<li data-start=\"500\" data-end=\"525\">Garde-boue renforc\u00e9s<\/li>\n<li data-start=\"528\" data-end=\"578\">Rev\u00eatement zinc-nickel fonc\u00e9 sur les vis et les boulons<\/li>\n<li data-start=\"581\" data-end=\"607\">S\u00e9rigraphie am\u00e9lior\u00e9e sur les structures<\/li>\n<\/ul>\n","protected":false},"excerpt":{"rendered":"<p>Le ski \u00e0 roulettes pour le ski de patinage ! Parfaitement adapt\u00e9 aux routes de gravier et aux pistes \u00e9lectriques. <\/p>\n","protected":false},"featured_media":8205,"template":"","meta":[],"product_brand":[],"product_cat":[228,255,201],"product_tag":[205],"class_list":{"0":"post-8195","1":"product","2":"type-product","3":"status-publish","4":"has-post-thumbnail","6":"product_cat-hors-route","7":"product_cat-patiner","8":"product_cat-skis-a-roulettes","9":"product_tag-elite-fr","11":"first","12":"outofstock","13":"taxable","14":"shipping-taxable","15":"purchasable","16":"product-type-simple"},"composite_virtual":false,"composite_layout":"","composite_add_to_cart_form_location":"","composite_editable_in_cart":false,"composite_sold_individually_context":"","composite_shop_price_calc":"","composite_components":[],"composite_scenarios":[],"yoast_head":"<!-- This site is optimized with the Yoast SEO plugin v27.4 - https:\/\/yoast.com\/product\/yoast-seo-wordpress\/ -->\n<title>Skate Off Road - Elpex<\/title>\n<meta name=\"robots\" content=\"index, follow, max-snippet:-1, max-image-preview:large, max-video-preview:-1\" \/>\n<link rel=\"canonical\" href=\"https:\/\/www.elpex.se\/fr\/produkt\/skate-off-road-kopia\/\" \/>\n<meta property=\"og:locale\" content=\"fr_FR\" \/>\n<meta property=\"og:type\" content=\"article\" \/>\n<meta property=\"og:title\" content=\"Skate Off Road - Elpex\" \/>\n<meta property=\"og:description\" content=\"Le ski \u00e0 roulettes pour le ski de patinage ! Parfaitement adapt\u00e9 aux routes de gravier et aux pistes \u00e9lectriques.\" \/>\n<meta property=\"og:url\" content=\"https:\/\/www.elpex.se\/fr\/produkt\/skate-off-road-kopia\/\" \/>\n<meta property=\"og:site_name\" content=\"Elpex\" \/>\n<meta property=\"article:publisher\" content=\"https:\/\/www.facebook.com\/www.elpex.se\/?locale=sv_SE\" \/>\n<meta property=\"article:modified_time\" content=\"2026-03-04T07:36:50+00:00\" \/>\n<meta property=\"og:image\" content=\"https:\/\/www.elpex.se\/wp-content\/uploads\/2025\/03\/Skate_off-road_6.png\" \/>\n\t<meta property=\"og:image:width\" content=\"1080\" \/>\n\t<meta property=\"og:image:height\" content=\"1450\" \/>\n\t<meta property=\"og:image:type\" content=\"image\/png\" \/>\n<meta name=\"twitter:card\" content=\"summary_large_image\" \/>\n<meta name=\"twitter:label1\" content=\"Dur\u00e9e de lecture estim\u00e9e\" \/>\n\t<meta name=\"twitter:data1\" content=\"1 minute\" \/>\n<script type=\"application\/ld+json\" class=\"yoast-schema-graph\">{\"@context\":\"https:\\\/\\\/schema.org\",\"@graph\":[{\"@type\":\"WebPage\",\"@id\":\"https:\\\/\\\/www.elpex.se\\\/fr\\\/produkt\\\/skate-off-road-kopia\\\/\",\"url\":\"https:\\\/\\\/www.elpex.se\\\/fr\\\/produkt\\\/skate-off-road-kopia\\\/\",\"name\":\"Skate Off Road - Elpex\",\"isPartOf\":{\"@id\":\"https:\\\/\\\/www.elpex.se\\\/fr\\\/#website\"},\"primaryImageOfPage\":{\"@id\":\"https:\\\/\\\/www.elpex.se\\\/fr\\\/produkt\\\/skate-off-road-kopia\\\/#primaryimage\"},\"image\":{\"@id\":\"https:\\\/\\\/www.elpex.se\\\/fr\\\/produkt\\\/skate-off-road-kopia\\\/#primaryimage\"},\"thumbnailUrl\":\"https:\\\/\\\/www.elpex.se\\\/wp-content\\\/uploads\\\/2025\\\/03\\\/Skate_off-road_6.png\",\"datePublished\":\"2025-03-16T19:46:09+00:00\",\"dateModified\":\"2026-03-04T07:36:50+00:00\",\"breadcrumb\":{\"@id\":\"https:\\\/\\\/www.elpex.se\\\/fr\\\/produkt\\\/skate-off-road-kopia\\\/#breadcrumb\"},\"inLanguage\":\"fr-FR\",\"potentialAction\":[{\"@type\":\"ReadAction\",\"target\":[\"https:\\\/\\\/www.elpex.se\\\/fr\\\/produkt\\\/skate-off-road-kopia\\\/\"]}]},{\"@type\":\"ImageObject\",\"inLanguage\":\"fr-FR\",\"@id\":\"https:\\\/\\\/www.elpex.se\\\/fr\\\/produkt\\\/skate-off-road-kopia\\\/#primaryimage\",\"url\":\"https:\\\/\\\/www.elpex.se\\\/wp-content\\\/uploads\\\/2025\\\/03\\\/Skate_off-road_6.png\",\"contentUrl\":\"https:\\\/\\\/www.elpex.se\\\/wp-content\\\/uploads\\\/2025\\\/03\\\/Skate_off-road_6.png\",\"width\":1080,\"height\":1450},{\"@type\":\"BreadcrumbList\",\"@id\":\"https:\\\/\\\/www.elpex.se\\\/fr\\\/produkt\\\/skate-off-road-kopia\\\/#breadcrumb\",\"itemListElement\":[{\"@type\":\"ListItem\",\"position\":1,\"name\":\"Hem\",\"item\":\"https:\\\/\\\/www.elpex.se\\\/fr\\\/\"},{\"@type\":\"ListItem\",\"position\":2,\"name\":\"Skis \u00e0 roulettes et accessoires\",\"item\":\"https:\\\/\\\/www.elpex.se\\\/fr\\\/shop\\\/\"},{\"@type\":\"ListItem\",\"position\":3,\"name\":\"Skate Off Road\"}]},{\"@type\":\"WebSite\",\"@id\":\"https:\\\/\\\/www.elpex.se\\\/fr\\\/#website\",\"url\":\"https:\\\/\\\/www.elpex.se\\\/fr\\\/\",\"name\":\"Elpex\",\"description\":\"\",\"publisher\":{\"@id\":\"https:\\\/\\\/www.elpex.se\\\/fr\\\/#organization\"},\"potentialAction\":[{\"@type\":\"SearchAction\",\"target\":{\"@type\":\"EntryPoint\",\"urlTemplate\":\"https:\\\/\\\/www.elpex.se\\\/fr\\\/?s={search_term_string}\"},\"query-input\":{\"@type\":\"PropertyValueSpecification\",\"valueRequired\":true,\"valueName\":\"search_term_string\"}}],\"inLanguage\":\"fr-FR\"},{\"@type\":\"Organization\",\"@id\":\"https:\\\/\\\/www.elpex.se\\\/fr\\\/#organization\",\"name\":\"Elpex\",\"url\":\"https:\\\/\\\/www.elpex.se\\\/fr\\\/\",\"logo\":{\"@type\":\"ImageObject\",\"inLanguage\":\"fr-FR\",\"@id\":\"https:\\\/\\\/www.elpex.se\\\/fr\\\/#\\\/schema\\\/logo\\\/image\\\/\",\"url\":\"https:\\\/\\\/www.elpex.se\\\/wp-content\\\/uploads\\\/2024\\\/11\\\/Elpex-logo_svart.svg\",\"contentUrl\":\"https:\\\/\\\/www.elpex.se\\\/wp-content\\\/uploads\\\/2024\\\/11\\\/Elpex-logo_svart.svg\",\"caption\":\"Elpex\"},\"image\":{\"@id\":\"https:\\\/\\\/www.elpex.se\\\/fr\\\/#\\\/schema\\\/logo\\\/image\\\/\"},\"sameAs\":[\"https:\\\/\\\/www.facebook.com\\\/www.elpex.se\\\/?locale=sv_SE\",\"https:\\\/\\\/www.instagram.com\\\/elpexrollerskis\\\/\"]}]}<\/script>\n<!-- \/ Yoast SEO plugin. -->","yoast_head_json":{"title":"Skate Off Road - Elpex","robots":{"index":"index","follow":"follow","max-snippet":"max-snippet:-1","max-image-preview":"max-image-preview:large","max-video-preview":"max-video-preview:-1"},"canonical":"https:\/\/www.elpex.se\/fr\/produkt\/skate-off-road-kopia\/","og_locale":"fr_FR","og_type":"article","og_title":"Skate Off Road - Elpex","og_description":"Le ski \u00e0 roulettes pour le ski de patinage ! Parfaitement adapt\u00e9 aux routes de gravier et aux pistes \u00e9lectriques.","og_url":"https:\/\/www.elpex.se\/fr\/produkt\/skate-off-road-kopia\/","og_site_name":"Elpex","article_publisher":"https:\/\/www.facebook.com\/www.elpex.se\/?locale=sv_SE","article_modified_time":"2026-03-04T07:36:50+00:00","og_image":[{"width":1080,"height":1450,"url":"https:\/\/www.elpex.se\/wp-content\/uploads\/2025\/03\/Skate_off-road_6.png","type":"image\/png"}],"twitter_card":"summary_large_image","twitter_misc":{"Dur\u00e9e de lecture estim\u00e9e":"1 minute"},"schema":{"@context":"https:\/\/schema.org","@graph":[{"@type":"WebPage","@id":"https:\/\/www.elpex.se\/fr\/produkt\/skate-off-road-kopia\/","url":"https:\/\/www.elpex.se\/fr\/produkt\/skate-off-road-kopia\/","name":"Skate Off Road - Elpex","isPartOf":{"@id":"https:\/\/www.elpex.se\/fr\/#website"},"primaryImageOfPage":{"@id":"https:\/\/www.elpex.se\/fr\/produkt\/skate-off-road-kopia\/#primaryimage"},"image":{"@id":"https:\/\/www.elpex.se\/fr\/produkt\/skate-off-road-kopia\/#primaryimage"},"thumbnailUrl":"https:\/\/www.elpex.se\/wp-content\/uploads\/2025\/03\/Skate_off-road_6.png","datePublished":"2025-03-16T19:46:09+00:00","dateModified":"2026-03-04T07:36:50+00:00","breadcrumb":{"@id":"https:\/\/www.elpex.se\/fr\/produkt\/skate-off-road-kopia\/#breadcrumb"},"inLanguage":"fr-FR","potentialAction":[{"@type":"ReadAction","target":["https:\/\/www.elpex.se\/fr\/produkt\/skate-off-road-kopia\/"]}]},{"@type":"ImageObject","inLanguage":"fr-FR","@id":"https:\/\/www.elpex.se\/fr\/produkt\/skate-off-road-kopia\/#primaryimage","url":"https:\/\/www.elpex.se\/wp-content\/uploads\/2025\/03\/Skate_off-road_6.png","contentUrl":"https:\/\/www.elpex.se\/wp-content\/uploads\/2025\/03\/Skate_off-road_6.png","width":1080,"height":1450},{"@type":"BreadcrumbList","@id":"https:\/\/www.elpex.se\/fr\/produkt\/skate-off-road-kopia\/#breadcrumb","itemListElement":[{"@type":"ListItem","position":1,"name":"Hem","item":"https:\/\/www.elpex.se\/fr\/"},{"@type":"ListItem","position":2,"name":"Skis \u00e0 roulettes et accessoires","item":"https:\/\/www.elpex.se\/fr\/shop\/"},{"@type":"ListItem","position":3,"name":"Skate Off Road"}]},{"@type":"WebSite","@id":"https:\/\/www.elpex.se\/fr\/#website","url":"https:\/\/www.elpex.se\/fr\/","name":"Elpex","description":"","publisher":{"@id":"https:\/\/www.elpex.se\/fr\/#organization"},"potentialAction":[{"@type":"SearchAction","target":{"@type":"EntryPoint","urlTemplate":"https:\/\/www.elpex.se\/fr\/?s={search_term_string}"},"query-input":{"@type":"PropertyValueSpecification","valueRequired":true,"valueName":"search_term_string"}}],"inLanguage":"fr-FR"},{"@type":"Organization","@id":"https:\/\/www.elpex.se\/fr\/#organization","name":"Elpex","url":"https:\/\/www.elpex.se\/fr\/","logo":{"@type":"ImageObject","inLanguage":"fr-FR","@id":"https:\/\/www.elpex.se\/fr\/#\/schema\/logo\/image\/","url":"https:\/\/www.elpex.se\/wp-content\/uploads\/2024\/11\/Elpex-logo_svart.svg","contentUrl":"https:\/\/www.elpex.se\/wp-content\/uploads\/2024\/11\/Elpex-logo_svart.svg","caption":"Elpex"},"image":{"@id":"https:\/\/www.elpex.se\/fr\/#\/schema\/logo\/image\/"},"sameAs":["https:\/\/www.facebook.com\/www.elpex.se\/?locale=sv_SE","https:\/\/www.instagram.com\/elpexrollerskis\/"]}]}},"_links":{"self":[{"href":"https:\/\/www.elpex.se\/fr\/wp-json\/wp\/v2\/product\/8195","targetHints":{"allow":["GET"]}}],"collection":[{"href":"https:\/\/www.elpex.se\/fr\/wp-json\/wp\/v2\/product"}],"about":[{"href":"https:\/\/www.elpex.se\/fr\/wp-json\/wp\/v2\/types\/product"}],"wp:featuredmedia":[{"embeddable":true,"href":"https:\/\/www.elpex.se\/fr\/wp-json\/wp\/v2\/media\/8205"}],"wp:attachment":[{"href":"https:\/\/www.elpex.se\/fr\/wp-json\/wp\/v2\/media?parent=8195"}],"wp:term":[{"taxonomy":"product_brand","embeddable":true,"href":"https:\/\/www.elpex.se\/fr\/wp-json\/wp\/v2\/product_brand?post=8195"},{"taxonomy":"product_cat","embeddable":true,"href":"https:\/\/www.elpex.se\/fr\/wp-json\/wp\/v2\/product_cat?post=8195"},{"taxonomy":"product_tag","embeddable":true,"href":"https:\/\/www.elpex.se\/fr\/wp-json\/wp\/v2\/product_tag?post=8195"}],"curies":[{"name":"wp","href":"https:\/\/api.w.org\/{rel}","templated":true}]}}