{"id":6812,"date":"2024-10-24T14:09:57","date_gmt":"2024-10-24T14:09:57","guid":{"rendered":"https:\/\/www.elpex.se\/produkt\/classique-wasa\/"},"modified":"2026-02-24T15:23:42","modified_gmt":"2026-02-24T15:23:42","slug":"classique-wasa","status":"publish","type":"product","link":"https:\/\/www.elpex.se\/fr\/produkt\/classique-wasa\/","title":{"rendered":"Classic Wasa"},"content":{"rendered":"<p data-start=\"0\" data-end=\"458\">L&rsquo;original, avec des racines qui remontent aux ann\u00e9es 80 ! Le ski \u00e0 roulettes le plus vendu au monde ? C&rsquo;est le mod\u00e8le le plus ancien de la gamme \u2013 et ce, pour une bonne raison : il est vraiment, vraiment excellent. Ses roues larges offrent une grande stabilit\u00e9 et son ch\u00e2ssis procure une flexibilit\u00e9 id\u00e9ale. C&rsquo;est le ski-roues d&rsquo;entra\u00eenement parfait pour tous, des d\u00e9butants aux skieurs d&rsquo;\u00e9lite. Une sensation de glisse stable et proche du ski de fond fait de l&rsquo;Elpex Wasa ton partenaire id\u00e9al sur les routes.   <\/p>\n<p data-start=\"460\" data-end=\"506\"><strong data-start=\"460\" data-end=\"477\">Type de skieur :<\/strong> D\u00e9butants et skieurs exp\u00e9riment\u00e9s.<\/p>\n<p data-start=\"508\" data-end=\"525\"><strong data-start=\"508\" data-end=\"525\">Nouveaut\u00e9s 2026 :<\/strong><\/p>\n<ul>\n<li data-start=\"529\" data-end=\"576\">Meilleur ajustement des roues et meilleure tenue dans les fourches<\/li>\n<li data-start=\"579\" data-end=\"629\">Rev\u00eatement zinc-nickel fonc\u00e9 sur les vis et les boulons<\/li>\n<li data-start=\"632\" data-end=\"658\">R\u00e9sistance \u00e0 l\u2019usure am\u00e9lior\u00e9e de la s\u00e9rigraphie de la carcasse<\/li>\n<\/ul>\n<p data-pm-slice=\"1 1 []\">\n","protected":false},"excerpt":{"rendered":"<p>L&rsquo;original, dont les racines remontent aux ann\u00e9es 80 ! Le ski \u00e0 roulettes le plus vendu au monde ? C&rsquo;est le mod\u00e8le qui est dans la gamme depuis le plus longtemps pour une raison : il est tr\u00e8s bon. Les roues larges assurent la stabilit\u00e9 et le cadre offre un poids raisonnable. <\/p>\n","protected":false},"featured_media":14370,"template":"","meta":[],"product_brand":[],"product_cat":[203,242,201],"product_tag":[513],"class_list":{"0":"post-6812","1":"product","2":"type-product","3":"status-publish","4":"has-post-thumbnail","6":"product_cat-classique","7":"product_cat-produits-populaires","8":"product_cat-skis-a-roulettes","9":"product_tag-debutant","11":"first","12":"instock","13":"taxable","14":"shipping-taxable","15":"purchasable","16":"product-type-variable"},"composite_virtual":false,"composite_layout":"","composite_add_to_cart_form_location":"","composite_editable_in_cart":false,"composite_sold_individually_context":"","composite_shop_price_calc":"","composite_components":[],"composite_scenarios":[],"yoast_head":"<!-- This site is optimized with the Yoast SEO plugin v27.4 - https:\/\/yoast.com\/product\/yoast-seo-wordpress\/ -->\n<title>Classic Wasa - Elpex<\/title>\n<meta name=\"robots\" content=\"index, follow, max-snippet:-1, max-image-preview:large, max-video-preview:-1\" \/>\n<link rel=\"canonical\" href=\"https:\/\/www.elpex.se\/fr\/produkt\/classique-wasa\/\" \/>\n<meta property=\"og:locale\" content=\"fr_FR\" \/>\n<meta property=\"og:type\" content=\"article\" \/>\n<meta property=\"og:title\" content=\"Classic Wasa - Elpex\" \/>\n<meta property=\"og:description\" content=\"L&#039;original, dont les racines remontent aux ann\u00e9es 80 ! Le ski \u00e0 roulettes le plus vendu au monde ? C&#039;est le mod\u00e8le qui est dans la gamme depuis le plus longtemps pour une raison : il est tr\u00e8s bon. Les roues larges assurent la stabilit\u00e9 et le cadre offre un poids raisonnable.\" \/>\n<meta property=\"og:url\" content=\"https:\/\/www.elpex.se\/fr\/produkt\/classique-wasa\/\" \/>\n<meta property=\"og:site_name\" content=\"Elpex\" \/>\n<meta property=\"article:publisher\" content=\"https:\/\/www.facebook.com\/www.elpex.se\/?locale=sv_SE\" \/>\n<meta property=\"article:modified_time\" content=\"2026-02-24T15:23:42+00:00\" \/>\n<meta property=\"og:image\" content=\"https:\/\/www.elpex.se\/wp-content\/uploads\/2024\/10\/Elpex_Classic-Wasa_2-scaled.jpg.webp\" \/>\n\t<meta property=\"og:image:width\" content=\"1907\" \/>\n\t<meta property=\"og:image:height\" content=\"2560\" \/>\n\t<meta property=\"og:image:type\" content=\"image\/jpeg\" \/>\n<meta name=\"twitter:card\" content=\"summary_large_image\" \/>\n<meta name=\"twitter:label1\" content=\"Dur\u00e9e de lecture estim\u00e9e\" \/>\n\t<meta name=\"twitter:data1\" content=\"1 minute\" \/>\n<script type=\"application\/ld+json\" class=\"yoast-schema-graph\">{\"@context\":\"https:\\\/\\\/schema.org\",\"@graph\":[{\"@type\":\"WebPage\",\"@id\":\"https:\\\/\\\/www.elpex.se\\\/fr\\\/produkt\\\/classique-wasa\\\/\",\"url\":\"https:\\\/\\\/www.elpex.se\\\/fr\\\/produkt\\\/classique-wasa\\\/\",\"name\":\"Classic Wasa - Elpex\",\"isPartOf\":{\"@id\":\"https:\\\/\\\/www.elpex.se\\\/fr\\\/#website\"},\"primaryImageOfPage\":{\"@id\":\"https:\\\/\\\/www.elpex.se\\\/fr\\\/produkt\\\/classique-wasa\\\/#primaryimage\"},\"image\":{\"@id\":\"https:\\\/\\\/www.elpex.se\\\/fr\\\/produkt\\\/classique-wasa\\\/#primaryimage\"},\"thumbnailUrl\":\"https:\\\/\\\/www.elpex.se\\\/wp-content\\\/uploads\\\/2024\\\/10\\\/Classic-Wasa-Camera-18.png\",\"datePublished\":\"2024-10-24T14:09:57+00:00\",\"dateModified\":\"2026-02-24T15:23:42+00:00\",\"breadcrumb\":{\"@id\":\"https:\\\/\\\/www.elpex.se\\\/fr\\\/produkt\\\/classique-wasa\\\/#breadcrumb\"},\"inLanguage\":\"fr-FR\",\"potentialAction\":[{\"@type\":\"ReadAction\",\"target\":[\"https:\\\/\\\/www.elpex.se\\\/fr\\\/produkt\\\/classique-wasa\\\/\"]}]},{\"@type\":\"ImageObject\",\"inLanguage\":\"fr-FR\",\"@id\":\"https:\\\/\\\/www.elpex.se\\\/fr\\\/produkt\\\/classique-wasa\\\/#primaryimage\",\"url\":\"https:\\\/\\\/www.elpex.se\\\/wp-content\\\/uploads\\\/2024\\\/10\\\/Classic-Wasa-Camera-18.png\",\"contentUrl\":\"https:\\\/\\\/www.elpex.se\\\/wp-content\\\/uploads\\\/2024\\\/10\\\/Classic-Wasa-Camera-18.png\",\"width\":1080,\"height\":1350},{\"@type\":\"BreadcrumbList\",\"@id\":\"https:\\\/\\\/www.elpex.se\\\/fr\\\/produkt\\\/classique-wasa\\\/#breadcrumb\",\"itemListElement\":[{\"@type\":\"ListItem\",\"position\":1,\"name\":\"Hem\",\"item\":\"https:\\\/\\\/www.elpex.se\\\/fr\\\/\"},{\"@type\":\"ListItem\",\"position\":2,\"name\":\"Skis \u00e0 roulettes et accessoires\",\"item\":\"https:\\\/\\\/www.elpex.se\\\/fr\\\/shop\\\/\"},{\"@type\":\"ListItem\",\"position\":3,\"name\":\"Classic Wasa\"}]},{\"@type\":\"WebSite\",\"@id\":\"https:\\\/\\\/www.elpex.se\\\/fr\\\/#website\",\"url\":\"https:\\\/\\\/www.elpex.se\\\/fr\\\/\",\"name\":\"Elpex\",\"description\":\"\",\"publisher\":{\"@id\":\"https:\\\/\\\/www.elpex.se\\\/fr\\\/#organization\"},\"potentialAction\":[{\"@type\":\"SearchAction\",\"target\":{\"@type\":\"EntryPoint\",\"urlTemplate\":\"https:\\\/\\\/www.elpex.se\\\/fr\\\/?s={search_term_string}\"},\"query-input\":{\"@type\":\"PropertyValueSpecification\",\"valueRequired\":true,\"valueName\":\"search_term_string\"}}],\"inLanguage\":\"fr-FR\"},{\"@type\":\"Organization\",\"@id\":\"https:\\\/\\\/www.elpex.se\\\/fr\\\/#organization\",\"name\":\"Elpex\",\"url\":\"https:\\\/\\\/www.elpex.se\\\/fr\\\/\",\"logo\":{\"@type\":\"ImageObject\",\"inLanguage\":\"fr-FR\",\"@id\":\"https:\\\/\\\/www.elpex.se\\\/fr\\\/#\\\/schema\\\/logo\\\/image\\\/\",\"url\":\"https:\\\/\\\/www.elpex.se\\\/wp-content\\\/uploads\\\/2024\\\/11\\\/Elpex-logo_svart.svg\",\"contentUrl\":\"https:\\\/\\\/www.elpex.se\\\/wp-content\\\/uploads\\\/2024\\\/11\\\/Elpex-logo_svart.svg\",\"caption\":\"Elpex\"},\"image\":{\"@id\":\"https:\\\/\\\/www.elpex.se\\\/fr\\\/#\\\/schema\\\/logo\\\/image\\\/\"},\"sameAs\":[\"https:\\\/\\\/www.facebook.com\\\/www.elpex.se\\\/?locale=sv_SE\",\"https:\\\/\\\/www.instagram.com\\\/elpexrollerskis\\\/\"]}]}<\/script>\n<!-- \/ Yoast SEO plugin. -->","yoast_head_json":{"title":"Classic Wasa - Elpex","robots":{"index":"index","follow":"follow","max-snippet":"max-snippet:-1","max-image-preview":"max-image-preview:large","max-video-preview":"max-video-preview:-1"},"canonical":"https:\/\/www.elpex.se\/fr\/produkt\/classique-wasa\/","og_locale":"fr_FR","og_type":"article","og_title":"Classic Wasa - Elpex","og_description":"L'original, dont les racines remontent aux ann\u00e9es 80 ! Le ski \u00e0 roulettes le plus vendu au monde ? C'est le mod\u00e8le qui est dans la gamme depuis le plus longtemps pour une raison : il est tr\u00e8s bon. Les roues larges assurent la stabilit\u00e9 et le cadre offre un poids raisonnable.","og_url":"https:\/\/www.elpex.se\/fr\/produkt\/classique-wasa\/","og_site_name":"Elpex","article_publisher":"https:\/\/www.facebook.com\/www.elpex.se\/?locale=sv_SE","article_modified_time":"2026-02-24T15:23:42+00:00","og_image":[{"width":1907,"height":2560,"url":"https:\/\/www.elpex.se\/wp-content\/uploads\/2024\/10\/Elpex_Classic-Wasa_2-scaled.jpg.webp","type":"image\/jpeg"}],"twitter_card":"summary_large_image","twitter_misc":{"Dur\u00e9e de lecture estim\u00e9e":"1 minute"},"schema":{"@context":"https:\/\/schema.org","@graph":[{"@type":"WebPage","@id":"https:\/\/www.elpex.se\/fr\/produkt\/classique-wasa\/","url":"https:\/\/www.elpex.se\/fr\/produkt\/classique-wasa\/","name":"Classic Wasa - Elpex","isPartOf":{"@id":"https:\/\/www.elpex.se\/fr\/#website"},"primaryImageOfPage":{"@id":"https:\/\/www.elpex.se\/fr\/produkt\/classique-wasa\/#primaryimage"},"image":{"@id":"https:\/\/www.elpex.se\/fr\/produkt\/classique-wasa\/#primaryimage"},"thumbnailUrl":"https:\/\/www.elpex.se\/wp-content\/uploads\/2024\/10\/Classic-Wasa-Camera-18.png","datePublished":"2024-10-24T14:09:57+00:00","dateModified":"2026-02-24T15:23:42+00:00","breadcrumb":{"@id":"https:\/\/www.elpex.se\/fr\/produkt\/classique-wasa\/#breadcrumb"},"inLanguage":"fr-FR","potentialAction":[{"@type":"ReadAction","target":["https:\/\/www.elpex.se\/fr\/produkt\/classique-wasa\/"]}]},{"@type":"ImageObject","inLanguage":"fr-FR","@id":"https:\/\/www.elpex.se\/fr\/produkt\/classique-wasa\/#primaryimage","url":"https:\/\/www.elpex.se\/wp-content\/uploads\/2024\/10\/Classic-Wasa-Camera-18.png","contentUrl":"https:\/\/www.elpex.se\/wp-content\/uploads\/2024\/10\/Classic-Wasa-Camera-18.png","width":1080,"height":1350},{"@type":"BreadcrumbList","@id":"https:\/\/www.elpex.se\/fr\/produkt\/classique-wasa\/#breadcrumb","itemListElement":[{"@type":"ListItem","position":1,"name":"Hem","item":"https:\/\/www.elpex.se\/fr\/"},{"@type":"ListItem","position":2,"name":"Skis \u00e0 roulettes et accessoires","item":"https:\/\/www.elpex.se\/fr\/shop\/"},{"@type":"ListItem","position":3,"name":"Classic Wasa"}]},{"@type":"WebSite","@id":"https:\/\/www.elpex.se\/fr\/#website","url":"https:\/\/www.elpex.se\/fr\/","name":"Elpex","description":"","publisher":{"@id":"https:\/\/www.elpex.se\/fr\/#organization"},"potentialAction":[{"@type":"SearchAction","target":{"@type":"EntryPoint","urlTemplate":"https:\/\/www.elpex.se\/fr\/?s={search_term_string}"},"query-input":{"@type":"PropertyValueSpecification","valueRequired":true,"valueName":"search_term_string"}}],"inLanguage":"fr-FR"},{"@type":"Organization","@id":"https:\/\/www.elpex.se\/fr\/#organization","name":"Elpex","url":"https:\/\/www.elpex.se\/fr\/","logo":{"@type":"ImageObject","inLanguage":"fr-FR","@id":"https:\/\/www.elpex.se\/fr\/#\/schema\/logo\/image\/","url":"https:\/\/www.elpex.se\/wp-content\/uploads\/2024\/11\/Elpex-logo_svart.svg","contentUrl":"https:\/\/www.elpex.se\/wp-content\/uploads\/2024\/11\/Elpex-logo_svart.svg","caption":"Elpex"},"image":{"@id":"https:\/\/www.elpex.se\/fr\/#\/schema\/logo\/image\/"},"sameAs":["https:\/\/www.facebook.com\/www.elpex.se\/?locale=sv_SE","https:\/\/www.instagram.com\/elpexrollerskis\/"]}]}},"_links":{"self":[{"href":"https:\/\/www.elpex.se\/fr\/wp-json\/wp\/v2\/product\/6812","targetHints":{"allow":["GET"]}}],"collection":[{"href":"https:\/\/www.elpex.se\/fr\/wp-json\/wp\/v2\/product"}],"about":[{"href":"https:\/\/www.elpex.se\/fr\/wp-json\/wp\/v2\/types\/product"}],"wp:featuredmedia":[{"embeddable":true,"href":"https:\/\/www.elpex.se\/fr\/wp-json\/wp\/v2\/media\/14370"}],"wp:attachment":[{"href":"https:\/\/www.elpex.se\/fr\/wp-json\/wp\/v2\/media?parent=6812"}],"wp:term":[{"taxonomy":"product_brand","embeddable":true,"href":"https:\/\/www.elpex.se\/fr\/wp-json\/wp\/v2\/product_brand?post=6812"},{"taxonomy":"product_cat","embeddable":true,"href":"https:\/\/www.elpex.se\/fr\/wp-json\/wp\/v2\/product_cat?post=6812"},{"taxonomy":"product_tag","embeddable":true,"href":"https:\/\/www.elpex.se\/fr\/wp-json\/wp\/v2\/product_tag?post=6812"}],"curies":[{"name":"wp","href":"https:\/\/api.w.org\/{rel}","templated":true}]}}