{"id":6254,"date":"2025-01-22T13:03:14","date_gmt":"2025-01-22T13:03:14","guid":{"rendered":"https:\/\/www.elpex.se\/?post_type=product&#038;p=6254"},"modified":"2026-02-26T13:26:32","modified_gmt":"2026-02-26T13:26:32","slug":"roue-avant-50mm","status":"publish","type":"product","link":"https:\/\/www.elpex.se\/fr\/produkt\/roue-avant-50mm\/","title":{"rendered":"Roue avant 50mm"},"content":{"rendered":"<div class=\"component_description_wrapper\">\n<div class=\"component_description\">\n<p><strong>Sp\u00e9cifications :<\/strong><\/p>\n<ul>\n<li>Largeur de la roue : 50 mm<\/li>\n<li>Diam\u00e8tre de la roue : 70 mm<\/li>\n<\/ul>\n<p><strong>Compatible avec :<\/strong> Classic Wasa, Classic DP (arri\u00e8re), Wasa 610, Evolution Wasa<\/p>\n<p>Commencez par choisir la r\u00e9sistance au roulement.<\/p>\n<ul>\n<li>(2) : La roue standard et la r\u00e9sistance au roulement utilis\u00e9es dans les comp\u00e9titions de ski \u00e0 roulettes. Convient aux d\u00e9butants, aux personnes qui font de l&rsquo;exercice, mais aussi \u00e0 celles qui veulent s&rsquo;entra\u00eener avec une r\u00e9sistance au roulement plus l\u00e9g\u00e8re. <\/li>\n<li>(3) : R\u00e9sistance au roulement plus \u00e9lev\u00e9e. Convient \u00e0 ceux qui veulent passer \u00e0 la vitesse sup\u00e9rieure et souhaitent relever le d\u00e9fi. <\/li>\n<li>(4) : Notre r\u00e9sistance au roulement la plus \u00e9lev\u00e9e. Elle est destin\u00e9e \u00e0 ceux qui ont beaucoup ski\u00e9 avec la r\u00e9sistance 3 mais qui estiment qu&rsquo;elle roule trop facilement. <\/li>\n<\/ul>\n<p>Ensuite, vous pouvez choisir les roues avant\/arri\u00e8re que vous souhaitez acheter<\/p>\n<ul>\n<li>Nos roues compl\u00e8tes comprennent l&rsquo;axe, le roulement \u00e0 billes et la roue.<\/li>\n<li>Les roues vierges conviennent \u00e0 ceux qui souhaitent simplement remplacer le caoutchouc des roues mais r\u00e9utiliser l&rsquo;axe et les roulements \u00e0 billes.<\/li>\n<\/ul>\n<\/div>\n<\/div>\n","protected":false},"excerpt":{"rendered":"<p>Sp\u00e9cifications : Largeur de la roue : 50 mm Diam\u00e8tre de la roue : 70 mm Compatible avec : Classic Wasa, Classic DP (arri\u00e8re), Wasa 610, Evolution Wasa Commencez par choisir la r\u00e9sistance au roulement. (2) : La roue standard et la r\u00e9sistance au roulement [&hellip;]<\/p>\n","protected":false},"featured_media":11050,"template":"","meta":[],"product_brand":[],"product_cat":[433,167],"product_tag":[],"class_list":{"0":"post-6254","1":"product","2":"type-product","3":"status-publish","4":"has-post-thumbnail","6":"product_cat-pieces-de-rechange","7":"product_cat-roues","9":"first","10":"instock","11":"taxable","12":"shipping-taxable","13":"purchasable","14":"product-type-variable"},"composite_virtual":false,"composite_layout":"","composite_add_to_cart_form_location":"","composite_editable_in_cart":false,"composite_sold_individually_context":"","composite_shop_price_calc":"","composite_components":[],"composite_scenarios":[],"yoast_head":"<!-- This site is optimized with the Yoast SEO plugin v27.4 - https:\/\/yoast.com\/product\/yoast-seo-wordpress\/ -->\n<title>Roue avant 50mm - Elpex<\/title>\n<meta name=\"robots\" content=\"index, follow, max-snippet:-1, max-image-preview:large, max-video-preview:-1\" \/>\n<link rel=\"canonical\" href=\"https:\/\/www.elpex.se\/fr\/produkt\/roue-avant-50mm\/\" \/>\n<meta property=\"og:locale\" content=\"fr_FR\" \/>\n<meta property=\"og:type\" content=\"article\" \/>\n<meta property=\"og:title\" content=\"Roue avant 50mm - Elpex\" \/>\n<meta property=\"og:description\" content=\"Sp\u00e9cifications : Largeur de la roue : 50 mm Diam\u00e8tre de la roue : 70 mm Compatible avec : Classic Wasa, Classic DP (arri\u00e8re), Wasa 610, Evolution Wasa Commencez par choisir la r\u00e9sistance au roulement. (2) : La roue standard et la r\u00e9sistance au roulement [&hellip;]\" \/>\n<meta property=\"og:url\" content=\"https:\/\/www.elpex.se\/fr\/produkt\/roue-avant-50mm\/\" \/>\n<meta property=\"og:site_name\" content=\"Elpex\" \/>\n<meta property=\"article:publisher\" content=\"https:\/\/www.facebook.com\/www.elpex.se\/?locale=sv_SE\" \/>\n<meta property=\"article:modified_time\" content=\"2026-02-26T13:26:32+00:00\" \/>\n<meta property=\"og:image\" content=\"https:\/\/www.elpex.se\/wp-content\/uploads\/2025\/01\/07_Dack_med_hjullager_TransparentBG.jpg.webp\" \/>\n\t<meta property=\"og:image:width\" content=\"1920\" \/>\n\t<meta property=\"og:image:height\" content=\"1920\" \/>\n\t<meta property=\"og:image:type\" content=\"image\/jpeg\" \/>\n<meta name=\"twitter:card\" content=\"summary_large_image\" \/>\n<meta name=\"twitter:label1\" content=\"Dur\u00e9e de lecture estim\u00e9e\" \/>\n\t<meta name=\"twitter:data1\" content=\"2 minutes\" \/>\n<script type=\"application\/ld+json\" class=\"yoast-schema-graph\">{\"@context\":\"https:\\\/\\\/schema.org\",\"@graph\":[{\"@type\":\"WebPage\",\"@id\":\"https:\\\/\\\/www.elpex.se\\\/fr\\\/produkt\\\/roue-avant-50mm\\\/\",\"url\":\"https:\\\/\\\/www.elpex.se\\\/fr\\\/produkt\\\/roue-avant-50mm\\\/\",\"name\":\"Roue avant 50mm - Elpex\",\"isPartOf\":{\"@id\":\"https:\\\/\\\/www.elpex.se\\\/fr\\\/#website\"},\"primaryImageOfPage\":{\"@id\":\"https:\\\/\\\/www.elpex.se\\\/fr\\\/produkt\\\/roue-avant-50mm\\\/#primaryimage\"},\"image\":{\"@id\":\"https:\\\/\\\/www.elpex.se\\\/fr\\\/produkt\\\/roue-avant-50mm\\\/#primaryimage\"},\"thumbnailUrl\":\"https:\\\/\\\/www.elpex.se\\\/wp-content\\\/uploads\\\/2025\\\/01\\\/07_Dack_med_hjullager_TransparentBG.jpg.webp\",\"datePublished\":\"2025-01-22T13:03:14+00:00\",\"dateModified\":\"2026-02-26T13:26:32+00:00\",\"breadcrumb\":{\"@id\":\"https:\\\/\\\/www.elpex.se\\\/fr\\\/produkt\\\/roue-avant-50mm\\\/#breadcrumb\"},\"inLanguage\":\"fr-FR\",\"potentialAction\":[{\"@type\":\"ReadAction\",\"target\":[\"https:\\\/\\\/www.elpex.se\\\/fr\\\/produkt\\\/roue-avant-50mm\\\/\"]}]},{\"@type\":\"ImageObject\",\"inLanguage\":\"fr-FR\",\"@id\":\"https:\\\/\\\/www.elpex.se\\\/fr\\\/produkt\\\/roue-avant-50mm\\\/#primaryimage\",\"url\":\"https:\\\/\\\/www.elpex.se\\\/wp-content\\\/uploads\\\/2025\\\/01\\\/07_Dack_med_hjullager_TransparentBG.jpg.webp\",\"contentUrl\":\"https:\\\/\\\/www.elpex.se\\\/wp-content\\\/uploads\\\/2025\\\/01\\\/07_Dack_med_hjullager_TransparentBG.jpg.webp\",\"width\":1920,\"height\":1920},{\"@type\":\"BreadcrumbList\",\"@id\":\"https:\\\/\\\/www.elpex.se\\\/fr\\\/produkt\\\/roue-avant-50mm\\\/#breadcrumb\",\"itemListElement\":[{\"@type\":\"ListItem\",\"position\":1,\"name\":\"Hem\",\"item\":\"https:\\\/\\\/www.elpex.se\\\/fr\\\/\"},{\"@type\":\"ListItem\",\"position\":2,\"name\":\"Skis \u00e0 roulettes et accessoires\",\"item\":\"https:\\\/\\\/www.elpex.se\\\/fr\\\/shop\\\/\"},{\"@type\":\"ListItem\",\"position\":3,\"name\":\"Roue avant 50mm\"}]},{\"@type\":\"WebSite\",\"@id\":\"https:\\\/\\\/www.elpex.se\\\/fr\\\/#website\",\"url\":\"https:\\\/\\\/www.elpex.se\\\/fr\\\/\",\"name\":\"Elpex\",\"description\":\"\",\"publisher\":{\"@id\":\"https:\\\/\\\/www.elpex.se\\\/fr\\\/#organization\"},\"potentialAction\":[{\"@type\":\"SearchAction\",\"target\":{\"@type\":\"EntryPoint\",\"urlTemplate\":\"https:\\\/\\\/www.elpex.se\\\/fr\\\/?s={search_term_string}\"},\"query-input\":{\"@type\":\"PropertyValueSpecification\",\"valueRequired\":true,\"valueName\":\"search_term_string\"}}],\"inLanguage\":\"fr-FR\"},{\"@type\":\"Organization\",\"@id\":\"https:\\\/\\\/www.elpex.se\\\/fr\\\/#organization\",\"name\":\"Elpex\",\"url\":\"https:\\\/\\\/www.elpex.se\\\/fr\\\/\",\"logo\":{\"@type\":\"ImageObject\",\"inLanguage\":\"fr-FR\",\"@id\":\"https:\\\/\\\/www.elpex.se\\\/fr\\\/#\\\/schema\\\/logo\\\/image\\\/\",\"url\":\"https:\\\/\\\/www.elpex.se\\\/wp-content\\\/uploads\\\/2024\\\/11\\\/Elpex-logo_svart.svg\",\"contentUrl\":\"https:\\\/\\\/www.elpex.se\\\/wp-content\\\/uploads\\\/2024\\\/11\\\/Elpex-logo_svart.svg\",\"caption\":\"Elpex\"},\"image\":{\"@id\":\"https:\\\/\\\/www.elpex.se\\\/fr\\\/#\\\/schema\\\/logo\\\/image\\\/\"},\"sameAs\":[\"https:\\\/\\\/www.facebook.com\\\/www.elpex.se\\\/?locale=sv_SE\",\"https:\\\/\\\/www.instagram.com\\\/elpexrollerskis\\\/\"]}]}<\/script>\n<!-- \/ Yoast SEO plugin. -->","yoast_head_json":{"title":"Roue avant 50mm - Elpex","robots":{"index":"index","follow":"follow","max-snippet":"max-snippet:-1","max-image-preview":"max-image-preview:large","max-video-preview":"max-video-preview:-1"},"canonical":"https:\/\/www.elpex.se\/fr\/produkt\/roue-avant-50mm\/","og_locale":"fr_FR","og_type":"article","og_title":"Roue avant 50mm - Elpex","og_description":"Sp\u00e9cifications : Largeur de la roue : 50 mm Diam\u00e8tre de la roue : 70 mm Compatible avec : Classic Wasa, Classic DP (arri\u00e8re), Wasa 610, Evolution Wasa Commencez par choisir la r\u00e9sistance au roulement. (2) : La roue standard et la r\u00e9sistance au roulement [&hellip;]","og_url":"https:\/\/www.elpex.se\/fr\/produkt\/roue-avant-50mm\/","og_site_name":"Elpex","article_publisher":"https:\/\/www.facebook.com\/www.elpex.se\/?locale=sv_SE","article_modified_time":"2026-02-26T13:26:32+00:00","og_image":[{"width":1920,"height":1920,"url":"https:\/\/www.elpex.se\/wp-content\/uploads\/2025\/01\/07_Dack_med_hjullager_TransparentBG.jpg.webp","type":"image\/jpeg"}],"twitter_card":"summary_large_image","twitter_misc":{"Dur\u00e9e de lecture estim\u00e9e":"2 minutes"},"schema":{"@context":"https:\/\/schema.org","@graph":[{"@type":"WebPage","@id":"https:\/\/www.elpex.se\/fr\/produkt\/roue-avant-50mm\/","url":"https:\/\/www.elpex.se\/fr\/produkt\/roue-avant-50mm\/","name":"Roue avant 50mm - Elpex","isPartOf":{"@id":"https:\/\/www.elpex.se\/fr\/#website"},"primaryImageOfPage":{"@id":"https:\/\/www.elpex.se\/fr\/produkt\/roue-avant-50mm\/#primaryimage"},"image":{"@id":"https:\/\/www.elpex.se\/fr\/produkt\/roue-avant-50mm\/#primaryimage"},"thumbnailUrl":"https:\/\/www.elpex.se\/wp-content\/uploads\/2025\/01\/07_Dack_med_hjullager_TransparentBG.jpg.webp","datePublished":"2025-01-22T13:03:14+00:00","dateModified":"2026-02-26T13:26:32+00:00","breadcrumb":{"@id":"https:\/\/www.elpex.se\/fr\/produkt\/roue-avant-50mm\/#breadcrumb"},"inLanguage":"fr-FR","potentialAction":[{"@type":"ReadAction","target":["https:\/\/www.elpex.se\/fr\/produkt\/roue-avant-50mm\/"]}]},{"@type":"ImageObject","inLanguage":"fr-FR","@id":"https:\/\/www.elpex.se\/fr\/produkt\/roue-avant-50mm\/#primaryimage","url":"https:\/\/www.elpex.se\/wp-content\/uploads\/2025\/01\/07_Dack_med_hjullager_TransparentBG.jpg.webp","contentUrl":"https:\/\/www.elpex.se\/wp-content\/uploads\/2025\/01\/07_Dack_med_hjullager_TransparentBG.jpg.webp","width":1920,"height":1920},{"@type":"BreadcrumbList","@id":"https:\/\/www.elpex.se\/fr\/produkt\/roue-avant-50mm\/#breadcrumb","itemListElement":[{"@type":"ListItem","position":1,"name":"Hem","item":"https:\/\/www.elpex.se\/fr\/"},{"@type":"ListItem","position":2,"name":"Skis \u00e0 roulettes et accessoires","item":"https:\/\/www.elpex.se\/fr\/shop\/"},{"@type":"ListItem","position":3,"name":"Roue avant 50mm"}]},{"@type":"WebSite","@id":"https:\/\/www.elpex.se\/fr\/#website","url":"https:\/\/www.elpex.se\/fr\/","name":"Elpex","description":"","publisher":{"@id":"https:\/\/www.elpex.se\/fr\/#organization"},"potentialAction":[{"@type":"SearchAction","target":{"@type":"EntryPoint","urlTemplate":"https:\/\/www.elpex.se\/fr\/?s={search_term_string}"},"query-input":{"@type":"PropertyValueSpecification","valueRequired":true,"valueName":"search_term_string"}}],"inLanguage":"fr-FR"},{"@type":"Organization","@id":"https:\/\/www.elpex.se\/fr\/#organization","name":"Elpex","url":"https:\/\/www.elpex.se\/fr\/","logo":{"@type":"ImageObject","inLanguage":"fr-FR","@id":"https:\/\/www.elpex.se\/fr\/#\/schema\/logo\/image\/","url":"https:\/\/www.elpex.se\/wp-content\/uploads\/2024\/11\/Elpex-logo_svart.svg","contentUrl":"https:\/\/www.elpex.se\/wp-content\/uploads\/2024\/11\/Elpex-logo_svart.svg","caption":"Elpex"},"image":{"@id":"https:\/\/www.elpex.se\/fr\/#\/schema\/logo\/image\/"},"sameAs":["https:\/\/www.facebook.com\/www.elpex.se\/?locale=sv_SE","https:\/\/www.instagram.com\/elpexrollerskis\/"]}]}},"_links":{"self":[{"href":"https:\/\/www.elpex.se\/fr\/wp-json\/wp\/v2\/product\/6254","targetHints":{"allow":["GET"]}}],"collection":[{"href":"https:\/\/www.elpex.se\/fr\/wp-json\/wp\/v2\/product"}],"about":[{"href":"https:\/\/www.elpex.se\/fr\/wp-json\/wp\/v2\/types\/product"}],"wp:featuredmedia":[{"embeddable":true,"href":"https:\/\/www.elpex.se\/fr\/wp-json\/wp\/v2\/media\/11050"}],"wp:attachment":[{"href":"https:\/\/www.elpex.se\/fr\/wp-json\/wp\/v2\/media?parent=6254"}],"wp:term":[{"taxonomy":"product_brand","embeddable":true,"href":"https:\/\/www.elpex.se\/fr\/wp-json\/wp\/v2\/product_brand?post=6254"},{"taxonomy":"product_cat","embeddable":true,"href":"https:\/\/www.elpex.se\/fr\/wp-json\/wp\/v2\/product_cat?post=6254"},{"taxonomy":"product_tag","embeddable":true,"href":"https:\/\/www.elpex.se\/fr\/wp-json\/wp\/v2\/product_tag?post=6254"}],"curies":[{"name":"wp","href":"https:\/\/api.w.org\/{rel}","templated":true}]}}