{"id":3712,"date":"2024-11-26T10:10:10","date_gmt":"2024-11-26T10:10:10","guid":{"rendered":"https:\/\/www.elpex.se\/produkt\/roue-24mm\/"},"modified":"2026-04-08T07:14:48","modified_gmt":"2026-04-08T07:14:48","slug":"roue-24mm","status":"publish","type":"product","link":"https:\/\/www.elpex.se\/fr\/produkt\/roue-24mm\/","title":{"rendered":"Roue 24mm"},"content":{"rendered":"<p><strong>Sp\u00e9cifications :<\/strong><\/p>\n<ul>\n<li>Largeur de la roue : 24 mm<\/li>\n<li>Diam\u00e8tre de la roue : 100 mm<\/li>\n<\/ul>\n<p><strong>R\u00e9sistance au roulement :<\/strong><\/p>\n<ul>\n<li aria-level=\"1\"><b>(PU2) :<\/b> Roue en polyur\u00e9thane r\u00e9sistante avec r\u00e9sistance au roulement niveau 2. Offre une accroche nette et des performances stables sur asphalte sec comme mouill\u00e9, sans effet spongieux. Un choix fiable pour l\u2019entra\u00eenement comme pour la comp\u00e9tition.   Ces roues ont une jante en aluminium brillant.<\/li>\n<li aria-level=\"1\"><b>(Premium 2) :<\/b> Nos roues en caoutchouc avec un m\u00e9lange premium offrent une r\u00e9sistance au roulement uniforme (niveau 2), une excellente adh\u00e9rence sur sol mouill\u00e9 et une grande r\u00e9sistance \u00e0 l&rsquo;usure. Pour les skieurs qui exigent la m\u00eame sensation quelle que soit la temp\u00e9rature.  Ces roues ont une jante en plastique gris clair.<\/li>\n<li><b>(Premium 3) :<\/b> Construit avec la m\u00eame technologie premium que le Premium 2, mais avec une r\u00e9sistance au roulement plus \u00e9lev\u00e9e. Convient \u00e0 toi qui veux faire passer ton entra\u00eenement au niveau sup\u00e9rieur et avoir plus de d\u00e9fi \u2013 id\u00e9al pour l&rsquo;entra\u00eenement en force et les s\u00e9ances plus intenses.  Ces roues ont une jante en plastique gris fonc\u00e9.<\/li>\n<\/ul>\n<p><strong>Variantes :<\/strong><\/p>\n<ul>\n<li>Roue nue : Roue uniquement. Avec l&rsquo;axe et les accessoires, cette roue devient une roue avant compl\u00e8te. <\/li>\n<li>Roue compl\u00e8te : Roue avec tous les composants (tels que l&rsquo;axe, l&rsquo;entretoise et les roulements \u00e0 billes) n\u00e9cessaires pour le montage et la pratique.<\/li>\n<\/ul>\n<p><strong>Compatible avec :<\/strong><\/p>\n<ul>\n<li>Skate Race<\/li>\n<li>Skate Stride<\/li>\n<li>Skate Junior<\/li>\n<\/ul>\n","protected":false},"excerpt":{"rendered":"<p>Roues de Skate compatibles avec Skate Race, Skate Stride et Skate Junior.<\/p>\n","protected":false},"featured_media":3715,"template":"","meta":[],"product_brand":[],"product_cat":[433,167],"product_tag":[],"class_list":{"0":"post-3712","1":"product","2":"type-product","3":"status-publish","4":"has-post-thumbnail","6":"product_cat-pieces-de-rechange","7":"product_cat-roues","9":"first","10":"instock","11":"taxable","12":"shipping-taxable","13":"purchasable","14":"product-type-variable","15":"has-default-attributes"},"composite_virtual":false,"composite_layout":"","composite_add_to_cart_form_location":"","composite_editable_in_cart":false,"composite_sold_individually_context":"","composite_shop_price_calc":"","composite_components":[],"composite_scenarios":[],"yoast_head":"<!-- This site is optimized with the Yoast SEO plugin v27.4 - https:\/\/yoast.com\/product\/yoast-seo-wordpress\/ -->\n<title>Roue 24mm - Elpex<\/title>\n<meta name=\"description\" content=\"Roues de 24 mm compatibles avec Skate Race et F1 Pro\" \/>\n<meta name=\"robots\" content=\"index, follow, max-snippet:-1, max-image-preview:large, max-video-preview:-1\" \/>\n<link rel=\"canonical\" href=\"https:\/\/www.elpex.se\/fr\/produkt\/roue-24mm\/\" \/>\n<meta property=\"og:locale\" content=\"fr_FR\" \/>\n<meta property=\"og:type\" content=\"article\" \/>\n<meta property=\"og:title\" content=\"Roue 24mm - Elpex\" \/>\n<meta property=\"og:description\" content=\"Roues de 24 mm compatibles avec Skate Race et F1 Pro\" \/>\n<meta property=\"og:url\" content=\"https:\/\/www.elpex.se\/fr\/produkt\/roue-24mm\/\" \/>\n<meta property=\"og:site_name\" content=\"Elpex\" \/>\n<meta property=\"article:publisher\" content=\"https:\/\/www.facebook.com\/www.elpex.se\/?locale=sv_SE\" \/>\n<meta property=\"article:modified_time\" content=\"2026-04-08T07:14:48+00:00\" \/>\n<meta property=\"og:image\" content=\"https:\/\/www.elpex.se\/wp-content\/uploads\/2024\/11\/F1-pro-skate-race-hjul-wheel.jpg.webp\" \/>\n\t<meta property=\"og:image:width\" content=\"1772\" \/>\n\t<meta property=\"og:image:height\" content=\"1329\" \/>\n\t<meta property=\"og:image:type\" content=\"image\/jpeg\" \/>\n<meta name=\"twitter:card\" content=\"summary_large_image\" \/>\n<meta name=\"twitter:label1\" content=\"Dur\u00e9e de lecture estim\u00e9e\" \/>\n\t<meta name=\"twitter:data1\" content=\"1 minute\" \/>\n<script type=\"application\/ld+json\" class=\"yoast-schema-graph\">{\"@context\":\"https:\\\/\\\/schema.org\",\"@graph\":[{\"@type\":\"WebPage\",\"@id\":\"https:\\\/\\\/www.elpex.se\\\/fr\\\/produkt\\\/roue-24mm\\\/\",\"url\":\"https:\\\/\\\/www.elpex.se\\\/fr\\\/produkt\\\/roue-24mm\\\/\",\"name\":\"Roue 24mm - Elpex\",\"isPartOf\":{\"@id\":\"https:\\\/\\\/www.elpex.se\\\/fr\\\/#website\"},\"primaryImageOfPage\":{\"@id\":\"https:\\\/\\\/www.elpex.se\\\/fr\\\/produkt\\\/roue-24mm\\\/#primaryimage\"},\"image\":{\"@id\":\"https:\\\/\\\/www.elpex.se\\\/fr\\\/produkt\\\/roue-24mm\\\/#primaryimage\"},\"thumbnailUrl\":\"https:\\\/\\\/www.elpex.se\\\/wp-content\\\/uploads\\\/2024\\\/11\\\/F1-pro-skate-race-hjul-wheel.jpg.webp\",\"datePublished\":\"2024-11-26T10:10:10+00:00\",\"dateModified\":\"2026-04-08T07:14:48+00:00\",\"description\":\"Roues de 24 mm compatibles avec Skate Race et F1 Pro\",\"breadcrumb\":{\"@id\":\"https:\\\/\\\/www.elpex.se\\\/fr\\\/produkt\\\/roue-24mm\\\/#breadcrumb\"},\"inLanguage\":\"fr-FR\",\"potentialAction\":[{\"@type\":\"ReadAction\",\"target\":[\"https:\\\/\\\/www.elpex.se\\\/fr\\\/produkt\\\/roue-24mm\\\/\"]}]},{\"@type\":\"ImageObject\",\"inLanguage\":\"fr-FR\",\"@id\":\"https:\\\/\\\/www.elpex.se\\\/fr\\\/produkt\\\/roue-24mm\\\/#primaryimage\",\"url\":\"https:\\\/\\\/www.elpex.se\\\/wp-content\\\/uploads\\\/2024\\\/11\\\/F1-pro-skate-race-hjul-wheel.jpg.webp\",\"contentUrl\":\"https:\\\/\\\/www.elpex.se\\\/wp-content\\\/uploads\\\/2024\\\/11\\\/F1-pro-skate-race-hjul-wheel.jpg.webp\",\"width\":1772,\"height\":1329},{\"@type\":\"BreadcrumbList\",\"@id\":\"https:\\\/\\\/www.elpex.se\\\/fr\\\/produkt\\\/roue-24mm\\\/#breadcrumb\",\"itemListElement\":[{\"@type\":\"ListItem\",\"position\":1,\"name\":\"Hem\",\"item\":\"https:\\\/\\\/www.elpex.se\\\/fr\\\/\"},{\"@type\":\"ListItem\",\"position\":2,\"name\":\"Skis \u00e0 roulettes et accessoires\",\"item\":\"https:\\\/\\\/www.elpex.se\\\/fr\\\/shop\\\/\"},{\"@type\":\"ListItem\",\"position\":3,\"name\":\"Roue 24mm\"}]},{\"@type\":\"WebSite\",\"@id\":\"https:\\\/\\\/www.elpex.se\\\/fr\\\/#website\",\"url\":\"https:\\\/\\\/www.elpex.se\\\/fr\\\/\",\"name\":\"Elpex\",\"description\":\"\",\"publisher\":{\"@id\":\"https:\\\/\\\/www.elpex.se\\\/fr\\\/#organization\"},\"potentialAction\":[{\"@type\":\"SearchAction\",\"target\":{\"@type\":\"EntryPoint\",\"urlTemplate\":\"https:\\\/\\\/www.elpex.se\\\/fr\\\/?s={search_term_string}\"},\"query-input\":{\"@type\":\"PropertyValueSpecification\",\"valueRequired\":true,\"valueName\":\"search_term_string\"}}],\"inLanguage\":\"fr-FR\"},{\"@type\":\"Organization\",\"@id\":\"https:\\\/\\\/www.elpex.se\\\/fr\\\/#organization\",\"name\":\"Elpex\",\"url\":\"https:\\\/\\\/www.elpex.se\\\/fr\\\/\",\"logo\":{\"@type\":\"ImageObject\",\"inLanguage\":\"fr-FR\",\"@id\":\"https:\\\/\\\/www.elpex.se\\\/fr\\\/#\\\/schema\\\/logo\\\/image\\\/\",\"url\":\"https:\\\/\\\/www.elpex.se\\\/wp-content\\\/uploads\\\/2024\\\/11\\\/Elpex-logo_svart.svg\",\"contentUrl\":\"https:\\\/\\\/www.elpex.se\\\/wp-content\\\/uploads\\\/2024\\\/11\\\/Elpex-logo_svart.svg\",\"caption\":\"Elpex\"},\"image\":{\"@id\":\"https:\\\/\\\/www.elpex.se\\\/fr\\\/#\\\/schema\\\/logo\\\/image\\\/\"},\"sameAs\":[\"https:\\\/\\\/www.facebook.com\\\/www.elpex.se\\\/?locale=sv_SE\",\"https:\\\/\\\/www.instagram.com\\\/elpexrollerskis\\\/\"]}]}<\/script>\n<!-- \/ Yoast SEO plugin. -->","yoast_head_json":{"title":"Roue 24mm - Elpex","description":"Roues de 24 mm compatibles avec Skate Race et F1 Pro","robots":{"index":"index","follow":"follow","max-snippet":"max-snippet:-1","max-image-preview":"max-image-preview:large","max-video-preview":"max-video-preview:-1"},"canonical":"https:\/\/www.elpex.se\/fr\/produkt\/roue-24mm\/","og_locale":"fr_FR","og_type":"article","og_title":"Roue 24mm - Elpex","og_description":"Roues de 24 mm compatibles avec Skate Race et F1 Pro","og_url":"https:\/\/www.elpex.se\/fr\/produkt\/roue-24mm\/","og_site_name":"Elpex","article_publisher":"https:\/\/www.facebook.com\/www.elpex.se\/?locale=sv_SE","article_modified_time":"2026-04-08T07:14:48+00:00","og_image":[{"width":1772,"height":1329,"url":"https:\/\/www.elpex.se\/wp-content\/uploads\/2024\/11\/F1-pro-skate-race-hjul-wheel.jpg.webp","type":"image\/jpeg"}],"twitter_card":"summary_large_image","twitter_misc":{"Dur\u00e9e de lecture estim\u00e9e":"1 minute"},"schema":{"@context":"https:\/\/schema.org","@graph":[{"@type":"WebPage","@id":"https:\/\/www.elpex.se\/fr\/produkt\/roue-24mm\/","url":"https:\/\/www.elpex.se\/fr\/produkt\/roue-24mm\/","name":"Roue 24mm - Elpex","isPartOf":{"@id":"https:\/\/www.elpex.se\/fr\/#website"},"primaryImageOfPage":{"@id":"https:\/\/www.elpex.se\/fr\/produkt\/roue-24mm\/#primaryimage"},"image":{"@id":"https:\/\/www.elpex.se\/fr\/produkt\/roue-24mm\/#primaryimage"},"thumbnailUrl":"https:\/\/www.elpex.se\/wp-content\/uploads\/2024\/11\/F1-pro-skate-race-hjul-wheel.jpg.webp","datePublished":"2024-11-26T10:10:10+00:00","dateModified":"2026-04-08T07:14:48+00:00","description":"Roues de 24 mm compatibles avec Skate Race et F1 Pro","breadcrumb":{"@id":"https:\/\/www.elpex.se\/fr\/produkt\/roue-24mm\/#breadcrumb"},"inLanguage":"fr-FR","potentialAction":[{"@type":"ReadAction","target":["https:\/\/www.elpex.se\/fr\/produkt\/roue-24mm\/"]}]},{"@type":"ImageObject","inLanguage":"fr-FR","@id":"https:\/\/www.elpex.se\/fr\/produkt\/roue-24mm\/#primaryimage","url":"https:\/\/www.elpex.se\/wp-content\/uploads\/2024\/11\/F1-pro-skate-race-hjul-wheel.jpg.webp","contentUrl":"https:\/\/www.elpex.se\/wp-content\/uploads\/2024\/11\/F1-pro-skate-race-hjul-wheel.jpg.webp","width":1772,"height":1329},{"@type":"BreadcrumbList","@id":"https:\/\/www.elpex.se\/fr\/produkt\/roue-24mm\/#breadcrumb","itemListElement":[{"@type":"ListItem","position":1,"name":"Hem","item":"https:\/\/www.elpex.se\/fr\/"},{"@type":"ListItem","position":2,"name":"Skis \u00e0 roulettes et accessoires","item":"https:\/\/www.elpex.se\/fr\/shop\/"},{"@type":"ListItem","position":3,"name":"Roue 24mm"}]},{"@type":"WebSite","@id":"https:\/\/www.elpex.se\/fr\/#website","url":"https:\/\/www.elpex.se\/fr\/","name":"Elpex","description":"","publisher":{"@id":"https:\/\/www.elpex.se\/fr\/#organization"},"potentialAction":[{"@type":"SearchAction","target":{"@type":"EntryPoint","urlTemplate":"https:\/\/www.elpex.se\/fr\/?s={search_term_string}"},"query-input":{"@type":"PropertyValueSpecification","valueRequired":true,"valueName":"search_term_string"}}],"inLanguage":"fr-FR"},{"@type":"Organization","@id":"https:\/\/www.elpex.se\/fr\/#organization","name":"Elpex","url":"https:\/\/www.elpex.se\/fr\/","logo":{"@type":"ImageObject","inLanguage":"fr-FR","@id":"https:\/\/www.elpex.se\/fr\/#\/schema\/logo\/image\/","url":"https:\/\/www.elpex.se\/wp-content\/uploads\/2024\/11\/Elpex-logo_svart.svg","contentUrl":"https:\/\/www.elpex.se\/wp-content\/uploads\/2024\/11\/Elpex-logo_svart.svg","caption":"Elpex"},"image":{"@id":"https:\/\/www.elpex.se\/fr\/#\/schema\/logo\/image\/"},"sameAs":["https:\/\/www.facebook.com\/www.elpex.se\/?locale=sv_SE","https:\/\/www.instagram.com\/elpexrollerskis\/"]}]}},"_links":{"self":[{"href":"https:\/\/www.elpex.se\/fr\/wp-json\/wp\/v2\/product\/3712","targetHints":{"allow":["GET"]}}],"collection":[{"href":"https:\/\/www.elpex.se\/fr\/wp-json\/wp\/v2\/product"}],"about":[{"href":"https:\/\/www.elpex.se\/fr\/wp-json\/wp\/v2\/types\/product"}],"wp:featuredmedia":[{"embeddable":true,"href":"https:\/\/www.elpex.se\/fr\/wp-json\/wp\/v2\/media\/3715"}],"wp:attachment":[{"href":"https:\/\/www.elpex.se\/fr\/wp-json\/wp\/v2\/media?parent=3712"}],"wp:term":[{"taxonomy":"product_brand","embeddable":true,"href":"https:\/\/www.elpex.se\/fr\/wp-json\/wp\/v2\/product_brand?post=3712"},{"taxonomy":"product_cat","embeddable":true,"href":"https:\/\/www.elpex.se\/fr\/wp-json\/wp\/v2\/product_cat?post=3712"},{"taxonomy":"product_tag","embeddable":true,"href":"https:\/\/www.elpex.se\/fr\/wp-json\/wp\/v2\/product_tag?post=3712"}],"curies":[{"name":"wp","href":"https:\/\/api.w.org\/{rel}","templated":true}]}}