{"id":3147,"date":"2024-12-12T15:23:34","date_gmt":"2024-12-12T15:23:34","guid":{"rendered":"https:\/\/www.elpex.se\/produkt\/salomon-prolink-race-skate\/"},"modified":"2026-01-14T13:39:05","modified_gmt":"2026-01-14T13:39:05","slug":"salomon-prolink-race-skate","status":"publish","type":"product","link":"https:\/\/www.elpex.se\/fr\/produkt\/salomon-prolink-race-skate\/","title":{"rendered":"Salomon Prolink Race Skate"},"content":{"rendered":"<p>La fixation Prolink Race Skate est mont\u00e9e de mani\u00e8re optimale pour tirer le meilleur parti des skis \u00e0 roulettes. L&rsquo;interface basse entre le ski et la fixation place la puissance directement contre le ski \u00e0 roulettes, pour un transfert de puissance et une sensation maximum. Compatible avec les chaussures Prolink\u00ae, NNN\u00ae et Turnamic\u00ae.  <\/p>\n<p><strong>Poids :<\/strong> 230 grammes\/paire<\/p>\n<p>&nbsp;<\/p>\n","protected":false},"excerpt":{"rendered":"<p>La fixation Prolink Race Skate est mont\u00e9e de mani\u00e8re optimale pour tirer le meilleur parti des skis \u00e0 roulettes. L&rsquo;interface basse entre le ski et la fixation place la puissance directement contre le ski \u00e0 roulettes, pour un transfert de puissance et une sensation maximum. [&hellip;]<\/p>\n","protected":false},"featured_media":3129,"template":"","meta":[],"product_brand":[],"product_cat":[176,177],"product_tag":[],"class_list":{"0":"post-3147","1":"product","2":"type-product","3":"status-publish","4":"has-post-thumbnail","6":"product_cat-accessoires","7":"product_cat-obligations","9":"first","10":"instock","11":"taxable","12":"shipping-taxable","13":"purchasable","14":"product-type-simple"},"composite_virtual":false,"composite_layout":"","composite_add_to_cart_form_location":"","composite_editable_in_cart":false,"composite_sold_individually_context":"","composite_shop_price_calc":"","composite_components":[],"composite_scenarios":[],"yoast_head":"<!-- This site is optimized with the Yoast SEO plugin v27.4 - https:\/\/yoast.com\/product\/yoast-seo-wordpress\/ -->\n<title>Salomon Prolink Race Skate - Elpex<\/title>\n<meta name=\"robots\" content=\"index, follow, max-snippet:-1, max-image-preview:large, max-video-preview:-1\" \/>\n<link rel=\"canonical\" href=\"https:\/\/www.elpex.se\/fr\/produkt\/salomon-prolink-race-skate\/\" \/>\n<meta property=\"og:locale\" content=\"fr_FR\" \/>\n<meta property=\"og:type\" content=\"article\" \/>\n<meta property=\"og:title\" content=\"Salomon Prolink Race Skate - Elpex\" \/>\n<meta property=\"og:description\" content=\"La fixation Prolink Race Skate est mont\u00e9e de mani\u00e8re optimale pour tirer le meilleur parti des skis \u00e0 roulettes. L&rsquo;interface basse entre le ski et la fixation place la puissance directement contre le ski \u00e0 roulettes, pour un transfert de puissance et une sensation maximum. [&hellip;]\" \/>\n<meta property=\"og:url\" content=\"https:\/\/www.elpex.se\/fr\/produkt\/salomon-prolink-race-skate\/\" \/>\n<meta property=\"og:site_name\" content=\"Elpex\" \/>\n<meta property=\"article:publisher\" content=\"https:\/\/www.facebook.com\/www.elpex.se\/?locale=sv_SE\" \/>\n<meta property=\"article:modified_time\" content=\"2026-01-14T13:39:05+00:00\" \/>\n<meta property=\"og:image\" content=\"https:\/\/www.elpex.se\/wp-content\/uploads\/2024\/12\/Salomon-Prolink-1.jpg.webp\" \/>\n\t<meta property=\"og:image:width\" content=\"800\" \/>\n\t<meta property=\"og:image:height\" content=\"800\" \/>\n\t<meta property=\"og:image:type\" content=\"image\/jpeg\" \/>\n<meta name=\"twitter:card\" content=\"summary_large_image\" \/>\n<script type=\"application\/ld+json\" class=\"yoast-schema-graph\">{\"@context\":\"https:\\\/\\\/schema.org\",\"@graph\":[{\"@type\":\"WebPage\",\"@id\":\"https:\\\/\\\/www.elpex.se\\\/fr\\\/produkt\\\/salomon-prolink-race-skate\\\/\",\"url\":\"https:\\\/\\\/www.elpex.se\\\/fr\\\/produkt\\\/salomon-prolink-race-skate\\\/\",\"name\":\"Salomon Prolink Race Skate - Elpex\",\"isPartOf\":{\"@id\":\"https:\\\/\\\/www.elpex.se\\\/fr\\\/#website\"},\"primaryImageOfPage\":{\"@id\":\"https:\\\/\\\/www.elpex.se\\\/fr\\\/produkt\\\/salomon-prolink-race-skate\\\/#primaryimage\"},\"image\":{\"@id\":\"https:\\\/\\\/www.elpex.se\\\/fr\\\/produkt\\\/salomon-prolink-race-skate\\\/#primaryimage\"},\"thumbnailUrl\":\"https:\\\/\\\/www.elpex.se\\\/wp-content\\\/uploads\\\/2024\\\/12\\\/Salomon-Prolink-1.jpg.webp\",\"datePublished\":\"2024-12-12T15:23:34+00:00\",\"dateModified\":\"2026-01-14T13:39:05+00:00\",\"breadcrumb\":{\"@id\":\"https:\\\/\\\/www.elpex.se\\\/fr\\\/produkt\\\/salomon-prolink-race-skate\\\/#breadcrumb\"},\"inLanguage\":\"fr-FR\",\"potentialAction\":[{\"@type\":\"ReadAction\",\"target\":[\"https:\\\/\\\/www.elpex.se\\\/fr\\\/produkt\\\/salomon-prolink-race-skate\\\/\"]}]},{\"@type\":\"ImageObject\",\"inLanguage\":\"fr-FR\",\"@id\":\"https:\\\/\\\/www.elpex.se\\\/fr\\\/produkt\\\/salomon-prolink-race-skate\\\/#primaryimage\",\"url\":\"https:\\\/\\\/www.elpex.se\\\/wp-content\\\/uploads\\\/2024\\\/12\\\/Salomon-Prolink-1.jpg.webp\",\"contentUrl\":\"https:\\\/\\\/www.elpex.se\\\/wp-content\\\/uploads\\\/2024\\\/12\\\/Salomon-Prolink-1.jpg.webp\",\"width\":800,\"height\":800},{\"@type\":\"BreadcrumbList\",\"@id\":\"https:\\\/\\\/www.elpex.se\\\/fr\\\/produkt\\\/salomon-prolink-race-skate\\\/#breadcrumb\",\"itemListElement\":[{\"@type\":\"ListItem\",\"position\":1,\"name\":\"Hem\",\"item\":\"https:\\\/\\\/www.elpex.se\\\/fr\\\/\"},{\"@type\":\"ListItem\",\"position\":2,\"name\":\"Skis \u00e0 roulettes et accessoires\",\"item\":\"https:\\\/\\\/www.elpex.se\\\/fr\\\/shop\\\/\"},{\"@type\":\"ListItem\",\"position\":3,\"name\":\"Salomon Prolink Race Skate\"}]},{\"@type\":\"WebSite\",\"@id\":\"https:\\\/\\\/www.elpex.se\\\/fr\\\/#website\",\"url\":\"https:\\\/\\\/www.elpex.se\\\/fr\\\/\",\"name\":\"Elpex\",\"description\":\"\",\"publisher\":{\"@id\":\"https:\\\/\\\/www.elpex.se\\\/fr\\\/#organization\"},\"potentialAction\":[{\"@type\":\"SearchAction\",\"target\":{\"@type\":\"EntryPoint\",\"urlTemplate\":\"https:\\\/\\\/www.elpex.se\\\/fr\\\/?s={search_term_string}\"},\"query-input\":{\"@type\":\"PropertyValueSpecification\",\"valueRequired\":true,\"valueName\":\"search_term_string\"}}],\"inLanguage\":\"fr-FR\"},{\"@type\":\"Organization\",\"@id\":\"https:\\\/\\\/www.elpex.se\\\/fr\\\/#organization\",\"name\":\"Elpex\",\"url\":\"https:\\\/\\\/www.elpex.se\\\/fr\\\/\",\"logo\":{\"@type\":\"ImageObject\",\"inLanguage\":\"fr-FR\",\"@id\":\"https:\\\/\\\/www.elpex.se\\\/fr\\\/#\\\/schema\\\/logo\\\/image\\\/\",\"url\":\"https:\\\/\\\/www.elpex.se\\\/wp-content\\\/uploads\\\/2024\\\/11\\\/Elpex-logo_svart.svg\",\"contentUrl\":\"https:\\\/\\\/www.elpex.se\\\/wp-content\\\/uploads\\\/2024\\\/11\\\/Elpex-logo_svart.svg\",\"caption\":\"Elpex\"},\"image\":{\"@id\":\"https:\\\/\\\/www.elpex.se\\\/fr\\\/#\\\/schema\\\/logo\\\/image\\\/\"},\"sameAs\":[\"https:\\\/\\\/www.facebook.com\\\/www.elpex.se\\\/?locale=sv_SE\",\"https:\\\/\\\/www.instagram.com\\\/elpexrollerskis\\\/\"]}]}<\/script>\n<!-- \/ Yoast SEO plugin. -->","yoast_head_json":{"title":"Salomon Prolink Race Skate - Elpex","robots":{"index":"index","follow":"follow","max-snippet":"max-snippet:-1","max-image-preview":"max-image-preview:large","max-video-preview":"max-video-preview:-1"},"canonical":"https:\/\/www.elpex.se\/fr\/produkt\/salomon-prolink-race-skate\/","og_locale":"fr_FR","og_type":"article","og_title":"Salomon Prolink Race Skate - Elpex","og_description":"La fixation Prolink Race Skate est mont\u00e9e de mani\u00e8re optimale pour tirer le meilleur parti des skis \u00e0 roulettes. L&rsquo;interface basse entre le ski et la fixation place la puissance directement contre le ski \u00e0 roulettes, pour un transfert de puissance et une sensation maximum. [&hellip;]","og_url":"https:\/\/www.elpex.se\/fr\/produkt\/salomon-prolink-race-skate\/","og_site_name":"Elpex","article_publisher":"https:\/\/www.facebook.com\/www.elpex.se\/?locale=sv_SE","article_modified_time":"2026-01-14T13:39:05+00:00","og_image":[{"width":800,"height":800,"url":"https:\/\/www.elpex.se\/wp-content\/uploads\/2024\/12\/Salomon-Prolink-1.jpg.webp","type":"image\/jpeg"}],"twitter_card":"summary_large_image","schema":{"@context":"https:\/\/schema.org","@graph":[{"@type":"WebPage","@id":"https:\/\/www.elpex.se\/fr\/produkt\/salomon-prolink-race-skate\/","url":"https:\/\/www.elpex.se\/fr\/produkt\/salomon-prolink-race-skate\/","name":"Salomon Prolink Race Skate - Elpex","isPartOf":{"@id":"https:\/\/www.elpex.se\/fr\/#website"},"primaryImageOfPage":{"@id":"https:\/\/www.elpex.se\/fr\/produkt\/salomon-prolink-race-skate\/#primaryimage"},"image":{"@id":"https:\/\/www.elpex.se\/fr\/produkt\/salomon-prolink-race-skate\/#primaryimage"},"thumbnailUrl":"https:\/\/www.elpex.se\/wp-content\/uploads\/2024\/12\/Salomon-Prolink-1.jpg.webp","datePublished":"2024-12-12T15:23:34+00:00","dateModified":"2026-01-14T13:39:05+00:00","breadcrumb":{"@id":"https:\/\/www.elpex.se\/fr\/produkt\/salomon-prolink-race-skate\/#breadcrumb"},"inLanguage":"fr-FR","potentialAction":[{"@type":"ReadAction","target":["https:\/\/www.elpex.se\/fr\/produkt\/salomon-prolink-race-skate\/"]}]},{"@type":"ImageObject","inLanguage":"fr-FR","@id":"https:\/\/www.elpex.se\/fr\/produkt\/salomon-prolink-race-skate\/#primaryimage","url":"https:\/\/www.elpex.se\/wp-content\/uploads\/2024\/12\/Salomon-Prolink-1.jpg.webp","contentUrl":"https:\/\/www.elpex.se\/wp-content\/uploads\/2024\/12\/Salomon-Prolink-1.jpg.webp","width":800,"height":800},{"@type":"BreadcrumbList","@id":"https:\/\/www.elpex.se\/fr\/produkt\/salomon-prolink-race-skate\/#breadcrumb","itemListElement":[{"@type":"ListItem","position":1,"name":"Hem","item":"https:\/\/www.elpex.se\/fr\/"},{"@type":"ListItem","position":2,"name":"Skis \u00e0 roulettes et accessoires","item":"https:\/\/www.elpex.se\/fr\/shop\/"},{"@type":"ListItem","position":3,"name":"Salomon Prolink Race Skate"}]},{"@type":"WebSite","@id":"https:\/\/www.elpex.se\/fr\/#website","url":"https:\/\/www.elpex.se\/fr\/","name":"Elpex","description":"","publisher":{"@id":"https:\/\/www.elpex.se\/fr\/#organization"},"potentialAction":[{"@type":"SearchAction","target":{"@type":"EntryPoint","urlTemplate":"https:\/\/www.elpex.se\/fr\/?s={search_term_string}"},"query-input":{"@type":"PropertyValueSpecification","valueRequired":true,"valueName":"search_term_string"}}],"inLanguage":"fr-FR"},{"@type":"Organization","@id":"https:\/\/www.elpex.se\/fr\/#organization","name":"Elpex","url":"https:\/\/www.elpex.se\/fr\/","logo":{"@type":"ImageObject","inLanguage":"fr-FR","@id":"https:\/\/www.elpex.se\/fr\/#\/schema\/logo\/image\/","url":"https:\/\/www.elpex.se\/wp-content\/uploads\/2024\/11\/Elpex-logo_svart.svg","contentUrl":"https:\/\/www.elpex.se\/wp-content\/uploads\/2024\/11\/Elpex-logo_svart.svg","caption":"Elpex"},"image":{"@id":"https:\/\/www.elpex.se\/fr\/#\/schema\/logo\/image\/"},"sameAs":["https:\/\/www.facebook.com\/www.elpex.se\/?locale=sv_SE","https:\/\/www.instagram.com\/elpexrollerskis\/"]}]}},"_links":{"self":[{"href":"https:\/\/www.elpex.se\/fr\/wp-json\/wp\/v2\/product\/3147","targetHints":{"allow":["GET"]}}],"collection":[{"href":"https:\/\/www.elpex.se\/fr\/wp-json\/wp\/v2\/product"}],"about":[{"href":"https:\/\/www.elpex.se\/fr\/wp-json\/wp\/v2\/types\/product"}],"wp:featuredmedia":[{"embeddable":true,"href":"https:\/\/www.elpex.se\/fr\/wp-json\/wp\/v2\/media\/3129"}],"wp:attachment":[{"href":"https:\/\/www.elpex.se\/fr\/wp-json\/wp\/v2\/media?parent=3147"}],"wp:term":[{"taxonomy":"product_brand","embeddable":true,"href":"https:\/\/www.elpex.se\/fr\/wp-json\/wp\/v2\/product_brand?post=3147"},{"taxonomy":"product_cat","embeddable":true,"href":"https:\/\/www.elpex.se\/fr\/wp-json\/wp\/v2\/product_cat?post=3147"},{"taxonomy":"product_tag","embeddable":true,"href":"https:\/\/www.elpex.se\/fr\/wp-json\/wp\/v2\/product_tag?post=3147"}],"curies":[{"name":"wp","href":"https:\/\/api.w.org\/{rel}","templated":true}]}}