{"id":14646,"date":"2026-04-13T12:11:08","date_gmt":"2026-04-13T12:11:08","guid":{"rendered":"https:\/\/www.elpex.se\/?post_type=product&#038;p=14646"},"modified":"2026-04-13T12:43:23","modified_gmt":"2026-04-13T12:43:23","slug":"oakley-aro3-endurance-mips-noir-matte-blackout-kopia","status":"publish","type":"product","link":"https:\/\/www.elpex.se\/fr\/produkt\/oakley-aro3-endurance-mips-noir-matte-blackout-kopia\/","title":{"rendered":"Oakley Aro5 Race MIPS &#8211; Matte Blackout"},"content":{"rendered":"<p data-start=\"0\" data-end=\"509\">L\u2019ARO5 Race est con\u00e7u pour une performance et une ventilation maximales lors de tes entra\u00eenements et comp\u00e9titions de ski \u00e0 roulettes. Ax\u00e9 sur la vitesse et l\u2019efficacit\u00e9, ce casque pr\u00e9sente un design a\u00e9rodynamique et bien ventil\u00e9 qui optimise le flux d\u2019air gr\u00e2ce \u00e0 19 ouvertures. Plus l\u00e9ger que son pr\u00e9d\u00e9cesseur, l\u2019ARO5 t\u2019offre l\u2019avantage n\u00e9cessaire pour maintenir une allure \u00e9lev\u00e9e, que ce soit en fractionn\u00e9 ou en course. Avec une meilleure int\u00e9gration des lunettes, un grand confort et une protection avanc\u00e9e, l\u2019ARO5 Race est pr\u00eat pour tes s\u00e9ances rapides sur le bitume.   <\/p>\n<p data-start=\"511\" data-end=\"540\"><strong data-start=\"511\" data-end=\"538\">Informations compl\u00e9mentaires<\/strong><\/p>\n<ul data-start=\"541\" data-end=\"2151\" data-is-last-node=\"\" data-is-only-node=\"\">\n<li data-section-id=\"1dwnra8\" data-start=\"541\" data-end=\"811\"><strong data-start=\"543\" data-end=\"556\">Ajustement :<\/strong> Le syst\u00e8me de r\u00e9glage BOA 360\u00b0 avec molette assure un maintien s\u00fbr et pr\u00e9cis. La forme de coque actualis\u00e9e permet au casque de reposer plus bas sur la t\u00eate pour un meilleur \u00e9quilibre et de suivre naturellement tes contours, offrant une stabilit\u00e9 optimale m\u00eame \u00e0 haute vitesse en ski \u00e0 roulettes. <\/li>\n<li data-section-id=\"18paprw\" data-start=\"812\" data-end=\"975\"><strong data-start=\"814\" data-end=\"827\">L\u00e9g\u00e8ret\u00e9 :<\/strong> L\u2019ARO5 Race est plus l\u00e9ger que la version pr\u00e9c\u00e9dente gr\u00e2ce \u00e0 une nouvelle coque et une construction optimis\u00e9e, ce qui r\u00e9duit la fatigue lors de tes sorties prolong\u00e9es.<\/li>\n<li data-section-id=\"1495yib\" data-start=\"976\" data-end=\"1177\"><strong data-start=\"978\" data-end=\"988\">Protection :<\/strong> Mips\u00ae Air est un syst\u00e8me de s\u00e9curit\u00e9 int\u00e9gr\u00e9 \u00e0 faible friction qui r\u00e9duit les forces de rotation en cas de chute, contribuant \u00e0 une protection accrue de la t\u00eate, particuli\u00e8rement cruciale sur l\u2019asphalte.<\/li>\n<li data-section-id=\"1lbcweq\" data-start=\"1178\" data-end=\"1381\"><strong data-start=\"1180\" data-end=\"1196\">Ventilation :<\/strong> De nouvelles ouvertures \u00e0 l\u2019avant et sur le dessus augmentent nettement le flux d\u2019air. Un total de 19 \u00e9vents r\u00e9partis sur le dessus, les c\u00f4t\u00e9s et l\u2019arri\u00e8re assure un refroidissement efficace, m\u00eame pendant tes efforts les plus intenses. <\/li>\n<li data-section-id=\"fjo2dd\" data-start=\"1382\" data-end=\"1533\"><strong data-start=\"1384\" data-end=\"1394\">Doublure :<\/strong> La doublure Ionic+\u2122 poss\u00e8de des propri\u00e9t\u00e9s antimicrobiennes activ\u00e9es par la transpiration, aidant \u00e0 garder ton casque frais et \u00e0 pr\u00e9venir les mauvaises odeurs.<\/li>\n<li data-section-id=\"1i6286r\" data-start=\"1534\" data-end=\"1786\"><strong data-start=\"1536\" data-end=\"1558\">Rangement des lunettes :<\/strong> Les ouvertures frontales permettent de fixer rapidement tes lunettes sur le casque. Les \u00e9l\u00e9ments en Unobtainium\u00ae maintiennent les branches en place, tandis que des d\u00e9coupes internes r\u00e9duisent la pression contre la t\u00eate en cas d\u2019impact. <\/li>\n<li data-section-id=\"4qxscx\" data-start=\"1787\" data-end=\"1981\"><strong data-start=\"1789\" data-end=\"1800\">Design :<\/strong> L\u2019ARO5 Race arbore un badge avec une finition Iridium\u00ae qui refl\u00e8te les couleurs des verres Prizm\u2122 des lunettes Oakley. Chaque coloris est unique et rappelle l\u2019h\u00e9ritage d\u2019Oakley dans l\u2019optique sportive. <\/li>\n<li data-section-id=\"nwp7xu\" data-start=\"1982\" data-end=\"2024\"><strong data-start=\"1984\" data-end=\"1994\">Inclus :<\/strong> Sac pour casque et autocollant Oakley<\/li>\n<li data-section-id=\"s1n7tj\" data-start=\"2025\" data-end=\"2099\"><strong data-start=\"2027\" data-end=\"2041\">Tailles :<\/strong> Small (52\u201356 cm) \/ Medium (54\u201358 cm) \/ Large (56\u201360 cm)<\/li>\n<li data-section-id=\"197em18\" data-start=\"2100\" data-end=\"2151\" data-is-last-node=\"\"><strong data-start=\"2102\" data-end=\"2121\">Certifications :<\/strong> CPSC 1203, EN1078 et ANZ2063<\/li>\n<\/ul>\n","protected":false},"excerpt":{"rendered":"<p>L\u2019ARO5 Race est con\u00e7u pour une performance et une ventilation maximales lors de tes entra\u00eenements et comp\u00e9titions de ski \u00e0 roulettes. Ax\u00e9 sur la vitesse et l\u2019efficacit\u00e9, ce casque pr\u00e9sente un design a\u00e9rodynamique et bien ventil\u00e9 qui optimise le flux d\u2019air gr\u00e2ce \u00e0 19 ouvertures. [&hellip;]<\/p>\n","protected":false},"featured_media":14706,"template":"","meta":[],"product_brand":[],"product_cat":[529,176],"product_tag":[],"class_list":{"0":"post-14646","1":"product","2":"type-product","3":"status-publish","4":"has-post-thumbnail","6":"product_cat-casques","7":"product_cat-accessoires","9":"first","10":"instock","11":"taxable","12":"shipping-taxable","13":"purchasable","14":"product-type-variable"},"composite_virtual":false,"composite_layout":"","composite_add_to_cart_form_location":"","composite_editable_in_cart":false,"composite_sold_individually_context":"","composite_shop_price_calc":"","composite_components":[],"composite_scenarios":[],"yoast_head":"<!-- This site is optimized with the Yoast SEO plugin v27.4 - https:\/\/yoast.com\/product\/yoast-seo-wordpress\/ -->\n<title>Oakley Aro5 Race MIPS - Matte Blackout - Elpex<\/title>\n<meta name=\"robots\" content=\"index, follow, max-snippet:-1, max-image-preview:large, max-video-preview:-1\" \/>\n<link rel=\"canonical\" href=\"https:\/\/www.elpex.se\/fr\/produkt\/oakley-aro3-endurance-mips-noir-matte-blackout-kopia\/\" \/>\n<meta property=\"og:locale\" content=\"fr_FR\" \/>\n<meta property=\"og:type\" content=\"article\" \/>\n<meta property=\"og:title\" content=\"Oakley Aro5 Race MIPS - Matte Blackout - Elpex\" \/>\n<meta property=\"og:description\" content=\"L\u2019ARO5 Race est con\u00e7u pour une performance et une ventilation maximales lors de tes entra\u00eenements et comp\u00e9titions de ski \u00e0 roulettes. Ax\u00e9 sur la vitesse et l\u2019efficacit\u00e9, ce casque pr\u00e9sente un design a\u00e9rodynamique et bien ventil\u00e9 qui optimise le flux d\u2019air gr\u00e2ce \u00e0 19 ouvertures. [&hellip;]\" \/>\n<meta property=\"og:url\" content=\"https:\/\/www.elpex.se\/fr\/produkt\/oakley-aro3-endurance-mips-noir-matte-blackout-kopia\/\" \/>\n<meta property=\"og:site_name\" content=\"Elpex\" \/>\n<meta property=\"article:publisher\" content=\"https:\/\/www.facebook.com\/www.elpex.se\/?locale=sv_SE\" \/>\n<meta property=\"article:modified_time\" content=\"2026-04-13T12:43:23+00:00\" \/>\n<meta property=\"og:image\" content=\"https:\/\/www.elpex.se\/wp-content\/uploads\/2026\/04\/Oakley-Aro5-matte-black-1.png\" \/>\n\t<meta property=\"og:image:width\" content=\"834\" \/>\n\t<meta property=\"og:image:height\" content=\"834\" \/>\n\t<meta property=\"og:image:type\" content=\"image\/png\" \/>\n<meta name=\"twitter:card\" content=\"summary_large_image\" \/>\n<meta name=\"twitter:label1\" content=\"Dur\u00e9e de lecture estim\u00e9e\" \/>\n\t<meta name=\"twitter:data1\" content=\"2 minutes\" \/>\n<script type=\"application\/ld+json\" class=\"yoast-schema-graph\">{\"@context\":\"https:\\\/\\\/schema.org\",\"@graph\":[{\"@type\":\"WebPage\",\"@id\":\"https:\\\/\\\/www.elpex.se\\\/fr\\\/produkt\\\/oakley-aro3-endurance-mips-noir-matte-blackout-kopia\\\/\",\"url\":\"https:\\\/\\\/www.elpex.se\\\/fr\\\/produkt\\\/oakley-aro3-endurance-mips-noir-matte-blackout-kopia\\\/\",\"name\":\"Oakley Aro5 Race MIPS - Matte Blackout - Elpex\",\"isPartOf\":{\"@id\":\"https:\\\/\\\/www.elpex.se\\\/fr\\\/#website\"},\"primaryImageOfPage\":{\"@id\":\"https:\\\/\\\/www.elpex.se\\\/fr\\\/produkt\\\/oakley-aro3-endurance-mips-noir-matte-blackout-kopia\\\/#primaryimage\"},\"image\":{\"@id\":\"https:\\\/\\\/www.elpex.se\\\/fr\\\/produkt\\\/oakley-aro3-endurance-mips-noir-matte-blackout-kopia\\\/#primaryimage\"},\"thumbnailUrl\":\"https:\\\/\\\/www.elpex.se\\\/wp-content\\\/uploads\\\/2026\\\/04\\\/Oakley-Aro5-matte-black-1.png\",\"datePublished\":\"2026-04-13T12:11:08+00:00\",\"dateModified\":\"2026-04-13T12:43:23+00:00\",\"breadcrumb\":{\"@id\":\"https:\\\/\\\/www.elpex.se\\\/fr\\\/produkt\\\/oakley-aro3-endurance-mips-noir-matte-blackout-kopia\\\/#breadcrumb\"},\"inLanguage\":\"fr-FR\",\"potentialAction\":[{\"@type\":\"ReadAction\",\"target\":[\"https:\\\/\\\/www.elpex.se\\\/fr\\\/produkt\\\/oakley-aro3-endurance-mips-noir-matte-blackout-kopia\\\/\"]}]},{\"@type\":\"ImageObject\",\"inLanguage\":\"fr-FR\",\"@id\":\"https:\\\/\\\/www.elpex.se\\\/fr\\\/produkt\\\/oakley-aro3-endurance-mips-noir-matte-blackout-kopia\\\/#primaryimage\",\"url\":\"https:\\\/\\\/www.elpex.se\\\/wp-content\\\/uploads\\\/2026\\\/04\\\/Oakley-Aro5-matte-black-1.png\",\"contentUrl\":\"https:\\\/\\\/www.elpex.se\\\/wp-content\\\/uploads\\\/2026\\\/04\\\/Oakley-Aro5-matte-black-1.png\",\"width\":834,\"height\":834},{\"@type\":\"BreadcrumbList\",\"@id\":\"https:\\\/\\\/www.elpex.se\\\/fr\\\/produkt\\\/oakley-aro3-endurance-mips-noir-matte-blackout-kopia\\\/#breadcrumb\",\"itemListElement\":[{\"@type\":\"ListItem\",\"position\":1,\"name\":\"Hem\",\"item\":\"https:\\\/\\\/www.elpex.se\\\/fr\\\/\"},{\"@type\":\"ListItem\",\"position\":2,\"name\":\"Skis \u00e0 roulettes et accessoires\",\"item\":\"https:\\\/\\\/www.elpex.se\\\/fr\\\/shop\\\/\"},{\"@type\":\"ListItem\",\"position\":3,\"name\":\"Oakley Aro5 Race MIPS &#8211; Matte Blackout\"}]},{\"@type\":\"WebSite\",\"@id\":\"https:\\\/\\\/www.elpex.se\\\/fr\\\/#website\",\"url\":\"https:\\\/\\\/www.elpex.se\\\/fr\\\/\",\"name\":\"Elpex\",\"description\":\"\",\"publisher\":{\"@id\":\"https:\\\/\\\/www.elpex.se\\\/fr\\\/#organization\"},\"potentialAction\":[{\"@type\":\"SearchAction\",\"target\":{\"@type\":\"EntryPoint\",\"urlTemplate\":\"https:\\\/\\\/www.elpex.se\\\/fr\\\/?s={search_term_string}\"},\"query-input\":{\"@type\":\"PropertyValueSpecification\",\"valueRequired\":true,\"valueName\":\"search_term_string\"}}],\"inLanguage\":\"fr-FR\"},{\"@type\":\"Organization\",\"@id\":\"https:\\\/\\\/www.elpex.se\\\/fr\\\/#organization\",\"name\":\"Elpex\",\"url\":\"https:\\\/\\\/www.elpex.se\\\/fr\\\/\",\"logo\":{\"@type\":\"ImageObject\",\"inLanguage\":\"fr-FR\",\"@id\":\"https:\\\/\\\/www.elpex.se\\\/fr\\\/#\\\/schema\\\/logo\\\/image\\\/\",\"url\":\"https:\\\/\\\/www.elpex.se\\\/wp-content\\\/uploads\\\/2024\\\/11\\\/Elpex-logo_svart.svg\",\"contentUrl\":\"https:\\\/\\\/www.elpex.se\\\/wp-content\\\/uploads\\\/2024\\\/11\\\/Elpex-logo_svart.svg\",\"caption\":\"Elpex\"},\"image\":{\"@id\":\"https:\\\/\\\/www.elpex.se\\\/fr\\\/#\\\/schema\\\/logo\\\/image\\\/\"},\"sameAs\":[\"https:\\\/\\\/www.facebook.com\\\/www.elpex.se\\\/?locale=sv_SE\",\"https:\\\/\\\/www.instagram.com\\\/elpexrollerskis\\\/\"]}]}<\/script>\n<!-- \/ Yoast SEO plugin. -->","yoast_head_json":{"title":"Oakley Aro5 Race MIPS - Matte Blackout - Elpex","robots":{"index":"index","follow":"follow","max-snippet":"max-snippet:-1","max-image-preview":"max-image-preview:large","max-video-preview":"max-video-preview:-1"},"canonical":"https:\/\/www.elpex.se\/fr\/produkt\/oakley-aro3-endurance-mips-noir-matte-blackout-kopia\/","og_locale":"fr_FR","og_type":"article","og_title":"Oakley Aro5 Race MIPS - Matte Blackout - Elpex","og_description":"L\u2019ARO5 Race est con\u00e7u pour une performance et une ventilation maximales lors de tes entra\u00eenements et comp\u00e9titions de ski \u00e0 roulettes. Ax\u00e9 sur la vitesse et l\u2019efficacit\u00e9, ce casque pr\u00e9sente un design a\u00e9rodynamique et bien ventil\u00e9 qui optimise le flux d\u2019air gr\u00e2ce \u00e0 19 ouvertures. [&hellip;]","og_url":"https:\/\/www.elpex.se\/fr\/produkt\/oakley-aro3-endurance-mips-noir-matte-blackout-kopia\/","og_site_name":"Elpex","article_publisher":"https:\/\/www.facebook.com\/www.elpex.se\/?locale=sv_SE","article_modified_time":"2026-04-13T12:43:23+00:00","og_image":[{"width":834,"height":834,"url":"https:\/\/www.elpex.se\/wp-content\/uploads\/2026\/04\/Oakley-Aro5-matte-black-1.png","type":"image\/png"}],"twitter_card":"summary_large_image","twitter_misc":{"Dur\u00e9e de lecture estim\u00e9e":"2 minutes"},"schema":{"@context":"https:\/\/schema.org","@graph":[{"@type":"WebPage","@id":"https:\/\/www.elpex.se\/fr\/produkt\/oakley-aro3-endurance-mips-noir-matte-blackout-kopia\/","url":"https:\/\/www.elpex.se\/fr\/produkt\/oakley-aro3-endurance-mips-noir-matte-blackout-kopia\/","name":"Oakley Aro5 Race MIPS - Matte Blackout - Elpex","isPartOf":{"@id":"https:\/\/www.elpex.se\/fr\/#website"},"primaryImageOfPage":{"@id":"https:\/\/www.elpex.se\/fr\/produkt\/oakley-aro3-endurance-mips-noir-matte-blackout-kopia\/#primaryimage"},"image":{"@id":"https:\/\/www.elpex.se\/fr\/produkt\/oakley-aro3-endurance-mips-noir-matte-blackout-kopia\/#primaryimage"},"thumbnailUrl":"https:\/\/www.elpex.se\/wp-content\/uploads\/2026\/04\/Oakley-Aro5-matte-black-1.png","datePublished":"2026-04-13T12:11:08+00:00","dateModified":"2026-04-13T12:43:23+00:00","breadcrumb":{"@id":"https:\/\/www.elpex.se\/fr\/produkt\/oakley-aro3-endurance-mips-noir-matte-blackout-kopia\/#breadcrumb"},"inLanguage":"fr-FR","potentialAction":[{"@type":"ReadAction","target":["https:\/\/www.elpex.se\/fr\/produkt\/oakley-aro3-endurance-mips-noir-matte-blackout-kopia\/"]}]},{"@type":"ImageObject","inLanguage":"fr-FR","@id":"https:\/\/www.elpex.se\/fr\/produkt\/oakley-aro3-endurance-mips-noir-matte-blackout-kopia\/#primaryimage","url":"https:\/\/www.elpex.se\/wp-content\/uploads\/2026\/04\/Oakley-Aro5-matte-black-1.png","contentUrl":"https:\/\/www.elpex.se\/wp-content\/uploads\/2026\/04\/Oakley-Aro5-matte-black-1.png","width":834,"height":834},{"@type":"BreadcrumbList","@id":"https:\/\/www.elpex.se\/fr\/produkt\/oakley-aro3-endurance-mips-noir-matte-blackout-kopia\/#breadcrumb","itemListElement":[{"@type":"ListItem","position":1,"name":"Hem","item":"https:\/\/www.elpex.se\/fr\/"},{"@type":"ListItem","position":2,"name":"Skis \u00e0 roulettes et accessoires","item":"https:\/\/www.elpex.se\/fr\/shop\/"},{"@type":"ListItem","position":3,"name":"Oakley Aro5 Race MIPS &#8211; Matte Blackout"}]},{"@type":"WebSite","@id":"https:\/\/www.elpex.se\/fr\/#website","url":"https:\/\/www.elpex.se\/fr\/","name":"Elpex","description":"","publisher":{"@id":"https:\/\/www.elpex.se\/fr\/#organization"},"potentialAction":[{"@type":"SearchAction","target":{"@type":"EntryPoint","urlTemplate":"https:\/\/www.elpex.se\/fr\/?s={search_term_string}"},"query-input":{"@type":"PropertyValueSpecification","valueRequired":true,"valueName":"search_term_string"}}],"inLanguage":"fr-FR"},{"@type":"Organization","@id":"https:\/\/www.elpex.se\/fr\/#organization","name":"Elpex","url":"https:\/\/www.elpex.se\/fr\/","logo":{"@type":"ImageObject","inLanguage":"fr-FR","@id":"https:\/\/www.elpex.se\/fr\/#\/schema\/logo\/image\/","url":"https:\/\/www.elpex.se\/wp-content\/uploads\/2024\/11\/Elpex-logo_svart.svg","contentUrl":"https:\/\/www.elpex.se\/wp-content\/uploads\/2024\/11\/Elpex-logo_svart.svg","caption":"Elpex"},"image":{"@id":"https:\/\/www.elpex.se\/fr\/#\/schema\/logo\/image\/"},"sameAs":["https:\/\/www.facebook.com\/www.elpex.se\/?locale=sv_SE","https:\/\/www.instagram.com\/elpexrollerskis\/"]}]}},"_links":{"self":[{"href":"https:\/\/www.elpex.se\/fr\/wp-json\/wp\/v2\/product\/14646","targetHints":{"allow":["GET"]}}],"collection":[{"href":"https:\/\/www.elpex.se\/fr\/wp-json\/wp\/v2\/product"}],"about":[{"href":"https:\/\/www.elpex.se\/fr\/wp-json\/wp\/v2\/types\/product"}],"wp:featuredmedia":[{"embeddable":true,"href":"https:\/\/www.elpex.se\/fr\/wp-json\/wp\/v2\/media\/14706"}],"wp:attachment":[{"href":"https:\/\/www.elpex.se\/fr\/wp-json\/wp\/v2\/media?parent=14646"}],"wp:term":[{"taxonomy":"product_brand","embeddable":true,"href":"https:\/\/www.elpex.se\/fr\/wp-json\/wp\/v2\/product_brand?post=14646"},{"taxonomy":"product_cat","embeddable":true,"href":"https:\/\/www.elpex.se\/fr\/wp-json\/wp\/v2\/product_cat?post=14646"},{"taxonomy":"product_tag","embeddable":true,"href":"https:\/\/www.elpex.se\/fr\/wp-json\/wp\/v2\/product_tag?post=14646"}],"curies":[{"name":"wp","href":"https:\/\/api.w.org\/{rel}","templated":true}]}}