{"id":14599,"date":"2026-04-13T10:43:20","date_gmt":"2026-04-13T10:43:20","guid":{"rendered":"https:\/\/www.elpex.se\/produkt\/oakley-aro3-endurance-mips-noir-matte-blackout\/"},"modified":"2026-04-13T10:43:20","modified_gmt":"2026-04-13T10:43:20","slug":"oakley-aro3-endurance-mips-noir-matte-blackout","status":"publish","type":"product","link":"https:\/\/www.elpex.se\/fr\/produkt\/oakley-aro3-endurance-mips-noir-matte-blackout\/","title":{"rendered":"Oakley Aro3 Endurance MIPS &#8211; Noir Matte Blackout"},"content":{"rendered":"<p data-start=\"0\" data-end=\"253\">ARO3 Endurance est un casque polyvalent pour toi qui t\u2019entra\u00eenes et participes \u00e0 des comp\u00e9titions en ski-roues. Que tu fasses une sortie d\u2019endurance tranquille ou une s\u00e9ance d\u2019intervalles intense, ARO3 Endurance est un compagnon fiable qui t\u2019offre le bon \u00e9quilibre entre s\u00e9curit\u00e9, confort et style. <\/p>\n<p data-start=\"255\" data-end=\"284\"><strong data-start=\"255\" data-end=\"282\">Informations compl\u00e9mentaires<\/strong><\/p>\n<ul data-start=\"285\" data-end=\"1886\" data-is-last-node=\"\" data-is-only-node=\"\">\n<li data-section-id=\"17dwvbb\" data-start=\"285\" data-end=\"596\"><strong data-start=\"287\" data-end=\"300\">Ajustement :<\/strong> Le syst\u00e8me de r\u00e9glage 360\u00b0 d\u00e9velopp\u00e9 par Oakley\u00ae dispose d\u2019une molette qui offre un ajustement confortable et personnalis\u00e9. La forme de coque mise \u00e0 jour permet au casque de se positionner plus bas sur la t\u00eate pour un meilleur \u00e9quilibre et \u00e9pouse plus naturellement les contours, assurant une bonne stabilit\u00e9 m\u00eame \u00e0 haute vitesse en ski-roues. <\/li>\n<li data-section-id=\"e6r2cm\" data-start=\"597\" data-end=\"815\"><strong data-start=\"599\" data-end=\"609\">Protection :<\/strong> Le syst\u00e8me de s\u00e9curit\u00e9 Mips\u00ae est con\u00e7u pour offrir une protection accrue lors de diff\u00e9rents types de chutes et r\u00e9duire les forces pouvant affecter la t\u00eate en rotation, ce qui est particuli\u00e8rement pertinent en ski-roues sur asphalte.<\/li>\n<li data-section-id=\"1eyzmrc\" data-start=\"816\" data-end=\"1069\"><strong data-start=\"818\" data-end=\"834\">Ventilation :<\/strong> Avec davantage d\u2019a\u00e9rations, plus grandes, ARO3 Endurance te garde au frais lors des sorties calmes comme des s\u00e9ances intenses. Au total, 19 a\u00e9rations \u00e0 l\u2019avant, \u00e0 l\u2019arri\u00e8re et sur les c\u00f4t\u00e9s font circuler l\u2019air \u00e0 travers le casque et assurent un refroidissement efficace, m\u00eame \u00e0 forte intensit\u00e9. <\/li>\n<li data-section-id=\"4txhgz\" data-start=\"1070\" data-end=\"1234\"><strong data-start=\"1072\" data-end=\"1082\">Doublure :<\/strong> La doublure Ionic+\u2122 poss\u00e8de des propri\u00e9t\u00e9s antimicrobiennes activ\u00e9es par la transpiration, ce qui aide \u00e0 garder le casque frais et \u00e0 limiter les mauvaises odeurs au fil du temps.<\/li>\n<li data-section-id=\"2wqk2s\" data-start=\"1235\" data-end=\"1508\"><strong data-start=\"1237\" data-end=\"1259\">Rangement des lunettes :<\/strong> Les a\u00e9rations avant permettent de fixer rapidement tes lunettes sur le casque. Les grips Unobtainium\u00ae maintiennent les branches en place, tandis que des \u00e9videments sp\u00e9cifiques \u00e0 l\u2019int\u00e9rieur du casque r\u00e9duisent le risque de points de pression sur la t\u00eate en cas de chute. <\/li>\n<li data-section-id=\"zjh305\" data-start=\"1509\" data-end=\"1716\"><strong data-start=\"1511\" data-end=\"1522\">Design :<\/strong> ARO3 Endurance arbore un badge discret avec finition Iridium\u00ae qui refl\u00e8te les couleurs des verres Prizm\u2122 des lunettes Oakley. Chaque coloris est unique et fait \u00e9cho \u00e0 l\u2019h\u00e9ritage d\u2019Oakley dans l\u2019optique sportive. <\/li>\n<li data-section-id=\"nwp7xu\" data-start=\"1717\" data-end=\"1759\"><strong data-start=\"1719\" data-end=\"1729\">Inclus :<\/strong> Sac pour casque et autocollant Oakley<\/li>\n<li data-section-id=\"s1n7tj\" data-start=\"1760\" data-end=\"1834\"><strong data-start=\"1762\" data-end=\"1776\">Tailles :<\/strong> Small (52\u201356 cm) \/ Medium (54\u201358 cm) \/ Large (56\u201360 cm)<\/li>\n<li data-section-id=\"197em18\" data-start=\"1835\" data-end=\"1886\" data-is-last-node=\"\"><strong data-start=\"1837\" data-end=\"1856\">Certifications :<\/strong> CPSC 1203, EN1078 et ANZ2063<\/li>\n<\/ul>\n","protected":false},"excerpt":{"rendered":"<p>ARO3 Endurance est un casque polyvalent pour toi qui t\u2019entra\u00eenes et participes \u00e0 des comp\u00e9titions en ski-roues. Que tu fasses une sortie d\u2019endurance tranquille ou une s\u00e9ance d\u2019intervalles intense, ARO3 Endurance est un compagnon fiable qui t\u2019offre le bon \u00e9quilibre entre s\u00e9curit\u00e9, confort et style. [&hellip;]<\/p>\n","protected":false},"featured_media":14601,"template":"","meta":[],"product_brand":[],"product_cat":[176,529],"product_tag":[],"class_list":{"0":"post-14599","1":"product","2":"type-product","3":"status-publish","4":"has-post-thumbnail","6":"product_cat-accessoires","7":"product_cat-casques","9":"first","10":"instock","11":"taxable","12":"shipping-taxable","13":"purchasable","14":"product-type-variable"},"composite_virtual":false,"composite_layout":"","composite_add_to_cart_form_location":"","composite_editable_in_cart":false,"composite_sold_individually_context":"","composite_shop_price_calc":"","composite_components":[],"composite_scenarios":[],"yoast_head":"<!-- This site is optimized with the Yoast SEO plugin v27.4 - https:\/\/yoast.com\/product\/yoast-seo-wordpress\/ -->\n<title>Oakley Aro3 Endurance MIPS - Noir Matte Blackout - Elpex<\/title>\n<meta name=\"robots\" content=\"index, follow, max-snippet:-1, max-image-preview:large, max-video-preview:-1\" \/>\n<link rel=\"canonical\" href=\"https:\/\/www.elpex.se\/fr\/produkt\/oakley-aro3-endurance-mips-noir-matte-blackout\/\" \/>\n<meta property=\"og:locale\" content=\"fr_FR\" \/>\n<meta property=\"og:type\" content=\"article\" \/>\n<meta property=\"og:title\" content=\"Oakley Aro3 Endurance MIPS - Noir Matte Blackout - Elpex\" \/>\n<meta property=\"og:description\" content=\"ARO3 Endurance est un casque polyvalent pour toi qui t\u2019entra\u00eenes et participes \u00e0 des comp\u00e9titions en ski-roues. Que tu fasses une sortie d\u2019endurance tranquille ou une s\u00e9ance d\u2019intervalles intense, ARO3 Endurance est un compagnon fiable qui t\u2019offre le bon \u00e9quilibre entre s\u00e9curit\u00e9, confort et style. [&hellip;]\" \/>\n<meta property=\"og:url\" content=\"https:\/\/www.elpex.se\/fr\/produkt\/oakley-aro3-endurance-mips-noir-matte-blackout\/\" \/>\n<meta property=\"og:site_name\" content=\"Elpex\" \/>\n<meta property=\"article:publisher\" content=\"https:\/\/www.facebook.com\/www.elpex.se\/?locale=sv_SE\" \/>\n<meta property=\"og:image\" content=\"https:\/\/www.elpex.se\/wp-content\/uploads\/2026\/04\/Oakley-Aro3-matte-black-1.png\" \/>\n\t<meta property=\"og:image:width\" content=\"834\" \/>\n\t<meta property=\"og:image:height\" content=\"834\" \/>\n\t<meta property=\"og:image:type\" content=\"image\/png\" \/>\n<meta name=\"twitter:card\" content=\"summary_large_image\" \/>\n<meta name=\"twitter:label1\" content=\"Dur\u00e9e de lecture estim\u00e9e\" \/>\n\t<meta name=\"twitter:data1\" content=\"2 minutes\" \/>\n<script type=\"application\/ld+json\" class=\"yoast-schema-graph\">{\"@context\":\"https:\\\/\\\/schema.org\",\"@graph\":[{\"@type\":\"WebPage\",\"@id\":\"https:\\\/\\\/www.elpex.se\\\/fr\\\/produkt\\\/oakley-aro3-endurance-mips-noir-matte-blackout\\\/\",\"url\":\"https:\\\/\\\/www.elpex.se\\\/fr\\\/produkt\\\/oakley-aro3-endurance-mips-noir-matte-blackout\\\/\",\"name\":\"Oakley Aro3 Endurance MIPS - Noir Matte Blackout - Elpex\",\"isPartOf\":{\"@id\":\"https:\\\/\\\/www.elpex.se\\\/fr\\\/#website\"},\"primaryImageOfPage\":{\"@id\":\"https:\\\/\\\/www.elpex.se\\\/fr\\\/produkt\\\/oakley-aro3-endurance-mips-noir-matte-blackout\\\/#primaryimage\"},\"image\":{\"@id\":\"https:\\\/\\\/www.elpex.se\\\/fr\\\/produkt\\\/oakley-aro3-endurance-mips-noir-matte-blackout\\\/#primaryimage\"},\"thumbnailUrl\":\"https:\\\/\\\/www.elpex.se\\\/wp-content\\\/uploads\\\/2026\\\/04\\\/Oakley-Aro3-matte-black-1.png\",\"datePublished\":\"2026-04-13T10:43:20+00:00\",\"breadcrumb\":{\"@id\":\"https:\\\/\\\/www.elpex.se\\\/fr\\\/produkt\\\/oakley-aro3-endurance-mips-noir-matte-blackout\\\/#breadcrumb\"},\"inLanguage\":\"fr-FR\",\"potentialAction\":[{\"@type\":\"ReadAction\",\"target\":[\"https:\\\/\\\/www.elpex.se\\\/fr\\\/produkt\\\/oakley-aro3-endurance-mips-noir-matte-blackout\\\/\"]}]},{\"@type\":\"ImageObject\",\"inLanguage\":\"fr-FR\",\"@id\":\"https:\\\/\\\/www.elpex.se\\\/fr\\\/produkt\\\/oakley-aro3-endurance-mips-noir-matte-blackout\\\/#primaryimage\",\"url\":\"https:\\\/\\\/www.elpex.se\\\/wp-content\\\/uploads\\\/2026\\\/04\\\/Oakley-Aro3-matte-black-1.png\",\"contentUrl\":\"https:\\\/\\\/www.elpex.se\\\/wp-content\\\/uploads\\\/2026\\\/04\\\/Oakley-Aro3-matte-black-1.png\",\"width\":834,\"height\":834},{\"@type\":\"BreadcrumbList\",\"@id\":\"https:\\\/\\\/www.elpex.se\\\/fr\\\/produkt\\\/oakley-aro3-endurance-mips-noir-matte-blackout\\\/#breadcrumb\",\"itemListElement\":[{\"@type\":\"ListItem\",\"position\":1,\"name\":\"Hem\",\"item\":\"https:\\\/\\\/www.elpex.se\\\/fr\\\/\"},{\"@type\":\"ListItem\",\"position\":2,\"name\":\"Skis \u00e0 roulettes et accessoires\",\"item\":\"https:\\\/\\\/www.elpex.se\\\/fr\\\/shop\\\/\"},{\"@type\":\"ListItem\",\"position\":3,\"name\":\"Oakley Aro3 Endurance MIPS &#8211; Noir Matte Blackout\"}]},{\"@type\":\"WebSite\",\"@id\":\"https:\\\/\\\/www.elpex.se\\\/fr\\\/#website\",\"url\":\"https:\\\/\\\/www.elpex.se\\\/fr\\\/\",\"name\":\"Elpex\",\"description\":\"\",\"publisher\":{\"@id\":\"https:\\\/\\\/www.elpex.se\\\/fr\\\/#organization\"},\"potentialAction\":[{\"@type\":\"SearchAction\",\"target\":{\"@type\":\"EntryPoint\",\"urlTemplate\":\"https:\\\/\\\/www.elpex.se\\\/fr\\\/?s={search_term_string}\"},\"query-input\":{\"@type\":\"PropertyValueSpecification\",\"valueRequired\":true,\"valueName\":\"search_term_string\"}}],\"inLanguage\":\"fr-FR\"},{\"@type\":\"Organization\",\"@id\":\"https:\\\/\\\/www.elpex.se\\\/fr\\\/#organization\",\"name\":\"Elpex\",\"url\":\"https:\\\/\\\/www.elpex.se\\\/fr\\\/\",\"logo\":{\"@type\":\"ImageObject\",\"inLanguage\":\"fr-FR\",\"@id\":\"https:\\\/\\\/www.elpex.se\\\/fr\\\/#\\\/schema\\\/logo\\\/image\\\/\",\"url\":\"https:\\\/\\\/www.elpex.se\\\/wp-content\\\/uploads\\\/2024\\\/11\\\/Elpex-logo_svart.svg\",\"contentUrl\":\"https:\\\/\\\/www.elpex.se\\\/wp-content\\\/uploads\\\/2024\\\/11\\\/Elpex-logo_svart.svg\",\"caption\":\"Elpex\"},\"image\":{\"@id\":\"https:\\\/\\\/www.elpex.se\\\/fr\\\/#\\\/schema\\\/logo\\\/image\\\/\"},\"sameAs\":[\"https:\\\/\\\/www.facebook.com\\\/www.elpex.se\\\/?locale=sv_SE\",\"https:\\\/\\\/www.instagram.com\\\/elpexrollerskis\\\/\"]}]}<\/script>\n<!-- \/ Yoast SEO plugin. -->","yoast_head_json":{"title":"Oakley Aro3 Endurance MIPS - Noir Matte Blackout - Elpex","robots":{"index":"index","follow":"follow","max-snippet":"max-snippet:-1","max-image-preview":"max-image-preview:large","max-video-preview":"max-video-preview:-1"},"canonical":"https:\/\/www.elpex.se\/fr\/produkt\/oakley-aro3-endurance-mips-noir-matte-blackout\/","og_locale":"fr_FR","og_type":"article","og_title":"Oakley Aro3 Endurance MIPS - Noir Matte Blackout - Elpex","og_description":"ARO3 Endurance est un casque polyvalent pour toi qui t\u2019entra\u00eenes et participes \u00e0 des comp\u00e9titions en ski-roues. Que tu fasses une sortie d\u2019endurance tranquille ou une s\u00e9ance d\u2019intervalles intense, ARO3 Endurance est un compagnon fiable qui t\u2019offre le bon \u00e9quilibre entre s\u00e9curit\u00e9, confort et style. [&hellip;]","og_url":"https:\/\/www.elpex.se\/fr\/produkt\/oakley-aro3-endurance-mips-noir-matte-blackout\/","og_site_name":"Elpex","article_publisher":"https:\/\/www.facebook.com\/www.elpex.se\/?locale=sv_SE","og_image":[{"width":834,"height":834,"url":"https:\/\/www.elpex.se\/wp-content\/uploads\/2026\/04\/Oakley-Aro3-matte-black-1.png","type":"image\/png"}],"twitter_card":"summary_large_image","twitter_misc":{"Dur\u00e9e de lecture estim\u00e9e":"2 minutes"},"schema":{"@context":"https:\/\/schema.org","@graph":[{"@type":"WebPage","@id":"https:\/\/www.elpex.se\/fr\/produkt\/oakley-aro3-endurance-mips-noir-matte-blackout\/","url":"https:\/\/www.elpex.se\/fr\/produkt\/oakley-aro3-endurance-mips-noir-matte-blackout\/","name":"Oakley Aro3 Endurance MIPS - Noir Matte Blackout - Elpex","isPartOf":{"@id":"https:\/\/www.elpex.se\/fr\/#website"},"primaryImageOfPage":{"@id":"https:\/\/www.elpex.se\/fr\/produkt\/oakley-aro3-endurance-mips-noir-matte-blackout\/#primaryimage"},"image":{"@id":"https:\/\/www.elpex.se\/fr\/produkt\/oakley-aro3-endurance-mips-noir-matte-blackout\/#primaryimage"},"thumbnailUrl":"https:\/\/www.elpex.se\/wp-content\/uploads\/2026\/04\/Oakley-Aro3-matte-black-1.png","datePublished":"2026-04-13T10:43:20+00:00","breadcrumb":{"@id":"https:\/\/www.elpex.se\/fr\/produkt\/oakley-aro3-endurance-mips-noir-matte-blackout\/#breadcrumb"},"inLanguage":"fr-FR","potentialAction":[{"@type":"ReadAction","target":["https:\/\/www.elpex.se\/fr\/produkt\/oakley-aro3-endurance-mips-noir-matte-blackout\/"]}]},{"@type":"ImageObject","inLanguage":"fr-FR","@id":"https:\/\/www.elpex.se\/fr\/produkt\/oakley-aro3-endurance-mips-noir-matte-blackout\/#primaryimage","url":"https:\/\/www.elpex.se\/wp-content\/uploads\/2026\/04\/Oakley-Aro3-matte-black-1.png","contentUrl":"https:\/\/www.elpex.se\/wp-content\/uploads\/2026\/04\/Oakley-Aro3-matte-black-1.png","width":834,"height":834},{"@type":"BreadcrumbList","@id":"https:\/\/www.elpex.se\/fr\/produkt\/oakley-aro3-endurance-mips-noir-matte-blackout\/#breadcrumb","itemListElement":[{"@type":"ListItem","position":1,"name":"Hem","item":"https:\/\/www.elpex.se\/fr\/"},{"@type":"ListItem","position":2,"name":"Skis \u00e0 roulettes et accessoires","item":"https:\/\/www.elpex.se\/fr\/shop\/"},{"@type":"ListItem","position":3,"name":"Oakley Aro3 Endurance MIPS &#8211; Noir Matte Blackout"}]},{"@type":"WebSite","@id":"https:\/\/www.elpex.se\/fr\/#website","url":"https:\/\/www.elpex.se\/fr\/","name":"Elpex","description":"","publisher":{"@id":"https:\/\/www.elpex.se\/fr\/#organization"},"potentialAction":[{"@type":"SearchAction","target":{"@type":"EntryPoint","urlTemplate":"https:\/\/www.elpex.se\/fr\/?s={search_term_string}"},"query-input":{"@type":"PropertyValueSpecification","valueRequired":true,"valueName":"search_term_string"}}],"inLanguage":"fr-FR"},{"@type":"Organization","@id":"https:\/\/www.elpex.se\/fr\/#organization","name":"Elpex","url":"https:\/\/www.elpex.se\/fr\/","logo":{"@type":"ImageObject","inLanguage":"fr-FR","@id":"https:\/\/www.elpex.se\/fr\/#\/schema\/logo\/image\/","url":"https:\/\/www.elpex.se\/wp-content\/uploads\/2024\/11\/Elpex-logo_svart.svg","contentUrl":"https:\/\/www.elpex.se\/wp-content\/uploads\/2024\/11\/Elpex-logo_svart.svg","caption":"Elpex"},"image":{"@id":"https:\/\/www.elpex.se\/fr\/#\/schema\/logo\/image\/"},"sameAs":["https:\/\/www.facebook.com\/www.elpex.se\/?locale=sv_SE","https:\/\/www.instagram.com\/elpexrollerskis\/"]}]}},"_links":{"self":[{"href":"https:\/\/www.elpex.se\/fr\/wp-json\/wp\/v2\/product\/14599","targetHints":{"allow":["GET"]}}],"collection":[{"href":"https:\/\/www.elpex.se\/fr\/wp-json\/wp\/v2\/product"}],"about":[{"href":"https:\/\/www.elpex.se\/fr\/wp-json\/wp\/v2\/types\/product"}],"wp:featuredmedia":[{"embeddable":true,"href":"https:\/\/www.elpex.se\/fr\/wp-json\/wp\/v2\/media\/14601"}],"wp:attachment":[{"href":"https:\/\/www.elpex.se\/fr\/wp-json\/wp\/v2\/media?parent=14599"}],"wp:term":[{"taxonomy":"product_brand","embeddable":true,"href":"https:\/\/www.elpex.se\/fr\/wp-json\/wp\/v2\/product_brand?post=14599"},{"taxonomy":"product_cat","embeddable":true,"href":"https:\/\/www.elpex.se\/fr\/wp-json\/wp\/v2\/product_cat?post=14599"},{"taxonomy":"product_tag","embeddable":true,"href":"https:\/\/www.elpex.se\/fr\/wp-json\/wp\/v2\/product_tag?post=14599"}],"curies":[{"name":"wp","href":"https:\/\/api.w.org\/{rel}","templated":true}]}}