{"id":12835,"date":"2026-02-24T11:56:08","date_gmt":"2026-02-24T11:56:08","guid":{"rendered":"https:\/\/www.elpex.se\/?post_type=product&#038;p=12835"},"modified":"2026-04-08T07:15:14","modified_gmt":"2026-04-08T07:15:14","slug":"skate-race-kopia","status":"publish","type":"product","link":"https:\/\/www.elpex.se\/fr\/produkt\/skate-race-kopia\/","title":{"rendered":"Skate Stride"},"content":{"rendered":"<p data-pm-slice=\"1 1 []\">Le nouveau Skate Stride est un ajout tr\u00e8s attendu \u00e0 notre collection de skate. Avec des ch\u00e2ssis 5 cm plus longs que notre mod\u00e8le standard, il offre une coupe plus douce et plus proche du ski &#8211; un choix parfait pour les juniors ambitieux comme pour les athl\u00e8tes d&rsquo;\u00e9lite. Les profils offrent un centre de gravit\u00e9 bas pour un \u00e9quilibre in\u00e9gal\u00e9 et une glisse stable avec le flex parfait. Les roues PU (2) offrent une coupe nette et d&rsquo;excellentes propri\u00e9t\u00e9s de glisse m\u00eame sur surfaces mouill\u00e9es. Nous proposons \u00e9galement une toute nouvelle option de roues &#8211; notre s\u00e9rie premium d\u00e9velopp\u00e9e pour les athl\u00e8tes d&rsquo;\u00e9lite, qui combine les meilleures propri\u00e9t\u00e9s du polyur\u00e9thane et du caoutchouc.    <\/p>\n<p data-start=\"185\" data-end=\"254\"><strong data-start=\"185\" data-end=\"202\">Type de skieur :<\/strong> Juniors confirm\u00e9s, skieurs d&rsquo;\u00e9lite et pratiquants ambitieux.<\/p>\n<p data-start=\"185\" data-end=\"254\"><strong>Choix de roues :<\/strong><\/p>\n<p data-start=\"497\" data-end=\"547\"><strong>Roues en PU (r\u00e9sistance au roulement 2) \u2013 stabilit\u00e9 dans toutes les conditions<\/strong><\/p>\n<ul>\n<li data-start=\"548\" data-end=\"869\">Nos roues en PU offrent une accroche franche et nette sur l\u2019asphalte avec d\u2019excellentes sensations de glisse sur route s\u00e8che comme mouill\u00e9e. L\u2019adh\u00e9rence est superbe sans sensation de mollesse \u2013 m\u00eame pour les skieurs plus lourds qui poussent \u00e0 haute vitesse. Ces roues sont notamment utilis\u00e9es lors de tests au Centre national des sports d\u2019hiver pour l\u2019analyse des athl\u00e8tes d\u2019\u00e9lite et de l\u2019\u00e9quipe nationale.   Ces roues ont une jante en aluminium brillant.<\/li>\n<\/ul>\n<p data-start=\"871\" data-end=\"921\"><strong>Roues premium (r\u00e9sistance au roulement 2 et 3) \u2013 pour toi qui veux ce qu\u2019il y a de mieux<\/strong><\/p>\n<ul>\n<li data-start=\"922\" data-end=\"1045\">Notre nouvelle gamme premium, con\u00e7ue pour les athl\u00e8tes d\u2019\u00e9lite, allie la robustesse du polyur\u00e9thane \u00e0 la souplesse du caoutchouc. Une solution sans compromis pour toi qui exiges une performance maximale dans toutes les conditions. Nos roues premium t\u2019offrent une r\u00e9sistance au roulement constante, une adh\u00e9rence in\u00e9gal\u00e9e sur sol mouill\u00e9 et une durabilit\u00e9 exceptionnelle.   Ces roues ont une jante en plastique gris.<\/li>\n<\/ul>\n<p>&nbsp;<\/p>\n","protected":false},"excerpt":{"rendered":"<p data-pm-slice=\"1 1 []\">Un ski de skate qui, avec son centre de gravit\u00e9 bas, offre un \u00e9quilibre in\u00e9gal\u00e9 et une glisse stable. Les poutres plus longues assurent une pouss\u00e9e plus souple et plus proche du ski. <\/p>\n","protected":false},"featured_media":12953,"template":"","meta":[],"product_brand":[],"product_cat":[242,201,255],"product_tag":[513],"class_list":{"0":"post-12835","1":"product","2":"type-product","3":"status-publish","4":"has-post-thumbnail","6":"product_cat-produits-populaires","7":"product_cat-skis-a-roulettes","8":"product_cat-patiner","9":"product_tag-debutant","11":"first","12":"instock","13":"taxable","14":"shipping-taxable","15":"purchasable","16":"product-type-variable"},"composite_virtual":false,"composite_layout":"","composite_add_to_cart_form_location":"","composite_editable_in_cart":false,"composite_sold_individually_context":"","composite_shop_price_calc":"","composite_components":[],"composite_scenarios":[],"yoast_head":"<!-- This site is optimized with the Yoast SEO plugin v27.0 - https:\/\/yoast.com\/product\/yoast-seo-wordpress\/ -->\n<title>Skate Stride - Elpex<\/title>\n<meta name=\"robots\" content=\"index, follow, max-snippet:-1, max-image-preview:large, max-video-preview:-1\" \/>\n<link rel=\"canonical\" href=\"https:\/\/www.elpex.se\/fr\/produkt\/skate-race-kopia\/\" \/>\n<meta property=\"og:locale\" content=\"fr_FR\" \/>\n<meta property=\"og:type\" content=\"article\" \/>\n<meta property=\"og:title\" content=\"Skate Stride - Elpex\" \/>\n<meta property=\"og:description\" content=\"Un ski de skate qui, avec son centre de gravit\u00e9 bas, offre un \u00e9quilibre in\u00e9gal\u00e9 et une glisse stable. Les poutres plus longues assurent une pouss\u00e9e plus souple et plus proche du ski.\" \/>\n<meta property=\"og:url\" content=\"https:\/\/www.elpex.se\/fr\/produkt\/skate-race-kopia\/\" \/>\n<meta property=\"og:site_name\" content=\"Elpex\" \/>\n<meta property=\"article:publisher\" content=\"https:\/\/www.facebook.com\/www.elpex.se\/?locale=sv_SE\" \/>\n<meta property=\"article:modified_time\" content=\"2026-04-08T07:15:14+00:00\" \/>\n<meta property=\"og:image\" content=\"https:\/\/www.elpex.se\/wp-content\/uploads\/2026\/02\/Skate_Stride_5-kopia.png\" \/>\n\t<meta property=\"og:image:width\" content=\"1680\" \/>\n\t<meta property=\"og:image:height\" content=\"2444\" \/>\n\t<meta property=\"og:image:type\" content=\"image\/png\" \/>\n<meta name=\"twitter:card\" content=\"summary_large_image\" \/>\n<meta name=\"twitter:label1\" content=\"Dur\u00e9e de lecture estim\u00e9e\" \/>\n\t<meta name=\"twitter:data1\" content=\"2 minutes\" \/>\n<script type=\"application\/ld+json\" class=\"yoast-schema-graph\">{\"@context\":\"https:\/\/schema.org\",\"@graph\":[{\"@type\":\"WebPage\",\"@id\":\"https:\/\/www.elpex.se\/fr\/produkt\/skate-race-kopia\/\",\"url\":\"https:\/\/www.elpex.se\/fr\/produkt\/skate-race-kopia\/\",\"name\":\"Skate Stride - Elpex\",\"isPartOf\":{\"@id\":\"https:\/\/www.elpex.se\/fr\/#website\"},\"primaryImageOfPage\":{\"@id\":\"https:\/\/www.elpex.se\/fr\/produkt\/skate-race-kopia\/#primaryimage\"},\"image\":{\"@id\":\"https:\/\/www.elpex.se\/fr\/produkt\/skate-race-kopia\/#primaryimage\"},\"thumbnailUrl\":\"https:\/\/www.elpex.se\/wp-content\/uploads\/2026\/02\/Skate_Stride_5-kopia.png\",\"datePublished\":\"2026-02-24T11:56:08+00:00\",\"dateModified\":\"2026-04-08T07:15:14+00:00\",\"breadcrumb\":{\"@id\":\"https:\/\/www.elpex.se\/fr\/produkt\/skate-race-kopia\/#breadcrumb\"},\"inLanguage\":\"fr-FR\",\"potentialAction\":[{\"@type\":\"ReadAction\",\"target\":[\"https:\/\/www.elpex.se\/fr\/produkt\/skate-race-kopia\/\"]}]},{\"@type\":\"ImageObject\",\"inLanguage\":\"fr-FR\",\"@id\":\"https:\/\/www.elpex.se\/fr\/produkt\/skate-race-kopia\/#primaryimage\",\"url\":\"https:\/\/www.elpex.se\/wp-content\/uploads\/2026\/02\/Skate_Stride_5-kopia.png\",\"contentUrl\":\"https:\/\/www.elpex.se\/wp-content\/uploads\/2026\/02\/Skate_Stride_5-kopia.png\",\"width\":1680,\"height\":2444},{\"@type\":\"BreadcrumbList\",\"@id\":\"https:\/\/www.elpex.se\/fr\/produkt\/skate-race-kopia\/#breadcrumb\",\"itemListElement\":[{\"@type\":\"ListItem\",\"position\":1,\"name\":\"Hem\",\"item\":\"https:\/\/www.elpex.se\/fr\/\"},{\"@type\":\"ListItem\",\"position\":2,\"name\":\"Skis \u00e0 roulettes et accessoires\",\"item\":\"https:\/\/www.elpex.se\/fr\/shop\/\"},{\"@type\":\"ListItem\",\"position\":3,\"name\":\"Skate Stride\"}]},{\"@type\":\"WebSite\",\"@id\":\"https:\/\/www.elpex.se\/fr\/#website\",\"url\":\"https:\/\/www.elpex.se\/fr\/\",\"name\":\"Elpex\",\"description\":\"\",\"publisher\":{\"@id\":\"https:\/\/www.elpex.se\/fr\/#organization\"},\"potentialAction\":[{\"@type\":\"SearchAction\",\"target\":{\"@type\":\"EntryPoint\",\"urlTemplate\":\"https:\/\/www.elpex.se\/fr\/?s={search_term_string}\"},\"query-input\":{\"@type\":\"PropertyValueSpecification\",\"valueRequired\":true,\"valueName\":\"search_term_string\"}}],\"inLanguage\":\"fr-FR\"},{\"@type\":\"Organization\",\"@id\":\"https:\/\/www.elpex.se\/fr\/#organization\",\"name\":\"Elpex\",\"url\":\"https:\/\/www.elpex.se\/fr\/\",\"logo\":{\"@type\":\"ImageObject\",\"inLanguage\":\"fr-FR\",\"@id\":\"https:\/\/www.elpex.se\/fr\/#\/schema\/logo\/image\/\",\"url\":\"https:\/\/www.elpex.se\/wp-content\/uploads\/2024\/11\/Elpex-logo_svart.svg\",\"contentUrl\":\"https:\/\/www.elpex.se\/wp-content\/uploads\/2024\/11\/Elpex-logo_svart.svg\",\"caption\":\"Elpex\"},\"image\":{\"@id\":\"https:\/\/www.elpex.se\/fr\/#\/schema\/logo\/image\/\"},\"sameAs\":[\"https:\/\/www.facebook.com\/www.elpex.se\/?locale=sv_SE\",\"https:\/\/www.instagram.com\/elpexrollerskis\/\"]}]}<\/script>\n<!-- \/ Yoast SEO plugin. -->","yoast_head_json":{"title":"Skate Stride - Elpex","robots":{"index":"index","follow":"follow","max-snippet":"max-snippet:-1","max-image-preview":"max-image-preview:large","max-video-preview":"max-video-preview:-1"},"canonical":"https:\/\/www.elpex.se\/fr\/produkt\/skate-race-kopia\/","og_locale":"fr_FR","og_type":"article","og_title":"Skate Stride - Elpex","og_description":"Un ski de skate qui, avec son centre de gravit\u00e9 bas, offre un \u00e9quilibre in\u00e9gal\u00e9 et une glisse stable. Les poutres plus longues assurent une pouss\u00e9e plus souple et plus proche du ski.","og_url":"https:\/\/www.elpex.se\/fr\/produkt\/skate-race-kopia\/","og_site_name":"Elpex","article_publisher":"https:\/\/www.facebook.com\/www.elpex.se\/?locale=sv_SE","article_modified_time":"2026-04-08T07:15:14+00:00","og_image":[{"width":1680,"height":2444,"url":"https:\/\/www.elpex.se\/wp-content\/uploads\/2026\/02\/Skate_Stride_5-kopia.png","type":"image\/png"}],"twitter_card":"summary_large_image","twitter_misc":{"Dur\u00e9e de lecture estim\u00e9e":"2 minutes"},"schema":{"@context":"https:\/\/schema.org","@graph":[{"@type":"WebPage","@id":"https:\/\/www.elpex.se\/fr\/produkt\/skate-race-kopia\/","url":"https:\/\/www.elpex.se\/fr\/produkt\/skate-race-kopia\/","name":"Skate Stride - Elpex","isPartOf":{"@id":"https:\/\/www.elpex.se\/fr\/#website"},"primaryImageOfPage":{"@id":"https:\/\/www.elpex.se\/fr\/produkt\/skate-race-kopia\/#primaryimage"},"image":{"@id":"https:\/\/www.elpex.se\/fr\/produkt\/skate-race-kopia\/#primaryimage"},"thumbnailUrl":"https:\/\/www.elpex.se\/wp-content\/uploads\/2026\/02\/Skate_Stride_5-kopia.png","datePublished":"2026-02-24T11:56:08+00:00","dateModified":"2026-04-08T07:15:14+00:00","breadcrumb":{"@id":"https:\/\/www.elpex.se\/fr\/produkt\/skate-race-kopia\/#breadcrumb"},"inLanguage":"fr-FR","potentialAction":[{"@type":"ReadAction","target":["https:\/\/www.elpex.se\/fr\/produkt\/skate-race-kopia\/"]}]},{"@type":"ImageObject","inLanguage":"fr-FR","@id":"https:\/\/www.elpex.se\/fr\/produkt\/skate-race-kopia\/#primaryimage","url":"https:\/\/www.elpex.se\/wp-content\/uploads\/2026\/02\/Skate_Stride_5-kopia.png","contentUrl":"https:\/\/www.elpex.se\/wp-content\/uploads\/2026\/02\/Skate_Stride_5-kopia.png","width":1680,"height":2444},{"@type":"BreadcrumbList","@id":"https:\/\/www.elpex.se\/fr\/produkt\/skate-race-kopia\/#breadcrumb","itemListElement":[{"@type":"ListItem","position":1,"name":"Hem","item":"https:\/\/www.elpex.se\/fr\/"},{"@type":"ListItem","position":2,"name":"Skis \u00e0 roulettes et accessoires","item":"https:\/\/www.elpex.se\/fr\/shop\/"},{"@type":"ListItem","position":3,"name":"Skate Stride"}]},{"@type":"WebSite","@id":"https:\/\/www.elpex.se\/fr\/#website","url":"https:\/\/www.elpex.se\/fr\/","name":"Elpex","description":"","publisher":{"@id":"https:\/\/www.elpex.se\/fr\/#organization"},"potentialAction":[{"@type":"SearchAction","target":{"@type":"EntryPoint","urlTemplate":"https:\/\/www.elpex.se\/fr\/?s={search_term_string}"},"query-input":{"@type":"PropertyValueSpecification","valueRequired":true,"valueName":"search_term_string"}}],"inLanguage":"fr-FR"},{"@type":"Organization","@id":"https:\/\/www.elpex.se\/fr\/#organization","name":"Elpex","url":"https:\/\/www.elpex.se\/fr\/","logo":{"@type":"ImageObject","inLanguage":"fr-FR","@id":"https:\/\/www.elpex.se\/fr\/#\/schema\/logo\/image\/","url":"https:\/\/www.elpex.se\/wp-content\/uploads\/2024\/11\/Elpex-logo_svart.svg","contentUrl":"https:\/\/www.elpex.se\/wp-content\/uploads\/2024\/11\/Elpex-logo_svart.svg","caption":"Elpex"},"image":{"@id":"https:\/\/www.elpex.se\/fr\/#\/schema\/logo\/image\/"},"sameAs":["https:\/\/www.facebook.com\/www.elpex.se\/?locale=sv_SE","https:\/\/www.instagram.com\/elpexrollerskis\/"]}]}},"_links":{"self":[{"href":"https:\/\/www.elpex.se\/fr\/wp-json\/wp\/v2\/product\/12835","targetHints":{"allow":["GET"]}}],"collection":[{"href":"https:\/\/www.elpex.se\/fr\/wp-json\/wp\/v2\/product"}],"about":[{"href":"https:\/\/www.elpex.se\/fr\/wp-json\/wp\/v2\/types\/product"}],"wp:featuredmedia":[{"embeddable":true,"href":"https:\/\/www.elpex.se\/fr\/wp-json\/wp\/v2\/media\/12953"}],"wp:attachment":[{"href":"https:\/\/www.elpex.se\/fr\/wp-json\/wp\/v2\/media?parent=12835"}],"wp:term":[{"taxonomy":"product_brand","embeddable":true,"href":"https:\/\/www.elpex.se\/fr\/wp-json\/wp\/v2\/product_brand?post=12835"},{"taxonomy":"product_cat","embeddable":true,"href":"https:\/\/www.elpex.se\/fr\/wp-json\/wp\/v2\/product_cat?post=12835"},{"taxonomy":"product_tag","embeddable":true,"href":"https:\/\/www.elpex.se\/fr\/wp-json\/wp\/v2\/product_tag?post=12835"}],"curies":[{"name":"wp","href":"https:\/\/api.w.org\/{rel}","templated":true}]}}