{"id":13947,"date":"2026-03-06T09:58:26","date_gmt":"2026-03-06T09:58:26","guid":{"rendered":"https:\/\/www.elpex.se\/carte-des-pistes-de-ski-a-roulettes-en-suede\/"},"modified":"2026-03-06T14:14:07","modified_gmt":"2026-03-06T14:14:07","slug":"carte-des-pistes-de-ski-a-roulettes-en-suede","status":"publish","type":"page","link":"https:\/\/www.elpex.se\/fr\/guides\/carte-des-pistes-de-ski-a-roulettes-en-suede\/","title":{"rendered":"Pistes de ski \u00e0 roulettes en Su\u00e8de"},"content":{"rendered":"\n<p>Tu trouveras ici une carte de nombreuses pistes de ski \u00e0 roulettes et boucles d&rsquo;entra\u00eenement asphalt\u00e9es en Su\u00e8de. Clique sur une installation dans la liste pour zoomer sur la carte et voir son emplacement approximatif. Les longueurs sont indiqu\u00e9es selon les donn\u00e9es disponibles des installations et les compilations des m\u00e9dias su\u00e9dois du ski, de la SSF et des sites officiels des installations.  <\/p>\n\n<div class=\"elpex-map-wrap\">\n  <div class=\"elpex-map-header\">\n    <h2>Pistes de ski \u00e0 roulettes en Su\u00e8de<\/h2>\n    <p>\n Trouve des pistes de ski-roues en Su\u00e8de et clique sur un \u00e9tablissement dans la liste pour l\u2019afficher sur la carte.\n    <\/p>\n  <\/div>\n\n  <div class=\"elpex-map-toolbar\">\n    <button id=\"findNearestTrack\" type=\"button\" class=\"elpex-find-btn\">Trouve la piste la plus proche<\/button>\n    <span id=\"nearestTrackStatus\" class=\"elpex-nearest-status\"><\/span>\n  <\/div>\n\n  <div class=\"elpex-map-layout\">\n    <div class=\"elpex-map-sidebar\">\n      <input type=\"text\" id=\"rollerskiFilter\" placeholder=\"Rechercher une ville ou une installation\" class=\"elpex-map-search\"\/>\n      <div id=\"rollerskiList\" class=\"elpex-map-list\"><\/div>\n    <\/div>\n\n    <div id=\"rollerskiMap\" class=\"elpex-map-canvas\"><\/div>\n  <\/div>\n\n  <div class=\"elpex-map-note\">\n Les longueurs sont approximatives et peuvent changer lorsque les pistes sont r\u00e9am\u00e9nag\u00e9es ou prolong\u00e9es. N\u2019h\u00e9site pas \u00e0 v\u00e9rifier les informations actuelles localement avant ta visite.\n  <\/div>\n<\/div>\n\n<p><strong>Conseils avant de partir :<\/strong><br\/>V\u00e9rifie toujours le statut actuel, les horaires d&rsquo;ouverture, l&rsquo;\u00e9clairage et les \u00e9ventuels frais aupr\u00e8s de l&rsquo;installation locale avant de te d\u00e9placer. La longueur et le trac\u00e9 peuvent changer lorsque les pistes sont r\u00e9am\u00e9nag\u00e9es ou compl\u00e9t\u00e9es. <\/p>\n","protected":false},"excerpt":{"rendered":"<p>Tu trouveras ici une carte de nombreuses pistes de ski \u00e0 roulettes et boucles d&rsquo;entra\u00eenement asphalt\u00e9es en Su\u00e8de. Clique sur une installation dans la liste pour zoomer sur la carte et voir son emplacement approximatif. Les longueurs sont indiqu\u00e9es selon les donn\u00e9es disponibles des installations [&hellip;]<\/p>\n","protected":false},"author":5,"featured_media":0,"parent":12319,"menu_order":0,"comment_status":"closed","ping_status":"closed","template":"","meta":{"footnotes":""},"class_list":["post-13947","page","type-page","status-publish","hentry"],"yoast_head":"<!-- This site is optimized with the Yoast SEO plugin v27.4 - https:\/\/yoast.com\/product\/yoast-seo-wordpress\/ -->\n<title>Pistes de ski \u00e0 roulettes en Su\u00e8de - Elpex<\/title>\n<meta name=\"robots\" content=\"index, follow, max-snippet:-1, max-image-preview:large, max-video-preview:-1\" \/>\n<link rel=\"canonical\" href=\"https:\/\/www.elpex.se\/fr\/guides\/carte-des-pistes-de-ski-a-roulettes-en-suede\/\" \/>\n<meta property=\"og:locale\" content=\"fr_FR\" \/>\n<meta property=\"og:type\" content=\"article\" \/>\n<meta property=\"og:title\" content=\"Pistes de ski \u00e0 roulettes en Su\u00e8de - Elpex\" \/>\n<meta property=\"og:description\" content=\"Tu trouveras ici une carte de nombreuses pistes de ski \u00e0 roulettes et boucles d&rsquo;entra\u00eenement asphalt\u00e9es en Su\u00e8de. Clique sur une installation dans la liste pour zoomer sur la carte et voir son emplacement approximatif. Les longueurs sont indiqu\u00e9es selon les donn\u00e9es disponibles des installations [&hellip;]\" \/>\n<meta property=\"og:url\" content=\"https:\/\/www.elpex.se\/fr\/guides\/carte-des-pistes-de-ski-a-roulettes-en-suede\/\" \/>\n<meta property=\"og:site_name\" content=\"Elpex\" \/>\n<meta property=\"article:publisher\" content=\"https:\/\/www.facebook.com\/www.elpex.se\/?locale=sv_SE\" \/>\n<meta property=\"article:modified_time\" content=\"2026-03-06T14:14:07+00:00\" \/>\n<meta name=\"twitter:card\" content=\"summary_large_image\" \/>\n<meta name=\"twitter:label1\" content=\"Dur\u00e9e de lecture estim\u00e9e\" \/>\n\t<meta name=\"twitter:data1\" content=\"1 minute\" \/>\n<script type=\"application\/ld+json\" class=\"yoast-schema-graph\">{\"@context\":\"https:\\\/\\\/schema.org\",\"@graph\":[{\"@type\":\"WebPage\",\"@id\":\"https:\\\/\\\/www.elpex.se\\\/fr\\\/guides\\\/carte-des-pistes-de-ski-a-roulettes-en-suede\\\/\",\"url\":\"https:\\\/\\\/www.elpex.se\\\/fr\\\/guides\\\/carte-des-pistes-de-ski-a-roulettes-en-suede\\\/\",\"name\":\"Pistes de ski \u00e0 roulettes en Su\u00e8de - Elpex\",\"isPartOf\":{\"@id\":\"https:\\\/\\\/www.elpex.se\\\/fr\\\/#website\"},\"datePublished\":\"2026-03-06T09:58:26+00:00\",\"dateModified\":\"2026-03-06T14:14:07+00:00\",\"breadcrumb\":{\"@id\":\"https:\\\/\\\/www.elpex.se\\\/fr\\\/guides\\\/carte-des-pistes-de-ski-a-roulettes-en-suede\\\/#breadcrumb\"},\"inLanguage\":\"fr-FR\",\"potentialAction\":[{\"@type\":\"ReadAction\",\"target\":[\"https:\\\/\\\/www.elpex.se\\\/fr\\\/guides\\\/carte-des-pistes-de-ski-a-roulettes-en-suede\\\/\"]}]},{\"@type\":\"BreadcrumbList\",\"@id\":\"https:\\\/\\\/www.elpex.se\\\/fr\\\/guides\\\/carte-des-pistes-de-ski-a-roulettes-en-suede\\\/#breadcrumb\",\"itemListElement\":[{\"@type\":\"ListItem\",\"position\":1,\"name\":\"Hem\",\"item\":\"https:\\\/\\\/www.elpex.se\\\/fr\\\/\"},{\"@type\":\"ListItem\",\"position\":2,\"name\":\"Conseils &amp; guides\",\"item\":\"https:\\\/\\\/www.elpex.se\\\/fr\\\/guides\\\/\"},{\"@type\":\"ListItem\",\"position\":3,\"name\":\"Pistes de ski \u00e0 roulettes en Su\u00e8de\"}]},{\"@type\":\"WebSite\",\"@id\":\"https:\\\/\\\/www.elpex.se\\\/fr\\\/#website\",\"url\":\"https:\\\/\\\/www.elpex.se\\\/fr\\\/\",\"name\":\"Elpex\",\"description\":\"\",\"publisher\":{\"@id\":\"https:\\\/\\\/www.elpex.se\\\/fr\\\/#organization\"},\"potentialAction\":[{\"@type\":\"SearchAction\",\"target\":{\"@type\":\"EntryPoint\",\"urlTemplate\":\"https:\\\/\\\/www.elpex.se\\\/fr\\\/?s={search_term_string}\"},\"query-input\":{\"@type\":\"PropertyValueSpecification\",\"valueRequired\":true,\"valueName\":\"search_term_string\"}}],\"inLanguage\":\"fr-FR\"},{\"@type\":\"Organization\",\"@id\":\"https:\\\/\\\/www.elpex.se\\\/fr\\\/#organization\",\"name\":\"Elpex\",\"url\":\"https:\\\/\\\/www.elpex.se\\\/fr\\\/\",\"logo\":{\"@type\":\"ImageObject\",\"inLanguage\":\"fr-FR\",\"@id\":\"https:\\\/\\\/www.elpex.se\\\/fr\\\/#\\\/schema\\\/logo\\\/image\\\/\",\"url\":\"https:\\\/\\\/www.elpex.se\\\/wp-content\\\/uploads\\\/2024\\\/11\\\/Elpex-logo_svart.svg\",\"contentUrl\":\"https:\\\/\\\/www.elpex.se\\\/wp-content\\\/uploads\\\/2024\\\/11\\\/Elpex-logo_svart.svg\",\"caption\":\"Elpex\"},\"image\":{\"@id\":\"https:\\\/\\\/www.elpex.se\\\/fr\\\/#\\\/schema\\\/logo\\\/image\\\/\"},\"sameAs\":[\"https:\\\/\\\/www.facebook.com\\\/www.elpex.se\\\/?locale=sv_SE\",\"https:\\\/\\\/www.instagram.com\\\/elpexrollerskis\\\/\"]}]}<\/script>\n<!-- \/ Yoast SEO plugin. -->","yoast_head_json":{"title":"Pistes de ski \u00e0 roulettes en Su\u00e8de - Elpex","robots":{"index":"index","follow":"follow","max-snippet":"max-snippet:-1","max-image-preview":"max-image-preview:large","max-video-preview":"max-video-preview:-1"},"canonical":"https:\/\/www.elpex.se\/fr\/guides\/carte-des-pistes-de-ski-a-roulettes-en-suede\/","og_locale":"fr_FR","og_type":"article","og_title":"Pistes de ski \u00e0 roulettes en Su\u00e8de - Elpex","og_description":"Tu trouveras ici une carte de nombreuses pistes de ski \u00e0 roulettes et boucles d&rsquo;entra\u00eenement asphalt\u00e9es en Su\u00e8de. Clique sur une installation dans la liste pour zoomer sur la carte et voir son emplacement approximatif. Les longueurs sont indiqu\u00e9es selon les donn\u00e9es disponibles des installations [&hellip;]","og_url":"https:\/\/www.elpex.se\/fr\/guides\/carte-des-pistes-de-ski-a-roulettes-en-suede\/","og_site_name":"Elpex","article_publisher":"https:\/\/www.facebook.com\/www.elpex.se\/?locale=sv_SE","article_modified_time":"2026-03-06T14:14:07+00:00","twitter_card":"summary_large_image","twitter_misc":{"Dur\u00e9e de lecture estim\u00e9e":"1 minute"},"schema":{"@context":"https:\/\/schema.org","@graph":[{"@type":"WebPage","@id":"https:\/\/www.elpex.se\/fr\/guides\/carte-des-pistes-de-ski-a-roulettes-en-suede\/","url":"https:\/\/www.elpex.se\/fr\/guides\/carte-des-pistes-de-ski-a-roulettes-en-suede\/","name":"Pistes de ski \u00e0 roulettes en Su\u00e8de - Elpex","isPartOf":{"@id":"https:\/\/www.elpex.se\/fr\/#website"},"datePublished":"2026-03-06T09:58:26+00:00","dateModified":"2026-03-06T14:14:07+00:00","breadcrumb":{"@id":"https:\/\/www.elpex.se\/fr\/guides\/carte-des-pistes-de-ski-a-roulettes-en-suede\/#breadcrumb"},"inLanguage":"fr-FR","potentialAction":[{"@type":"ReadAction","target":["https:\/\/www.elpex.se\/fr\/guides\/carte-des-pistes-de-ski-a-roulettes-en-suede\/"]}]},{"@type":"BreadcrumbList","@id":"https:\/\/www.elpex.se\/fr\/guides\/carte-des-pistes-de-ski-a-roulettes-en-suede\/#breadcrumb","itemListElement":[{"@type":"ListItem","position":1,"name":"Hem","item":"https:\/\/www.elpex.se\/fr\/"},{"@type":"ListItem","position":2,"name":"Conseils &amp; guides","item":"https:\/\/www.elpex.se\/fr\/guides\/"},{"@type":"ListItem","position":3,"name":"Pistes de ski \u00e0 roulettes en Su\u00e8de"}]},{"@type":"WebSite","@id":"https:\/\/www.elpex.se\/fr\/#website","url":"https:\/\/www.elpex.se\/fr\/","name":"Elpex","description":"","publisher":{"@id":"https:\/\/www.elpex.se\/fr\/#organization"},"potentialAction":[{"@type":"SearchAction","target":{"@type":"EntryPoint","urlTemplate":"https:\/\/www.elpex.se\/fr\/?s={search_term_string}"},"query-input":{"@type":"PropertyValueSpecification","valueRequired":true,"valueName":"search_term_string"}}],"inLanguage":"fr-FR"},{"@type":"Organization","@id":"https:\/\/www.elpex.se\/fr\/#organization","name":"Elpex","url":"https:\/\/www.elpex.se\/fr\/","logo":{"@type":"ImageObject","inLanguage":"fr-FR","@id":"https:\/\/www.elpex.se\/fr\/#\/schema\/logo\/image\/","url":"https:\/\/www.elpex.se\/wp-content\/uploads\/2024\/11\/Elpex-logo_svart.svg","contentUrl":"https:\/\/www.elpex.se\/wp-content\/uploads\/2024\/11\/Elpex-logo_svart.svg","caption":"Elpex"},"image":{"@id":"https:\/\/www.elpex.se\/fr\/#\/schema\/logo\/image\/"},"sameAs":["https:\/\/www.facebook.com\/www.elpex.se\/?locale=sv_SE","https:\/\/www.instagram.com\/elpexrollerskis\/"]}]}},"_links":{"self":[{"href":"https:\/\/www.elpex.se\/fr\/wp-json\/wp\/v2\/pages\/13947","targetHints":{"allow":["GET"]}}],"collection":[{"href":"https:\/\/www.elpex.se\/fr\/wp-json\/wp\/v2\/pages"}],"about":[{"href":"https:\/\/www.elpex.se\/fr\/wp-json\/wp\/v2\/types\/page"}],"author":[{"embeddable":true,"href":"https:\/\/www.elpex.se\/fr\/wp-json\/wp\/v2\/users\/5"}],"replies":[{"embeddable":true,"href":"https:\/\/www.elpex.se\/fr\/wp-json\/wp\/v2\/comments?post=13947"}],"version-history":[{"count":8,"href":"https:\/\/www.elpex.se\/fr\/wp-json\/wp\/v2\/pages\/13947\/revisions"}],"predecessor-version":[{"id":14314,"href":"https:\/\/www.elpex.se\/fr\/wp-json\/wp\/v2\/pages\/13947\/revisions\/14314"}],"up":[{"embeddable":true,"href":"https:\/\/www.elpex.se\/fr\/wp-json\/wp\/v2\/pages\/12319"}],"wp:attachment":[{"href":"https:\/\/www.elpex.se\/fr\/wp-json\/wp\/v2\/media?parent=13947"}],"curies":[{"name":"wp","href":"https:\/\/api.w.org\/{rel}","templated":true}]}}