{"id":13866,"date":"2026-03-06T09:39:12","date_gmt":"2026-03-06T09:39:12","guid":{"rendered":"https:\/\/www.elpex.se\/conditions-de-surface-et-meteo-pour-le-ski-a-roulettes-asphalte-mouille-gravier-froid-et-neige-legere\/"},"modified":"2026-03-06T09:42:41","modified_gmt":"2026-03-06T09:42:41","slug":"conditions-de-surface-et-meteo-pour-le-ski-a-roulettes-asphalte-mouille-gravier-froid-et-neige-legere","status":"publish","type":"page","link":"https:\/\/www.elpex.se\/fr\/guides\/conditions-de-surface-et-meteo-pour-le-ski-a-roulettes-asphalte-mouille-gravier-froid-et-neige-legere\/","title":{"rendered":"Rev\u00eatement et m\u00e9t\u00e9o lors de la pratique du ski \u00e0 roulettes"},"content":{"rendered":"\n<h2 class=\"wp-block-heading\">Asphalte mouill\u00e9, gravier, froid et neige l\u00e9g\u00e8re<\/h2>\n\n<p>Le ski \u00e0 roulettes se pratique presque toujours sur asphalte, ce qui fait que <strong>la m\u00e9t\u00e9o et l&rsquo;\u00e9tat de la route influencent davantage la sensation que beaucoup ne le pensent<\/strong>. La temp\u00e9rature, l&rsquo;humidit\u00e9 et la qualit\u00e9 de la route peuvent modifier \u00e0 la fois l&rsquo;adh\u00e9rence et la r\u00e9sistance au roulement. <\/p>\n\n<p>Avec le bon \u00e9quipement et un peu d&rsquo;attention \u00e0 la surface, tu peux rendre l&rsquo;entra\u00eenement \u00e0 la fois <strong>plus s\u00fbr et plus proche du ski<\/strong>.<\/p>\n\n<hr class=\"wp-block-separator has-alpha-channel-opacity\"\/>\n\n<h2 class=\"wp-block-heading\">Asphalte mouill\u00e9<\/h2>\n\n<p>Lorsque l&rsquo;asphalte est mouill\u00e9, le contact entre la roue et la route change.<\/p>\n\n<p>Cela peut entra\u00eener :<\/p>\n\n<ul class=\"wp-block-list\">\n<li>adh\u00e9rence l\u00e9g\u00e8rement r\u00e9duite dans les virages<\/li>\n\n\n\n<li>les pointes des b\u00e2tons glissent facilement<\/li>\n\n\n\n<li>r\u00e9sistance au roulement l\u00e9g\u00e8rement plus \u00e9lev\u00e9e<\/li>\n<\/ul>\n\n<p>L&rsquo;eau sur la chauss\u00e9e peut augmenter la r\u00e9sistance au roulement d&rsquo;environ <strong>5 \u00e0 10 %<\/strong>, et parfois plus en cas de fortes pluies.<\/p>\n\n<h3 class=\"wp-block-heading\">Conseils en cas de pluie<\/h3>\n\n<ul class=\"wp-block-list\">\n<li>ralentis dans les descentes<\/li>\n\n\n\n<li>plante les b\u00e2tons plus <strong>verticalement dans l&rsquo;asphalte<\/strong><\/li>\n\n\n\n<li>\u00e9vite les virages serr\u00e9s<\/li>\n\n\n\n<li>sois tr\u00e8s attentif dans les virages<\/li>\n<\/ul>\n\n<p>Les roues de ski \u00e0 roulettes Elpex en <strong>caoutchouc ou en m\u00e9lange PU<\/strong> offrent g\u00e9n\u00e9ralement une tr\u00e8s bonne adh\u00e9rence m\u00eame sur asphalte mouill\u00e9, ce qui est l&rsquo;une des raisons pour lesquelles ces mat\u00e9riaux sont utilis\u00e9s sur les roues d&rsquo;entra\u00eenement.<\/p>\n\n<hr class=\"wp-block-separator has-alpha-channel-opacity\"\/>\n\n<h2 class=\"wp-block-heading\">Asphalte irr\u00e9gulier ou rugueux<\/h2>\n\n<p>Toutes les routes ne sont pas aussi bonnes pour le ski \u00e0 roulettes. L&rsquo;asphalte rugueux, les fissures ou les r\u00e9parations peuvent affecter la sensation de roulement. <\/p>\n\n<p>Effets courants :<\/p>\n\n<ul class=\"wp-block-list\">\n<li>vibrations dans les skis \u00e0 roulettes<\/li>\n\n\n\n<li>r\u00e9sistance au roulement plus \u00e9lev\u00e9e<\/li>\n\n\n\n<li>moins de stabilit\u00e9<\/li>\n<\/ul>\n\n<p>Lorsque les roues doivent rouler sur de petites irr\u00e9gularit\u00e9s, de l&rsquo;\u00e9nergie est perdue et la vitesse diminue. Cela est particuli\u00e8rement vrai avec des roues plus dures, car elles absorbent moins les irr\u00e9gularit\u00e9s. <\/p>\n\n<h3 class=\"wp-block-heading\">Conseils<\/h3>\n\n<ul class=\"wp-block-list\">\n<li>garde le regard <strong>10 \u00e0 20 m\u00e8tres en avant<\/strong><\/li>\n\n\n\n<li>fl\u00e9chis l\u00e9g\u00e8rement les genoux pour un meilleur \u00e9quilibre<\/li>\n\n\n\n<li>\u00e9vite de pousser sur les b\u00e2tons au-dessus de grandes fissures<\/li>\n<\/ul>\n\n<p>Les roues en PU et en caoutchouc, utilis\u00e9es dans de nombreux mod\u00e8les Elpex, aident \u00e9galement \u00e0 <strong>amortir les vibrations et \u00e0 am\u00e9liorer l&rsquo;adh\u00e9rence sur un asphalte de moins bonne qualit\u00e9<\/strong>.<\/p>\n\n<hr class=\"wp-block-separator has-alpha-channel-opacity\"\/>\n\n<h2 class=\"wp-block-heading\">Gravier sur la route<\/h2>\n\n<p>Le gravier est l&rsquo;une des causes les plus fr\u00e9quentes de chutes en ski \u00e0 roulettes.<\/p>\n\n<p>Lorsqu&rsquo;une roue rencontre du gravier meuble, elle peut :<\/p>\n\n<ul class=\"wp-block-list\">\n<li>perdre son adh\u00e9rence lat\u00e9rale<\/li>\n\n\n\n<li>glisser<\/li>\n\n\n\n<li>dans le pire des cas, bloquer la roue<\/li>\n<\/ul>\n\n<h3 class=\"wp-block-heading\">Endroits courants o\u00f9 le gravier s&rsquo;accumule<\/h3>\n\n<ul class=\"wp-block-list\">\n<li>intersections<\/li>\n\n\n\n<li>accotements<\/li>\n\n\n\n<li>apr\u00e8s la pluie<\/li>\n\n\n\n<li>apr\u00e8s le sablage hivernal<\/li>\n<\/ul>\n\n<h3 class=\"wp-block-heading\">Conseils<\/h3>\n\n<ul class=\"wp-block-list\">\n<li>ralentis lorsque tu vois du gravier<\/li>\n\n\n\n<li>roule tout droit au lieu de tourner<\/li>\n\n\n\n<li>\u00e9vite de pousser fort sur les b\u00e2tons sur le gravier<\/li>\n<\/ul>\n\n<hr class=\"wp-block-separator has-alpha-channel-opacity\"\/>\n\n<h2 class=\"wp-block-heading\">Asphalte froid<\/h2>\n\n<p>La temp\u00e9rature affecte \u00e0 la fois les roues et l&rsquo;asphalte lui-m\u00eame.<\/p>\n\n<p>Lorsque la temp\u00e9rature baisse :<\/p>\n\n<ul class=\"wp-block-list\">\n<li>le caoutchouc et le PU deviennent <strong>plus durs<\/strong><\/li>\n\n\n\n<li>la r\u00e9sistance au roulement augmente<\/li>\n\n\n\n<li>l&rsquo;adh\u00e9rence diminue l\u00e9g\u00e8rement<\/li>\n<\/ul>\n\n<p>G\u00e9n\u00e9ralement, la r\u00e9sistance au roulement diminue lorsque la temp\u00e9rature augmente, car le caoutchouc devient plus flexible et roule plus efficacement.<\/p>\n\n<p>En pratique, de nombreux skieurs \u00e0 roulettes ressentent que les skis peuvent sembler <strong>5 \u00e0 15 % plus lents sur asphalte froid<\/strong> par rapport \u00e0 une chaude journ\u00e9e d&rsquo;\u00e9t\u00e9.<\/p>\n\n<p>C&rsquo;est pourquoi une s\u00e9ance au printemps ou \u00e0 l&rsquo;automne peut parfois sembler beaucoup plus difficile malgr\u00e9 la m\u00eame vitesse.<\/p>\n\n<h3 class=\"wp-block-heading\">Conseils par temps froid<\/h3>\n\n<ul class=\"wp-block-list\">\n<li>attends-toi \u00e0 un roulement un peu plus lourd<\/li>\n\n\n\n<li>\u00e9chauffe-toi plus longtemps au d\u00e9but de la s\u00e9ance<\/li>\n\n\n\n<li>v\u00e9rifie les pointes des b\u00e2tons (elles glissent plus facilement par temps froid)<\/li>\n<\/ul>\n\n<hr class=\"wp-block-separator has-alpha-channel-opacity\"\/>\n\n<h2 class=\"wp-block-heading\">Neige l\u00e9g\u00e8re ou gel<\/h2>\n\n<p>Une fine couche de neige ou de givre peut rendre la pratique du ski \u00e0 roulettes tr\u00e8s difficile.<\/p>\n\n<p>Cela peut entra\u00eener :<\/p>\n\n<ul class=\"wp-block-list\">\n<li>une adh\u00e9rence fortement r\u00e9duite<\/li>\n\n\n\n<li>un freinage plus difficile<\/li>\n\n\n\n<li>un risque de chute accru<\/li>\n<\/ul>\n\n<p>M\u00eame une fine couche de gel peut rendre l&rsquo;asphalte aussi glissant que de la glace.<\/p>\n\n<h3 class=\"wp-block-heading\">Recommandation<\/h3>\n\n<p>Si la route est couverte de neige ou de glace, il est g\u00e9n\u00e9ralement <strong>pr\u00e9f\u00e9rable de s&rsquo;abstenir de faire du ski \u00e0 roulettes<\/strong>.<\/p>\n\n<hr class=\"wp-block-separator has-alpha-channel-opacity\"\/>\n\n<h2 class=\"wp-block-heading\">R\u00e9sum\u00e9 \u2013 comment la surface affecte les skis \u00e0 roulettes<\/h2>\n\n<figure class=\"wp-block-table\"><table class=\"has-fixed-layout\"><thead><tr><th>Surface<\/th><th>Effet<\/th><\/tr><\/thead><tbody><tr><td>Asphalte mouill\u00e9<\/td><td>Adh\u00e9rence l\u00e9g\u00e8rement r\u00e9duite, r\u00e9sistance au roulement l\u00e9g\u00e8rement plus \u00e9lev\u00e9e<\/td><\/tr><tr><td>Asphalte rugueux<\/td><td>Plus de vibrations et roulement plus lourd<\/td><\/tr><tr><td>Gravier<\/td><td>Risque de d\u00e9rapage ou d&rsquo;arr\u00eat<\/td><\/tr><tr><td>Asphalte froid<\/td><td>Roues plus dures et roulement plus lourd<\/td><\/tr><tr><td>Neige ou gel<\/td><td>Tr\u00e8s glissant<\/td><\/tr><\/tbody><\/table><\/figure>\n\n<p>Les skis \u00e0 roulettes Elpex utilisent des <strong>roues en PU et en caoutchouc<\/strong> qui offrent une adh\u00e9rence stable et une r\u00e9sistance au roulement constante dans de nombreuses conditions diff\u00e9rentes, ce qui les rend bien adapt\u00e9s \u00e0 l&rsquo;entra\u00eenement une grande partie de l&rsquo;ann\u00e9e.<\/p>\n","protected":false},"excerpt":{"rendered":"<p>Asphalte mouill\u00e9, gravier, froid et neige l\u00e9g\u00e8re Le ski \u00e0 roulettes se pratique presque toujours sur asphalte, ce qui fait que la m\u00e9t\u00e9o et l&rsquo;\u00e9tat de la route influencent davantage la sensation que beaucoup ne le pensent. La temp\u00e9rature, l&rsquo;humidit\u00e9 et la qualit\u00e9 de la [&hellip;]<\/p>\n","protected":false},"author":5,"featured_media":0,"parent":12319,"menu_order":0,"comment_status":"closed","ping_status":"closed","template":"","meta":{"footnotes":""},"class_list":["post-13866","page","type-page","status-publish","hentry"],"yoast_head":"<!-- This site is optimized with the Yoast SEO plugin v27.4 - https:\/\/yoast.com\/product\/yoast-seo-wordpress\/ -->\n<title>Rev\u00eatement et m\u00e9t\u00e9o lors de la pratique du ski \u00e0 roulettes - Elpex<\/title>\n<meta name=\"robots\" content=\"index, follow, max-snippet:-1, max-image-preview:large, max-video-preview:-1\" \/>\n<link rel=\"canonical\" href=\"https:\/\/www.elpex.se\/fr\/guides\/conditions-de-surface-et-meteo-pour-le-ski-a-roulettes-asphalte-mouille-gravier-froid-et-neige-legere\/\" \/>\n<meta property=\"og:locale\" content=\"fr_FR\" \/>\n<meta property=\"og:type\" content=\"article\" \/>\n<meta property=\"og:title\" content=\"Rev\u00eatement et m\u00e9t\u00e9o lors de la pratique du ski \u00e0 roulettes - Elpex\" \/>\n<meta property=\"og:description\" content=\"Asphalte mouill\u00e9, gravier, froid et neige l\u00e9g\u00e8re Le ski \u00e0 roulettes se pratique presque toujours sur asphalte, ce qui fait que la m\u00e9t\u00e9o et l&rsquo;\u00e9tat de la route influencent davantage la sensation que beaucoup ne le pensent. La temp\u00e9rature, l&rsquo;humidit\u00e9 et la qualit\u00e9 de la [&hellip;]\" \/>\n<meta property=\"og:url\" content=\"https:\/\/www.elpex.se\/fr\/guides\/conditions-de-surface-et-meteo-pour-le-ski-a-roulettes-asphalte-mouille-gravier-froid-et-neige-legere\/\" \/>\n<meta property=\"og:site_name\" content=\"Elpex\" \/>\n<meta property=\"article:publisher\" content=\"https:\/\/www.facebook.com\/www.elpex.se\/?locale=sv_SE\" \/>\n<meta property=\"article:modified_time\" content=\"2026-03-06T09:42:41+00:00\" \/>\n<meta name=\"twitter:card\" content=\"summary_large_image\" \/>\n<meta name=\"twitter:label1\" content=\"Dur\u00e9e de lecture estim\u00e9e\" \/>\n\t<meta name=\"twitter:data1\" content=\"4 minutes\" \/>\n<script type=\"application\/ld+json\" class=\"yoast-schema-graph\">{\"@context\":\"https:\\\/\\\/schema.org\",\"@graph\":[{\"@type\":\"WebPage\",\"@id\":\"https:\\\/\\\/www.elpex.se\\\/fr\\\/guides\\\/conditions-de-surface-et-meteo-pour-le-ski-a-roulettes-asphalte-mouille-gravier-froid-et-neige-legere\\\/\",\"url\":\"https:\\\/\\\/www.elpex.se\\\/fr\\\/guides\\\/conditions-de-surface-et-meteo-pour-le-ski-a-roulettes-asphalte-mouille-gravier-froid-et-neige-legere\\\/\",\"name\":\"Rev\u00eatement et m\u00e9t\u00e9o lors de la pratique du ski \u00e0 roulettes - Elpex\",\"isPartOf\":{\"@id\":\"https:\\\/\\\/www.elpex.se\\\/fr\\\/#website\"},\"datePublished\":\"2026-03-06T09:39:12+00:00\",\"dateModified\":\"2026-03-06T09:42:41+00:00\",\"breadcrumb\":{\"@id\":\"https:\\\/\\\/www.elpex.se\\\/fr\\\/guides\\\/conditions-de-surface-et-meteo-pour-le-ski-a-roulettes-asphalte-mouille-gravier-froid-et-neige-legere\\\/#breadcrumb\"},\"inLanguage\":\"fr-FR\",\"potentialAction\":[{\"@type\":\"ReadAction\",\"target\":[\"https:\\\/\\\/www.elpex.se\\\/fr\\\/guides\\\/conditions-de-surface-et-meteo-pour-le-ski-a-roulettes-asphalte-mouille-gravier-froid-et-neige-legere\\\/\"]}]},{\"@type\":\"BreadcrumbList\",\"@id\":\"https:\\\/\\\/www.elpex.se\\\/fr\\\/guides\\\/conditions-de-surface-et-meteo-pour-le-ski-a-roulettes-asphalte-mouille-gravier-froid-et-neige-legere\\\/#breadcrumb\",\"itemListElement\":[{\"@type\":\"ListItem\",\"position\":1,\"name\":\"Hem\",\"item\":\"https:\\\/\\\/www.elpex.se\\\/fr\\\/\"},{\"@type\":\"ListItem\",\"position\":2,\"name\":\"Rev\u00eatement et m\u00e9t\u00e9o lors de la pratique du ski \u00e0 roulettes\"}]},{\"@type\":\"WebSite\",\"@id\":\"https:\\\/\\\/www.elpex.se\\\/fr\\\/#website\",\"url\":\"https:\\\/\\\/www.elpex.se\\\/fr\\\/\",\"name\":\"Elpex\",\"description\":\"\",\"publisher\":{\"@id\":\"https:\\\/\\\/www.elpex.se\\\/fr\\\/#organization\"},\"potentialAction\":[{\"@type\":\"SearchAction\",\"target\":{\"@type\":\"EntryPoint\",\"urlTemplate\":\"https:\\\/\\\/www.elpex.se\\\/fr\\\/?s={search_term_string}\"},\"query-input\":{\"@type\":\"PropertyValueSpecification\",\"valueRequired\":true,\"valueName\":\"search_term_string\"}}],\"inLanguage\":\"fr-FR\"},{\"@type\":\"Organization\",\"@id\":\"https:\\\/\\\/www.elpex.se\\\/fr\\\/#organization\",\"name\":\"Elpex\",\"url\":\"https:\\\/\\\/www.elpex.se\\\/fr\\\/\",\"logo\":{\"@type\":\"ImageObject\",\"inLanguage\":\"fr-FR\",\"@id\":\"https:\\\/\\\/www.elpex.se\\\/fr\\\/#\\\/schema\\\/logo\\\/image\\\/\",\"url\":\"https:\\\/\\\/www.elpex.se\\\/wp-content\\\/uploads\\\/2024\\\/11\\\/Elpex-logo_svart.svg\",\"contentUrl\":\"https:\\\/\\\/www.elpex.se\\\/wp-content\\\/uploads\\\/2024\\\/11\\\/Elpex-logo_svart.svg\",\"caption\":\"Elpex\"},\"image\":{\"@id\":\"https:\\\/\\\/www.elpex.se\\\/fr\\\/#\\\/schema\\\/logo\\\/image\\\/\"},\"sameAs\":[\"https:\\\/\\\/www.facebook.com\\\/www.elpex.se\\\/?locale=sv_SE\",\"https:\\\/\\\/www.instagram.com\\\/elpexrollerskis\\\/\"]}]}<\/script>\n<!-- \/ Yoast SEO plugin. -->","yoast_head_json":{"title":"Rev\u00eatement et m\u00e9t\u00e9o lors de la pratique du ski \u00e0 roulettes - Elpex","robots":{"index":"index","follow":"follow","max-snippet":"max-snippet:-1","max-image-preview":"max-image-preview:large","max-video-preview":"max-video-preview:-1"},"canonical":"https:\/\/www.elpex.se\/fr\/guides\/conditions-de-surface-et-meteo-pour-le-ski-a-roulettes-asphalte-mouille-gravier-froid-et-neige-legere\/","og_locale":"fr_FR","og_type":"article","og_title":"Rev\u00eatement et m\u00e9t\u00e9o lors de la pratique du ski \u00e0 roulettes - Elpex","og_description":"Asphalte mouill\u00e9, gravier, froid et neige l\u00e9g\u00e8re Le ski \u00e0 roulettes se pratique presque toujours sur asphalte, ce qui fait que la m\u00e9t\u00e9o et l&rsquo;\u00e9tat de la route influencent davantage la sensation que beaucoup ne le pensent. La temp\u00e9rature, l&rsquo;humidit\u00e9 et la qualit\u00e9 de la [&hellip;]","og_url":"https:\/\/www.elpex.se\/fr\/guides\/conditions-de-surface-et-meteo-pour-le-ski-a-roulettes-asphalte-mouille-gravier-froid-et-neige-legere\/","og_site_name":"Elpex","article_publisher":"https:\/\/www.facebook.com\/www.elpex.se\/?locale=sv_SE","article_modified_time":"2026-03-06T09:42:41+00:00","twitter_card":"summary_large_image","twitter_misc":{"Dur\u00e9e de lecture estim\u00e9e":"4 minutes"},"schema":{"@context":"https:\/\/schema.org","@graph":[{"@type":"WebPage","@id":"https:\/\/www.elpex.se\/fr\/guides\/conditions-de-surface-et-meteo-pour-le-ski-a-roulettes-asphalte-mouille-gravier-froid-et-neige-legere\/","url":"https:\/\/www.elpex.se\/fr\/guides\/conditions-de-surface-et-meteo-pour-le-ski-a-roulettes-asphalte-mouille-gravier-froid-et-neige-legere\/","name":"Rev\u00eatement et m\u00e9t\u00e9o lors de la pratique du ski \u00e0 roulettes - Elpex","isPartOf":{"@id":"https:\/\/www.elpex.se\/fr\/#website"},"datePublished":"2026-03-06T09:39:12+00:00","dateModified":"2026-03-06T09:42:41+00:00","breadcrumb":{"@id":"https:\/\/www.elpex.se\/fr\/guides\/conditions-de-surface-et-meteo-pour-le-ski-a-roulettes-asphalte-mouille-gravier-froid-et-neige-legere\/#breadcrumb"},"inLanguage":"fr-FR","potentialAction":[{"@type":"ReadAction","target":["https:\/\/www.elpex.se\/fr\/guides\/conditions-de-surface-et-meteo-pour-le-ski-a-roulettes-asphalte-mouille-gravier-froid-et-neige-legere\/"]}]},{"@type":"BreadcrumbList","@id":"https:\/\/www.elpex.se\/fr\/guides\/conditions-de-surface-et-meteo-pour-le-ski-a-roulettes-asphalte-mouille-gravier-froid-et-neige-legere\/#breadcrumb","itemListElement":[{"@type":"ListItem","position":1,"name":"Hem","item":"https:\/\/www.elpex.se\/fr\/"},{"@type":"ListItem","position":2,"name":"Rev\u00eatement et m\u00e9t\u00e9o lors de la pratique du ski \u00e0 roulettes"}]},{"@type":"WebSite","@id":"https:\/\/www.elpex.se\/fr\/#website","url":"https:\/\/www.elpex.se\/fr\/","name":"Elpex","description":"","publisher":{"@id":"https:\/\/www.elpex.se\/fr\/#organization"},"potentialAction":[{"@type":"SearchAction","target":{"@type":"EntryPoint","urlTemplate":"https:\/\/www.elpex.se\/fr\/?s={search_term_string}"},"query-input":{"@type":"PropertyValueSpecification","valueRequired":true,"valueName":"search_term_string"}}],"inLanguage":"fr-FR"},{"@type":"Organization","@id":"https:\/\/www.elpex.se\/fr\/#organization","name":"Elpex","url":"https:\/\/www.elpex.se\/fr\/","logo":{"@type":"ImageObject","inLanguage":"fr-FR","@id":"https:\/\/www.elpex.se\/fr\/#\/schema\/logo\/image\/","url":"https:\/\/www.elpex.se\/wp-content\/uploads\/2024\/11\/Elpex-logo_svart.svg","contentUrl":"https:\/\/www.elpex.se\/wp-content\/uploads\/2024\/11\/Elpex-logo_svart.svg","caption":"Elpex"},"image":{"@id":"https:\/\/www.elpex.se\/fr\/#\/schema\/logo\/image\/"},"sameAs":["https:\/\/www.facebook.com\/www.elpex.se\/?locale=sv_SE","https:\/\/www.instagram.com\/elpexrollerskis\/"]}]}},"_links":{"self":[{"href":"https:\/\/www.elpex.se\/fr\/wp-json\/wp\/v2\/pages\/13866","targetHints":{"allow":["GET"]}}],"collection":[{"href":"https:\/\/www.elpex.se\/fr\/wp-json\/wp\/v2\/pages"}],"about":[{"href":"https:\/\/www.elpex.se\/fr\/wp-json\/wp\/v2\/types\/page"}],"author":[{"embeddable":true,"href":"https:\/\/www.elpex.se\/fr\/wp-json\/wp\/v2\/users\/5"}],"replies":[{"embeddable":true,"href":"https:\/\/www.elpex.se\/fr\/wp-json\/wp\/v2\/comments?post=13866"}],"version-history":[{"count":3,"href":"https:\/\/www.elpex.se\/fr\/wp-json\/wp\/v2\/pages\/13866\/revisions"}],"predecessor-version":[{"id":13886,"href":"https:\/\/www.elpex.se\/fr\/wp-json\/wp\/v2\/pages\/13866\/revisions\/13886"}],"up":[{"embeddable":true,"href":"https:\/\/www.elpex.se\/fr\/wp-json\/wp\/v2\/pages\/12319"}],"wp:attachment":[{"href":"https:\/\/www.elpex.se\/fr\/wp-json\/wp\/v2\/media?parent=13866"}],"curies":[{"name":"wp","href":"https:\/\/api.w.org\/{rel}","templated":true}]}}