{"id":13837,"date":"2026-03-06T09:32:32","date_gmt":"2026-03-06T09:32:32","guid":{"rendered":"https:\/\/www.elpex.se\/securite-en-ski-roue-casque-reflechissants-trafic-et-technique-de-chute\/"},"modified":"2026-03-06T09:33:48","modified_gmt":"2026-03-06T09:33:48","slug":"securite-en-ski-roue-casque-reflechissants-trafic-et-technique-de-chute","status":"publish","type":"page","link":"https:\/\/www.elpex.se\/fr\/guides\/securite-en-ski-roue-casque-reflechissants-trafic-et-technique-de-chute\/","title":{"rendered":"S\u00e9curit\u00e9 en ski-roue \u2013 casque, r\u00e9fl\u00e9chissants, trafic et technique de chute"},"content":{"rendered":"\n<p>Le ski-roue est un excellent moyen de s\u2019entra\u00eener pour l\u2019hiver, mais contrairement au ski, il se pratique le plus souvent sur des <strong>routes ordinaires au milieu de la circulation<\/strong>. C\u2019est pourquoi la s\u00e9curit\u00e9 est particuli\u00e8rement importante. <\/p>\n\n<p>Avec le bon \u00e9quipement, un peu de planification et la connaissance de la mani\u00e8re d\u2019agir dans le trafic, tu peux rendre ton entra\u00eenement en ski-roue \u00e0 la fois plus s\u00fbr et plus serein.<\/p>\n\n<hr class=\"wp-block-separator has-alpha-channel-opacity\"\/>\n\n<h2 class=\"wp-block-heading\">Porte toujours un casque<\/h2>\n\n<p>Le casque est l\u2019\u00e9quipement de s\u00e9curit\u00e9 le plus important lors de la pratique du ski-roue.<\/p>\n\n<p>Comme tu roules sur l\u2019asphalte, une chute peut sinon avoir de graves cons\u00e9quences. Un casque de v\u00e9lo fonctionne tr\u00e8s bien et est utilis\u00e9 par la plupart des skieurs \u00e0 roulettes. <\/p>\n\n<p>Conseils :<\/p>\n\n<ul class=\"wp-block-list\">\n<li>porte toujours un casque, m\u00eame lors de s\u00e9ances courtes<\/li>\n\n\n\n<li>assure-toi que le casque est bien attach\u00e9<\/li>\n\n\n\n<li>remplace ton casque s\u2019il a subi un choc violent<\/li>\n<\/ul>\n\n<p>Le casque est obligatoire lors des comp\u00e9titions et devrait \u00e9galement l\u2019\u00eatre lors des entra\u00eenements.<\/p>\n\n<hr class=\"wp-block-separator has-alpha-channel-opacity\"\/>\n\n<h2 class=\"wp-block-heading\">Sois visible dans le trafic \u2013 utilise des r\u00e9fl\u00e9chissants<\/h2>\n\n<p>Les automobilistes ont souvent du mal \u00e0 rep\u00e9rer les skieurs \u00e0 roulettes \u00e0 temps, surtout par faible luminosit\u00e9.<\/p>\n\n<p>C\u2019est pourquoi il est essentiel d\u2019\u00eatre bien visible.<\/p>\n\n<p>Bon \u00e9quipement de s\u00e9curit\u00e9 :<\/p>\n\n<ul class=\"wp-block-list\">\n<li>gilet r\u00e9fl\u00e9chissant<\/li>\n\n\n\n<li>bandes r\u00e9fl\u00e9chissantes<\/li>\n\n\n\n<li>lampes avant et arri\u00e8re<\/li>\n<\/ul>\n\n<p>C\u2019est particuli\u00e8rement important lors de :<\/p>\n\n<ul class=\"wp-block-list\">\n<li>l\u2019entra\u00eenement du soir<\/li>\n\n\n\n<li>temps nuageux<\/li>\n\n\n\n<li>routes \u00e0 vitesse \u00e9lev\u00e9e<\/li>\n<\/ul>\n\n<p>\u00catre visible dans le trafic peut \u00eatre d\u00e9terminant pour la s\u00e9curit\u00e9.<\/p>\n\n<hr class=\"wp-block-separator has-alpha-channel-opacity\"\/>\n\n<h2 class=\"wp-block-heading\">Roule en toute s\u00e9curit\u00e9 dans le trafic<\/h2>\n\n<p>Le ski-roue se pratique souvent sur de petites routes d\u00e9pourvues de pistes cyclables. Tu dois alors r\u00e9fl\u00e9chir \u00e0 ton positionnement dans la circulation. <\/p>\n\n<p>Quelques r\u00e8gles importantes :<\/p>\n\n<p><strong>Roule sur le c\u00f4t\u00e9 droit de la route<\/strong><br\/>Tout comme les cyclistes, tu dois rester \u00e0 droite.<\/p>\n\n<p><strong>Sois attentif dans les descentes<\/strong><br\/>La vitesse peut rapidement augmenter. Assure-toi de garder le contr\u00f4le. <\/p>\n\n<p><strong>\u00c9vite les routes \u00e9troites \u00e0 fort trafic<\/strong><br\/>Essaie de choisir des routes o\u00f9 la circulation automobile est limit\u00e9e.<\/p>\n\n<p><strong>Sois clair aux intersections<\/strong><br\/>R\u00e9duis ta vitesse et assure-toi d\u2019avoir un contact visuel avec les automobilistes.<\/p>\n\n<hr class=\"wp-block-separator has-alpha-channel-opacity\"\/>\n\n<h2 class=\"wp-block-heading\">Choisis le bon environnement d\u2019entra\u00eenement<\/h2>\n\n<p>La s\u00e9curit\u00e9 d\u00e9pend beaucoup de l\u2019endroit o\u00f9 tu t\u2019entra\u00eenes.<\/p>\n\n<p>Bons environnements pour le ski-roue :<\/p>\n\n<ul class=\"wp-block-list\">\n<li>pistes cyclables<\/li>\n\n\n\n<li>larges routes de campagne peu fr\u00e9quent\u00e9es<\/li>\n\n\n\n<li>parcours sportifs asphalt\u00e9s<\/li>\n\n\n\n<li>zones industrielles le soir<\/li>\n<\/ul>\n\n<p>\u00c9vite de pr\u00e9f\u00e9rence :<\/p>\n\n<ul class=\"wp-block-list\">\n<li>les routes \u00e9troites avec un trafic lourd<\/li>\n\n\n\n<li>les descentes techniques<\/li>\n\n\n\n<li>les routes avec beaucoup de gravier<\/li>\n<\/ul>\n\n<hr class=\"wp-block-separator has-alpha-channel-opacity\"\/>\n\n<h2 class=\"wp-block-heading\">Apprends \u00e0 bien tomber<\/h2>\n\n<p>T\u00f4t ou tard, la plupart des skieurs \u00e0 roulettes finissent par tomber. Savoir comment tomber peut r\u00e9duire le risque de blessures. <\/p>\n\n<p>Quelques principes de base :<\/p>\n\n<p><strong>\u00c9vite de te rattraper avec les bras tendus<\/strong><br\/>Cela peut entra\u00eener des blessures au poignet ou au coude.<\/p>\n\n<p><strong>Essaie de tomber sur le c\u00f4t\u00e9<\/strong><br\/>Glisser sur le c\u00f4t\u00e9 est souvent pr\u00e9f\u00e9rable \u00e0 un choc direct vers l\u2019avant.<\/p>\n\n<p><strong>Prot\u00e8ge ta t\u00eate<\/strong><br\/>Garde le menton contre la poitrine si tu tombes vers l\u2019avant.<\/p>\n\n<hr class=\"wp-block-separator has-alpha-channel-opacity\"\/>\n\n<h2 class=\"wp-block-heading\">Entra\u00eene-toi \u00e0 la technique de freinage<\/h2>\n\n<p>Savoir contr\u00f4ler sa vitesse est un \u00e9l\u00e9ment essentiel de la s\u00e9curit\u00e9 en ski-roue.<\/p>\n\n<p>Fa\u00e7ons courantes de freiner :<\/p>\n\n<p><strong>Freinage en chasse-neige<\/strong><br\/>M\u00eame technique qu\u2019en ski.<\/p>\n\n<p><strong>Freinage avec les b\u00e2tons<\/strong><br\/>Utilise les b\u00e2tons pour r\u00e9duire la vitesse.<\/p>\n\n<p><strong>Freinage en terrain<\/strong><br\/>Roule sur l\u2019herbe ou le gravier si tu as besoin de t\u2019arr\u00eater rapidement.<\/p>\n\n<p>Savoir freiner correctement fait une grande diff\u00e9rence pour la s\u00e9curit\u00e9.<\/p>\n\n<hr class=\"wp-block-separator has-alpha-channel-opacity\"\/>\n\n<h2 class=\"wp-block-heading\">R\u00e9sum\u00e9 \u2013 la s\u00e9curit\u00e9 en ski-roue<\/h2>\n\n<p>Pour rendre la pratique du ski-roue plus s\u00fbre :<\/p>\n\n<ul class=\"wp-block-list\">\n<li>porte toujours un <strong>casque<\/strong><\/li>\n\n\n\n<li>assure-toi d\u2019\u00eatre <strong>visible dans le trafic<\/strong><\/li>\n\n\n\n<li>choisis des <strong>routes calmes<\/strong><\/li>\n\n\n\n<li>apprends \u00e0 <strong>freiner et \u00e0 bien tomber<\/strong><\/li>\n<\/ul>\n\n<p>Avec une bonne pr\u00e9paration, le ski-roue devient un entra\u00eenement \u00e0 la fois <strong>s\u00fbr et amusant toute l\u2019ann\u00e9e<\/strong>.<\/p>\n","protected":false},"excerpt":{"rendered":"<p>Le ski-roue est un excellent moyen de s\u2019entra\u00eener pour l\u2019hiver, mais contrairement au ski, il se pratique le plus souvent sur des routes ordinaires au milieu de la circulation. C\u2019est pourquoi la s\u00e9curit\u00e9 est particuli\u00e8rement importante. Avec le bon \u00e9quipement, un peu de planification et [&hellip;]<\/p>\n","protected":false},"author":5,"featured_media":0,"parent":12319,"menu_order":0,"comment_status":"closed","ping_status":"closed","template":"","meta":{"footnotes":""},"class_list":["post-13837","page","type-page","status-publish","hentry"],"yoast_head":"<!-- This site is optimized with the Yoast SEO plugin v27.4 - https:\/\/yoast.com\/product\/yoast-seo-wordpress\/ -->\n<title>S\u00e9curit\u00e9 en ski-roue \u2013 casque, r\u00e9fl\u00e9chissants, trafic et technique de chute - Elpex<\/title>\n<meta name=\"robots\" content=\"index, follow, max-snippet:-1, max-image-preview:large, max-video-preview:-1\" \/>\n<link rel=\"canonical\" href=\"https:\/\/www.elpex.se\/fr\/guides\/securite-en-ski-roue-casque-reflechissants-trafic-et-technique-de-chute\/\" \/>\n<meta property=\"og:locale\" content=\"fr_FR\" \/>\n<meta property=\"og:type\" content=\"article\" \/>\n<meta property=\"og:title\" content=\"S\u00e9curit\u00e9 en ski-roue \u2013 casque, r\u00e9fl\u00e9chissants, trafic et technique de chute - Elpex\" \/>\n<meta property=\"og:description\" content=\"Le ski-roue est un excellent moyen de s\u2019entra\u00eener pour l\u2019hiver, mais contrairement au ski, il se pratique le plus souvent sur des routes ordinaires au milieu de la circulation. C\u2019est pourquoi la s\u00e9curit\u00e9 est particuli\u00e8rement importante. Avec le bon \u00e9quipement, un peu de planification et [&hellip;]\" \/>\n<meta property=\"og:url\" content=\"https:\/\/www.elpex.se\/fr\/guides\/securite-en-ski-roue-casque-reflechissants-trafic-et-technique-de-chute\/\" \/>\n<meta property=\"og:site_name\" content=\"Elpex\" \/>\n<meta property=\"article:publisher\" content=\"https:\/\/www.facebook.com\/www.elpex.se\/?locale=sv_SE\" \/>\n<meta property=\"article:modified_time\" content=\"2026-03-06T09:33:48+00:00\" \/>\n<meta name=\"twitter:card\" content=\"summary_large_image\" \/>\n<meta name=\"twitter:label1\" content=\"Dur\u00e9e de lecture estim\u00e9e\" \/>\n\t<meta name=\"twitter:data1\" content=\"3 minutes\" \/>\n<script type=\"application\/ld+json\" class=\"yoast-schema-graph\">{\"@context\":\"https:\\\/\\\/schema.org\",\"@graph\":[{\"@type\":\"WebPage\",\"@id\":\"https:\\\/\\\/www.elpex.se\\\/fr\\\/guides\\\/securite-en-ski-roue-casque-reflechissants-trafic-et-technique-de-chute\\\/\",\"url\":\"https:\\\/\\\/www.elpex.se\\\/fr\\\/guides\\\/securite-en-ski-roue-casque-reflechissants-trafic-et-technique-de-chute\\\/\",\"name\":\"S\u00e9curit\u00e9 en ski-roue \u2013 casque, r\u00e9fl\u00e9chissants, trafic et technique de chute - Elpex\",\"isPartOf\":{\"@id\":\"https:\\\/\\\/www.elpex.se\\\/fr\\\/#website\"},\"datePublished\":\"2026-03-06T09:32:32+00:00\",\"dateModified\":\"2026-03-06T09:33:48+00:00\",\"breadcrumb\":{\"@id\":\"https:\\\/\\\/www.elpex.se\\\/fr\\\/guides\\\/securite-en-ski-roue-casque-reflechissants-trafic-et-technique-de-chute\\\/#breadcrumb\"},\"inLanguage\":\"fr-FR\",\"potentialAction\":[{\"@type\":\"ReadAction\",\"target\":[\"https:\\\/\\\/www.elpex.se\\\/fr\\\/guides\\\/securite-en-ski-roue-casque-reflechissants-trafic-et-technique-de-chute\\\/\"]}]},{\"@type\":\"BreadcrumbList\",\"@id\":\"https:\\\/\\\/www.elpex.se\\\/fr\\\/guides\\\/securite-en-ski-roue-casque-reflechissants-trafic-et-technique-de-chute\\\/#breadcrumb\",\"itemListElement\":[{\"@type\":\"ListItem\",\"position\":1,\"name\":\"Hem\",\"item\":\"https:\\\/\\\/www.elpex.se\\\/fr\\\/\"},{\"@type\":\"ListItem\",\"position\":2,\"name\":\"S\u00e9curit\u00e9 en ski-roue \u2013 casque, r\u00e9fl\u00e9chissants, trafic et technique de chute\"}]},{\"@type\":\"WebSite\",\"@id\":\"https:\\\/\\\/www.elpex.se\\\/fr\\\/#website\",\"url\":\"https:\\\/\\\/www.elpex.se\\\/fr\\\/\",\"name\":\"Elpex\",\"description\":\"\",\"publisher\":{\"@id\":\"https:\\\/\\\/www.elpex.se\\\/fr\\\/#organization\"},\"potentialAction\":[{\"@type\":\"SearchAction\",\"target\":{\"@type\":\"EntryPoint\",\"urlTemplate\":\"https:\\\/\\\/www.elpex.se\\\/fr\\\/?s={search_term_string}\"},\"query-input\":{\"@type\":\"PropertyValueSpecification\",\"valueRequired\":true,\"valueName\":\"search_term_string\"}}],\"inLanguage\":\"fr-FR\"},{\"@type\":\"Organization\",\"@id\":\"https:\\\/\\\/www.elpex.se\\\/fr\\\/#organization\",\"name\":\"Elpex\",\"url\":\"https:\\\/\\\/www.elpex.se\\\/fr\\\/\",\"logo\":{\"@type\":\"ImageObject\",\"inLanguage\":\"fr-FR\",\"@id\":\"https:\\\/\\\/www.elpex.se\\\/fr\\\/#\\\/schema\\\/logo\\\/image\\\/\",\"url\":\"https:\\\/\\\/www.elpex.se\\\/wp-content\\\/uploads\\\/2024\\\/11\\\/Elpex-logo_svart.svg\",\"contentUrl\":\"https:\\\/\\\/www.elpex.se\\\/wp-content\\\/uploads\\\/2024\\\/11\\\/Elpex-logo_svart.svg\",\"caption\":\"Elpex\"},\"image\":{\"@id\":\"https:\\\/\\\/www.elpex.se\\\/fr\\\/#\\\/schema\\\/logo\\\/image\\\/\"},\"sameAs\":[\"https:\\\/\\\/www.facebook.com\\\/www.elpex.se\\\/?locale=sv_SE\",\"https:\\\/\\\/www.instagram.com\\\/elpexrollerskis\\\/\"]}]}<\/script>\n<!-- \/ Yoast SEO plugin. -->","yoast_head_json":{"title":"S\u00e9curit\u00e9 en ski-roue \u2013 casque, r\u00e9fl\u00e9chissants, trafic et technique de chute - Elpex","robots":{"index":"index","follow":"follow","max-snippet":"max-snippet:-1","max-image-preview":"max-image-preview:large","max-video-preview":"max-video-preview:-1"},"canonical":"https:\/\/www.elpex.se\/fr\/guides\/securite-en-ski-roue-casque-reflechissants-trafic-et-technique-de-chute\/","og_locale":"fr_FR","og_type":"article","og_title":"S\u00e9curit\u00e9 en ski-roue \u2013 casque, r\u00e9fl\u00e9chissants, trafic et technique de chute - Elpex","og_description":"Le ski-roue est un excellent moyen de s\u2019entra\u00eener pour l\u2019hiver, mais contrairement au ski, il se pratique le plus souvent sur des routes ordinaires au milieu de la circulation. C\u2019est pourquoi la s\u00e9curit\u00e9 est particuli\u00e8rement importante. Avec le bon \u00e9quipement, un peu de planification et [&hellip;]","og_url":"https:\/\/www.elpex.se\/fr\/guides\/securite-en-ski-roue-casque-reflechissants-trafic-et-technique-de-chute\/","og_site_name":"Elpex","article_publisher":"https:\/\/www.facebook.com\/www.elpex.se\/?locale=sv_SE","article_modified_time":"2026-03-06T09:33:48+00:00","twitter_card":"summary_large_image","twitter_misc":{"Dur\u00e9e de lecture estim\u00e9e":"3 minutes"},"schema":{"@context":"https:\/\/schema.org","@graph":[{"@type":"WebPage","@id":"https:\/\/www.elpex.se\/fr\/guides\/securite-en-ski-roue-casque-reflechissants-trafic-et-technique-de-chute\/","url":"https:\/\/www.elpex.se\/fr\/guides\/securite-en-ski-roue-casque-reflechissants-trafic-et-technique-de-chute\/","name":"S\u00e9curit\u00e9 en ski-roue \u2013 casque, r\u00e9fl\u00e9chissants, trafic et technique de chute - Elpex","isPartOf":{"@id":"https:\/\/www.elpex.se\/fr\/#website"},"datePublished":"2026-03-06T09:32:32+00:00","dateModified":"2026-03-06T09:33:48+00:00","breadcrumb":{"@id":"https:\/\/www.elpex.se\/fr\/guides\/securite-en-ski-roue-casque-reflechissants-trafic-et-technique-de-chute\/#breadcrumb"},"inLanguage":"fr-FR","potentialAction":[{"@type":"ReadAction","target":["https:\/\/www.elpex.se\/fr\/guides\/securite-en-ski-roue-casque-reflechissants-trafic-et-technique-de-chute\/"]}]},{"@type":"BreadcrumbList","@id":"https:\/\/www.elpex.se\/fr\/guides\/securite-en-ski-roue-casque-reflechissants-trafic-et-technique-de-chute\/#breadcrumb","itemListElement":[{"@type":"ListItem","position":1,"name":"Hem","item":"https:\/\/www.elpex.se\/fr\/"},{"@type":"ListItem","position":2,"name":"S\u00e9curit\u00e9 en ski-roue \u2013 casque, r\u00e9fl\u00e9chissants, trafic et technique de chute"}]},{"@type":"WebSite","@id":"https:\/\/www.elpex.se\/fr\/#website","url":"https:\/\/www.elpex.se\/fr\/","name":"Elpex","description":"","publisher":{"@id":"https:\/\/www.elpex.se\/fr\/#organization"},"potentialAction":[{"@type":"SearchAction","target":{"@type":"EntryPoint","urlTemplate":"https:\/\/www.elpex.se\/fr\/?s={search_term_string}"},"query-input":{"@type":"PropertyValueSpecification","valueRequired":true,"valueName":"search_term_string"}}],"inLanguage":"fr-FR"},{"@type":"Organization","@id":"https:\/\/www.elpex.se\/fr\/#organization","name":"Elpex","url":"https:\/\/www.elpex.se\/fr\/","logo":{"@type":"ImageObject","inLanguage":"fr-FR","@id":"https:\/\/www.elpex.se\/fr\/#\/schema\/logo\/image\/","url":"https:\/\/www.elpex.se\/wp-content\/uploads\/2024\/11\/Elpex-logo_svart.svg","contentUrl":"https:\/\/www.elpex.se\/wp-content\/uploads\/2024\/11\/Elpex-logo_svart.svg","caption":"Elpex"},"image":{"@id":"https:\/\/www.elpex.se\/fr\/#\/schema\/logo\/image\/"},"sameAs":["https:\/\/www.facebook.com\/www.elpex.se\/?locale=sv_SE","https:\/\/www.instagram.com\/elpexrollerskis\/"]}]}},"_links":{"self":[{"href":"https:\/\/www.elpex.se\/fr\/wp-json\/wp\/v2\/pages\/13837","targetHints":{"allow":["GET"]}}],"collection":[{"href":"https:\/\/www.elpex.se\/fr\/wp-json\/wp\/v2\/pages"}],"about":[{"href":"https:\/\/www.elpex.se\/fr\/wp-json\/wp\/v2\/types\/page"}],"author":[{"embeddable":true,"href":"https:\/\/www.elpex.se\/fr\/wp-json\/wp\/v2\/users\/5"}],"replies":[{"embeddable":true,"href":"https:\/\/www.elpex.se\/fr\/wp-json\/wp\/v2\/comments?post=13837"}],"version-history":[{"count":1,"href":"https:\/\/www.elpex.se\/fr\/wp-json\/wp\/v2\/pages\/13837\/revisions"}],"predecessor-version":[{"id":13838,"href":"https:\/\/www.elpex.se\/fr\/wp-json\/wp\/v2\/pages\/13837\/revisions\/13838"}],"up":[{"embeddable":true,"href":"https:\/\/www.elpex.se\/fr\/wp-json\/wp\/v2\/pages\/12319"}],"wp:attachment":[{"href":"https:\/\/www.elpex.se\/fr\/wp-json\/wp\/v2\/media?parent=13837"}],"curies":[{"name":"wp","href":"https:\/\/api.w.org\/{rel}","templated":true}]}}