{"id":13591,"date":"2026-03-06T08:47:06","date_gmt":"2026-03-06T08:47:06","guid":{"rendered":"https:\/\/www.elpex.se\/longueur-des-batons-pour-rollerskis-comment-bien-choisir\/"},"modified":"2026-03-06T08:49:39","modified_gmt":"2026-03-06T08:49:39","slug":"longueur-des-batons-pour-rollerskis-comment-bien-choisir","status":"publish","type":"page","link":"https:\/\/www.elpex.se\/fr\/guides\/longueur-des-batons-pour-rollerskis-comment-bien-choisir\/","title":{"rendered":"Longueur des b\u00e2tons \u2013 comment choisir la bonne"},"content":{"rendered":"\n<p>Choisir la bonne longueur de b\u00e2tons est important pour avoir une bonne technique, un transfert de puissance efficace et une sensation naturelle lors de la glisse. Des b\u00e2tons trop courts te feront perdre de la puissance dans la pouss\u00e9e, tandis que des b\u00e2tons trop longs peuvent rendre plus difficile l&rsquo;obtention d&rsquo;un bon rythme et d&rsquo;une bonne technique. <\/p>\n\n<p>Dans ce guide, nous allons voir comment calculer la bonne longueur de b\u00e2tons pour les rollerskis, comment les b\u00e2tons sont mesur\u00e9s et quelles longueurs fonctionnent le mieux pour le classique, la pouss\u00e9e et le skating.<\/p>\n\n<h2 class=\"wp-block-heading\">Comment la longueur des b\u00e2tons est mesur\u00e9e aujourd\u2019hui<\/h2>\n\n<p>Il est important de savoir comment la longueur des b\u00e2tons est mesur\u00e9e, car diff\u00e9rents fabricants ont historiquement utilis\u00e9 diff\u00e9rentes m\u00e9thodes.<\/p>\n\n<p><strong>La longueur du b\u00e2ton correspond \u00e0 la longueur jusqu&rsquo;\u00e0 la fixation de la dragonne (c\u2019est ainsi que la plupart des marques mesurent aujourd\u2019hui).<\/strong><\/p>\n\n<p>Auparavant, beaucoup mesuraient le b\u00e2ton entier de la pointe au sommet. \u00c9tant donn\u00e9 que certains mod\u00e8les ont des distances diff\u00e9rentes entre la fixation de la dragonne et le sommet, deux b\u00e2tons avec la m\u00eame longueur indiqu\u00e9e peuvent en pratique \u00eatre de longueurs diff\u00e9rentes. <\/p>\n\n<p>Lorsque l&rsquo;on parle de longueur de b\u00e2ton aujourd&rsquo;hui, on se base donc normalement sur :<\/p>\n\n<p><strong>Pointe \u2192 fixation de la dragonne<\/strong><\/p>\n\n<p>C\u2019est aussi cette mesure qui est utilis\u00e9e dans les r\u00e8gles de comp\u00e9tition.<\/p>\n\n<h2 class=\"wp-block-heading\">Longueur maximale en ski de fond classique<\/h2>\n\n<p>Depuis 2016, une r\u00e8gle limite la longueur des b\u00e2tons en ski de fond classique.<\/p>\n\n<p>La longueur maximale est :<\/p>\n\n<p><strong>83 % de la taille du corps avec les chaussures de ski, mesur\u00e9e jusqu&rsquo;\u00e0 la fixation de la dragonne.<\/strong><\/p>\n\n<p>Si l&rsquo;on calcule la taille du corps sans les chaussures de ski, cela correspond \u00e0 environ :<\/p>\n\n<p><strong>environ 84 % de la taille du corps.<\/strong><\/p>\n\n<p>Cela signifie que de nombreux skieurs \u2013 \u00e9lites et amateurs \u2013 utilisent des b\u00e2tons autour de cette longueur, car elle offre souvent une bonne puissance dans la pouss\u00e9e sans trop affecter le pas alternatif.<\/p>\n\n<h2 class=\"wp-block-heading\">Longueur de b\u00e2ton recommand\u00e9e<\/h2>\n\n<p>Les r\u00e8gles g\u00e9n\u00e9rales suivantes fonctionnent bien pour la plupart des skieurs :<\/p>\n\n<figure class=\"wp-block-table\"><table class=\"has-fixed-layout\"><thead><tr><th>Style de ski<\/th><th>Longueur de b\u00e2ton recommand\u00e9e<\/th><\/tr><\/thead><tbody><tr><td>Classique<\/td><td>taille du corps \u00d7 <strong>0,84<\/strong><\/td><\/tr><tr><td>Pouss\u00e9e \/ DP<\/td><td>taille du corps \u00d7 <strong>0,85<\/strong><\/td><\/tr><tr><td>patiner<\/td><td>taille du corps \u00d7 <strong>0,90<\/strong><\/td><\/tr><\/tbody><\/table><\/figure>\n\n<h2 class=\"wp-block-heading\">Tableau des longueurs de b\u00e2tons<\/h2>\n\n<figure class=\"wp-block-table\"><table class=\"has-fixed-layout\"><thead><tr><th>Taille du corps<\/th><th>Classique<\/th><th>Pouss\u00e9e \/ DP<\/th><th>patiner<\/th><\/tr><\/thead><tbody><tr><td>150 cm<\/td><td>126 cm<\/td><td>128 cm<\/td><td>135 cm<\/td><\/tr><tr><td>155 cm<\/td><td>130 cm<\/td><td>132 cm<\/td><td>140 cm<\/td><\/tr><tr><td>160 cm<\/td><td>134 cm<\/td><td>136 cm<\/td><td>144 cm<\/td><\/tr><tr><td>165 cm<\/td><td>139 cm<\/td><td>140 cm<\/td><td>149 cm<\/td><\/tr><tr><td>170 cm<\/td><td>143 cm<\/td><td>145 cm<\/td><td>153 cm<\/td><\/tr><tr><td>175 cm<\/td><td>147 cm<\/td><td>149 cm<\/td><td>158 cm<\/td><\/tr><tr><td>180 cm<\/td><td>151 cm<\/td><td>153 cm<\/td><td>162 cm<\/td><\/tr><tr><td>185 cm<\/td><td>155 cm<\/td><td>157 cm<\/td><td>167 cm<\/td><\/tr><tr><td>190 cm<\/td><td>160 cm<\/td><td>162 cm<\/td><td>171 cm<\/td><\/tr><tr><td>195 cm<\/td><td>164 cm<\/td><td>166 cm<\/td><td>176 cm<\/td><\/tr><\/tbody><\/table><\/figure>\n\n<div style=\"height:30px\" aria-hidden=\"true\" class=\"wp-block-spacer\"><\/div>\n\n<link href=\"https:\/\/fonts.googleapis.com\/css2?family=Martian+Mono:wght@400;600;700&#038;display=swap\" rel=\"stylesheet\"\/>\n\n<div class=\"polecalc-wrapper\">\n\n<h3>Calculateur de longueur de b\u00e2tons<\/h3>\n\n<p class=\"polecalc-info\">\nLa longueur du b\u00e2ton correspond \u00e0 la longueur jusqu&rsquo;\u00e0 la fixation de la dragonne (c\u2019est ainsi que la plupart des marques mesurent aujourd\u2019hui).\n<\/p>\n\n<label>Taille du corps (cm)<\/label>\n<input type=\"number\" id=\"poleHeight\" placeholder=\"ex. 180\"\/>\n\n<button onclick=\"calcPoles()\">Calculer<\/button>\n\n<div id=\"poleResult\"><\/div>\n\n<\/div>\n\n<style>\n\n.polecalc-wrapper{\nmax-width:520px;\npadding:28px;\nborder:1px solid #ddd;\nborder-radius:10px;\nbackground:#ffffff;\nfont-family:\"Martian Mono\", monospace;\n}\n\n.polecalc-wrapper h3{\nmargin-top:0;\nfont-weight:700;\nfont-size:22px;\n}\n\n.polecalc-info{\nfont-size:13px;\ncolor:#666;\nmargin-bottom:18px;\nline-height:1.5;\n}\n\n.polecalc-wrapper label{\ndisplay:block;\nfont-size:13px;\nmargin-bottom:6px;\n}\n\n.polecalc-wrapper input{\nwidth:100%;\npadding:12px;\nborder:1px solid #ccc;\nborder-radius:6px;\nfont-family:\"Martian Mono\", monospace;\nmargin-bottom:12px;\n}\n\n.polecalc-wrapper button{\nwidth:100%;\npadding:12px;\nbackground:#000;\ncolor:#fff;\nborder:none;\nborder-radius:6px;\ncursor:pointer;\nfont-family:\"Martian Mono\", monospace;\nfont-weight:600;\n}\n\n.polecalc-wrapper button:hover{\nopacity:0.9;\n}\n\n#poleResult{\nmargin-top:18px;\nfont-size:14px;\nline-height:1.6;\n}\n\n.pole-row{\ndisplay:flex;\njustify-content:space-between;\npadding:6px 0;\nborder-bottom:1px solid #eee;\n}\n\n.pole-row:last-child{\nborder-bottom:none;\n}\n\n.pole-value{\nfont-weight:700;\n}\n\n.fis-note{\nmargin-top:14px;\nfont-size:12px;\ncolor:#666;\nline-height:1.5;\n}\n\n<\/style>\n\n<script>\n\nfunction calcPoles(){\n\nconst height = parseFloat(document.getElementById(\"poleHeight\").value);\nconst result = document.getElementById(\"poleResult\");\n\nif(!height || height < 120 || height > 230){\nresult.innerHTML=\"Ange en rimlig kroppsl\u00e4ngd i cm.\";\nreturn;\n}\n\nconst classic = Math.round(height*0.84);\nconst dp = Math.round(height*0.85);\nconst skate = Math.round(height*0.90);\nconst fisMax = Math.round(height*0.84);\n\nresult.innerHTML =\n\n'<div class=\"pole-row\"><span>Klassiskt<\/span><span class=\"pole-value\">'+classic+' cm<\/span><\/div>'+\n'<div class=\"pole-row\"><span>Stakning \/ DP<\/span><span class=\"pole-value\">'+dp+' cm<\/span><\/div>'+\n'<div class=\"pole-row\"><span>Skate<\/span><span class=\"pole-value\">'+skate+' cm<\/span><\/div>'+\n'<div class=\"pole-row\"><span>FIS maxl\u00e4ngd (klassisk)<\/span><span class=\"pole-value\">'+fisMax+' cm<\/span><\/div>'+\n\n'<div class=\"fis-note\">Maxl\u00e4ngd enligt FIS: 83 % av kroppsl\u00e4ngden med skidskor p\u00e5, m\u00e4tt upp till inf\u00e4stningen av handremmen. I praktiken motsvarar det ungef\u00e4r 84 % av kroppsl\u00e4ngden utan skor.<\/div>';\n\n}\n\n<\/script>\n\n<p>Note que les b\u00e2tons sont souvent vendus par incr\u00e9ments de 2,5 ou 5 cm, tu choisis donc normalement la longueur la plus proche.<\/p>\n\n<h2 class=\"wp-block-heading\">Longueur des b\u00e2tons pour rollerskis<\/h2>\n\n<p>Pour le ski \u00e0 roulettes, tu peux dans la plupart des cas utiliser <strong>la m\u00eame longueur de b\u00e2tons qu&rsquo;en hiver<\/strong>.<\/p>\n\n<p>Certes, tu te tiens un peu plus haut sur les rollerskis, mais sur la neige, les rondelles s&rsquo;enfoncent souvent de quelques centim\u00e8tres. L&rsquo;effet est donc en pratique assez similaire. <\/p>\n\n<p>De plus, dans les r\u00e8gles de comp\u00e9tition pour les rollerskis, les b\u00e2tons peuvent \u00eatre l\u00e9g\u00e8rement plus longs :<\/p>\n\n<p><strong>La longueur maximale est de 83 % de la taille du corps avec les chaussures de ski + 2 cm.<\/strong><\/p>\n\n<p>Ceci est d\u00fb au fait que certaines pointes de rollerskis sont un peu plus hautes que les rondelles de neige.<\/p>\n\n<h2 class=\"wp-block-heading\">Conseils pour une meilleure accroche des b\u00e2tons sur les rollerskis<\/h2>\n\n<p>Sur l&rsquo;asphalte, les pointes des b\u00e2tons s&rsquo;usent rapidement. Des pointes \u00e9mouss\u00e9es peuvent faire glisser les b\u00e2tons, surtout lors d&rsquo;une pouss\u00e9e intense. <\/p>\n\n<p>Il est donc important de :<\/p>\n\n<ul class=\"wp-block-list\">\n<li>v\u00e9rifier r\u00e9guli\u00e8rement les pointes<\/li>\n\n\n\n<li>les aff\u00fbter si n\u00e9cessaire<\/li>\n\n\n\n<li>utiliser des pointes adapt\u00e9es aux rollerskis<\/li>\n<\/ul>\n\n<p>Avec des pointes aff\u00fbt\u00e9es, tu obtiens une meilleure adh\u00e9rence sur l&rsquo;asphalte et une sensation plus proche du ski \u00e0 l&rsquo;entra\u00eenement.<\/p>\n","protected":false},"excerpt":{"rendered":"<p>Choisir la bonne longueur de b\u00e2tons est important pour avoir une bonne technique, un transfert de puissance efficace et une sensation naturelle lors de la glisse. Des b\u00e2tons trop courts te feront perdre de la puissance dans la pouss\u00e9e, tandis que des b\u00e2tons trop longs [&hellip;]<\/p>\n","protected":false},"author":5,"featured_media":0,"parent":12319,"menu_order":0,"comment_status":"closed","ping_status":"closed","template":"","meta":{"footnotes":""},"class_list":["post-13591","page","type-page","status-publish","hentry"],"yoast_head":"<!-- This site is optimized with the Yoast SEO plugin v27.4 - https:\/\/yoast.com\/product\/yoast-seo-wordpress\/ -->\n<title>Longueur des b\u00e2tons \u2013 comment choisir la bonne - Elpex<\/title>\n<meta name=\"robots\" content=\"index, follow, max-snippet:-1, max-image-preview:large, max-video-preview:-1\" \/>\n<link rel=\"canonical\" href=\"https:\/\/www.elpex.se\/fr\/guides\/longueur-des-batons-pour-rollerskis-comment-bien-choisir\/\" \/>\n<meta property=\"og:locale\" content=\"fr_FR\" \/>\n<meta property=\"og:type\" content=\"article\" \/>\n<meta property=\"og:title\" content=\"Longueur des b\u00e2tons \u2013 comment choisir la bonne - Elpex\" \/>\n<meta property=\"og:description\" content=\"Choisir la bonne longueur de b\u00e2tons est important pour avoir une bonne technique, un transfert de puissance efficace et une sensation naturelle lors de la glisse. Des b\u00e2tons trop courts te feront perdre de la puissance dans la pouss\u00e9e, tandis que des b\u00e2tons trop longs [&hellip;]\" \/>\n<meta property=\"og:url\" content=\"https:\/\/www.elpex.se\/fr\/guides\/longueur-des-batons-pour-rollerskis-comment-bien-choisir\/\" \/>\n<meta property=\"og:site_name\" content=\"Elpex\" \/>\n<meta property=\"article:publisher\" content=\"https:\/\/www.facebook.com\/www.elpex.se\/?locale=sv_SE\" \/>\n<meta property=\"article:modified_time\" content=\"2026-03-06T08:49:39+00:00\" \/>\n<meta name=\"twitter:card\" content=\"summary_large_image\" \/>\n<meta name=\"twitter:label1\" content=\"Dur\u00e9e de lecture estim\u00e9e\" \/>\n\t<meta name=\"twitter:data1\" content=\"3 minutes\" \/>\n<script type=\"application\/ld+json\" class=\"yoast-schema-graph\">{\"@context\":\"https:\\\/\\\/schema.org\",\"@graph\":[{\"@type\":\"WebPage\",\"@id\":\"https:\\\/\\\/www.elpex.se\\\/fr\\\/guides\\\/longueur-des-batons-pour-rollerskis-comment-bien-choisir\\\/\",\"url\":\"https:\\\/\\\/www.elpex.se\\\/fr\\\/guides\\\/longueur-des-batons-pour-rollerskis-comment-bien-choisir\\\/\",\"name\":\"Longueur des b\u00e2tons \u2013 comment choisir la bonne - Elpex\",\"isPartOf\":{\"@id\":\"https:\\\/\\\/www.elpex.se\\\/fr\\\/#website\"},\"datePublished\":\"2026-03-06T08:47:06+00:00\",\"dateModified\":\"2026-03-06T08:49:39+00:00\",\"breadcrumb\":{\"@id\":\"https:\\\/\\\/www.elpex.se\\\/fr\\\/guides\\\/longueur-des-batons-pour-rollerskis-comment-bien-choisir\\\/#breadcrumb\"},\"inLanguage\":\"fr-FR\",\"potentialAction\":[{\"@type\":\"ReadAction\",\"target\":[\"https:\\\/\\\/www.elpex.se\\\/fr\\\/guides\\\/longueur-des-batons-pour-rollerskis-comment-bien-choisir\\\/\"]}]},{\"@type\":\"BreadcrumbList\",\"@id\":\"https:\\\/\\\/www.elpex.se\\\/fr\\\/guides\\\/longueur-des-batons-pour-rollerskis-comment-bien-choisir\\\/#breadcrumb\",\"itemListElement\":[{\"@type\":\"ListItem\",\"position\":1,\"name\":\"Hem\",\"item\":\"https:\\\/\\\/www.elpex.se\\\/fr\\\/\"},{\"@type\":\"ListItem\",\"position\":2,\"name\":\"Longueur des b\u00e2tons \u2013 comment choisir la bonne\"}]},{\"@type\":\"WebSite\",\"@id\":\"https:\\\/\\\/www.elpex.se\\\/fr\\\/#website\",\"url\":\"https:\\\/\\\/www.elpex.se\\\/fr\\\/\",\"name\":\"Elpex\",\"description\":\"\",\"publisher\":{\"@id\":\"https:\\\/\\\/www.elpex.se\\\/fr\\\/#organization\"},\"potentialAction\":[{\"@type\":\"SearchAction\",\"target\":{\"@type\":\"EntryPoint\",\"urlTemplate\":\"https:\\\/\\\/www.elpex.se\\\/fr\\\/?s={search_term_string}\"},\"query-input\":{\"@type\":\"PropertyValueSpecification\",\"valueRequired\":true,\"valueName\":\"search_term_string\"}}],\"inLanguage\":\"fr-FR\"},{\"@type\":\"Organization\",\"@id\":\"https:\\\/\\\/www.elpex.se\\\/fr\\\/#organization\",\"name\":\"Elpex\",\"url\":\"https:\\\/\\\/www.elpex.se\\\/fr\\\/\",\"logo\":{\"@type\":\"ImageObject\",\"inLanguage\":\"fr-FR\",\"@id\":\"https:\\\/\\\/www.elpex.se\\\/fr\\\/#\\\/schema\\\/logo\\\/image\\\/\",\"url\":\"https:\\\/\\\/www.elpex.se\\\/wp-content\\\/uploads\\\/2024\\\/11\\\/Elpex-logo_svart.svg\",\"contentUrl\":\"https:\\\/\\\/www.elpex.se\\\/wp-content\\\/uploads\\\/2024\\\/11\\\/Elpex-logo_svart.svg\",\"caption\":\"Elpex\"},\"image\":{\"@id\":\"https:\\\/\\\/www.elpex.se\\\/fr\\\/#\\\/schema\\\/logo\\\/image\\\/\"},\"sameAs\":[\"https:\\\/\\\/www.facebook.com\\\/www.elpex.se\\\/?locale=sv_SE\",\"https:\\\/\\\/www.instagram.com\\\/elpexrollerskis\\\/\"]}]}<\/script>\n<!-- \/ Yoast SEO plugin. -->","yoast_head_json":{"title":"Longueur des b\u00e2tons \u2013 comment choisir la bonne - Elpex","robots":{"index":"index","follow":"follow","max-snippet":"max-snippet:-1","max-image-preview":"max-image-preview:large","max-video-preview":"max-video-preview:-1"},"canonical":"https:\/\/www.elpex.se\/fr\/guides\/longueur-des-batons-pour-rollerskis-comment-bien-choisir\/","og_locale":"fr_FR","og_type":"article","og_title":"Longueur des b\u00e2tons \u2013 comment choisir la bonne - Elpex","og_description":"Choisir la bonne longueur de b\u00e2tons est important pour avoir une bonne technique, un transfert de puissance efficace et une sensation naturelle lors de la glisse. Des b\u00e2tons trop courts te feront perdre de la puissance dans la pouss\u00e9e, tandis que des b\u00e2tons trop longs [&hellip;]","og_url":"https:\/\/www.elpex.se\/fr\/guides\/longueur-des-batons-pour-rollerskis-comment-bien-choisir\/","og_site_name":"Elpex","article_publisher":"https:\/\/www.facebook.com\/www.elpex.se\/?locale=sv_SE","article_modified_time":"2026-03-06T08:49:39+00:00","twitter_card":"summary_large_image","twitter_misc":{"Dur\u00e9e de lecture estim\u00e9e":"3 minutes"},"schema":{"@context":"https:\/\/schema.org","@graph":[{"@type":"WebPage","@id":"https:\/\/www.elpex.se\/fr\/guides\/longueur-des-batons-pour-rollerskis-comment-bien-choisir\/","url":"https:\/\/www.elpex.se\/fr\/guides\/longueur-des-batons-pour-rollerskis-comment-bien-choisir\/","name":"Longueur des b\u00e2tons \u2013 comment choisir la bonne - Elpex","isPartOf":{"@id":"https:\/\/www.elpex.se\/fr\/#website"},"datePublished":"2026-03-06T08:47:06+00:00","dateModified":"2026-03-06T08:49:39+00:00","breadcrumb":{"@id":"https:\/\/www.elpex.se\/fr\/guides\/longueur-des-batons-pour-rollerskis-comment-bien-choisir\/#breadcrumb"},"inLanguage":"fr-FR","potentialAction":[{"@type":"ReadAction","target":["https:\/\/www.elpex.se\/fr\/guides\/longueur-des-batons-pour-rollerskis-comment-bien-choisir\/"]}]},{"@type":"BreadcrumbList","@id":"https:\/\/www.elpex.se\/fr\/guides\/longueur-des-batons-pour-rollerskis-comment-bien-choisir\/#breadcrumb","itemListElement":[{"@type":"ListItem","position":1,"name":"Hem","item":"https:\/\/www.elpex.se\/fr\/"},{"@type":"ListItem","position":2,"name":"Longueur des b\u00e2tons \u2013 comment choisir la bonne"}]},{"@type":"WebSite","@id":"https:\/\/www.elpex.se\/fr\/#website","url":"https:\/\/www.elpex.se\/fr\/","name":"Elpex","description":"","publisher":{"@id":"https:\/\/www.elpex.se\/fr\/#organization"},"potentialAction":[{"@type":"SearchAction","target":{"@type":"EntryPoint","urlTemplate":"https:\/\/www.elpex.se\/fr\/?s={search_term_string}"},"query-input":{"@type":"PropertyValueSpecification","valueRequired":true,"valueName":"search_term_string"}}],"inLanguage":"fr-FR"},{"@type":"Organization","@id":"https:\/\/www.elpex.se\/fr\/#organization","name":"Elpex","url":"https:\/\/www.elpex.se\/fr\/","logo":{"@type":"ImageObject","inLanguage":"fr-FR","@id":"https:\/\/www.elpex.se\/fr\/#\/schema\/logo\/image\/","url":"https:\/\/www.elpex.se\/wp-content\/uploads\/2024\/11\/Elpex-logo_svart.svg","contentUrl":"https:\/\/www.elpex.se\/wp-content\/uploads\/2024\/11\/Elpex-logo_svart.svg","caption":"Elpex"},"image":{"@id":"https:\/\/www.elpex.se\/fr\/#\/schema\/logo\/image\/"},"sameAs":["https:\/\/www.facebook.com\/www.elpex.se\/?locale=sv_SE","https:\/\/www.instagram.com\/elpexrollerskis\/"]}]}},"_links":{"self":[{"href":"https:\/\/www.elpex.se\/fr\/wp-json\/wp\/v2\/pages\/13591","targetHints":{"allow":["GET"]}}],"collection":[{"href":"https:\/\/www.elpex.se\/fr\/wp-json\/wp\/v2\/pages"}],"about":[{"href":"https:\/\/www.elpex.se\/fr\/wp-json\/wp\/v2\/types\/page"}],"author":[{"embeddable":true,"href":"https:\/\/www.elpex.se\/fr\/wp-json\/wp\/v2\/users\/5"}],"replies":[{"embeddable":true,"href":"https:\/\/www.elpex.se\/fr\/wp-json\/wp\/v2\/comments?post=13591"}],"version-history":[{"count":2,"href":"https:\/\/www.elpex.se\/fr\/wp-json\/wp\/v2\/pages\/13591\/revisions"}],"predecessor-version":[{"id":13599,"href":"https:\/\/www.elpex.se\/fr\/wp-json\/wp\/v2\/pages\/13591\/revisions\/13599"}],"up":[{"embeddable":true,"href":"https:\/\/www.elpex.se\/fr\/wp-json\/wp\/v2\/pages\/12319"}],"wp:attachment":[{"href":"https:\/\/www.elpex.se\/fr\/wp-json\/wp\/v2\/media?parent=13591"}],"curies":[{"name":"wp","href":"https:\/\/api.w.org\/{rel}","templated":true}]}}