{"id":13341,"date":"2026-03-02T14:34:45","date_gmt":"2026-03-02T14:34:45","guid":{"rendered":"https:\/\/www.elpex.se\/guides\/rollerskis-pour-debutants\/"},"modified":"2026-03-04T08:52:22","modified_gmt":"2026-03-04T08:52:22","slug":"rollerskis-pour-debutants","status":"publish","type":"page","link":"https:\/\/www.elpex.se\/fr\/guides\/rollerskis-pour-debutants\/","title":{"rendered":"Rollerskis pour d\u00e9butants"},"content":{"rendered":"\n<h2 class=\"wp-block-heading\">Le guide Elpex pour d\u00e9buter avec les rollerskis<\/h2>\n\n<p>Le ski \u00e0 roulettes est l&rsquo;un des meilleurs moyens d&rsquo;entra\u00eener l&rsquo;endurance, la force et l&rsquo;\u00e9quilibre. Tu entra\u00eenes tout ton corps tout en m\u00e9nageant tes genoux et tes articulations. C&rsquo;est pourquoi le ski \u00e0 roulettes est devenu une forme d&rsquo;entra\u00eenement populaire aussi bien pour les athl\u00e8tes d&rsquo;\u00e9lite que pour les amateurs.  <\/p>\n\n<p>Beaucoup pensent que le ski \u00e0 roulettes est difficile \u00e0 aborder, mais avec le bon \u00e9quipement et quelques conseils simples, tu te familiariseras rapidement avec la pratique. Dans ce guide, nous passons en revue tout ce que tu dois savoir pour commencer. <\/p>\n\n<hr class=\"wp-block-separator has-alpha-channel-opacity\"\/>\n\n<h2 class=\"wp-block-heading\">Quels skis \u00e0 roulettes choisir en tant que d\u00e9butant<\/h2>\n\n<p>Lorsque tu d\u00e9butes en ski \u00e0 roulettes, la stabilit\u00e9 est plus importante que la vitesse. Un mod\u00e8le stable facilite l&rsquo;\u00e9quilibre et procure une sensation de s\u00e9curit\u00e9 sur la route. <\/p>\n\n<p>Pour le style classique, des mod\u00e8les comme <strong><a href=\"https:\/\/www.elpex.se\/fr\/produkt\/classique-wasa\/\">Elpex Classic Wasa<\/a><\/strong> sont un excellent choix pour les d\u00e9butants. Les roues larges offrent une glisse stable et font que les skis \u00e0 roulettes semblent s\u00fbrs d\u00e8s ta premi\u00e8re s\u00e9ance. <\/p>\n\n<p>Si tu souhaites une sensation un peu plus r\u00e9active tout en conservant beaucoup de stabilit\u00e9, l\u2019<strong><a href=\"https:\/\/www.elpex.se\/fr\/produkt\/equipe-classique\/\">Elpex Classic Team<\/a><\/strong> convient \u00e9galement tr\u00e8s bien aux pratiquants r\u00e9guliers.<\/p>\n\n<p>Si tu pratiques le skate en hiver et que tu souhaites entra\u00eener la m\u00eame technique en \u00e9t\u00e9, l\u2019<strong><a href=\"https:\/\/www.elpex.se\/fr\/produkt\/course-de-patins\/\">Elpex Skate Race<\/a><\/strong> est un choix courant. Le skate demande un peu plus d\u2019\u00e9quilibre, mais offre un style de glisse plus dynamique une fois que tu ma\u00eetrises la technique. <\/p>\n\n<hr class=\"wp-block-separator has-alpha-channel-opacity\"\/>\n\n<h2 class=\"wp-block-heading\">Ski \u00e0 roulettes classique ou skate<\/h2>\n\n<p>Une question fr\u00e9quente est de savoir s&rsquo;il faut commencer par le classique ou le skate.<\/p>\n\n<p>Le ski \u00e0 roulettes classique implique que les skis avancent en parall\u00e8le et que tu te propulses par pouss\u00e9e ou par pas de patineur. Les skis \u00e0 roulettes classiques ont un cliquet dans la roue arri\u00e8re, ce qui emp\u00eache le ski de reculer lorsque tu pousses. <\/p>\n\n<p>Le skate fonctionne davantage comme le patinage sur glace, o\u00f9 tu te propulses par un mouvement en V. Les skis de skate n&rsquo;ont pas de cliquet dans les roues et n\u00e9cessitent donc plus d&rsquo;\u00e9quilibre. <\/p>\n\n<p>Pour la plupart des d\u00e9butants, les skis \u00e0 roulettes classiques sont les plus faciles \u00e0 utiliser car la glisse est plus stable et plus contr\u00f4l\u00e9e.<\/p>\n\n<hr class=\"wp-block-separator has-alpha-channel-opacity\"\/>\n\n<h2 class=\"wp-block-heading\">Quel \u00e9quipement est n\u00e9cessaire pour le ski \u00e0 roulettes<\/h2>\n\n<p>Un grand avantage du ski \u00e0 roulettes est que tu as souvent d\u00e9j\u00e0 une partie de l&rsquo;\u00e9quipement chez toi. Les chaussures, les gants et les b\u00e2tons sont g\u00e9n\u00e9ralement les m\u00eames que ceux utilis\u00e9s pour le ski de fond en hiver. <\/p>\n\n<p>Ce dont tu as normalement besoin :<\/p>\n\n<ul class=\"wp-block-list\">\n<li>skis \u00e0 roulettes<\/li>\n\n\n\n<li>fixations<\/li>\n\n\n\n<li>chaussures<\/li>\n\n\n\n<li>b\u00e2tons<\/li>\n\n\n\n<li>casque<\/li>\n\n\n\n<li>gants<\/li>\n<\/ul>\n\n<p>Les b\u00e2tons doivent avoir des pointes adapt\u00e9es \u00e0 l&rsquo;asphalte. Les pointes de ski \u00e0 roulettes s&rsquo;usent sur la surface et doivent \u00eatre aff\u00fbt\u00e9es r\u00e9guli\u00e8rement pour maintenir une bonne adh\u00e9rence. Avec une lime diamant\u00e9e, tu peux facilement aff\u00fbter les pointes et restaurer l&rsquo;accroche lors de la pouss\u00e9e.  <\/p>\n\n<hr class=\"wp-block-separator has-alpha-channel-opacity\"\/>\n\n<h2 class=\"wp-block-heading\">O\u00f9 faire du ski \u00e0 roulettes<\/h2>\n\n<p>Lorsque tu d\u00e9butes en ski \u00e0 roulettes, il est pr\u00e9f\u00e9rable de choisir une piste cyclable calme avec un bon asphalte et peu de circulation. Un tron\u00e7on relativement plat facilite la concentration sur l&rsquo;\u00e9quilibre et la technique. <\/p>\n\n<p>\u00c9vite les pentes raides au d\u00e9but. L&rsquo;important lors des premi\u00e8res sorties est de ma\u00eetriser ta vitesse et d&rsquo;apprendre \u00e0 tourner en toute s\u00e9curit\u00e9. <\/p>\n\n<p>Lorsque ton \u00e9quilibre s&rsquo;am\u00e9liorera, tu pourras progressivement commencer \u00e0 faire des parcours plus longs et des routes plus vallonn\u00e9es.<\/p>\n\n<hr class=\"wp-block-separator has-alpha-channel-opacity\"\/>\n\n<h2 class=\"wp-block-heading\">Comment commencer le ski \u00e0 roulettes<\/h2>\n\n<p>Les premi\u00e8res sorties n&rsquo;ont pas besoin d&rsquo;\u00eatre longues. Le plus important est d&rsquo;habituer ton corps au mouvement et de trouver l&rsquo;\u00e9quilibre. <\/p>\n\n<p>Une bonne premi\u00e8re sortie pourrait ressembler \u00e0 ceci :<\/p>\n\n<ul class=\"wp-block-list\">\n<li>dix minutes de glisse tranquille<\/li>\n\n\n\n<li>quelques courtes sections techniques o\u00f9 tu te concentres sur l&rsquo;\u00e9quilibre et les pouss\u00e9es de b\u00e2ton douces<\/li>\n\n\n\n<li>dix \u00e0 quinze minutes de glisse tranquille \u00e0 nouveau<\/li>\n<\/ul>\n\n<p>Apr\u00e8s quelques sorties, l&rsquo;\u00e9quilibre s&rsquo;am\u00e9liore g\u00e9n\u00e9ralement rapidement et la glisse devient plus naturelle.<\/p>\n\n<hr class=\"wp-block-separator has-alpha-channel-opacity\"\/>\n\n<h2 class=\"wp-block-heading\">Pourquoi le ski \u00e0 roulettes est un si bon entra\u00eenement<\/h2>\n\n<p>Le ski \u00e0 roulettes fait travailler presque tout le corps. Les bras, le dos, les abdominaux et les jambes travaillent ensemble \u00e0 chaque pouss\u00e9e de b\u00e2ton. En m\u00eame temps, la charge sur les articulations est faible car le mouvement est doux et fluide.  <\/p>\n\n<p>Pour de nombreux amateurs, le ski \u00e0 roulettes est donc une bonne alternative \u00e0 la course \u00e0 pied. Tu obtiens un entra\u00eenement cardiovasculaire efficace sans les chocs violents sur le corps. <\/p>\n\n<hr class=\"wp-block-separator has-alpha-channel-opacity\"\/>\n\n<h2 class=\"wp-block-heading\">R\u00e9sum\u00e9<\/h2>\n\n<p>Le ski \u00e0 roulettes est une forme d&rsquo;entra\u00eenement efficace et amusante qui convient aussi bien aux d\u00e9butants qu&rsquo;aux skieurs exp\u00e9riment\u00e9s. Avec des skis \u00e0 roulettes stables, le bon \u00e9quipement et des premi\u00e8res sorties calmes, tu te familiariseras rapidement avec la pratique. <\/p>\n\n<p>Commence de pr\u00e9f\u00e9rence par des skis \u00e0 roulettes classiques, choisis un mod\u00e8le stable et entra\u00eene-toi sur des routes calmes. Une fois l&rsquo;\u00e9quilibre acquis, la technique et l&rsquo;endurance se d\u00e9velopperont naturellement. <\/p>\n","protected":false},"excerpt":{"rendered":"<p>Le guide Elpex pour d\u00e9buter avec les rollerskis Le ski \u00e0 roulettes est l&rsquo;un des meilleurs moyens d&rsquo;entra\u00eener l&rsquo;endurance, la force et l&rsquo;\u00e9quilibre. Tu entra\u00eenes tout ton corps tout en m\u00e9nageant tes genoux et tes articulations. C&rsquo;est pourquoi le ski \u00e0 roulettes est devenu une [&hellip;]<\/p>\n","protected":false},"author":5,"featured_media":0,"parent":12319,"menu_order":0,"comment_status":"closed","ping_status":"closed","template":"","meta":{"footnotes":""},"class_list":["post-13341","page","type-page","status-publish","hentry"],"yoast_head":"<!-- This site is optimized with the Yoast SEO plugin v27.4 - https:\/\/yoast.com\/product\/yoast-seo-wordpress\/ -->\n<title>Rollerskis pour d\u00e9butants - Elpex<\/title>\n<meta name=\"robots\" content=\"index, follow, max-snippet:-1, max-image-preview:large, max-video-preview:-1\" \/>\n<link rel=\"canonical\" href=\"https:\/\/www.elpex.se\/fr\/guides\/rollerskis-pour-debutants\/\" \/>\n<meta property=\"og:locale\" content=\"fr_FR\" \/>\n<meta property=\"og:type\" content=\"article\" \/>\n<meta property=\"og:title\" content=\"Rollerskis pour d\u00e9butants - Elpex\" \/>\n<meta property=\"og:description\" content=\"Le guide Elpex pour d\u00e9buter avec les rollerskis Le ski \u00e0 roulettes est l&rsquo;un des meilleurs moyens d&rsquo;entra\u00eener l&rsquo;endurance, la force et l&rsquo;\u00e9quilibre. Tu entra\u00eenes tout ton corps tout en m\u00e9nageant tes genoux et tes articulations. C&rsquo;est pourquoi le ski \u00e0 roulettes est devenu une [&hellip;]\" \/>\n<meta property=\"og:url\" content=\"https:\/\/www.elpex.se\/fr\/guides\/rollerskis-pour-debutants\/\" \/>\n<meta property=\"og:site_name\" content=\"Elpex\" \/>\n<meta property=\"article:publisher\" content=\"https:\/\/www.facebook.com\/www.elpex.se\/?locale=sv_SE\" \/>\n<meta property=\"article:modified_time\" content=\"2026-03-04T08:52:22+00:00\" \/>\n<meta name=\"twitter:card\" content=\"summary_large_image\" \/>\n<meta name=\"twitter:label1\" content=\"Dur\u00e9e de lecture estim\u00e9e\" \/>\n\t<meta name=\"twitter:data1\" content=\"4 minutes\" \/>\n<script type=\"application\/ld+json\" class=\"yoast-schema-graph\">{\"@context\":\"https:\\\/\\\/schema.org\",\"@graph\":[{\"@type\":\"WebPage\",\"@id\":\"https:\\\/\\\/www.elpex.se\\\/fr\\\/guides\\\/rollerskis-pour-debutants\\\/\",\"url\":\"https:\\\/\\\/www.elpex.se\\\/fr\\\/guides\\\/rollerskis-pour-debutants\\\/\",\"name\":\"Rollerskis pour d\u00e9butants - Elpex\",\"isPartOf\":{\"@id\":\"https:\\\/\\\/www.elpex.se\\\/fr\\\/#website\"},\"datePublished\":\"2026-03-02T14:34:45+00:00\",\"dateModified\":\"2026-03-04T08:52:22+00:00\",\"breadcrumb\":{\"@id\":\"https:\\\/\\\/www.elpex.se\\\/fr\\\/guides\\\/rollerskis-pour-debutants\\\/#breadcrumb\"},\"inLanguage\":\"fr-FR\",\"potentialAction\":[{\"@type\":\"ReadAction\",\"target\":[\"https:\\\/\\\/www.elpex.se\\\/fr\\\/guides\\\/rollerskis-pour-debutants\\\/\"]}]},{\"@type\":\"BreadcrumbList\",\"@id\":\"https:\\\/\\\/www.elpex.se\\\/fr\\\/guides\\\/rollerskis-pour-debutants\\\/#breadcrumb\",\"itemListElement\":[{\"@type\":\"ListItem\",\"position\":1,\"name\":\"Hem\",\"item\":\"https:\\\/\\\/www.elpex.se\\\/fr\\\/\"},{\"@type\":\"ListItem\",\"position\":2,\"name\":\"Conseils &amp; guides\",\"item\":\"https:\\\/\\\/www.elpex.se\\\/fr\\\/guides\\\/\"},{\"@type\":\"ListItem\",\"position\":3,\"name\":\"Rollerskis pour d\u00e9butants\"}]},{\"@type\":\"WebSite\",\"@id\":\"https:\\\/\\\/www.elpex.se\\\/fr\\\/#website\",\"url\":\"https:\\\/\\\/www.elpex.se\\\/fr\\\/\",\"name\":\"Elpex\",\"description\":\"\",\"publisher\":{\"@id\":\"https:\\\/\\\/www.elpex.se\\\/fr\\\/#organization\"},\"potentialAction\":[{\"@type\":\"SearchAction\",\"target\":{\"@type\":\"EntryPoint\",\"urlTemplate\":\"https:\\\/\\\/www.elpex.se\\\/fr\\\/?s={search_term_string}\"},\"query-input\":{\"@type\":\"PropertyValueSpecification\",\"valueRequired\":true,\"valueName\":\"search_term_string\"}}],\"inLanguage\":\"fr-FR\"},{\"@type\":\"Organization\",\"@id\":\"https:\\\/\\\/www.elpex.se\\\/fr\\\/#organization\",\"name\":\"Elpex\",\"url\":\"https:\\\/\\\/www.elpex.se\\\/fr\\\/\",\"logo\":{\"@type\":\"ImageObject\",\"inLanguage\":\"fr-FR\",\"@id\":\"https:\\\/\\\/www.elpex.se\\\/fr\\\/#\\\/schema\\\/logo\\\/image\\\/\",\"url\":\"https:\\\/\\\/www.elpex.se\\\/wp-content\\\/uploads\\\/2024\\\/11\\\/Elpex-logo_svart.svg\",\"contentUrl\":\"https:\\\/\\\/www.elpex.se\\\/wp-content\\\/uploads\\\/2024\\\/11\\\/Elpex-logo_svart.svg\",\"caption\":\"Elpex\"},\"image\":{\"@id\":\"https:\\\/\\\/www.elpex.se\\\/fr\\\/#\\\/schema\\\/logo\\\/image\\\/\"},\"sameAs\":[\"https:\\\/\\\/www.facebook.com\\\/www.elpex.se\\\/?locale=sv_SE\",\"https:\\\/\\\/www.instagram.com\\\/elpexrollerskis\\\/\"]}]}<\/script>\n<!-- \/ Yoast SEO plugin. -->","yoast_head_json":{"title":"Rollerskis pour d\u00e9butants - Elpex","robots":{"index":"index","follow":"follow","max-snippet":"max-snippet:-1","max-image-preview":"max-image-preview:large","max-video-preview":"max-video-preview:-1"},"canonical":"https:\/\/www.elpex.se\/fr\/guides\/rollerskis-pour-debutants\/","og_locale":"fr_FR","og_type":"article","og_title":"Rollerskis pour d\u00e9butants - Elpex","og_description":"Le guide Elpex pour d\u00e9buter avec les rollerskis Le ski \u00e0 roulettes est l&rsquo;un des meilleurs moyens d&rsquo;entra\u00eener l&rsquo;endurance, la force et l&rsquo;\u00e9quilibre. Tu entra\u00eenes tout ton corps tout en m\u00e9nageant tes genoux et tes articulations. C&rsquo;est pourquoi le ski \u00e0 roulettes est devenu une [&hellip;]","og_url":"https:\/\/www.elpex.se\/fr\/guides\/rollerskis-pour-debutants\/","og_site_name":"Elpex","article_publisher":"https:\/\/www.facebook.com\/www.elpex.se\/?locale=sv_SE","article_modified_time":"2026-03-04T08:52:22+00:00","twitter_card":"summary_large_image","twitter_misc":{"Dur\u00e9e de lecture estim\u00e9e":"4 minutes"},"schema":{"@context":"https:\/\/schema.org","@graph":[{"@type":"WebPage","@id":"https:\/\/www.elpex.se\/fr\/guides\/rollerskis-pour-debutants\/","url":"https:\/\/www.elpex.se\/fr\/guides\/rollerskis-pour-debutants\/","name":"Rollerskis pour d\u00e9butants - Elpex","isPartOf":{"@id":"https:\/\/www.elpex.se\/fr\/#website"},"datePublished":"2026-03-02T14:34:45+00:00","dateModified":"2026-03-04T08:52:22+00:00","breadcrumb":{"@id":"https:\/\/www.elpex.se\/fr\/guides\/rollerskis-pour-debutants\/#breadcrumb"},"inLanguage":"fr-FR","potentialAction":[{"@type":"ReadAction","target":["https:\/\/www.elpex.se\/fr\/guides\/rollerskis-pour-debutants\/"]}]},{"@type":"BreadcrumbList","@id":"https:\/\/www.elpex.se\/fr\/guides\/rollerskis-pour-debutants\/#breadcrumb","itemListElement":[{"@type":"ListItem","position":1,"name":"Hem","item":"https:\/\/www.elpex.se\/fr\/"},{"@type":"ListItem","position":2,"name":"Conseils &amp; guides","item":"https:\/\/www.elpex.se\/fr\/guides\/"},{"@type":"ListItem","position":3,"name":"Rollerskis pour d\u00e9butants"}]},{"@type":"WebSite","@id":"https:\/\/www.elpex.se\/fr\/#website","url":"https:\/\/www.elpex.se\/fr\/","name":"Elpex","description":"","publisher":{"@id":"https:\/\/www.elpex.se\/fr\/#organization"},"potentialAction":[{"@type":"SearchAction","target":{"@type":"EntryPoint","urlTemplate":"https:\/\/www.elpex.se\/fr\/?s={search_term_string}"},"query-input":{"@type":"PropertyValueSpecification","valueRequired":true,"valueName":"search_term_string"}}],"inLanguage":"fr-FR"},{"@type":"Organization","@id":"https:\/\/www.elpex.se\/fr\/#organization","name":"Elpex","url":"https:\/\/www.elpex.se\/fr\/","logo":{"@type":"ImageObject","inLanguage":"fr-FR","@id":"https:\/\/www.elpex.se\/fr\/#\/schema\/logo\/image\/","url":"https:\/\/www.elpex.se\/wp-content\/uploads\/2024\/11\/Elpex-logo_svart.svg","contentUrl":"https:\/\/www.elpex.se\/wp-content\/uploads\/2024\/11\/Elpex-logo_svart.svg","caption":"Elpex"},"image":{"@id":"https:\/\/www.elpex.se\/fr\/#\/schema\/logo\/image\/"},"sameAs":["https:\/\/www.facebook.com\/www.elpex.se\/?locale=sv_SE","https:\/\/www.instagram.com\/elpexrollerskis\/"]}]}},"_links":{"self":[{"href":"https:\/\/www.elpex.se\/fr\/wp-json\/wp\/v2\/pages\/13341","targetHints":{"allow":["GET"]}}],"collection":[{"href":"https:\/\/www.elpex.se\/fr\/wp-json\/wp\/v2\/pages"}],"about":[{"href":"https:\/\/www.elpex.se\/fr\/wp-json\/wp\/v2\/types\/page"}],"author":[{"embeddable":true,"href":"https:\/\/www.elpex.se\/fr\/wp-json\/wp\/v2\/users\/5"}],"replies":[{"embeddable":true,"href":"https:\/\/www.elpex.se\/fr\/wp-json\/wp\/v2\/comments?post=13341"}],"version-history":[{"count":4,"href":"https:\/\/www.elpex.se\/fr\/wp-json\/wp\/v2\/pages\/13341\/revisions"}],"predecessor-version":[{"id":13557,"href":"https:\/\/www.elpex.se\/fr\/wp-json\/wp\/v2\/pages\/13341\/revisions\/13557"}],"up":[{"embeddable":true,"href":"https:\/\/www.elpex.se\/fr\/wp-json\/wp\/v2\/pages\/12319"}],"wp:attachment":[{"href":"https:\/\/www.elpex.se\/fr\/wp-json\/wp\/v2\/media?parent=13341"}],"curies":[{"name":"wp","href":"https:\/\/api.w.org\/{rel}","templated":true}]}}