{"id":12319,"date":"2026-01-27T09:28:30","date_gmt":"2026-01-27T09:28:30","guid":{"rendered":"https:\/\/www.elpex.se\/guides\/"},"modified":"2026-03-06T14:13:17","modified_gmt":"2026-03-06T14:13:17","slug":"guides","status":"publish","type":"page","link":"https:\/\/www.elpex.se\/fr\/guides\/","title":{"rendered":"Conseils &amp; guides"},"content":{"rendered":"\n<p>Retrouvez ici tous nos conseils et astuces pour le ski \u00e0 roulettes\u00a0!<\/p>\n\n<ol class=\"wp-block-list\">\n<li><a href=\"https:\/\/www.elpex.se\/fr\/guides\/rollerskis-pour-debutants\/\">Rollerskis pour d\u00e9butants<\/a><\/li>\n\n\n\n<li><a href=\"https:\/\/www.elpex.se\/fr\/guides\/classique-ou-skate\/\">Classique vs. skating &#8211; quel style choisir et pourquoi<\/a><\/li>\n\n\n\n<li><a href=\"https:\/\/www.elpex.se\/fr\/guides\/la-liste-dequipement\/\">Liste d&rsquo;\u00e9quipement<\/a><\/li>\n\n\n\n<li><a href=\"https:\/\/www.elpex.se\/stavlangd-pa-rullskidor-sa-valjer-du-ratt\/\">Choisis la bonne longueur de b\u00e2tons<\/a><\/li>\n\n\n\n<li><a href=\"https:\/\/www.elpex.se\/stavlangdskalkylator-for-rullskidor-och-langdskidor\/\">Calculateur de longueur de b\u00e2tons<\/a><\/li>\n\n\n\n<li><a href=\"https:\/\/www.elpex.se\/hjulguide-for-rullskidor\/\">Guide des roues pour ski-roues &#8211; r\u00e9sistance au roulement 2, 3, 4 et PU<\/a><\/li>\n\n\n\n<li><a href=\"https:\/\/www.elpex.se\/pjaxor-och-bindningar\/\">Chaussures et fixations &#8211; NNN, Turnamic et SNS<\/a><\/li>\n\n\n\n<li><a href=\"https:\/\/www.elpex.se\/sakerhet-pa-rullskidor-hjalm-reflexer-trafik-och-fallteknik\/\">S\u00e9curit\u00e9 : r\u00e9flecteurs, circulation, casque, technique de chute<\/a><\/li>\n\n\n\n<li><a href=\"https:\/\/www.elpex.se\/underlag-och-vader-vid-rullskidakning-vat-asfalt-grus-kyla-och-latt-sno\/\">Surface et m\u00e9t\u00e9o : asphalte mouill\u00e9, irr\u00e9gulier, gravier et neige l\u00e9g\u00e8re<\/a><\/li>\n\n\n\n<li><a href=\"https:\/\/www.elpex.se\/rullskidbanor-i-sverige-guide-till-traningsbanor\/\">Pistes de ski \u00e0 roulettes en Su\u00e8de<\/a><\/li>\n\n\n\n<li><a href=\"https:\/\/www.elpex.se\/karta-over-rullskidbanor-i-sverige\/\">Carte des pistes de ski \u00e0 roulettes en Su\u00e8de<\/a><\/li>\n\n\n\n<li><a href=\"https:\/\/www.elpex.se\/service-och-underhall-av-rullskidor\/\">Entretien et maintenance des rollerskis<\/a><\/li>\n\n\n\n<li><a href=\"https:\/\/www.elpex.se\/sa-byter-du-hjul-pa-rullskidor-steg-for-steg\/\">Comment changer les roues de tes ski-roues<\/a><\/li>\n\n\n\n<li><a href=\"https:\/\/www.elpex.se\/fr\/guides\/comment-affuter-tes-pointes-de-batons-pour-une-accroche-maximale\/\">Comment aff\u00fbter tes pointes de b\u00e2tons pour une accroche maximale<\/a><\/li>\n\n\n\n<li><a href=\"https:\/\/www.elpex.se\/fr\/erreurs-courantes-en-ski-roue\/\">Erreurs courantes en ski-roue<\/a><\/li>\n\n\n\n<li><a href=\"https:\/\/www.elpex.se\/hur-bromsar-man-pa-rullskidor\/\">Comment freiner en ski-roues ? Cinq techniques que tout le monde devrait conna\u00eetre <\/a><\/li>\n<\/ol>\n\n<p><\/p>\n","protected":false},"excerpt":{"rendered":"<p>Retrouvez ici tous nos conseils et astuces pour le ski \u00e0 roulettes\u00a0!<\/p>\n","protected":false},"author":5,"featured_media":0,"parent":0,"menu_order":0,"comment_status":"closed","ping_status":"closed","template":"","meta":{"footnotes":""},"class_list":["post-12319","page","type-page","status-publish","hentry"],"yoast_head":"<!-- This site is optimized with the Yoast SEO plugin v27.4 - https:\/\/yoast.com\/product\/yoast-seo-wordpress\/ -->\n<title>Conseils &amp; guides - Elpex<\/title>\n<meta name=\"robots\" content=\"index, follow, max-snippet:-1, max-image-preview:large, max-video-preview:-1\" \/>\n<link rel=\"canonical\" href=\"https:\/\/www.elpex.se\/fr\/guides\/\" \/>\n<meta property=\"og:locale\" content=\"fr_FR\" \/>\n<meta property=\"og:type\" content=\"article\" \/>\n<meta property=\"og:title\" content=\"Conseils &amp; guides - Elpex\" \/>\n<meta property=\"og:description\" content=\"Retrouvez ici tous nos conseils et astuces pour le ski \u00e0 roulettes\u00a0!\" \/>\n<meta property=\"og:url\" content=\"https:\/\/www.elpex.se\/fr\/guides\/\" \/>\n<meta property=\"og:site_name\" content=\"Elpex\" \/>\n<meta property=\"article:publisher\" content=\"https:\/\/www.facebook.com\/www.elpex.se\/?locale=sv_SE\" \/>\n<meta property=\"article:modified_time\" content=\"2026-03-06T14:13:17+00:00\" \/>\n<meta name=\"twitter:card\" content=\"summary_large_image\" \/>\n<meta name=\"twitter:label1\" content=\"Dur\u00e9e de lecture estim\u00e9e\" \/>\n\t<meta name=\"twitter:data1\" content=\"1 minute\" \/>\n<script type=\"application\/ld+json\" class=\"yoast-schema-graph\">{\"@context\":\"https:\\\/\\\/schema.org\",\"@graph\":[{\"@type\":\"WebPage\",\"@id\":\"https:\\\/\\\/www.elpex.se\\\/fr\\\/guides\\\/\",\"url\":\"https:\\\/\\\/www.elpex.se\\\/fr\\\/guides\\\/\",\"name\":\"Conseils &amp; guides - Elpex\",\"isPartOf\":{\"@id\":\"https:\\\/\\\/www.elpex.se\\\/fr\\\/#website\"},\"datePublished\":\"2026-01-27T09:28:30+00:00\",\"dateModified\":\"2026-03-06T14:13:17+00:00\",\"breadcrumb\":{\"@id\":\"https:\\\/\\\/www.elpex.se\\\/fr\\\/guides\\\/#breadcrumb\"},\"inLanguage\":\"fr-FR\",\"potentialAction\":[{\"@type\":\"ReadAction\",\"target\":[\"https:\\\/\\\/www.elpex.se\\\/fr\\\/guides\\\/\"]}]},{\"@type\":\"BreadcrumbList\",\"@id\":\"https:\\\/\\\/www.elpex.se\\\/fr\\\/guides\\\/#breadcrumb\",\"itemListElement\":[{\"@type\":\"ListItem\",\"position\":1,\"name\":\"Hem\",\"item\":\"https:\\\/\\\/www.elpex.se\\\/fr\\\/\"},{\"@type\":\"ListItem\",\"position\":2,\"name\":\"Conseils &amp; guides\"}]},{\"@type\":\"WebSite\",\"@id\":\"https:\\\/\\\/www.elpex.se\\\/fr\\\/#website\",\"url\":\"https:\\\/\\\/www.elpex.se\\\/fr\\\/\",\"name\":\"Elpex\",\"description\":\"\",\"publisher\":{\"@id\":\"https:\\\/\\\/www.elpex.se\\\/fr\\\/#organization\"},\"potentialAction\":[{\"@type\":\"SearchAction\",\"target\":{\"@type\":\"EntryPoint\",\"urlTemplate\":\"https:\\\/\\\/www.elpex.se\\\/fr\\\/?s={search_term_string}\"},\"query-input\":{\"@type\":\"PropertyValueSpecification\",\"valueRequired\":true,\"valueName\":\"search_term_string\"}}],\"inLanguage\":\"fr-FR\"},{\"@type\":\"Organization\",\"@id\":\"https:\\\/\\\/www.elpex.se\\\/fr\\\/#organization\",\"name\":\"Elpex\",\"url\":\"https:\\\/\\\/www.elpex.se\\\/fr\\\/\",\"logo\":{\"@type\":\"ImageObject\",\"inLanguage\":\"fr-FR\",\"@id\":\"https:\\\/\\\/www.elpex.se\\\/fr\\\/#\\\/schema\\\/logo\\\/image\\\/\",\"url\":\"https:\\\/\\\/www.elpex.se\\\/wp-content\\\/uploads\\\/2024\\\/11\\\/Elpex-logo_svart.svg\",\"contentUrl\":\"https:\\\/\\\/www.elpex.se\\\/wp-content\\\/uploads\\\/2024\\\/11\\\/Elpex-logo_svart.svg\",\"caption\":\"Elpex\"},\"image\":{\"@id\":\"https:\\\/\\\/www.elpex.se\\\/fr\\\/#\\\/schema\\\/logo\\\/image\\\/\"},\"sameAs\":[\"https:\\\/\\\/www.facebook.com\\\/www.elpex.se\\\/?locale=sv_SE\",\"https:\\\/\\\/www.instagram.com\\\/elpexrollerskis\\\/\"]}]}<\/script>\n<!-- \/ Yoast SEO plugin. -->","yoast_head_json":{"title":"Conseils &amp; guides - Elpex","robots":{"index":"index","follow":"follow","max-snippet":"max-snippet:-1","max-image-preview":"max-image-preview:large","max-video-preview":"max-video-preview:-1"},"canonical":"https:\/\/www.elpex.se\/fr\/guides\/","og_locale":"fr_FR","og_type":"article","og_title":"Conseils &amp; guides - Elpex","og_description":"Retrouvez ici tous nos conseils et astuces pour le ski \u00e0 roulettes\u00a0!","og_url":"https:\/\/www.elpex.se\/fr\/guides\/","og_site_name":"Elpex","article_publisher":"https:\/\/www.facebook.com\/www.elpex.se\/?locale=sv_SE","article_modified_time":"2026-03-06T14:13:17+00:00","twitter_card":"summary_large_image","twitter_misc":{"Dur\u00e9e de lecture estim\u00e9e":"1 minute"},"schema":{"@context":"https:\/\/schema.org","@graph":[{"@type":"WebPage","@id":"https:\/\/www.elpex.se\/fr\/guides\/","url":"https:\/\/www.elpex.se\/fr\/guides\/","name":"Conseils &amp; guides - Elpex","isPartOf":{"@id":"https:\/\/www.elpex.se\/fr\/#website"},"datePublished":"2026-01-27T09:28:30+00:00","dateModified":"2026-03-06T14:13:17+00:00","breadcrumb":{"@id":"https:\/\/www.elpex.se\/fr\/guides\/#breadcrumb"},"inLanguage":"fr-FR","potentialAction":[{"@type":"ReadAction","target":["https:\/\/www.elpex.se\/fr\/guides\/"]}]},{"@type":"BreadcrumbList","@id":"https:\/\/www.elpex.se\/fr\/guides\/#breadcrumb","itemListElement":[{"@type":"ListItem","position":1,"name":"Hem","item":"https:\/\/www.elpex.se\/fr\/"},{"@type":"ListItem","position":2,"name":"Conseils &amp; guides"}]},{"@type":"WebSite","@id":"https:\/\/www.elpex.se\/fr\/#website","url":"https:\/\/www.elpex.se\/fr\/","name":"Elpex","description":"","publisher":{"@id":"https:\/\/www.elpex.se\/fr\/#organization"},"potentialAction":[{"@type":"SearchAction","target":{"@type":"EntryPoint","urlTemplate":"https:\/\/www.elpex.se\/fr\/?s={search_term_string}"},"query-input":{"@type":"PropertyValueSpecification","valueRequired":true,"valueName":"search_term_string"}}],"inLanguage":"fr-FR"},{"@type":"Organization","@id":"https:\/\/www.elpex.se\/fr\/#organization","name":"Elpex","url":"https:\/\/www.elpex.se\/fr\/","logo":{"@type":"ImageObject","inLanguage":"fr-FR","@id":"https:\/\/www.elpex.se\/fr\/#\/schema\/logo\/image\/","url":"https:\/\/www.elpex.se\/wp-content\/uploads\/2024\/11\/Elpex-logo_svart.svg","contentUrl":"https:\/\/www.elpex.se\/wp-content\/uploads\/2024\/11\/Elpex-logo_svart.svg","caption":"Elpex"},"image":{"@id":"https:\/\/www.elpex.se\/fr\/#\/schema\/logo\/image\/"},"sameAs":["https:\/\/www.facebook.com\/www.elpex.se\/?locale=sv_SE","https:\/\/www.instagram.com\/elpexrollerskis\/"]}]}},"_links":{"self":[{"href":"https:\/\/www.elpex.se\/fr\/wp-json\/wp\/v2\/pages\/12319","targetHints":{"allow":["GET"]}}],"collection":[{"href":"https:\/\/www.elpex.se\/fr\/wp-json\/wp\/v2\/pages"}],"about":[{"href":"https:\/\/www.elpex.se\/fr\/wp-json\/wp\/v2\/types\/page"}],"author":[{"embeddable":true,"href":"https:\/\/www.elpex.se\/fr\/wp-json\/wp\/v2\/users\/5"}],"replies":[{"embeddable":true,"href":"https:\/\/www.elpex.se\/fr\/wp-json\/wp\/v2\/comments?post=12319"}],"version-history":[{"count":18,"href":"https:\/\/www.elpex.se\/fr\/wp-json\/wp\/v2\/pages\/12319\/revisions"}],"predecessor-version":[{"id":14301,"href":"https:\/\/www.elpex.se\/fr\/wp-json\/wp\/v2\/pages\/12319\/revisions\/14301"}],"wp:attachment":[{"href":"https:\/\/www.elpex.se\/fr\/wp-json\/wp\/v2\/media?parent=12319"}],"curies":[{"name":"wp","href":"https:\/\/api.w.org\/{rel}","templated":true}]}}