{"id":8194,"date":"2025-03-16T19:46:09","date_gmt":"2025-03-16T19:46:09","guid":{"rendered":"https:\/\/www.elpex.se\/?post_type=product&#038;p=8194"},"modified":"2026-03-04T07:36:52","modified_gmt":"2026-03-04T07:36:52","slug":"skate-off-road-kopia","status":"publish","type":"product","link":"https:\/\/www.elpex.se\/fi\/produkt\/skate-off-road-kopia\/","title":{"rendered":"Skate Off Road"},"content":{"rendered":"<p data-start=\"0\" data-end=\"237\">Kun sile\u00e4\u00e4 asfalttia ei ole tarjolla, <strong data-start=\"47\" data-end=\"65\">Skate Off Road<\/strong> on selke\u00e4 valinta \u2013 kehitetty kest\u00e4m\u00e4\u00e4n p\u00e4\u00e4llyst\u00e4m\u00e4tt\u00f6mi\u00e4 alustoja, kuten mets\u00e4- ja hiekkateit\u00e4. Luisteluhiihtoon tarkoitettu rullasuksi ilman suuntalaakeria, t\u00e4ydellinen hiekkateille ja kovapohjaisille kuntoradoille. <\/p>\n<p data-start=\"239\" data-end=\"406\">Skate Off Road on varustettu 130 mm kumipy\u00f6rill\u00e4, jotka yhdess\u00e4 matalan maavaran kanssa tarjoavat eritt\u00e4in mukavan hiihdon ja vakaan hallinnan. Saatavilla vain vierint\u00e4vastuksella 2. <\/p>\n<p data-start=\"408\" data-end=\"446\"><strong data-start=\"408\" data-end=\"425\">Ajajan tyyppi:<\/strong> Kaikentyyppiset ajajat.<\/p>\n<p data-start=\"448\" data-end=\"467\"><strong data-start=\"448\" data-end=\"465\">Uutta 2026:<\/strong><\/p>\n<ul>\n<li data-start=\"470\" data-end=\"497\">Uudet, parannetut profiilit<\/li>\n<li data-start=\"470\" data-end=\"497\">Uudet, parannetut alumiinivanteet<\/li>\n<li data-start=\"500\" data-end=\"525\">Vahvistetut lokasuojat<\/li>\n<li data-start=\"528\" data-end=\"578\">Tumman sinkki-nikkelipinnoite ruuveissa ja pulteissa<\/li>\n<li data-start=\"581\" data-end=\"607\">Parannettu silkkipainatus rungoissa<\/li>\n<\/ul>\n","protected":false},"excerpt":{"rendered":"<p>Rullahiihto luisteluhiihtoa varten! Soveltuu t\u00e4ydellisesti sorateille ja s\u00e4hk\u00f6radoille. <\/p>\n","protected":false},"featured_media":8204,"template":"","meta":[],"product_brand":[],"product_cat":[256,230,141],"product_tag":[144],"class_list":{"0":"post-8194","1":"product","2":"type-product","3":"status-publish","4":"has-post-thumbnail","6":"product_cat-luistella","7":"product_cat-maastossa","8":"product_cat-rullaluistimet","9":"product_tag-elite","11":"first","12":"outofstock","13":"taxable","14":"shipping-taxable","15":"purchasable","16":"product-type-simple"},"composite_virtual":false,"composite_layout":"","composite_add_to_cart_form_location":"","composite_editable_in_cart":false,"composite_sold_individually_context":"","composite_shop_price_calc":"","composite_components":[],"composite_scenarios":[],"yoast_head":"<!-- This site is optimized with the Yoast SEO plugin v27.4 - https:\/\/yoast.com\/product\/yoast-seo-wordpress\/ -->\n<title>Skate Off Road - Elpex<\/title>\n<meta name=\"robots\" content=\"index, follow, max-snippet:-1, max-image-preview:large, max-video-preview:-1\" \/>\n<link rel=\"canonical\" href=\"https:\/\/www.elpex.se\/fi\/produkt\/skate-off-road-kopia\/\" \/>\n<meta property=\"og:locale\" content=\"fi_FI\" \/>\n<meta property=\"og:type\" content=\"article\" \/>\n<meta property=\"og:title\" content=\"Skate Off Road - Elpex\" \/>\n<meta property=\"og:description\" content=\"Rullahiihto luisteluhiihtoa varten! Soveltuu t\u00e4ydellisesti sorateille ja s\u00e4hk\u00f6radoille.\" \/>\n<meta property=\"og:url\" content=\"https:\/\/www.elpex.se\/fi\/produkt\/skate-off-road-kopia\/\" \/>\n<meta property=\"og:site_name\" content=\"Elpex\" \/>\n<meta property=\"article:publisher\" content=\"https:\/\/www.facebook.com\/www.elpex.se\/?locale=sv_SE\" \/>\n<meta property=\"article:modified_time\" content=\"2026-03-04T07:36:52+00:00\" \/>\n<meta property=\"og:image\" content=\"https:\/\/www.elpex.se\/wp-content\/uploads\/2025\/03\/Skate_off-road_6.png\" \/>\n\t<meta property=\"og:image:width\" content=\"1080\" \/>\n\t<meta property=\"og:image:height\" content=\"1450\" \/>\n\t<meta property=\"og:image:type\" content=\"image\/png\" \/>\n<meta name=\"twitter:card\" content=\"summary_large_image\" \/>\n<script type=\"application\/ld+json\" class=\"yoast-schema-graph\">{\"@context\":\"https:\\\/\\\/schema.org\",\"@graph\":[{\"@type\":\"WebPage\",\"@id\":\"https:\\\/\\\/www.elpex.se\\\/fi\\\/produkt\\\/skate-off-road-kopia\\\/\",\"url\":\"https:\\\/\\\/www.elpex.se\\\/fi\\\/produkt\\\/skate-off-road-kopia\\\/\",\"name\":\"Skate Off Road - Elpex\",\"isPartOf\":{\"@id\":\"https:\\\/\\\/www.elpex.se\\\/fi\\\/#website\"},\"primaryImageOfPage\":{\"@id\":\"https:\\\/\\\/www.elpex.se\\\/fi\\\/produkt\\\/skate-off-road-kopia\\\/#primaryimage\"},\"image\":{\"@id\":\"https:\\\/\\\/www.elpex.se\\\/fi\\\/produkt\\\/skate-off-road-kopia\\\/#primaryimage\"},\"thumbnailUrl\":\"https:\\\/\\\/www.elpex.se\\\/wp-content\\\/uploads\\\/2025\\\/03\\\/Skate_off-road_6.png\",\"datePublished\":\"2025-03-16T19:46:09+00:00\",\"dateModified\":\"2026-03-04T07:36:52+00:00\",\"breadcrumb\":{\"@id\":\"https:\\\/\\\/www.elpex.se\\\/fi\\\/produkt\\\/skate-off-road-kopia\\\/#breadcrumb\"},\"inLanguage\":\"fi\",\"potentialAction\":[{\"@type\":\"ReadAction\",\"target\":[\"https:\\\/\\\/www.elpex.se\\\/fi\\\/produkt\\\/skate-off-road-kopia\\\/\"]}]},{\"@type\":\"ImageObject\",\"inLanguage\":\"fi\",\"@id\":\"https:\\\/\\\/www.elpex.se\\\/fi\\\/produkt\\\/skate-off-road-kopia\\\/#primaryimage\",\"url\":\"https:\\\/\\\/www.elpex.se\\\/wp-content\\\/uploads\\\/2025\\\/03\\\/Skate_off-road_6.png\",\"contentUrl\":\"https:\\\/\\\/www.elpex.se\\\/wp-content\\\/uploads\\\/2025\\\/03\\\/Skate_off-road_6.png\",\"width\":1080,\"height\":1450},{\"@type\":\"BreadcrumbList\",\"@id\":\"https:\\\/\\\/www.elpex.se\\\/fi\\\/produkt\\\/skate-off-road-kopia\\\/#breadcrumb\",\"itemListElement\":[{\"@type\":\"ListItem\",\"position\":1,\"name\":\"Hem\",\"item\":\"https:\\\/\\\/www.elpex.se\\\/fi\\\/\"},{\"@type\":\"ListItem\",\"position\":2,\"name\":\"Rullahiihtosukset ja tarvikkeet\",\"item\":\"https:\\\/\\\/www.elpex.se\\\/fi\\\/shop\\\/\"},{\"@type\":\"ListItem\",\"position\":3,\"name\":\"Skate Off Road\"}]},{\"@type\":\"WebSite\",\"@id\":\"https:\\\/\\\/www.elpex.se\\\/fi\\\/#website\",\"url\":\"https:\\\/\\\/www.elpex.se\\\/fi\\\/\",\"name\":\"Elpex\",\"description\":\"\",\"publisher\":{\"@id\":\"https:\\\/\\\/www.elpex.se\\\/fi\\\/#organization\"},\"potentialAction\":[{\"@type\":\"SearchAction\",\"target\":{\"@type\":\"EntryPoint\",\"urlTemplate\":\"https:\\\/\\\/www.elpex.se\\\/fi\\\/?s={search_term_string}\"},\"query-input\":{\"@type\":\"PropertyValueSpecification\",\"valueRequired\":true,\"valueName\":\"search_term_string\"}}],\"inLanguage\":\"fi\"},{\"@type\":\"Organization\",\"@id\":\"https:\\\/\\\/www.elpex.se\\\/fi\\\/#organization\",\"name\":\"Elpex\",\"url\":\"https:\\\/\\\/www.elpex.se\\\/fi\\\/\",\"logo\":{\"@type\":\"ImageObject\",\"inLanguage\":\"fi\",\"@id\":\"https:\\\/\\\/www.elpex.se\\\/fi\\\/#\\\/schema\\\/logo\\\/image\\\/\",\"url\":\"https:\\\/\\\/www.elpex.se\\\/wp-content\\\/uploads\\\/2024\\\/11\\\/Elpex-logo_svart.svg\",\"contentUrl\":\"https:\\\/\\\/www.elpex.se\\\/wp-content\\\/uploads\\\/2024\\\/11\\\/Elpex-logo_svart.svg\",\"caption\":\"Elpex\"},\"image\":{\"@id\":\"https:\\\/\\\/www.elpex.se\\\/fi\\\/#\\\/schema\\\/logo\\\/image\\\/\"},\"sameAs\":[\"https:\\\/\\\/www.facebook.com\\\/www.elpex.se\\\/?locale=sv_SE\",\"https:\\\/\\\/www.instagram.com\\\/elpexrollerskis\\\/\"]}]}<\/script>\n<!-- \/ Yoast SEO plugin. -->","yoast_head_json":{"title":"Skate Off Road - Elpex","robots":{"index":"index","follow":"follow","max-snippet":"max-snippet:-1","max-image-preview":"max-image-preview:large","max-video-preview":"max-video-preview:-1"},"canonical":"https:\/\/www.elpex.se\/fi\/produkt\/skate-off-road-kopia\/","og_locale":"fi_FI","og_type":"article","og_title":"Skate Off Road - Elpex","og_description":"Rullahiihto luisteluhiihtoa varten! Soveltuu t\u00e4ydellisesti sorateille ja s\u00e4hk\u00f6radoille.","og_url":"https:\/\/www.elpex.se\/fi\/produkt\/skate-off-road-kopia\/","og_site_name":"Elpex","article_publisher":"https:\/\/www.facebook.com\/www.elpex.se\/?locale=sv_SE","article_modified_time":"2026-03-04T07:36:52+00:00","og_image":[{"width":1080,"height":1450,"url":"https:\/\/www.elpex.se\/wp-content\/uploads\/2025\/03\/Skate_off-road_6.png","type":"image\/png"}],"twitter_card":"summary_large_image","schema":{"@context":"https:\/\/schema.org","@graph":[{"@type":"WebPage","@id":"https:\/\/www.elpex.se\/fi\/produkt\/skate-off-road-kopia\/","url":"https:\/\/www.elpex.se\/fi\/produkt\/skate-off-road-kopia\/","name":"Skate Off Road - Elpex","isPartOf":{"@id":"https:\/\/www.elpex.se\/fi\/#website"},"primaryImageOfPage":{"@id":"https:\/\/www.elpex.se\/fi\/produkt\/skate-off-road-kopia\/#primaryimage"},"image":{"@id":"https:\/\/www.elpex.se\/fi\/produkt\/skate-off-road-kopia\/#primaryimage"},"thumbnailUrl":"https:\/\/www.elpex.se\/wp-content\/uploads\/2025\/03\/Skate_off-road_6.png","datePublished":"2025-03-16T19:46:09+00:00","dateModified":"2026-03-04T07:36:52+00:00","breadcrumb":{"@id":"https:\/\/www.elpex.se\/fi\/produkt\/skate-off-road-kopia\/#breadcrumb"},"inLanguage":"fi","potentialAction":[{"@type":"ReadAction","target":["https:\/\/www.elpex.se\/fi\/produkt\/skate-off-road-kopia\/"]}]},{"@type":"ImageObject","inLanguage":"fi","@id":"https:\/\/www.elpex.se\/fi\/produkt\/skate-off-road-kopia\/#primaryimage","url":"https:\/\/www.elpex.se\/wp-content\/uploads\/2025\/03\/Skate_off-road_6.png","contentUrl":"https:\/\/www.elpex.se\/wp-content\/uploads\/2025\/03\/Skate_off-road_6.png","width":1080,"height":1450},{"@type":"BreadcrumbList","@id":"https:\/\/www.elpex.se\/fi\/produkt\/skate-off-road-kopia\/#breadcrumb","itemListElement":[{"@type":"ListItem","position":1,"name":"Hem","item":"https:\/\/www.elpex.se\/fi\/"},{"@type":"ListItem","position":2,"name":"Rullahiihtosukset ja tarvikkeet","item":"https:\/\/www.elpex.se\/fi\/shop\/"},{"@type":"ListItem","position":3,"name":"Skate Off Road"}]},{"@type":"WebSite","@id":"https:\/\/www.elpex.se\/fi\/#website","url":"https:\/\/www.elpex.se\/fi\/","name":"Elpex","description":"","publisher":{"@id":"https:\/\/www.elpex.se\/fi\/#organization"},"potentialAction":[{"@type":"SearchAction","target":{"@type":"EntryPoint","urlTemplate":"https:\/\/www.elpex.se\/fi\/?s={search_term_string}"},"query-input":{"@type":"PropertyValueSpecification","valueRequired":true,"valueName":"search_term_string"}}],"inLanguage":"fi"},{"@type":"Organization","@id":"https:\/\/www.elpex.se\/fi\/#organization","name":"Elpex","url":"https:\/\/www.elpex.se\/fi\/","logo":{"@type":"ImageObject","inLanguage":"fi","@id":"https:\/\/www.elpex.se\/fi\/#\/schema\/logo\/image\/","url":"https:\/\/www.elpex.se\/wp-content\/uploads\/2024\/11\/Elpex-logo_svart.svg","contentUrl":"https:\/\/www.elpex.se\/wp-content\/uploads\/2024\/11\/Elpex-logo_svart.svg","caption":"Elpex"},"image":{"@id":"https:\/\/www.elpex.se\/fi\/#\/schema\/logo\/image\/"},"sameAs":["https:\/\/www.facebook.com\/www.elpex.se\/?locale=sv_SE","https:\/\/www.instagram.com\/elpexrollerskis\/"]}]}},"_links":{"self":[{"href":"https:\/\/www.elpex.se\/fi\/wp-json\/wp\/v2\/product\/8194","targetHints":{"allow":["GET"]}}],"collection":[{"href":"https:\/\/www.elpex.se\/fi\/wp-json\/wp\/v2\/product"}],"about":[{"href":"https:\/\/www.elpex.se\/fi\/wp-json\/wp\/v2\/types\/product"}],"wp:featuredmedia":[{"embeddable":true,"href":"https:\/\/www.elpex.se\/fi\/wp-json\/wp\/v2\/media\/8204"}],"wp:attachment":[{"href":"https:\/\/www.elpex.se\/fi\/wp-json\/wp\/v2\/media?parent=8194"}],"wp:term":[{"taxonomy":"product_brand","embeddable":true,"href":"https:\/\/www.elpex.se\/fi\/wp-json\/wp\/v2\/product_brand?post=8194"},{"taxonomy":"product_cat","embeddable":true,"href":"https:\/\/www.elpex.se\/fi\/wp-json\/wp\/v2\/product_cat?post=8194"},{"taxonomy":"product_tag","embeddable":true,"href":"https:\/\/www.elpex.se\/fi\/wp-json\/wp\/v2\/product_tag?post=8194"}],"curies":[{"name":"wp","href":"https:\/\/api.w.org\/{rel}","templated":true}]}}