{"id":7019,"date":"2024-11-05T14:38:04","date_gmt":"2024-11-05T14:38:04","guid":{"rendered":"https:\/\/www.elpex.se\/produkt\/skate-race\/"},"modified":"2026-04-08T07:14:34","modified_gmt":"2026-04-08T07:14:34","slug":"skate-race","status":"publish","type":"product","link":"https:\/\/www.elpex.se\/fi\/produkt\/skate-race\/","title":{"rendered":"Skate Race"},"content":{"rendered":"<p data-pm-slice=\"1 1 []\">Rullarulla, jossa matala painopiste takaa vertaansa vailla olevan tasapainon ja vakaan hiihtokokemuksen. Suuri uutuus vuodelle 2026 on parannetut profiilit \u2013 j\u00e4ykemm\u00e4t ja kevyemm\u00e4t, samalla tekniikalla kuin klassiset mallimme. PU-py\u00f6r\u00e4t (2) tarjoavat selke\u00e4n leikkauksen ja erinomaiset hiihtominaisuudet my\u00f6s m\u00e4rill\u00e4 alustoilla. Tarjoamme my\u00f6s t\u00e4ysin uuden py\u00f6r\u00e4vaihtoehdon \u2013 premium-sarjamme, joka on kehitetty huippuhiiht\u00e4jille ja yhdist\u00e4\u00e4 polyuretaanin ja kumin parhaat ominaisuudet.   <\/p>\n<p data-start=\"185\" data-end=\"254\"><strong data-start=\"185\" data-end=\"202\">Hiiht\u00e4j\u00e4tyyppi:<\/strong> Vanhemmat juniorit, eliittihiiht\u00e4j\u00e4t ja kuntoilijat.<\/p>\n<p data-start=\"185\" data-end=\"254\"><strong>Py\u00f6r\u00e4valinta:<\/strong><\/p>\n<p data-start=\"497\" data-end=\"547\"><strong>PU-py\u00f6r\u00e4t (vierint\u00e4vastus 2) \u2013 vakaus kaikissa olosuhteissa<\/strong><\/p>\n<ul>\n<li data-start=\"548\" data-end=\"869\">PU-py\u00f6r\u00e4mme antavat tarkan ja ter\u00e4v\u00e4n tuntuman asfalttiin sek\u00e4 erinomaiset hiihto-ominaisuudet niin kuivalla kuin m\u00e4r\u00e4ll\u00e4 tiell\u00e4. Pito on loistava ilman pehmeyden tuntua \u2013 my\u00f6s raskaammille hiiht\u00e4jille, jotka painavat kovaa vauhtia. Py\u00f6ri\u00e4 k\u00e4ytet\u00e4\u00e4n muun muassa Nationellt Vintersportcentrum -keskuksen testeiss\u00e4, joissa analysoidaan eliitti- ja maajoukkuehiiht\u00e4ji\u00e4.   N\u00e4iss\u00e4 rullissa on kiilt\u00e4v\u00e4 alumiinivanne.<\/li>\n<\/ul>\n<p data-start=\"871\" data-end=\"921\"><strong>Premium-py\u00f6r\u00e4t (vierint\u00e4vastus 2 ja 3) \u2013 sinulle, joka haluat parhaan<\/strong><\/p>\n<ul>\n<li data-start=\"922\" data-end=\"1045\">Uusi premium-sarjamme on kehitetty huippuhiiht\u00e4jille, ja siin\u00e4 yhdistyv\u00e4t polyuretaanin kest\u00e4vyys sek\u00e4 kumin joustavuus. Kompromissiton ratkaisu sinulle, joka vaadit maksimaalista suorituskyky\u00e4 \u2013 kaikissa olosuhteissa. Premium-rullillamme saat tasaisen vierint\u00e4vastuksen l\u00e4mp\u00f6tilasta riippumatta, ly\u00f6m\u00e4tt\u00f6m\u00e4n m\u00e4rk\u00e4pidon sek\u00e4 erinomaisen kest\u00e4vyyden. N\u00e4iss\u00e4 rullissa on harmaa muovivanne.   <\/li>\n<\/ul>\n<p>&nbsp;<\/p>\n<p>&nbsp;<\/p>\n","protected":false},"excerpt":{"rendered":"<p data-pm-slice=\"1 1 []\">Rullarulla, jonka matala painopiste takaa vertaansa vailla olevan tasapainon ja vakaan hiihtokokemuksen.<\/p>\n","protected":false},"featured_media":8030,"template":"","meta":[],"product_brand":[],"product_cat":[256,141,143],"product_tag":[480],"class_list":{"0":"post-7019","1":"product","2":"type-product","3":"status-publish","4":"has-post-thumbnail","6":"product_cat-luistella","7":"product_cat-rullaluistimet","8":"product_cat-suosittuja-tuotteita","9":"product_tag-aloittelijat","11":"first","12":"instock","13":"taxable","14":"shipping-taxable","15":"purchasable","16":"product-type-variable"},"composite_virtual":false,"composite_layout":"","composite_add_to_cart_form_location":"","composite_editable_in_cart":false,"composite_sold_individually_context":"","composite_shop_price_calc":"","composite_components":[],"composite_scenarios":[],"yoast_head":"<!-- This site is optimized with the Yoast SEO plugin v27.4 - https:\/\/yoast.com\/product\/yoast-seo-wordpress\/ -->\n<title>Skate Race - Elpex<\/title>\n<meta name=\"robots\" content=\"index, follow, max-snippet:-1, max-image-preview:large, max-video-preview:-1\" \/>\n<link rel=\"canonical\" href=\"https:\/\/www.elpex.se\/fi\/produkt\/skate-race\/\" \/>\n<meta property=\"og:locale\" content=\"fi_FI\" \/>\n<meta property=\"og:type\" content=\"article\" \/>\n<meta property=\"og:title\" content=\"Skate Race - Elpex\" \/>\n<meta property=\"og:description\" content=\"Rullarulla, jonka matala painopiste takaa vertaansa vailla olevan tasapainon ja vakaan hiihtokokemuksen.\" \/>\n<meta property=\"og:url\" content=\"https:\/\/www.elpex.se\/fi\/produkt\/skate-race\/\" \/>\n<meta property=\"og:site_name\" content=\"Elpex\" \/>\n<meta property=\"article:publisher\" content=\"https:\/\/www.facebook.com\/www.elpex.se\/?locale=sv_SE\" \/>\n<meta property=\"article:modified_time\" content=\"2026-04-08T07:14:34+00:00\" \/>\n<meta property=\"og:image\" content=\"https:\/\/www.elpex.se\/wp-content\/uploads\/2024\/11\/Elpex_Skate-Race_3-1.jpg.webp\" \/>\n\t<meta property=\"og:image:width\" content=\"1080\" \/>\n\t<meta property=\"og:image:height\" content=\"1450\" \/>\n\t<meta property=\"og:image:type\" content=\"image\/jpeg\" \/>\n<meta name=\"twitter:card\" content=\"summary_large_image\" \/>\n<meta name=\"twitter:label1\" content=\"Arvioitu lukuaika\" \/>\n\t<meta name=\"twitter:data1\" content=\"1 minuutti\" \/>\n<script type=\"application\/ld+json\" class=\"yoast-schema-graph\">{\"@context\":\"https:\\\/\\\/schema.org\",\"@graph\":[{\"@type\":\"WebPage\",\"@id\":\"https:\\\/\\\/www.elpex.se\\\/fi\\\/produkt\\\/skate-race\\\/\",\"url\":\"https:\\\/\\\/www.elpex.se\\\/fi\\\/produkt\\\/skate-race\\\/\",\"name\":\"Skate Race - Elpex\",\"isPartOf\":{\"@id\":\"https:\\\/\\\/www.elpex.se\\\/fi\\\/#website\"},\"primaryImageOfPage\":{\"@id\":\"https:\\\/\\\/www.elpex.se\\\/fi\\\/produkt\\\/skate-race\\\/#primaryimage\"},\"image\":{\"@id\":\"https:\\\/\\\/www.elpex.se\\\/fi\\\/produkt\\\/skate-race\\\/#primaryimage\"},\"thumbnailUrl\":\"https:\\\/\\\/www.elpex.se\\\/wp-content\\\/uploads\\\/2024\\\/11\\\/Elpex_Skate-Race_3-1.jpg.webp\",\"datePublished\":\"2024-11-05T14:38:04+00:00\",\"dateModified\":\"2026-04-08T07:14:34+00:00\",\"breadcrumb\":{\"@id\":\"https:\\\/\\\/www.elpex.se\\\/fi\\\/produkt\\\/skate-race\\\/#breadcrumb\"},\"inLanguage\":\"fi\",\"potentialAction\":[{\"@type\":\"ReadAction\",\"target\":[\"https:\\\/\\\/www.elpex.se\\\/fi\\\/produkt\\\/skate-race\\\/\"]}]},{\"@type\":\"ImageObject\",\"inLanguage\":\"fi\",\"@id\":\"https:\\\/\\\/www.elpex.se\\\/fi\\\/produkt\\\/skate-race\\\/#primaryimage\",\"url\":\"https:\\\/\\\/www.elpex.se\\\/wp-content\\\/uploads\\\/2024\\\/11\\\/Elpex_Skate-Race_3-1.jpg.webp\",\"contentUrl\":\"https:\\\/\\\/www.elpex.se\\\/wp-content\\\/uploads\\\/2024\\\/11\\\/Elpex_Skate-Race_3-1.jpg.webp\",\"width\":1080,\"height\":1450},{\"@type\":\"BreadcrumbList\",\"@id\":\"https:\\\/\\\/www.elpex.se\\\/fi\\\/produkt\\\/skate-race\\\/#breadcrumb\",\"itemListElement\":[{\"@type\":\"ListItem\",\"position\":1,\"name\":\"Hem\",\"item\":\"https:\\\/\\\/www.elpex.se\\\/fi\\\/\"},{\"@type\":\"ListItem\",\"position\":2,\"name\":\"Rullahiihtosukset ja tarvikkeet\",\"item\":\"https:\\\/\\\/www.elpex.se\\\/fi\\\/shop\\\/\"},{\"@type\":\"ListItem\",\"position\":3,\"name\":\"Skate Race\"}]},{\"@type\":\"WebSite\",\"@id\":\"https:\\\/\\\/www.elpex.se\\\/fi\\\/#website\",\"url\":\"https:\\\/\\\/www.elpex.se\\\/fi\\\/\",\"name\":\"Elpex\",\"description\":\"\",\"publisher\":{\"@id\":\"https:\\\/\\\/www.elpex.se\\\/fi\\\/#organization\"},\"potentialAction\":[{\"@type\":\"SearchAction\",\"target\":{\"@type\":\"EntryPoint\",\"urlTemplate\":\"https:\\\/\\\/www.elpex.se\\\/fi\\\/?s={search_term_string}\"},\"query-input\":{\"@type\":\"PropertyValueSpecification\",\"valueRequired\":true,\"valueName\":\"search_term_string\"}}],\"inLanguage\":\"fi\"},{\"@type\":\"Organization\",\"@id\":\"https:\\\/\\\/www.elpex.se\\\/fi\\\/#organization\",\"name\":\"Elpex\",\"url\":\"https:\\\/\\\/www.elpex.se\\\/fi\\\/\",\"logo\":{\"@type\":\"ImageObject\",\"inLanguage\":\"fi\",\"@id\":\"https:\\\/\\\/www.elpex.se\\\/fi\\\/#\\\/schema\\\/logo\\\/image\\\/\",\"url\":\"https:\\\/\\\/www.elpex.se\\\/wp-content\\\/uploads\\\/2024\\\/11\\\/Elpex-logo_svart.svg\",\"contentUrl\":\"https:\\\/\\\/www.elpex.se\\\/wp-content\\\/uploads\\\/2024\\\/11\\\/Elpex-logo_svart.svg\",\"caption\":\"Elpex\"},\"image\":{\"@id\":\"https:\\\/\\\/www.elpex.se\\\/fi\\\/#\\\/schema\\\/logo\\\/image\\\/\"},\"sameAs\":[\"https:\\\/\\\/www.facebook.com\\\/www.elpex.se\\\/?locale=sv_SE\",\"https:\\\/\\\/www.instagram.com\\\/elpexrollerskis\\\/\"]}]}<\/script>\n<!-- \/ Yoast SEO plugin. -->","yoast_head_json":{"title":"Skate Race - Elpex","robots":{"index":"index","follow":"follow","max-snippet":"max-snippet:-1","max-image-preview":"max-image-preview:large","max-video-preview":"max-video-preview:-1"},"canonical":"https:\/\/www.elpex.se\/fi\/produkt\/skate-race\/","og_locale":"fi_FI","og_type":"article","og_title":"Skate Race - Elpex","og_description":"Rullarulla, jonka matala painopiste takaa vertaansa vailla olevan tasapainon ja vakaan hiihtokokemuksen.","og_url":"https:\/\/www.elpex.se\/fi\/produkt\/skate-race\/","og_site_name":"Elpex","article_publisher":"https:\/\/www.facebook.com\/www.elpex.se\/?locale=sv_SE","article_modified_time":"2026-04-08T07:14:34+00:00","og_image":[{"width":1080,"height":1450,"url":"https:\/\/www.elpex.se\/wp-content\/uploads\/2024\/11\/Elpex_Skate-Race_3-1.jpg.webp","type":"image\/jpeg"}],"twitter_card":"summary_large_image","twitter_misc":{"Arvioitu lukuaika":"1 minuutti"},"schema":{"@context":"https:\/\/schema.org","@graph":[{"@type":"WebPage","@id":"https:\/\/www.elpex.se\/fi\/produkt\/skate-race\/","url":"https:\/\/www.elpex.se\/fi\/produkt\/skate-race\/","name":"Skate Race - Elpex","isPartOf":{"@id":"https:\/\/www.elpex.se\/fi\/#website"},"primaryImageOfPage":{"@id":"https:\/\/www.elpex.se\/fi\/produkt\/skate-race\/#primaryimage"},"image":{"@id":"https:\/\/www.elpex.se\/fi\/produkt\/skate-race\/#primaryimage"},"thumbnailUrl":"https:\/\/www.elpex.se\/wp-content\/uploads\/2024\/11\/Elpex_Skate-Race_3-1.jpg.webp","datePublished":"2024-11-05T14:38:04+00:00","dateModified":"2026-04-08T07:14:34+00:00","breadcrumb":{"@id":"https:\/\/www.elpex.se\/fi\/produkt\/skate-race\/#breadcrumb"},"inLanguage":"fi","potentialAction":[{"@type":"ReadAction","target":["https:\/\/www.elpex.se\/fi\/produkt\/skate-race\/"]}]},{"@type":"ImageObject","inLanguage":"fi","@id":"https:\/\/www.elpex.se\/fi\/produkt\/skate-race\/#primaryimage","url":"https:\/\/www.elpex.se\/wp-content\/uploads\/2024\/11\/Elpex_Skate-Race_3-1.jpg.webp","contentUrl":"https:\/\/www.elpex.se\/wp-content\/uploads\/2024\/11\/Elpex_Skate-Race_3-1.jpg.webp","width":1080,"height":1450},{"@type":"BreadcrumbList","@id":"https:\/\/www.elpex.se\/fi\/produkt\/skate-race\/#breadcrumb","itemListElement":[{"@type":"ListItem","position":1,"name":"Hem","item":"https:\/\/www.elpex.se\/fi\/"},{"@type":"ListItem","position":2,"name":"Rullahiihtosukset ja tarvikkeet","item":"https:\/\/www.elpex.se\/fi\/shop\/"},{"@type":"ListItem","position":3,"name":"Skate Race"}]},{"@type":"WebSite","@id":"https:\/\/www.elpex.se\/fi\/#website","url":"https:\/\/www.elpex.se\/fi\/","name":"Elpex","description":"","publisher":{"@id":"https:\/\/www.elpex.se\/fi\/#organization"},"potentialAction":[{"@type":"SearchAction","target":{"@type":"EntryPoint","urlTemplate":"https:\/\/www.elpex.se\/fi\/?s={search_term_string}"},"query-input":{"@type":"PropertyValueSpecification","valueRequired":true,"valueName":"search_term_string"}}],"inLanguage":"fi"},{"@type":"Organization","@id":"https:\/\/www.elpex.se\/fi\/#organization","name":"Elpex","url":"https:\/\/www.elpex.se\/fi\/","logo":{"@type":"ImageObject","inLanguage":"fi","@id":"https:\/\/www.elpex.se\/fi\/#\/schema\/logo\/image\/","url":"https:\/\/www.elpex.se\/wp-content\/uploads\/2024\/11\/Elpex-logo_svart.svg","contentUrl":"https:\/\/www.elpex.se\/wp-content\/uploads\/2024\/11\/Elpex-logo_svart.svg","caption":"Elpex"},"image":{"@id":"https:\/\/www.elpex.se\/fi\/#\/schema\/logo\/image\/"},"sameAs":["https:\/\/www.facebook.com\/www.elpex.se\/?locale=sv_SE","https:\/\/www.instagram.com\/elpexrollerskis\/"]}]}},"_links":{"self":[{"href":"https:\/\/www.elpex.se\/fi\/wp-json\/wp\/v2\/product\/7019","targetHints":{"allow":["GET"]}}],"collection":[{"href":"https:\/\/www.elpex.se\/fi\/wp-json\/wp\/v2\/product"}],"about":[{"href":"https:\/\/www.elpex.se\/fi\/wp-json\/wp\/v2\/types\/product"}],"wp:featuredmedia":[{"embeddable":true,"href":"https:\/\/www.elpex.se\/fi\/wp-json\/wp\/v2\/media\/8030"}],"wp:attachment":[{"href":"https:\/\/www.elpex.se\/fi\/wp-json\/wp\/v2\/media?parent=7019"}],"wp:term":[{"taxonomy":"product_brand","embeddable":true,"href":"https:\/\/www.elpex.se\/fi\/wp-json\/wp\/v2\/product_brand?post=7019"},{"taxonomy":"product_cat","embeddable":true,"href":"https:\/\/www.elpex.se\/fi\/wp-json\/wp\/v2\/product_cat?post=7019"},{"taxonomy":"product_tag","embeddable":true,"href":"https:\/\/www.elpex.se\/fi\/wp-json\/wp\/v2\/product_tag?post=7019"}],"curies":[{"name":"wp","href":"https:\/\/api.w.org\/{rel}","templated":true}]}}