{"id":6826,"date":"2024-10-24T14:09:57","date_gmt":"2024-10-24T14:09:57","guid":{"rendered":"https:\/\/www.elpex.se\/produkt\/classic-wasa\/"},"modified":"2026-02-24T15:23:43","modified_gmt":"2026-02-24T15:23:43","slug":"classic-wasa","status":"publish","type":"product","link":"https:\/\/www.elpex.se\/fi\/produkt\/classic-wasa\/","title":{"rendered":"Classic Wasa"},"content":{"rendered":"<p data-start=\"0\" data-end=\"458\">Alkuper\u00e4ismalli, jonka juuret ulottuvat aina 80-luvulle asti! Maailman myydyin rullahiihto? T\u00e4m\u00e4 malli on ollut valikoimassa pisimp\u00e4\u00e4n \u2013 ja hyv\u00e4st\u00e4 syyst\u00e4: se on todella, todella hyv\u00e4. Leve\u00e4t py\u00f6r\u00e4t tuovat vakautta ja runko tarjoaa juuri sopivasti joustoa. T\u00e4m\u00e4 on t\u00e4ydellinen harjoitusrullasuksi niin aloittelijoille kuin eliittihiiht\u00e4jillekin. Vakaa tuntuma ja maastohiihtoa muistuttava hiihtokokemus tekev\u00e4t Elpex Wasasta t\u00e4ydellisen kumppanin maantielle.   <\/p>\n<p data-start=\"460\" data-end=\"506\"><strong data-start=\"460\" data-end=\"477\">Hiiht\u00e4j\u00e4tyyppi:<\/strong> Aloittelijat ja kokeneet hiiht\u00e4j\u00e4t.<\/p>\n<p data-start=\"508\" data-end=\"525\"><strong data-start=\"508\" data-end=\"525\">Uutta vuodelle 2026:<\/strong><\/p>\n<ul>\n<li data-start=\"529\" data-end=\"576\">Parempi py\u00f6rien s\u00e4\u00e4t\u00f6 ja istuvuus haarukoissa<\/li>\n<li data-start=\"579\" data-end=\"629\">Tumman sinkki-nikkelipinnoite ruuveissa ja pulteissa<\/li>\n<li data-start=\"632\" data-end=\"658\">Parannettu kulutuskest\u00e4vyys rungon silkkipainatuksessa<\/li>\n<\/ul>\n<p data-pm-slice=\"1 1 []\">\n","protected":false},"excerpt":{"rendered":"<p>Alkuper\u00e4inen, jonka juuret ulottuvat 80-luvulle! Maailman myydyin rullahiihto? T\u00e4m\u00e4 on malli, joka on ollut valikoimassa pisimp\u00e4\u00e4n syyst\u00e4: se on eritt\u00e4in hyv\u00e4. Leve\u00e4t py\u00f6r\u00e4t takaavat vakauden ja runko tarjoaa kohtuullisen painon. <\/p>\n","protected":false},"featured_media":14369,"template":"","meta":[],"product_brand":[],"product_cat":[142,141,143],"product_tag":[514],"class_list":{"0":"post-6826","1":"product","2":"type-product","3":"status-publish","4":"has-post-thumbnail","6":"product_cat-klassinen","7":"product_cat-rullaluistimet","8":"product_cat-suosittuja-tuotteita","9":"product_tag-aloittelija","11":"first","12":"instock","13":"taxable","14":"shipping-taxable","15":"purchasable","16":"product-type-variable"},"composite_virtual":false,"composite_layout":"","composite_add_to_cart_form_location":"","composite_editable_in_cart":false,"composite_sold_individually_context":"","composite_shop_price_calc":"","composite_components":[],"composite_scenarios":[],"yoast_head":"<!-- This site is optimized with the Yoast SEO plugin v27.4 - https:\/\/yoast.com\/product\/yoast-seo-wordpress\/ -->\n<title>Classic Wasa - Elpex<\/title>\n<meta name=\"robots\" content=\"index, follow, max-snippet:-1, max-image-preview:large, max-video-preview:-1\" \/>\n<link rel=\"canonical\" href=\"https:\/\/www.elpex.se\/fi\/produkt\/classic-wasa\/\" \/>\n<meta property=\"og:locale\" content=\"fi_FI\" \/>\n<meta property=\"og:type\" content=\"article\" \/>\n<meta property=\"og:title\" content=\"Classic Wasa - Elpex\" \/>\n<meta property=\"og:description\" content=\"Alkuper\u00e4inen, jonka juuret ulottuvat 80-luvulle! Maailman myydyin rullahiihto? T\u00e4m\u00e4 on malli, joka on ollut valikoimassa pisimp\u00e4\u00e4n syyst\u00e4: se on eritt\u00e4in hyv\u00e4. Leve\u00e4t py\u00f6r\u00e4t takaavat vakauden ja runko tarjoaa kohtuullisen painon.\" \/>\n<meta property=\"og:url\" content=\"https:\/\/www.elpex.se\/fi\/produkt\/classic-wasa\/\" \/>\n<meta property=\"og:site_name\" content=\"Elpex\" \/>\n<meta property=\"article:publisher\" content=\"https:\/\/www.facebook.com\/www.elpex.se\/?locale=sv_SE\" \/>\n<meta property=\"article:modified_time\" content=\"2026-02-24T15:23:43+00:00\" \/>\n<meta property=\"og:image\" content=\"https:\/\/www.elpex.se\/wp-content\/uploads\/2024\/10\/Elpex_Classic-Wasa_2-scaled.jpg.webp\" \/>\n\t<meta property=\"og:image:width\" content=\"1907\" \/>\n\t<meta property=\"og:image:height\" content=\"2560\" \/>\n\t<meta property=\"og:image:type\" content=\"image\/jpeg\" \/>\n<meta name=\"twitter:card\" content=\"summary_large_image\" \/>\n<script type=\"application\/ld+json\" class=\"yoast-schema-graph\">{\"@context\":\"https:\\\/\\\/schema.org\",\"@graph\":[{\"@type\":\"WebPage\",\"@id\":\"https:\\\/\\\/www.elpex.se\\\/fi\\\/produkt\\\/classic-wasa\\\/\",\"url\":\"https:\\\/\\\/www.elpex.se\\\/fi\\\/produkt\\\/classic-wasa\\\/\",\"name\":\"Classic Wasa - Elpex\",\"isPartOf\":{\"@id\":\"https:\\\/\\\/www.elpex.se\\\/fi\\\/#website\"},\"primaryImageOfPage\":{\"@id\":\"https:\\\/\\\/www.elpex.se\\\/fi\\\/produkt\\\/classic-wasa\\\/#primaryimage\"},\"image\":{\"@id\":\"https:\\\/\\\/www.elpex.se\\\/fi\\\/produkt\\\/classic-wasa\\\/#primaryimage\"},\"thumbnailUrl\":\"https:\\\/\\\/www.elpex.se\\\/wp-content\\\/uploads\\\/2024\\\/10\\\/Classic-Wasa-Camera-18.png\",\"datePublished\":\"2024-10-24T14:09:57+00:00\",\"dateModified\":\"2026-02-24T15:23:43+00:00\",\"breadcrumb\":{\"@id\":\"https:\\\/\\\/www.elpex.se\\\/fi\\\/produkt\\\/classic-wasa\\\/#breadcrumb\"},\"inLanguage\":\"fi\",\"potentialAction\":[{\"@type\":\"ReadAction\",\"target\":[\"https:\\\/\\\/www.elpex.se\\\/fi\\\/produkt\\\/classic-wasa\\\/\"]}]},{\"@type\":\"ImageObject\",\"inLanguage\":\"fi\",\"@id\":\"https:\\\/\\\/www.elpex.se\\\/fi\\\/produkt\\\/classic-wasa\\\/#primaryimage\",\"url\":\"https:\\\/\\\/www.elpex.se\\\/wp-content\\\/uploads\\\/2024\\\/10\\\/Classic-Wasa-Camera-18.png\",\"contentUrl\":\"https:\\\/\\\/www.elpex.se\\\/wp-content\\\/uploads\\\/2024\\\/10\\\/Classic-Wasa-Camera-18.png\",\"width\":1080,\"height\":1350},{\"@type\":\"BreadcrumbList\",\"@id\":\"https:\\\/\\\/www.elpex.se\\\/fi\\\/produkt\\\/classic-wasa\\\/#breadcrumb\",\"itemListElement\":[{\"@type\":\"ListItem\",\"position\":1,\"name\":\"Hem\",\"item\":\"https:\\\/\\\/www.elpex.se\\\/fi\\\/\"},{\"@type\":\"ListItem\",\"position\":2,\"name\":\"Rullahiihtosukset ja tarvikkeet\",\"item\":\"https:\\\/\\\/www.elpex.se\\\/fi\\\/shop\\\/\"},{\"@type\":\"ListItem\",\"position\":3,\"name\":\"Classic Wasa\"}]},{\"@type\":\"WebSite\",\"@id\":\"https:\\\/\\\/www.elpex.se\\\/fi\\\/#website\",\"url\":\"https:\\\/\\\/www.elpex.se\\\/fi\\\/\",\"name\":\"Elpex\",\"description\":\"\",\"publisher\":{\"@id\":\"https:\\\/\\\/www.elpex.se\\\/fi\\\/#organization\"},\"potentialAction\":[{\"@type\":\"SearchAction\",\"target\":{\"@type\":\"EntryPoint\",\"urlTemplate\":\"https:\\\/\\\/www.elpex.se\\\/fi\\\/?s={search_term_string}\"},\"query-input\":{\"@type\":\"PropertyValueSpecification\",\"valueRequired\":true,\"valueName\":\"search_term_string\"}}],\"inLanguage\":\"fi\"},{\"@type\":\"Organization\",\"@id\":\"https:\\\/\\\/www.elpex.se\\\/fi\\\/#organization\",\"name\":\"Elpex\",\"url\":\"https:\\\/\\\/www.elpex.se\\\/fi\\\/\",\"logo\":{\"@type\":\"ImageObject\",\"inLanguage\":\"fi\",\"@id\":\"https:\\\/\\\/www.elpex.se\\\/fi\\\/#\\\/schema\\\/logo\\\/image\\\/\",\"url\":\"https:\\\/\\\/www.elpex.se\\\/wp-content\\\/uploads\\\/2024\\\/11\\\/Elpex-logo_svart.svg\",\"contentUrl\":\"https:\\\/\\\/www.elpex.se\\\/wp-content\\\/uploads\\\/2024\\\/11\\\/Elpex-logo_svart.svg\",\"caption\":\"Elpex\"},\"image\":{\"@id\":\"https:\\\/\\\/www.elpex.se\\\/fi\\\/#\\\/schema\\\/logo\\\/image\\\/\"},\"sameAs\":[\"https:\\\/\\\/www.facebook.com\\\/www.elpex.se\\\/?locale=sv_SE\",\"https:\\\/\\\/www.instagram.com\\\/elpexrollerskis\\\/\"]}]}<\/script>\n<!-- \/ Yoast SEO plugin. -->","yoast_head_json":{"title":"Classic Wasa - Elpex","robots":{"index":"index","follow":"follow","max-snippet":"max-snippet:-1","max-image-preview":"max-image-preview:large","max-video-preview":"max-video-preview:-1"},"canonical":"https:\/\/www.elpex.se\/fi\/produkt\/classic-wasa\/","og_locale":"fi_FI","og_type":"article","og_title":"Classic Wasa - Elpex","og_description":"Alkuper\u00e4inen, jonka juuret ulottuvat 80-luvulle! Maailman myydyin rullahiihto? T\u00e4m\u00e4 on malli, joka on ollut valikoimassa pisimp\u00e4\u00e4n syyst\u00e4: se on eritt\u00e4in hyv\u00e4. Leve\u00e4t py\u00f6r\u00e4t takaavat vakauden ja runko tarjoaa kohtuullisen painon.","og_url":"https:\/\/www.elpex.se\/fi\/produkt\/classic-wasa\/","og_site_name":"Elpex","article_publisher":"https:\/\/www.facebook.com\/www.elpex.se\/?locale=sv_SE","article_modified_time":"2026-02-24T15:23:43+00:00","og_image":[{"width":1907,"height":2560,"url":"https:\/\/www.elpex.se\/wp-content\/uploads\/2024\/10\/Elpex_Classic-Wasa_2-scaled.jpg.webp","type":"image\/jpeg"}],"twitter_card":"summary_large_image","schema":{"@context":"https:\/\/schema.org","@graph":[{"@type":"WebPage","@id":"https:\/\/www.elpex.se\/fi\/produkt\/classic-wasa\/","url":"https:\/\/www.elpex.se\/fi\/produkt\/classic-wasa\/","name":"Classic Wasa - Elpex","isPartOf":{"@id":"https:\/\/www.elpex.se\/fi\/#website"},"primaryImageOfPage":{"@id":"https:\/\/www.elpex.se\/fi\/produkt\/classic-wasa\/#primaryimage"},"image":{"@id":"https:\/\/www.elpex.se\/fi\/produkt\/classic-wasa\/#primaryimage"},"thumbnailUrl":"https:\/\/www.elpex.se\/wp-content\/uploads\/2024\/10\/Classic-Wasa-Camera-18.png","datePublished":"2024-10-24T14:09:57+00:00","dateModified":"2026-02-24T15:23:43+00:00","breadcrumb":{"@id":"https:\/\/www.elpex.se\/fi\/produkt\/classic-wasa\/#breadcrumb"},"inLanguage":"fi","potentialAction":[{"@type":"ReadAction","target":["https:\/\/www.elpex.se\/fi\/produkt\/classic-wasa\/"]}]},{"@type":"ImageObject","inLanguage":"fi","@id":"https:\/\/www.elpex.se\/fi\/produkt\/classic-wasa\/#primaryimage","url":"https:\/\/www.elpex.se\/wp-content\/uploads\/2024\/10\/Classic-Wasa-Camera-18.png","contentUrl":"https:\/\/www.elpex.se\/wp-content\/uploads\/2024\/10\/Classic-Wasa-Camera-18.png","width":1080,"height":1350},{"@type":"BreadcrumbList","@id":"https:\/\/www.elpex.se\/fi\/produkt\/classic-wasa\/#breadcrumb","itemListElement":[{"@type":"ListItem","position":1,"name":"Hem","item":"https:\/\/www.elpex.se\/fi\/"},{"@type":"ListItem","position":2,"name":"Rullahiihtosukset ja tarvikkeet","item":"https:\/\/www.elpex.se\/fi\/shop\/"},{"@type":"ListItem","position":3,"name":"Classic Wasa"}]},{"@type":"WebSite","@id":"https:\/\/www.elpex.se\/fi\/#website","url":"https:\/\/www.elpex.se\/fi\/","name":"Elpex","description":"","publisher":{"@id":"https:\/\/www.elpex.se\/fi\/#organization"},"potentialAction":[{"@type":"SearchAction","target":{"@type":"EntryPoint","urlTemplate":"https:\/\/www.elpex.se\/fi\/?s={search_term_string}"},"query-input":{"@type":"PropertyValueSpecification","valueRequired":true,"valueName":"search_term_string"}}],"inLanguage":"fi"},{"@type":"Organization","@id":"https:\/\/www.elpex.se\/fi\/#organization","name":"Elpex","url":"https:\/\/www.elpex.se\/fi\/","logo":{"@type":"ImageObject","inLanguage":"fi","@id":"https:\/\/www.elpex.se\/fi\/#\/schema\/logo\/image\/","url":"https:\/\/www.elpex.se\/wp-content\/uploads\/2024\/11\/Elpex-logo_svart.svg","contentUrl":"https:\/\/www.elpex.se\/wp-content\/uploads\/2024\/11\/Elpex-logo_svart.svg","caption":"Elpex"},"image":{"@id":"https:\/\/www.elpex.se\/fi\/#\/schema\/logo\/image\/"},"sameAs":["https:\/\/www.facebook.com\/www.elpex.se\/?locale=sv_SE","https:\/\/www.instagram.com\/elpexrollerskis\/"]}]}},"_links":{"self":[{"href":"https:\/\/www.elpex.se\/fi\/wp-json\/wp\/v2\/product\/6826","targetHints":{"allow":["GET"]}}],"collection":[{"href":"https:\/\/www.elpex.se\/fi\/wp-json\/wp\/v2\/product"}],"about":[{"href":"https:\/\/www.elpex.se\/fi\/wp-json\/wp\/v2\/types\/product"}],"wp:featuredmedia":[{"embeddable":true,"href":"https:\/\/www.elpex.se\/fi\/wp-json\/wp\/v2\/media\/14369"}],"wp:attachment":[{"href":"https:\/\/www.elpex.se\/fi\/wp-json\/wp\/v2\/media?parent=6826"}],"wp:term":[{"taxonomy":"product_brand","embeddable":true,"href":"https:\/\/www.elpex.se\/fi\/wp-json\/wp\/v2\/product_brand?post=6826"},{"taxonomy":"product_cat","embeddable":true,"href":"https:\/\/www.elpex.se\/fi\/wp-json\/wp\/v2\/product_cat?post=6826"},{"taxonomy":"product_tag","embeddable":true,"href":"https:\/\/www.elpex.se\/fi\/wp-json\/wp\/v2\/product_tag?post=6826"}],"curies":[{"name":"wp","href":"https:\/\/api.w.org\/{rel}","templated":true}]}}