{"id":5908,"date":"2025-01-22T12:44:47","date_gmt":"2025-01-22T12:44:47","guid":{"rendered":"https:\/\/www.elpex.se\/?post_type=product&#038;p=5908"},"modified":"2026-03-03T10:20:55","modified_gmt":"2026-03-03T10:20:55","slug":"takapyora-40mm","status":"publish","type":"product","link":"https:\/\/www.elpex.se\/fi\/produkt\/takapyora-40mm\/","title":{"rendered":"Takapy\u00f6r\u00e4 40mm"},"content":{"rendered":"<div class=\"component_description_wrapper\">\n<div class=\"component_description\">\n<p><strong>Tekniset tiedot:<\/strong><\/p>\n<ul>\n<li>Py\u00f6r\u00e4n leveys: 40mm<\/li>\n<li>Py\u00f6r\u00e4n halkaisija: 70mm<\/li>\n<\/ul>\n<p><strong>Yhteensopiva:<\/strong> Classic Team, Classic DP (etu), Classic Junior, Team 480, Team 610, Team 610 NIS, Wasa Evolution X, Wasa Evolution Y<\/p>\n<p>Aloita valitsemalla vierint\u00e4vastus.<\/p>\n<ul>\n<li>(2): Rullahiihtokilpailuissa k\u00e4ytetty vakiopy\u00f6r\u00e4 ja vierint\u00e4vastus. Sopii aloittelijoille, kuntoilijoille mutta my\u00f6s niille, jotka haluavat harjoitella kevyemm\u00e4ll\u00e4 vierint\u00e4vastuksella. <\/li>\n<li>(3): Suurempi vierint\u00e4vastus. Sopii niille, jotka haluavat vied\u00e4 harjoittelunsa seuraavalle tasolle ja haluavat enemm\u00e4n haastetta. <\/li>\n<li>(4): raskain vierint\u00e4vastuksemme. T\u00e4m\u00e4 on tarkoitettu niille, jotka ovat hiiht\u00e4neet paljon vastuksella 3, mutta kokevat sen rullaavan liian helposti. <\/li>\n<\/ul>\n<p>Seuraavaksi voit valita, mitk\u00e4 etu-\/takapy\u00f6r\u00e4t haluat ostaa.<\/p>\n<ul>\n<li>T\u00e4ydelliset py\u00f6r\u00e4mme sis\u00e4lt\u00e4v\u00e4t akselin, kuulalaakerin ja py\u00f6r\u00e4n.<\/li>\n<li>Tyhj\u00e4t py\u00f6r\u00e4t sopivat niille, jotka haluavat vaihtaa vain itse renkaiden kumin mutta k\u00e4ytt\u00e4\u00e4 akselin ja kuulalaakerit uudelleen.<\/li>\n<\/ul>\n<\/div>\n<\/div>\n","protected":false},"excerpt":{"rendered":"<p>Tekniset tiedot: Py\u00f6r\u00e4n leveys: 40mm Py\u00f6r\u00e4n halkaisija: 70mm Yhteensopiva: Classic Team, Classic DP (etu), Classic Junior, Team 480, Team 610, Team 610 NIS, Wasa Evolution X, Wasa Evolution Y Aloita valitsemalla vierint\u00e4vastus. (2): Rullahiihtokilpailuissa k\u00e4ytetty vakiopy\u00f6r\u00e4 ja vierint\u00e4vastus. Sopii aloittelijoille, kuntoilijoille mutta my\u00f6s niille, jotka [&hellip;]<\/p>\n","protected":false},"featured_media":11049,"template":"","meta":[],"product_brand":[],"product_cat":[162,415],"product_tag":[],"class_list":{"0":"post-5908","1":"product","2":"type-product","3":"status-publish","4":"has-post-thumbnail","6":"product_cat-pyorat","7":"product_cat-varaosat","9":"first","10":"instock","11":"taxable","12":"shipping-taxable","13":"purchasable","14":"product-type-variable"},"composite_virtual":false,"composite_layout":"","composite_add_to_cart_form_location":"","composite_editable_in_cart":false,"composite_sold_individually_context":"","composite_shop_price_calc":"","composite_components":[],"composite_scenarios":[],"yoast_head":"<!-- This site is optimized with the Yoast SEO plugin v27.4 - https:\/\/yoast.com\/product\/yoast-seo-wordpress\/ -->\n<title>Takapy\u00f6r\u00e4 40mm - Elpex<\/title>\n<meta name=\"robots\" content=\"index, follow, max-snippet:-1, max-image-preview:large, max-video-preview:-1\" \/>\n<link rel=\"canonical\" href=\"https:\/\/www.elpex.se\/fi\/produkt\/takapyora-40mm\/\" \/>\n<meta property=\"og:locale\" content=\"fi_FI\" \/>\n<meta property=\"og:type\" content=\"article\" \/>\n<meta property=\"og:title\" content=\"Takapy\u00f6r\u00e4 40mm - Elpex\" \/>\n<meta property=\"og:description\" content=\"Tekniset tiedot: Py\u00f6r\u00e4n leveys: 40mm Py\u00f6r\u00e4n halkaisija: 70mm Yhteensopiva: Classic Team, Classic DP (etu), Classic Junior, Team 480, Team 610, Team 610 NIS, Wasa Evolution X, Wasa Evolution Y Aloita valitsemalla vierint\u00e4vastus. (2): Rullahiihtokilpailuissa k\u00e4ytetty vakiopy\u00f6r\u00e4 ja vierint\u00e4vastus. Sopii aloittelijoille, kuntoilijoille mutta my\u00f6s niille, jotka [&hellip;]\" \/>\n<meta property=\"og:url\" content=\"https:\/\/www.elpex.se\/fi\/produkt\/takapyora-40mm\/\" \/>\n<meta property=\"og:site_name\" content=\"Elpex\" \/>\n<meta property=\"article:publisher\" content=\"https:\/\/www.facebook.com\/www.elpex.se\/?locale=sv_SE\" \/>\n<meta property=\"article:modified_time\" content=\"2026-03-03T10:20:55+00:00\" \/>\n<meta property=\"og:image\" content=\"https:\/\/www.elpex.se\/wp-content\/uploads\/2025\/01\/07_Dack_med_hjullager_TransparentBG.jpg.webp\" \/>\n\t<meta property=\"og:image:width\" content=\"1920\" \/>\n\t<meta property=\"og:image:height\" content=\"1920\" \/>\n\t<meta property=\"og:image:type\" content=\"image\/jpeg\" \/>\n<meta name=\"twitter:card\" content=\"summary_large_image\" \/>\n<meta name=\"twitter:label1\" content=\"Arvioitu lukuaika\" \/>\n\t<meta name=\"twitter:data1\" content=\"2 minuuttia\" \/>\n<script type=\"application\/ld+json\" class=\"yoast-schema-graph\">{\"@context\":\"https:\\\/\\\/schema.org\",\"@graph\":[{\"@type\":\"WebPage\",\"@id\":\"https:\\\/\\\/www.elpex.se\\\/fi\\\/produkt\\\/takapyora-40mm\\\/\",\"url\":\"https:\\\/\\\/www.elpex.se\\\/fi\\\/produkt\\\/takapyora-40mm\\\/\",\"name\":\"Takapy\u00f6r\u00e4 40mm - Elpex\",\"isPartOf\":{\"@id\":\"https:\\\/\\\/www.elpex.se\\\/fi\\\/#website\"},\"primaryImageOfPage\":{\"@id\":\"https:\\\/\\\/www.elpex.se\\\/fi\\\/produkt\\\/takapyora-40mm\\\/#primaryimage\"},\"image\":{\"@id\":\"https:\\\/\\\/www.elpex.se\\\/fi\\\/produkt\\\/takapyora-40mm\\\/#primaryimage\"},\"thumbnailUrl\":\"https:\\\/\\\/www.elpex.se\\\/wp-content\\\/uploads\\\/2025\\\/01\\\/07_Dack_med_hjullager_TransparentBG.jpg.webp\",\"datePublished\":\"2025-01-22T12:44:47+00:00\",\"dateModified\":\"2026-03-03T10:20:55+00:00\",\"breadcrumb\":{\"@id\":\"https:\\\/\\\/www.elpex.se\\\/fi\\\/produkt\\\/takapyora-40mm\\\/#breadcrumb\"},\"inLanguage\":\"fi\",\"potentialAction\":[{\"@type\":\"ReadAction\",\"target\":[\"https:\\\/\\\/www.elpex.se\\\/fi\\\/produkt\\\/takapyora-40mm\\\/\"]}]},{\"@type\":\"ImageObject\",\"inLanguage\":\"fi\",\"@id\":\"https:\\\/\\\/www.elpex.se\\\/fi\\\/produkt\\\/takapyora-40mm\\\/#primaryimage\",\"url\":\"https:\\\/\\\/www.elpex.se\\\/wp-content\\\/uploads\\\/2025\\\/01\\\/07_Dack_med_hjullager_TransparentBG.jpg.webp\",\"contentUrl\":\"https:\\\/\\\/www.elpex.se\\\/wp-content\\\/uploads\\\/2025\\\/01\\\/07_Dack_med_hjullager_TransparentBG.jpg.webp\",\"width\":1920,\"height\":1920},{\"@type\":\"BreadcrumbList\",\"@id\":\"https:\\\/\\\/www.elpex.se\\\/fi\\\/produkt\\\/takapyora-40mm\\\/#breadcrumb\",\"itemListElement\":[{\"@type\":\"ListItem\",\"position\":1,\"name\":\"Hem\",\"item\":\"https:\\\/\\\/www.elpex.se\\\/fi\\\/\"},{\"@type\":\"ListItem\",\"position\":2,\"name\":\"Rullahiihtosukset ja tarvikkeet\",\"item\":\"https:\\\/\\\/www.elpex.se\\\/fi\\\/shop\\\/\"},{\"@type\":\"ListItem\",\"position\":3,\"name\":\"Takapy\u00f6r\u00e4 40mm\"}]},{\"@type\":\"WebSite\",\"@id\":\"https:\\\/\\\/www.elpex.se\\\/fi\\\/#website\",\"url\":\"https:\\\/\\\/www.elpex.se\\\/fi\\\/\",\"name\":\"Elpex\",\"description\":\"\",\"publisher\":{\"@id\":\"https:\\\/\\\/www.elpex.se\\\/fi\\\/#organization\"},\"potentialAction\":[{\"@type\":\"SearchAction\",\"target\":{\"@type\":\"EntryPoint\",\"urlTemplate\":\"https:\\\/\\\/www.elpex.se\\\/fi\\\/?s={search_term_string}\"},\"query-input\":{\"@type\":\"PropertyValueSpecification\",\"valueRequired\":true,\"valueName\":\"search_term_string\"}}],\"inLanguage\":\"fi\"},{\"@type\":\"Organization\",\"@id\":\"https:\\\/\\\/www.elpex.se\\\/fi\\\/#organization\",\"name\":\"Elpex\",\"url\":\"https:\\\/\\\/www.elpex.se\\\/fi\\\/\",\"logo\":{\"@type\":\"ImageObject\",\"inLanguage\":\"fi\",\"@id\":\"https:\\\/\\\/www.elpex.se\\\/fi\\\/#\\\/schema\\\/logo\\\/image\\\/\",\"url\":\"https:\\\/\\\/www.elpex.se\\\/wp-content\\\/uploads\\\/2024\\\/11\\\/Elpex-logo_svart.svg\",\"contentUrl\":\"https:\\\/\\\/www.elpex.se\\\/wp-content\\\/uploads\\\/2024\\\/11\\\/Elpex-logo_svart.svg\",\"caption\":\"Elpex\"},\"image\":{\"@id\":\"https:\\\/\\\/www.elpex.se\\\/fi\\\/#\\\/schema\\\/logo\\\/image\\\/\"},\"sameAs\":[\"https:\\\/\\\/www.facebook.com\\\/www.elpex.se\\\/?locale=sv_SE\",\"https:\\\/\\\/www.instagram.com\\\/elpexrollerskis\\\/\"]}]}<\/script>\n<!-- \/ Yoast SEO plugin. -->","yoast_head_json":{"title":"Takapy\u00f6r\u00e4 40mm - Elpex","robots":{"index":"index","follow":"follow","max-snippet":"max-snippet:-1","max-image-preview":"max-image-preview:large","max-video-preview":"max-video-preview:-1"},"canonical":"https:\/\/www.elpex.se\/fi\/produkt\/takapyora-40mm\/","og_locale":"fi_FI","og_type":"article","og_title":"Takapy\u00f6r\u00e4 40mm - Elpex","og_description":"Tekniset tiedot: Py\u00f6r\u00e4n leveys: 40mm Py\u00f6r\u00e4n halkaisija: 70mm Yhteensopiva: Classic Team, Classic DP (etu), Classic Junior, Team 480, Team 610, Team 610 NIS, Wasa Evolution X, Wasa Evolution Y Aloita valitsemalla vierint\u00e4vastus. (2): Rullahiihtokilpailuissa k\u00e4ytetty vakiopy\u00f6r\u00e4 ja vierint\u00e4vastus. Sopii aloittelijoille, kuntoilijoille mutta my\u00f6s niille, jotka [&hellip;]","og_url":"https:\/\/www.elpex.se\/fi\/produkt\/takapyora-40mm\/","og_site_name":"Elpex","article_publisher":"https:\/\/www.facebook.com\/www.elpex.se\/?locale=sv_SE","article_modified_time":"2026-03-03T10:20:55+00:00","og_image":[{"width":1920,"height":1920,"url":"https:\/\/www.elpex.se\/wp-content\/uploads\/2025\/01\/07_Dack_med_hjullager_TransparentBG.jpg.webp","type":"image\/jpeg"}],"twitter_card":"summary_large_image","twitter_misc":{"Arvioitu lukuaika":"2 minuuttia"},"schema":{"@context":"https:\/\/schema.org","@graph":[{"@type":"WebPage","@id":"https:\/\/www.elpex.se\/fi\/produkt\/takapyora-40mm\/","url":"https:\/\/www.elpex.se\/fi\/produkt\/takapyora-40mm\/","name":"Takapy\u00f6r\u00e4 40mm - Elpex","isPartOf":{"@id":"https:\/\/www.elpex.se\/fi\/#website"},"primaryImageOfPage":{"@id":"https:\/\/www.elpex.se\/fi\/produkt\/takapyora-40mm\/#primaryimage"},"image":{"@id":"https:\/\/www.elpex.se\/fi\/produkt\/takapyora-40mm\/#primaryimage"},"thumbnailUrl":"https:\/\/www.elpex.se\/wp-content\/uploads\/2025\/01\/07_Dack_med_hjullager_TransparentBG.jpg.webp","datePublished":"2025-01-22T12:44:47+00:00","dateModified":"2026-03-03T10:20:55+00:00","breadcrumb":{"@id":"https:\/\/www.elpex.se\/fi\/produkt\/takapyora-40mm\/#breadcrumb"},"inLanguage":"fi","potentialAction":[{"@type":"ReadAction","target":["https:\/\/www.elpex.se\/fi\/produkt\/takapyora-40mm\/"]}]},{"@type":"ImageObject","inLanguage":"fi","@id":"https:\/\/www.elpex.se\/fi\/produkt\/takapyora-40mm\/#primaryimage","url":"https:\/\/www.elpex.se\/wp-content\/uploads\/2025\/01\/07_Dack_med_hjullager_TransparentBG.jpg.webp","contentUrl":"https:\/\/www.elpex.se\/wp-content\/uploads\/2025\/01\/07_Dack_med_hjullager_TransparentBG.jpg.webp","width":1920,"height":1920},{"@type":"BreadcrumbList","@id":"https:\/\/www.elpex.se\/fi\/produkt\/takapyora-40mm\/#breadcrumb","itemListElement":[{"@type":"ListItem","position":1,"name":"Hem","item":"https:\/\/www.elpex.se\/fi\/"},{"@type":"ListItem","position":2,"name":"Rullahiihtosukset ja tarvikkeet","item":"https:\/\/www.elpex.se\/fi\/shop\/"},{"@type":"ListItem","position":3,"name":"Takapy\u00f6r\u00e4 40mm"}]},{"@type":"WebSite","@id":"https:\/\/www.elpex.se\/fi\/#website","url":"https:\/\/www.elpex.se\/fi\/","name":"Elpex","description":"","publisher":{"@id":"https:\/\/www.elpex.se\/fi\/#organization"},"potentialAction":[{"@type":"SearchAction","target":{"@type":"EntryPoint","urlTemplate":"https:\/\/www.elpex.se\/fi\/?s={search_term_string}"},"query-input":{"@type":"PropertyValueSpecification","valueRequired":true,"valueName":"search_term_string"}}],"inLanguage":"fi"},{"@type":"Organization","@id":"https:\/\/www.elpex.se\/fi\/#organization","name":"Elpex","url":"https:\/\/www.elpex.se\/fi\/","logo":{"@type":"ImageObject","inLanguage":"fi","@id":"https:\/\/www.elpex.se\/fi\/#\/schema\/logo\/image\/","url":"https:\/\/www.elpex.se\/wp-content\/uploads\/2024\/11\/Elpex-logo_svart.svg","contentUrl":"https:\/\/www.elpex.se\/wp-content\/uploads\/2024\/11\/Elpex-logo_svart.svg","caption":"Elpex"},"image":{"@id":"https:\/\/www.elpex.se\/fi\/#\/schema\/logo\/image\/"},"sameAs":["https:\/\/www.facebook.com\/www.elpex.se\/?locale=sv_SE","https:\/\/www.instagram.com\/elpexrollerskis\/"]}]}},"_links":{"self":[{"href":"https:\/\/www.elpex.se\/fi\/wp-json\/wp\/v2\/product\/5908","targetHints":{"allow":["GET"]}}],"collection":[{"href":"https:\/\/www.elpex.se\/fi\/wp-json\/wp\/v2\/product"}],"about":[{"href":"https:\/\/www.elpex.se\/fi\/wp-json\/wp\/v2\/types\/product"}],"wp:featuredmedia":[{"embeddable":true,"href":"https:\/\/www.elpex.se\/fi\/wp-json\/wp\/v2\/media\/11049"}],"wp:attachment":[{"href":"https:\/\/www.elpex.se\/fi\/wp-json\/wp\/v2\/media?parent=5908"}],"wp:term":[{"taxonomy":"product_brand","embeddable":true,"href":"https:\/\/www.elpex.se\/fi\/wp-json\/wp\/v2\/product_brand?post=5908"},{"taxonomy":"product_cat","embeddable":true,"href":"https:\/\/www.elpex.se\/fi\/wp-json\/wp\/v2\/product_cat?post=5908"},{"taxonomy":"product_tag","embeddable":true,"href":"https:\/\/www.elpex.se\/fi\/wp-json\/wp\/v2\/product_tag?post=5908"}],"curies":[{"name":"wp","href":"https:\/\/api.w.org\/{rel}","templated":true}]}}