{"id":3718,"date":"2024-11-26T10:10:10","date_gmt":"2024-11-26T10:10:10","guid":{"rendered":"https:\/\/www.elpex.se\/produkt\/pyora-24mm\/"},"modified":"2026-04-08T07:14:49","modified_gmt":"2026-04-08T07:14:49","slug":"pyora-24mm","status":"publish","type":"product","link":"https:\/\/www.elpex.se\/fi\/produkt\/pyora-24mm\/","title":{"rendered":"Py\u00f6r\u00e4 24mm"},"content":{"rendered":"<p><strong>Tekniset tiedot:<\/strong><\/p>\n<ul>\n<li>Py\u00f6r\u00e4n leveys: 24 mm<\/li>\n<li>Py\u00f6r\u00e4n halkaisija: 100 mm<\/li>\n<\/ul>\n<p><strong>Vierint\u00e4vastus:<\/strong><\/p>\n<ul>\n<li aria-level=\"1\"><b>(PU2):<\/b> Kest\u00e4v\u00e4 polyuretaanipy\u00f6r\u00e4 vierint\u00e4vastustasolla 2. Tarjoaa tarkan pidon ja vakaan suorituskyvyn sek\u00e4 kuivalla ett\u00e4 m\u00e4r\u00e4ll\u00e4 asfaltilla tuntumatta svampimaiselta. Luotettava valinta sek\u00e4 harjoitteluun ett\u00e4 kilpailuun.   N\u00e4iss\u00e4 py\u00f6riss\u00e4 on kiilt\u00e4v\u00e4 alumiinivanne.<\/li>\n<li aria-level=\"1\"><b>(Premium 2):<\/b> Premium-kumiseoksesta valmistetut py\u00f6r\u00e4mme tarjoavat tasaisen vierint\u00e4vastuksen (taso 2), erinomaisen m\u00e4rk\u00e4pidon ja korkean kulutuskest\u00e4vyyden. Hiiht\u00e4jille, jotka vaativat samanlaista tuntumaa kaikissa l\u00e4mp\u00f6tiloissa.  N\u00e4iss\u00e4 py\u00f6riss\u00e4 on vaaleanharmaa muovivanne.<\/li>\n<li><b>(Premium 3):<\/b> Rakennettu samalla premium-teknologialla kuin Premium 2, mutta korkeammalla vierint\u00e4vastuksella. Sopii sinulle, joka haluat vied\u00e4 harjoittelusi seuraavalle tasolle ja kaipaat enemm\u00e4n haastetta \u2013 ihanteellinen voimaharjoitteluun ja raskaampiin treeneihin.  N\u00e4iss\u00e4 py\u00f6riss\u00e4 on tummanharmaa muovivanne.<\/li>\n<\/ul>\n<p><strong>Vaihtoehdot:<\/strong><\/p>\n<ul>\n<li>Tyhj\u00e4 py\u00f6r\u00e4: Pelkk\u00e4 py\u00f6r\u00e4. Akselilla ja lis\u00e4varusteilla t\u00e4st\u00e4 py\u00f6r\u00e4st\u00e4 tulee t\u00e4ydellinen etupy\u00f6r\u00e4. <\/li>\n<li>T\u00e4ydellinen py\u00f6r\u00e4: Py\u00f6r\u00e4, jossa on kaikki tarvittavat komponentit (kuten akseli, v\u00e4likappale ja kuulalaakerit) asennusta ja hiihtoa varten.<\/li>\n<\/ul>\n<p><strong>Yhteensopiva:<\/strong><\/p>\n<ul>\n<li>Skate Race<\/li>\n<li>Skate Stride<\/li>\n<li>Skate Junior<\/li>\n<\/ul>\n","protected":false},"excerpt":{"rendered":"<p>Skate-py\u00f6r\u00e4, joka sopii Skate Race-, Skate Stride- ja Skate Junior -malleihin.<\/p>\n","protected":false},"featured_media":3721,"template":"","meta":[],"product_brand":[],"product_cat":[162,415],"product_tag":[],"class_list":{"0":"post-3718","1":"product","2":"type-product","3":"status-publish","4":"has-post-thumbnail","6":"product_cat-pyorat","7":"product_cat-varaosat","9":"first","10":"instock","11":"taxable","12":"shipping-taxable","13":"purchasable","14":"product-type-variable","15":"has-default-attributes"},"composite_virtual":false,"composite_layout":"","composite_add_to_cart_form_location":"","composite_editable_in_cart":false,"composite_sold_individually_context":"","composite_shop_price_calc":"","composite_components":[],"composite_scenarios":[],"yoast_head":"<!-- This site is optimized with the Yoast SEO plugin v27.4 - https:\/\/yoast.com\/product\/yoast-seo-wordpress\/ -->\n<title>Py\u00f6r\u00e4 24mm - Elpex<\/title>\n<meta name=\"description\" content=\"24 mm py\u00f6r\u00e4t, jotka sopivat Skate Race ja F1 Pro\" \/>\n<meta name=\"robots\" content=\"index, follow, max-snippet:-1, max-image-preview:large, max-video-preview:-1\" \/>\n<link rel=\"canonical\" href=\"https:\/\/www.elpex.se\/fi\/produkt\/pyora-24mm\/\" \/>\n<meta property=\"og:locale\" content=\"fi_FI\" \/>\n<meta property=\"og:type\" content=\"article\" \/>\n<meta property=\"og:title\" content=\"Py\u00f6r\u00e4 24mm - Elpex\" \/>\n<meta property=\"og:description\" content=\"24 mm py\u00f6r\u00e4t, jotka sopivat Skate Race ja F1 Pro\" \/>\n<meta property=\"og:url\" content=\"https:\/\/www.elpex.se\/fi\/produkt\/pyora-24mm\/\" \/>\n<meta property=\"og:site_name\" content=\"Elpex\" \/>\n<meta property=\"article:publisher\" content=\"https:\/\/www.facebook.com\/www.elpex.se\/?locale=sv_SE\" \/>\n<meta property=\"article:modified_time\" content=\"2026-04-08T07:14:49+00:00\" \/>\n<meta property=\"og:image\" content=\"https:\/\/www.elpex.se\/wp-content\/uploads\/2024\/11\/F1-pro-skate-race-hjul-wheel.jpg.webp\" \/>\n\t<meta property=\"og:image:width\" content=\"1772\" \/>\n\t<meta property=\"og:image:height\" content=\"1329\" \/>\n\t<meta property=\"og:image:type\" content=\"image\/jpeg\" \/>\n<meta name=\"twitter:card\" content=\"summary_large_image\" \/>\n<meta name=\"twitter:label1\" content=\"Arvioitu lukuaika\" \/>\n\t<meta name=\"twitter:data1\" content=\"1 minuutti\" \/>\n<script type=\"application\/ld+json\" class=\"yoast-schema-graph\">{\"@context\":\"https:\\\/\\\/schema.org\",\"@graph\":[{\"@type\":\"WebPage\",\"@id\":\"https:\\\/\\\/www.elpex.se\\\/fi\\\/produkt\\\/pyora-24mm\\\/\",\"url\":\"https:\\\/\\\/www.elpex.se\\\/fi\\\/produkt\\\/pyora-24mm\\\/\",\"name\":\"Py\u00f6r\u00e4 24mm - Elpex\",\"isPartOf\":{\"@id\":\"https:\\\/\\\/www.elpex.se\\\/fi\\\/#website\"},\"primaryImageOfPage\":{\"@id\":\"https:\\\/\\\/www.elpex.se\\\/fi\\\/produkt\\\/pyora-24mm\\\/#primaryimage\"},\"image\":{\"@id\":\"https:\\\/\\\/www.elpex.se\\\/fi\\\/produkt\\\/pyora-24mm\\\/#primaryimage\"},\"thumbnailUrl\":\"https:\\\/\\\/www.elpex.se\\\/wp-content\\\/uploads\\\/2024\\\/11\\\/F1-pro-skate-race-hjul-wheel.jpg.webp\",\"datePublished\":\"2024-11-26T10:10:10+00:00\",\"dateModified\":\"2026-04-08T07:14:49+00:00\",\"description\":\"24 mm py\u00f6r\u00e4t, jotka sopivat Skate Race ja F1 Pro\",\"breadcrumb\":{\"@id\":\"https:\\\/\\\/www.elpex.se\\\/fi\\\/produkt\\\/pyora-24mm\\\/#breadcrumb\"},\"inLanguage\":\"fi\",\"potentialAction\":[{\"@type\":\"ReadAction\",\"target\":[\"https:\\\/\\\/www.elpex.se\\\/fi\\\/produkt\\\/pyora-24mm\\\/\"]}]},{\"@type\":\"ImageObject\",\"inLanguage\":\"fi\",\"@id\":\"https:\\\/\\\/www.elpex.se\\\/fi\\\/produkt\\\/pyora-24mm\\\/#primaryimage\",\"url\":\"https:\\\/\\\/www.elpex.se\\\/wp-content\\\/uploads\\\/2024\\\/11\\\/F1-pro-skate-race-hjul-wheel.jpg.webp\",\"contentUrl\":\"https:\\\/\\\/www.elpex.se\\\/wp-content\\\/uploads\\\/2024\\\/11\\\/F1-pro-skate-race-hjul-wheel.jpg.webp\",\"width\":1772,\"height\":1329},{\"@type\":\"BreadcrumbList\",\"@id\":\"https:\\\/\\\/www.elpex.se\\\/fi\\\/produkt\\\/pyora-24mm\\\/#breadcrumb\",\"itemListElement\":[{\"@type\":\"ListItem\",\"position\":1,\"name\":\"Hem\",\"item\":\"https:\\\/\\\/www.elpex.se\\\/fi\\\/\"},{\"@type\":\"ListItem\",\"position\":2,\"name\":\"Rullahiihtosukset ja tarvikkeet\",\"item\":\"https:\\\/\\\/www.elpex.se\\\/fi\\\/shop\\\/\"},{\"@type\":\"ListItem\",\"position\":3,\"name\":\"Py\u00f6r\u00e4 24mm\"}]},{\"@type\":\"WebSite\",\"@id\":\"https:\\\/\\\/www.elpex.se\\\/fi\\\/#website\",\"url\":\"https:\\\/\\\/www.elpex.se\\\/fi\\\/\",\"name\":\"Elpex\",\"description\":\"\",\"publisher\":{\"@id\":\"https:\\\/\\\/www.elpex.se\\\/fi\\\/#organization\"},\"potentialAction\":[{\"@type\":\"SearchAction\",\"target\":{\"@type\":\"EntryPoint\",\"urlTemplate\":\"https:\\\/\\\/www.elpex.se\\\/fi\\\/?s={search_term_string}\"},\"query-input\":{\"@type\":\"PropertyValueSpecification\",\"valueRequired\":true,\"valueName\":\"search_term_string\"}}],\"inLanguage\":\"fi\"},{\"@type\":\"Organization\",\"@id\":\"https:\\\/\\\/www.elpex.se\\\/fi\\\/#organization\",\"name\":\"Elpex\",\"url\":\"https:\\\/\\\/www.elpex.se\\\/fi\\\/\",\"logo\":{\"@type\":\"ImageObject\",\"inLanguage\":\"fi\",\"@id\":\"https:\\\/\\\/www.elpex.se\\\/fi\\\/#\\\/schema\\\/logo\\\/image\\\/\",\"url\":\"https:\\\/\\\/www.elpex.se\\\/wp-content\\\/uploads\\\/2024\\\/11\\\/Elpex-logo_svart.svg\",\"contentUrl\":\"https:\\\/\\\/www.elpex.se\\\/wp-content\\\/uploads\\\/2024\\\/11\\\/Elpex-logo_svart.svg\",\"caption\":\"Elpex\"},\"image\":{\"@id\":\"https:\\\/\\\/www.elpex.se\\\/fi\\\/#\\\/schema\\\/logo\\\/image\\\/\"},\"sameAs\":[\"https:\\\/\\\/www.facebook.com\\\/www.elpex.se\\\/?locale=sv_SE\",\"https:\\\/\\\/www.instagram.com\\\/elpexrollerskis\\\/\"]}]}<\/script>\n<!-- \/ Yoast SEO plugin. -->","yoast_head_json":{"title":"Py\u00f6r\u00e4 24mm - Elpex","description":"24 mm py\u00f6r\u00e4t, jotka sopivat Skate Race ja F1 Pro","robots":{"index":"index","follow":"follow","max-snippet":"max-snippet:-1","max-image-preview":"max-image-preview:large","max-video-preview":"max-video-preview:-1"},"canonical":"https:\/\/www.elpex.se\/fi\/produkt\/pyora-24mm\/","og_locale":"fi_FI","og_type":"article","og_title":"Py\u00f6r\u00e4 24mm - Elpex","og_description":"24 mm py\u00f6r\u00e4t, jotka sopivat Skate Race ja F1 Pro","og_url":"https:\/\/www.elpex.se\/fi\/produkt\/pyora-24mm\/","og_site_name":"Elpex","article_publisher":"https:\/\/www.facebook.com\/www.elpex.se\/?locale=sv_SE","article_modified_time":"2026-04-08T07:14:49+00:00","og_image":[{"width":1772,"height":1329,"url":"https:\/\/www.elpex.se\/wp-content\/uploads\/2024\/11\/F1-pro-skate-race-hjul-wheel.jpg.webp","type":"image\/jpeg"}],"twitter_card":"summary_large_image","twitter_misc":{"Arvioitu lukuaika":"1 minuutti"},"schema":{"@context":"https:\/\/schema.org","@graph":[{"@type":"WebPage","@id":"https:\/\/www.elpex.se\/fi\/produkt\/pyora-24mm\/","url":"https:\/\/www.elpex.se\/fi\/produkt\/pyora-24mm\/","name":"Py\u00f6r\u00e4 24mm - Elpex","isPartOf":{"@id":"https:\/\/www.elpex.se\/fi\/#website"},"primaryImageOfPage":{"@id":"https:\/\/www.elpex.se\/fi\/produkt\/pyora-24mm\/#primaryimage"},"image":{"@id":"https:\/\/www.elpex.se\/fi\/produkt\/pyora-24mm\/#primaryimage"},"thumbnailUrl":"https:\/\/www.elpex.se\/wp-content\/uploads\/2024\/11\/F1-pro-skate-race-hjul-wheel.jpg.webp","datePublished":"2024-11-26T10:10:10+00:00","dateModified":"2026-04-08T07:14:49+00:00","description":"24 mm py\u00f6r\u00e4t, jotka sopivat Skate Race ja F1 Pro","breadcrumb":{"@id":"https:\/\/www.elpex.se\/fi\/produkt\/pyora-24mm\/#breadcrumb"},"inLanguage":"fi","potentialAction":[{"@type":"ReadAction","target":["https:\/\/www.elpex.se\/fi\/produkt\/pyora-24mm\/"]}]},{"@type":"ImageObject","inLanguage":"fi","@id":"https:\/\/www.elpex.se\/fi\/produkt\/pyora-24mm\/#primaryimage","url":"https:\/\/www.elpex.se\/wp-content\/uploads\/2024\/11\/F1-pro-skate-race-hjul-wheel.jpg.webp","contentUrl":"https:\/\/www.elpex.se\/wp-content\/uploads\/2024\/11\/F1-pro-skate-race-hjul-wheel.jpg.webp","width":1772,"height":1329},{"@type":"BreadcrumbList","@id":"https:\/\/www.elpex.se\/fi\/produkt\/pyora-24mm\/#breadcrumb","itemListElement":[{"@type":"ListItem","position":1,"name":"Hem","item":"https:\/\/www.elpex.se\/fi\/"},{"@type":"ListItem","position":2,"name":"Rullahiihtosukset ja tarvikkeet","item":"https:\/\/www.elpex.se\/fi\/shop\/"},{"@type":"ListItem","position":3,"name":"Py\u00f6r\u00e4 24mm"}]},{"@type":"WebSite","@id":"https:\/\/www.elpex.se\/fi\/#website","url":"https:\/\/www.elpex.se\/fi\/","name":"Elpex","description":"","publisher":{"@id":"https:\/\/www.elpex.se\/fi\/#organization"},"potentialAction":[{"@type":"SearchAction","target":{"@type":"EntryPoint","urlTemplate":"https:\/\/www.elpex.se\/fi\/?s={search_term_string}"},"query-input":{"@type":"PropertyValueSpecification","valueRequired":true,"valueName":"search_term_string"}}],"inLanguage":"fi"},{"@type":"Organization","@id":"https:\/\/www.elpex.se\/fi\/#organization","name":"Elpex","url":"https:\/\/www.elpex.se\/fi\/","logo":{"@type":"ImageObject","inLanguage":"fi","@id":"https:\/\/www.elpex.se\/fi\/#\/schema\/logo\/image\/","url":"https:\/\/www.elpex.se\/wp-content\/uploads\/2024\/11\/Elpex-logo_svart.svg","contentUrl":"https:\/\/www.elpex.se\/wp-content\/uploads\/2024\/11\/Elpex-logo_svart.svg","caption":"Elpex"},"image":{"@id":"https:\/\/www.elpex.se\/fi\/#\/schema\/logo\/image\/"},"sameAs":["https:\/\/www.facebook.com\/www.elpex.se\/?locale=sv_SE","https:\/\/www.instagram.com\/elpexrollerskis\/"]}]}},"_links":{"self":[{"href":"https:\/\/www.elpex.se\/fi\/wp-json\/wp\/v2\/product\/3718","targetHints":{"allow":["GET"]}}],"collection":[{"href":"https:\/\/www.elpex.se\/fi\/wp-json\/wp\/v2\/product"}],"about":[{"href":"https:\/\/www.elpex.se\/fi\/wp-json\/wp\/v2\/types\/product"}],"wp:featuredmedia":[{"embeddable":true,"href":"https:\/\/www.elpex.se\/fi\/wp-json\/wp\/v2\/media\/3721"}],"wp:attachment":[{"href":"https:\/\/www.elpex.se\/fi\/wp-json\/wp\/v2\/media?parent=3718"}],"wp:term":[{"taxonomy":"product_brand","embeddable":true,"href":"https:\/\/www.elpex.se\/fi\/wp-json\/wp\/v2\/product_brand?post=3718"},{"taxonomy":"product_cat","embeddable":true,"href":"https:\/\/www.elpex.se\/fi\/wp-json\/wp\/v2\/product_cat?post=3718"},{"taxonomy":"product_tag","embeddable":true,"href":"https:\/\/www.elpex.se\/fi\/wp-json\/wp\/v2\/product_tag?post=3718"}],"curies":[{"name":"wp","href":"https:\/\/api.w.org\/{rel}","templated":true}]}}