{"id":3691,"date":"2024-11-26T09:41:18","date_gmt":"2024-11-26T09:41:18","guid":{"rendered":"https:\/\/www.elpex.se\/produkt\/myydaan-erikseen-yith-woocommerce-product-addons-tuotteen-lisaosat\/"},"modified":"2024-11-26T09:41:18","modified_gmt":"2024-11-26T09:41:18","slug":"myydaan-erikseen-yith-woocommerce-product-addons-tuotteen-lisaosat","status":"publish","type":"product","link":"https:\/\/www.elpex.se\/fi\/produkt\/myydaan-erikseen-yith-woocommerce-product-addons-tuotteen-lisaosat\/","title":{"rendered":"Myyd\u00e4\u00e4n erikseen &#8212; YITH WooCommerce Product Addons &#8211; Tuotteen lis\u00e4osat"},"content":{"rendered":"<p>T\u00e4m\u00e4 tuote on luotu automaattisesti lis\u00e4osalla YITH WOOCOMMERCE PRODUCT ADD-ONS &amp; EXTRA OPTIONS. Et saa muokata sit\u00e4, tai lis\u00e4osa ei ehk\u00e4 toimi oikein. T\u00e4m\u00e4n tuotteen p\u00e4\u00e4toiminto on k\u00e4ytt\u00e4\u00e4 ominaisuutta &#8221;Myyd\u00e4\u00e4n erikseen&#8221;.  <\/p>\n","protected":false},"excerpt":{"rendered":"<p>T\u00e4m\u00e4 tuote on luotu automaattisesti lis\u00e4osalla YITH WOOCOMMERCE PRODUCT ADD-ONS &amp; EXTRA OPTIONS. Et saa muokata sit\u00e4, tai lis\u00e4osa ei ehk\u00e4 toimi oikein. T\u00e4m\u00e4n tuotteen p\u00e4\u00e4toiminto on k\u00e4ytt\u00e4\u00e4 ominaisuutta &#8221;Myyd\u00e4\u00e4n erikseen&#8221;.<\/p>\n","protected":false},"featured_media":0,"template":"","meta":[],"product_brand":[],"product_cat":[274],"product_tag":[],"class_list":{"0":"post-3691","1":"product","2":"type-product","3":"status-publish","5":"product_cat-luokittelematon","7":"first","8":"instock","9":"virtual","10":"taxable","11":"purchasable","12":"product-type-simple"},"composite_virtual":false,"composite_layout":"","composite_add_to_cart_form_location":"","composite_editable_in_cart":false,"composite_sold_individually_context":"","composite_shop_price_calc":"","composite_components":[],"composite_scenarios":[],"yoast_head":"<!-- This site is optimized with the Yoast SEO plugin v27.4 - https:\/\/yoast.com\/product\/yoast-seo-wordpress\/ -->\n<title>Myyd\u00e4\u00e4n erikseen - YITH WooCommerce Product Addons - Tuotteen lis\u00e4osat - Elpex<\/title>\n<meta name=\"robots\" content=\"index, follow, max-snippet:-1, max-image-preview:large, max-video-preview:-1\" \/>\n<link rel=\"canonical\" href=\"https:\/\/www.elpex.se\/fi\/produkt\/myydaan-erikseen-yith-woocommerce-product-addons-tuotteen-lisaosat\/\" \/>\n<meta property=\"og:locale\" content=\"fi_FI\" \/>\n<meta property=\"og:type\" content=\"article\" \/>\n<meta property=\"og:title\" content=\"Myyd\u00e4\u00e4n erikseen - YITH WooCommerce Product Addons - Tuotteen lis\u00e4osat - Elpex\" \/>\n<meta property=\"og:description\" content=\"T\u00e4m\u00e4 tuote on luotu automaattisesti lis\u00e4osalla YITH WOOCOMMERCE PRODUCT ADD-ONS &amp; EXTRA OPTIONS. Et saa muokata sit\u00e4, tai lis\u00e4osa ei ehk\u00e4 toimi oikein. T\u00e4m\u00e4n tuotteen p\u00e4\u00e4toiminto on k\u00e4ytt\u00e4\u00e4 ominaisuutta &#8221;Myyd\u00e4\u00e4n erikseen&#8221;.\" \/>\n<meta property=\"og:url\" content=\"https:\/\/www.elpex.se\/fi\/produkt\/myydaan-erikseen-yith-woocommerce-product-addons-tuotteen-lisaosat\/\" \/>\n<meta property=\"og:site_name\" content=\"Elpex\" \/>\n<meta property=\"article:publisher\" content=\"https:\/\/www.facebook.com\/www.elpex.se\/?locale=sv_SE\" \/>\n<meta name=\"twitter:card\" content=\"summary_large_image\" \/>\n<script type=\"application\/ld+json\" class=\"yoast-schema-graph\">{\"@context\":\"https:\\\/\\\/schema.org\",\"@graph\":[{\"@type\":\"WebPage\",\"@id\":\"https:\\\/\\\/www.elpex.se\\\/fi\\\/produkt\\\/myydaan-erikseen-yith-woocommerce-product-addons-tuotteen-lisaosat\\\/\",\"url\":\"https:\\\/\\\/www.elpex.se\\\/fi\\\/produkt\\\/myydaan-erikseen-yith-woocommerce-product-addons-tuotteen-lisaosat\\\/\",\"name\":\"Myyd\u00e4\u00e4n erikseen - YITH WooCommerce Product Addons - Tuotteen lis\u00e4osat - Elpex\",\"isPartOf\":{\"@id\":\"https:\\\/\\\/www.elpex.se\\\/fi\\\/#website\"},\"datePublished\":\"2024-11-26T09:41:18+00:00\",\"breadcrumb\":{\"@id\":\"https:\\\/\\\/www.elpex.se\\\/fi\\\/produkt\\\/myydaan-erikseen-yith-woocommerce-product-addons-tuotteen-lisaosat\\\/#breadcrumb\"},\"inLanguage\":\"fi\",\"potentialAction\":[{\"@type\":\"ReadAction\",\"target\":[\"https:\\\/\\\/www.elpex.se\\\/fi\\\/produkt\\\/myydaan-erikseen-yith-woocommerce-product-addons-tuotteen-lisaosat\\\/\"]}]},{\"@type\":\"BreadcrumbList\",\"@id\":\"https:\\\/\\\/www.elpex.se\\\/fi\\\/produkt\\\/myydaan-erikseen-yith-woocommerce-product-addons-tuotteen-lisaosat\\\/#breadcrumb\",\"itemListElement\":[{\"@type\":\"ListItem\",\"position\":1,\"name\":\"Hem\",\"item\":\"https:\\\/\\\/www.elpex.se\\\/fi\\\/\"},{\"@type\":\"ListItem\",\"position\":2,\"name\":\"Rullahiihtosukset ja tarvikkeet\",\"item\":\"https:\\\/\\\/www.elpex.se\\\/fi\\\/shop\\\/\"},{\"@type\":\"ListItem\",\"position\":3,\"name\":\"Myyd\u00e4\u00e4n erikseen &#8212; YITH WooCommerce Product Addons &#8211; Tuotteen lis\u00e4osat\"}]},{\"@type\":\"WebSite\",\"@id\":\"https:\\\/\\\/www.elpex.se\\\/fi\\\/#website\",\"url\":\"https:\\\/\\\/www.elpex.se\\\/fi\\\/\",\"name\":\"Elpex\",\"description\":\"\",\"publisher\":{\"@id\":\"https:\\\/\\\/www.elpex.se\\\/fi\\\/#organization\"},\"potentialAction\":[{\"@type\":\"SearchAction\",\"target\":{\"@type\":\"EntryPoint\",\"urlTemplate\":\"https:\\\/\\\/www.elpex.se\\\/fi\\\/?s={search_term_string}\"},\"query-input\":{\"@type\":\"PropertyValueSpecification\",\"valueRequired\":true,\"valueName\":\"search_term_string\"}}],\"inLanguage\":\"fi\"},{\"@type\":\"Organization\",\"@id\":\"https:\\\/\\\/www.elpex.se\\\/fi\\\/#organization\",\"name\":\"Elpex\",\"url\":\"https:\\\/\\\/www.elpex.se\\\/fi\\\/\",\"logo\":{\"@type\":\"ImageObject\",\"inLanguage\":\"fi\",\"@id\":\"https:\\\/\\\/www.elpex.se\\\/fi\\\/#\\\/schema\\\/logo\\\/image\\\/\",\"url\":\"https:\\\/\\\/www.elpex.se\\\/wp-content\\\/uploads\\\/2024\\\/11\\\/Elpex-logo_svart.svg\",\"contentUrl\":\"https:\\\/\\\/www.elpex.se\\\/wp-content\\\/uploads\\\/2024\\\/11\\\/Elpex-logo_svart.svg\",\"caption\":\"Elpex\"},\"image\":{\"@id\":\"https:\\\/\\\/www.elpex.se\\\/fi\\\/#\\\/schema\\\/logo\\\/image\\\/\"},\"sameAs\":[\"https:\\\/\\\/www.facebook.com\\\/www.elpex.se\\\/?locale=sv_SE\",\"https:\\\/\\\/www.instagram.com\\\/elpexrollerskis\\\/\"]}]}<\/script>\n<!-- \/ Yoast SEO plugin. -->","yoast_head_json":{"title":"Myyd\u00e4\u00e4n erikseen - YITH WooCommerce Product Addons - Tuotteen lis\u00e4osat - Elpex","robots":{"index":"index","follow":"follow","max-snippet":"max-snippet:-1","max-image-preview":"max-image-preview:large","max-video-preview":"max-video-preview:-1"},"canonical":"https:\/\/www.elpex.se\/fi\/produkt\/myydaan-erikseen-yith-woocommerce-product-addons-tuotteen-lisaosat\/","og_locale":"fi_FI","og_type":"article","og_title":"Myyd\u00e4\u00e4n erikseen - YITH WooCommerce Product Addons - Tuotteen lis\u00e4osat - Elpex","og_description":"T\u00e4m\u00e4 tuote on luotu automaattisesti lis\u00e4osalla YITH WOOCOMMERCE PRODUCT ADD-ONS &amp; EXTRA OPTIONS. Et saa muokata sit\u00e4, tai lis\u00e4osa ei ehk\u00e4 toimi oikein. T\u00e4m\u00e4n tuotteen p\u00e4\u00e4toiminto on k\u00e4ytt\u00e4\u00e4 ominaisuutta &#8221;Myyd\u00e4\u00e4n erikseen&#8221;.","og_url":"https:\/\/www.elpex.se\/fi\/produkt\/myydaan-erikseen-yith-woocommerce-product-addons-tuotteen-lisaosat\/","og_site_name":"Elpex","article_publisher":"https:\/\/www.facebook.com\/www.elpex.se\/?locale=sv_SE","twitter_card":"summary_large_image","schema":{"@context":"https:\/\/schema.org","@graph":[{"@type":"WebPage","@id":"https:\/\/www.elpex.se\/fi\/produkt\/myydaan-erikseen-yith-woocommerce-product-addons-tuotteen-lisaosat\/","url":"https:\/\/www.elpex.se\/fi\/produkt\/myydaan-erikseen-yith-woocommerce-product-addons-tuotteen-lisaosat\/","name":"Myyd\u00e4\u00e4n erikseen - YITH WooCommerce Product Addons - Tuotteen lis\u00e4osat - Elpex","isPartOf":{"@id":"https:\/\/www.elpex.se\/fi\/#website"},"datePublished":"2024-11-26T09:41:18+00:00","breadcrumb":{"@id":"https:\/\/www.elpex.se\/fi\/produkt\/myydaan-erikseen-yith-woocommerce-product-addons-tuotteen-lisaosat\/#breadcrumb"},"inLanguage":"fi","potentialAction":[{"@type":"ReadAction","target":["https:\/\/www.elpex.se\/fi\/produkt\/myydaan-erikseen-yith-woocommerce-product-addons-tuotteen-lisaosat\/"]}]},{"@type":"BreadcrumbList","@id":"https:\/\/www.elpex.se\/fi\/produkt\/myydaan-erikseen-yith-woocommerce-product-addons-tuotteen-lisaosat\/#breadcrumb","itemListElement":[{"@type":"ListItem","position":1,"name":"Hem","item":"https:\/\/www.elpex.se\/fi\/"},{"@type":"ListItem","position":2,"name":"Rullahiihtosukset ja tarvikkeet","item":"https:\/\/www.elpex.se\/fi\/shop\/"},{"@type":"ListItem","position":3,"name":"Myyd\u00e4\u00e4n erikseen &#8212; YITH WooCommerce Product Addons &#8211; Tuotteen lis\u00e4osat"}]},{"@type":"WebSite","@id":"https:\/\/www.elpex.se\/fi\/#website","url":"https:\/\/www.elpex.se\/fi\/","name":"Elpex","description":"","publisher":{"@id":"https:\/\/www.elpex.se\/fi\/#organization"},"potentialAction":[{"@type":"SearchAction","target":{"@type":"EntryPoint","urlTemplate":"https:\/\/www.elpex.se\/fi\/?s={search_term_string}"},"query-input":{"@type":"PropertyValueSpecification","valueRequired":true,"valueName":"search_term_string"}}],"inLanguage":"fi"},{"@type":"Organization","@id":"https:\/\/www.elpex.se\/fi\/#organization","name":"Elpex","url":"https:\/\/www.elpex.se\/fi\/","logo":{"@type":"ImageObject","inLanguage":"fi","@id":"https:\/\/www.elpex.se\/fi\/#\/schema\/logo\/image\/","url":"https:\/\/www.elpex.se\/wp-content\/uploads\/2024\/11\/Elpex-logo_svart.svg","contentUrl":"https:\/\/www.elpex.se\/wp-content\/uploads\/2024\/11\/Elpex-logo_svart.svg","caption":"Elpex"},"image":{"@id":"https:\/\/www.elpex.se\/fi\/#\/schema\/logo\/image\/"},"sameAs":["https:\/\/www.facebook.com\/www.elpex.se\/?locale=sv_SE","https:\/\/www.instagram.com\/elpexrollerskis\/"]}]}},"_links":{"self":[{"href":"https:\/\/www.elpex.se\/fi\/wp-json\/wp\/v2\/product\/3691","targetHints":{"allow":["GET"]}}],"collection":[{"href":"https:\/\/www.elpex.se\/fi\/wp-json\/wp\/v2\/product"}],"about":[{"href":"https:\/\/www.elpex.se\/fi\/wp-json\/wp\/v2\/types\/product"}],"wp:attachment":[{"href":"https:\/\/www.elpex.se\/fi\/wp-json\/wp\/v2\/media?parent=3691"}],"wp:term":[{"taxonomy":"product_brand","embeddable":true,"href":"https:\/\/www.elpex.se\/fi\/wp-json\/wp\/v2\/product_brand?post=3691"},{"taxonomy":"product_cat","embeddable":true,"href":"https:\/\/www.elpex.se\/fi\/wp-json\/wp\/v2\/product_cat?post=3691"},{"taxonomy":"product_tag","embeddable":true,"href":"https:\/\/www.elpex.se\/fi\/wp-json\/wp\/v2\/product_tag?post=3691"}],"curies":[{"name":"wp","href":"https:\/\/api.w.org\/{rel}","templated":true}]}}