{"id":2567,"date":"2024-12-18T09:36:16","date_gmt":"2024-12-18T09:36:16","guid":{"rendered":"https:\/\/www.elpex.se\/produkt\/rottefella-rollerski-classic-nis\/"},"modified":"2025-04-11T14:18:26","modified_gmt":"2025-04-11T14:18:26","slug":"rottefella-rollerski-classic-nis","status":"publish","type":"product","link":"https:\/\/www.elpex.se\/fi\/produkt\/rottefella-rollerski-classic-nis\/","title":{"rendered":"Rottefella NIS-klassikko"},"content":{"rendered":"<p><strong>Rottefella Rollerski Classic<\/strong> <strong>NIS<\/strong> on kehitetty erityisesti rullahiihtosuksia varten. Leve\u00e4mpi sidontarunko ja kantap\u00e4\u00e4 parantavat vakautta ja turvallisuutta. Sidonta on kevyt, mik\u00e4 takaa optimaalisen voimansiirron. Siin\u00e4 on turvalukko, joka lukitsee mekaanisesti avaus-\/sulkumekanismin.   <\/p>\n<p><strong>HUOMIO!<\/strong>  T\u00e4m\u00e4 sidonta voidaan siirt\u00e4\u00e4 Elpexin Team 610 NIS-levy\u00e4 pitkin ja ruuvata sitten paikalleen turvaruuvilla! T\u00e4ydellinen, jos haluat s\u00e4\u00e4t\u00e4\u00e4 sidoksen asentoa. <\/p>\n<p>Sidoksessa on kova flex, joka voidaan helposti vaihtaa pehme\u00e4mp\u00e4\u00e4n flexiin. Flex on joustava pehmuste, joka antaa vastusta taivutettaessa. Se auttaa sinua hallitsemaan suksia ja tarjoaa luonnollisemman potku- ja palautussyklin.  <\/p>\n<p><strong>Pituus:<\/strong> 200 mm<br \/>\n<strong>Leveys:<\/strong> 56 mm<br \/>\n<strong>Keng\u00e4n koko:<\/strong> 36-52<\/p>\n","protected":false},"excerpt":{"rendered":"<p>Rottefella Rollerski Classic NIS on kehitetty erityisesti rullahiihtosuksia varten. Leve\u00e4mpi sidontarunko ja kantap\u00e4\u00e4 parantavat vakautta ja turvallisuutta. Sidonta on kevyt, mik\u00e4 takaa optimaalisen voimansiirron. Siin\u00e4 on turvalukko, joka lukitsee mekaanisesti avaus-\/sulkumekanismin. HUOMIO! T\u00e4m\u00e4 sidonta voidaan siirt\u00e4\u00e4 Elpexin Team 610 NIS-levy\u00e4 pitkin ja ruuvata sitten paikalleen [&hellip;]<\/p>\n","protected":false},"featured_media":2569,"template":"","meta":[],"product_brand":[],"product_cat":[179,178],"product_tag":[],"class_list":{"0":"post-2567","1":"product","2":"type-product","3":"status-publish","4":"has-post-thumbnail","6":"product_cat-joukkovelkakirjalainat","7":"product_cat-tarvikkeet","9":"first","10":"instock","11":"taxable","12":"shipping-taxable","13":"purchasable","14":"product-type-simple"},"composite_virtual":false,"composite_layout":"","composite_add_to_cart_form_location":"","composite_editable_in_cart":false,"composite_sold_individually_context":"","composite_shop_price_calc":"","composite_components":[],"composite_scenarios":[],"yoast_head":"<!-- This site is optimized with the Yoast SEO plugin v27.4 - https:\/\/yoast.com\/product\/yoast-seo-wordpress\/ -->\n<title>Rottefella NIS-klassikko - Elpex<\/title>\n<meta name=\"robots\" content=\"index, follow, max-snippet:-1, max-image-preview:large, max-video-preview:-1\" \/>\n<link rel=\"canonical\" href=\"https:\/\/www.elpex.se\/fi\/produkt\/rottefella-rollerski-classic-nis\/\" \/>\n<meta property=\"og:locale\" content=\"fi_FI\" \/>\n<meta property=\"og:type\" content=\"article\" \/>\n<meta property=\"og:title\" content=\"Rottefella NIS-klassikko - Elpex\" \/>\n<meta property=\"og:description\" content=\"Rottefella Rollerski Classic NIS on kehitetty erityisesti rullahiihtosuksia varten. Leve\u00e4mpi sidontarunko ja kantap\u00e4\u00e4 parantavat vakautta ja turvallisuutta. Sidonta on kevyt, mik\u00e4 takaa optimaalisen voimansiirron. Siin\u00e4 on turvalukko, joka lukitsee mekaanisesti avaus-\/sulkumekanismin. HUOMIO! T\u00e4m\u00e4 sidonta voidaan siirt\u00e4\u00e4 Elpexin Team 610 NIS-levy\u00e4 pitkin ja ruuvata sitten paikalleen [&hellip;]\" \/>\n<meta property=\"og:url\" content=\"https:\/\/www.elpex.se\/fi\/produkt\/rottefella-rollerski-classic-nis\/\" \/>\n<meta property=\"og:site_name\" content=\"Elpex\" \/>\n<meta property=\"article:publisher\" content=\"https:\/\/www.facebook.com\/www.elpex.se\/?locale=sv_SE\" \/>\n<meta property=\"article:modified_time\" content=\"2025-04-11T14:18:26+00:00\" \/>\n<meta property=\"og:image\" content=\"https:\/\/www.elpex.se\/wp-content\/uploads\/2024\/12\/rottefella-rollerski-classic-locked.jpg.webp\" \/>\n\t<meta property=\"og:image:width\" content=\"1000\" \/>\n\t<meta property=\"og:image:height\" content=\"1000\" \/>\n\t<meta property=\"og:image:type\" content=\"image\/jpeg\" \/>\n<meta name=\"twitter:card\" content=\"summary_large_image\" \/>\n<script type=\"application\/ld+json\" class=\"yoast-schema-graph\">{\"@context\":\"https:\\\/\\\/schema.org\",\"@graph\":[{\"@type\":\"WebPage\",\"@id\":\"https:\\\/\\\/www.elpex.se\\\/fi\\\/produkt\\\/rottefella-rollerski-classic-nis\\\/\",\"url\":\"https:\\\/\\\/www.elpex.se\\\/fi\\\/produkt\\\/rottefella-rollerski-classic-nis\\\/\",\"name\":\"Rottefella NIS-klassikko - Elpex\",\"isPartOf\":{\"@id\":\"https:\\\/\\\/www.elpex.se\\\/fi\\\/#website\"},\"primaryImageOfPage\":{\"@id\":\"https:\\\/\\\/www.elpex.se\\\/fi\\\/produkt\\\/rottefella-rollerski-classic-nis\\\/#primaryimage\"},\"image\":{\"@id\":\"https:\\\/\\\/www.elpex.se\\\/fi\\\/produkt\\\/rottefella-rollerski-classic-nis\\\/#primaryimage\"},\"thumbnailUrl\":\"https:\\\/\\\/www.elpex.se\\\/wp-content\\\/uploads\\\/2024\\\/12\\\/rottefella-rollerski-classic-locked.jpg.webp\",\"datePublished\":\"2024-12-18T09:36:16+00:00\",\"dateModified\":\"2025-04-11T14:18:26+00:00\",\"breadcrumb\":{\"@id\":\"https:\\\/\\\/www.elpex.se\\\/fi\\\/produkt\\\/rottefella-rollerski-classic-nis\\\/#breadcrumb\"},\"inLanguage\":\"fi\",\"potentialAction\":[{\"@type\":\"ReadAction\",\"target\":[\"https:\\\/\\\/www.elpex.se\\\/fi\\\/produkt\\\/rottefella-rollerski-classic-nis\\\/\"]}]},{\"@type\":\"ImageObject\",\"inLanguage\":\"fi\",\"@id\":\"https:\\\/\\\/www.elpex.se\\\/fi\\\/produkt\\\/rottefella-rollerski-classic-nis\\\/#primaryimage\",\"url\":\"https:\\\/\\\/www.elpex.se\\\/wp-content\\\/uploads\\\/2024\\\/12\\\/rottefella-rollerski-classic-locked.jpg.webp\",\"contentUrl\":\"https:\\\/\\\/www.elpex.se\\\/wp-content\\\/uploads\\\/2024\\\/12\\\/rottefella-rollerski-classic-locked.jpg.webp\",\"width\":1000,\"height\":1000},{\"@type\":\"BreadcrumbList\",\"@id\":\"https:\\\/\\\/www.elpex.se\\\/fi\\\/produkt\\\/rottefella-rollerski-classic-nis\\\/#breadcrumb\",\"itemListElement\":[{\"@type\":\"ListItem\",\"position\":1,\"name\":\"Hem\",\"item\":\"https:\\\/\\\/www.elpex.se\\\/fi\\\/\"},{\"@type\":\"ListItem\",\"position\":2,\"name\":\"Rullahiihtosukset ja tarvikkeet\",\"item\":\"https:\\\/\\\/www.elpex.se\\\/fi\\\/shop\\\/\"},{\"@type\":\"ListItem\",\"position\":3,\"name\":\"Rottefella NIS-klassikko\"}]},{\"@type\":\"WebSite\",\"@id\":\"https:\\\/\\\/www.elpex.se\\\/fi\\\/#website\",\"url\":\"https:\\\/\\\/www.elpex.se\\\/fi\\\/\",\"name\":\"Elpex\",\"description\":\"\",\"publisher\":{\"@id\":\"https:\\\/\\\/www.elpex.se\\\/fi\\\/#organization\"},\"potentialAction\":[{\"@type\":\"SearchAction\",\"target\":{\"@type\":\"EntryPoint\",\"urlTemplate\":\"https:\\\/\\\/www.elpex.se\\\/fi\\\/?s={search_term_string}\"},\"query-input\":{\"@type\":\"PropertyValueSpecification\",\"valueRequired\":true,\"valueName\":\"search_term_string\"}}],\"inLanguage\":\"fi\"},{\"@type\":\"Organization\",\"@id\":\"https:\\\/\\\/www.elpex.se\\\/fi\\\/#organization\",\"name\":\"Elpex\",\"url\":\"https:\\\/\\\/www.elpex.se\\\/fi\\\/\",\"logo\":{\"@type\":\"ImageObject\",\"inLanguage\":\"fi\",\"@id\":\"https:\\\/\\\/www.elpex.se\\\/fi\\\/#\\\/schema\\\/logo\\\/image\\\/\",\"url\":\"https:\\\/\\\/www.elpex.se\\\/wp-content\\\/uploads\\\/2024\\\/11\\\/Elpex-logo_svart.svg\",\"contentUrl\":\"https:\\\/\\\/www.elpex.se\\\/wp-content\\\/uploads\\\/2024\\\/11\\\/Elpex-logo_svart.svg\",\"caption\":\"Elpex\"},\"image\":{\"@id\":\"https:\\\/\\\/www.elpex.se\\\/fi\\\/#\\\/schema\\\/logo\\\/image\\\/\"},\"sameAs\":[\"https:\\\/\\\/www.facebook.com\\\/www.elpex.se\\\/?locale=sv_SE\",\"https:\\\/\\\/www.instagram.com\\\/elpexrollerskis\\\/\"]}]}<\/script>\n<!-- \/ Yoast SEO plugin. -->","yoast_head_json":{"title":"Rottefella NIS-klassikko - Elpex","robots":{"index":"index","follow":"follow","max-snippet":"max-snippet:-1","max-image-preview":"max-image-preview:large","max-video-preview":"max-video-preview:-1"},"canonical":"https:\/\/www.elpex.se\/fi\/produkt\/rottefella-rollerski-classic-nis\/","og_locale":"fi_FI","og_type":"article","og_title":"Rottefella NIS-klassikko - Elpex","og_description":"Rottefella Rollerski Classic NIS on kehitetty erityisesti rullahiihtosuksia varten. Leve\u00e4mpi sidontarunko ja kantap\u00e4\u00e4 parantavat vakautta ja turvallisuutta. Sidonta on kevyt, mik\u00e4 takaa optimaalisen voimansiirron. Siin\u00e4 on turvalukko, joka lukitsee mekaanisesti avaus-\/sulkumekanismin. HUOMIO! T\u00e4m\u00e4 sidonta voidaan siirt\u00e4\u00e4 Elpexin Team 610 NIS-levy\u00e4 pitkin ja ruuvata sitten paikalleen [&hellip;]","og_url":"https:\/\/www.elpex.se\/fi\/produkt\/rottefella-rollerski-classic-nis\/","og_site_name":"Elpex","article_publisher":"https:\/\/www.facebook.com\/www.elpex.se\/?locale=sv_SE","article_modified_time":"2025-04-11T14:18:26+00:00","og_image":[{"width":1000,"height":1000,"url":"https:\/\/www.elpex.se\/wp-content\/uploads\/2024\/12\/rottefella-rollerski-classic-locked.jpg.webp","type":"image\/jpeg"}],"twitter_card":"summary_large_image","schema":{"@context":"https:\/\/schema.org","@graph":[{"@type":"WebPage","@id":"https:\/\/www.elpex.se\/fi\/produkt\/rottefella-rollerski-classic-nis\/","url":"https:\/\/www.elpex.se\/fi\/produkt\/rottefella-rollerski-classic-nis\/","name":"Rottefella NIS-klassikko - Elpex","isPartOf":{"@id":"https:\/\/www.elpex.se\/fi\/#website"},"primaryImageOfPage":{"@id":"https:\/\/www.elpex.se\/fi\/produkt\/rottefella-rollerski-classic-nis\/#primaryimage"},"image":{"@id":"https:\/\/www.elpex.se\/fi\/produkt\/rottefella-rollerski-classic-nis\/#primaryimage"},"thumbnailUrl":"https:\/\/www.elpex.se\/wp-content\/uploads\/2024\/12\/rottefella-rollerski-classic-locked.jpg.webp","datePublished":"2024-12-18T09:36:16+00:00","dateModified":"2025-04-11T14:18:26+00:00","breadcrumb":{"@id":"https:\/\/www.elpex.se\/fi\/produkt\/rottefella-rollerski-classic-nis\/#breadcrumb"},"inLanguage":"fi","potentialAction":[{"@type":"ReadAction","target":["https:\/\/www.elpex.se\/fi\/produkt\/rottefella-rollerski-classic-nis\/"]}]},{"@type":"ImageObject","inLanguage":"fi","@id":"https:\/\/www.elpex.se\/fi\/produkt\/rottefella-rollerski-classic-nis\/#primaryimage","url":"https:\/\/www.elpex.se\/wp-content\/uploads\/2024\/12\/rottefella-rollerski-classic-locked.jpg.webp","contentUrl":"https:\/\/www.elpex.se\/wp-content\/uploads\/2024\/12\/rottefella-rollerski-classic-locked.jpg.webp","width":1000,"height":1000},{"@type":"BreadcrumbList","@id":"https:\/\/www.elpex.se\/fi\/produkt\/rottefella-rollerski-classic-nis\/#breadcrumb","itemListElement":[{"@type":"ListItem","position":1,"name":"Hem","item":"https:\/\/www.elpex.se\/fi\/"},{"@type":"ListItem","position":2,"name":"Rullahiihtosukset ja tarvikkeet","item":"https:\/\/www.elpex.se\/fi\/shop\/"},{"@type":"ListItem","position":3,"name":"Rottefella NIS-klassikko"}]},{"@type":"WebSite","@id":"https:\/\/www.elpex.se\/fi\/#website","url":"https:\/\/www.elpex.se\/fi\/","name":"Elpex","description":"","publisher":{"@id":"https:\/\/www.elpex.se\/fi\/#organization"},"potentialAction":[{"@type":"SearchAction","target":{"@type":"EntryPoint","urlTemplate":"https:\/\/www.elpex.se\/fi\/?s={search_term_string}"},"query-input":{"@type":"PropertyValueSpecification","valueRequired":true,"valueName":"search_term_string"}}],"inLanguage":"fi"},{"@type":"Organization","@id":"https:\/\/www.elpex.se\/fi\/#organization","name":"Elpex","url":"https:\/\/www.elpex.se\/fi\/","logo":{"@type":"ImageObject","inLanguage":"fi","@id":"https:\/\/www.elpex.se\/fi\/#\/schema\/logo\/image\/","url":"https:\/\/www.elpex.se\/wp-content\/uploads\/2024\/11\/Elpex-logo_svart.svg","contentUrl":"https:\/\/www.elpex.se\/wp-content\/uploads\/2024\/11\/Elpex-logo_svart.svg","caption":"Elpex"},"image":{"@id":"https:\/\/www.elpex.se\/fi\/#\/schema\/logo\/image\/"},"sameAs":["https:\/\/www.facebook.com\/www.elpex.se\/?locale=sv_SE","https:\/\/www.instagram.com\/elpexrollerskis\/"]}]}},"_links":{"self":[{"href":"https:\/\/www.elpex.se\/fi\/wp-json\/wp\/v2\/product\/2567","targetHints":{"allow":["GET"]}}],"collection":[{"href":"https:\/\/www.elpex.se\/fi\/wp-json\/wp\/v2\/product"}],"about":[{"href":"https:\/\/www.elpex.se\/fi\/wp-json\/wp\/v2\/types\/product"}],"wp:featuredmedia":[{"embeddable":true,"href":"https:\/\/www.elpex.se\/fi\/wp-json\/wp\/v2\/media\/2569"}],"wp:attachment":[{"href":"https:\/\/www.elpex.se\/fi\/wp-json\/wp\/v2\/media?parent=2567"}],"wp:term":[{"taxonomy":"product_brand","embeddable":true,"href":"https:\/\/www.elpex.se\/fi\/wp-json\/wp\/v2\/product_brand?post=2567"},{"taxonomy":"product_cat","embeddable":true,"href":"https:\/\/www.elpex.se\/fi\/wp-json\/wp\/v2\/product_cat?post=2567"},{"taxonomy":"product_tag","embeddable":true,"href":"https:\/\/www.elpex.se\/fi\/wp-json\/wp\/v2\/product_tag?post=2567"}],"curies":[{"name":"wp","href":"https:\/\/api.w.org\/{rel}","templated":true}]}}