{"id":12135,"date":"2025-08-13T07:26:42","date_gmt":"2025-08-13T07:26:42","guid":{"rendered":"https:\/\/www.elpex.se\/produkt\/timanttiviila\/"},"modified":"2026-03-04T07:31:31","modified_gmt":"2026-03-04T07:31:31","slug":"timanttiviila","status":"publish","type":"product","link":"https:\/\/www.elpex.se\/fi\/produkt\/timanttiviila\/","title":{"rendered":"Timanttiviila"},"content":{"rendered":"<p>Pid\u00e4 sauvanpiikkisi huippukunnossa Elpexin timanttiviilalla, joka on kehitetty erityisesti rullahiihtoon. Hienos\u00e4\u00e4detty timanttipinnoite takaa tasaisen ja hallitun hionnan, joka muotoilee piikin puremaan asfalttiin maksimaalisesti kovassakin kuormituksessa. Laadukkaiden materiaalien ja valmistustarkkuuden ansiosta viila s\u00e4ilytt\u00e4\u00e4 hiontatehonsa pitk\u00e4\u00e4n.  <\/p>\n<ul>\n<li aria-level=\"1\">Optimoitu raekoko rullasuksien k\u00e4rjille<\/li>\n<li aria-level=\"1\">Laserkaiverrettu Elpex-logo timanttipinnoitteen alapuolella<\/li>\n<li aria-level=\"1\">Kest\u00e4v\u00e4 timanttipinnoite molemmin puolin<\/li>\n<li aria-level=\"1\">Erinomainen hiontateho<\/li>\n<li aria-level=\"1\">Ergonominen ote turvalliseen ja tarkkaan teroitukseen<\/li>\n<li aria-level=\"1\">Timanttipinnoitteen pituus: 17 cm<\/li>\n<li aria-level=\"1\">Kokonaispituus: 31 cm<\/li>\n<\/ul>\n<p>Elpexin timanttiviilalla saat ty\u00f6kalun, joka pit\u00e4\u00e4 sauvank\u00e4rjet kilpailukunnossa kausi toisensa j\u00e4lkeen!<\/p>\n","protected":false},"excerpt":{"rendered":"<p>Elpex Timanttiviila \u2013 ter\u00e4v\u00e4 rullasuksien k\u00e4rki sekunneissa. Kompakti, tehokas ja kest\u00e4v\u00e4! <\/p>\n","protected":false},"featured_media":11382,"template":"","meta":[],"product_brand":[],"product_cat":[178],"product_tag":[],"class_list":{"0":"post-12135","1":"product","2":"type-product","3":"status-publish","4":"has-post-thumbnail","6":"product_cat-tarvikkeet","8":"first","9":"instock","10":"taxable","11":"shipping-taxable","12":"purchasable","13":"product-type-simple"},"composite_virtual":false,"composite_layout":"","composite_add_to_cart_form_location":"","composite_editable_in_cart":false,"composite_sold_individually_context":"","composite_shop_price_calc":"","composite_components":[],"composite_scenarios":[],"yoast_head":"<!-- This site is optimized with the Yoast SEO plugin v27.4 - https:\/\/yoast.com\/product\/yoast-seo-wordpress\/ -->\n<title>Timanttiviila - Elpex<\/title>\n<meta name=\"robots\" content=\"index, follow, max-snippet:-1, max-image-preview:large, max-video-preview:-1\" \/>\n<link rel=\"canonical\" href=\"https:\/\/www.elpex.se\/fi\/produkt\/timanttiviila\/\" \/>\n<meta property=\"og:locale\" content=\"fi_FI\" \/>\n<meta property=\"og:type\" content=\"article\" \/>\n<meta property=\"og:title\" content=\"Timanttiviila - Elpex\" \/>\n<meta property=\"og:description\" content=\"Elpex Timanttiviila \u2013 ter\u00e4v\u00e4 rullasuksien k\u00e4rki sekunneissa. Kompakti, tehokas ja kest\u00e4v\u00e4!\" \/>\n<meta property=\"og:url\" content=\"https:\/\/www.elpex.se\/fi\/produkt\/timanttiviila\/\" \/>\n<meta property=\"og:site_name\" content=\"Elpex\" \/>\n<meta property=\"article:publisher\" content=\"https:\/\/www.facebook.com\/www.elpex.se\/?locale=sv_SE\" \/>\n<meta property=\"article:modified_time\" content=\"2026-03-04T07:31:31+00:00\" \/>\n<meta property=\"og:image\" content=\"https:\/\/www.elpex.se\/wp-content\/uploads\/2025\/08\/Elpex-diamond-file-1-2.png\" \/>\n\t<meta property=\"og:image:width\" content=\"1045\" \/>\n\t<meta property=\"og:image:height\" content=\"1045\" \/>\n\t<meta property=\"og:image:type\" content=\"image\/png\" \/>\n<meta name=\"twitter:card\" content=\"summary_large_image\" \/>\n<script type=\"application\/ld+json\" class=\"yoast-schema-graph\">{\"@context\":\"https:\\\/\\\/schema.org\",\"@graph\":[{\"@type\":\"WebPage\",\"@id\":\"https:\\\/\\\/www.elpex.se\\\/fi\\\/produkt\\\/timanttiviila\\\/\",\"url\":\"https:\\\/\\\/www.elpex.se\\\/fi\\\/produkt\\\/timanttiviila\\\/\",\"name\":\"Timanttiviila - Elpex\",\"isPartOf\":{\"@id\":\"https:\\\/\\\/www.elpex.se\\\/fi\\\/#website\"},\"primaryImageOfPage\":{\"@id\":\"https:\\\/\\\/www.elpex.se\\\/fi\\\/produkt\\\/timanttiviila\\\/#primaryimage\"},\"image\":{\"@id\":\"https:\\\/\\\/www.elpex.se\\\/fi\\\/produkt\\\/timanttiviila\\\/#primaryimage\"},\"thumbnailUrl\":\"https:\\\/\\\/www.elpex.se\\\/wp-content\\\/uploads\\\/2025\\\/08\\\/Elpex-diamond-file-1-2.png\",\"datePublished\":\"2025-08-13T07:26:42+00:00\",\"dateModified\":\"2026-03-04T07:31:31+00:00\",\"breadcrumb\":{\"@id\":\"https:\\\/\\\/www.elpex.se\\\/fi\\\/produkt\\\/timanttiviila\\\/#breadcrumb\"},\"inLanguage\":\"fi\",\"potentialAction\":[{\"@type\":\"ReadAction\",\"target\":[\"https:\\\/\\\/www.elpex.se\\\/fi\\\/produkt\\\/timanttiviila\\\/\"]}]},{\"@type\":\"ImageObject\",\"inLanguage\":\"fi\",\"@id\":\"https:\\\/\\\/www.elpex.se\\\/fi\\\/produkt\\\/timanttiviila\\\/#primaryimage\",\"url\":\"https:\\\/\\\/www.elpex.se\\\/wp-content\\\/uploads\\\/2025\\\/08\\\/Elpex-diamond-file-1-2.png\",\"contentUrl\":\"https:\\\/\\\/www.elpex.se\\\/wp-content\\\/uploads\\\/2025\\\/08\\\/Elpex-diamond-file-1-2.png\",\"width\":1045,\"height\":1045},{\"@type\":\"BreadcrumbList\",\"@id\":\"https:\\\/\\\/www.elpex.se\\\/fi\\\/produkt\\\/timanttiviila\\\/#breadcrumb\",\"itemListElement\":[{\"@type\":\"ListItem\",\"position\":1,\"name\":\"Hem\",\"item\":\"https:\\\/\\\/www.elpex.se\\\/fi\\\/\"},{\"@type\":\"ListItem\",\"position\":2,\"name\":\"Rullahiihtosukset ja tarvikkeet\",\"item\":\"https:\\\/\\\/www.elpex.se\\\/fi\\\/shop\\\/\"},{\"@type\":\"ListItem\",\"position\":3,\"name\":\"Timanttiviila\"}]},{\"@type\":\"WebSite\",\"@id\":\"https:\\\/\\\/www.elpex.se\\\/fi\\\/#website\",\"url\":\"https:\\\/\\\/www.elpex.se\\\/fi\\\/\",\"name\":\"Elpex\",\"description\":\"\",\"publisher\":{\"@id\":\"https:\\\/\\\/www.elpex.se\\\/fi\\\/#organization\"},\"potentialAction\":[{\"@type\":\"SearchAction\",\"target\":{\"@type\":\"EntryPoint\",\"urlTemplate\":\"https:\\\/\\\/www.elpex.se\\\/fi\\\/?s={search_term_string}\"},\"query-input\":{\"@type\":\"PropertyValueSpecification\",\"valueRequired\":true,\"valueName\":\"search_term_string\"}}],\"inLanguage\":\"fi\"},{\"@type\":\"Organization\",\"@id\":\"https:\\\/\\\/www.elpex.se\\\/fi\\\/#organization\",\"name\":\"Elpex\",\"url\":\"https:\\\/\\\/www.elpex.se\\\/fi\\\/\",\"logo\":{\"@type\":\"ImageObject\",\"inLanguage\":\"fi\",\"@id\":\"https:\\\/\\\/www.elpex.se\\\/fi\\\/#\\\/schema\\\/logo\\\/image\\\/\",\"url\":\"https:\\\/\\\/www.elpex.se\\\/wp-content\\\/uploads\\\/2024\\\/11\\\/Elpex-logo_svart.svg\",\"contentUrl\":\"https:\\\/\\\/www.elpex.se\\\/wp-content\\\/uploads\\\/2024\\\/11\\\/Elpex-logo_svart.svg\",\"caption\":\"Elpex\"},\"image\":{\"@id\":\"https:\\\/\\\/www.elpex.se\\\/fi\\\/#\\\/schema\\\/logo\\\/image\\\/\"},\"sameAs\":[\"https:\\\/\\\/www.facebook.com\\\/www.elpex.se\\\/?locale=sv_SE\",\"https:\\\/\\\/www.instagram.com\\\/elpexrollerskis\\\/\"]}]}<\/script>\n<!-- \/ Yoast SEO plugin. -->","yoast_head_json":{"title":"Timanttiviila - Elpex","robots":{"index":"index","follow":"follow","max-snippet":"max-snippet:-1","max-image-preview":"max-image-preview:large","max-video-preview":"max-video-preview:-1"},"canonical":"https:\/\/www.elpex.se\/fi\/produkt\/timanttiviila\/","og_locale":"fi_FI","og_type":"article","og_title":"Timanttiviila - Elpex","og_description":"Elpex Timanttiviila \u2013 ter\u00e4v\u00e4 rullasuksien k\u00e4rki sekunneissa. Kompakti, tehokas ja kest\u00e4v\u00e4!","og_url":"https:\/\/www.elpex.se\/fi\/produkt\/timanttiviila\/","og_site_name":"Elpex","article_publisher":"https:\/\/www.facebook.com\/www.elpex.se\/?locale=sv_SE","article_modified_time":"2026-03-04T07:31:31+00:00","og_image":[{"width":1045,"height":1045,"url":"https:\/\/www.elpex.se\/wp-content\/uploads\/2025\/08\/Elpex-diamond-file-1-2.png","type":"image\/png"}],"twitter_card":"summary_large_image","schema":{"@context":"https:\/\/schema.org","@graph":[{"@type":"WebPage","@id":"https:\/\/www.elpex.se\/fi\/produkt\/timanttiviila\/","url":"https:\/\/www.elpex.se\/fi\/produkt\/timanttiviila\/","name":"Timanttiviila - Elpex","isPartOf":{"@id":"https:\/\/www.elpex.se\/fi\/#website"},"primaryImageOfPage":{"@id":"https:\/\/www.elpex.se\/fi\/produkt\/timanttiviila\/#primaryimage"},"image":{"@id":"https:\/\/www.elpex.se\/fi\/produkt\/timanttiviila\/#primaryimage"},"thumbnailUrl":"https:\/\/www.elpex.se\/wp-content\/uploads\/2025\/08\/Elpex-diamond-file-1-2.png","datePublished":"2025-08-13T07:26:42+00:00","dateModified":"2026-03-04T07:31:31+00:00","breadcrumb":{"@id":"https:\/\/www.elpex.se\/fi\/produkt\/timanttiviila\/#breadcrumb"},"inLanguage":"fi","potentialAction":[{"@type":"ReadAction","target":["https:\/\/www.elpex.se\/fi\/produkt\/timanttiviila\/"]}]},{"@type":"ImageObject","inLanguage":"fi","@id":"https:\/\/www.elpex.se\/fi\/produkt\/timanttiviila\/#primaryimage","url":"https:\/\/www.elpex.se\/wp-content\/uploads\/2025\/08\/Elpex-diamond-file-1-2.png","contentUrl":"https:\/\/www.elpex.se\/wp-content\/uploads\/2025\/08\/Elpex-diamond-file-1-2.png","width":1045,"height":1045},{"@type":"BreadcrumbList","@id":"https:\/\/www.elpex.se\/fi\/produkt\/timanttiviila\/#breadcrumb","itemListElement":[{"@type":"ListItem","position":1,"name":"Hem","item":"https:\/\/www.elpex.se\/fi\/"},{"@type":"ListItem","position":2,"name":"Rullahiihtosukset ja tarvikkeet","item":"https:\/\/www.elpex.se\/fi\/shop\/"},{"@type":"ListItem","position":3,"name":"Timanttiviila"}]},{"@type":"WebSite","@id":"https:\/\/www.elpex.se\/fi\/#website","url":"https:\/\/www.elpex.se\/fi\/","name":"Elpex","description":"","publisher":{"@id":"https:\/\/www.elpex.se\/fi\/#organization"},"potentialAction":[{"@type":"SearchAction","target":{"@type":"EntryPoint","urlTemplate":"https:\/\/www.elpex.se\/fi\/?s={search_term_string}"},"query-input":{"@type":"PropertyValueSpecification","valueRequired":true,"valueName":"search_term_string"}}],"inLanguage":"fi"},{"@type":"Organization","@id":"https:\/\/www.elpex.se\/fi\/#organization","name":"Elpex","url":"https:\/\/www.elpex.se\/fi\/","logo":{"@type":"ImageObject","inLanguage":"fi","@id":"https:\/\/www.elpex.se\/fi\/#\/schema\/logo\/image\/","url":"https:\/\/www.elpex.se\/wp-content\/uploads\/2024\/11\/Elpex-logo_svart.svg","contentUrl":"https:\/\/www.elpex.se\/wp-content\/uploads\/2024\/11\/Elpex-logo_svart.svg","caption":"Elpex"},"image":{"@id":"https:\/\/www.elpex.se\/fi\/#\/schema\/logo\/image\/"},"sameAs":["https:\/\/www.facebook.com\/www.elpex.se\/?locale=sv_SE","https:\/\/www.instagram.com\/elpexrollerskis\/"]}]}},"_links":{"self":[{"href":"https:\/\/www.elpex.se\/fi\/wp-json\/wp\/v2\/product\/12135","targetHints":{"allow":["GET"]}}],"collection":[{"href":"https:\/\/www.elpex.se\/fi\/wp-json\/wp\/v2\/product"}],"about":[{"href":"https:\/\/www.elpex.se\/fi\/wp-json\/wp\/v2\/types\/product"}],"wp:featuredmedia":[{"embeddable":true,"href":"https:\/\/www.elpex.se\/fi\/wp-json\/wp\/v2\/media\/11382"}],"wp:attachment":[{"href":"https:\/\/www.elpex.se\/fi\/wp-json\/wp\/v2\/media?parent=12135"}],"wp:term":[{"taxonomy":"product_brand","embeddable":true,"href":"https:\/\/www.elpex.se\/fi\/wp-json\/wp\/v2\/product_brand?post=12135"},{"taxonomy":"product_cat","embeddable":true,"href":"https:\/\/www.elpex.se\/fi\/wp-json\/wp\/v2\/product_cat?post=12135"},{"taxonomy":"product_tag","embeddable":true,"href":"https:\/\/www.elpex.se\/fi\/wp-json\/wp\/v2\/product_tag?post=12135"}],"curies":[{"name":"wp","href":"https:\/\/api.w.org\/{rel}","templated":true}]}}