{"id":11129,"date":"2025-07-24T06:57:17","date_gmt":"2025-07-24T06:57:17","guid":{"rendered":"https:\/\/www.elpex.se\/?post_type=product&#038;p=11129"},"modified":"2026-02-24T15:23:14","modified_gmt":"2026-02-24T15:23:14","slug":"classic-team-kopia","status":"publish","type":"product","link":"https:\/\/www.elpex.se\/fi\/produkt\/classic-team-kopia\/","title":{"rendered":"The Comeback"},"content":{"rendered":"<p data-start=\"168\" data-end=\"534\">Kun tehtaamme paloi, monet luulivat, ett\u00e4 se oli loppu. Mutta meille se oli uuden alku. Elpex on valmistanut rullasuksia vuosikymmeni\u00e4, aina samalla intohimolla: kehitt\u00e4\u00e4 tuotteita urheilijoille ja kuntoilijoille, jotka haluavat parasta. Palon j\u00e4lkeen ei ollut puhettakaan luovuttamisesta. P\u00e4invastoin. P\u00e4\u00e4timme palata vahvempina kuin koskaan.     <\/p>\n<p data-start=\"536\" data-end=\"825\">&#8221;The Comeback&#8221; on rajoitettu versio klassisesta mallistamme Classic Team (ent. Team 610) 40 mm py\u00f6r\u00e4leveydell\u00e4. &#8221;The Comeback&#8221; on luotu symboliksi j\u00e4lleenrakennukselle ja halulle jatkaa eteenp\u00e4in. Keltainen ja punainen v\u00e4ritys edustavat tulta, joka tuhosi tehtaamme, mutta my\u00f6s sis\u00e4ist\u00e4 hehkua, joka ajaa meit\u00e4 aloittamaan alusta. Jokaisessa suksessa on painettuna <strong data-start=\"144\" data-end=\"166\">&#8221;Raised in flames&#8221;<\/strong> \u2013 muistutus siit\u00e4, ett\u00e4 t\u00e4m\u00e4 malli syntyi vastoink\u00e4ymisist\u00e4. Se on kunnianosoituksemme voimalle aloittaa uudelleen ja jatkaa eteenp\u00e4in, kaikesta huolimatta.    <\/p>\n<p data-start=\"827\" data-end=\"1075\">Mallia valmistetaan eritt\u00e4in rajoitettu er\u00e4, vain 100 paria. Jokainen kappale on yksil\u00f6llisesti numeroitu, mik\u00e4 tekee jokaisesta parista ainutlaatuisen. Ostamalla &#8221;The Comeback&#8221; et vain tue Elpexin paluuta, vaan tulet my\u00f6s osaksi historiaamme.  <\/p>\n<p data-start=\"1159\" data-end=\"1329\">Tied\u00e4mme, ett\u00e4 Elpex ei ole vain tuotemerkki. Se on k\u00e4sity\u00f6t\u00e4, tunne ja lupaus laadusta. Se on my\u00f6s yhteis\u00f6. Siksi tukesi merkitsee enemm\u00e4n kuin uskotkaan.   <\/p>\n<p data-pm-slice=\"1 1 []\"><strong>Classic Team:<\/strong> Classic Team on kilpahenkisin rullasuksemme, jossa on 40 mm py\u00f6r\u00e4t, jotka tarjoavat kevyemm\u00e4n painon ja helpomman k\u00e4sittelyn. Sama joustava runko kuin Classic Wasassa.  Sopii vanhemmille junioreille, huippuhiiht\u00e4jille ja urheilijoille, joilla on suuria tavoitteita.<\/p>\n<p data-pm-slice=\"1 1 []\">\n","protected":false},"excerpt":{"rendered":"<p data-pm-slice=\"1 1 []\">Rajoitettu er\u00e4 kilpailuhenkisimm\u00e4st\u00e4 rullasukasamme. Kapeammat py\u00f6r\u00e4t kevent\u00e4v\u00e4t painoa ja parantavat k\u00e4sitelt\u00e4vyytt\u00e4. Valmistettu uudessa tuotannossamme tulipalon j\u00e4lkeen.  <\/p>\n","protected":false},"featured_media":11277,"template":"","meta":[],"product_brand":[],"product_cat":[413,142,141],"product_tag":[265],"class_list":{"0":"post-11129","1":"product","2":"type-product","3":"status-publish","4":"has-post-thumbnail","6":"product_cat-raised-in-flames","7":"product_cat-klassinen","8":"product_cat-rullaluistimet","9":"product_tag-aloittelijoille","11":"first","12":"outofstock","13":"taxable","14":"shipping-taxable","15":"purchasable","16":"product-type-variable"},"composite_virtual":false,"composite_layout":"","composite_add_to_cart_form_location":"","composite_editable_in_cart":false,"composite_sold_individually_context":"","composite_shop_price_calc":"","composite_components":[],"composite_scenarios":[],"yoast_head":"<!-- This site is optimized with the Yoast SEO plugin v27.4 - https:\/\/yoast.com\/product\/yoast-seo-wordpress\/ -->\n<title>The Comeback - Elpex<\/title>\n<meta name=\"robots\" content=\"index, follow, max-snippet:-1, max-image-preview:large, max-video-preview:-1\" \/>\n<link rel=\"canonical\" href=\"https:\/\/www.elpex.se\/fi\/produkt\/classic-team-kopia\/\" \/>\n<meta property=\"og:locale\" content=\"fi_FI\" \/>\n<meta property=\"og:type\" content=\"article\" \/>\n<meta property=\"og:title\" content=\"The Comeback - Elpex\" \/>\n<meta property=\"og:description\" content=\"Rajoitettu er\u00e4 kilpailuhenkisimm\u00e4st\u00e4 rullasukasamme. Kapeammat py\u00f6r\u00e4t kevent\u00e4v\u00e4t painoa ja parantavat k\u00e4sitelt\u00e4vyytt\u00e4. Valmistettu uudessa tuotannossamme tulipalon j\u00e4lkeen.\" \/>\n<meta property=\"og:url\" content=\"https:\/\/www.elpex.se\/fi\/produkt\/classic-team-kopia\/\" \/>\n<meta property=\"og:site_name\" content=\"Elpex\" \/>\n<meta property=\"article:publisher\" content=\"https:\/\/www.facebook.com\/www.elpex.se\/?locale=sv_SE\" \/>\n<meta property=\"article:modified_time\" content=\"2026-02-24T15:23:14+00:00\" \/>\n<meta property=\"og:image\" content=\"https:\/\/www.elpex.se\/wp-content\/uploads\/2025\/07\/The-comeback_standing_light-bg-kopia-scaled.jpg.webp\" \/>\n\t<meta property=\"og:image:width\" content=\"1440\" \/>\n\t<meta property=\"og:image:height\" content=\"2560\" \/>\n\t<meta property=\"og:image:type\" content=\"image\/jpeg\" \/>\n<meta name=\"twitter:card\" content=\"summary_large_image\" \/>\n<meta name=\"twitter:label1\" content=\"Arvioitu lukuaika\" \/>\n\t<meta name=\"twitter:data1\" content=\"1 minuutti\" \/>\n<script type=\"application\/ld+json\" class=\"yoast-schema-graph\">{\"@context\":\"https:\\\/\\\/schema.org\",\"@graph\":[{\"@type\":\"WebPage\",\"@id\":\"https:\\\/\\\/www.elpex.se\\\/fi\\\/produkt\\\/classic-team-kopia\\\/\",\"url\":\"https:\\\/\\\/www.elpex.se\\\/fi\\\/produkt\\\/classic-team-kopia\\\/\",\"name\":\"The Comeback - Elpex\",\"isPartOf\":{\"@id\":\"https:\\\/\\\/www.elpex.se\\\/fi\\\/#website\"},\"primaryImageOfPage\":{\"@id\":\"https:\\\/\\\/www.elpex.se\\\/fi\\\/produkt\\\/classic-team-kopia\\\/#primaryimage\"},\"image\":{\"@id\":\"https:\\\/\\\/www.elpex.se\\\/fi\\\/produkt\\\/classic-team-kopia\\\/#primaryimage\"},\"thumbnailUrl\":\"https:\\\/\\\/www.elpex.se\\\/wp-content\\\/uploads\\\/2025\\\/07\\\/The-comeback_standing_light-bg-kopia-scaled.jpg.webp\",\"datePublished\":\"2025-07-24T06:57:17+00:00\",\"dateModified\":\"2026-02-24T15:23:14+00:00\",\"breadcrumb\":{\"@id\":\"https:\\\/\\\/www.elpex.se\\\/fi\\\/produkt\\\/classic-team-kopia\\\/#breadcrumb\"},\"inLanguage\":\"fi\",\"potentialAction\":[{\"@type\":\"ReadAction\",\"target\":[\"https:\\\/\\\/www.elpex.se\\\/fi\\\/produkt\\\/classic-team-kopia\\\/\"]}]},{\"@type\":\"ImageObject\",\"inLanguage\":\"fi\",\"@id\":\"https:\\\/\\\/www.elpex.se\\\/fi\\\/produkt\\\/classic-team-kopia\\\/#primaryimage\",\"url\":\"https:\\\/\\\/www.elpex.se\\\/wp-content\\\/uploads\\\/2025\\\/07\\\/The-comeback_standing_light-bg-kopia-scaled.jpg.webp\",\"contentUrl\":\"https:\\\/\\\/www.elpex.se\\\/wp-content\\\/uploads\\\/2025\\\/07\\\/The-comeback_standing_light-bg-kopia-scaled.jpg.webp\",\"width\":1440,\"height\":2560},{\"@type\":\"BreadcrumbList\",\"@id\":\"https:\\\/\\\/www.elpex.se\\\/fi\\\/produkt\\\/classic-team-kopia\\\/#breadcrumb\",\"itemListElement\":[{\"@type\":\"ListItem\",\"position\":1,\"name\":\"Hem\",\"item\":\"https:\\\/\\\/www.elpex.se\\\/fi\\\/\"},{\"@type\":\"ListItem\",\"position\":2,\"name\":\"Rullahiihtosukset ja tarvikkeet\",\"item\":\"https:\\\/\\\/www.elpex.se\\\/fi\\\/shop\\\/\"},{\"@type\":\"ListItem\",\"position\":3,\"name\":\"The Comeback\"}]},{\"@type\":\"WebSite\",\"@id\":\"https:\\\/\\\/www.elpex.se\\\/fi\\\/#website\",\"url\":\"https:\\\/\\\/www.elpex.se\\\/fi\\\/\",\"name\":\"Elpex\",\"description\":\"\",\"publisher\":{\"@id\":\"https:\\\/\\\/www.elpex.se\\\/fi\\\/#organization\"},\"potentialAction\":[{\"@type\":\"SearchAction\",\"target\":{\"@type\":\"EntryPoint\",\"urlTemplate\":\"https:\\\/\\\/www.elpex.se\\\/fi\\\/?s={search_term_string}\"},\"query-input\":{\"@type\":\"PropertyValueSpecification\",\"valueRequired\":true,\"valueName\":\"search_term_string\"}}],\"inLanguage\":\"fi\"},{\"@type\":\"Organization\",\"@id\":\"https:\\\/\\\/www.elpex.se\\\/fi\\\/#organization\",\"name\":\"Elpex\",\"url\":\"https:\\\/\\\/www.elpex.se\\\/fi\\\/\",\"logo\":{\"@type\":\"ImageObject\",\"inLanguage\":\"fi\",\"@id\":\"https:\\\/\\\/www.elpex.se\\\/fi\\\/#\\\/schema\\\/logo\\\/image\\\/\",\"url\":\"https:\\\/\\\/www.elpex.se\\\/wp-content\\\/uploads\\\/2024\\\/11\\\/Elpex-logo_svart.svg\",\"contentUrl\":\"https:\\\/\\\/www.elpex.se\\\/wp-content\\\/uploads\\\/2024\\\/11\\\/Elpex-logo_svart.svg\",\"caption\":\"Elpex\"},\"image\":{\"@id\":\"https:\\\/\\\/www.elpex.se\\\/fi\\\/#\\\/schema\\\/logo\\\/image\\\/\"},\"sameAs\":[\"https:\\\/\\\/www.facebook.com\\\/www.elpex.se\\\/?locale=sv_SE\",\"https:\\\/\\\/www.instagram.com\\\/elpexrollerskis\\\/\"]}]}<\/script>\n<!-- \/ Yoast SEO plugin. -->","yoast_head_json":{"title":"The Comeback - Elpex","robots":{"index":"index","follow":"follow","max-snippet":"max-snippet:-1","max-image-preview":"max-image-preview:large","max-video-preview":"max-video-preview:-1"},"canonical":"https:\/\/www.elpex.se\/fi\/produkt\/classic-team-kopia\/","og_locale":"fi_FI","og_type":"article","og_title":"The Comeback - Elpex","og_description":"Rajoitettu er\u00e4 kilpailuhenkisimm\u00e4st\u00e4 rullasukasamme. Kapeammat py\u00f6r\u00e4t kevent\u00e4v\u00e4t painoa ja parantavat k\u00e4sitelt\u00e4vyytt\u00e4. Valmistettu uudessa tuotannossamme tulipalon j\u00e4lkeen.","og_url":"https:\/\/www.elpex.se\/fi\/produkt\/classic-team-kopia\/","og_site_name":"Elpex","article_publisher":"https:\/\/www.facebook.com\/www.elpex.se\/?locale=sv_SE","article_modified_time":"2026-02-24T15:23:14+00:00","og_image":[{"width":1440,"height":2560,"url":"https:\/\/www.elpex.se\/wp-content\/uploads\/2025\/07\/The-comeback_standing_light-bg-kopia-scaled.jpg.webp","type":"image\/jpeg"}],"twitter_card":"summary_large_image","twitter_misc":{"Arvioitu lukuaika":"1 minuutti"},"schema":{"@context":"https:\/\/schema.org","@graph":[{"@type":"WebPage","@id":"https:\/\/www.elpex.se\/fi\/produkt\/classic-team-kopia\/","url":"https:\/\/www.elpex.se\/fi\/produkt\/classic-team-kopia\/","name":"The Comeback - Elpex","isPartOf":{"@id":"https:\/\/www.elpex.se\/fi\/#website"},"primaryImageOfPage":{"@id":"https:\/\/www.elpex.se\/fi\/produkt\/classic-team-kopia\/#primaryimage"},"image":{"@id":"https:\/\/www.elpex.se\/fi\/produkt\/classic-team-kopia\/#primaryimage"},"thumbnailUrl":"https:\/\/www.elpex.se\/wp-content\/uploads\/2025\/07\/The-comeback_standing_light-bg-kopia-scaled.jpg.webp","datePublished":"2025-07-24T06:57:17+00:00","dateModified":"2026-02-24T15:23:14+00:00","breadcrumb":{"@id":"https:\/\/www.elpex.se\/fi\/produkt\/classic-team-kopia\/#breadcrumb"},"inLanguage":"fi","potentialAction":[{"@type":"ReadAction","target":["https:\/\/www.elpex.se\/fi\/produkt\/classic-team-kopia\/"]}]},{"@type":"ImageObject","inLanguage":"fi","@id":"https:\/\/www.elpex.se\/fi\/produkt\/classic-team-kopia\/#primaryimage","url":"https:\/\/www.elpex.se\/wp-content\/uploads\/2025\/07\/The-comeback_standing_light-bg-kopia-scaled.jpg.webp","contentUrl":"https:\/\/www.elpex.se\/wp-content\/uploads\/2025\/07\/The-comeback_standing_light-bg-kopia-scaled.jpg.webp","width":1440,"height":2560},{"@type":"BreadcrumbList","@id":"https:\/\/www.elpex.se\/fi\/produkt\/classic-team-kopia\/#breadcrumb","itemListElement":[{"@type":"ListItem","position":1,"name":"Hem","item":"https:\/\/www.elpex.se\/fi\/"},{"@type":"ListItem","position":2,"name":"Rullahiihtosukset ja tarvikkeet","item":"https:\/\/www.elpex.se\/fi\/shop\/"},{"@type":"ListItem","position":3,"name":"The Comeback"}]},{"@type":"WebSite","@id":"https:\/\/www.elpex.se\/fi\/#website","url":"https:\/\/www.elpex.se\/fi\/","name":"Elpex","description":"","publisher":{"@id":"https:\/\/www.elpex.se\/fi\/#organization"},"potentialAction":[{"@type":"SearchAction","target":{"@type":"EntryPoint","urlTemplate":"https:\/\/www.elpex.se\/fi\/?s={search_term_string}"},"query-input":{"@type":"PropertyValueSpecification","valueRequired":true,"valueName":"search_term_string"}}],"inLanguage":"fi"},{"@type":"Organization","@id":"https:\/\/www.elpex.se\/fi\/#organization","name":"Elpex","url":"https:\/\/www.elpex.se\/fi\/","logo":{"@type":"ImageObject","inLanguage":"fi","@id":"https:\/\/www.elpex.se\/fi\/#\/schema\/logo\/image\/","url":"https:\/\/www.elpex.se\/wp-content\/uploads\/2024\/11\/Elpex-logo_svart.svg","contentUrl":"https:\/\/www.elpex.se\/wp-content\/uploads\/2024\/11\/Elpex-logo_svart.svg","caption":"Elpex"},"image":{"@id":"https:\/\/www.elpex.se\/fi\/#\/schema\/logo\/image\/"},"sameAs":["https:\/\/www.facebook.com\/www.elpex.se\/?locale=sv_SE","https:\/\/www.instagram.com\/elpexrollerskis\/"]}]}},"_links":{"self":[{"href":"https:\/\/www.elpex.se\/fi\/wp-json\/wp\/v2\/product\/11129","targetHints":{"allow":["GET"]}}],"collection":[{"href":"https:\/\/www.elpex.se\/fi\/wp-json\/wp\/v2\/product"}],"about":[{"href":"https:\/\/www.elpex.se\/fi\/wp-json\/wp\/v2\/types\/product"}],"wp:featuredmedia":[{"embeddable":true,"href":"https:\/\/www.elpex.se\/fi\/wp-json\/wp\/v2\/media\/11277"}],"wp:attachment":[{"href":"https:\/\/www.elpex.se\/fi\/wp-json\/wp\/v2\/media?parent=11129"}],"wp:term":[{"taxonomy":"product_brand","embeddable":true,"href":"https:\/\/www.elpex.se\/fi\/wp-json\/wp\/v2\/product_brand?post=11129"},{"taxonomy":"product_cat","embeddable":true,"href":"https:\/\/www.elpex.se\/fi\/wp-json\/wp\/v2\/product_cat?post=11129"},{"taxonomy":"product_tag","embeddable":true,"href":"https:\/\/www.elpex.se\/fi\/wp-json\/wp\/v2\/product_tag?post=11129"}],"curies":[{"name":"wp","href":"https:\/\/api.w.org\/{rel}","templated":true}]}}