{"id":3350,"date":"2024-11-18T13:54:08","date_gmt":"2024-11-18T13:54:08","guid":{"rendered":"https:\/\/www.elpex.se\/tietoja-elpexista\/"},"modified":"2025-01-13T10:48:16","modified_gmt":"2025-01-13T10:48:16","slug":"tietoja-elpexista","status":"publish","type":"page","link":"https:\/\/www.elpex.se\/fi\/tietoja-elpexista\/","title":{"rendered":"Tietoja Elpexist\u00e4"},"content":{"rendered":"\n<div id=\"athemes-blocks-block-12a69067\" class=\"wp-block-athemes-athemes-blocks-block-container athemes-blocks-block athemes-blocks-block-12a69067 athemes-blocks-block-container alignfull\"><div class=\"athemes-blocks-block-container-wrapper athemes-blocks-block-container-bg-cover athemes-blocks-block-container-bg-effect-scroll\"><img class=\"athemes-blocks-background-image\" width=\"1920\" height=\"1080\" srcset=\"https:\/\/www.elpex.se\/wp-content\/uploads\/2024\/11\/A\u030akare_16-9-7-150x150.png 150w, https:\/\/www.elpex.se\/wp-content\/uploads\/2024\/11\/A\u030akare_16-9-7-300x169.png 300w, https:\/\/www.elpex.se\/wp-content\/uploads\/2024\/11\/A\u030akare_16-9-7-1024x576.png 1024w, https:\/\/www.elpex.se\/wp-content\/uploads\/2024\/11\/A\u030akare_16-9-7.png 1920w, \" sizes=\"auto, (max-width: 1920px) 100vw, 1920px\" alt=\"\" loading=\"lazy\"\/><div class=\"athemes-blocks-block-container-wrapper-content\">\n<h1 class=\"wp-block-heading has-text-align-center has-color-7-color has-text-color has-link-color wp-elements-f746541224fa3a54e619b8eca33dc129\">Pohjois-Ruotsissa kasvatettu<\/h1>\n<\/div><\/div><\/div>\n\n<div id=\"athemes-blocks-block-10a9acb5\" class=\"wp-block-athemes-athemes-blocks-block-container athemes-blocks-block athemes-blocks-block-10a9acb5 athemes-blocks-block-container alignfull\"><div class=\"athemes-blocks-block-container-wrapper athemes-blocks-block-container-bg-cover athemes-blocks-block-container-bg-effect-scroll\"><div class=\"athemes-blocks-block-container-wrapper-content\">\n<div class=\"wp-block-columns is-layout-flex wp-container-core-columns-is-layout-d09bfce3 wp-block-columns-is-layout-flex\" style=\"margin-top:var(--wp--preset--spacing--20);margin-bottom:var(--wp--preset--spacing--20)\">\n<div class=\"wp-block-column is-layout-flow wp-container-core-column-is-layout-f5bb311e wp-block-column-is-layout-flow\">\n<figure class=\"wp-block-image size-large is-style-default\" style=\"margin-top:var(--wp--preset--spacing--50);margin-right:var(--wp--preset--spacing--20);margin-bottom:var(--wp--preset--spacing--50);margin-left:var(--wp--preset--spacing--20)\"><img decoding=\"async\" width=\"1281\" height=\"1708\" src=\"https:\/\/www.elpex.se\/wp-content\/uploads\/2024\/11\/3U2A7744-edited.jpg\" alt=\"\" class=\"wp-image-917\" style=\"aspect-ratio:1;object-fit:cover\"\/><\/figure>\n<\/div>\n\n\n\n<div class=\"wp-block-column is-vertically-aligned-center is-layout-flow wp-container-core-column-is-layout-8a368f38 wp-block-column-is-layout-flow\">\n<h2 class=\"wp-block-heading\" style=\"margin-top:var(--wp--preset--spacing--40);margin-right:var(--wp--preset--spacing--20);margin-bottom:var(--wp--preset--spacing--40);margin-left:var(--wp--preset--spacing--20)\">Tarinamme<\/h2>\n\n\n\n<div style=\"height:9px\" aria-hidden=\"true\" class=\"wp-block-spacer\"><\/div>\n\n\n\n<p style=\"margin-top:var(--wp--preset--spacing--40);margin-right:var(--wp--preset--spacing--20);margin-bottom:var(--wp--preset--spacing--40);margin-left:var(--wp--preset--spacing--20)\">Kehitys, innovaatio ja laatu ovat yrityksen avainsanoja. Yhteisty\u00f6 Ruotsin hiiht\u00e4j\u00e4eliitin ja naapurimaiden yritysten kanssa on tehnyt Elpexist\u00e4 sen, mik\u00e4 se on t\u00e4n\u00e4\u00e4n. Uusina omistajina jatkamme Elpexin tunnetun laadun mukaisten tuotteiden toimittamista kilpailukykyiseen hintaan ja ty\u00f6skentelemme aktiivisesti ymp\u00e4rist\u00f6vaikutusten v\u00e4hent\u00e4miseksi.  <\/p>\n\n\n\n<p style=\"margin-top:var(--wp--preset--spacing--40);margin-right:var(--wp--preset--spacing--20);margin-bottom:var(--wp--preset--spacing--40);margin-left:var(--wp--preset--spacing--20)\">Pyrimme valmistamaan mahdollisimman monet komponentit Ruotsissa laadun varmistamiseksi ja ymp\u00e4rist\u00f6vaikutusten v\u00e4hent\u00e4miseksi. Esimerkiksi py\u00f6r\u00e4t, profiilit, lokasuojat, akselit ja kuulalaakerit valmistetaan Ruotsissa.  <br\/><br\/><strong>Olemme matkalla kohti uusia tavoitteita.<\/strong><br\/><\/p>\n<\/div>\n<\/div>\n<\/div><\/div><\/div>\n\n<div id=\"athemes-blocks-block-71d2aa02\" class=\"wp-block-athemes-athemes-blocks-block-container athemes-blocks-block athemes-blocks-block-71d2aa02 athemes-blocks-block-container alignfull\"><div class=\"athemes-blocks-block-container-wrapper athemes-blocks-block-container-bg-cover athemes-blocks-block-container-bg-effect-scroll\"><div class=\"athemes-blocks-block-container-wrapper-content\">\n<div style=\"height:40px\" aria-hidden=\"true\" class=\"wp-block-spacer\"><\/div>\n\n\n\n<h2 class=\"wp-block-heading has-text-color has-link-color wp-elements-4d63bb62c6bc8c7183148ee4cd590981\" style=\"color:#e0ffa5\">Elpex on yksi maailman johtavista rullahiihdon valmistajamerkeist\u00e4. Classic Wasa on myydyin klassinen rullahiihto vuodesta 1987 l\u00e4htien. <\/h2>\n\n\n\n<div style=\"height:30px\" aria-hidden=\"true\" class=\"wp-block-spacer\"><\/div>\n<\/div><\/div><\/div>\n\n<div id=\"athemes-blocks-block-3d5fd8c9\" class=\"wp-block-athemes-athemes-blocks-block-container athemes-blocks-block athemes-blocks-block-3d5fd8c9 athemes-blocks-block-container alignfull\"><div class=\"athemes-blocks-block-container-wrapper athemes-blocks-block-container-bg-cover athemes-blocks-block-container-bg-effect-scroll\"><div class=\"athemes-blocks-block-container-wrapper-content\">\n<div style=\"height:10px\" aria-hidden=\"true\" class=\"wp-block-spacer\"><\/div>\n\n\n\n<div class=\"wp-block-columns is-layout-flex wp-container-core-columns-is-layout-28f84493 wp-block-columns-is-layout-flex\">\n<div class=\"wp-block-column is-layout-flow wp-block-column-is-layout-flow\">\n<h3 class=\"wp-block-heading has-text-align-left\">Kehitys<\/h3>\n\n\n\n<p class=\"has-text-align-left\">Team Elpex koostuu aktiivisista ja entisist\u00e4 huippuhiiht\u00e4jist\u00e4. Tied\u00e4mme, milt\u00e4 rullahiihdon pit\u00e4isi n\u00e4ytt\u00e4\u00e4, ja haluamme tarjota sinulle, joka ajat Elpexill\u00e4, parasta mahdollista. \u00d6jebyniss\u00e4 tehd\u00e4\u00e4n jatkuvasti kehitysty\u00f6t\u00e4 parantamisen eteen.  <\/p>\n<\/div>\n\n\n\n<div class=\"wp-block-column is-layout-flow wp-block-column-is-layout-flow\">\n<h3 class=\"wp-block-heading\">Innovaatio<\/h3>\n\n\n\n<p>Polyuretaanipy\u00f6r\u00e4t, vaimennetut tangot, t\u00e4rin\u00e4\u00e4 vaimentavat haarukat, komposiittirungot. Elpexin innovaatioiden luettelo on pitk\u00e4. <\/p>\n<\/div>\n\n\n\n<div class=\"wp-block-column is-layout-flow wp-block-column-is-layout-flow\">\n<h3 class=\"wp-block-heading\">Laatu<\/h3>\n\n\n\n<p>Pyrimme varmistamaan, ett\u00e4 rullahiihdon laatu on huippuluokkaa.  <\/p>\n<\/div>\n<\/div>\n\n\n\n<div style=\"height:0px\" aria-hidden=\"true\" class=\"wp-block-spacer\"><\/div>\n<\/div><\/div><\/div>\n\n<div id=\"athemes-blocks-block-0122d19c\" class=\"wp-block-athemes-athemes-blocks-block-container athemes-blocks-block athemes-blocks-block-0122d19c athemes-blocks-block-container alignfull\"><div class=\"athemes-blocks-block-container-wrapper athemes-blocks-block-container-bg-cover athemes-blocks-block-container-bg-effect-scroll\"><div class=\"athemes-blocks-block-container-wrapper-content\">\n<div class=\"wp-block-columns is-layout-flex wp-container-core-columns-is-layout-d35cc9d5 wp-block-columns-is-layout-flex\" style=\"margin-top:var(--wp--preset--spacing--50);margin-bottom:var(--wp--preset--spacing--50)\">\n<div class=\"wp-block-column is-vertically-aligned-center is-layout-flow wp-block-column-is-layout-flow\">\n<div class=\"wp-block-group\" style=\"margin-top:var(--wp--preset--spacing--50);margin-bottom:var(--wp--preset--spacing--50)\"><div class=\"wp-block-group__inner-container is-layout-constrained wp-block-group-is-layout-constrained\">\n<p class=\"has-text-align-left\" style=\"font-size:18px\">Elpex ei ole pelkk\u00e4\u00e4 tekniikkaa tienvarressa. Se on rullahiihto, jolle on joka yksityiskohdassa ominaista sen pohjoinen alkuper\u00e4. Suksi, joka hoitaa aina homman. Se on suksi, joka tarjoaa olosuhteet, joilla p\u00e4\u00e4set tavoitteeseesi riippumatta siit\u00e4, kuinka korkealle se on asetettu. Elpex on niille, jotka haluavat p\u00e4\u00e4st\u00e4 eliittiin, mutta my\u00f6s niille, jotka tyytyv\u00e4t harjoituskierroksella vain parhaaseen. Elpex on unelma ensilumesta ja raikkaan valkoisista hiihtoladuista, mutta my\u00f6s l\u00e4himp\u00e4n\u00e4 sit\u00e4 tunnetta, jota me kaikki rakastamme. Se on rullahiihto, joka pit\u00e4\u00e4 sinut raiteilla unelmiesi ja pitk\u00e4n aikav\u00e4lin tavoitteidesi tavoittelussa.        <\/p>\n\n\n\n<p class=\"has-extra-large-font-size\"><strong><em>Elpex &#8211; kasvatettu Pohjois-Ruotsissa<\/em><\/strong><\/p>\n<\/div><\/div>\n<\/div>\n\n\n\n<div class=\"wp-block-column is-layout-flow wp-block-column-is-layout-flow\">\n<figure class=\"wp-block-image size-large wp-duotone-unset-1\"><img decoding=\"async\" width=\"768\" height=\"1024\" src=\"https:\/\/www.elpex.se\/wp-content\/uploads\/2024\/11\/3U2A7744-edited-768x1024.jpg\" alt=\"\" class=\"wp-image-917\" style=\"aspect-ratio:1;object-fit:cover\"\/><\/figure>\n<\/div>\n<\/div>\n<\/div><\/div><\/div>\n","protected":false},"excerpt":{"rendered":"","protected":false},"author":4,"featured_media":0,"parent":0,"menu_order":0,"comment_status":"closed","ping_status":"closed","template":"","meta":{"footnotes":""},"class_list":["post-3350","page","type-page","status-publish","hentry"],"yoast_head":"<!-- This site is optimized with the Yoast SEO plugin v27.4 - https:\/\/yoast.com\/product\/yoast-seo-wordpress\/ -->\n<title>Tietoja Elpexist\u00e4 - Elpex<\/title>\n<meta name=\"robots\" content=\"index, follow, max-snippet:-1, max-image-preview:large, max-video-preview:-1\" \/>\n<link rel=\"canonical\" href=\"https:\/\/www.elpex.se\/fi\/tietoja-elpexista\/\" \/>\n<meta property=\"og:locale\" content=\"fi_FI\" \/>\n<meta property=\"og:type\" content=\"article\" \/>\n<meta property=\"og:title\" content=\"Tietoja Elpexist\u00e4 - Elpex\" \/>\n<meta property=\"og:url\" content=\"https:\/\/www.elpex.se\/fi\/tietoja-elpexista\/\" \/>\n<meta property=\"og:site_name\" content=\"Elpex\" \/>\n<meta property=\"article:publisher\" content=\"https:\/\/www.facebook.com\/www.elpex.se\/?locale=sv_SE\" \/>\n<meta property=\"article:modified_time\" content=\"2025-01-13T10:48:16+00:00\" \/>\n<meta property=\"og:image\" content=\"https:\/\/www.elpex.se\/wp-content\/uploads\/2024\/11\/3U2A7744-edited.jpg\" \/>\n<meta name=\"twitter:card\" content=\"summary_large_image\" \/>\n<meta name=\"twitter:label1\" content=\"Arvioitu lukuaika\" \/>\n\t<meta name=\"twitter:data1\" content=\"1 minuutti\" \/>\n<script type=\"application\/ld+json\" class=\"yoast-schema-graph\">{\"@context\":\"https:\\\/\\\/schema.org\",\"@graph\":[{\"@type\":\"WebPage\",\"@id\":\"https:\\\/\\\/www.elpex.se\\\/fi\\\/tietoja-elpexista\\\/\",\"url\":\"https:\\\/\\\/www.elpex.se\\\/fi\\\/tietoja-elpexista\\\/\",\"name\":\"Tietoja Elpexist\u00e4 - Elpex\",\"isPartOf\":{\"@id\":\"https:\\\/\\\/www.elpex.se\\\/fi\\\/#website\"},\"primaryImageOfPage\":{\"@id\":\"https:\\\/\\\/www.elpex.se\\\/fi\\\/tietoja-elpexista\\\/#primaryimage\"},\"image\":{\"@id\":\"https:\\\/\\\/www.elpex.se\\\/fi\\\/tietoja-elpexista\\\/#primaryimage\"},\"thumbnailUrl\":\"https:\\\/\\\/www.elpex.se\\\/wp-content\\\/uploads\\\/2024\\\/11\\\/3U2A7744-edited.jpg\",\"datePublished\":\"2024-11-18T13:54:08+00:00\",\"dateModified\":\"2025-01-13T10:48:16+00:00\",\"breadcrumb\":{\"@id\":\"https:\\\/\\\/www.elpex.se\\\/fi\\\/tietoja-elpexista\\\/#breadcrumb\"},\"inLanguage\":\"fi\",\"potentialAction\":[{\"@type\":\"ReadAction\",\"target\":[\"https:\\\/\\\/www.elpex.se\\\/fi\\\/tietoja-elpexista\\\/\"]}]},{\"@type\":\"ImageObject\",\"inLanguage\":\"fi\",\"@id\":\"https:\\\/\\\/www.elpex.se\\\/fi\\\/tietoja-elpexista\\\/#primaryimage\",\"url\":\"https:\\\/\\\/www.elpex.se\\\/wp-content\\\/uploads\\\/2024\\\/11\\\/3U2A7744-edited.jpg\",\"contentUrl\":\"https:\\\/\\\/www.elpex.se\\\/wp-content\\\/uploads\\\/2024\\\/11\\\/3U2A7744-edited.jpg\"},{\"@type\":\"BreadcrumbList\",\"@id\":\"https:\\\/\\\/www.elpex.se\\\/fi\\\/tietoja-elpexista\\\/#breadcrumb\",\"itemListElement\":[{\"@type\":\"ListItem\",\"position\":1,\"name\":\"Hem\",\"item\":\"https:\\\/\\\/www.elpex.se\\\/fi\\\/\"},{\"@type\":\"ListItem\",\"position\":2,\"name\":\"Tietoja Elpexist\u00e4\"}]},{\"@type\":\"WebSite\",\"@id\":\"https:\\\/\\\/www.elpex.se\\\/fi\\\/#website\",\"url\":\"https:\\\/\\\/www.elpex.se\\\/fi\\\/\",\"name\":\"Elpex\",\"description\":\"\",\"publisher\":{\"@id\":\"https:\\\/\\\/www.elpex.se\\\/fi\\\/#organization\"},\"potentialAction\":[{\"@type\":\"SearchAction\",\"target\":{\"@type\":\"EntryPoint\",\"urlTemplate\":\"https:\\\/\\\/www.elpex.se\\\/fi\\\/?s={search_term_string}\"},\"query-input\":{\"@type\":\"PropertyValueSpecification\",\"valueRequired\":true,\"valueName\":\"search_term_string\"}}],\"inLanguage\":\"fi\"},{\"@type\":\"Organization\",\"@id\":\"https:\\\/\\\/www.elpex.se\\\/fi\\\/#organization\",\"name\":\"Elpex\",\"url\":\"https:\\\/\\\/www.elpex.se\\\/fi\\\/\",\"logo\":{\"@type\":\"ImageObject\",\"inLanguage\":\"fi\",\"@id\":\"https:\\\/\\\/www.elpex.se\\\/fi\\\/#\\\/schema\\\/logo\\\/image\\\/\",\"url\":\"https:\\\/\\\/www.elpex.se\\\/wp-content\\\/uploads\\\/2024\\\/11\\\/Elpex-logo_svart.svg\",\"contentUrl\":\"https:\\\/\\\/www.elpex.se\\\/wp-content\\\/uploads\\\/2024\\\/11\\\/Elpex-logo_svart.svg\",\"caption\":\"Elpex\"},\"image\":{\"@id\":\"https:\\\/\\\/www.elpex.se\\\/fi\\\/#\\\/schema\\\/logo\\\/image\\\/\"},\"sameAs\":[\"https:\\\/\\\/www.facebook.com\\\/www.elpex.se\\\/?locale=sv_SE\",\"https:\\\/\\\/www.instagram.com\\\/elpexrollerskis\\\/\"]}]}<\/script>\n<!-- \/ Yoast SEO plugin. -->","yoast_head_json":{"title":"Tietoja Elpexist\u00e4 - Elpex","robots":{"index":"index","follow":"follow","max-snippet":"max-snippet:-1","max-image-preview":"max-image-preview:large","max-video-preview":"max-video-preview:-1"},"canonical":"https:\/\/www.elpex.se\/fi\/tietoja-elpexista\/","og_locale":"fi_FI","og_type":"article","og_title":"Tietoja Elpexist\u00e4 - Elpex","og_url":"https:\/\/www.elpex.se\/fi\/tietoja-elpexista\/","og_site_name":"Elpex","article_publisher":"https:\/\/www.facebook.com\/www.elpex.se\/?locale=sv_SE","article_modified_time":"2025-01-13T10:48:16+00:00","og_image":[{"url":"https:\/\/www.elpex.se\/wp-content\/uploads\/2024\/11\/3U2A7744-edited.jpg","type":"","width":"","height":""}],"twitter_card":"summary_large_image","twitter_misc":{"Arvioitu lukuaika":"1 minuutti"},"schema":{"@context":"https:\/\/schema.org","@graph":[{"@type":"WebPage","@id":"https:\/\/www.elpex.se\/fi\/tietoja-elpexista\/","url":"https:\/\/www.elpex.se\/fi\/tietoja-elpexista\/","name":"Tietoja Elpexist\u00e4 - Elpex","isPartOf":{"@id":"https:\/\/www.elpex.se\/fi\/#website"},"primaryImageOfPage":{"@id":"https:\/\/www.elpex.se\/fi\/tietoja-elpexista\/#primaryimage"},"image":{"@id":"https:\/\/www.elpex.se\/fi\/tietoja-elpexista\/#primaryimage"},"thumbnailUrl":"https:\/\/www.elpex.se\/wp-content\/uploads\/2024\/11\/3U2A7744-edited.jpg","datePublished":"2024-11-18T13:54:08+00:00","dateModified":"2025-01-13T10:48:16+00:00","breadcrumb":{"@id":"https:\/\/www.elpex.se\/fi\/tietoja-elpexista\/#breadcrumb"},"inLanguage":"fi","potentialAction":[{"@type":"ReadAction","target":["https:\/\/www.elpex.se\/fi\/tietoja-elpexista\/"]}]},{"@type":"ImageObject","inLanguage":"fi","@id":"https:\/\/www.elpex.se\/fi\/tietoja-elpexista\/#primaryimage","url":"https:\/\/www.elpex.se\/wp-content\/uploads\/2024\/11\/3U2A7744-edited.jpg","contentUrl":"https:\/\/www.elpex.se\/wp-content\/uploads\/2024\/11\/3U2A7744-edited.jpg"},{"@type":"BreadcrumbList","@id":"https:\/\/www.elpex.se\/fi\/tietoja-elpexista\/#breadcrumb","itemListElement":[{"@type":"ListItem","position":1,"name":"Hem","item":"https:\/\/www.elpex.se\/fi\/"},{"@type":"ListItem","position":2,"name":"Tietoja Elpexist\u00e4"}]},{"@type":"WebSite","@id":"https:\/\/www.elpex.se\/fi\/#website","url":"https:\/\/www.elpex.se\/fi\/","name":"Elpex","description":"","publisher":{"@id":"https:\/\/www.elpex.se\/fi\/#organization"},"potentialAction":[{"@type":"SearchAction","target":{"@type":"EntryPoint","urlTemplate":"https:\/\/www.elpex.se\/fi\/?s={search_term_string}"},"query-input":{"@type":"PropertyValueSpecification","valueRequired":true,"valueName":"search_term_string"}}],"inLanguage":"fi"},{"@type":"Organization","@id":"https:\/\/www.elpex.se\/fi\/#organization","name":"Elpex","url":"https:\/\/www.elpex.se\/fi\/","logo":{"@type":"ImageObject","inLanguage":"fi","@id":"https:\/\/www.elpex.se\/fi\/#\/schema\/logo\/image\/","url":"https:\/\/www.elpex.se\/wp-content\/uploads\/2024\/11\/Elpex-logo_svart.svg","contentUrl":"https:\/\/www.elpex.se\/wp-content\/uploads\/2024\/11\/Elpex-logo_svart.svg","caption":"Elpex"},"image":{"@id":"https:\/\/www.elpex.se\/fi\/#\/schema\/logo\/image\/"},"sameAs":["https:\/\/www.facebook.com\/www.elpex.se\/?locale=sv_SE","https:\/\/www.instagram.com\/elpexrollerskis\/"]}]}},"_links":{"self":[{"href":"https:\/\/www.elpex.se\/fi\/wp-json\/wp\/v2\/pages\/3350","targetHints":{"allow":["GET"]}}],"collection":[{"href":"https:\/\/www.elpex.se\/fi\/wp-json\/wp\/v2\/pages"}],"about":[{"href":"https:\/\/www.elpex.se\/fi\/wp-json\/wp\/v2\/types\/page"}],"author":[{"embeddable":true,"href":"https:\/\/www.elpex.se\/fi\/wp-json\/wp\/v2\/users\/4"}],"replies":[{"embeddable":true,"href":"https:\/\/www.elpex.se\/fi\/wp-json\/wp\/v2\/comments?post=3350"}],"version-history":[{"count":1,"href":"https:\/\/www.elpex.se\/fi\/wp-json\/wp\/v2\/pages\/3350\/revisions"}],"predecessor-version":[{"id":3352,"href":"https:\/\/www.elpex.se\/fi\/wp-json\/wp\/v2\/pages\/3350\/revisions\/3352"}],"wp:attachment":[{"href":"https:\/\/www.elpex.se\/fi\/wp-json\/wp\/v2\/media?parent=3350"}],"curies":[{"name":"wp","href":"https:\/\/api.w.org\/{rel}","templated":true}]}}