{"id":7025,"date":"2024-11-05T14:38:04","date_gmt":"2024-11-05T14:38:04","guid":{"rendered":"https:\/\/www.elpex.se\/produkt\/rulluisuvoistlus\/"},"modified":"2026-04-08T07:14:35","modified_gmt":"2026-04-08T07:14:35","slug":"rulluisuvoistlus","status":"publish","type":"product","link":"https:\/\/www.elpex.se\/et\/produkt\/rulluisuvoistlus\/","title":{"rendered":"Skate Race"},"content":{"rendered":"<p data-pm-slice=\"1 1 []\">Uisusuusk madala raskuskeskmega, mis annab \u00fcletamatu tasakaalu ja stabiilse s\u00f5idu. 2026. aasta suur uudis on t\u00e4iustatud profiilid \u2013 j\u00e4igemad ja kergemad, sama tehnoloogiaga nagu meie klassikamudelitel. PU-rattad (2) annavad selge haarde ja suurep\u00e4rased s\u00f5iduomadused ka m\u00e4rjal pinnal. Pakume ka t\u00e4iesti uut rattavalikut \u2013 meie premium-seeria, mis on arendatud eliitsportlastele ja \u00fchendab pol\u00fcuretaani ning kummi parimad omadused.   <\/p>\n<p data-start=\"185\" data-end=\"254\"><strong data-start=\"185\" data-end=\"202\">S\u00f5itja t\u00fc\u00fcp:<\/strong> Vanemad juuniorid, elitsportlased ja ambitsioonikad harrastajad.<\/p>\n<p data-start=\"185\" data-end=\"254\"><strong>Ratta valik:<\/strong><\/p>\n<p data-start=\"497\" data-end=\"547\"><strong>PU-rattad (veeretakistus 2) \u2013 stabiilsus k\u00f5ikides oludes<\/strong><\/p>\n<ul>\n<li data-start=\"548\" data-end=\"869\">Meie PU-rattad haakuvad asfaldiga kindlalt ja t\u00e4pselt, pakkudes suurep\u00e4raseid s\u00f5iduomadusi nii kuival kui ka m\u00e4rjal teel. Haarduvus on \u00fclihea, ilma et tunduks pehme \u2013 isegi raskemate s\u00f5itjate puhul, kes suurel kiirusel survet avaldavad. Neid rattaid kasutatakse muuhulgas riiklikus talispordikeskuses eliit- ja koondisesportlaste testimisel.   Need rattad on l\u00e4ikiva alumiiniumveljega.<\/li>\n<\/ul>\n<p data-start=\"871\" data-end=\"921\"><strong>Premium-rattad (veeretakistus 2 ja 3) \u2013 neile, kes soovivad parimat<\/strong><\/p>\n<ul>\n<li data-start=\"922\" data-end=\"1045\">Meie uus premium-seeria on v\u00e4lja t\u00f6\u00f6tatud eliits\u00f5itjatele ja \u00fchendab pol\u00fcuretaani kulumiskindluse kummi elastsusega. Kompromissitu lahendus sinule, kes n\u00f5uad maksimaalset j\u00f5udlust \u2013 igas olukorras. Meie premium-ratastega saad sa \u00fchtlase veeretakistuse olenemata temperatuurist, \u00fcletamatu m\u00e4rghaarde ning pikaajalise kulumiskindluse.   Need rattad on halli plastveljega.<\/li>\n<\/ul>\n<p>&nbsp;<\/p>\n<p>&nbsp;<\/p>\n","protected":false},"excerpt":{"rendered":"<p data-pm-slice=\"1 1 []\">Uisusuusk, mis t\u00e4nu madalale raskuskeskmele annab \u00fcletamatu tasakaalu ja stabiilse s\u00f5idu.<\/p>\n","protected":false},"featured_media":8029,"template":"","meta":[],"product_brand":[],"product_cat":[243,257,209],"product_tag":[481],"class_list":{"0":"post-7025","1":"product","2":"type-product","3":"status-publish","4":"has-post-thumbnail","6":"product_cat-populaarsed-tooted","7":"product_cat-rula","8":"product_cat-rullsuusad","9":"product_tag-algajad-2","11":"first","12":"instock","13":"taxable","14":"shipping-taxable","15":"purchasable","16":"product-type-variable"},"composite_virtual":false,"composite_layout":"","composite_add_to_cart_form_location":"","composite_editable_in_cart":false,"composite_sold_individually_context":"","composite_shop_price_calc":"","composite_components":[],"composite_scenarios":[],"yoast_head":"<!-- This site is optimized with the Yoast SEO plugin v27.4 - https:\/\/yoast.com\/product\/yoast-seo-wordpress\/ -->\n<title>Skate Race - Elpex<\/title>\n<meta name=\"robots\" content=\"index, follow, max-snippet:-1, max-image-preview:large, max-video-preview:-1\" \/>\n<link rel=\"canonical\" href=\"https:\/\/www.elpex.se\/et\/produkt\/rulluisuvoistlus\/\" \/>\n<meta property=\"og:locale\" content=\"et_EE\" \/>\n<meta property=\"og:type\" content=\"article\" \/>\n<meta property=\"og:title\" content=\"Skate Race - Elpex\" \/>\n<meta property=\"og:description\" content=\"Uisusuusk, mis t\u00e4nu madalale raskuskeskmele annab \u00fcletamatu tasakaalu ja stabiilse s\u00f5idu.\" \/>\n<meta property=\"og:url\" content=\"https:\/\/www.elpex.se\/et\/produkt\/rulluisuvoistlus\/\" \/>\n<meta property=\"og:site_name\" content=\"Elpex\" \/>\n<meta property=\"article:publisher\" content=\"https:\/\/www.facebook.com\/www.elpex.se\/?locale=sv_SE\" \/>\n<meta property=\"article:modified_time\" content=\"2026-04-08T07:14:35+00:00\" \/>\n<meta property=\"og:image\" content=\"https:\/\/www.elpex.se\/wp-content\/uploads\/2024\/11\/Elpex_Skate-Race_3-1.jpg.webp\" \/>\n\t<meta property=\"og:image:width\" content=\"1080\" \/>\n\t<meta property=\"og:image:height\" content=\"1450\" \/>\n\t<meta property=\"og:image:type\" content=\"image\/jpeg\" \/>\n<meta name=\"twitter:card\" content=\"summary_large_image\" \/>\n<meta name=\"twitter:label1\" content=\"Est. reading time\" \/>\n\t<meta name=\"twitter:data1\" content=\"1 minut\" \/>\n<script type=\"application\/ld+json\" class=\"yoast-schema-graph\">{\"@context\":\"https:\\\/\\\/schema.org\",\"@graph\":[{\"@type\":\"WebPage\",\"@id\":\"https:\\\/\\\/www.elpex.se\\\/et\\\/produkt\\\/rulluisuvoistlus\\\/\",\"url\":\"https:\\\/\\\/www.elpex.se\\\/et\\\/produkt\\\/rulluisuvoistlus\\\/\",\"name\":\"Skate Race - Elpex\",\"isPartOf\":{\"@id\":\"https:\\\/\\\/www.elpex.se\\\/et\\\/#website\"},\"primaryImageOfPage\":{\"@id\":\"https:\\\/\\\/www.elpex.se\\\/et\\\/produkt\\\/rulluisuvoistlus\\\/#primaryimage\"},\"image\":{\"@id\":\"https:\\\/\\\/www.elpex.se\\\/et\\\/produkt\\\/rulluisuvoistlus\\\/#primaryimage\"},\"thumbnailUrl\":\"https:\\\/\\\/www.elpex.se\\\/wp-content\\\/uploads\\\/2024\\\/11\\\/Elpex_Skate-Race_3-1.jpg.webp\",\"datePublished\":\"2024-11-05T14:38:04+00:00\",\"dateModified\":\"2026-04-08T07:14:35+00:00\",\"breadcrumb\":{\"@id\":\"https:\\\/\\\/www.elpex.se\\\/et\\\/produkt\\\/rulluisuvoistlus\\\/#breadcrumb\"},\"inLanguage\":\"et\",\"potentialAction\":[{\"@type\":\"ReadAction\",\"target\":[\"https:\\\/\\\/www.elpex.se\\\/et\\\/produkt\\\/rulluisuvoistlus\\\/\"]}]},{\"@type\":\"ImageObject\",\"inLanguage\":\"et\",\"@id\":\"https:\\\/\\\/www.elpex.se\\\/et\\\/produkt\\\/rulluisuvoistlus\\\/#primaryimage\",\"url\":\"https:\\\/\\\/www.elpex.se\\\/wp-content\\\/uploads\\\/2024\\\/11\\\/Elpex_Skate-Race_3-1.jpg.webp\",\"contentUrl\":\"https:\\\/\\\/www.elpex.se\\\/wp-content\\\/uploads\\\/2024\\\/11\\\/Elpex_Skate-Race_3-1.jpg.webp\",\"width\":1080,\"height\":1450},{\"@type\":\"BreadcrumbList\",\"@id\":\"https:\\\/\\\/www.elpex.se\\\/et\\\/produkt\\\/rulluisuvoistlus\\\/#breadcrumb\",\"itemListElement\":[{\"@type\":\"ListItem\",\"position\":1,\"name\":\"Hem\",\"item\":\"https:\\\/\\\/www.elpex.se\\\/et\\\/\"},{\"@type\":\"ListItem\",\"position\":2,\"name\":\"Rullsuusad ja tarvikud\",\"item\":\"https:\\\/\\\/www.elpex.se\\\/et\\\/shop\\\/\"},{\"@type\":\"ListItem\",\"position\":3,\"name\":\"Skate Race\"}]},{\"@type\":\"WebSite\",\"@id\":\"https:\\\/\\\/www.elpex.se\\\/et\\\/#website\",\"url\":\"https:\\\/\\\/www.elpex.se\\\/et\\\/\",\"name\":\"Elpex\",\"description\":\"\",\"publisher\":{\"@id\":\"https:\\\/\\\/www.elpex.se\\\/et\\\/#organization\"},\"potentialAction\":[{\"@type\":\"SearchAction\",\"target\":{\"@type\":\"EntryPoint\",\"urlTemplate\":\"https:\\\/\\\/www.elpex.se\\\/et\\\/?s={search_term_string}\"},\"query-input\":{\"@type\":\"PropertyValueSpecification\",\"valueRequired\":true,\"valueName\":\"search_term_string\"}}],\"inLanguage\":\"et\"},{\"@type\":\"Organization\",\"@id\":\"https:\\\/\\\/www.elpex.se\\\/et\\\/#organization\",\"name\":\"Elpex\",\"url\":\"https:\\\/\\\/www.elpex.se\\\/et\\\/\",\"logo\":{\"@type\":\"ImageObject\",\"inLanguage\":\"et\",\"@id\":\"https:\\\/\\\/www.elpex.se\\\/et\\\/#\\\/schema\\\/logo\\\/image\\\/\",\"url\":\"https:\\\/\\\/www.elpex.se\\\/wp-content\\\/uploads\\\/2024\\\/11\\\/Elpex-logo_svart.svg\",\"contentUrl\":\"https:\\\/\\\/www.elpex.se\\\/wp-content\\\/uploads\\\/2024\\\/11\\\/Elpex-logo_svart.svg\",\"caption\":\"Elpex\"},\"image\":{\"@id\":\"https:\\\/\\\/www.elpex.se\\\/et\\\/#\\\/schema\\\/logo\\\/image\\\/\"},\"sameAs\":[\"https:\\\/\\\/www.facebook.com\\\/www.elpex.se\\\/?locale=sv_SE\",\"https:\\\/\\\/www.instagram.com\\\/elpexrollerskis\\\/\"]}]}<\/script>\n<!-- \/ Yoast SEO plugin. -->","yoast_head_json":{"title":"Skate Race - Elpex","robots":{"index":"index","follow":"follow","max-snippet":"max-snippet:-1","max-image-preview":"max-image-preview:large","max-video-preview":"max-video-preview:-1"},"canonical":"https:\/\/www.elpex.se\/et\/produkt\/rulluisuvoistlus\/","og_locale":"et_EE","og_type":"article","og_title":"Skate Race - Elpex","og_description":"Uisusuusk, mis t\u00e4nu madalale raskuskeskmele annab \u00fcletamatu tasakaalu ja stabiilse s\u00f5idu.","og_url":"https:\/\/www.elpex.se\/et\/produkt\/rulluisuvoistlus\/","og_site_name":"Elpex","article_publisher":"https:\/\/www.facebook.com\/www.elpex.se\/?locale=sv_SE","article_modified_time":"2026-04-08T07:14:35+00:00","og_image":[{"width":1080,"height":1450,"url":"https:\/\/www.elpex.se\/wp-content\/uploads\/2024\/11\/Elpex_Skate-Race_3-1.jpg.webp","type":"image\/jpeg"}],"twitter_card":"summary_large_image","twitter_misc":{"Est. reading time":"1 minut"},"schema":{"@context":"https:\/\/schema.org","@graph":[{"@type":"WebPage","@id":"https:\/\/www.elpex.se\/et\/produkt\/rulluisuvoistlus\/","url":"https:\/\/www.elpex.se\/et\/produkt\/rulluisuvoistlus\/","name":"Skate Race - Elpex","isPartOf":{"@id":"https:\/\/www.elpex.se\/et\/#website"},"primaryImageOfPage":{"@id":"https:\/\/www.elpex.se\/et\/produkt\/rulluisuvoistlus\/#primaryimage"},"image":{"@id":"https:\/\/www.elpex.se\/et\/produkt\/rulluisuvoistlus\/#primaryimage"},"thumbnailUrl":"https:\/\/www.elpex.se\/wp-content\/uploads\/2024\/11\/Elpex_Skate-Race_3-1.jpg.webp","datePublished":"2024-11-05T14:38:04+00:00","dateModified":"2026-04-08T07:14:35+00:00","breadcrumb":{"@id":"https:\/\/www.elpex.se\/et\/produkt\/rulluisuvoistlus\/#breadcrumb"},"inLanguage":"et","potentialAction":[{"@type":"ReadAction","target":["https:\/\/www.elpex.se\/et\/produkt\/rulluisuvoistlus\/"]}]},{"@type":"ImageObject","inLanguage":"et","@id":"https:\/\/www.elpex.se\/et\/produkt\/rulluisuvoistlus\/#primaryimage","url":"https:\/\/www.elpex.se\/wp-content\/uploads\/2024\/11\/Elpex_Skate-Race_3-1.jpg.webp","contentUrl":"https:\/\/www.elpex.se\/wp-content\/uploads\/2024\/11\/Elpex_Skate-Race_3-1.jpg.webp","width":1080,"height":1450},{"@type":"BreadcrumbList","@id":"https:\/\/www.elpex.se\/et\/produkt\/rulluisuvoistlus\/#breadcrumb","itemListElement":[{"@type":"ListItem","position":1,"name":"Hem","item":"https:\/\/www.elpex.se\/et\/"},{"@type":"ListItem","position":2,"name":"Rullsuusad ja tarvikud","item":"https:\/\/www.elpex.se\/et\/shop\/"},{"@type":"ListItem","position":3,"name":"Skate Race"}]},{"@type":"WebSite","@id":"https:\/\/www.elpex.se\/et\/#website","url":"https:\/\/www.elpex.se\/et\/","name":"Elpex","description":"","publisher":{"@id":"https:\/\/www.elpex.se\/et\/#organization"},"potentialAction":[{"@type":"SearchAction","target":{"@type":"EntryPoint","urlTemplate":"https:\/\/www.elpex.se\/et\/?s={search_term_string}"},"query-input":{"@type":"PropertyValueSpecification","valueRequired":true,"valueName":"search_term_string"}}],"inLanguage":"et"},{"@type":"Organization","@id":"https:\/\/www.elpex.se\/et\/#organization","name":"Elpex","url":"https:\/\/www.elpex.se\/et\/","logo":{"@type":"ImageObject","inLanguage":"et","@id":"https:\/\/www.elpex.se\/et\/#\/schema\/logo\/image\/","url":"https:\/\/www.elpex.se\/wp-content\/uploads\/2024\/11\/Elpex-logo_svart.svg","contentUrl":"https:\/\/www.elpex.se\/wp-content\/uploads\/2024\/11\/Elpex-logo_svart.svg","caption":"Elpex"},"image":{"@id":"https:\/\/www.elpex.se\/et\/#\/schema\/logo\/image\/"},"sameAs":["https:\/\/www.facebook.com\/www.elpex.se\/?locale=sv_SE","https:\/\/www.instagram.com\/elpexrollerskis\/"]}]}},"_links":{"self":[{"href":"https:\/\/www.elpex.se\/et\/wp-json\/wp\/v2\/product\/7025","targetHints":{"allow":["GET"]}}],"collection":[{"href":"https:\/\/www.elpex.se\/et\/wp-json\/wp\/v2\/product"}],"about":[{"href":"https:\/\/www.elpex.se\/et\/wp-json\/wp\/v2\/types\/product"}],"wp:featuredmedia":[{"embeddable":true,"href":"https:\/\/www.elpex.se\/et\/wp-json\/wp\/v2\/media\/8029"}],"wp:attachment":[{"href":"https:\/\/www.elpex.se\/et\/wp-json\/wp\/v2\/media?parent=7025"}],"wp:term":[{"taxonomy":"product_brand","embeddable":true,"href":"https:\/\/www.elpex.se\/et\/wp-json\/wp\/v2\/product_brand?post=7025"},{"taxonomy":"product_cat","embeddable":true,"href":"https:\/\/www.elpex.se\/et\/wp-json\/wp\/v2\/product_cat?post=7025"},{"taxonomy":"product_tag","embeddable":true,"href":"https:\/\/www.elpex.se\/et\/wp-json\/wp\/v2\/product_tag?post=7025"}],"curies":[{"name":"wp","href":"https:\/\/api.w.org\/{rel}","templated":true}]}}