{"id":6839,"date":"2024-10-24T14:09:57","date_gmt":"2024-10-24T14:09:57","guid":{"rendered":"https:\/\/www.elpex.se\/produkt\/klassikaline-wasa\/"},"modified":"2026-02-24T15:22:49","modified_gmt":"2026-02-24T15:22:49","slug":"klassikaline-wasa","status":"publish","type":"product","link":"https:\/\/www.elpex.se\/et\/produkt\/klassikaline-wasa\/","title":{"rendered":"Classic Wasa"},"content":{"rendered":"<p data-start=\"0\" data-end=\"458\">Originaal, mille juured ulatuvad tagasi 80ndatesse! Maailma enimm\u00fc\u00fcdud rullsuusa? See on mudel, mis on sortimendis olnud k\u00f5ige kauem \u2013 ja seda p\u00f5hjusega: see on v\u00e4ga, v\u00e4ga hea. Laiad rattad pakuvad stabiilsust ja raam piisavat vetruvust. See on ideaalne treeningrullsuusk nii algajatele kui ka eliitsportlastele. Stabiilne s\u00f5idutunne ja murdmaasuusatamisega sarnane tunnetus teevad Elpex Wasast ideaalse partneri teedel.   <\/p>\n<p data-start=\"460\" data-end=\"506\"><strong data-start=\"460\" data-end=\"477\">S\u00f5itja t\u00fc\u00fcp:<\/strong> Algajad ja kogenud s\u00f5itjad.<\/p>\n<p data-start=\"508\" data-end=\"525\"><strong data-start=\"508\" data-end=\"525\">Uudised 2026. aastaks:<\/strong><\/p>\n<ul>\n<li data-start=\"529\" data-end=\"576\">Parem ratta reguleerimine ja sobivus kahvlitesse<\/li>\n<li data-start=\"579\" data-end=\"629\">Tume tsink-nikkelkate kruvidel ja poltidel<\/li>\n<li data-start=\"632\" data-end=\"658\">Raami siiditr\u00fcki t\u00e4iustatud kulumiskindlus<\/li>\n<\/ul>\n<p data-pm-slice=\"1 1 []\">\n","protected":false},"excerpt":{"rendered":"<p>Originaal, mille juured ulatuvad tagasi 80ndatesse! Maailma enimm\u00fc\u00fcdud rullsuusa? See on mudel, mis on olnud k\u00f5ige kauem tootevalikus, ja seda p\u00f5hjusega: see on v\u00e4ga hea. Laiad rattad tagavad stabiilsuse ja raam pakub m\u00f5istlikku kaalu. <\/p>\n","protected":false},"featured_media":14368,"template":"","meta":[],"product_brand":[],"product_cat":[243,209,211],"product_tag":[509],"class_list":{"0":"post-6839","1":"product","2":"type-product","3":"status-publish","4":"has-post-thumbnail","6":"product_cat-populaarsed-tooted","7":"product_cat-rullsuusad","8":"product_cat-klassikaline","9":"product_tag-algaja","11":"first","12":"instock","13":"taxable","14":"shipping-taxable","15":"purchasable","16":"product-type-variable"},"composite_virtual":false,"composite_layout":"","composite_add_to_cart_form_location":"","composite_editable_in_cart":false,"composite_sold_individually_context":"","composite_shop_price_calc":"","composite_components":[],"composite_scenarios":[],"yoast_head":"<!-- This site is optimized with the Yoast SEO plugin v27.0 - https:\/\/yoast.com\/product\/yoast-seo-wordpress\/ -->\n<title>Classic Wasa - Elpex<\/title>\n<meta name=\"robots\" content=\"index, follow, max-snippet:-1, max-image-preview:large, max-video-preview:-1\" \/>\n<link rel=\"canonical\" href=\"https:\/\/www.elpex.se\/et\/produkt\/klassikaline-wasa\/\" \/>\n<meta property=\"og:locale\" content=\"et_EE\" \/>\n<meta property=\"og:type\" content=\"article\" \/>\n<meta property=\"og:title\" content=\"Classic Wasa - Elpex\" \/>\n<meta property=\"og:description\" content=\"Originaal, mille juured ulatuvad tagasi 80ndatesse! Maailma enimm\u00fc\u00fcdud rullsuusa? See on mudel, mis on olnud k\u00f5ige kauem tootevalikus, ja seda p\u00f5hjusega: see on v\u00e4ga hea. Laiad rattad tagavad stabiilsuse ja raam pakub m\u00f5istlikku kaalu.\" \/>\n<meta property=\"og:url\" content=\"https:\/\/www.elpex.se\/et\/produkt\/klassikaline-wasa\/\" \/>\n<meta property=\"og:site_name\" content=\"Elpex\" \/>\n<meta property=\"article:publisher\" content=\"https:\/\/www.facebook.com\/www.elpex.se\/?locale=sv_SE\" \/>\n<meta property=\"article:modified_time\" content=\"2026-02-24T15:22:49+00:00\" \/>\n<meta property=\"og:image\" content=\"https:\/\/www.elpex.se\/wp-content\/uploads\/2024\/10\/Elpex_Classic-Wasa_2-scaled.jpg.webp\" \/>\n\t<meta property=\"og:image:width\" content=\"1907\" \/>\n\t<meta property=\"og:image:height\" content=\"2560\" \/>\n\t<meta property=\"og:image:type\" content=\"image\/jpeg\" \/>\n<meta name=\"twitter:card\" content=\"summary_large_image\" \/>\n<script type=\"application\/ld+json\" class=\"yoast-schema-graph\">{\"@context\":\"https:\/\/schema.org\",\"@graph\":[{\"@type\":\"WebPage\",\"@id\":\"https:\/\/www.elpex.se\/et\/produkt\/klassikaline-wasa\/\",\"url\":\"https:\/\/www.elpex.se\/et\/produkt\/klassikaline-wasa\/\",\"name\":\"Classic Wasa - Elpex\",\"isPartOf\":{\"@id\":\"https:\/\/www.elpex.se\/et\/#website\"},\"primaryImageOfPage\":{\"@id\":\"https:\/\/www.elpex.se\/et\/produkt\/klassikaline-wasa\/#primaryimage\"},\"image\":{\"@id\":\"https:\/\/www.elpex.se\/et\/produkt\/klassikaline-wasa\/#primaryimage\"},\"thumbnailUrl\":\"https:\/\/www.elpex.se\/wp-content\/uploads\/2024\/10\/Classic-Wasa-Camera-18.png\",\"datePublished\":\"2024-10-24T14:09:57+00:00\",\"dateModified\":\"2026-02-24T15:22:49+00:00\",\"breadcrumb\":{\"@id\":\"https:\/\/www.elpex.se\/et\/produkt\/klassikaline-wasa\/#breadcrumb\"},\"inLanguage\":\"et\",\"potentialAction\":[{\"@type\":\"ReadAction\",\"target\":[\"https:\/\/www.elpex.se\/et\/produkt\/klassikaline-wasa\/\"]}]},{\"@type\":\"ImageObject\",\"inLanguage\":\"et\",\"@id\":\"https:\/\/www.elpex.se\/et\/produkt\/klassikaline-wasa\/#primaryimage\",\"url\":\"https:\/\/www.elpex.se\/wp-content\/uploads\/2024\/10\/Classic-Wasa-Camera-18.png\",\"contentUrl\":\"https:\/\/www.elpex.se\/wp-content\/uploads\/2024\/10\/Classic-Wasa-Camera-18.png\",\"width\":1080,\"height\":1350},{\"@type\":\"BreadcrumbList\",\"@id\":\"https:\/\/www.elpex.se\/et\/produkt\/klassikaline-wasa\/#breadcrumb\",\"itemListElement\":[{\"@type\":\"ListItem\",\"position\":1,\"name\":\"Hem\",\"item\":\"https:\/\/www.elpex.se\/et\/\"},{\"@type\":\"ListItem\",\"position\":2,\"name\":\"Rullsuusad ja tarvikud\",\"item\":\"https:\/\/www.elpex.se\/et\/shop\/\"},{\"@type\":\"ListItem\",\"position\":3,\"name\":\"Classic Wasa\"}]},{\"@type\":\"WebSite\",\"@id\":\"https:\/\/www.elpex.se\/et\/#website\",\"url\":\"https:\/\/www.elpex.se\/et\/\",\"name\":\"Elpex\",\"description\":\"\",\"publisher\":{\"@id\":\"https:\/\/www.elpex.se\/et\/#organization\"},\"potentialAction\":[{\"@type\":\"SearchAction\",\"target\":{\"@type\":\"EntryPoint\",\"urlTemplate\":\"https:\/\/www.elpex.se\/et\/?s={search_term_string}\"},\"query-input\":{\"@type\":\"PropertyValueSpecification\",\"valueRequired\":true,\"valueName\":\"search_term_string\"}}],\"inLanguage\":\"et\"},{\"@type\":\"Organization\",\"@id\":\"https:\/\/www.elpex.se\/et\/#organization\",\"name\":\"Elpex\",\"url\":\"https:\/\/www.elpex.se\/et\/\",\"logo\":{\"@type\":\"ImageObject\",\"inLanguage\":\"et\",\"@id\":\"https:\/\/www.elpex.se\/et\/#\/schema\/logo\/image\/\",\"url\":\"https:\/\/www.elpex.se\/wp-content\/uploads\/2024\/11\/Elpex-logo_svart.svg\",\"contentUrl\":\"https:\/\/www.elpex.se\/wp-content\/uploads\/2024\/11\/Elpex-logo_svart.svg\",\"caption\":\"Elpex\"},\"image\":{\"@id\":\"https:\/\/www.elpex.se\/et\/#\/schema\/logo\/image\/\"},\"sameAs\":[\"https:\/\/www.facebook.com\/www.elpex.se\/?locale=sv_SE\",\"https:\/\/www.instagram.com\/elpexrollerskis\/\"]}]}<\/script>\n<!-- \/ Yoast SEO plugin. -->","yoast_head_json":{"title":"Classic Wasa - Elpex","robots":{"index":"index","follow":"follow","max-snippet":"max-snippet:-1","max-image-preview":"max-image-preview:large","max-video-preview":"max-video-preview:-1"},"canonical":"https:\/\/www.elpex.se\/et\/produkt\/klassikaline-wasa\/","og_locale":"et_EE","og_type":"article","og_title":"Classic Wasa - Elpex","og_description":"Originaal, mille juured ulatuvad tagasi 80ndatesse! Maailma enimm\u00fc\u00fcdud rullsuusa? See on mudel, mis on olnud k\u00f5ige kauem tootevalikus, ja seda p\u00f5hjusega: see on v\u00e4ga hea. Laiad rattad tagavad stabiilsuse ja raam pakub m\u00f5istlikku kaalu.","og_url":"https:\/\/www.elpex.se\/et\/produkt\/klassikaline-wasa\/","og_site_name":"Elpex","article_publisher":"https:\/\/www.facebook.com\/www.elpex.se\/?locale=sv_SE","article_modified_time":"2026-02-24T15:22:49+00:00","og_image":[{"width":1907,"height":2560,"url":"https:\/\/www.elpex.se\/wp-content\/uploads\/2024\/10\/Elpex_Classic-Wasa_2-scaled.jpg.webp","type":"image\/jpeg"}],"twitter_card":"summary_large_image","schema":{"@context":"https:\/\/schema.org","@graph":[{"@type":"WebPage","@id":"https:\/\/www.elpex.se\/et\/produkt\/klassikaline-wasa\/","url":"https:\/\/www.elpex.se\/et\/produkt\/klassikaline-wasa\/","name":"Classic Wasa - Elpex","isPartOf":{"@id":"https:\/\/www.elpex.se\/et\/#website"},"primaryImageOfPage":{"@id":"https:\/\/www.elpex.se\/et\/produkt\/klassikaline-wasa\/#primaryimage"},"image":{"@id":"https:\/\/www.elpex.se\/et\/produkt\/klassikaline-wasa\/#primaryimage"},"thumbnailUrl":"https:\/\/www.elpex.se\/wp-content\/uploads\/2024\/10\/Classic-Wasa-Camera-18.png","datePublished":"2024-10-24T14:09:57+00:00","dateModified":"2026-02-24T15:22:49+00:00","breadcrumb":{"@id":"https:\/\/www.elpex.se\/et\/produkt\/klassikaline-wasa\/#breadcrumb"},"inLanguage":"et","potentialAction":[{"@type":"ReadAction","target":["https:\/\/www.elpex.se\/et\/produkt\/klassikaline-wasa\/"]}]},{"@type":"ImageObject","inLanguage":"et","@id":"https:\/\/www.elpex.se\/et\/produkt\/klassikaline-wasa\/#primaryimage","url":"https:\/\/www.elpex.se\/wp-content\/uploads\/2024\/10\/Classic-Wasa-Camera-18.png","contentUrl":"https:\/\/www.elpex.se\/wp-content\/uploads\/2024\/10\/Classic-Wasa-Camera-18.png","width":1080,"height":1350},{"@type":"BreadcrumbList","@id":"https:\/\/www.elpex.se\/et\/produkt\/klassikaline-wasa\/#breadcrumb","itemListElement":[{"@type":"ListItem","position":1,"name":"Hem","item":"https:\/\/www.elpex.se\/et\/"},{"@type":"ListItem","position":2,"name":"Rullsuusad ja tarvikud","item":"https:\/\/www.elpex.se\/et\/shop\/"},{"@type":"ListItem","position":3,"name":"Classic Wasa"}]},{"@type":"WebSite","@id":"https:\/\/www.elpex.se\/et\/#website","url":"https:\/\/www.elpex.se\/et\/","name":"Elpex","description":"","publisher":{"@id":"https:\/\/www.elpex.se\/et\/#organization"},"potentialAction":[{"@type":"SearchAction","target":{"@type":"EntryPoint","urlTemplate":"https:\/\/www.elpex.se\/et\/?s={search_term_string}"},"query-input":{"@type":"PropertyValueSpecification","valueRequired":true,"valueName":"search_term_string"}}],"inLanguage":"et"},{"@type":"Organization","@id":"https:\/\/www.elpex.se\/et\/#organization","name":"Elpex","url":"https:\/\/www.elpex.se\/et\/","logo":{"@type":"ImageObject","inLanguage":"et","@id":"https:\/\/www.elpex.se\/et\/#\/schema\/logo\/image\/","url":"https:\/\/www.elpex.se\/wp-content\/uploads\/2024\/11\/Elpex-logo_svart.svg","contentUrl":"https:\/\/www.elpex.se\/wp-content\/uploads\/2024\/11\/Elpex-logo_svart.svg","caption":"Elpex"},"image":{"@id":"https:\/\/www.elpex.se\/et\/#\/schema\/logo\/image\/"},"sameAs":["https:\/\/www.facebook.com\/www.elpex.se\/?locale=sv_SE","https:\/\/www.instagram.com\/elpexrollerskis\/"]}]}},"_links":{"self":[{"href":"https:\/\/www.elpex.se\/et\/wp-json\/wp\/v2\/product\/6839","targetHints":{"allow":["GET"]}}],"collection":[{"href":"https:\/\/www.elpex.se\/et\/wp-json\/wp\/v2\/product"}],"about":[{"href":"https:\/\/www.elpex.se\/et\/wp-json\/wp\/v2\/types\/product"}],"wp:featuredmedia":[{"embeddable":true,"href":"https:\/\/www.elpex.se\/et\/wp-json\/wp\/v2\/media\/14368"}],"wp:attachment":[{"href":"https:\/\/www.elpex.se\/et\/wp-json\/wp\/v2\/media?parent=6839"}],"wp:term":[{"taxonomy":"product_brand","embeddable":true,"href":"https:\/\/www.elpex.se\/et\/wp-json\/wp\/v2\/product_brand?post=6839"},{"taxonomy":"product_cat","embeddable":true,"href":"https:\/\/www.elpex.se\/et\/wp-json\/wp\/v2\/product_cat?post=6839"},{"taxonomy":"product_tag","embeddable":true,"href":"https:\/\/www.elpex.se\/et\/wp-json\/wp\/v2\/product_tag?post=6839"}],"curies":[{"name":"wp","href":"https:\/\/api.w.org\/{rel}","templated":true}]}}