{"id":5701,"date":"2025-01-22T12:33:20","date_gmt":"2025-01-22T12:33:20","guid":{"rendered":"https:\/\/www.elpex.se\/?post_type=product&#038;p=5701"},"modified":"2026-02-26T13:19:29","modified_gmt":"2026-02-26T13:19:29","slug":"esiratas-40mm","status":"publish","type":"product","link":"https:\/\/www.elpex.se\/et\/produkt\/esiratas-40mm\/","title":{"rendered":"Esiratas 40mm"},"content":{"rendered":"<div id=\"botiga-accordion-description\" class=\"botiga-accordion__body botiga-collapse active\">\n<div class=\"botiga-accordion__body-content botiga-collapse__content\">\n<div class=\"component_description_wrapper\">\n<div class=\"component_description\">\n<p><strong>Spetsifikatsioonid:<\/strong><\/p>\n<p>Ratta laius: 40mm<\/p>\n<p>Ratta l\u00e4bim\u00f5\u00f5t: 70mm<\/p>\n<p><strong>\u00dchildub:<\/strong> Classic Team, Classic DP (ees), Classic Junior, Team 480, Team 610, Team 610 NIS, Wasa Evolution X, Wasa Evolution Y<\/p>\n<p>Alustage veeretakistuse valimisega.<\/p>\n<ul>\n<li>(2): standardne ratas ja veeretakistus, mida kasutatakse rullsuusav\u00f5istlustel. Sobib algajatele, treenijatele, aga ka neile, kes soovivad treenida kergema veeretakistusega. <\/li>\n<li>(3): Suurem veeretakistus. Sobib neile, kes soovivad oma treeningut j\u00e4rgmisele tasemele viia ja soovivad suuremat v\u00e4ljakutset. <\/li>\n<li>(4): Meie k\u00f5ige suurem veeretakistus. See on m\u00f5eldud neile, kes on suusatanud palju takistusega 3, kuid tunnevad, et see veereb liiga kergesti. <\/li>\n<\/ul>\n<p>J\u00e4rgmisena saate valida, milliseid esi- ja tagaveole soovite osta.<\/p>\n<ul>\n<li>Meie komplektsed rattad sisaldavad telge, kuullaagrit ja ratast.<\/li>\n<li>T\u00fchjad rattad on head neile, kes soovivad lihtsalt vahetada ratta kummi, kuid kasutada uuesti telge ja kuullaagreid.<\/li>\n<\/ul>\n<\/div>\n<\/div>\n<\/div>\n<\/div>\n","protected":false},"excerpt":{"rendered":"<p>Spetsifikatsioonid: Ratta laius: 40mm Ratta l\u00e4bim\u00f5\u00f5t: 70mm \u00dchildub: Classic Team, Classic DP (ees), Classic Junior, Team 480, Team 610, Team 610 NIS, Wasa Evolution X, Wasa Evolution Y Alustage veeretakistuse valimisega. (2): standardne ratas ja veeretakistus, mida kasutatakse rullsuusav\u00f5istlustel. Sobib algajatele, treenijatele, aga ka neile, [&hellip;]<\/p>\n","protected":false},"featured_media":11048,"template":"","meta":[],"product_brand":[],"product_cat":[169,454],"product_tag":[],"class_list":{"0":"post-5701","1":"product","2":"type-product","3":"status-publish","4":"has-post-thumbnail","6":"product_cat-rattad","7":"product_cat-varuosad","9":"first","10":"instock","11":"taxable","12":"shipping-taxable","13":"purchasable","14":"product-type-variable"},"composite_virtual":false,"composite_layout":"","composite_add_to_cart_form_location":"","composite_editable_in_cart":false,"composite_sold_individually_context":"","composite_shop_price_calc":"","composite_components":[],"composite_scenarios":[],"yoast_head":"<!-- This site is optimized with the Yoast SEO plugin v27.4 - https:\/\/yoast.com\/product\/yoast-seo-wordpress\/ -->\n<title>Esiratas 40mm - Elpex<\/title>\n<meta name=\"robots\" content=\"index, follow, max-snippet:-1, max-image-preview:large, max-video-preview:-1\" \/>\n<link rel=\"canonical\" href=\"https:\/\/www.elpex.se\/et\/produkt\/esiratas-40mm\/\" \/>\n<meta property=\"og:locale\" content=\"et_EE\" \/>\n<meta property=\"og:type\" content=\"article\" \/>\n<meta property=\"og:title\" content=\"Esiratas 40mm - Elpex\" \/>\n<meta property=\"og:description\" content=\"Spetsifikatsioonid: Ratta laius: 40mm Ratta l\u00e4bim\u00f5\u00f5t: 70mm \u00dchildub: Classic Team, Classic DP (ees), Classic Junior, Team 480, Team 610, Team 610 NIS, Wasa Evolution X, Wasa Evolution Y Alustage veeretakistuse valimisega. (2): standardne ratas ja veeretakistus, mida kasutatakse rullsuusav\u00f5istlustel. Sobib algajatele, treenijatele, aga ka neile, [&hellip;]\" \/>\n<meta property=\"og:url\" content=\"https:\/\/www.elpex.se\/et\/produkt\/esiratas-40mm\/\" \/>\n<meta property=\"og:site_name\" content=\"Elpex\" \/>\n<meta property=\"article:publisher\" content=\"https:\/\/www.facebook.com\/www.elpex.se\/?locale=sv_SE\" \/>\n<meta property=\"article:modified_time\" content=\"2026-02-26T13:19:29+00:00\" \/>\n<meta property=\"og:image\" content=\"https:\/\/www.elpex.se\/wp-content\/uploads\/2025\/01\/07_Dack_med_hjullager_TransparentBG.jpg.webp\" \/>\n\t<meta property=\"og:image:width\" content=\"1920\" \/>\n\t<meta property=\"og:image:height\" content=\"1920\" \/>\n\t<meta property=\"og:image:type\" content=\"image\/jpeg\" \/>\n<meta name=\"twitter:card\" content=\"summary_large_image\" \/>\n<meta name=\"twitter:label1\" content=\"Est. reading time\" \/>\n\t<meta name=\"twitter:data1\" content=\"2 minutit\" \/>\n<script type=\"application\/ld+json\" class=\"yoast-schema-graph\">{\"@context\":\"https:\\\/\\\/schema.org\",\"@graph\":[{\"@type\":\"WebPage\",\"@id\":\"https:\\\/\\\/www.elpex.se\\\/et\\\/produkt\\\/esiratas-40mm\\\/\",\"url\":\"https:\\\/\\\/www.elpex.se\\\/et\\\/produkt\\\/esiratas-40mm\\\/\",\"name\":\"Esiratas 40mm - Elpex\",\"isPartOf\":{\"@id\":\"https:\\\/\\\/www.elpex.se\\\/et\\\/#website\"},\"primaryImageOfPage\":{\"@id\":\"https:\\\/\\\/www.elpex.se\\\/et\\\/produkt\\\/esiratas-40mm\\\/#primaryimage\"},\"image\":{\"@id\":\"https:\\\/\\\/www.elpex.se\\\/et\\\/produkt\\\/esiratas-40mm\\\/#primaryimage\"},\"thumbnailUrl\":\"https:\\\/\\\/www.elpex.se\\\/wp-content\\\/uploads\\\/2025\\\/01\\\/07_Dack_med_hjullager_TransparentBG.jpg.webp\",\"datePublished\":\"2025-01-22T12:33:20+00:00\",\"dateModified\":\"2026-02-26T13:19:29+00:00\",\"breadcrumb\":{\"@id\":\"https:\\\/\\\/www.elpex.se\\\/et\\\/produkt\\\/esiratas-40mm\\\/#breadcrumb\"},\"inLanguage\":\"et\",\"potentialAction\":[{\"@type\":\"ReadAction\",\"target\":[\"https:\\\/\\\/www.elpex.se\\\/et\\\/produkt\\\/esiratas-40mm\\\/\"]}]},{\"@type\":\"ImageObject\",\"inLanguage\":\"et\",\"@id\":\"https:\\\/\\\/www.elpex.se\\\/et\\\/produkt\\\/esiratas-40mm\\\/#primaryimage\",\"url\":\"https:\\\/\\\/www.elpex.se\\\/wp-content\\\/uploads\\\/2025\\\/01\\\/07_Dack_med_hjullager_TransparentBG.jpg.webp\",\"contentUrl\":\"https:\\\/\\\/www.elpex.se\\\/wp-content\\\/uploads\\\/2025\\\/01\\\/07_Dack_med_hjullager_TransparentBG.jpg.webp\",\"width\":1920,\"height\":1920},{\"@type\":\"BreadcrumbList\",\"@id\":\"https:\\\/\\\/www.elpex.se\\\/et\\\/produkt\\\/esiratas-40mm\\\/#breadcrumb\",\"itemListElement\":[{\"@type\":\"ListItem\",\"position\":1,\"name\":\"Hem\",\"item\":\"https:\\\/\\\/www.elpex.se\\\/et\\\/\"},{\"@type\":\"ListItem\",\"position\":2,\"name\":\"Rullsuusad ja tarvikud\",\"item\":\"https:\\\/\\\/www.elpex.se\\\/et\\\/shop\\\/\"},{\"@type\":\"ListItem\",\"position\":3,\"name\":\"Esiratas 40mm\"}]},{\"@type\":\"WebSite\",\"@id\":\"https:\\\/\\\/www.elpex.se\\\/et\\\/#website\",\"url\":\"https:\\\/\\\/www.elpex.se\\\/et\\\/\",\"name\":\"Elpex\",\"description\":\"\",\"publisher\":{\"@id\":\"https:\\\/\\\/www.elpex.se\\\/et\\\/#organization\"},\"potentialAction\":[{\"@type\":\"SearchAction\",\"target\":{\"@type\":\"EntryPoint\",\"urlTemplate\":\"https:\\\/\\\/www.elpex.se\\\/et\\\/?s={search_term_string}\"},\"query-input\":{\"@type\":\"PropertyValueSpecification\",\"valueRequired\":true,\"valueName\":\"search_term_string\"}}],\"inLanguage\":\"et\"},{\"@type\":\"Organization\",\"@id\":\"https:\\\/\\\/www.elpex.se\\\/et\\\/#organization\",\"name\":\"Elpex\",\"url\":\"https:\\\/\\\/www.elpex.se\\\/et\\\/\",\"logo\":{\"@type\":\"ImageObject\",\"inLanguage\":\"et\",\"@id\":\"https:\\\/\\\/www.elpex.se\\\/et\\\/#\\\/schema\\\/logo\\\/image\\\/\",\"url\":\"https:\\\/\\\/www.elpex.se\\\/wp-content\\\/uploads\\\/2024\\\/11\\\/Elpex-logo_svart.svg\",\"contentUrl\":\"https:\\\/\\\/www.elpex.se\\\/wp-content\\\/uploads\\\/2024\\\/11\\\/Elpex-logo_svart.svg\",\"caption\":\"Elpex\"},\"image\":{\"@id\":\"https:\\\/\\\/www.elpex.se\\\/et\\\/#\\\/schema\\\/logo\\\/image\\\/\"},\"sameAs\":[\"https:\\\/\\\/www.facebook.com\\\/www.elpex.se\\\/?locale=sv_SE\",\"https:\\\/\\\/www.instagram.com\\\/elpexrollerskis\\\/\"]}]}<\/script>\n<!-- \/ Yoast SEO plugin. -->","yoast_head_json":{"title":"Esiratas 40mm - Elpex","robots":{"index":"index","follow":"follow","max-snippet":"max-snippet:-1","max-image-preview":"max-image-preview:large","max-video-preview":"max-video-preview:-1"},"canonical":"https:\/\/www.elpex.se\/et\/produkt\/esiratas-40mm\/","og_locale":"et_EE","og_type":"article","og_title":"Esiratas 40mm - Elpex","og_description":"Spetsifikatsioonid: Ratta laius: 40mm Ratta l\u00e4bim\u00f5\u00f5t: 70mm \u00dchildub: Classic Team, Classic DP (ees), Classic Junior, Team 480, Team 610, Team 610 NIS, Wasa Evolution X, Wasa Evolution Y Alustage veeretakistuse valimisega. (2): standardne ratas ja veeretakistus, mida kasutatakse rullsuusav\u00f5istlustel. Sobib algajatele, treenijatele, aga ka neile, [&hellip;]","og_url":"https:\/\/www.elpex.se\/et\/produkt\/esiratas-40mm\/","og_site_name":"Elpex","article_publisher":"https:\/\/www.facebook.com\/www.elpex.se\/?locale=sv_SE","article_modified_time":"2026-02-26T13:19:29+00:00","og_image":[{"width":1920,"height":1920,"url":"https:\/\/www.elpex.se\/wp-content\/uploads\/2025\/01\/07_Dack_med_hjullager_TransparentBG.jpg.webp","type":"image\/jpeg"}],"twitter_card":"summary_large_image","twitter_misc":{"Est. reading time":"2 minutit"},"schema":{"@context":"https:\/\/schema.org","@graph":[{"@type":"WebPage","@id":"https:\/\/www.elpex.se\/et\/produkt\/esiratas-40mm\/","url":"https:\/\/www.elpex.se\/et\/produkt\/esiratas-40mm\/","name":"Esiratas 40mm - Elpex","isPartOf":{"@id":"https:\/\/www.elpex.se\/et\/#website"},"primaryImageOfPage":{"@id":"https:\/\/www.elpex.se\/et\/produkt\/esiratas-40mm\/#primaryimage"},"image":{"@id":"https:\/\/www.elpex.se\/et\/produkt\/esiratas-40mm\/#primaryimage"},"thumbnailUrl":"https:\/\/www.elpex.se\/wp-content\/uploads\/2025\/01\/07_Dack_med_hjullager_TransparentBG.jpg.webp","datePublished":"2025-01-22T12:33:20+00:00","dateModified":"2026-02-26T13:19:29+00:00","breadcrumb":{"@id":"https:\/\/www.elpex.se\/et\/produkt\/esiratas-40mm\/#breadcrumb"},"inLanguage":"et","potentialAction":[{"@type":"ReadAction","target":["https:\/\/www.elpex.se\/et\/produkt\/esiratas-40mm\/"]}]},{"@type":"ImageObject","inLanguage":"et","@id":"https:\/\/www.elpex.se\/et\/produkt\/esiratas-40mm\/#primaryimage","url":"https:\/\/www.elpex.se\/wp-content\/uploads\/2025\/01\/07_Dack_med_hjullager_TransparentBG.jpg.webp","contentUrl":"https:\/\/www.elpex.se\/wp-content\/uploads\/2025\/01\/07_Dack_med_hjullager_TransparentBG.jpg.webp","width":1920,"height":1920},{"@type":"BreadcrumbList","@id":"https:\/\/www.elpex.se\/et\/produkt\/esiratas-40mm\/#breadcrumb","itemListElement":[{"@type":"ListItem","position":1,"name":"Hem","item":"https:\/\/www.elpex.se\/et\/"},{"@type":"ListItem","position":2,"name":"Rullsuusad ja tarvikud","item":"https:\/\/www.elpex.se\/et\/shop\/"},{"@type":"ListItem","position":3,"name":"Esiratas 40mm"}]},{"@type":"WebSite","@id":"https:\/\/www.elpex.se\/et\/#website","url":"https:\/\/www.elpex.se\/et\/","name":"Elpex","description":"","publisher":{"@id":"https:\/\/www.elpex.se\/et\/#organization"},"potentialAction":[{"@type":"SearchAction","target":{"@type":"EntryPoint","urlTemplate":"https:\/\/www.elpex.se\/et\/?s={search_term_string}"},"query-input":{"@type":"PropertyValueSpecification","valueRequired":true,"valueName":"search_term_string"}}],"inLanguage":"et"},{"@type":"Organization","@id":"https:\/\/www.elpex.se\/et\/#organization","name":"Elpex","url":"https:\/\/www.elpex.se\/et\/","logo":{"@type":"ImageObject","inLanguage":"et","@id":"https:\/\/www.elpex.se\/et\/#\/schema\/logo\/image\/","url":"https:\/\/www.elpex.se\/wp-content\/uploads\/2024\/11\/Elpex-logo_svart.svg","contentUrl":"https:\/\/www.elpex.se\/wp-content\/uploads\/2024\/11\/Elpex-logo_svart.svg","caption":"Elpex"},"image":{"@id":"https:\/\/www.elpex.se\/et\/#\/schema\/logo\/image\/"},"sameAs":["https:\/\/www.facebook.com\/www.elpex.se\/?locale=sv_SE","https:\/\/www.instagram.com\/elpexrollerskis\/"]}]}},"_links":{"self":[{"href":"https:\/\/www.elpex.se\/et\/wp-json\/wp\/v2\/product\/5701","targetHints":{"allow":["GET"]}}],"collection":[{"href":"https:\/\/www.elpex.se\/et\/wp-json\/wp\/v2\/product"}],"about":[{"href":"https:\/\/www.elpex.se\/et\/wp-json\/wp\/v2\/types\/product"}],"wp:featuredmedia":[{"embeddable":true,"href":"https:\/\/www.elpex.se\/et\/wp-json\/wp\/v2\/media\/11048"}],"wp:attachment":[{"href":"https:\/\/www.elpex.se\/et\/wp-json\/wp\/v2\/media?parent=5701"}],"wp:term":[{"taxonomy":"product_brand","embeddable":true,"href":"https:\/\/www.elpex.se\/et\/wp-json\/wp\/v2\/product_brand?post=5701"},{"taxonomy":"product_cat","embeddable":true,"href":"https:\/\/www.elpex.se\/et\/wp-json\/wp\/v2\/product_cat?post=5701"},{"taxonomy":"product_tag","embeddable":true,"href":"https:\/\/www.elpex.se\/et\/wp-json\/wp\/v2\/product_tag?post=5701"}],"curies":[{"name":"wp","href":"https:\/\/api.w.org\/{rel}","templated":true}]}}