{"id":3134,"date":"2024-12-12T15:13:12","date_gmt":"2024-12-12T15:13:12","guid":{"rendered":"https:\/\/www.elpex.se\/produkt\/salomon-prolink-race-classic\/"},"modified":"2026-01-14T13:39:47","modified_gmt":"2026-01-14T13:39:47","slug":"salomon-prolink-race-classic","status":"publish","type":"product","link":"https:\/\/www.elpex.se\/et\/produkt\/salomon-prolink-race-classic\/","title":{"rendered":"Salomon Prolink Race Classic"},"content":{"rendered":"<p>Prolink Race Skate side paigaldatakse optimaalsesse kohta, et rullsuuskadest maksimumi v\u00f5tta. Madal liides suusa ja sideme vahel asetab j\u00f5u otse rullsuusale, maksimaalse j\u00f5u\u00fclekande ja tunnetuse tagamiseks. \u00dchildub Prolink\u00ae-, NNN\u00ae- ja Turnamic\u00ae-saabastega.  <\/p>\n<p><strong>Kaal:<\/strong> 230 grammi\/paar<\/p>\n<p>&nbsp;<\/p>\n","protected":false},"excerpt":{"rendered":"<p>Prolink Race Skate side paigaldatakse optimaalsesse kohta, et rullsuuskadest maksimumi v\u00f5tta. Madal liides suusa ja sideme vahel asetab j\u00f5u otse rullsuusale, maksimaalse j\u00f5u\u00fclekande ja tunnetuse tagamiseks. \u00dchildub Prolink\u00ae-, NNN\u00ae- ja Turnamic\u00ae-saabastega. Kaal: 230 grammi\/paar &nbsp;<\/p>\n","protected":false},"featured_media":3136,"template":"","meta":[],"product_brand":[],"product_cat":[186,187],"product_tag":[],"class_list":{"0":"post-3134","1":"product","2":"type-product","3":"status-publish","4":"has-post-thumbnail","6":"product_cat-tarvikud","7":"product_cat-volakirjad","9":"first","10":"instock","11":"taxable","12":"shipping-taxable","13":"purchasable","14":"product-type-simple"},"composite_virtual":false,"composite_layout":"","composite_add_to_cart_form_location":"","composite_editable_in_cart":false,"composite_sold_individually_context":"","composite_shop_price_calc":"","composite_components":[],"composite_scenarios":[],"yoast_head":"<!-- This site is optimized with the Yoast SEO plugin v27.4 - https:\/\/yoast.com\/product\/yoast-seo-wordpress\/ -->\n<title>Salomon Prolink Race Classic - Elpex<\/title>\n<meta name=\"robots\" content=\"index, follow, max-snippet:-1, max-image-preview:large, max-video-preview:-1\" \/>\n<link rel=\"canonical\" href=\"https:\/\/www.elpex.se\/et\/produkt\/salomon-prolink-race-classic\/\" \/>\n<meta property=\"og:locale\" content=\"et_EE\" \/>\n<meta property=\"og:type\" content=\"article\" \/>\n<meta property=\"og:title\" content=\"Salomon Prolink Race Classic - Elpex\" \/>\n<meta property=\"og:description\" content=\"Prolink Race Skate side paigaldatakse optimaalsesse kohta, et rullsuuskadest maksimumi v\u00f5tta. Madal liides suusa ja sideme vahel asetab j\u00f5u otse rullsuusale, maksimaalse j\u00f5u\u00fclekande ja tunnetuse tagamiseks. \u00dchildub Prolink\u00ae-, NNN\u00ae- ja Turnamic\u00ae-saabastega. Kaal: 230 grammi\/paar &nbsp;\" \/>\n<meta property=\"og:url\" content=\"https:\/\/www.elpex.se\/et\/produkt\/salomon-prolink-race-classic\/\" \/>\n<meta property=\"og:site_name\" content=\"Elpex\" \/>\n<meta property=\"article:publisher\" content=\"https:\/\/www.facebook.com\/www.elpex.se\/?locale=sv_SE\" \/>\n<meta property=\"article:modified_time\" content=\"2026-01-14T13:39:47+00:00\" \/>\n<meta property=\"og:image\" content=\"https:\/\/www.elpex.se\/wp-content\/uploads\/2024\/12\/Salomon-Prolink-1.jpg.webp\" \/>\n\t<meta property=\"og:image:width\" content=\"800\" \/>\n\t<meta property=\"og:image:height\" content=\"800\" \/>\n\t<meta property=\"og:image:type\" content=\"image\/jpeg\" \/>\n<meta name=\"twitter:card\" content=\"summary_large_image\" \/>\n<script type=\"application\/ld+json\" class=\"yoast-schema-graph\">{\"@context\":\"https:\\\/\\\/schema.org\",\"@graph\":[{\"@type\":\"WebPage\",\"@id\":\"https:\\\/\\\/www.elpex.se\\\/et\\\/produkt\\\/salomon-prolink-race-classic\\\/\",\"url\":\"https:\\\/\\\/www.elpex.se\\\/et\\\/produkt\\\/salomon-prolink-race-classic\\\/\",\"name\":\"Salomon Prolink Race Classic - Elpex\",\"isPartOf\":{\"@id\":\"https:\\\/\\\/www.elpex.se\\\/et\\\/#website\"},\"primaryImageOfPage\":{\"@id\":\"https:\\\/\\\/www.elpex.se\\\/et\\\/produkt\\\/salomon-prolink-race-classic\\\/#primaryimage\"},\"image\":{\"@id\":\"https:\\\/\\\/www.elpex.se\\\/et\\\/produkt\\\/salomon-prolink-race-classic\\\/#primaryimage\"},\"thumbnailUrl\":\"https:\\\/\\\/www.elpex.se\\\/wp-content\\\/uploads\\\/2024\\\/12\\\/Salomon-Prolink-1.jpg.webp\",\"datePublished\":\"2024-12-12T15:13:12+00:00\",\"dateModified\":\"2026-01-14T13:39:47+00:00\",\"breadcrumb\":{\"@id\":\"https:\\\/\\\/www.elpex.se\\\/et\\\/produkt\\\/salomon-prolink-race-classic\\\/#breadcrumb\"},\"inLanguage\":\"et\",\"potentialAction\":[{\"@type\":\"ReadAction\",\"target\":[\"https:\\\/\\\/www.elpex.se\\\/et\\\/produkt\\\/salomon-prolink-race-classic\\\/\"]}]},{\"@type\":\"ImageObject\",\"inLanguage\":\"et\",\"@id\":\"https:\\\/\\\/www.elpex.se\\\/et\\\/produkt\\\/salomon-prolink-race-classic\\\/#primaryimage\",\"url\":\"https:\\\/\\\/www.elpex.se\\\/wp-content\\\/uploads\\\/2024\\\/12\\\/Salomon-Prolink-1.jpg.webp\",\"contentUrl\":\"https:\\\/\\\/www.elpex.se\\\/wp-content\\\/uploads\\\/2024\\\/12\\\/Salomon-Prolink-1.jpg.webp\",\"width\":800,\"height\":800},{\"@type\":\"BreadcrumbList\",\"@id\":\"https:\\\/\\\/www.elpex.se\\\/et\\\/produkt\\\/salomon-prolink-race-classic\\\/#breadcrumb\",\"itemListElement\":[{\"@type\":\"ListItem\",\"position\":1,\"name\":\"Hem\",\"item\":\"https:\\\/\\\/www.elpex.se\\\/et\\\/\"},{\"@type\":\"ListItem\",\"position\":2,\"name\":\"Rullsuusad ja tarvikud\",\"item\":\"https:\\\/\\\/www.elpex.se\\\/et\\\/shop\\\/\"},{\"@type\":\"ListItem\",\"position\":3,\"name\":\"Salomon Prolink Race Classic\"}]},{\"@type\":\"WebSite\",\"@id\":\"https:\\\/\\\/www.elpex.se\\\/et\\\/#website\",\"url\":\"https:\\\/\\\/www.elpex.se\\\/et\\\/\",\"name\":\"Elpex\",\"description\":\"\",\"publisher\":{\"@id\":\"https:\\\/\\\/www.elpex.se\\\/et\\\/#organization\"},\"potentialAction\":[{\"@type\":\"SearchAction\",\"target\":{\"@type\":\"EntryPoint\",\"urlTemplate\":\"https:\\\/\\\/www.elpex.se\\\/et\\\/?s={search_term_string}\"},\"query-input\":{\"@type\":\"PropertyValueSpecification\",\"valueRequired\":true,\"valueName\":\"search_term_string\"}}],\"inLanguage\":\"et\"},{\"@type\":\"Organization\",\"@id\":\"https:\\\/\\\/www.elpex.se\\\/et\\\/#organization\",\"name\":\"Elpex\",\"url\":\"https:\\\/\\\/www.elpex.se\\\/et\\\/\",\"logo\":{\"@type\":\"ImageObject\",\"inLanguage\":\"et\",\"@id\":\"https:\\\/\\\/www.elpex.se\\\/et\\\/#\\\/schema\\\/logo\\\/image\\\/\",\"url\":\"https:\\\/\\\/www.elpex.se\\\/wp-content\\\/uploads\\\/2024\\\/11\\\/Elpex-logo_svart.svg\",\"contentUrl\":\"https:\\\/\\\/www.elpex.se\\\/wp-content\\\/uploads\\\/2024\\\/11\\\/Elpex-logo_svart.svg\",\"caption\":\"Elpex\"},\"image\":{\"@id\":\"https:\\\/\\\/www.elpex.se\\\/et\\\/#\\\/schema\\\/logo\\\/image\\\/\"},\"sameAs\":[\"https:\\\/\\\/www.facebook.com\\\/www.elpex.se\\\/?locale=sv_SE\",\"https:\\\/\\\/www.instagram.com\\\/elpexrollerskis\\\/\"]}]}<\/script>\n<!-- \/ Yoast SEO plugin. -->","yoast_head_json":{"title":"Salomon Prolink Race Classic - Elpex","robots":{"index":"index","follow":"follow","max-snippet":"max-snippet:-1","max-image-preview":"max-image-preview:large","max-video-preview":"max-video-preview:-1"},"canonical":"https:\/\/www.elpex.se\/et\/produkt\/salomon-prolink-race-classic\/","og_locale":"et_EE","og_type":"article","og_title":"Salomon Prolink Race Classic - Elpex","og_description":"Prolink Race Skate side paigaldatakse optimaalsesse kohta, et rullsuuskadest maksimumi v\u00f5tta. Madal liides suusa ja sideme vahel asetab j\u00f5u otse rullsuusale, maksimaalse j\u00f5u\u00fclekande ja tunnetuse tagamiseks. \u00dchildub Prolink\u00ae-, NNN\u00ae- ja Turnamic\u00ae-saabastega. Kaal: 230 grammi\/paar &nbsp;","og_url":"https:\/\/www.elpex.se\/et\/produkt\/salomon-prolink-race-classic\/","og_site_name":"Elpex","article_publisher":"https:\/\/www.facebook.com\/www.elpex.se\/?locale=sv_SE","article_modified_time":"2026-01-14T13:39:47+00:00","og_image":[{"width":800,"height":800,"url":"https:\/\/www.elpex.se\/wp-content\/uploads\/2024\/12\/Salomon-Prolink-1.jpg.webp","type":"image\/jpeg"}],"twitter_card":"summary_large_image","schema":{"@context":"https:\/\/schema.org","@graph":[{"@type":"WebPage","@id":"https:\/\/www.elpex.se\/et\/produkt\/salomon-prolink-race-classic\/","url":"https:\/\/www.elpex.se\/et\/produkt\/salomon-prolink-race-classic\/","name":"Salomon Prolink Race Classic - Elpex","isPartOf":{"@id":"https:\/\/www.elpex.se\/et\/#website"},"primaryImageOfPage":{"@id":"https:\/\/www.elpex.se\/et\/produkt\/salomon-prolink-race-classic\/#primaryimage"},"image":{"@id":"https:\/\/www.elpex.se\/et\/produkt\/salomon-prolink-race-classic\/#primaryimage"},"thumbnailUrl":"https:\/\/www.elpex.se\/wp-content\/uploads\/2024\/12\/Salomon-Prolink-1.jpg.webp","datePublished":"2024-12-12T15:13:12+00:00","dateModified":"2026-01-14T13:39:47+00:00","breadcrumb":{"@id":"https:\/\/www.elpex.se\/et\/produkt\/salomon-prolink-race-classic\/#breadcrumb"},"inLanguage":"et","potentialAction":[{"@type":"ReadAction","target":["https:\/\/www.elpex.se\/et\/produkt\/salomon-prolink-race-classic\/"]}]},{"@type":"ImageObject","inLanguage":"et","@id":"https:\/\/www.elpex.se\/et\/produkt\/salomon-prolink-race-classic\/#primaryimage","url":"https:\/\/www.elpex.se\/wp-content\/uploads\/2024\/12\/Salomon-Prolink-1.jpg.webp","contentUrl":"https:\/\/www.elpex.se\/wp-content\/uploads\/2024\/12\/Salomon-Prolink-1.jpg.webp","width":800,"height":800},{"@type":"BreadcrumbList","@id":"https:\/\/www.elpex.se\/et\/produkt\/salomon-prolink-race-classic\/#breadcrumb","itemListElement":[{"@type":"ListItem","position":1,"name":"Hem","item":"https:\/\/www.elpex.se\/et\/"},{"@type":"ListItem","position":2,"name":"Rullsuusad ja tarvikud","item":"https:\/\/www.elpex.se\/et\/shop\/"},{"@type":"ListItem","position":3,"name":"Salomon Prolink Race Classic"}]},{"@type":"WebSite","@id":"https:\/\/www.elpex.se\/et\/#website","url":"https:\/\/www.elpex.se\/et\/","name":"Elpex","description":"","publisher":{"@id":"https:\/\/www.elpex.se\/et\/#organization"},"potentialAction":[{"@type":"SearchAction","target":{"@type":"EntryPoint","urlTemplate":"https:\/\/www.elpex.se\/et\/?s={search_term_string}"},"query-input":{"@type":"PropertyValueSpecification","valueRequired":true,"valueName":"search_term_string"}}],"inLanguage":"et"},{"@type":"Organization","@id":"https:\/\/www.elpex.se\/et\/#organization","name":"Elpex","url":"https:\/\/www.elpex.se\/et\/","logo":{"@type":"ImageObject","inLanguage":"et","@id":"https:\/\/www.elpex.se\/et\/#\/schema\/logo\/image\/","url":"https:\/\/www.elpex.se\/wp-content\/uploads\/2024\/11\/Elpex-logo_svart.svg","contentUrl":"https:\/\/www.elpex.se\/wp-content\/uploads\/2024\/11\/Elpex-logo_svart.svg","caption":"Elpex"},"image":{"@id":"https:\/\/www.elpex.se\/et\/#\/schema\/logo\/image\/"},"sameAs":["https:\/\/www.facebook.com\/www.elpex.se\/?locale=sv_SE","https:\/\/www.instagram.com\/elpexrollerskis\/"]}]}},"_links":{"self":[{"href":"https:\/\/www.elpex.se\/et\/wp-json\/wp\/v2\/product\/3134","targetHints":{"allow":["GET"]}}],"collection":[{"href":"https:\/\/www.elpex.se\/et\/wp-json\/wp\/v2\/product"}],"about":[{"href":"https:\/\/www.elpex.se\/et\/wp-json\/wp\/v2\/types\/product"}],"wp:featuredmedia":[{"embeddable":true,"href":"https:\/\/www.elpex.se\/et\/wp-json\/wp\/v2\/media\/3136"}],"wp:attachment":[{"href":"https:\/\/www.elpex.se\/et\/wp-json\/wp\/v2\/media?parent=3134"}],"wp:term":[{"taxonomy":"product_brand","embeddable":true,"href":"https:\/\/www.elpex.se\/et\/wp-json\/wp\/v2\/product_brand?post=3134"},{"taxonomy":"product_cat","embeddable":true,"href":"https:\/\/www.elpex.se\/et\/wp-json\/wp\/v2\/product_cat?post=3134"},{"taxonomy":"product_tag","embeddable":true,"href":"https:\/\/www.elpex.se\/et\/wp-json\/wp\/v2\/product_tag?post=3134"}],"curies":[{"name":"wp","href":"https:\/\/api.w.org\/{rel}","templated":true}]}}