{"id":3088,"date":"2024-12-11T14:23:20","date_gmt":"2024-12-11T14:23:20","guid":{"rendered":"https:\/\/www.elpex.se\/produkt\/rottefella-rollerski-classic\/"},"modified":"2026-01-14T13:41:29","modified_gmt":"2026-01-14T13:41:29","slug":"rottefella-rollerski-classic","status":"publish","type":"product","link":"https:\/\/www.elpex.se\/et\/produkt\/rottefella-rollerski-classic\/","title":{"rendered":"Rottefella Rollerski Classic"},"content":{"rendered":"<p><strong>Rottefella Rollerski Classic<\/strong> on spetsiaalselt rullsuuskade jaoks v\u00e4lja t\u00f6\u00f6tatud. Laiem sideme korpus ja kand parandavad stabiilsust ja turvalisust. Side on kerge, mis tagab optimaalse j\u00f5u\u00fclekande. See sisaldab turvalukku, mis lukustab mehaaniliselt avamis-\/sulgemismehhanismi.   <\/p>\n<p>Side on varustatud k\u00f5va fleksiga, mida saab h\u00f5lpsasti pehmema vastu vahetada. Fleks on painduv padi, mis pakub painutamisel vastupanu. See aitab sul suuski kontrollida ja annab loomulikuma t\u00f5uke- ja tagasit\u00f5mbets\u00fckli.  <\/p>\n<p><strong>Pikkus:<\/strong> 200 mm<br \/>\n<strong>Laius:<\/strong> 56 mm<br \/>\n<strong>Jalatsite suurus:<\/strong> 36-52<\/p>\n","protected":false},"excerpt":{"rendered":"<p>Rottefella Rollerski Classic on spetsiaalselt rullsuuskade jaoks v\u00e4lja t\u00f6\u00f6tatud. Laiem sideme korpus ja kand parandavad stabiilsust ja turvalisust. Side on kerge, mis tagab optimaalse j\u00f5u\u00fclekande. See sisaldab turvalukku, mis lukustab mehaaniliselt avamis-\/sulgemismehhanismi. Side on varustatud k\u00f5va fleksiga, mida saab h\u00f5lpsasti pehmema vastu vahetada. Fleks on [&hellip;]<\/p>\n","protected":false},"featured_media":2578,"template":"","meta":[],"product_brand":[],"product_cat":[186,187],"product_tag":[],"class_list":{"0":"post-3088","1":"product","2":"type-product","3":"status-publish","4":"has-post-thumbnail","6":"product_cat-tarvikud","7":"product_cat-volakirjad","9":"first","10":"instock","11":"taxable","12":"shipping-taxable","13":"purchasable","14":"product-type-simple"},"composite_virtual":false,"composite_layout":"","composite_add_to_cart_form_location":"","composite_editable_in_cart":false,"composite_sold_individually_context":"","composite_shop_price_calc":"","composite_components":[],"composite_scenarios":[],"yoast_head":"<!-- This site is optimized with the Yoast SEO plugin v27.0 - https:\/\/yoast.com\/product\/yoast-seo-wordpress\/ -->\n<title>Rottefella Rollerski Classic - Elpex<\/title>\n<meta name=\"robots\" content=\"index, follow, max-snippet:-1, max-image-preview:large, max-video-preview:-1\" \/>\n<link rel=\"canonical\" href=\"https:\/\/www.elpex.se\/et\/produkt\/rottefella-rollerski-classic\/\" \/>\n<meta property=\"og:locale\" content=\"et_EE\" \/>\n<meta property=\"og:type\" content=\"article\" \/>\n<meta property=\"og:title\" content=\"Rottefella Rollerski Classic - Elpex\" \/>\n<meta property=\"og:description\" content=\"Rottefella Rollerski Classic on spetsiaalselt rullsuuskade jaoks v\u00e4lja t\u00f6\u00f6tatud. Laiem sideme korpus ja kand parandavad stabiilsust ja turvalisust. Side on kerge, mis tagab optimaalse j\u00f5u\u00fclekande. See sisaldab turvalukku, mis lukustab mehaaniliselt avamis-\/sulgemismehhanismi. Side on varustatud k\u00f5va fleksiga, mida saab h\u00f5lpsasti pehmema vastu vahetada. Fleks on [&hellip;]\" \/>\n<meta property=\"og:url\" content=\"https:\/\/www.elpex.se\/et\/produkt\/rottefella-rollerski-classic\/\" \/>\n<meta property=\"og:site_name\" content=\"Elpex\" \/>\n<meta property=\"article:publisher\" content=\"https:\/\/www.facebook.com\/www.elpex.se\/?locale=sv_SE\" \/>\n<meta property=\"article:modified_time\" content=\"2026-01-14T13:41:29+00:00\" \/>\n<meta property=\"og:image\" content=\"https:\/\/www.elpex.se\/wp-content\/uploads\/2024\/12\/rottefella-rollerski-classic-locked.jpg.webp\" \/>\n\t<meta property=\"og:image:width\" content=\"1000\" \/>\n\t<meta property=\"og:image:height\" content=\"1000\" \/>\n\t<meta property=\"og:image:type\" content=\"image\/jpeg\" \/>\n<meta name=\"twitter:card\" content=\"summary_large_image\" \/>\n<script type=\"application\/ld+json\" class=\"yoast-schema-graph\">{\"@context\":\"https:\/\/schema.org\",\"@graph\":[{\"@type\":\"WebPage\",\"@id\":\"https:\/\/www.elpex.se\/et\/produkt\/rottefella-rollerski-classic\/\",\"url\":\"https:\/\/www.elpex.se\/et\/produkt\/rottefella-rollerski-classic\/\",\"name\":\"Rottefella Rollerski Classic - Elpex\",\"isPartOf\":{\"@id\":\"https:\/\/www.elpex.se\/et\/#website\"},\"primaryImageOfPage\":{\"@id\":\"https:\/\/www.elpex.se\/et\/produkt\/rottefella-rollerski-classic\/#primaryimage\"},\"image\":{\"@id\":\"https:\/\/www.elpex.se\/et\/produkt\/rottefella-rollerski-classic\/#primaryimage\"},\"thumbnailUrl\":\"https:\/\/www.elpex.se\/wp-content\/uploads\/2024\/12\/rottefella-rollerski-classic-locked.jpg.webp\",\"datePublished\":\"2024-12-11T14:23:20+00:00\",\"dateModified\":\"2026-01-14T13:41:29+00:00\",\"breadcrumb\":{\"@id\":\"https:\/\/www.elpex.se\/et\/produkt\/rottefella-rollerski-classic\/#breadcrumb\"},\"inLanguage\":\"et\",\"potentialAction\":[{\"@type\":\"ReadAction\",\"target\":[\"https:\/\/www.elpex.se\/et\/produkt\/rottefella-rollerski-classic\/\"]}]},{\"@type\":\"ImageObject\",\"inLanguage\":\"et\",\"@id\":\"https:\/\/www.elpex.se\/et\/produkt\/rottefella-rollerski-classic\/#primaryimage\",\"url\":\"https:\/\/www.elpex.se\/wp-content\/uploads\/2024\/12\/rottefella-rollerski-classic-locked.jpg.webp\",\"contentUrl\":\"https:\/\/www.elpex.se\/wp-content\/uploads\/2024\/12\/rottefella-rollerski-classic-locked.jpg.webp\",\"width\":1000,\"height\":1000},{\"@type\":\"BreadcrumbList\",\"@id\":\"https:\/\/www.elpex.se\/et\/produkt\/rottefella-rollerski-classic\/#breadcrumb\",\"itemListElement\":[{\"@type\":\"ListItem\",\"position\":1,\"name\":\"Hem\",\"item\":\"https:\/\/www.elpex.se\/et\/\"},{\"@type\":\"ListItem\",\"position\":2,\"name\":\"Rullsuusad ja tarvikud\",\"item\":\"https:\/\/www.elpex.se\/et\/shop\/\"},{\"@type\":\"ListItem\",\"position\":3,\"name\":\"Rottefella Rollerski Classic\"}]},{\"@type\":\"WebSite\",\"@id\":\"https:\/\/www.elpex.se\/et\/#website\",\"url\":\"https:\/\/www.elpex.se\/et\/\",\"name\":\"Elpex\",\"description\":\"\",\"publisher\":{\"@id\":\"https:\/\/www.elpex.se\/et\/#organization\"},\"potentialAction\":[{\"@type\":\"SearchAction\",\"target\":{\"@type\":\"EntryPoint\",\"urlTemplate\":\"https:\/\/www.elpex.se\/et\/?s={search_term_string}\"},\"query-input\":{\"@type\":\"PropertyValueSpecification\",\"valueRequired\":true,\"valueName\":\"search_term_string\"}}],\"inLanguage\":\"et\"},{\"@type\":\"Organization\",\"@id\":\"https:\/\/www.elpex.se\/et\/#organization\",\"name\":\"Elpex\",\"url\":\"https:\/\/www.elpex.se\/et\/\",\"logo\":{\"@type\":\"ImageObject\",\"inLanguage\":\"et\",\"@id\":\"https:\/\/www.elpex.se\/et\/#\/schema\/logo\/image\/\",\"url\":\"https:\/\/www.elpex.se\/wp-content\/uploads\/2024\/11\/Elpex-logo_svart.svg\",\"contentUrl\":\"https:\/\/www.elpex.se\/wp-content\/uploads\/2024\/11\/Elpex-logo_svart.svg\",\"caption\":\"Elpex\"},\"image\":{\"@id\":\"https:\/\/www.elpex.se\/et\/#\/schema\/logo\/image\/\"},\"sameAs\":[\"https:\/\/www.facebook.com\/www.elpex.se\/?locale=sv_SE\",\"https:\/\/www.instagram.com\/elpexrollerskis\/\"]}]}<\/script>\n<!-- \/ Yoast SEO plugin. -->","yoast_head_json":{"title":"Rottefella Rollerski Classic - Elpex","robots":{"index":"index","follow":"follow","max-snippet":"max-snippet:-1","max-image-preview":"max-image-preview:large","max-video-preview":"max-video-preview:-1"},"canonical":"https:\/\/www.elpex.se\/et\/produkt\/rottefella-rollerski-classic\/","og_locale":"et_EE","og_type":"article","og_title":"Rottefella Rollerski Classic - Elpex","og_description":"Rottefella Rollerski Classic on spetsiaalselt rullsuuskade jaoks v\u00e4lja t\u00f6\u00f6tatud. Laiem sideme korpus ja kand parandavad stabiilsust ja turvalisust. Side on kerge, mis tagab optimaalse j\u00f5u\u00fclekande. See sisaldab turvalukku, mis lukustab mehaaniliselt avamis-\/sulgemismehhanismi. Side on varustatud k\u00f5va fleksiga, mida saab h\u00f5lpsasti pehmema vastu vahetada. Fleks on [&hellip;]","og_url":"https:\/\/www.elpex.se\/et\/produkt\/rottefella-rollerski-classic\/","og_site_name":"Elpex","article_publisher":"https:\/\/www.facebook.com\/www.elpex.se\/?locale=sv_SE","article_modified_time":"2026-01-14T13:41:29+00:00","og_image":[{"width":1000,"height":1000,"url":"https:\/\/www.elpex.se\/wp-content\/uploads\/2024\/12\/rottefella-rollerski-classic-locked.jpg.webp","type":"image\/jpeg"}],"twitter_card":"summary_large_image","schema":{"@context":"https:\/\/schema.org","@graph":[{"@type":"WebPage","@id":"https:\/\/www.elpex.se\/et\/produkt\/rottefella-rollerski-classic\/","url":"https:\/\/www.elpex.se\/et\/produkt\/rottefella-rollerski-classic\/","name":"Rottefella Rollerski Classic - Elpex","isPartOf":{"@id":"https:\/\/www.elpex.se\/et\/#website"},"primaryImageOfPage":{"@id":"https:\/\/www.elpex.se\/et\/produkt\/rottefella-rollerski-classic\/#primaryimage"},"image":{"@id":"https:\/\/www.elpex.se\/et\/produkt\/rottefella-rollerski-classic\/#primaryimage"},"thumbnailUrl":"https:\/\/www.elpex.se\/wp-content\/uploads\/2024\/12\/rottefella-rollerski-classic-locked.jpg.webp","datePublished":"2024-12-11T14:23:20+00:00","dateModified":"2026-01-14T13:41:29+00:00","breadcrumb":{"@id":"https:\/\/www.elpex.se\/et\/produkt\/rottefella-rollerski-classic\/#breadcrumb"},"inLanguage":"et","potentialAction":[{"@type":"ReadAction","target":["https:\/\/www.elpex.se\/et\/produkt\/rottefella-rollerski-classic\/"]}]},{"@type":"ImageObject","inLanguage":"et","@id":"https:\/\/www.elpex.se\/et\/produkt\/rottefella-rollerski-classic\/#primaryimage","url":"https:\/\/www.elpex.se\/wp-content\/uploads\/2024\/12\/rottefella-rollerski-classic-locked.jpg.webp","contentUrl":"https:\/\/www.elpex.se\/wp-content\/uploads\/2024\/12\/rottefella-rollerski-classic-locked.jpg.webp","width":1000,"height":1000},{"@type":"BreadcrumbList","@id":"https:\/\/www.elpex.se\/et\/produkt\/rottefella-rollerski-classic\/#breadcrumb","itemListElement":[{"@type":"ListItem","position":1,"name":"Hem","item":"https:\/\/www.elpex.se\/et\/"},{"@type":"ListItem","position":2,"name":"Rullsuusad ja tarvikud","item":"https:\/\/www.elpex.se\/et\/shop\/"},{"@type":"ListItem","position":3,"name":"Rottefella Rollerski Classic"}]},{"@type":"WebSite","@id":"https:\/\/www.elpex.se\/et\/#website","url":"https:\/\/www.elpex.se\/et\/","name":"Elpex","description":"","publisher":{"@id":"https:\/\/www.elpex.se\/et\/#organization"},"potentialAction":[{"@type":"SearchAction","target":{"@type":"EntryPoint","urlTemplate":"https:\/\/www.elpex.se\/et\/?s={search_term_string}"},"query-input":{"@type":"PropertyValueSpecification","valueRequired":true,"valueName":"search_term_string"}}],"inLanguage":"et"},{"@type":"Organization","@id":"https:\/\/www.elpex.se\/et\/#organization","name":"Elpex","url":"https:\/\/www.elpex.se\/et\/","logo":{"@type":"ImageObject","inLanguage":"et","@id":"https:\/\/www.elpex.se\/et\/#\/schema\/logo\/image\/","url":"https:\/\/www.elpex.se\/wp-content\/uploads\/2024\/11\/Elpex-logo_svart.svg","contentUrl":"https:\/\/www.elpex.se\/wp-content\/uploads\/2024\/11\/Elpex-logo_svart.svg","caption":"Elpex"},"image":{"@id":"https:\/\/www.elpex.se\/et\/#\/schema\/logo\/image\/"},"sameAs":["https:\/\/www.facebook.com\/www.elpex.se\/?locale=sv_SE","https:\/\/www.instagram.com\/elpexrollerskis\/"]}]}},"_links":{"self":[{"href":"https:\/\/www.elpex.se\/et\/wp-json\/wp\/v2\/product\/3088","targetHints":{"allow":["GET"]}}],"collection":[{"href":"https:\/\/www.elpex.se\/et\/wp-json\/wp\/v2\/product"}],"about":[{"href":"https:\/\/www.elpex.se\/et\/wp-json\/wp\/v2\/types\/product"}],"wp:featuredmedia":[{"embeddable":true,"href":"https:\/\/www.elpex.se\/et\/wp-json\/wp\/v2\/media\/2578"}],"wp:attachment":[{"href":"https:\/\/www.elpex.se\/et\/wp-json\/wp\/v2\/media?parent=3088"}],"wp:term":[{"taxonomy":"product_brand","embeddable":true,"href":"https:\/\/www.elpex.se\/et\/wp-json\/wp\/v2\/product_brand?post=3088"},{"taxonomy":"product_cat","embeddable":true,"href":"https:\/\/www.elpex.se\/et\/wp-json\/wp\/v2\/product_cat?post=3088"},{"taxonomy":"product_tag","embeddable":true,"href":"https:\/\/www.elpex.se\/et\/wp-json\/wp\/v2\/product_tag?post=3088"}],"curies":[{"name":"wp","href":"https:\/\/api.w.org\/{rel}","templated":true}]}}