{"id":13001,"date":"2026-02-24T14:43:17","date_gmt":"2026-02-24T14:43:17","guid":{"rendered":"https:\/\/www.elpex.se\/?post_type=product&#038;p=13001"},"modified":"2026-04-08T07:12:58","modified_gmt":"2026-04-08T07:12:58","slug":"skate-stride-kopia","status":"publish","type":"product","link":"https:\/\/www.elpex.se\/et\/produkt\/skate-stride-kopia\/","title":{"rendered":"Skate Junior"},"content":{"rendered":"<p data-pm-slice=\"1 1 []\">Skate Junior kasutab samu arenenud profiile kui meie t\u00e4iskasvanute mudelid, kuid sirge alumiiniumprofiili ja v\u00e4iksemate ratastega, mis hoiavad noored s\u00f5itjad maapinnale l\u00e4hemal. Stabiilne, kerge ja kindlustunnet pakkuv \u2013 ideaalne \u00f5ige uisutehnika arendamiseks! Saadaval ka seniorratastega PU2 (loe l\u00e4hemalt altpoolt). <\/p>\n<p data-start=\"185\" data-end=\"254\"><strong data-start=\"185\" data-end=\"202\">S\u00f5itja t\u00fc\u00fcp:<\/strong> Lapsed ja juuniorid kuni 16-aastased.<\/p>\n<p data-start=\"497\" data-end=\"547\"><strong>Kummirattad 80 mm (veeretakistus 2) \u2013 Nooremate laste jaoks<\/strong><\/p>\n<p data-start=\"497\" data-end=\"547\">Vastupidav 80 mm kummirattas veeretakistusega 2. V\u00e4iksem l\u00e4bim\u00f5\u00f5t annab madalama raskuskeskme ja lisastabiilsuse \u2013 ideaalne nooremate s\u00f5itjate jaoks, kes on oma tehnika arendamise algfaasis. Turvaline, paindlik ja kergesti juhitav.   Need rattad on halli plastveljega.<\/p>\n<p data-start=\"497\" data-end=\"547\"><strong>PU-rattad 100 mm (veeretakistus 2) \u2013 Vanemate laste ja juunioride jaoks<\/strong><\/p>\n<p data-start=\"548\" data-end=\"869\">Stabiilsus k\u00f5ikides tingimustes! Need on samad rattad, mida kasutame t\u00e4iskasvanute mudelitel Skate Race ja Skate Stride. Meie PU-rattad annavad selge ja terava l\u00f5ike asfaldil ning suurep\u00e4rased s\u00f5iduomadused nii kuival kui m\u00e4rjal teel. Need PU2-rattad sobivad vanematele lastele ja juunioritele, kes soovivad v\u00f5istluslikumat tunnet ja suuremat kiirust. Annavad stabiilsuse t\u00f5ukes ja selge skate-tunde.     Need rattad on l\u00e4ikiva alumiiniumveljega.<\/p>\n<p>&nbsp;<\/p>\n","protected":false},"excerpt":{"rendered":"<p data-pm-slice=\"1 1 []\">Skate Junior kasutab samu arenenud profiile kui meie t\u00e4iskasvanute mudelid, kuid sirge alumiiniumprofiili ja v\u00e4iksemate ratastega, mis hoiavad noored s\u00f5itjad maapinnale l\u00e4hemal.<\/p>\n","protected":false},"featured_media":13064,"template":"","meta":[],"product_brand":[],"product_cat":[243,257,209],"product_tag":[481],"class_list":{"0":"post-13001","1":"product","2":"type-product","3":"status-publish","4":"has-post-thumbnail","6":"product_cat-populaarsed-tooted","7":"product_cat-rula","8":"product_cat-rullsuusad","9":"product_tag-algajad-2","11":"first","12":"instock","13":"taxable","14":"shipping-taxable","15":"purchasable","16":"product-type-variable"},"composite_virtual":false,"composite_layout":"","composite_add_to_cart_form_location":"","composite_editable_in_cart":false,"composite_sold_individually_context":"","composite_shop_price_calc":"","composite_components":[],"composite_scenarios":[],"yoast_head":"<!-- This site is optimized with the Yoast SEO plugin v27.4 - https:\/\/yoast.com\/product\/yoast-seo-wordpress\/ -->\n<title>Skate Junior - Elpex<\/title>\n<meta name=\"robots\" content=\"index, follow, max-snippet:-1, max-image-preview:large, max-video-preview:-1\" \/>\n<link rel=\"canonical\" href=\"https:\/\/www.elpex.se\/et\/produkt\/skate-stride-kopia\/\" \/>\n<meta property=\"og:locale\" content=\"et_EE\" \/>\n<meta property=\"og:type\" content=\"article\" \/>\n<meta property=\"og:title\" content=\"Skate Junior - Elpex\" \/>\n<meta property=\"og:description\" content=\"Skate Junior kasutab samu arenenud profiile kui meie t\u00e4iskasvanute mudelid, kuid sirge alumiiniumprofiili ja v\u00e4iksemate ratastega, mis hoiavad noored s\u00f5itjad maapinnale l\u00e4hemal.\" \/>\n<meta property=\"og:url\" content=\"https:\/\/www.elpex.se\/et\/produkt\/skate-stride-kopia\/\" \/>\n<meta property=\"og:site_name\" content=\"Elpex\" \/>\n<meta property=\"article:publisher\" content=\"https:\/\/www.facebook.com\/www.elpex.se\/?locale=sv_SE\" \/>\n<meta property=\"article:modified_time\" content=\"2026-04-08T07:12:58+00:00\" \/>\n<meta property=\"og:image\" content=\"https:\/\/www.elpex.se\/wp-content\/uploads\/2026\/02\/Skate-junior_6-kopia-kopia.png\" \/>\n\t<meta property=\"og:image:width\" content=\"1620\" \/>\n\t<meta property=\"og:image:height\" content=\"2366\" \/>\n\t<meta property=\"og:image:type\" content=\"image\/png\" \/>\n<meta name=\"twitter:card\" content=\"summary_large_image\" \/>\n<meta name=\"twitter:label1\" content=\"Est. reading time\" \/>\n\t<meta name=\"twitter:data1\" content=\"1 minut\" \/>\n<script type=\"application\/ld+json\" class=\"yoast-schema-graph\">{\"@context\":\"https:\\\/\\\/schema.org\",\"@graph\":[{\"@type\":\"WebPage\",\"@id\":\"https:\\\/\\\/www.elpex.se\\\/et\\\/produkt\\\/skate-stride-kopia\\\/\",\"url\":\"https:\\\/\\\/www.elpex.se\\\/et\\\/produkt\\\/skate-stride-kopia\\\/\",\"name\":\"Skate Junior - Elpex\",\"isPartOf\":{\"@id\":\"https:\\\/\\\/www.elpex.se\\\/et\\\/#website\"},\"primaryImageOfPage\":{\"@id\":\"https:\\\/\\\/www.elpex.se\\\/et\\\/produkt\\\/skate-stride-kopia\\\/#primaryimage\"},\"image\":{\"@id\":\"https:\\\/\\\/www.elpex.se\\\/et\\\/produkt\\\/skate-stride-kopia\\\/#primaryimage\"},\"thumbnailUrl\":\"https:\\\/\\\/www.elpex.se\\\/wp-content\\\/uploads\\\/2026\\\/02\\\/Skate-junior_6-kopia-kopia.png\",\"datePublished\":\"2026-02-24T14:43:17+00:00\",\"dateModified\":\"2026-04-08T07:12:58+00:00\",\"breadcrumb\":{\"@id\":\"https:\\\/\\\/www.elpex.se\\\/et\\\/produkt\\\/skate-stride-kopia\\\/#breadcrumb\"},\"inLanguage\":\"et\",\"potentialAction\":[{\"@type\":\"ReadAction\",\"target\":[\"https:\\\/\\\/www.elpex.se\\\/et\\\/produkt\\\/skate-stride-kopia\\\/\"]}]},{\"@type\":\"ImageObject\",\"inLanguage\":\"et\",\"@id\":\"https:\\\/\\\/www.elpex.se\\\/et\\\/produkt\\\/skate-stride-kopia\\\/#primaryimage\",\"url\":\"https:\\\/\\\/www.elpex.se\\\/wp-content\\\/uploads\\\/2026\\\/02\\\/Skate-junior_6-kopia-kopia.png\",\"contentUrl\":\"https:\\\/\\\/www.elpex.se\\\/wp-content\\\/uploads\\\/2026\\\/02\\\/Skate-junior_6-kopia-kopia.png\",\"width\":1620,\"height\":2366},{\"@type\":\"BreadcrumbList\",\"@id\":\"https:\\\/\\\/www.elpex.se\\\/et\\\/produkt\\\/skate-stride-kopia\\\/#breadcrumb\",\"itemListElement\":[{\"@type\":\"ListItem\",\"position\":1,\"name\":\"Hem\",\"item\":\"https:\\\/\\\/www.elpex.se\\\/et\\\/\"},{\"@type\":\"ListItem\",\"position\":2,\"name\":\"Rullsuusad ja tarvikud\",\"item\":\"https:\\\/\\\/www.elpex.se\\\/et\\\/shop\\\/\"},{\"@type\":\"ListItem\",\"position\":3,\"name\":\"Skate Junior\"}]},{\"@type\":\"WebSite\",\"@id\":\"https:\\\/\\\/www.elpex.se\\\/et\\\/#website\",\"url\":\"https:\\\/\\\/www.elpex.se\\\/et\\\/\",\"name\":\"Elpex\",\"description\":\"\",\"publisher\":{\"@id\":\"https:\\\/\\\/www.elpex.se\\\/et\\\/#organization\"},\"potentialAction\":[{\"@type\":\"SearchAction\",\"target\":{\"@type\":\"EntryPoint\",\"urlTemplate\":\"https:\\\/\\\/www.elpex.se\\\/et\\\/?s={search_term_string}\"},\"query-input\":{\"@type\":\"PropertyValueSpecification\",\"valueRequired\":true,\"valueName\":\"search_term_string\"}}],\"inLanguage\":\"et\"},{\"@type\":\"Organization\",\"@id\":\"https:\\\/\\\/www.elpex.se\\\/et\\\/#organization\",\"name\":\"Elpex\",\"url\":\"https:\\\/\\\/www.elpex.se\\\/et\\\/\",\"logo\":{\"@type\":\"ImageObject\",\"inLanguage\":\"et\",\"@id\":\"https:\\\/\\\/www.elpex.se\\\/et\\\/#\\\/schema\\\/logo\\\/image\\\/\",\"url\":\"https:\\\/\\\/www.elpex.se\\\/wp-content\\\/uploads\\\/2024\\\/11\\\/Elpex-logo_svart.svg\",\"contentUrl\":\"https:\\\/\\\/www.elpex.se\\\/wp-content\\\/uploads\\\/2024\\\/11\\\/Elpex-logo_svart.svg\",\"caption\":\"Elpex\"},\"image\":{\"@id\":\"https:\\\/\\\/www.elpex.se\\\/et\\\/#\\\/schema\\\/logo\\\/image\\\/\"},\"sameAs\":[\"https:\\\/\\\/www.facebook.com\\\/www.elpex.se\\\/?locale=sv_SE\",\"https:\\\/\\\/www.instagram.com\\\/elpexrollerskis\\\/\"]}]}<\/script>\n<!-- \/ Yoast SEO plugin. -->","yoast_head_json":{"title":"Skate Junior - Elpex","robots":{"index":"index","follow":"follow","max-snippet":"max-snippet:-1","max-image-preview":"max-image-preview:large","max-video-preview":"max-video-preview:-1"},"canonical":"https:\/\/www.elpex.se\/et\/produkt\/skate-stride-kopia\/","og_locale":"et_EE","og_type":"article","og_title":"Skate Junior - Elpex","og_description":"Skate Junior kasutab samu arenenud profiile kui meie t\u00e4iskasvanute mudelid, kuid sirge alumiiniumprofiili ja v\u00e4iksemate ratastega, mis hoiavad noored s\u00f5itjad maapinnale l\u00e4hemal.","og_url":"https:\/\/www.elpex.se\/et\/produkt\/skate-stride-kopia\/","og_site_name":"Elpex","article_publisher":"https:\/\/www.facebook.com\/www.elpex.se\/?locale=sv_SE","article_modified_time":"2026-04-08T07:12:58+00:00","og_image":[{"width":1620,"height":2366,"url":"https:\/\/www.elpex.se\/wp-content\/uploads\/2026\/02\/Skate-junior_6-kopia-kopia.png","type":"image\/png"}],"twitter_card":"summary_large_image","twitter_misc":{"Est. reading time":"1 minut"},"schema":{"@context":"https:\/\/schema.org","@graph":[{"@type":"WebPage","@id":"https:\/\/www.elpex.se\/et\/produkt\/skate-stride-kopia\/","url":"https:\/\/www.elpex.se\/et\/produkt\/skate-stride-kopia\/","name":"Skate Junior - Elpex","isPartOf":{"@id":"https:\/\/www.elpex.se\/et\/#website"},"primaryImageOfPage":{"@id":"https:\/\/www.elpex.se\/et\/produkt\/skate-stride-kopia\/#primaryimage"},"image":{"@id":"https:\/\/www.elpex.se\/et\/produkt\/skate-stride-kopia\/#primaryimage"},"thumbnailUrl":"https:\/\/www.elpex.se\/wp-content\/uploads\/2026\/02\/Skate-junior_6-kopia-kopia.png","datePublished":"2026-02-24T14:43:17+00:00","dateModified":"2026-04-08T07:12:58+00:00","breadcrumb":{"@id":"https:\/\/www.elpex.se\/et\/produkt\/skate-stride-kopia\/#breadcrumb"},"inLanguage":"et","potentialAction":[{"@type":"ReadAction","target":["https:\/\/www.elpex.se\/et\/produkt\/skate-stride-kopia\/"]}]},{"@type":"ImageObject","inLanguage":"et","@id":"https:\/\/www.elpex.se\/et\/produkt\/skate-stride-kopia\/#primaryimage","url":"https:\/\/www.elpex.se\/wp-content\/uploads\/2026\/02\/Skate-junior_6-kopia-kopia.png","contentUrl":"https:\/\/www.elpex.se\/wp-content\/uploads\/2026\/02\/Skate-junior_6-kopia-kopia.png","width":1620,"height":2366},{"@type":"BreadcrumbList","@id":"https:\/\/www.elpex.se\/et\/produkt\/skate-stride-kopia\/#breadcrumb","itemListElement":[{"@type":"ListItem","position":1,"name":"Hem","item":"https:\/\/www.elpex.se\/et\/"},{"@type":"ListItem","position":2,"name":"Rullsuusad ja tarvikud","item":"https:\/\/www.elpex.se\/et\/shop\/"},{"@type":"ListItem","position":3,"name":"Skate Junior"}]},{"@type":"WebSite","@id":"https:\/\/www.elpex.se\/et\/#website","url":"https:\/\/www.elpex.se\/et\/","name":"Elpex","description":"","publisher":{"@id":"https:\/\/www.elpex.se\/et\/#organization"},"potentialAction":[{"@type":"SearchAction","target":{"@type":"EntryPoint","urlTemplate":"https:\/\/www.elpex.se\/et\/?s={search_term_string}"},"query-input":{"@type":"PropertyValueSpecification","valueRequired":true,"valueName":"search_term_string"}}],"inLanguage":"et"},{"@type":"Organization","@id":"https:\/\/www.elpex.se\/et\/#organization","name":"Elpex","url":"https:\/\/www.elpex.se\/et\/","logo":{"@type":"ImageObject","inLanguage":"et","@id":"https:\/\/www.elpex.se\/et\/#\/schema\/logo\/image\/","url":"https:\/\/www.elpex.se\/wp-content\/uploads\/2024\/11\/Elpex-logo_svart.svg","contentUrl":"https:\/\/www.elpex.se\/wp-content\/uploads\/2024\/11\/Elpex-logo_svart.svg","caption":"Elpex"},"image":{"@id":"https:\/\/www.elpex.se\/et\/#\/schema\/logo\/image\/"},"sameAs":["https:\/\/www.facebook.com\/www.elpex.se\/?locale=sv_SE","https:\/\/www.instagram.com\/elpexrollerskis\/"]}]}},"_links":{"self":[{"href":"https:\/\/www.elpex.se\/et\/wp-json\/wp\/v2\/product\/13001","targetHints":{"allow":["GET"]}}],"collection":[{"href":"https:\/\/www.elpex.se\/et\/wp-json\/wp\/v2\/product"}],"about":[{"href":"https:\/\/www.elpex.se\/et\/wp-json\/wp\/v2\/types\/product"}],"wp:featuredmedia":[{"embeddable":true,"href":"https:\/\/www.elpex.se\/et\/wp-json\/wp\/v2\/media\/13064"}],"wp:attachment":[{"href":"https:\/\/www.elpex.se\/et\/wp-json\/wp\/v2\/media?parent=13001"}],"wp:term":[{"taxonomy":"product_brand","embeddable":true,"href":"https:\/\/www.elpex.se\/et\/wp-json\/wp\/v2\/product_brand?post=13001"},{"taxonomy":"product_cat","embeddable":true,"href":"https:\/\/www.elpex.se\/et\/wp-json\/wp\/v2\/product_cat?post=13001"},{"taxonomy":"product_tag","embeddable":true,"href":"https:\/\/www.elpex.se\/et\/wp-json\/wp\/v2\/product_tag?post=13001"}],"curies":[{"name":"wp","href":"https:\/\/api.w.org\/{rel}","templated":true}]}}