{"id":11124,"date":"2025-07-24T06:57:17","date_gmt":"2025-07-24T06:57:17","guid":{"rendered":"https:\/\/www.elpex.se\/?post_type=product&#038;p=11124"},"modified":"2026-02-24T15:23:41","modified_gmt":"2026-02-24T15:23:41","slug":"classic-team-kopia","status":"publish","type":"product","link":"https:\/\/www.elpex.se\/et\/produkt\/classic-team-kopia\/","title":{"rendered":"The Comeback"},"content":{"rendered":"<p data-start=\"168\" data-end=\"534\">Kui meie tehas maha p\u00f5les, arvasid paljud, et see on l\u00f5pp. Kuid meie jaoks sai sellest millegi uue algus. Elpex on aastak\u00fcmneid tootnud rullsuuski, alati sama ajendiga: arendada tooteid sportlastele ja harrastajatele, kes soovivad parimat. P\u00e4rast tulekahju ei tulnud loobumisest juttugi. Vastupidi. Otsustasime tagasi tulla tugevamana kui kunagi varem.     <\/p>\n<p data-start=\"536\" data-end=\"825\">&#8220;The Comeback&#8221; on meie klassikalise mudeli Classic Team (endine Team 610) piiratud versioon 40 mm rattalaiusega. &#8220;The Comeback&#8221; on loodud taastumise ja edasiliikumise tahte s\u00fcmbolina. Kollane ja punane v\u00e4rvilahendus esindab tuld, mis h\u00e4vitas meie tehase, aga ka sisemist s\u00e4det, mis ajendab meid uuesti alustama. Igale suusale on tr\u00fckitud <strong data-start=\"144\" data-end=\"166\">&#8220;Raised in flames&#8221;<\/strong> \u2013 meeldetuletus, et see mudel s\u00fcndis vastupanu kiuste. See on meie austusavaldus uuesti alustamise ja edasi liikumise tugevusele, k\u00f5igele vaatamata.    <\/p>\n<p data-start=\"827\" data-end=\"1075\">Mudelit toodetakse v\u00e4ga piiratud, 100-paarisena v\u00e4ljaandena. Iga eksemplar on individuaalselt nummerdatud, muutes iga paari unikaalseks. Ostes &#8220;The Comebacki&#8221;, sa mitte ainult ei toeta Elpexi tagasitulekut, vaid saad ka osaks meie ajaloost.  <\/p>\n<p data-start=\"1159\" data-end=\"1329\">Me teame, et Elpex ei ole lihtsalt kaubam\u00e4rk. See on k\u00e4sit\u00f6\u00f6, tunne ja lubadus kvaliteedile. See on ka kogukond. Seep\u00e4rast t\u00e4hendab sinu toetus rohkem, kui sa arvad.   <\/p>\n<p data-pm-slice=\"1 1 []\"><strong>Classic Teamist:<\/strong> Classic Team on meie k\u00f5ige v\u00f5istluslikum rullsuusk oma 40 mm ratastega, mis tagavad v\u00e4iksema kaalu ja sujuvama juhitavuse. Sama vetruv raam nagu Classic Wasal.  Sobib vanematele juunioridele, eliitsuusatajatele ja k\u00f5rgete ambitsioonidega sportlastele.<\/p>\n<p data-pm-slice=\"1 1 []\">\n","protected":false},"excerpt":{"rendered":"<p data-pm-slice=\"1 1 []\">Meie k\u00f5ige v\u00f5idus\u00f5idust inspireeritud rulluisa piiratud v\u00e4ljaanne. Kitsamad rattad, mis tagavad v\u00e4iksema kaalu ja sujuvama k\u00e4sitsemise. Valmistatud meie uues tootmises p\u00e4rast tulekahju.  <\/p>\n","protected":false},"featured_media":11276,"template":"","meta":[],"product_brand":[],"product_cat":[414,211,209],"product_tag":[266],"class_list":{"0":"post-11124","1":"product","2":"type-product","3":"status-publish","4":"has-post-thumbnail","6":"product_cat-raised-in-flames","7":"product_cat-klassikaline","8":"product_cat-rullsuusad","9":"product_tag-algajad","11":"first","12":"outofstock","13":"taxable","14":"shipping-taxable","15":"purchasable","16":"product-type-variable"},"composite_virtual":false,"composite_layout":"","composite_add_to_cart_form_location":"","composite_editable_in_cart":false,"composite_sold_individually_context":"","composite_shop_price_calc":"","composite_components":[],"composite_scenarios":[],"yoast_head":"<!-- This site is optimized with the Yoast SEO plugin v27.4 - https:\/\/yoast.com\/product\/yoast-seo-wordpress\/ -->\n<title>The Comeback - Elpex<\/title>\n<meta name=\"robots\" content=\"index, follow, max-snippet:-1, max-image-preview:large, max-video-preview:-1\" \/>\n<link rel=\"canonical\" href=\"https:\/\/www.elpex.se\/et\/produkt\/classic-team-kopia\/\" \/>\n<meta property=\"og:locale\" content=\"et_EE\" \/>\n<meta property=\"og:type\" content=\"article\" \/>\n<meta property=\"og:title\" content=\"The Comeback - Elpex\" \/>\n<meta property=\"og:description\" content=\"Meie k\u00f5ige v\u00f5idus\u00f5idust inspireeritud rulluisa piiratud v\u00e4ljaanne. Kitsamad rattad, mis tagavad v\u00e4iksema kaalu ja sujuvama k\u00e4sitsemise. Valmistatud meie uues tootmises p\u00e4rast tulekahju.\" \/>\n<meta property=\"og:url\" content=\"https:\/\/www.elpex.se\/et\/produkt\/classic-team-kopia\/\" \/>\n<meta property=\"og:site_name\" content=\"Elpex\" \/>\n<meta property=\"article:publisher\" content=\"https:\/\/www.facebook.com\/www.elpex.se\/?locale=sv_SE\" \/>\n<meta property=\"article:modified_time\" content=\"2026-02-24T15:23:41+00:00\" \/>\n<meta property=\"og:image\" content=\"https:\/\/www.elpex.se\/wp-content\/uploads\/2025\/07\/The-comeback_standing_light-bg-kopia-scaled.jpg.webp\" \/>\n\t<meta property=\"og:image:width\" content=\"1440\" \/>\n\t<meta property=\"og:image:height\" content=\"2560\" \/>\n\t<meta property=\"og:image:type\" content=\"image\/jpeg\" \/>\n<meta name=\"twitter:card\" content=\"summary_large_image\" \/>\n<meta name=\"twitter:label1\" content=\"Est. reading time\" \/>\n\t<meta name=\"twitter:data1\" content=\"1 minut\" \/>\n<script type=\"application\/ld+json\" class=\"yoast-schema-graph\">{\"@context\":\"https:\\\/\\\/schema.org\",\"@graph\":[{\"@type\":\"WebPage\",\"@id\":\"https:\\\/\\\/www.elpex.se\\\/et\\\/produkt\\\/classic-team-kopia\\\/\",\"url\":\"https:\\\/\\\/www.elpex.se\\\/et\\\/produkt\\\/classic-team-kopia\\\/\",\"name\":\"The Comeback - Elpex\",\"isPartOf\":{\"@id\":\"https:\\\/\\\/www.elpex.se\\\/et\\\/#website\"},\"primaryImageOfPage\":{\"@id\":\"https:\\\/\\\/www.elpex.se\\\/et\\\/produkt\\\/classic-team-kopia\\\/#primaryimage\"},\"image\":{\"@id\":\"https:\\\/\\\/www.elpex.se\\\/et\\\/produkt\\\/classic-team-kopia\\\/#primaryimage\"},\"thumbnailUrl\":\"https:\\\/\\\/www.elpex.se\\\/wp-content\\\/uploads\\\/2025\\\/07\\\/The-comeback_standing_light-bg-kopia-scaled.jpg.webp\",\"datePublished\":\"2025-07-24T06:57:17+00:00\",\"dateModified\":\"2026-02-24T15:23:41+00:00\",\"breadcrumb\":{\"@id\":\"https:\\\/\\\/www.elpex.se\\\/et\\\/produkt\\\/classic-team-kopia\\\/#breadcrumb\"},\"inLanguage\":\"et\",\"potentialAction\":[{\"@type\":\"ReadAction\",\"target\":[\"https:\\\/\\\/www.elpex.se\\\/et\\\/produkt\\\/classic-team-kopia\\\/\"]}]},{\"@type\":\"ImageObject\",\"inLanguage\":\"et\",\"@id\":\"https:\\\/\\\/www.elpex.se\\\/et\\\/produkt\\\/classic-team-kopia\\\/#primaryimage\",\"url\":\"https:\\\/\\\/www.elpex.se\\\/wp-content\\\/uploads\\\/2025\\\/07\\\/The-comeback_standing_light-bg-kopia-scaled.jpg.webp\",\"contentUrl\":\"https:\\\/\\\/www.elpex.se\\\/wp-content\\\/uploads\\\/2025\\\/07\\\/The-comeback_standing_light-bg-kopia-scaled.jpg.webp\",\"width\":1440,\"height\":2560},{\"@type\":\"BreadcrumbList\",\"@id\":\"https:\\\/\\\/www.elpex.se\\\/et\\\/produkt\\\/classic-team-kopia\\\/#breadcrumb\",\"itemListElement\":[{\"@type\":\"ListItem\",\"position\":1,\"name\":\"Hem\",\"item\":\"https:\\\/\\\/www.elpex.se\\\/et\\\/\"},{\"@type\":\"ListItem\",\"position\":2,\"name\":\"Rullsuusad ja tarvikud\",\"item\":\"https:\\\/\\\/www.elpex.se\\\/et\\\/shop\\\/\"},{\"@type\":\"ListItem\",\"position\":3,\"name\":\"The Comeback\"}]},{\"@type\":\"WebSite\",\"@id\":\"https:\\\/\\\/www.elpex.se\\\/et\\\/#website\",\"url\":\"https:\\\/\\\/www.elpex.se\\\/et\\\/\",\"name\":\"Elpex\",\"description\":\"\",\"publisher\":{\"@id\":\"https:\\\/\\\/www.elpex.se\\\/et\\\/#organization\"},\"potentialAction\":[{\"@type\":\"SearchAction\",\"target\":{\"@type\":\"EntryPoint\",\"urlTemplate\":\"https:\\\/\\\/www.elpex.se\\\/et\\\/?s={search_term_string}\"},\"query-input\":{\"@type\":\"PropertyValueSpecification\",\"valueRequired\":true,\"valueName\":\"search_term_string\"}}],\"inLanguage\":\"et\"},{\"@type\":\"Organization\",\"@id\":\"https:\\\/\\\/www.elpex.se\\\/et\\\/#organization\",\"name\":\"Elpex\",\"url\":\"https:\\\/\\\/www.elpex.se\\\/et\\\/\",\"logo\":{\"@type\":\"ImageObject\",\"inLanguage\":\"et\",\"@id\":\"https:\\\/\\\/www.elpex.se\\\/et\\\/#\\\/schema\\\/logo\\\/image\\\/\",\"url\":\"https:\\\/\\\/www.elpex.se\\\/wp-content\\\/uploads\\\/2024\\\/11\\\/Elpex-logo_svart.svg\",\"contentUrl\":\"https:\\\/\\\/www.elpex.se\\\/wp-content\\\/uploads\\\/2024\\\/11\\\/Elpex-logo_svart.svg\",\"caption\":\"Elpex\"},\"image\":{\"@id\":\"https:\\\/\\\/www.elpex.se\\\/et\\\/#\\\/schema\\\/logo\\\/image\\\/\"},\"sameAs\":[\"https:\\\/\\\/www.facebook.com\\\/www.elpex.se\\\/?locale=sv_SE\",\"https:\\\/\\\/www.instagram.com\\\/elpexrollerskis\\\/\"]}]}<\/script>\n<!-- \/ Yoast SEO plugin. -->","yoast_head_json":{"title":"The Comeback - Elpex","robots":{"index":"index","follow":"follow","max-snippet":"max-snippet:-1","max-image-preview":"max-image-preview:large","max-video-preview":"max-video-preview:-1"},"canonical":"https:\/\/www.elpex.se\/et\/produkt\/classic-team-kopia\/","og_locale":"et_EE","og_type":"article","og_title":"The Comeback - Elpex","og_description":"Meie k\u00f5ige v\u00f5idus\u00f5idust inspireeritud rulluisa piiratud v\u00e4ljaanne. Kitsamad rattad, mis tagavad v\u00e4iksema kaalu ja sujuvama k\u00e4sitsemise. Valmistatud meie uues tootmises p\u00e4rast tulekahju.","og_url":"https:\/\/www.elpex.se\/et\/produkt\/classic-team-kopia\/","og_site_name":"Elpex","article_publisher":"https:\/\/www.facebook.com\/www.elpex.se\/?locale=sv_SE","article_modified_time":"2026-02-24T15:23:41+00:00","og_image":[{"width":1440,"height":2560,"url":"https:\/\/www.elpex.se\/wp-content\/uploads\/2025\/07\/The-comeback_standing_light-bg-kopia-scaled.jpg.webp","type":"image\/jpeg"}],"twitter_card":"summary_large_image","twitter_misc":{"Est. reading time":"1 minut"},"schema":{"@context":"https:\/\/schema.org","@graph":[{"@type":"WebPage","@id":"https:\/\/www.elpex.se\/et\/produkt\/classic-team-kopia\/","url":"https:\/\/www.elpex.se\/et\/produkt\/classic-team-kopia\/","name":"The Comeback - Elpex","isPartOf":{"@id":"https:\/\/www.elpex.se\/et\/#website"},"primaryImageOfPage":{"@id":"https:\/\/www.elpex.se\/et\/produkt\/classic-team-kopia\/#primaryimage"},"image":{"@id":"https:\/\/www.elpex.se\/et\/produkt\/classic-team-kopia\/#primaryimage"},"thumbnailUrl":"https:\/\/www.elpex.se\/wp-content\/uploads\/2025\/07\/The-comeback_standing_light-bg-kopia-scaled.jpg.webp","datePublished":"2025-07-24T06:57:17+00:00","dateModified":"2026-02-24T15:23:41+00:00","breadcrumb":{"@id":"https:\/\/www.elpex.se\/et\/produkt\/classic-team-kopia\/#breadcrumb"},"inLanguage":"et","potentialAction":[{"@type":"ReadAction","target":["https:\/\/www.elpex.se\/et\/produkt\/classic-team-kopia\/"]}]},{"@type":"ImageObject","inLanguage":"et","@id":"https:\/\/www.elpex.se\/et\/produkt\/classic-team-kopia\/#primaryimage","url":"https:\/\/www.elpex.se\/wp-content\/uploads\/2025\/07\/The-comeback_standing_light-bg-kopia-scaled.jpg.webp","contentUrl":"https:\/\/www.elpex.se\/wp-content\/uploads\/2025\/07\/The-comeback_standing_light-bg-kopia-scaled.jpg.webp","width":1440,"height":2560},{"@type":"BreadcrumbList","@id":"https:\/\/www.elpex.se\/et\/produkt\/classic-team-kopia\/#breadcrumb","itemListElement":[{"@type":"ListItem","position":1,"name":"Hem","item":"https:\/\/www.elpex.se\/et\/"},{"@type":"ListItem","position":2,"name":"Rullsuusad ja tarvikud","item":"https:\/\/www.elpex.se\/et\/shop\/"},{"@type":"ListItem","position":3,"name":"The Comeback"}]},{"@type":"WebSite","@id":"https:\/\/www.elpex.se\/et\/#website","url":"https:\/\/www.elpex.se\/et\/","name":"Elpex","description":"","publisher":{"@id":"https:\/\/www.elpex.se\/et\/#organization"},"potentialAction":[{"@type":"SearchAction","target":{"@type":"EntryPoint","urlTemplate":"https:\/\/www.elpex.se\/et\/?s={search_term_string}"},"query-input":{"@type":"PropertyValueSpecification","valueRequired":true,"valueName":"search_term_string"}}],"inLanguage":"et"},{"@type":"Organization","@id":"https:\/\/www.elpex.se\/et\/#organization","name":"Elpex","url":"https:\/\/www.elpex.se\/et\/","logo":{"@type":"ImageObject","inLanguage":"et","@id":"https:\/\/www.elpex.se\/et\/#\/schema\/logo\/image\/","url":"https:\/\/www.elpex.se\/wp-content\/uploads\/2024\/11\/Elpex-logo_svart.svg","contentUrl":"https:\/\/www.elpex.se\/wp-content\/uploads\/2024\/11\/Elpex-logo_svart.svg","caption":"Elpex"},"image":{"@id":"https:\/\/www.elpex.se\/et\/#\/schema\/logo\/image\/"},"sameAs":["https:\/\/www.facebook.com\/www.elpex.se\/?locale=sv_SE","https:\/\/www.instagram.com\/elpexrollerskis\/"]}]}},"_links":{"self":[{"href":"https:\/\/www.elpex.se\/et\/wp-json\/wp\/v2\/product\/11124","targetHints":{"allow":["GET"]}}],"collection":[{"href":"https:\/\/www.elpex.se\/et\/wp-json\/wp\/v2\/product"}],"about":[{"href":"https:\/\/www.elpex.se\/et\/wp-json\/wp\/v2\/types\/product"}],"wp:featuredmedia":[{"embeddable":true,"href":"https:\/\/www.elpex.se\/et\/wp-json\/wp\/v2\/media\/11276"}],"wp:attachment":[{"href":"https:\/\/www.elpex.se\/et\/wp-json\/wp\/v2\/media?parent=11124"}],"wp:term":[{"taxonomy":"product_brand","embeddable":true,"href":"https:\/\/www.elpex.se\/et\/wp-json\/wp\/v2\/product_brand?post=11124"},{"taxonomy":"product_cat","embeddable":true,"href":"https:\/\/www.elpex.se\/et\/wp-json\/wp\/v2\/product_cat?post=11124"},{"taxonomy":"product_tag","embeddable":true,"href":"https:\/\/www.elpex.se\/et\/wp-json\/wp\/v2\/product_tag?post=11124"}],"curies":[{"name":"wp","href":"https:\/\/api.w.org\/{rel}","templated":true}]}}