{"id":6681,"date":"2025-01-27T14:34:22","date_gmt":"2025-01-27T14:34:22","guid":{"rendered":"https:\/\/www.elpex.se\/jaemuujad\/"},"modified":"2026-01-14T13:43:30","modified_gmt":"2026-01-14T13:43:30","slug":"jaemuujad","status":"publish","type":"page","link":"https:\/\/www.elpex.se\/et\/jaemuujad\/","title":{"rendered":"Jaem\u00fc\u00fcjad"},"content":{"rendered":"\n<p>Tere tulemast meie edasim\u00fc\u00fcjate kaardile! Siit leiad h\u00f5lpsasti meie koost\u00f6\u00f6partnerid \u00fcle Rootsi \u2013 p\u00f5hjast l\u00f5unasse. Meil on edasim\u00fc\u00fcjaid ka mitmes Euroopa riigis, kui otsid v\u00e4ljastpoolt Rootsi piire.  <\/p>\n\n<p>Kliki kaardil, et n\u00e4ha iga edasim\u00fc\u00fcja kontaktandmeid, nagu e-posti aadress ja telefoninumber. Nii saad kiiresti ja mugavalt \u00fchendust v\u00f5tta poega, mis sulle k\u00f5ige paremini sobib. <\/p>\n\n<p>Oleme uhked oma hoolikalt valitud edasim\u00fc\u00fcjate v\u00f5rgustiku \u00fcle ja ootame, et saaksime sind aidata \u00f5ige leidmisel.<\/p>\n\n<p><strong><style type=\"text\/css\">\nbody #asl-storelocator.asl-cont.asl-template-0 {--sl-font-size: 13px;--sl-title-size: 15px;--sl-btn-size: 13px;--sl-primary: #212121;--sl-header: #F7F7F7;--sl-header-color: #32373c;--sl-infobox-color: #555d66;--sl-infobox-bg: #FFFFFF;--sl-infobox-a: #212121;--sl-action-btn-color: #FFFFFF;--sl-action-btn-bg: #212121;--sl-color: #555d66;--sl-list-bg: #FFFFFF;--sl-list-title: #32373c;--sl-list-sub-title: #6a6a6a;--sl-highlighted: #F7F7F7;}.asl-cont .onoffswitch .onoffswitch-label .onoffswitch-switch:before {\n    content: \"OPEN\" !important;\n}\n\n.asl-cont .onoffswitch .onoffswitch-label .onoffswitch-switch:after {\n    content: \"ALL\" !important;\n}\n\n@media (max-width: 767px) {\n    #asl-storelocator.asl-cont .asl-panel {\n        order: 0;\n    }\n}\n\n.asl-cont.sl-search-only .Filter_section+.sl-row {\n    display: none;\n}\n<\/style>\n<div id=\"asl-storelocator\"\n    class=\"storelocator-main asl-cont asl-template-0 asl-layout-0 asl-bg-0 full-width no-asl-filters full-height asl-text-1\">\n    <div class=\"asl-wrapper\">\n        <div class=\"sl-container-fluid\">\n\n                        <div class=\"sl-row\">\n                <div class=\"pol-12\">\n                    <div class=\"sl-main-cont\">\n                        <div class=\"sl-row no-gutters sl-main-row\">\n                            <div id=\"asl-panel\" class=\"asl-panel pol-md-5 pol-lg-4 asl_locator-panel\">\n                                <div class=\"asl-overlay\" id=\"map-loading\">\n                                    <div class=\"white\"><\/div>\n                                    <div class=\"sl-loading\">\n                                        <i class=\"animate-sl-spin icon-spin3\"><\/i>\n                                        Loading...                                    <\/div>\n                                <\/div>\n                                <div class=\"inside search_filter\">\n                                    <label for=\"auto-complete-search\"\n                                        class=\"mb-2\">Search Location<\/label>\n                                    <div class=\"asl-store-search input-group d-flex\">\n                                        <input type=\"text\" value=\"\" id=\"auto-complete-search\"\n                                            class=\"asl-search-address form-control\"\n                                            placeholder=\"Enter a Location\">\n                                        <div class=\"input-group-append\">\n                                            <button aria-label=\"Search Location\"\n                                                title=\"Search Location\" type=\"button\" class=\"asl-search-event input-group-text span-geo\">\n                                                <i class=\"icon-search\" aria-hidden=\"true\"><\/i>\n                                            <\/button>\n                                        <\/div>\n                                    <\/div>\n                                <\/div>\n                                <!-- list -->\n                                <div class=\"asl-panel-inner\">\n                                    <div class=\"top-title Num_of_store\">\n                                        <span><span\n                                                class=\"sl-head-title\">Number Of Shops<\/span>:\n                                            <span class=\"count-result\">0<\/span><\/span>\n                                                                                <a class=\"asl-print-btn\"><span>PRINT<\/span><span\n                                                class=\"asl-print\"><\/span><\/a>\n                                                                            <\/div>\n                                    <div class=\"sl-main-cont-box\">\n                                        <div id=\"asl-list\" class=\"sl-list-wrapper\">\n                                            <ul id=\"p-statelist\" class=\"sl-list\">\n                                            <\/ul>\n                                        <\/div>\n                                    <\/div>\n                                <\/div>\n\n                                <div class=\"directions-cont hide\">\n                                    <div class=\"agile-modal-header\">\n                                        <button type=\"button\" class=\"close\"><span aria-hidden=\"true\">\u00d7<\/span><\/button>\n                                        <h4>Store Direction<\/h4>\n                                    <\/div>\n                                    <div class=\"rendered-directions\" id=\"asl-rendered-dir\" style=\"direction: ltr;\">\n                                    <\/div>\n                                <\/div>\n                            <\/div>\n                            <div class=\"pol-md-7 pol-lg-8 asl-map\">\n                                <div class=\"map-image\">\n                                    <div id=\"asl-map-canv\" class=\"asl-map-canv\"><\/div>\n                                    <div id=\"agile-modal-direction\" class=\"agile-modal fade\">\n    <div class=\"agile-modal-backdrop-in\"><\/div>\n    <div class=\"agile-modal-dialog in\">\n        <div class=\"agile-modal-content\">\n            <div class=\"sl-form-group d-flex justify-content-between\">\n                <h4>GET DIRECTIONS<\/h4>\n                <button type=\"button\" class=\"close-directions sl-close\" data-dismiss=\"agile-modal\"\n                    aria-label=\"Close\"><i aria-hidden=\"true\" class=\"icon-cancel-1\"><\/i><\/button>\n            <\/div>\n            <div class=\"sl-form-group\">\n                <label for=\"frm-lbl\">From:<\/label>\n                <input type=\"text\" class=\"form-control frm-place\" id=\"frm-lbl\"\n                    placeholder=\"Enter a Location\">\n            <\/div>\n            <div class=\"sl-form-group\">\n                <label for=\"to-lbl\">To:<\/label>\n                <input readonly=\"true\" type=\"text\" class=\"directions-to form-control\" id=\"to-lbl\"\n                    placeholder=\"Prepopulated Destination Address\">\n            <\/div>\n            <div class=\"sl-form-group mb-0\">\n                <label for=\"rbtn-km\" class=\"checkbox-inline\">\n                    <input type=\"radio\" name=\"dist-type\" id=\"rbtn-km\" value=\"0\"> Km                <\/label>\n                <label for=\"rbtn-mile\" class=\"checkbox-inline\">\n                    <input type=\"radio\" name=\"dist-type\" checked id=\"rbtn-mile\" value=\"1\">\n                    Miles                <\/label>\n            <\/div>\n            <div class=\"sl-form-group mb-0\">\n                <button type=\"submit\" aria-label=\"GET DIRECTIONS\"\n                    class=\"btn btn-default btn-submit\">GET DIRECTIONS<\/button>\n            <\/div>\n        <\/div>\n    <\/div>\n<\/div>\n\n<div id=\"asl-geolocation-agile-modal\" class=\"agile-modal fade\">\n    <div class=\"agile-modal-backdrop-in\"><\/div>\n    <div class=\"agile-modal-dialog in\">\n        <div class=\"agile-modal-content\">\n                          <div class=\"sl-form-group sl-icon-group\">\n              <button type=\"button\" class=\"close-directions sl-close\" data-dismiss=\"agile-modal\"\n                    aria-label=\"Close\"><i aria-hidden=\"true\" class=\"icon-cancel-1\"><\/i><\/button>\n                <div class=\"sl-loct-icon\">\n                    <svg xmlns=\"http:\/\/www.w3.org\/2000\/svg\" width=\"28\" height=\"28\" viewBox=\"0 0 24 24\" fill=\"none\"\n                        stroke=\"currentColor\" stroke-width=\"2\" stroke-linecap=\"round\" stroke-linejoin=\"round\">\n                        <path\n                            d=\"M20 10c0 4.993-5.539 10.193-7.399 11.799a1 1 0 0 1-1.202 0C9.539 20.193 4 14.993 4 10a8 8 0 0 1 16 0\">\n                        <\/path>\n                        <circle cx=\"12\" cy=\"10\" r=\"3\"><\/circle>\n                    <\/svg>\n                <\/div>\n                <h2>Find Nearby Service Providers<\/h2>\n                <p>Use my location to find the closest Service Provider near me<\/p>\n            <\/div>\n            <div class=\"sl-form-group text-center mb-0\">\n                <button type=\"button\" id=\"asl-btn-geolocation\"\n                    class=\"btn btn-block btn-default\">USE LOCATION<\/button>\n            <\/div>\n                    <\/div>\n    <\/div>\n<\/div>\n\n<div id=\"asl-desc-agile-modal\" class=\"agile-modal fade\">\n    <div class=\"agile-modal-backdrop-in\"><\/div>\n    <div class=\"agile-modal-dialog in\">\n        <div class=\"agile-modal-content\">\n            <div class=\"sl-row\">\n                <div class=\"pol-md-12\">\n                    <div class=\"sl-form-group d-flex justify-content-between\">\n                        <h4 class=\"sl-title\">View Description<\/h4>\n                        <button type=\"button\" class=\"close-directions sl-close\" data-dismiss=\"agile-modal\"\n                            aria-label=\"Close\"><i aria-hidden=\"true\" class=\"icon-cancel-1\"><\/i><\/button>\n                    <\/div>\n                    <div class=\"sl-desc\"><\/div>\n                <\/div>\n            <\/div>\n        <\/div>\n    <\/div>\n<\/div>                                <\/div>\n                            <\/div>\n                        <\/div>\n                    <\/div>\n                <\/div>\n            <\/div>\n        <\/div>\n    <\/div>\n<\/div>\n<!-- This plugin is developed by \"Agile Store Locator for WordPress\" https:\/\/agilestorelocator.com --><\/strong> <\/p>\n","protected":false},"excerpt":{"rendered":"<p>Tere tulemast meie edasim\u00fc\u00fcjate kaardile! Siit leiad h\u00f5lpsasti meie koost\u00f6\u00f6partnerid \u00fcle Rootsi \u2013 p\u00f5hjast l\u00f5unasse. Meil on edasim\u00fc\u00fcjaid ka mitmes Euroopa riigis, kui otsid v\u00e4ljastpoolt Rootsi piire. Kliki kaardil, et n\u00e4ha iga edasim\u00fc\u00fcja kontaktandmeid, nagu e-posti aadress ja telefoninumber. Nii saad kiiresti ja mugavalt \u00fchendust [&hellip;]<\/p>\n","protected":false},"author":5,"featured_media":0,"parent":0,"menu_order":0,"comment_status":"closed","ping_status":"closed","template":"","meta":{"footnotes":""},"class_list":["post-6681","page","type-page","status-publish","hentry"],"yoast_head":"<!-- This site is optimized with the Yoast SEO plugin v27.4 - https:\/\/yoast.com\/product\/yoast-seo-wordpress\/ -->\n<title>Jaem\u00fc\u00fcjad - Elpex<\/title>\n<meta name=\"robots\" content=\"index, follow, max-snippet:-1, max-image-preview:large, max-video-preview:-1\" \/>\n<link rel=\"canonical\" href=\"https:\/\/www.elpex.se\/et\/jaemuujad\/\" \/>\n<meta property=\"og:locale\" content=\"et_EE\" \/>\n<meta property=\"og:type\" content=\"article\" \/>\n<meta property=\"og:title\" content=\"Jaem\u00fc\u00fcjad - Elpex\" \/>\n<meta property=\"og:description\" content=\"Tere tulemast meie edasim\u00fc\u00fcjate kaardile! Siit leiad h\u00f5lpsasti meie koost\u00f6\u00f6partnerid \u00fcle Rootsi \u2013 p\u00f5hjast l\u00f5unasse. Meil on edasim\u00fc\u00fcjaid ka mitmes Euroopa riigis, kui otsid v\u00e4ljastpoolt Rootsi piire. Kliki kaardil, et n\u00e4ha iga edasim\u00fc\u00fcja kontaktandmeid, nagu e-posti aadress ja telefoninumber. Nii saad kiiresti ja mugavalt \u00fchendust [&hellip;]\" \/>\n<meta property=\"og:url\" content=\"https:\/\/www.elpex.se\/et\/jaemuujad\/\" \/>\n<meta property=\"og:site_name\" content=\"Elpex\" \/>\n<meta property=\"article:publisher\" content=\"https:\/\/www.facebook.com\/www.elpex.se\/?locale=sv_SE\" \/>\n<meta property=\"article:modified_time\" content=\"2026-01-14T13:43:30+00:00\" \/>\n<meta name=\"twitter:card\" content=\"summary_large_image\" \/>\n<script type=\"application\/ld+json\" class=\"yoast-schema-graph\">{\"@context\":\"https:\\\/\\\/schema.org\",\"@graph\":[{\"@type\":\"WebPage\",\"@id\":\"https:\\\/\\\/www.elpex.se\\\/et\\\/jaemuujad\\\/\",\"url\":\"https:\\\/\\\/www.elpex.se\\\/et\\\/jaemuujad\\\/\",\"name\":\"Jaem\u00fc\u00fcjad - Elpex\",\"isPartOf\":{\"@id\":\"https:\\\/\\\/www.elpex.se\\\/et\\\/#website\"},\"datePublished\":\"2025-01-27T14:34:22+00:00\",\"dateModified\":\"2026-01-14T13:43:30+00:00\",\"breadcrumb\":{\"@id\":\"https:\\\/\\\/www.elpex.se\\\/et\\\/jaemuujad\\\/#breadcrumb\"},\"inLanguage\":\"et\",\"potentialAction\":[{\"@type\":\"ReadAction\",\"target\":[\"https:\\\/\\\/www.elpex.se\\\/et\\\/jaemuujad\\\/\"]}]},{\"@type\":\"BreadcrumbList\",\"@id\":\"https:\\\/\\\/www.elpex.se\\\/et\\\/jaemuujad\\\/#breadcrumb\",\"itemListElement\":[{\"@type\":\"ListItem\",\"position\":1,\"name\":\"Hem\",\"item\":\"https:\\\/\\\/www.elpex.se\\\/et\\\/\"},{\"@type\":\"ListItem\",\"position\":2,\"name\":\"Jaem\u00fc\u00fcjad\"}]},{\"@type\":\"WebSite\",\"@id\":\"https:\\\/\\\/www.elpex.se\\\/et\\\/#website\",\"url\":\"https:\\\/\\\/www.elpex.se\\\/et\\\/\",\"name\":\"Elpex\",\"description\":\"\",\"publisher\":{\"@id\":\"https:\\\/\\\/www.elpex.se\\\/et\\\/#organization\"},\"potentialAction\":[{\"@type\":\"SearchAction\",\"target\":{\"@type\":\"EntryPoint\",\"urlTemplate\":\"https:\\\/\\\/www.elpex.se\\\/et\\\/?s={search_term_string}\"},\"query-input\":{\"@type\":\"PropertyValueSpecification\",\"valueRequired\":true,\"valueName\":\"search_term_string\"}}],\"inLanguage\":\"et\"},{\"@type\":\"Organization\",\"@id\":\"https:\\\/\\\/www.elpex.se\\\/et\\\/#organization\",\"name\":\"Elpex\",\"url\":\"https:\\\/\\\/www.elpex.se\\\/et\\\/\",\"logo\":{\"@type\":\"ImageObject\",\"inLanguage\":\"et\",\"@id\":\"https:\\\/\\\/www.elpex.se\\\/et\\\/#\\\/schema\\\/logo\\\/image\\\/\",\"url\":\"https:\\\/\\\/www.elpex.se\\\/wp-content\\\/uploads\\\/2024\\\/11\\\/Elpex-logo_svart.svg\",\"contentUrl\":\"https:\\\/\\\/www.elpex.se\\\/wp-content\\\/uploads\\\/2024\\\/11\\\/Elpex-logo_svart.svg\",\"caption\":\"Elpex\"},\"image\":{\"@id\":\"https:\\\/\\\/www.elpex.se\\\/et\\\/#\\\/schema\\\/logo\\\/image\\\/\"},\"sameAs\":[\"https:\\\/\\\/www.facebook.com\\\/www.elpex.se\\\/?locale=sv_SE\",\"https:\\\/\\\/www.instagram.com\\\/elpexrollerskis\\\/\"]}]}<\/script>\n<!-- \/ Yoast SEO plugin. -->","yoast_head_json":{"title":"Jaem\u00fc\u00fcjad - Elpex","robots":{"index":"index","follow":"follow","max-snippet":"max-snippet:-1","max-image-preview":"max-image-preview:large","max-video-preview":"max-video-preview:-1"},"canonical":"https:\/\/www.elpex.se\/et\/jaemuujad\/","og_locale":"et_EE","og_type":"article","og_title":"Jaem\u00fc\u00fcjad - Elpex","og_description":"Tere tulemast meie edasim\u00fc\u00fcjate kaardile! Siit leiad h\u00f5lpsasti meie koost\u00f6\u00f6partnerid \u00fcle Rootsi \u2013 p\u00f5hjast l\u00f5unasse. Meil on edasim\u00fc\u00fcjaid ka mitmes Euroopa riigis, kui otsid v\u00e4ljastpoolt Rootsi piire. Kliki kaardil, et n\u00e4ha iga edasim\u00fc\u00fcja kontaktandmeid, nagu e-posti aadress ja telefoninumber. Nii saad kiiresti ja mugavalt \u00fchendust [&hellip;]","og_url":"https:\/\/www.elpex.se\/et\/jaemuujad\/","og_site_name":"Elpex","article_publisher":"https:\/\/www.facebook.com\/www.elpex.se\/?locale=sv_SE","article_modified_time":"2026-01-14T13:43:30+00:00","twitter_card":"summary_large_image","schema":{"@context":"https:\/\/schema.org","@graph":[{"@type":"WebPage","@id":"https:\/\/www.elpex.se\/et\/jaemuujad\/","url":"https:\/\/www.elpex.se\/et\/jaemuujad\/","name":"Jaem\u00fc\u00fcjad - Elpex","isPartOf":{"@id":"https:\/\/www.elpex.se\/et\/#website"},"datePublished":"2025-01-27T14:34:22+00:00","dateModified":"2026-01-14T13:43:30+00:00","breadcrumb":{"@id":"https:\/\/www.elpex.se\/et\/jaemuujad\/#breadcrumb"},"inLanguage":"et","potentialAction":[{"@type":"ReadAction","target":["https:\/\/www.elpex.se\/et\/jaemuujad\/"]}]},{"@type":"BreadcrumbList","@id":"https:\/\/www.elpex.se\/et\/jaemuujad\/#breadcrumb","itemListElement":[{"@type":"ListItem","position":1,"name":"Hem","item":"https:\/\/www.elpex.se\/et\/"},{"@type":"ListItem","position":2,"name":"Jaem\u00fc\u00fcjad"}]},{"@type":"WebSite","@id":"https:\/\/www.elpex.se\/et\/#website","url":"https:\/\/www.elpex.se\/et\/","name":"Elpex","description":"","publisher":{"@id":"https:\/\/www.elpex.se\/et\/#organization"},"potentialAction":[{"@type":"SearchAction","target":{"@type":"EntryPoint","urlTemplate":"https:\/\/www.elpex.se\/et\/?s={search_term_string}"},"query-input":{"@type":"PropertyValueSpecification","valueRequired":true,"valueName":"search_term_string"}}],"inLanguage":"et"},{"@type":"Organization","@id":"https:\/\/www.elpex.se\/et\/#organization","name":"Elpex","url":"https:\/\/www.elpex.se\/et\/","logo":{"@type":"ImageObject","inLanguage":"et","@id":"https:\/\/www.elpex.se\/et\/#\/schema\/logo\/image\/","url":"https:\/\/www.elpex.se\/wp-content\/uploads\/2024\/11\/Elpex-logo_svart.svg","contentUrl":"https:\/\/www.elpex.se\/wp-content\/uploads\/2024\/11\/Elpex-logo_svart.svg","caption":"Elpex"},"image":{"@id":"https:\/\/www.elpex.se\/et\/#\/schema\/logo\/image\/"},"sameAs":["https:\/\/www.facebook.com\/www.elpex.se\/?locale=sv_SE","https:\/\/www.instagram.com\/elpexrollerskis\/"]}]}},"_links":{"self":[{"href":"https:\/\/www.elpex.se\/et\/wp-json\/wp\/v2\/pages\/6681","targetHints":{"allow":["GET"]}}],"collection":[{"href":"https:\/\/www.elpex.se\/et\/wp-json\/wp\/v2\/pages"}],"about":[{"href":"https:\/\/www.elpex.se\/et\/wp-json\/wp\/v2\/types\/page"}],"author":[{"embeddable":true,"href":"https:\/\/www.elpex.se\/et\/wp-json\/wp\/v2\/users\/5"}],"replies":[{"embeddable":true,"href":"https:\/\/www.elpex.se\/et\/wp-json\/wp\/v2\/comments?post=6681"}],"version-history":[{"count":2,"href":"https:\/\/www.elpex.se\/et\/wp-json\/wp\/v2\/pages\/6681\/revisions"}],"predecessor-version":[{"id":12266,"href":"https:\/\/www.elpex.se\/et\/wp-json\/wp\/v2\/pages\/6681\/revisions\/12266"}],"wp:attachment":[{"href":"https:\/\/www.elpex.se\/et\/wp-json\/wp\/v2\/media?parent=6681"}],"curies":[{"name":"wp","href":"https:\/\/api.w.org\/{rel}","templated":true}]}}