{"id":3354,"date":"2024-11-18T13:54:08","date_gmt":"2024-11-18T13:54:08","guid":{"rendered":"https:\/\/www.elpex.se\/elpexi-kohta\/"},"modified":"2025-01-13T10:48:16","modified_gmt":"2025-01-13T10:48:16","slug":"elpexi-kohta","status":"publish","type":"page","link":"https:\/\/www.elpex.se\/et\/elpexi-kohta\/","title":{"rendered":"Elpexi kohta"},"content":{"rendered":"\n<div id=\"athemes-blocks-block-12a69067\" class=\"wp-block-athemes-athemes-blocks-block-container athemes-blocks-block athemes-blocks-block-12a69067 athemes-blocks-block-container alignfull\"><div class=\"athemes-blocks-block-container-wrapper athemes-blocks-block-container-bg-cover athemes-blocks-block-container-bg-effect-scroll\"><img class=\"athemes-blocks-background-image\" width=\"1920\" height=\"1080\" srcset=\"https:\/\/www.elpex.se\/wp-content\/uploads\/2024\/11\/A\u030akare_16-9-7-150x150.png 150w, https:\/\/www.elpex.se\/wp-content\/uploads\/2024\/11\/A\u030akare_16-9-7-300x169.png 300w, https:\/\/www.elpex.se\/wp-content\/uploads\/2024\/11\/A\u030akare_16-9-7-1024x576.png 1024w, https:\/\/www.elpex.se\/wp-content\/uploads\/2024\/11\/A\u030akare_16-9-7.png 1920w, \" sizes=\"auto, (max-width: 1920px) 100vw, 1920px\" alt=\"\" loading=\"lazy\"\/><div class=\"athemes-blocks-block-container-wrapper-content\">\n<h1 class=\"wp-block-heading has-text-align-center has-color-7-color has-text-color has-link-color wp-elements-377fc2cb22c31191b199a22116c2a1a8\">Kasvatatud P\u00f5hja-Rootsis<\/h1>\n<\/div><\/div><\/div>\n\n<div id=\"athemes-blocks-block-10a9acb5\" class=\"wp-block-athemes-athemes-blocks-block-container athemes-blocks-block athemes-blocks-block-10a9acb5 athemes-blocks-block-container alignfull\"><div class=\"athemes-blocks-block-container-wrapper athemes-blocks-block-container-bg-cover athemes-blocks-block-container-bg-effect-scroll\"><div class=\"athemes-blocks-block-container-wrapper-content\">\n<div class=\"wp-block-columns is-layout-flex wp-container-core-columns-is-layout-d09bfce3 wp-block-columns-is-layout-flex\" style=\"margin-top:var(--wp--preset--spacing--20);margin-bottom:var(--wp--preset--spacing--20)\">\n<div class=\"wp-block-column is-layout-flow wp-container-core-column-is-layout-f5bb311e wp-block-column-is-layout-flow\">\n<figure class=\"wp-block-image size-large is-style-default\" style=\"margin-top:var(--wp--preset--spacing--50);margin-right:var(--wp--preset--spacing--20);margin-bottom:var(--wp--preset--spacing--50);margin-left:var(--wp--preset--spacing--20)\"><img decoding=\"async\" width=\"1281\" height=\"1708\" src=\"https:\/\/www.elpex.se\/wp-content\/uploads\/2024\/11\/3U2A7744-edited.jpg\" alt=\"\" class=\"wp-image-917\" style=\"aspect-ratio:1;object-fit:cover\"\/><\/figure>\n<\/div>\n\n\n\n<div class=\"wp-block-column is-vertically-aligned-center is-layout-flow wp-container-core-column-is-layout-8a368f38 wp-block-column-is-layout-flow\">\n<h2 class=\"wp-block-heading\" style=\"margin-top:var(--wp--preset--spacing--40);margin-right:var(--wp--preset--spacing--20);margin-bottom:var(--wp--preset--spacing--40);margin-left:var(--wp--preset--spacing--20)\">Meie lugu<\/h2>\n\n\n\n<div style=\"height:9px\" aria-hidden=\"true\" class=\"wp-block-spacer\"><\/div>\n\n\n\n<p style=\"margin-top:var(--wp--preset--spacing--40);margin-right:var(--wp--preset--spacing--20);margin-bottom:var(--wp--preset--spacing--40);margin-left:var(--wp--preset--spacing--20)\">Ettev\u00f5tte v\u00f5tmes\u00f5nadeks on areng, innovatsioon ja kvaliteet. Koost\u00f6\u00f6 Rootsi suusaeliidi ja naaberettev\u00f5tetega on teinud Elpexist selle, mis ta t\u00e4na on. Uute omanikena j\u00e4tkame Elpexi tuntud kvaliteediga toodete tarnimist konkurentsiv\u00f5imeliste hindadega, tehes samal ajal aktiivselt t\u00f6\u00f6d keskkonnam\u00f5ju v\u00e4hendamiseks.  <\/p>\n\n\n\n<p style=\"margin-top:var(--wp--preset--spacing--40);margin-right:var(--wp--preset--spacing--20);margin-bottom:var(--wp--preset--spacing--40);margin-left:var(--wp--preset--spacing--20)\">P\u00fc\u00fcame valmistada v\u00f5imalikult palju oma komponente Rootsis, et tagada kvaliteet ja v\u00e4hendada keskkonnam\u00f5ju. N\u00e4iteks meie rattad, profiilid, porikaitsed, teljed ja kuullaagrid valmistatakse Rootsis.  <br\/><br\/><strong>Me liigume uute eesm\u00e4rkide poole.<\/strong><br\/><\/p>\n<\/div>\n<\/div>\n<\/div><\/div><\/div>\n\n<div id=\"athemes-blocks-block-71d2aa02\" class=\"wp-block-athemes-athemes-blocks-block-container athemes-blocks-block athemes-blocks-block-71d2aa02 athemes-blocks-block-container alignfull\"><div class=\"athemes-blocks-block-container-wrapper athemes-blocks-block-container-bg-cover athemes-blocks-block-container-bg-effect-scroll\"><div class=\"athemes-blocks-block-container-wrapper-content\">\n<div style=\"height:40px\" aria-hidden=\"true\" class=\"wp-block-spacer\"><\/div>\n\n\n\n<h2 class=\"wp-block-heading has-text-color has-link-color wp-elements-f47da4cdad3b8151521822b0fe3e5236\" style=\"color:#e0ffa5\">Elpex on \u00fcks maailma juhtivaid rullsuuskade tootmisega tegelevaid kaubam\u00e4rke. Classic Wasa on alates 1987. aastast enimm\u00fc\u00fcdud klassikaline rullsuusa. <\/h2>\n\n\n\n<div style=\"height:30px\" aria-hidden=\"true\" class=\"wp-block-spacer\"><\/div>\n<\/div><\/div><\/div>\n\n<div id=\"athemes-blocks-block-3d5fd8c9\" class=\"wp-block-athemes-athemes-blocks-block-container athemes-blocks-block athemes-blocks-block-3d5fd8c9 athemes-blocks-block-container alignfull\"><div class=\"athemes-blocks-block-container-wrapper athemes-blocks-block-container-bg-cover athemes-blocks-block-container-bg-effect-scroll\"><div class=\"athemes-blocks-block-container-wrapper-content\">\n<div style=\"height:10px\" aria-hidden=\"true\" class=\"wp-block-spacer\"><\/div>\n\n\n\n<div class=\"wp-block-columns is-layout-flex wp-container-core-columns-is-layout-28f84493 wp-block-columns-is-layout-flex\">\n<div class=\"wp-block-column is-layout-flow wp-block-column-is-layout-flow\">\n<h3 class=\"wp-block-heading has-text-align-left\">Arendus<\/h3>\n\n\n\n<p class=\"has-text-align-left\">Team Elpex koosneb aktiivsetest ja endistest tippsuusatajatest. Me teame, milline peaks olema rullsuusa ja tahame pakkuda teile, kes te Elpexiga s\u00f5idate, absoluutselt parimat. \u00d6jebynis k\u00e4ib pidev arendust\u00f6\u00f6, et end parandada.  <\/p>\n<\/div>\n\n\n\n<div class=\"wp-block-column is-layout-flow wp-block-column-is-layout-flow\">\n<h3 class=\"wp-block-heading\">Innovatsioon<\/h3>\n\n\n\n<p>Pol\u00fcuretaanrattad, amortiseerunud vardad, vibratsioonisummutusega kahvlid, komposiitraamid. Elpexi uuenduste nimekiri on pikk. <\/p>\n<\/div>\n\n\n\n<div class=\"wp-block-column is-layout-flow wp-block-column-is-layout-flow\">\n<h3 class=\"wp-block-heading\">Kvaliteet<\/h3>\n\n\n\n<p>T\u00f6\u00f6tame selle nimel, et rullsuuskade kvaliteet oleks k\u00f5rgeimal tasemel.  <\/p>\n<\/div>\n<\/div>\n\n\n\n<div style=\"height:0px\" aria-hidden=\"true\" class=\"wp-block-spacer\"><\/div>\n<\/div><\/div><\/div>\n\n<div id=\"athemes-blocks-block-0122d19c\" class=\"wp-block-athemes-athemes-blocks-block-container athemes-blocks-block athemes-blocks-block-0122d19c athemes-blocks-block-container alignfull\"><div class=\"athemes-blocks-block-container-wrapper athemes-blocks-block-container-bg-cover athemes-blocks-block-container-bg-effect-scroll\"><div class=\"athemes-blocks-block-container-wrapper-content\">\n<div class=\"wp-block-columns is-layout-flex wp-container-core-columns-is-layout-d35cc9d5 wp-block-columns-is-layout-flex\" style=\"margin-top:var(--wp--preset--spacing--50);margin-bottom:var(--wp--preset--spacing--50)\">\n<div class=\"wp-block-column is-vertically-aligned-center is-layout-flow wp-block-column-is-layout-flow\">\n<div class=\"wp-block-group\" style=\"margin-top:var(--wp--preset--spacing--50);margin-bottom:var(--wp--preset--spacing--50)\"><div class=\"wp-block-group__inner-container is-layout-constrained wp-block-group-is-layout-constrained\">\n<p class=\"has-text-align-left\" style=\"font-size:18px\">Elpex ei ole lihtsalt inseneritehniline lahendus tee \u00e4\u00e4res. See on rullsuusa, mida iseloomustab igas detailis tema p\u00f5hjamaine p\u00e4ritolu. Suusa, mis saab alati hakkama. See on suuski, mis pakub tingimusi, et j\u00f5uda oma eesm\u00e4rgini, \u00fcksk\u00f5ik kui k\u00f5rgele see ka ei seatud. Elpex on neile, kes tahavad j\u00f5uda eliiti, aga ka neile, kes rahulduvad treeningringi ajal vaid parimatega. Elpex on unistus esimesest lumest ja kr\u00f5bedast valgest suusarajast, aga ka k\u00f5ige l\u00e4hemal sellele tunnetusele, mida me k\u00f5ik armastame. See on rullsuusa, mis hoiab sind oma unistuste ja pikaajaliste eesm\u00e4rkide poole p\u00fc\u00fcdlemisel.        <\/p>\n\n\n\n<p class=\"has-extra-large-font-size\"><strong><em>Elpex &#8211; kasvatatud P\u00f5hja-Rootsis<\/em><\/strong><\/p>\n<\/div><\/div>\n<\/div>\n\n\n\n<div class=\"wp-block-column is-layout-flow wp-block-column-is-layout-flow\">\n<figure class=\"wp-block-image size-large wp-duotone-unset-1\"><img decoding=\"async\" width=\"768\" height=\"1024\" src=\"https:\/\/www.elpex.se\/wp-content\/uploads\/2024\/11\/3U2A7744-edited-768x1024.jpg\" alt=\"\" class=\"wp-image-917\" style=\"aspect-ratio:1;object-fit:cover\"\/><\/figure>\n<\/div>\n<\/div>\n<\/div><\/div><\/div>\n","protected":false},"excerpt":{"rendered":"","protected":false},"author":4,"featured_media":0,"parent":0,"menu_order":0,"comment_status":"closed","ping_status":"closed","template":"","meta":{"footnotes":""},"class_list":["post-3354","page","type-page","status-publish","hentry"],"yoast_head":"<!-- This site is optimized with the Yoast SEO plugin v27.4 - https:\/\/yoast.com\/product\/yoast-seo-wordpress\/ -->\n<title>Elpexi kohta - Elpex<\/title>\n<meta name=\"robots\" content=\"index, follow, max-snippet:-1, max-image-preview:large, max-video-preview:-1\" \/>\n<link rel=\"canonical\" href=\"https:\/\/www.elpex.se\/et\/elpexi-kohta\/\" \/>\n<meta property=\"og:locale\" content=\"et_EE\" \/>\n<meta property=\"og:type\" content=\"article\" \/>\n<meta property=\"og:title\" content=\"Elpexi kohta - Elpex\" \/>\n<meta property=\"og:url\" content=\"https:\/\/www.elpex.se\/et\/elpexi-kohta\/\" \/>\n<meta property=\"og:site_name\" content=\"Elpex\" \/>\n<meta property=\"article:publisher\" content=\"https:\/\/www.facebook.com\/www.elpex.se\/?locale=sv_SE\" \/>\n<meta property=\"article:modified_time\" content=\"2025-01-13T10:48:16+00:00\" \/>\n<meta property=\"og:image\" content=\"https:\/\/www.elpex.se\/wp-content\/uploads\/2024\/11\/3U2A7744-edited.jpg\" \/>\n<meta name=\"twitter:card\" content=\"summary_large_image\" \/>\n<meta name=\"twitter:label1\" content=\"Est. reading time\" \/>\n\t<meta name=\"twitter:data1\" content=\"1 minut\" \/>\n<script type=\"application\/ld+json\" class=\"yoast-schema-graph\">{\"@context\":\"https:\\\/\\\/schema.org\",\"@graph\":[{\"@type\":\"WebPage\",\"@id\":\"https:\\\/\\\/www.elpex.se\\\/et\\\/elpexi-kohta\\\/\",\"url\":\"https:\\\/\\\/www.elpex.se\\\/et\\\/elpexi-kohta\\\/\",\"name\":\"Elpexi kohta - Elpex\",\"isPartOf\":{\"@id\":\"https:\\\/\\\/www.elpex.se\\\/et\\\/#website\"},\"primaryImageOfPage\":{\"@id\":\"https:\\\/\\\/www.elpex.se\\\/et\\\/elpexi-kohta\\\/#primaryimage\"},\"image\":{\"@id\":\"https:\\\/\\\/www.elpex.se\\\/et\\\/elpexi-kohta\\\/#primaryimage\"},\"thumbnailUrl\":\"https:\\\/\\\/www.elpex.se\\\/wp-content\\\/uploads\\\/2024\\\/11\\\/3U2A7744-edited.jpg\",\"datePublished\":\"2024-11-18T13:54:08+00:00\",\"dateModified\":\"2025-01-13T10:48:16+00:00\",\"breadcrumb\":{\"@id\":\"https:\\\/\\\/www.elpex.se\\\/et\\\/elpexi-kohta\\\/#breadcrumb\"},\"inLanguage\":\"et\",\"potentialAction\":[{\"@type\":\"ReadAction\",\"target\":[\"https:\\\/\\\/www.elpex.se\\\/et\\\/elpexi-kohta\\\/\"]}]},{\"@type\":\"ImageObject\",\"inLanguage\":\"et\",\"@id\":\"https:\\\/\\\/www.elpex.se\\\/et\\\/elpexi-kohta\\\/#primaryimage\",\"url\":\"https:\\\/\\\/www.elpex.se\\\/wp-content\\\/uploads\\\/2024\\\/11\\\/3U2A7744-edited.jpg\",\"contentUrl\":\"https:\\\/\\\/www.elpex.se\\\/wp-content\\\/uploads\\\/2024\\\/11\\\/3U2A7744-edited.jpg\"},{\"@type\":\"BreadcrumbList\",\"@id\":\"https:\\\/\\\/www.elpex.se\\\/et\\\/elpexi-kohta\\\/#breadcrumb\",\"itemListElement\":[{\"@type\":\"ListItem\",\"position\":1,\"name\":\"Hem\",\"item\":\"https:\\\/\\\/www.elpex.se\\\/et\\\/\"},{\"@type\":\"ListItem\",\"position\":2,\"name\":\"Elpexi kohta\"}]},{\"@type\":\"WebSite\",\"@id\":\"https:\\\/\\\/www.elpex.se\\\/et\\\/#website\",\"url\":\"https:\\\/\\\/www.elpex.se\\\/et\\\/\",\"name\":\"Elpex\",\"description\":\"\",\"publisher\":{\"@id\":\"https:\\\/\\\/www.elpex.se\\\/et\\\/#organization\"},\"potentialAction\":[{\"@type\":\"SearchAction\",\"target\":{\"@type\":\"EntryPoint\",\"urlTemplate\":\"https:\\\/\\\/www.elpex.se\\\/et\\\/?s={search_term_string}\"},\"query-input\":{\"@type\":\"PropertyValueSpecification\",\"valueRequired\":true,\"valueName\":\"search_term_string\"}}],\"inLanguage\":\"et\"},{\"@type\":\"Organization\",\"@id\":\"https:\\\/\\\/www.elpex.se\\\/et\\\/#organization\",\"name\":\"Elpex\",\"url\":\"https:\\\/\\\/www.elpex.se\\\/et\\\/\",\"logo\":{\"@type\":\"ImageObject\",\"inLanguage\":\"et\",\"@id\":\"https:\\\/\\\/www.elpex.se\\\/et\\\/#\\\/schema\\\/logo\\\/image\\\/\",\"url\":\"https:\\\/\\\/www.elpex.se\\\/wp-content\\\/uploads\\\/2024\\\/11\\\/Elpex-logo_svart.svg\",\"contentUrl\":\"https:\\\/\\\/www.elpex.se\\\/wp-content\\\/uploads\\\/2024\\\/11\\\/Elpex-logo_svart.svg\",\"caption\":\"Elpex\"},\"image\":{\"@id\":\"https:\\\/\\\/www.elpex.se\\\/et\\\/#\\\/schema\\\/logo\\\/image\\\/\"},\"sameAs\":[\"https:\\\/\\\/www.facebook.com\\\/www.elpex.se\\\/?locale=sv_SE\",\"https:\\\/\\\/www.instagram.com\\\/elpexrollerskis\\\/\"]}]}<\/script>\n<!-- \/ Yoast SEO plugin. -->","yoast_head_json":{"title":"Elpexi kohta - Elpex","robots":{"index":"index","follow":"follow","max-snippet":"max-snippet:-1","max-image-preview":"max-image-preview:large","max-video-preview":"max-video-preview:-1"},"canonical":"https:\/\/www.elpex.se\/et\/elpexi-kohta\/","og_locale":"et_EE","og_type":"article","og_title":"Elpexi kohta - Elpex","og_url":"https:\/\/www.elpex.se\/et\/elpexi-kohta\/","og_site_name":"Elpex","article_publisher":"https:\/\/www.facebook.com\/www.elpex.se\/?locale=sv_SE","article_modified_time":"2025-01-13T10:48:16+00:00","og_image":[{"url":"https:\/\/www.elpex.se\/wp-content\/uploads\/2024\/11\/3U2A7744-edited.jpg","type":"","width":"","height":""}],"twitter_card":"summary_large_image","twitter_misc":{"Est. reading time":"1 minut"},"schema":{"@context":"https:\/\/schema.org","@graph":[{"@type":"WebPage","@id":"https:\/\/www.elpex.se\/et\/elpexi-kohta\/","url":"https:\/\/www.elpex.se\/et\/elpexi-kohta\/","name":"Elpexi kohta - Elpex","isPartOf":{"@id":"https:\/\/www.elpex.se\/et\/#website"},"primaryImageOfPage":{"@id":"https:\/\/www.elpex.se\/et\/elpexi-kohta\/#primaryimage"},"image":{"@id":"https:\/\/www.elpex.se\/et\/elpexi-kohta\/#primaryimage"},"thumbnailUrl":"https:\/\/www.elpex.se\/wp-content\/uploads\/2024\/11\/3U2A7744-edited.jpg","datePublished":"2024-11-18T13:54:08+00:00","dateModified":"2025-01-13T10:48:16+00:00","breadcrumb":{"@id":"https:\/\/www.elpex.se\/et\/elpexi-kohta\/#breadcrumb"},"inLanguage":"et","potentialAction":[{"@type":"ReadAction","target":["https:\/\/www.elpex.se\/et\/elpexi-kohta\/"]}]},{"@type":"ImageObject","inLanguage":"et","@id":"https:\/\/www.elpex.se\/et\/elpexi-kohta\/#primaryimage","url":"https:\/\/www.elpex.se\/wp-content\/uploads\/2024\/11\/3U2A7744-edited.jpg","contentUrl":"https:\/\/www.elpex.se\/wp-content\/uploads\/2024\/11\/3U2A7744-edited.jpg"},{"@type":"BreadcrumbList","@id":"https:\/\/www.elpex.se\/et\/elpexi-kohta\/#breadcrumb","itemListElement":[{"@type":"ListItem","position":1,"name":"Hem","item":"https:\/\/www.elpex.se\/et\/"},{"@type":"ListItem","position":2,"name":"Elpexi kohta"}]},{"@type":"WebSite","@id":"https:\/\/www.elpex.se\/et\/#website","url":"https:\/\/www.elpex.se\/et\/","name":"Elpex","description":"","publisher":{"@id":"https:\/\/www.elpex.se\/et\/#organization"},"potentialAction":[{"@type":"SearchAction","target":{"@type":"EntryPoint","urlTemplate":"https:\/\/www.elpex.se\/et\/?s={search_term_string}"},"query-input":{"@type":"PropertyValueSpecification","valueRequired":true,"valueName":"search_term_string"}}],"inLanguage":"et"},{"@type":"Organization","@id":"https:\/\/www.elpex.se\/et\/#organization","name":"Elpex","url":"https:\/\/www.elpex.se\/et\/","logo":{"@type":"ImageObject","inLanguage":"et","@id":"https:\/\/www.elpex.se\/et\/#\/schema\/logo\/image\/","url":"https:\/\/www.elpex.se\/wp-content\/uploads\/2024\/11\/Elpex-logo_svart.svg","contentUrl":"https:\/\/www.elpex.se\/wp-content\/uploads\/2024\/11\/Elpex-logo_svart.svg","caption":"Elpex"},"image":{"@id":"https:\/\/www.elpex.se\/et\/#\/schema\/logo\/image\/"},"sameAs":["https:\/\/www.facebook.com\/www.elpex.se\/?locale=sv_SE","https:\/\/www.instagram.com\/elpexrollerskis\/"]}]}},"_links":{"self":[{"href":"https:\/\/www.elpex.se\/et\/wp-json\/wp\/v2\/pages\/3354","targetHints":{"allow":["GET"]}}],"collection":[{"href":"https:\/\/www.elpex.se\/et\/wp-json\/wp\/v2\/pages"}],"about":[{"href":"https:\/\/www.elpex.se\/et\/wp-json\/wp\/v2\/types\/page"}],"author":[{"embeddable":true,"href":"https:\/\/www.elpex.se\/et\/wp-json\/wp\/v2\/users\/4"}],"replies":[{"embeddable":true,"href":"https:\/\/www.elpex.se\/et\/wp-json\/wp\/v2\/comments?post=3354"}],"version-history":[{"count":1,"href":"https:\/\/www.elpex.se\/et\/wp-json\/wp\/v2\/pages\/3354\/revisions"}],"predecessor-version":[{"id":3364,"href":"https:\/\/www.elpex.se\/et\/wp-json\/wp\/v2\/pages\/3354\/revisions\/3364"}],"wp:attachment":[{"href":"https:\/\/www.elpex.se\/et\/wp-json\/wp\/v2\/media?parent=3354"}],"curies":[{"name":"wp","href":"https:\/\/api.w.org\/{rel}","templated":true}]}}