{"id":2302,"date":"2024-12-22T15:52:09","date_gmt":"2024-12-22T15:52:09","guid":{"rendered":"https:\/\/www.elpex.se\/ostutingimused\/"},"modified":"2025-01-09T16:03:45","modified_gmt":"2025-01-09T16:03:45","slug":"ostutingimused","status":"publish","type":"page","link":"https:\/\/www.elpex.se\/et\/ostutingimused\/","title":{"rendered":"Ostutingimused"},"content":{"rendered":"\n<ol class=\"wp-block-list\">\n<li><strong>Elpex AB kohta<\/strong><\/li>\n<\/ol>\n\n<ul class=\"wp-block-list\">\n<li>Ettev\u00f5tte andmed: Elpex AB Org.nr: 559486-5270<\/li>\n\n\n\n<li>Aadress: Kompositv\u00e4gen 3, 943 33 \u00d6jebyn<\/li>\n\n\n\n<li>Kui soovite meiega \u00fchendust v\u00f5tta, saatke palun e-kiri aadressil info@elpex.se koos oma p\u00e4ringu ja kontaktandmetega ning me v\u00f5tame teiega peatselt \u00fchendust.<\/li>\n<\/ul>\n\n<ol start=\"2\" class=\"wp-block-list\">\n<li><strong>Tellige<\/strong><\/li>\n<\/ol>\n\n<ul class=\"wp-block-list\">\n<li>Kui olete oma tellimuse vormistanud, saadetakse teie e-posti aadressile tellimuse kinnitus. Kinnitusest leiate k\u00f5ik \u00fcksikasjad toodete, hinna, arveldus- ja tarneaadressi kohta. <\/li>\n\n\n\n<li>Kui tellimuse kinnituses on viga, v\u00f5tke meiega viivitamatult \u00fchendust e-posti aadressil order@elpex.se.<br\/><br\/><br\/>2.1<strong> Maksmine arve alusel<\/strong> Koost\u00f6\u00f6s Klarnaga pakume teile v\u00f5imalust tasuda oma ostu eest arve alusel. Kui valite arve alusel maksmise, pakub Klarna teile v\u00f5imalust maksta 30 v\u00f5i 60 p\u00e4eva p\u00e4rast seda, kui oleme kauba v\u00e4lja saatnud. Klarna loovutab oma n\u00f5ude teie ostu eest tasumiseks Klarna Bank AB-le (&#8220;Klarna&#8221;). Klarna saadab teile maksekorralduse, mille kohaselt peaksite tasuma otse Klarnale. Kontaktandmed ja lisateave Klarna kohta leiate aadressilt<strong>klarna.se<\/strong>.      <\/li>\n\n\n\n<li>Kui olete eelnevalt otsustanud liituda Klarna igakuise arve koondamise teenusega, lisatakse arve selle asemel teie igakuisele arvele. See t\u00e4hendab, et k\u00f5ik teie teatud perioodi jooksul tehtud arveostud kogutakse koondarvele, selle asemel, et saata eraldi arveid iga ostu kohta. Iga koondarvele lisatud \u00fcksikarve krediidiperiood varieerub 14-45 p\u00e4eva vahel, s\u00f5ltuvalt sellest, millal ostu sooritati ja millal kaup\/teenus tarniti\/saadeti. K\u00f5ik arveostud, mis on aktiveeritud enne l\u00f5ppt\u00e4htaega, kogutakse \u00fchte kuuarvesse. P\u00e4rast l\u00f5ppt\u00e4htaega aktiveeritud arveostud kantakse j\u00e4rgmisele kuuarvele.      <\/li>\n\n\n\n<li><a href=\"https:\/\/cdn.klarna.com\/1.0\/shared\/content\/legal\/terms\/sv-SE\/1.1.0\/invoice#1\"><\/a>Kulud ja tasud<\/li>\n\n\n\n<li>30-p\u00e4evase arvega maksmise korral v\u00f5tab Klarna arve eest 0 SEK ostu kohta. 60-p\u00e4evase arvega maksmise korral v\u00f5tab Klarna arvetasu kuni 49 SEK ostu kohta. Makseviivituse korral saadetakse teile meeldetuletus, mille puhul peate tasuma meeldetuletustasu. Kui olete ostnud v\u00e4hem kui 60 krooni eest, lisandub 29,00 krooni ja kui olete ostnud 60 krooni v\u00f5i rohkem, lisandub 60,00 krooni meeldetuletustasuna. Kui p\u00e4rast seda makseid ei sooritata, v\u00f5idakse n\u00f5ue anda \u00fcle inkassole, mille puhul v\u00f5ivad tekkida t\u00e4iendavad inkassokulud.      <\/li>\n\n\n\n<li><a href=\"https:\/\/cdn.klarna.com\/1.0\/shared\/content\/legal\/terms\/sv-SE\/1.1.0\/invoice#2\"><\/a>Krediidihindamine ja isikuandmete t\u00f6\u00f6tlemine<\/li>\n\n\n\n<li>Kui otsustate maksta arve alusel, teostab Klarna krediidikontrolli. Kui krediidikontrolli tehakse, teavitatakse teid sellest ja teile saadetakse krediidikontrolli koopia posti v\u00f5i e-posti teel<strong>.Klarna ei teavita panku ega teisi laenuandjaid v\u00f5imalikust krediidikontrollist ja see ei m\u00f5juta teie krediidiv\u00f5imelisust\/-punkti.<\/strong> Klarna t\u00f6\u00f6tleb teie isikuandmeid k\u00e4esolevast lepingust tulenevate kohustuste t\u00e4itmiseks ja muudel meie andmekaitseteabes kirjeldatud eesm\u00e4rkidel. Andmekaitseteabe leiate j\u00e4rgmiselt <a href=\"https:\/\/cdn.klarna.com\/1.0\/shared\/content\/legal\/terms\/0\/sv_se\/privacy\" target=\"_blank\" rel=\"noreferrer noopener\"><strong>siit<\/strong><\/a> ning Klarna teenuseid kasutades kinnitate, et olete lugenud seda andmekaitseteavet. Klarna t\u00f6\u00f6tleb teie isikuandmeid muu hulgas tuvastamiseks, klientide anal\u00fc\u00fcsimiseks, krediidihindamiseks, turundamiseks ja \u00e4riarendamiseks. Klarna v\u00f5ib edastada teie isikuandmeid ka valitud partneritele (nt krediidireitinguagentuuridele), mis v\u00f5ivad asuda v\u00e4ljaspool ELi\/EMPd asuvas riigis. Lisateavet selle kohta, kuidas Klarna jagab isikuandmeid, millised on teie \u00f5igused seoses sellega, kuidas saate k\u00fcsimuste korral Klarnaga \u00fchendust v\u00f5tta v\u00f5i esitada kaebuse asutusele, leiate privaatsusteatest.     <\/li>\n\n\n\n<li><a href=\"https:\/\/cdn.klarna.com\/1.0\/shared\/content\/legal\/terms\/sv-SE\/1.1.0\/invoice#3\"><\/a>Omandi\u00f5iguse \u00fcleandmine<\/li>\n\n\n\n<li>Te ei tohi loovutada ega \u00fcle anda k\u00e4esolevate Tingimuste kohaseid \u00f5igusi v\u00f5i kohustusi. Kui kohaldatava \u00f5igusega ei ole juba lubatud teisiti, v\u00f5ib Klarna igal ajal loovutada v\u00f5i \u00fcle anda k\u00e4esolevad Tingimused v\u00f5i k\u00e4esolevate Tingimuste kohased \u00f5igused ja\/v\u00f5i kohustused, tingimusel, et selline loovutamine v\u00f5i \u00fcleandmine ei ole teie kahjuks ega muuda teie k\u00e4esolevate Tingimuste kohaseid \u00f5igusi ja kohustusi. Lisateave ja t\u00e4ielikud tingimused on saadaval siin: <a href=\"https:\/\/www.klarna.com\/se\/villkor\/\">https:\/\/www.klarna.com\/se\/villkor\/.<\/a>  <br\/><br\/>2.2<strong> Teave \u00fcleandmise kohta<\/strong><\/li>\n\n\n\n<li>Arve kantakse \u00fcle Klarna Bank AB-le, 556737-0431.<\/li>\n<\/ul>\n\n<ol start=\"3\" class=\"wp-block-list\">\n<li><strong>Kohaletoimetamine<\/strong><\/li>\n<\/ol>\n\n<ul class=\"wp-block-list\">\n<li>Meie tavap\u00e4rane tarneaeg on 2-5 p\u00e4eva. PLEASE NOTE! N\u00e4dalavahetusel tehtud tellimused saadetakse v\u00e4lja k\u00f5ige varem j\u00e4rgmisel esmasp\u00e4eval.  <\/li>\n\n\n\n<li>Kui tarne hilineb (ilma, et me teid pikemast tarneajast teavitaksime), v\u00f5tke meiega \u00fchendust j\u00e4rgmisel e-posti aadressil: order@elpex.se.<\/li>\n\n\n\n<li>Kauba eest, mida te kui klient ei lunasta, v\u00f5tame tasu postitamise, tagastamise ja k\u00e4itlemise eest kokku 300 SEK.<\/li>\n<\/ul>\n\n<ol start=\"4\" class=\"wp-block-list\">\n<li><strong>Hinnad<\/strong><\/li>\n<\/ol>\n\n<ul class=\"wp-block-list\">\n<li>K\u00f5ik hinnad poes on Rootsi kroonides ja k\u00f5ik hinnad sisaldavad 25% k\u00e4ibemaksu.<\/li>\n\n\n\n<li>Me j\u00e4tame endale \u00f5iguse korrigeerida hindu tarnijate hinnamuutuste, hinnakirjas olevate tr\u00fckivigade ja eba\u00f5igest teabest tulenevate ebat\u00e4psuste t\u00f5ttu ning j\u00e4tame endale \u00f5iguse hinda korrigeerida.<\/li>\n\n\n\n<li>Elpexi kampaaniad on ajaliselt piiratud. Kui kasutate allahindluskoode, kehtivad need \u00fcldiselt ainult \u00fche ostu puhul ja neid ei saa kombineerida teiste pakkumistega. Palun kontrollige enne ostu sooritamist, et hind oleks \u00f5ige. Elpex j\u00e4tab endale \u00f5iguse t\u00fchistada tellimused, kui allahindluskoode kasutatakse v\u00e4\u00e4ralt v\u00f5i kuritarvitatakse. Mis tahes t\u00e4iendavate saatekulude kohta lugege l\u00e4hemalt jaotisest Saatmiskulud.    <\/li>\n<\/ul>\n\n<ol start=\"5\" class=\"wp-block-list\">\n<li><strong>T\u00fchistamise ja tagastamise \u00f5igus<\/strong><\/li>\n<\/ol>\n\n<ul class=\"wp-block-list\">\n<li>Elpexil on 30 p\u00e4eva avatud ostu ja tasuta vahetust (tagastamistasu ei ole) suuruste puhul. Tagastamise korral kasutage Elpexi tagasisaatmise saatelehte. Selle saamiseks saatke e-kiri aadressile order@elpex.se. Kui oleme tagastuse saanud, saadame teile kinnituse e-posti aadressile ja tagastame tagastatud toote(d), millest on maha arvatud tagastuskulu (99 SEK). Tagastamisel peab toode olema kasutamata ja kahjustamata originaalpakendis. Pange t\u00e4hele, et toode peab olema uues seisukorras, et seda saaks tagastada\/vahetada. Elpex j\u00e4tab endale \u00f5iguse arvata tagasimaksest maha 50 SEK kuni 500 SEK, kui toode on nii kasutatud, et Elpex peab selle parandama. Mahukate tagastuste puhul, n\u00e4iteks vardad, lisandub tagastamistasu 199 SEK.       <\/li>\n\n\n\n<li>Te vastutate tagastatavate toodete seisukorra eest, mist\u00f5ttu tuleb tooted saata h\u00e4sti pakituna ja originaalpakendis.<\/li>\n\n\n\n<li>Me j\u00e4tame endale \u00f5iguse arvata tagasimakse summast maha summa, mis vastab kauba v\u00e4\u00e4rtuse v\u00e4henemisele v\u00f5rreldes selle algse v\u00e4\u00e4rtusega, kui tegemist on kasutatud v\u00f5i kahjustatud tootega.<\/li>\n<\/ul>\n\n<p>  5.2 <strong>T\u00fchistamis\u00f5igus ei kehti:<\/strong><\/p>\n\n<ul class=\"wp-block-list\">\n<li>Tooted, mis on tervishoiu- v\u00f5i h\u00fcgieenilistel p\u00f5hjustel pitseeritud ja mille pitser on teie poolt purustatud.<\/li>\n\n\n\n<li>Kaupade puhul, mis on mingil viisil isikup\u00e4rastatud; n\u00e4iteks spetsiaalselt kohandatud rullsuusad, rullsuusad, millele on paigaldatud sidemed.<\/li>\n\n\n\n<li>Eritellimusel valmistatud toode, mis on spetsiaalselt teie jaoks kohandatud v\u00f5i millel on teie soovide kohaselt eriline isiklik puudutus.<\/li>\n\n\n\n<li><br\/><br\/>Teenused, mis on l\u00f5pule viidud ja mille puhul olete selges\u00f5naliselt n\u00f5ustunud teenuse alustamisega ilma taganemis\u00f5iguseta. Seadusest tuleneva taganemis\u00f5iguse kohta vt l\u00e4hemalt <a href=\"http:\/\/www.konsumentverket.se\/for-foretag\/konsumentratt-for-foretagare\/om-kunden-angrar-sitt-kop\/\" target=\"_blank\" rel=\"noreferrer noopener\"><strong>siit<\/strong>. <\/a> <\/li>\n<\/ul>\n\n<p><strong>5.3 Tagastuste tagastamine<\/strong><\/p>\n\n<ul class=\"wp-block-list\">\n<li>Kui teie tagastamine on laekunud, t\u00f6\u00f6deldud ja meie poolt heaks kiidetud, tagastatakse raha Klarna kaudu, millest on maha arvatud tagastamiskulud (99 SEK). Kui olete otsustanud tasuda arve alusel, soovitame teil tasuda arve v\u00f5i v\u00f5tta \u00fchendust Klarnaga, et pikendada makset\u00e4htaega, et v\u00e4ltida asjatute meeldetuletustasude tekkimise riski. <\/li>\n<\/ul>\n\n<ol start=\"6\" class=\"wp-block-list\">\n<li><strong>Kaebused ja kaebused<\/strong><\/li>\n<\/ol>\n\n<ul class=\"wp-block-list\">\n<li>Me kontrollime k\u00f5iki tooteid enne nende saatmist teile. Kui toode peaks selle saabumisel siiski olema kahjustatud v\u00f5i valesti saadetud, kohustume selle tasuta parandama vastavalt kehtivatele tarbijakaitsealastele \u00f5igusaktidele. <\/li>\n\n\n\n<li>Enne defektse toote tagastamist peate alati meiega \u00fchendust v\u00f5tma, et saada luba.<\/li>\n\n\n\n<li><br\/><br\/>Kaebus tuleb saata kohe p\u00e4rast puuduse avastamist. 6.1<strong>Kuidas esitada kaebus?<\/strong><\/li>\n\n\n\n<li>K\u00f5ikidest vigadest ja puudustest tuleb alati teatada aadressil order@elpex.se, m\u00e4rkides oma nime, aadressi, e-posti aadressi, tellimuse numbri ja vea kirjelduse.<\/li>\n\n\n\n<li>Kui me ei suuda viga k\u00f5rvaldada v\u00f5i tarnida sarnast toodet, h\u00fcvitame teile defektse toote hinna vastavalt kehtivatele tarbijakaitseseadustele. Me maksame volitatud reklamatsioonide puhul tagasisaatmise eest. <\/li>\n\n\n\n<li>Me j\u00e4tame endale \u00f5iguse keelduda kaebuse esitamisest, kui selgub, et toode ei ole defektne vastavalt kehtivatele tarbijakaitsealastele \u00f5igusaktidele. Kaebuste korral j\u00e4rgime \u00fcldise kaebuste ameti suuniseid, vt arn.se. <\/li>\n<\/ul>\n\n<ol start=\"7\" class=\"wp-block-list\">\n<li><strong>Vastutuse piiramine  <\/strong><\/li>\n<\/ol>\n\n<ul class=\"wp-block-list\">\n<li>Me ei v\u00f5ta vastutust kaudsete kahjude eest, mis v\u00f5ivad tekkida toote t\u00f5ttu.<\/li>\n\n\n\n<li>Me ei v\u00f5ta vastutust viivituste\/vigade eest, mis tulenevad asjaoludest, mis ei ole ettev\u00f5tte kontrolli all (v\u00e4\u00e4ramatu j\u00f5ud). Sellisteks asjaoludeks v\u00f5ivad olla n\u00e4iteks t\u00f6\u00f6vaidlused, tulekahju, s\u00f5da, valitsuse otsused, tarnijate v\u00e4henenud tarned v\u00f5i tarnete puudumine. <\/li>\n\n\n\n<li>Lisaks sellele ei vastuta me toodete\/toote omaduste muutmise eest, mida on muutnud vastav tarnija, ega muude tegurite eest, mis ei ole meie kontrolli all.<\/li>\n<\/ul>\n\n<ol start=\"8\" class=\"wp-block-list\">\n<li><strong>Tooteinfo<\/strong><\/li>\n<\/ol>\n\n<ul class=\"wp-block-list\">\n<li>Me j\u00e4tame endale \u00f5iguse teha sellel veebilehel tr\u00fckivigu, samuti toodete l\u00f5ppm\u00fc\u00fcgil. Me ei garanteeri, et pildid kajastavad toodete t\u00e4pset v\u00e4limust, kuna s\u00f5ltuvalt monitorist, fotokvaliteedist ja resolutsioonist v\u00f5ib esineda m\u00f5ningaid v\u00e4rvierinevusi. P\u00fc\u00fcame alati anda endast parima, et kuvada tooteid v\u00f5imalikult t\u00e4pselt.  <\/li>\n<\/ul>\n\n<ol start=\"9\" class=\"wp-block-list\">\n<li><strong>Teave k\u00fcpsiste kohta<\/strong><\/li>\n<\/ol>\n\n<ul class=\"wp-block-list\">\n<li>Elektroonilise teabe seaduse kohaselt tuleb veebilehe k\u00fclastajaid teavitada k\u00fcpsiste kasutamisest eraelu puutumatuse tagamise eesm\u00e4rgil. K\u00fcpsises sisalduvat teavet v\u00f5ib kasutada kasutaja sirvimisk\u00e4itumise j\u00e4lgimiseks. K\u00fcpsis on v\u00e4ike tekstifail, mida k\u00fclastatav veebisait palub teie arvutisse salvestada, et v\u00f5imaldada juurdep\u00e4\u00e4su erinevatele funktsioonidele. V\u00f5ite seadistada oma brauseri nii, et see keeldub automaatselt k\u00fcpsiste kasutamisest. Lisateavet leiate Rootsi posti- ja telekommunikatsiooniameti veebisaidilt.    <\/li>\n<\/ul>\n\n<ol start=\"10\" class=\"wp-block-list\">\n<li><strong>Isikuandmed<\/strong><\/li>\n<\/ol>\n\n<ul class=\"wp-block-list\">\n<li>Elpexis oste tehes n\u00f5ustute meie andmekaitsepoliitikaga ja sellega, et me t\u00f6\u00f6tleme teie isikuandmeid. Me hoolime teie privaatsusest ja ei kogu rohkem andmeid, kui on vaja teie tellimuse t\u00f6\u00f6tlemiseks. Me ei m\u00fc\u00fc ega anna teie andmeid kunagi edasi kolmandatele isikutele ilma \u00f5igusliku aluseta.  <\/li>\n\n\n\n<li>Elpex vastutab nende isikuandmete t\u00f6\u00f6tlemise eest, mille olete meile kliendina esitanud. Me t\u00f6\u00f6tleme teie isikuandmeid teie tellimuse t\u00f6\u00f6tlemiseks ja juhul, kui olete taotlenud uudiskirju v\u00f5i reklaampakkumisi, et saaksime turundust kohandada vastavalt teie individuaalsetele vajadustele. <\/li>\n\n\n\n<li>Allj\u00e4rgnevas teabes on kokkuv\u00f5te sellest, kuidas me salvestame ja t\u00f6\u00f6tleme teie andmeid vastavalt <a href=\"https:\/\/www.imy.se\/verksamhet\/dataskydd\/det-har-galler-enligt-gdpr\/introduktion-till-gdpr\/\" target=\"_blank\" rel=\"noreferrer noopener\">\u00fcldisele andmekaitsem\u00e4\u00e4rusele<\/a> (GDPR).<\/li>\n\n\n\n<li><strong>10.1 Mis on isikuandmed?<\/strong><br\/>Isikuandmed on igasugune teave, mida saab otseselt v\u00f5i kaudselt seostada f\u00fc\u00fcsilise isikuga.<\/li>\n\n\n\n<li><strong>10.2 Milliseid andmeid me salvestame?<\/strong><br\/>Teie tellimuse t\u00f6\u00f6tlemiseks ja tellimusega seotud k\u00fcsimustele vastamiseks (klienditeenindus) salvestame teie ees- ja perekonnanime, aadressi, telefoninumbri, e-posti aadressi, IP-aadressi ja ostuajaloo.<\/li>\n\n\n\n<li>Teie andmeid s\u00e4ilitatakse seni, kuni meil on \u00f5iguslik alus teie andmete t\u00f6\u00f6tlemiseks, n\u00e4iteks meie vahelise lepingu t\u00e4itmiseks v\u00f5i n\u00e4iteks raamatupidamise seadusest tuleneva \u00f5igusliku kohustuse t\u00e4itmiseks.<\/li>\n\n\n\n<li><br\/><br\/>1<strong>0.3 \u00d5iguslik alus<\/strong> Seoses ostuga t\u00f6\u00f6deldakse teie isikuandmeid teiega s\u00f5lmitud lepingu t\u00e4itmiseks. Turundus, kampaaniad ja sarnased postitused toimuvad teie n\u00f5usolekul.<\/li>\n\n\n\n<li><strong>10.4 Milliseid andmeid jagatakse ja mis eesm\u00e4rgil?<\/strong><br\/><strong>10.4.1 Makseteenuse pakkuja<\/strong><\/li>\n\n\n\n<li>Ostu sooritamisel jagatakse teavet meie makseteenuse pakkujaga. Salvestatakse eesnimi, perekonnanimi, aadress, e-posti aadress ja telefoninumber. Kui otsustate maksta arve alusel, salvestatakse ka makseteenuse pakkuja sotsiaalkindlustusnumber.<br\/>Andmeid salvestatakse ostu sooritamiseks ja osapoolte kaitsmiseks pettuse eest. Meie kasutatavad makseteenuse pakkujad (makseteenused) on: Klarna, kaardimaksed.   <\/li>\n\n\n\n<li><br\/>1<strong>0.4.2 Veoettev\u00f5tja<\/strong> Selleks, et teie tellimusi kohale toimetada ja meie lepingut t\u00e4ita, peame jagama konkreetset teavet veoettev\u00f5tjaga. See, mida jagatakse laevandusettev\u00f5ttega, on eesnimi, perekonnanimi ja aadressiandmed tarne k\u00e4ttetoimetamiseks.<br\/>Ka e-posti aadressi ja\/v\u00f5i mobiiltelefoni numbrit v\u00f5idakse teavituseks jagada laevandusettev\u00f5ttega. Laevandusettev\u00f5tted, kellega me t\u00f6\u00f6tame, on: Postnord, DHL, Schenker, Bring.  <\/li>\n\n\n\n<li><br\/>1<strong>0.4.3 Uudiskiri<\/strong> Kui olete otsustanud tellida meie uudiskirja, jagatakse teie ees- ja perekonnanimi ning e-posti aadress meie uudiskirja pakkujaga.<br\/>See on selleks, et hoida teid turunduslikel eesm\u00e4rkidel kursis teabe ja pakkumistega. Me kasutame neid uudiskirjade saatmiseks. <\/li>\n\n\n\n<li><br\/>1<strong>0.5 Juurdep\u00e4\u00e4su\u00f5igus<\/strong> Teil on \u00f5igus saada v\u00e4ljav\u00f5tteid teie kohta k\u00e4ivatest andmetest. V\u00e4ljav\u00f5tted edastatakse elektrooniliselt loetavas vormis. <\/li>\n\n\n\n<li><br\/>1<strong>0.6 \u00d5igus andmete parandamisele<\/strong> Teil on \u00f5igus paluda meil ajakohastada eba\u00f5iget teavet v\u00f5i t\u00e4iendada puudulikku teavet.<\/li>\n\n\n\n<li><br\/>1<strong>0.7 \u00d5igus olla unustatud<\/strong> Te v\u00f5ite igal ajal taotleda oma andmete kustutamist. \u00d5igus andmete kustutamisele on vaid m\u00f5ned erandid, n\u00e4iteks kui andmeid tuleb s\u00e4ilitada, sest me peame t\u00e4itma \u00f5iguslikku kohustust (n\u00e4iteks raamatupidamise seaduse alusel). <\/li>\n\n\n\n<li><br\/>1<strong>0.8 Andmekaitseametnik<\/strong> Elpex vastutab isikuandmete s\u00e4ilitamise ja t\u00f6\u00f6tlemise eest veebipoes ning tagab eeskirjade j\u00e4rgimise.<\/li>\n\n\n\n<li><br\/><br\/>1<strong>0.9 Kuidas me teie isikuandmeid kaitseme<\/strong> Kasutame tundliku teabe, n\u00e4iteks isikuandmete ja paroolide turvaliseks salvestamiseks, t\u00f6\u00f6tlemiseks ja edastamiseks selliseid t\u00f6\u00f6stusstandardeid nagu SSL\/TLS ja \u00fchesuunalised hash-algoritmid. Me kasutame Rootsi platvormi Quickbutik, mida haldab Helsingborgis asuv Quickbutik AB.<\/li>\n<\/ul>\n\n<ol start=\"11\" class=\"wp-block-list\">\n<li><strong>\u00dcldtingimuste muudatused<\/strong><\/li>\n<\/ol>\n\n<ul class=\"wp-block-list\">\n<li>Me j\u00e4tame endale \u00f5iguse muuta tingimusi igal ajal. Tingimuste muudatused avaldatakse veebilehel. Muudetud tingimused loetakse vastuv\u00f5etuks seoses tellimuste v\u00f5i veebilehe k\u00fclastamisega.  <\/li>\n<\/ul>\n\n<ol start=\"12\" class=\"wp-block-list\">\n<li><strong>Vaidlused ja \u00f5iguse valik<\/strong><\/li>\n<\/ol>\n\n<ul class=\"wp-block-list\">\n<li>Kui vaidlusk\u00fcsimust ei ole v\u00f5imalik lahendada ettev\u00f5tte klienditeeninduse ja kliendi kokkuleppel, v\u00f5ite kliendina p\u00f6\u00f6rduda riikliku tarbijavaidluste ameti poole, vt arn.se. Teiste ELi riikide kui Rootsi elanike puhul saab kaebusi esitada internetis Euroopa Komisjoni vaidluste vahendamise platvormi kaudu, vt <a href=\"http:\/\/ec.europa.eu\/consumers\/odr\">http:\/\/ec.europa.eu\/consumers\/odr<\/a>. <\/li>\n\n\n\n<li>Vaidluse korral j\u00e4rgime ARNi v\u00f5i samav\u00e4\u00e4rse vaidluste lahendamise organi otsust.<\/li>\n\n\n\n<li>K\u00e4esolevate \u00fcldtingimuste t\u00f5lgendamise v\u00f5i kohaldamisega seotud vaidlusi t\u00f5lgendatakse vastavalt Rootsi seadustele ja \u00f5igusaktidele.<\/li>\n<\/ul>\n\n<p><\/p>\n","protected":false},"excerpt":{"rendered":"<p>5.2 T\u00fchistamis\u00f5igus ei kehti: 5.3 Tagastuste tagastamine<\/p>\n","protected":false},"author":5,"featured_media":0,"parent":0,"menu_order":0,"comment_status":"closed","ping_status":"closed","template":"","meta":{"footnotes":""},"class_list":["post-2302","page","type-page","status-publish","hentry"],"yoast_head":"<!-- This site is optimized with the Yoast SEO plugin v27.4 - https:\/\/yoast.com\/product\/yoast-seo-wordpress\/ -->\n<title>Ostutingimused - Elpex<\/title>\n<meta name=\"robots\" content=\"index, follow, max-snippet:-1, max-image-preview:large, max-video-preview:-1\" \/>\n<link rel=\"canonical\" href=\"https:\/\/www.elpex.se\/et\/ostutingimused\/\" \/>\n<meta property=\"og:locale\" content=\"et_EE\" \/>\n<meta property=\"og:type\" content=\"article\" \/>\n<meta property=\"og:title\" content=\"Ostutingimused - Elpex\" \/>\n<meta property=\"og:description\" content=\"5.2 T\u00fchistamis\u00f5igus ei kehti: 5.3 Tagastuste tagastamine\" \/>\n<meta property=\"og:url\" content=\"https:\/\/www.elpex.se\/et\/ostutingimused\/\" \/>\n<meta property=\"og:site_name\" content=\"Elpex\" \/>\n<meta property=\"article:publisher\" content=\"https:\/\/www.facebook.com\/www.elpex.se\/?locale=sv_SE\" \/>\n<meta property=\"article:modified_time\" content=\"2025-01-09T16:03:45+00:00\" \/>\n<meta name=\"twitter:card\" content=\"summary_large_image\" \/>\n<meta name=\"twitter:label1\" content=\"Est. reading time\" \/>\n\t<meta name=\"twitter:data1\" content=\"10 minutit\" \/>\n<script type=\"application\/ld+json\" class=\"yoast-schema-graph\">{\"@context\":\"https:\\\/\\\/schema.org\",\"@graph\":[{\"@type\":\"WebPage\",\"@id\":\"https:\\\/\\\/www.elpex.se\\\/et\\\/ostutingimused\\\/\",\"url\":\"https:\\\/\\\/www.elpex.se\\\/et\\\/ostutingimused\\\/\",\"name\":\"Ostutingimused - Elpex\",\"isPartOf\":{\"@id\":\"https:\\\/\\\/www.elpex.se\\\/et\\\/#website\"},\"datePublished\":\"2024-12-22T15:52:09+00:00\",\"dateModified\":\"2025-01-09T16:03:45+00:00\",\"breadcrumb\":{\"@id\":\"https:\\\/\\\/www.elpex.se\\\/et\\\/ostutingimused\\\/#breadcrumb\"},\"inLanguage\":\"et\",\"potentialAction\":[{\"@type\":\"ReadAction\",\"target\":[\"https:\\\/\\\/www.elpex.se\\\/et\\\/ostutingimused\\\/\"]}]},{\"@type\":\"BreadcrumbList\",\"@id\":\"https:\\\/\\\/www.elpex.se\\\/et\\\/ostutingimused\\\/#breadcrumb\",\"itemListElement\":[{\"@type\":\"ListItem\",\"position\":1,\"name\":\"Hem\",\"item\":\"https:\\\/\\\/www.elpex.se\\\/et\\\/\"},{\"@type\":\"ListItem\",\"position\":2,\"name\":\"Ostutingimused\"}]},{\"@type\":\"WebSite\",\"@id\":\"https:\\\/\\\/www.elpex.se\\\/et\\\/#website\",\"url\":\"https:\\\/\\\/www.elpex.se\\\/et\\\/\",\"name\":\"Elpex\",\"description\":\"\",\"publisher\":{\"@id\":\"https:\\\/\\\/www.elpex.se\\\/et\\\/#organization\"},\"potentialAction\":[{\"@type\":\"SearchAction\",\"target\":{\"@type\":\"EntryPoint\",\"urlTemplate\":\"https:\\\/\\\/www.elpex.se\\\/et\\\/?s={search_term_string}\"},\"query-input\":{\"@type\":\"PropertyValueSpecification\",\"valueRequired\":true,\"valueName\":\"search_term_string\"}}],\"inLanguage\":\"et\"},{\"@type\":\"Organization\",\"@id\":\"https:\\\/\\\/www.elpex.se\\\/et\\\/#organization\",\"name\":\"Elpex\",\"url\":\"https:\\\/\\\/www.elpex.se\\\/et\\\/\",\"logo\":{\"@type\":\"ImageObject\",\"inLanguage\":\"et\",\"@id\":\"https:\\\/\\\/www.elpex.se\\\/et\\\/#\\\/schema\\\/logo\\\/image\\\/\",\"url\":\"https:\\\/\\\/www.elpex.se\\\/wp-content\\\/uploads\\\/2024\\\/11\\\/Elpex-logo_svart.svg\",\"contentUrl\":\"https:\\\/\\\/www.elpex.se\\\/wp-content\\\/uploads\\\/2024\\\/11\\\/Elpex-logo_svart.svg\",\"caption\":\"Elpex\"},\"image\":{\"@id\":\"https:\\\/\\\/www.elpex.se\\\/et\\\/#\\\/schema\\\/logo\\\/image\\\/\"},\"sameAs\":[\"https:\\\/\\\/www.facebook.com\\\/www.elpex.se\\\/?locale=sv_SE\",\"https:\\\/\\\/www.instagram.com\\\/elpexrollerskis\\\/\"]}]}<\/script>\n<!-- \/ Yoast SEO plugin. -->","yoast_head_json":{"title":"Ostutingimused - Elpex","robots":{"index":"index","follow":"follow","max-snippet":"max-snippet:-1","max-image-preview":"max-image-preview:large","max-video-preview":"max-video-preview:-1"},"canonical":"https:\/\/www.elpex.se\/et\/ostutingimused\/","og_locale":"et_EE","og_type":"article","og_title":"Ostutingimused - Elpex","og_description":"5.2 T\u00fchistamis\u00f5igus ei kehti: 5.3 Tagastuste tagastamine","og_url":"https:\/\/www.elpex.se\/et\/ostutingimused\/","og_site_name":"Elpex","article_publisher":"https:\/\/www.facebook.com\/www.elpex.se\/?locale=sv_SE","article_modified_time":"2025-01-09T16:03:45+00:00","twitter_card":"summary_large_image","twitter_misc":{"Est. reading time":"10 minutit"},"schema":{"@context":"https:\/\/schema.org","@graph":[{"@type":"WebPage","@id":"https:\/\/www.elpex.se\/et\/ostutingimused\/","url":"https:\/\/www.elpex.se\/et\/ostutingimused\/","name":"Ostutingimused - Elpex","isPartOf":{"@id":"https:\/\/www.elpex.se\/et\/#website"},"datePublished":"2024-12-22T15:52:09+00:00","dateModified":"2025-01-09T16:03:45+00:00","breadcrumb":{"@id":"https:\/\/www.elpex.se\/et\/ostutingimused\/#breadcrumb"},"inLanguage":"et","potentialAction":[{"@type":"ReadAction","target":["https:\/\/www.elpex.se\/et\/ostutingimused\/"]}]},{"@type":"BreadcrumbList","@id":"https:\/\/www.elpex.se\/et\/ostutingimused\/#breadcrumb","itemListElement":[{"@type":"ListItem","position":1,"name":"Hem","item":"https:\/\/www.elpex.se\/et\/"},{"@type":"ListItem","position":2,"name":"Ostutingimused"}]},{"@type":"WebSite","@id":"https:\/\/www.elpex.se\/et\/#website","url":"https:\/\/www.elpex.se\/et\/","name":"Elpex","description":"","publisher":{"@id":"https:\/\/www.elpex.se\/et\/#organization"},"potentialAction":[{"@type":"SearchAction","target":{"@type":"EntryPoint","urlTemplate":"https:\/\/www.elpex.se\/et\/?s={search_term_string}"},"query-input":{"@type":"PropertyValueSpecification","valueRequired":true,"valueName":"search_term_string"}}],"inLanguage":"et"},{"@type":"Organization","@id":"https:\/\/www.elpex.se\/et\/#organization","name":"Elpex","url":"https:\/\/www.elpex.se\/et\/","logo":{"@type":"ImageObject","inLanguage":"et","@id":"https:\/\/www.elpex.se\/et\/#\/schema\/logo\/image\/","url":"https:\/\/www.elpex.se\/wp-content\/uploads\/2024\/11\/Elpex-logo_svart.svg","contentUrl":"https:\/\/www.elpex.se\/wp-content\/uploads\/2024\/11\/Elpex-logo_svart.svg","caption":"Elpex"},"image":{"@id":"https:\/\/www.elpex.se\/et\/#\/schema\/logo\/image\/"},"sameAs":["https:\/\/www.facebook.com\/www.elpex.se\/?locale=sv_SE","https:\/\/www.instagram.com\/elpexrollerskis\/"]}]}},"_links":{"self":[{"href":"https:\/\/www.elpex.se\/et\/wp-json\/wp\/v2\/pages\/2302","targetHints":{"allow":["GET"]}}],"collection":[{"href":"https:\/\/www.elpex.se\/et\/wp-json\/wp\/v2\/pages"}],"about":[{"href":"https:\/\/www.elpex.se\/et\/wp-json\/wp\/v2\/types\/page"}],"author":[{"embeddable":true,"href":"https:\/\/www.elpex.se\/et\/wp-json\/wp\/v2\/users\/5"}],"replies":[{"embeddable":true,"href":"https:\/\/www.elpex.se\/et\/wp-json\/wp\/v2\/comments?post=2302"}],"version-history":[{"count":1,"href":"https:\/\/www.elpex.se\/et\/wp-json\/wp\/v2\/pages\/2302\/revisions"}],"predecessor-version":[{"id":2304,"href":"https:\/\/www.elpex.se\/et\/wp-json\/wp\/v2\/pages\/2302\/revisions\/2304"}],"wp:attachment":[{"href":"https:\/\/www.elpex.se\/et\/wp-json\/wp\/v2\/media?parent=2302"}],"curies":[{"name":"wp","href":"https:\/\/api.w.org\/{rel}","templated":true}]}}