{"id":13939,"date":"2026-03-06T09:58:26","date_gmt":"2026-03-06T09:58:26","guid":{"rendered":"https:\/\/www.elpex.se\/rullsuusaradade-kaart-rootsis\/"},"modified":"2026-03-06T14:14:07","modified_gmt":"2026-03-06T14:14:07","slug":"rullsuusaradade-kaart-rootsis","status":"publish","type":"page","link":"https:\/\/www.elpex.se\/et\/juhendid\/rullsuusaradade-kaart-rootsis\/","title":{"rendered":"Rullsuusarajad Rootsis"},"content":{"rendered":"\n<p>Siit leiad kaardi paljude Rootsi rullsuusaradade ja asfalteeritud treeningringide kohta. Kliki nimekirjas oleval rajatisel, et kaarti sisse suumida ja n\u00e4ha selle ligikaudset asukohta. Pikkused on m\u00e4rgitud vastavalt k\u00e4ttesaadavatele andmetele ning Rootsi suusameedia, SSF-i ja ametlike rajatiste veebilehtede kokkuv\u00f5tetele.  <\/p>\n\n<div class=\"elpex-map-wrap\">\n  <div class=\"elpex-map-header\">\n    <h2>Rullsuusarajad Rootsis<\/h2>\n    <p>\n Leia rullsuusarajad Rootsis ja kl\u00f5psa loendis rajatisele, et seda kaardil kuvada.\n    <\/p>\n  <\/div>\n\n  <div class=\"elpex-map-toolbar\">\n    <button id=\"findNearestTrack\" type=\"button\" class=\"elpex-find-btn\">Leia l\u00e4him rada<\/button>\n    <span id=\"nearestTrackStatus\" class=\"elpex-nearest-status\"><\/span>\n  <\/div>\n\n  <div class=\"elpex-map-layout\">\n    <div class=\"elpex-map-sidebar\">\n      <input type=\"text\" id=\"rollerskiFilter\" placeholder=\"Otsi asulat v\u00f5i rajatist\" class=\"elpex-map-search\"\/>\n      <div id=\"rollerskiList\" class=\"elpex-map-list\"><\/div>\n    <\/div>\n\n    <div id=\"rollerskiMap\" class=\"elpex-map-canvas\"><\/div>\n  <\/div>\n\n  <div class=\"elpex-map-note\">\n  Pikkused on ligikaudsed ja v\u00f5ivad muutuda, kui radu \u00fcmber ehitatakse v\u00f5i pikendatakse. Kontrolli palun kohapealset infot enne k\u00fclastust.\n  <\/div>\n<\/div>\n\n<p><strong>Nipp enne s\u00f5itu:<\/strong><br\/>Enne teele asumist kontrolli kohalikust rajatisest alati v\u00e4rsket seisu, lahtiolekuaegu, valgustust ja v\u00f5imalikke tasusid. Pikkus ja trass v\u00f5ivad muutuda, kui radu \u00fcmber ehitatakse v\u00f5i t\u00e4iendatakse. <\/p>\n","protected":false},"excerpt":{"rendered":"<p>Siit leiad kaardi paljude Rootsi rullsuusaradade ja asfalteeritud treeningringide kohta. Kliki nimekirjas oleval rajatisel, et kaarti sisse suumida ja n\u00e4ha selle ligikaudset asukohta. Pikkused on m\u00e4rgitud vastavalt k\u00e4ttesaadavatele andmetele ning Rootsi suusameedia, SSF-i ja ametlike rajatiste veebilehtede kokkuv\u00f5tetele. Rullsuusarajad Rootsis Leia rullsuusarajad Rootsis ja kl\u00f5psa [&hellip;]<\/p>\n","protected":false},"author":5,"featured_media":0,"parent":12299,"menu_order":0,"comment_status":"closed","ping_status":"closed","template":"","meta":{"footnotes":""},"class_list":["post-13939","page","type-page","status-publish","hentry"],"yoast_head":"<!-- This site is optimized with the Yoast SEO plugin v27.4 - https:\/\/yoast.com\/product\/yoast-seo-wordpress\/ -->\n<title>Rullsuusarajad Rootsis - Elpex<\/title>\n<meta name=\"robots\" content=\"index, follow, max-snippet:-1, max-image-preview:large, max-video-preview:-1\" \/>\n<link rel=\"canonical\" href=\"https:\/\/www.elpex.se\/et\/juhendid\/rullsuusaradade-kaart-rootsis\/\" \/>\n<meta property=\"og:locale\" content=\"et_EE\" \/>\n<meta property=\"og:type\" content=\"article\" \/>\n<meta property=\"og:title\" content=\"Rullsuusarajad Rootsis - Elpex\" \/>\n<meta property=\"og:description\" content=\"Siit leiad kaardi paljude Rootsi rullsuusaradade ja asfalteeritud treeningringide kohta. Kliki nimekirjas oleval rajatisel, et kaarti sisse suumida ja n\u00e4ha selle ligikaudset asukohta. Pikkused on m\u00e4rgitud vastavalt k\u00e4ttesaadavatele andmetele ning Rootsi suusameedia, SSF-i ja ametlike rajatiste veebilehtede kokkuv\u00f5tetele. Rullsuusarajad Rootsis Leia rullsuusarajad Rootsis ja kl\u00f5psa [&hellip;]\" \/>\n<meta property=\"og:url\" content=\"https:\/\/www.elpex.se\/et\/juhendid\/rullsuusaradade-kaart-rootsis\/\" \/>\n<meta property=\"og:site_name\" content=\"Elpex\" \/>\n<meta property=\"article:publisher\" content=\"https:\/\/www.facebook.com\/www.elpex.se\/?locale=sv_SE\" \/>\n<meta property=\"article:modified_time\" content=\"2026-03-06T14:14:07+00:00\" \/>\n<meta name=\"twitter:card\" content=\"summary_large_image\" \/>\n<meta name=\"twitter:label1\" content=\"Est. reading time\" \/>\n\t<meta name=\"twitter:data1\" content=\"1 minut\" \/>\n<script type=\"application\/ld+json\" class=\"yoast-schema-graph\">{\"@context\":\"https:\\\/\\\/schema.org\",\"@graph\":[{\"@type\":\"WebPage\",\"@id\":\"https:\\\/\\\/www.elpex.se\\\/et\\\/juhendid\\\/rullsuusaradade-kaart-rootsis\\\/\",\"url\":\"https:\\\/\\\/www.elpex.se\\\/et\\\/juhendid\\\/rullsuusaradade-kaart-rootsis\\\/\",\"name\":\"Rullsuusarajad Rootsis - Elpex\",\"isPartOf\":{\"@id\":\"https:\\\/\\\/www.elpex.se\\\/et\\\/#website\"},\"datePublished\":\"2026-03-06T09:58:26+00:00\",\"dateModified\":\"2026-03-06T14:14:07+00:00\",\"breadcrumb\":{\"@id\":\"https:\\\/\\\/www.elpex.se\\\/et\\\/juhendid\\\/rullsuusaradade-kaart-rootsis\\\/#breadcrumb\"},\"inLanguage\":\"et\",\"potentialAction\":[{\"@type\":\"ReadAction\",\"target\":[\"https:\\\/\\\/www.elpex.se\\\/et\\\/juhendid\\\/rullsuusaradade-kaart-rootsis\\\/\"]}]},{\"@type\":\"BreadcrumbList\",\"@id\":\"https:\\\/\\\/www.elpex.se\\\/et\\\/juhendid\\\/rullsuusaradade-kaart-rootsis\\\/#breadcrumb\",\"itemListElement\":[{\"@type\":\"ListItem\",\"position\":1,\"name\":\"Hem\",\"item\":\"https:\\\/\\\/www.elpex.se\\\/et\\\/\"},{\"@type\":\"ListItem\",\"position\":2,\"name\":\"N\u00e4pun\u00e4ited ja juhendid\",\"item\":\"https:\\\/\\\/www.elpex.se\\\/et\\\/juhendid\\\/\"},{\"@type\":\"ListItem\",\"position\":3,\"name\":\"Rullsuusarajad Rootsis\"}]},{\"@type\":\"WebSite\",\"@id\":\"https:\\\/\\\/www.elpex.se\\\/et\\\/#website\",\"url\":\"https:\\\/\\\/www.elpex.se\\\/et\\\/\",\"name\":\"Elpex\",\"description\":\"\",\"publisher\":{\"@id\":\"https:\\\/\\\/www.elpex.se\\\/et\\\/#organization\"},\"potentialAction\":[{\"@type\":\"SearchAction\",\"target\":{\"@type\":\"EntryPoint\",\"urlTemplate\":\"https:\\\/\\\/www.elpex.se\\\/et\\\/?s={search_term_string}\"},\"query-input\":{\"@type\":\"PropertyValueSpecification\",\"valueRequired\":true,\"valueName\":\"search_term_string\"}}],\"inLanguage\":\"et\"},{\"@type\":\"Organization\",\"@id\":\"https:\\\/\\\/www.elpex.se\\\/et\\\/#organization\",\"name\":\"Elpex\",\"url\":\"https:\\\/\\\/www.elpex.se\\\/et\\\/\",\"logo\":{\"@type\":\"ImageObject\",\"inLanguage\":\"et\",\"@id\":\"https:\\\/\\\/www.elpex.se\\\/et\\\/#\\\/schema\\\/logo\\\/image\\\/\",\"url\":\"https:\\\/\\\/www.elpex.se\\\/wp-content\\\/uploads\\\/2024\\\/11\\\/Elpex-logo_svart.svg\",\"contentUrl\":\"https:\\\/\\\/www.elpex.se\\\/wp-content\\\/uploads\\\/2024\\\/11\\\/Elpex-logo_svart.svg\",\"caption\":\"Elpex\"},\"image\":{\"@id\":\"https:\\\/\\\/www.elpex.se\\\/et\\\/#\\\/schema\\\/logo\\\/image\\\/\"},\"sameAs\":[\"https:\\\/\\\/www.facebook.com\\\/www.elpex.se\\\/?locale=sv_SE\",\"https:\\\/\\\/www.instagram.com\\\/elpexrollerskis\\\/\"]}]}<\/script>\n<!-- \/ Yoast SEO plugin. -->","yoast_head_json":{"title":"Rullsuusarajad Rootsis - Elpex","robots":{"index":"index","follow":"follow","max-snippet":"max-snippet:-1","max-image-preview":"max-image-preview:large","max-video-preview":"max-video-preview:-1"},"canonical":"https:\/\/www.elpex.se\/et\/juhendid\/rullsuusaradade-kaart-rootsis\/","og_locale":"et_EE","og_type":"article","og_title":"Rullsuusarajad Rootsis - Elpex","og_description":"Siit leiad kaardi paljude Rootsi rullsuusaradade ja asfalteeritud treeningringide kohta. Kliki nimekirjas oleval rajatisel, et kaarti sisse suumida ja n\u00e4ha selle ligikaudset asukohta. Pikkused on m\u00e4rgitud vastavalt k\u00e4ttesaadavatele andmetele ning Rootsi suusameedia, SSF-i ja ametlike rajatiste veebilehtede kokkuv\u00f5tetele. Rullsuusarajad Rootsis Leia rullsuusarajad Rootsis ja kl\u00f5psa [&hellip;]","og_url":"https:\/\/www.elpex.se\/et\/juhendid\/rullsuusaradade-kaart-rootsis\/","og_site_name":"Elpex","article_publisher":"https:\/\/www.facebook.com\/www.elpex.se\/?locale=sv_SE","article_modified_time":"2026-03-06T14:14:07+00:00","twitter_card":"summary_large_image","twitter_misc":{"Est. reading time":"1 minut"},"schema":{"@context":"https:\/\/schema.org","@graph":[{"@type":"WebPage","@id":"https:\/\/www.elpex.se\/et\/juhendid\/rullsuusaradade-kaart-rootsis\/","url":"https:\/\/www.elpex.se\/et\/juhendid\/rullsuusaradade-kaart-rootsis\/","name":"Rullsuusarajad Rootsis - Elpex","isPartOf":{"@id":"https:\/\/www.elpex.se\/et\/#website"},"datePublished":"2026-03-06T09:58:26+00:00","dateModified":"2026-03-06T14:14:07+00:00","breadcrumb":{"@id":"https:\/\/www.elpex.se\/et\/juhendid\/rullsuusaradade-kaart-rootsis\/#breadcrumb"},"inLanguage":"et","potentialAction":[{"@type":"ReadAction","target":["https:\/\/www.elpex.se\/et\/juhendid\/rullsuusaradade-kaart-rootsis\/"]}]},{"@type":"BreadcrumbList","@id":"https:\/\/www.elpex.se\/et\/juhendid\/rullsuusaradade-kaart-rootsis\/#breadcrumb","itemListElement":[{"@type":"ListItem","position":1,"name":"Hem","item":"https:\/\/www.elpex.se\/et\/"},{"@type":"ListItem","position":2,"name":"N\u00e4pun\u00e4ited ja juhendid","item":"https:\/\/www.elpex.se\/et\/juhendid\/"},{"@type":"ListItem","position":3,"name":"Rullsuusarajad Rootsis"}]},{"@type":"WebSite","@id":"https:\/\/www.elpex.se\/et\/#website","url":"https:\/\/www.elpex.se\/et\/","name":"Elpex","description":"","publisher":{"@id":"https:\/\/www.elpex.se\/et\/#organization"},"potentialAction":[{"@type":"SearchAction","target":{"@type":"EntryPoint","urlTemplate":"https:\/\/www.elpex.se\/et\/?s={search_term_string}"},"query-input":{"@type":"PropertyValueSpecification","valueRequired":true,"valueName":"search_term_string"}}],"inLanguage":"et"},{"@type":"Organization","@id":"https:\/\/www.elpex.se\/et\/#organization","name":"Elpex","url":"https:\/\/www.elpex.se\/et\/","logo":{"@type":"ImageObject","inLanguage":"et","@id":"https:\/\/www.elpex.se\/et\/#\/schema\/logo\/image\/","url":"https:\/\/www.elpex.se\/wp-content\/uploads\/2024\/11\/Elpex-logo_svart.svg","contentUrl":"https:\/\/www.elpex.se\/wp-content\/uploads\/2024\/11\/Elpex-logo_svart.svg","caption":"Elpex"},"image":{"@id":"https:\/\/www.elpex.se\/et\/#\/schema\/logo\/image\/"},"sameAs":["https:\/\/www.facebook.com\/www.elpex.se\/?locale=sv_SE","https:\/\/www.instagram.com\/elpexrollerskis\/"]}]}},"_links":{"self":[{"href":"https:\/\/www.elpex.se\/et\/wp-json\/wp\/v2\/pages\/13939","targetHints":{"allow":["GET"]}}],"collection":[{"href":"https:\/\/www.elpex.se\/et\/wp-json\/wp\/v2\/pages"}],"about":[{"href":"https:\/\/www.elpex.se\/et\/wp-json\/wp\/v2\/types\/page"}],"author":[{"embeddable":true,"href":"https:\/\/www.elpex.se\/et\/wp-json\/wp\/v2\/users\/5"}],"replies":[{"embeddable":true,"href":"https:\/\/www.elpex.se\/et\/wp-json\/wp\/v2\/comments?post=13939"}],"version-history":[{"count":8,"href":"https:\/\/www.elpex.se\/et\/wp-json\/wp\/v2\/pages\/13939\/revisions"}],"predecessor-version":[{"id":14316,"href":"https:\/\/www.elpex.se\/et\/wp-json\/wp\/v2\/pages\/13939\/revisions\/14316"}],"up":[{"embeddable":true,"href":"https:\/\/www.elpex.se\/et\/wp-json\/wp\/v2\/pages\/12299"}],"wp:attachment":[{"href":"https:\/\/www.elpex.se\/et\/wp-json\/wp\/v2\/media?parent=13939"}],"curies":[{"name":"wp","href":"https:\/\/api.w.org\/{rel}","templated":true}]}}