{"id":13448,"date":"2026-03-04T07:22:05","date_gmt":"2026-03-04T07:22:05","guid":{"rendered":"https:\/\/www.elpex.se\/klassikaline-voi-uisusamm\/"},"modified":"2026-03-06T09:11:52","modified_gmt":"2026-03-06T09:11:52","slug":"klassikaline-voi-uisusamm","status":"publish","type":"page","link":"https:\/\/www.elpex.se\/et\/juhendid\/klassikaline-voi-uisusamm\/","title":{"rendered":"Klassikaline v\u00f5i uisusamm?"},"content":{"rendered":"\n<h2 class=\"wp-block-heading\">Millise stiili peaksid valima ja miks?<\/h2>\n\n<p>Kui alustad rullsuusatamisega, on \u00fcks esimesi k\u00fcsimusi, millist stiili valida. Kas s\u00f5ita klassikaliselt v\u00f5i uisusammul? M\u00f5lemad treeningvormid on t\u00f5husad ja l\u00f5busad, kuid need erinevad \u00fcsna palju tunde, tehnika ja alustamise lihtsuse poolest.  <\/p>\n\n<p>Siin k\u00e4ime l\u00e4bi erinevused, et saaksid algusest peale \u00f5ige valiku teha.<\/p>\n\n<hr class=\"wp-block-separator has-alpha-channel-opacity\"\/>\n\n<h2 class=\"wp-block-heading\">Mida t\u00e4hendab klassikaline s\u00f5it?<\/h2>\n\n<p>Klassikaline s\u00f5it sarnaneb traditsioonilise murdmaasuusatamisega, kus suusad liiguvad paralleelselt. Liigud edasi k\u00e4te t\u00f5ukamisega v\u00f5i diagonaalk\u00e4iguga, kus k\u00e4ed ja jalad t\u00f6\u00f6tavad vaheldumisi. <\/p>\n\n<p>Rullsuuskadel on tagumises ratas lukk, mis takistab suusal tagasi veeremast, kui t\u00f5ukad. See annab haarde samamoodi nagu talvel kinnitusvaik v\u00f5i nahataldadega (nagu nahasuuskadel). <\/p>\n\n<p>Klassikaline rullsuusatamine tundub algajatele sageli stabiilsem ja kontrollitum. Suusad on pikemad ja rattad laiemad, mis annab parema tasakaalu. Liikumine on paljudele ka loomulikum, kuna sarnaneb tavalisele k\u00f5ndimisele.  <\/p>\n\n<p>Enamiku harrastajate jaoks on klassikaline s\u00f5it seega lihtsaim viis rullsuusatamisega alustada.<\/p>\n\n<hr class=\"wp-block-separator has-alpha-channel-opacity\"\/>\n\n<h2 class=\"wp-block-heading\">Mida t\u00e4hendab uisusamm?<\/h2>\n\n<p>Uisusamm rullsuuskadel toimib samamoodi nagu uisusamm murdmaasuusatamisel. T\u00f5ukad V-kujulises liikumises, kus suusad kallutatakse kehast eemale. J\u00f5ud tuleb jalgade t\u00f5ukest, samal ajal kasutatakse keppi liikumise v\u00f5imendamiseks.  <\/p>\n\n<p>Uisusuuskadel pole rattais lukku. K\u00f5ik rattad veerevad vabalt, mis t\u00e4hendab, et tehnika p\u00f5hineb rohkem tasakaalul ja kontrollil. <\/p>\n\n<p>Uisusamm tundub sageli kiirem ja d\u00fcnaamilisem. Samal ajal n\u00f5uab see rohkem tasakaalu ja tehnikat. T\u00e4iesti treenimata inimesele v\u00f5ib uisusamm esimestel kordadel tunduda k\u00f5ikuvam.  <\/p>\n\n<p>Kui tehnika on omandatud, kogevad paljud, et uisusamm annab intensiivse ja l\u00f5busa treeningukogemuse.<\/p>\n\n<hr class=\"wp-block-separator has-alpha-channel-opacity\"\/>\n\n<h2 class=\"wp-block-heading\">Millal sobib klassikaline paremini?<\/h2>\n\n<p>Klassikaline sobib eriti h\u00e4sti, kui soovid rahulikult treenimisega alustada. Liikumine on stabiilne ja kergesti m\u00f5istetav. V\u00f5id alustada keppimisega ja seej\u00e4rel j\u00e4rk-j\u00e4rgult \u00f5ppida diagonaaltehnikat.  <\/p>\n\n<p>Paljudele harrastajatele on klassikaline ka s\u00e4\u00e4stvam, kuna tempo j\u00e4\u00e4b sageli rahulikumaks ja liikumised kontrollitumaks.<\/p>\n\n<p>Kui sinu eesm\u00e4rk on talvel s\u00f5ita pikki v\u00f5istlusi, n\u00e4iteks Vasaloppet, on klassikaline rullsuusatamine lisaks k\u00f5ige asjakohasem treening.<\/p>\n\n<p><a href=\"https:\/\/www.elpex.se\/et\/produkt\/klassikaline-wasa\/\">Elpex Classic Wasa<\/a> \u00e4r en modell som ofta fungerar bra f\u00f6r nyb\u00f6rjare eftersom den ger stabilitet och trygg k\u00e4nsla i \u00e5kningen.<\/p>\n\n<hr class=\"wp-block-separator has-alpha-channel-opacity\"\/>\n\n<h2 class=\"wp-block-heading\">Millal sobib uisusamm paremini?<\/h2>\n\n<p>Uisusamm sobib h\u00e4sti, kui s\u00f5idad talvel juba uisusammul ja soovid sama tehnikat aastaringselt treenida. See on hea valik ka siis, kui sulle meeldib intensiivsem treening, kus puls kiiresti t\u00f5useb. <\/p>\n\n<p>Kuna liikumine n\u00f5uab rohkem tasakaalu, v\u00f5ib kuluda m\u00f5ni trenn, enne kui see tundub loomulik. Kui tehnika on omandatud, kogevad paljud, et uisusamm annab v\u00e4ga vaba ja voolava tunde. <\/p>\n\n<p>Uisusammul s\u00f5itmiseks on <a href=\"https:\/\/www.elpex.se\/et\/produkt\/rulluisuvoistlus\/\">Elpex Skate Race<\/a> tavaline valik, kuna annab head reageerimist ja kontrolli.<\/p>\n\n<hr class=\"wp-block-separator has-alpha-channel-opacity\"\/>\n\n<h2 class=\"wp-block-heading\">Vastupidavus ja treeningukogemus<\/h2>\n\n<p>M\u00f5lemad stiilid annavad v\u00e4ga hea vastupidavustreeningu. Erinevus seisneb rohkem selles, kuidas treening tundub. <\/p>\n\n<p>Klassikaline tundub sageli r\u00fctmilisem ja vastupidavam. V\u00f5id hoida \u00fchtlast tempot pikema aja jooksul ja keskenduda tehnikale ning \u00fclakeha j\u00f5ule. <\/p>\n\n<p>Uisusamm tundub sageli plahvatuslikum ja pulsit\u00f5stvam. Tempo muutub k\u00f5rgemaks ja jalgade t\u00f6\u00f6 intensiivsemaks. <\/p>\n\n<p>Milline stiil tundub parem, s\u00f5ltub seega palju sellest, mis sulle l\u00f5busamana tundub.<\/p>\n\n<hr class=\"wp-block-separator has-alpha-channel-opacity\"\/>\n\n<h2 class=\"wp-block-heading\">Milline stiil on lihtsam alustada?<\/h2>\n\n<p>T\u00e4iesti uutele harrastajatele on klassikaline rullsuusatamine tavaliselt lihtsam alustada. Stabiilsemad suusad ja selgemad liikumismustrid teevad, et paljud tunnevad end turvalisemalt juba esimesest treeningust. <\/p>\n\n<p>Uisusamm v\u00f5ib algajatele kindlasti sobida, kuid n\u00f5uab veidi rohkem tasakaalu ja tehnikat.<\/p>\n\n<p>Kui oled ebakindel, on klassikaline seega sageli hea esimene samm. Kui oled soojenud, v\u00f5id hiljem alati uisusammu proovida. <\/p>\n\n<hr class=\"wp-block-separator has-alpha-channel-opacity\"\/>\n\n<h2 class=\"wp-block-heading\">Kokkuv\u00f5te<\/h2>\n\n<p>Klassikaline s\u00f5it on stabiilne, kergesti \u00f5pitav ja sobib h\u00e4sti algajatele ning pikamaa suusatajatele. Uisusamm on kiirem ja d\u00fcnaamilisem, kuid n\u00f5uab rohkem tasakaalu ja tehnikat. <\/p>\n\n<p>K\u00f5ige t\u00e4htsam on valida stiil, mis paneb sind tegelikult v\u00e4lja treenima. Kui rullsuusatamine tundub l\u00f5bus ja turvaline, saab treenimisest loomulik osa igap\u00e4evaelust. <\/p>\n","protected":false},"excerpt":{"rendered":"<p>Millise stiili peaksid valima ja miks? Kui alustad rullsuusatamisega, on \u00fcks esimesi k\u00fcsimusi, millist stiili valida. Kas s\u00f5ita klassikaliselt v\u00f5i uisusammul? M\u00f5lemad treeningvormid on t\u00f5husad ja l\u00f5busad, kuid need erinevad \u00fcsna palju tunde, tehnika ja alustamise lihtsuse poolest. Siin k\u00e4ime l\u00e4bi erinevused, et saaksid algusest [&hellip;]<\/p>\n","protected":false},"author":5,"featured_media":0,"parent":12299,"menu_order":0,"comment_status":"closed","ping_status":"closed","template":"","meta":{"footnotes":""},"class_list":["post-13448","page","type-page","status-publish","hentry"],"yoast_head":"<!-- This site is optimized with the Yoast SEO plugin v27.4 - https:\/\/yoast.com\/product\/yoast-seo-wordpress\/ -->\n<title>Klassikaline v\u00f5i uisusamm? - Elpex<\/title>\n<meta name=\"robots\" content=\"index, follow, max-snippet:-1, max-image-preview:large, max-video-preview:-1\" \/>\n<link rel=\"canonical\" href=\"https:\/\/www.elpex.se\/et\/juhendid\/klassikaline-voi-uisusamm\/\" \/>\n<meta property=\"og:locale\" content=\"et_EE\" \/>\n<meta property=\"og:type\" content=\"article\" \/>\n<meta property=\"og:title\" content=\"Klassikaline v\u00f5i uisusamm? - Elpex\" \/>\n<meta property=\"og:description\" content=\"Millise stiili peaksid valima ja miks? Kui alustad rullsuusatamisega, on \u00fcks esimesi k\u00fcsimusi, millist stiili valida. Kas s\u00f5ita klassikaliselt v\u00f5i uisusammul? M\u00f5lemad treeningvormid on t\u00f5husad ja l\u00f5busad, kuid need erinevad \u00fcsna palju tunde, tehnika ja alustamise lihtsuse poolest. Siin k\u00e4ime l\u00e4bi erinevused, et saaksid algusest [&hellip;]\" \/>\n<meta property=\"og:url\" content=\"https:\/\/www.elpex.se\/et\/juhendid\/klassikaline-voi-uisusamm\/\" \/>\n<meta property=\"og:site_name\" content=\"Elpex\" \/>\n<meta property=\"article:publisher\" content=\"https:\/\/www.facebook.com\/www.elpex.se\/?locale=sv_SE\" \/>\n<meta property=\"article:modified_time\" content=\"2026-03-06T09:11:52+00:00\" \/>\n<meta name=\"twitter:card\" content=\"summary_large_image\" \/>\n<meta name=\"twitter:label1\" content=\"Est. reading time\" \/>\n\t<meta name=\"twitter:data1\" content=\"3 minutit\" \/>\n<script type=\"application\/ld+json\" class=\"yoast-schema-graph\">{\"@context\":\"https:\\\/\\\/schema.org\",\"@graph\":[{\"@type\":\"WebPage\",\"@id\":\"https:\\\/\\\/www.elpex.se\\\/et\\\/juhendid\\\/klassikaline-voi-uisusamm\\\/\",\"url\":\"https:\\\/\\\/www.elpex.se\\\/et\\\/juhendid\\\/klassikaline-voi-uisusamm\\\/\",\"name\":\"Klassikaline v\u00f5i uisusamm? - Elpex\",\"isPartOf\":{\"@id\":\"https:\\\/\\\/www.elpex.se\\\/et\\\/#website\"},\"datePublished\":\"2026-03-04T07:22:05+00:00\",\"dateModified\":\"2026-03-06T09:11:52+00:00\",\"breadcrumb\":{\"@id\":\"https:\\\/\\\/www.elpex.se\\\/et\\\/juhendid\\\/klassikaline-voi-uisusamm\\\/#breadcrumb\"},\"inLanguage\":\"et\",\"potentialAction\":[{\"@type\":\"ReadAction\",\"target\":[\"https:\\\/\\\/www.elpex.se\\\/et\\\/juhendid\\\/klassikaline-voi-uisusamm\\\/\"]}]},{\"@type\":\"BreadcrumbList\",\"@id\":\"https:\\\/\\\/www.elpex.se\\\/et\\\/juhendid\\\/klassikaline-voi-uisusamm\\\/#breadcrumb\",\"itemListElement\":[{\"@type\":\"ListItem\",\"position\":1,\"name\":\"Hem\",\"item\":\"https:\\\/\\\/www.elpex.se\\\/et\\\/\"},{\"@type\":\"ListItem\",\"position\":2,\"name\":\"N\u00e4pun\u00e4ited ja juhendid\",\"item\":\"https:\\\/\\\/www.elpex.se\\\/et\\\/juhendid\\\/\"},{\"@type\":\"ListItem\",\"position\":3,\"name\":\"Klassikaline v\u00f5i uisusamm?\"}]},{\"@type\":\"WebSite\",\"@id\":\"https:\\\/\\\/www.elpex.se\\\/et\\\/#website\",\"url\":\"https:\\\/\\\/www.elpex.se\\\/et\\\/\",\"name\":\"Elpex\",\"description\":\"\",\"publisher\":{\"@id\":\"https:\\\/\\\/www.elpex.se\\\/et\\\/#organization\"},\"potentialAction\":[{\"@type\":\"SearchAction\",\"target\":{\"@type\":\"EntryPoint\",\"urlTemplate\":\"https:\\\/\\\/www.elpex.se\\\/et\\\/?s={search_term_string}\"},\"query-input\":{\"@type\":\"PropertyValueSpecification\",\"valueRequired\":true,\"valueName\":\"search_term_string\"}}],\"inLanguage\":\"et\"},{\"@type\":\"Organization\",\"@id\":\"https:\\\/\\\/www.elpex.se\\\/et\\\/#organization\",\"name\":\"Elpex\",\"url\":\"https:\\\/\\\/www.elpex.se\\\/et\\\/\",\"logo\":{\"@type\":\"ImageObject\",\"inLanguage\":\"et\",\"@id\":\"https:\\\/\\\/www.elpex.se\\\/et\\\/#\\\/schema\\\/logo\\\/image\\\/\",\"url\":\"https:\\\/\\\/www.elpex.se\\\/wp-content\\\/uploads\\\/2024\\\/11\\\/Elpex-logo_svart.svg\",\"contentUrl\":\"https:\\\/\\\/www.elpex.se\\\/wp-content\\\/uploads\\\/2024\\\/11\\\/Elpex-logo_svart.svg\",\"caption\":\"Elpex\"},\"image\":{\"@id\":\"https:\\\/\\\/www.elpex.se\\\/et\\\/#\\\/schema\\\/logo\\\/image\\\/\"},\"sameAs\":[\"https:\\\/\\\/www.facebook.com\\\/www.elpex.se\\\/?locale=sv_SE\",\"https:\\\/\\\/www.instagram.com\\\/elpexrollerskis\\\/\"]}]}<\/script>\n<!-- \/ Yoast SEO plugin. -->","yoast_head_json":{"title":"Klassikaline v\u00f5i uisusamm? - Elpex","robots":{"index":"index","follow":"follow","max-snippet":"max-snippet:-1","max-image-preview":"max-image-preview:large","max-video-preview":"max-video-preview:-1"},"canonical":"https:\/\/www.elpex.se\/et\/juhendid\/klassikaline-voi-uisusamm\/","og_locale":"et_EE","og_type":"article","og_title":"Klassikaline v\u00f5i uisusamm? - Elpex","og_description":"Millise stiili peaksid valima ja miks? Kui alustad rullsuusatamisega, on \u00fcks esimesi k\u00fcsimusi, millist stiili valida. Kas s\u00f5ita klassikaliselt v\u00f5i uisusammul? M\u00f5lemad treeningvormid on t\u00f5husad ja l\u00f5busad, kuid need erinevad \u00fcsna palju tunde, tehnika ja alustamise lihtsuse poolest. Siin k\u00e4ime l\u00e4bi erinevused, et saaksid algusest [&hellip;]","og_url":"https:\/\/www.elpex.se\/et\/juhendid\/klassikaline-voi-uisusamm\/","og_site_name":"Elpex","article_publisher":"https:\/\/www.facebook.com\/www.elpex.se\/?locale=sv_SE","article_modified_time":"2026-03-06T09:11:52+00:00","twitter_card":"summary_large_image","twitter_misc":{"Est. reading time":"3 minutit"},"schema":{"@context":"https:\/\/schema.org","@graph":[{"@type":"WebPage","@id":"https:\/\/www.elpex.se\/et\/juhendid\/klassikaline-voi-uisusamm\/","url":"https:\/\/www.elpex.se\/et\/juhendid\/klassikaline-voi-uisusamm\/","name":"Klassikaline v\u00f5i uisusamm? - Elpex","isPartOf":{"@id":"https:\/\/www.elpex.se\/et\/#website"},"datePublished":"2026-03-04T07:22:05+00:00","dateModified":"2026-03-06T09:11:52+00:00","breadcrumb":{"@id":"https:\/\/www.elpex.se\/et\/juhendid\/klassikaline-voi-uisusamm\/#breadcrumb"},"inLanguage":"et","potentialAction":[{"@type":"ReadAction","target":["https:\/\/www.elpex.se\/et\/juhendid\/klassikaline-voi-uisusamm\/"]}]},{"@type":"BreadcrumbList","@id":"https:\/\/www.elpex.se\/et\/juhendid\/klassikaline-voi-uisusamm\/#breadcrumb","itemListElement":[{"@type":"ListItem","position":1,"name":"Hem","item":"https:\/\/www.elpex.se\/et\/"},{"@type":"ListItem","position":2,"name":"N\u00e4pun\u00e4ited ja juhendid","item":"https:\/\/www.elpex.se\/et\/juhendid\/"},{"@type":"ListItem","position":3,"name":"Klassikaline v\u00f5i uisusamm?"}]},{"@type":"WebSite","@id":"https:\/\/www.elpex.se\/et\/#website","url":"https:\/\/www.elpex.se\/et\/","name":"Elpex","description":"","publisher":{"@id":"https:\/\/www.elpex.se\/et\/#organization"},"potentialAction":[{"@type":"SearchAction","target":{"@type":"EntryPoint","urlTemplate":"https:\/\/www.elpex.se\/et\/?s={search_term_string}"},"query-input":{"@type":"PropertyValueSpecification","valueRequired":true,"valueName":"search_term_string"}}],"inLanguage":"et"},{"@type":"Organization","@id":"https:\/\/www.elpex.se\/et\/#organization","name":"Elpex","url":"https:\/\/www.elpex.se\/et\/","logo":{"@type":"ImageObject","inLanguage":"et","@id":"https:\/\/www.elpex.se\/et\/#\/schema\/logo\/image\/","url":"https:\/\/www.elpex.se\/wp-content\/uploads\/2024\/11\/Elpex-logo_svart.svg","contentUrl":"https:\/\/www.elpex.se\/wp-content\/uploads\/2024\/11\/Elpex-logo_svart.svg","caption":"Elpex"},"image":{"@id":"https:\/\/www.elpex.se\/et\/#\/schema\/logo\/image\/"},"sameAs":["https:\/\/www.facebook.com\/www.elpex.se\/?locale=sv_SE","https:\/\/www.instagram.com\/elpexrollerskis\/"]}]}},"_links":{"self":[{"href":"https:\/\/www.elpex.se\/et\/wp-json\/wp\/v2\/pages\/13448","targetHints":{"allow":["GET"]}}],"collection":[{"href":"https:\/\/www.elpex.se\/et\/wp-json\/wp\/v2\/pages"}],"about":[{"href":"https:\/\/www.elpex.se\/et\/wp-json\/wp\/v2\/types\/page"}],"author":[{"embeddable":true,"href":"https:\/\/www.elpex.se\/et\/wp-json\/wp\/v2\/users\/5"}],"replies":[{"embeddable":true,"href":"https:\/\/www.elpex.se\/et\/wp-json\/wp\/v2\/comments?post=13448"}],"version-history":[{"count":8,"href":"https:\/\/www.elpex.se\/et\/wp-json\/wp\/v2\/pages\/13448\/revisions"}],"predecessor-version":[{"id":13717,"href":"https:\/\/www.elpex.se\/et\/wp-json\/wp\/v2\/pages\/13448\/revisions\/13717"}],"up":[{"embeddable":true,"href":"https:\/\/www.elpex.se\/et\/wp-json\/wp\/v2\/pages\/12299"}],"wp:attachment":[{"href":"https:\/\/www.elpex.se\/et\/wp-json\/wp\/v2\/media?parent=13448"}],"curies":[{"name":"wp","href":"https:\/\/api.w.org\/{rel}","templated":true}]}}