{"id":7041,"date":"2024-11-18T13:11:42","date_gmt":"2024-11-18T13:11:42","guid":{"rendered":"https:\/\/www.elpex.se\/produkt\/classic-off-road-2\/"},"modified":"2026-02-24T12:21:26","modified_gmt":"2026-02-24T12:21:26","slug":"classic-off-road-2","status":"publish","type":"product","link":"https:\/\/www.elpex.se\/de\/produkt\/classic-off-road-2\/","title":{"rendered":"Classic Off Road"},"content":{"rendered":"<p data-start=\"0\" data-end=\"280\">Einzigartiges Modell von Elpex. Wenn der Zugang zu gutem Asphalt begrenzt ist, ist <strong data-start=\"71\" data-end=\"91\">Classic Off Road<\/strong> die naheliegende Wahl \u2013 entwickelt, um unbefestigte Untergr\u00fcnde wie Wald- und Schotterwege zu meistern. Ein klassischer Rollski mit R\u00fccklaufsperre an den Hinterr\u00e4dern, perfekt f\u00fcr Schotterwege und harte Trainingsspuren.  <\/p>\n<p data-start=\"282\" data-end=\"453\">Classic Off Road ist mit 130-mm-Gummir\u00e4dern ausgestattet, die zusammen mit der geringen Bodenfreiheit f\u00fcr sehr komfortables Fahren und stabile Kontrolle sorgen. Nur mit Rollwiderstand 2 erh\u00e4ltlich. <\/p>\n<p data-start=\"455\" data-end=\"495\"><strong data-start=\"455\" data-end=\"472\">Fahrertyp:<\/strong> Alle Fahrertypen.<\/p>\n<p data-start=\"497\" data-end=\"516\"><strong data-start=\"497\" data-end=\"514\">Neuheiten 2026:<\/strong><\/p>\n<ul>\n<li data-start=\"519\" data-end=\"546\">Neue, verbesserte Profile<\/li>\n<li data-start=\"549\" data-end=\"574\">Verst\u00e4rkte Spritzschutzbleche<\/li>\n<li data-start=\"577\" data-end=\"627\">Dunkle Zink-Nickel-Beschichtung auf Schrauben und Bolzen<\/li>\n<li data-start=\"630\" data-end=\"656\">Verbesserter Siebdruck auf den Rahmen<\/li>\n<\/ul>\n","protected":false},"excerpt":{"rendered":"<p>Unser einzigartigstes Modell. Wenn Sie keinen Zugang zu guten Asphaltfl\u00e4chen haben, ist Off Road die offensichtliche Wahl. Ein Ski f\u00fcr klassisches Off-Road-Skifahren, der sowohl auf Schotterstra\u00dfen als auch auf harten Pisten Komfort bietet. Die 130-mm-Gummireifen und die geringe Bodenfreiheit tragen zu einer sehr komfortablen Fahrt mit stabilem Handling bei.   <\/p>\n","protected":false},"featured_media":8120,"template":"","meta":[],"product_brand":[],"product_cat":[226,196,194],"product_tag":[386],"class_list":{"0":"post-7041","1":"product","2":"type-product","3":"status-publish","4":"has-post-thumbnail","6":"product_cat-abseits-der-strase","7":"product_cat-klassisch","8":"product_cat-rollerskier","9":"product_tag-zacatecnici-de","11":"first","12":"outofstock","13":"taxable","14":"shipping-taxable","15":"purchasable","16":"product-type-simple"},"composite_virtual":false,"composite_layout":"","composite_add_to_cart_form_location":"","composite_editable_in_cart":false,"composite_sold_individually_context":"","composite_shop_price_calc":"","composite_components":[],"composite_scenarios":[],"yoast_head":"<!-- This site is optimized with the Yoast SEO plugin v27.4 - https:\/\/yoast.com\/product\/yoast-seo-wordpress\/ -->\n<title>Classic Off Road - Elpex<\/title>\n<meta name=\"robots\" content=\"index, follow, max-snippet:-1, max-image-preview:large, max-video-preview:-1\" \/>\n<link rel=\"canonical\" href=\"https:\/\/www.elpex.se\/de\/produkt\/classic-off-road-2\/\" \/>\n<meta property=\"og:locale\" content=\"de_DE\" \/>\n<meta property=\"og:type\" content=\"article\" \/>\n<meta property=\"og:title\" content=\"Classic Off Road - Elpex\" \/>\n<meta property=\"og:description\" content=\"Unser einzigartigstes Modell. Wenn Sie keinen Zugang zu guten Asphaltfl\u00e4chen haben, ist Off Road die offensichtliche Wahl. Ein Ski f\u00fcr klassisches Off-Road-Skifahren, der sowohl auf Schotterstra\u00dfen als auch auf harten Pisten Komfort bietet. Die 130-mm-Gummireifen und die geringe Bodenfreiheit tragen zu einer sehr komfortablen Fahrt mit stabilem Handling bei.\" \/>\n<meta property=\"og:url\" content=\"https:\/\/www.elpex.se\/de\/produkt\/classic-off-road-2\/\" \/>\n<meta property=\"og:site_name\" content=\"Elpex\" \/>\n<meta property=\"article:publisher\" content=\"https:\/\/www.facebook.com\/www.elpex.se\/?locale=sv_SE\" \/>\n<meta property=\"article:modified_time\" content=\"2026-02-24T12:21:26+00:00\" \/>\n<meta property=\"og:image\" content=\"https:\/\/www.elpex.se\/wp-content\/uploads\/2024\/11\/Classic-Off-road_2_2.jpg.webp\" \/>\n\t<meta property=\"og:image:width\" content=\"1620\" \/>\n\t<meta property=\"og:image:height\" content=\"2175\" \/>\n\t<meta property=\"og:image:type\" content=\"image\/jpeg\" \/>\n<meta name=\"twitter:card\" content=\"summary_large_image\" \/>\n<script type=\"application\/ld+json\" class=\"yoast-schema-graph\">{\"@context\":\"https:\\\/\\\/schema.org\",\"@graph\":[{\"@type\":\"WebPage\",\"@id\":\"https:\\\/\\\/www.elpex.se\\\/de\\\/produkt\\\/classic-off-road-2\\\/\",\"url\":\"https:\\\/\\\/www.elpex.se\\\/de\\\/produkt\\\/classic-off-road-2\\\/\",\"name\":\"Classic Off Road - Elpex\",\"isPartOf\":{\"@id\":\"https:\\\/\\\/www.elpex.se\\\/de\\\/#website\"},\"primaryImageOfPage\":{\"@id\":\"https:\\\/\\\/www.elpex.se\\\/de\\\/produkt\\\/classic-off-road-2\\\/#primaryimage\"},\"image\":{\"@id\":\"https:\\\/\\\/www.elpex.se\\\/de\\\/produkt\\\/classic-off-road-2\\\/#primaryimage\"},\"thumbnailUrl\":\"https:\\\/\\\/www.elpex.se\\\/wp-content\\\/uploads\\\/2024\\\/11\\\/Classic-Off-road_2_2.jpg.webp\",\"datePublished\":\"2024-11-18T13:11:42+00:00\",\"dateModified\":\"2026-02-24T12:21:26+00:00\",\"breadcrumb\":{\"@id\":\"https:\\\/\\\/www.elpex.se\\\/de\\\/produkt\\\/classic-off-road-2\\\/#breadcrumb\"},\"inLanguage\":\"de\",\"potentialAction\":[{\"@type\":\"ReadAction\",\"target\":[\"https:\\\/\\\/www.elpex.se\\\/de\\\/produkt\\\/classic-off-road-2\\\/\"]}]},{\"@type\":\"ImageObject\",\"inLanguage\":\"de\",\"@id\":\"https:\\\/\\\/www.elpex.se\\\/de\\\/produkt\\\/classic-off-road-2\\\/#primaryimage\",\"url\":\"https:\\\/\\\/www.elpex.se\\\/wp-content\\\/uploads\\\/2024\\\/11\\\/Classic-Off-road_2_2.jpg.webp\",\"contentUrl\":\"https:\\\/\\\/www.elpex.se\\\/wp-content\\\/uploads\\\/2024\\\/11\\\/Classic-Off-road_2_2.jpg.webp\",\"width\":1620,\"height\":2175},{\"@type\":\"BreadcrumbList\",\"@id\":\"https:\\\/\\\/www.elpex.se\\\/de\\\/produkt\\\/classic-off-road-2\\\/#breadcrumb\",\"itemListElement\":[{\"@type\":\"ListItem\",\"position\":1,\"name\":\"Hem\",\"item\":\"https:\\\/\\\/www.elpex.se\\\/de\\\/\"},{\"@type\":\"ListItem\",\"position\":2,\"name\":\"Rollerskis &amp; Zubeh\u00f6r\",\"item\":\"https:\\\/\\\/www.elpex.se\\\/de\\\/shop\\\/\"},{\"@type\":\"ListItem\",\"position\":3,\"name\":\"Classic Off Road\"}]},{\"@type\":\"WebSite\",\"@id\":\"https:\\\/\\\/www.elpex.se\\\/de\\\/#website\",\"url\":\"https:\\\/\\\/www.elpex.se\\\/de\\\/\",\"name\":\"Elpex\",\"description\":\"\",\"publisher\":{\"@id\":\"https:\\\/\\\/www.elpex.se\\\/de\\\/#organization\"},\"potentialAction\":[{\"@type\":\"SearchAction\",\"target\":{\"@type\":\"EntryPoint\",\"urlTemplate\":\"https:\\\/\\\/www.elpex.se\\\/de\\\/?s={search_term_string}\"},\"query-input\":{\"@type\":\"PropertyValueSpecification\",\"valueRequired\":true,\"valueName\":\"search_term_string\"}}],\"inLanguage\":\"de\"},{\"@type\":\"Organization\",\"@id\":\"https:\\\/\\\/www.elpex.se\\\/de\\\/#organization\",\"name\":\"Elpex\",\"url\":\"https:\\\/\\\/www.elpex.se\\\/de\\\/\",\"logo\":{\"@type\":\"ImageObject\",\"inLanguage\":\"de\",\"@id\":\"https:\\\/\\\/www.elpex.se\\\/de\\\/#\\\/schema\\\/logo\\\/image\\\/\",\"url\":\"https:\\\/\\\/www.elpex.se\\\/wp-content\\\/uploads\\\/2024\\\/11\\\/Elpex-logo_svart.svg\",\"contentUrl\":\"https:\\\/\\\/www.elpex.se\\\/wp-content\\\/uploads\\\/2024\\\/11\\\/Elpex-logo_svart.svg\",\"caption\":\"Elpex\"},\"image\":{\"@id\":\"https:\\\/\\\/www.elpex.se\\\/de\\\/#\\\/schema\\\/logo\\\/image\\\/\"},\"sameAs\":[\"https:\\\/\\\/www.facebook.com\\\/www.elpex.se\\\/?locale=sv_SE\",\"https:\\\/\\\/www.instagram.com\\\/elpexrollerskis\\\/\"]}]}<\/script>\n<!-- \/ Yoast SEO plugin. -->","yoast_head_json":{"title":"Classic Off Road - Elpex","robots":{"index":"index","follow":"follow","max-snippet":"max-snippet:-1","max-image-preview":"max-image-preview:large","max-video-preview":"max-video-preview:-1"},"canonical":"https:\/\/www.elpex.se\/de\/produkt\/classic-off-road-2\/","og_locale":"de_DE","og_type":"article","og_title":"Classic Off Road - Elpex","og_description":"Unser einzigartigstes Modell. Wenn Sie keinen Zugang zu guten Asphaltfl\u00e4chen haben, ist Off Road die offensichtliche Wahl. Ein Ski f\u00fcr klassisches Off-Road-Skifahren, der sowohl auf Schotterstra\u00dfen als auch auf harten Pisten Komfort bietet. Die 130-mm-Gummireifen und die geringe Bodenfreiheit tragen zu einer sehr komfortablen Fahrt mit stabilem Handling bei.","og_url":"https:\/\/www.elpex.se\/de\/produkt\/classic-off-road-2\/","og_site_name":"Elpex","article_publisher":"https:\/\/www.facebook.com\/www.elpex.se\/?locale=sv_SE","article_modified_time":"2026-02-24T12:21:26+00:00","og_image":[{"width":1620,"height":2175,"url":"https:\/\/www.elpex.se\/wp-content\/uploads\/2024\/11\/Classic-Off-road_2_2.jpg.webp","type":"image\/jpeg"}],"twitter_card":"summary_large_image","schema":{"@context":"https:\/\/schema.org","@graph":[{"@type":"WebPage","@id":"https:\/\/www.elpex.se\/de\/produkt\/classic-off-road-2\/","url":"https:\/\/www.elpex.se\/de\/produkt\/classic-off-road-2\/","name":"Classic Off Road - Elpex","isPartOf":{"@id":"https:\/\/www.elpex.se\/de\/#website"},"primaryImageOfPage":{"@id":"https:\/\/www.elpex.se\/de\/produkt\/classic-off-road-2\/#primaryimage"},"image":{"@id":"https:\/\/www.elpex.se\/de\/produkt\/classic-off-road-2\/#primaryimage"},"thumbnailUrl":"https:\/\/www.elpex.se\/wp-content\/uploads\/2024\/11\/Classic-Off-road_2_2.jpg.webp","datePublished":"2024-11-18T13:11:42+00:00","dateModified":"2026-02-24T12:21:26+00:00","breadcrumb":{"@id":"https:\/\/www.elpex.se\/de\/produkt\/classic-off-road-2\/#breadcrumb"},"inLanguage":"de","potentialAction":[{"@type":"ReadAction","target":["https:\/\/www.elpex.se\/de\/produkt\/classic-off-road-2\/"]}]},{"@type":"ImageObject","inLanguage":"de","@id":"https:\/\/www.elpex.se\/de\/produkt\/classic-off-road-2\/#primaryimage","url":"https:\/\/www.elpex.se\/wp-content\/uploads\/2024\/11\/Classic-Off-road_2_2.jpg.webp","contentUrl":"https:\/\/www.elpex.se\/wp-content\/uploads\/2024\/11\/Classic-Off-road_2_2.jpg.webp","width":1620,"height":2175},{"@type":"BreadcrumbList","@id":"https:\/\/www.elpex.se\/de\/produkt\/classic-off-road-2\/#breadcrumb","itemListElement":[{"@type":"ListItem","position":1,"name":"Hem","item":"https:\/\/www.elpex.se\/de\/"},{"@type":"ListItem","position":2,"name":"Rollerskis &amp; Zubeh\u00f6r","item":"https:\/\/www.elpex.se\/de\/shop\/"},{"@type":"ListItem","position":3,"name":"Classic Off Road"}]},{"@type":"WebSite","@id":"https:\/\/www.elpex.se\/de\/#website","url":"https:\/\/www.elpex.se\/de\/","name":"Elpex","description":"","publisher":{"@id":"https:\/\/www.elpex.se\/de\/#organization"},"potentialAction":[{"@type":"SearchAction","target":{"@type":"EntryPoint","urlTemplate":"https:\/\/www.elpex.se\/de\/?s={search_term_string}"},"query-input":{"@type":"PropertyValueSpecification","valueRequired":true,"valueName":"search_term_string"}}],"inLanguage":"de"},{"@type":"Organization","@id":"https:\/\/www.elpex.se\/de\/#organization","name":"Elpex","url":"https:\/\/www.elpex.se\/de\/","logo":{"@type":"ImageObject","inLanguage":"de","@id":"https:\/\/www.elpex.se\/de\/#\/schema\/logo\/image\/","url":"https:\/\/www.elpex.se\/wp-content\/uploads\/2024\/11\/Elpex-logo_svart.svg","contentUrl":"https:\/\/www.elpex.se\/wp-content\/uploads\/2024\/11\/Elpex-logo_svart.svg","caption":"Elpex"},"image":{"@id":"https:\/\/www.elpex.se\/de\/#\/schema\/logo\/image\/"},"sameAs":["https:\/\/www.facebook.com\/www.elpex.se\/?locale=sv_SE","https:\/\/www.instagram.com\/elpexrollerskis\/"]}]}},"_links":{"self":[{"href":"https:\/\/www.elpex.se\/de\/wp-json\/wp\/v2\/product\/7041","targetHints":{"allow":["GET"]}}],"collection":[{"href":"https:\/\/www.elpex.se\/de\/wp-json\/wp\/v2\/product"}],"about":[{"href":"https:\/\/www.elpex.se\/de\/wp-json\/wp\/v2\/types\/product"}],"wp:featuredmedia":[{"embeddable":true,"href":"https:\/\/www.elpex.se\/de\/wp-json\/wp\/v2\/media\/8120"}],"wp:attachment":[{"href":"https:\/\/www.elpex.se\/de\/wp-json\/wp\/v2\/media?parent=7041"}],"wp:term":[{"taxonomy":"product_brand","embeddable":true,"href":"https:\/\/www.elpex.se\/de\/wp-json\/wp\/v2\/product_brand?post=7041"},{"taxonomy":"product_cat","embeddable":true,"href":"https:\/\/www.elpex.se\/de\/wp-json\/wp\/v2\/product_cat?post=7041"},{"taxonomy":"product_tag","embeddable":true,"href":"https:\/\/www.elpex.se\/de\/wp-json\/wp\/v2\/product_tag?post=7041"}],"curies":[{"name":"wp","href":"https:\/\/api.w.org\/{rel}","templated":true}]}}