{"id":6877,"date":"2024-11-05T14:22:41","date_gmt":"2024-11-05T14:22:41","guid":{"rendered":"https:\/\/www.elpex.se\/produkt\/klassisch-junior\/"},"modified":"2026-02-24T15:38:17","modified_gmt":"2026-02-24T15:38:17","slug":"klassisch-junior","status":"publish","type":"product","link":"https:\/\/www.elpex.se\/de\/produkt\/klassisch-junior\/","title":{"rendered":"Classic Junior"},"content":{"rendered":"<p data-start=\"0\" data-end=\"244\">Der k\u00fcrzere Aluminiumrahmen ist der einzige Unterschied zu seinem \u201egro\u00dfen Bruder\u201c Classic Race. Ein leichter und wendiger Rollski in derselben hohen Qualit\u00e4t \u2013 ideal f\u00fcr deinen Einstieg in den Rollskisport. Geeignet f\u00fcr Kinder und Jugendliche bis 16 Jahre.  <\/p>\n<p data-start=\"246\" data-end=\"297\"><strong data-start=\"246\" data-end=\"263\">Fahrertyp:<\/strong> Kinder und Junioren bis 16 Jahre.<\/p>\n<p data-start=\"299\" data-end=\"318\"><strong data-start=\"299\" data-end=\"316\">Neuheiten 2026:<\/strong><\/p>\n<ul>\n<li data-start=\"321\" data-end=\"371\">Dunkle Zink-Nickel-Beschichtung auf Schrauben und Bolzen<\/li>\n<li data-start=\"331\" data-end=\"357\">Verbesserte Verschlei\u00dffestigkeit beim Siebdruck des Rahmens<\/li>\n<\/ul>\n","protected":false},"excerpt":{"rendered":"<p data-pm-slice=\"1 1 []\">Der k\u00fcrzere Aluminiumrahmen ist das einzige, was diesen Ski von seinem &#8222;gro\u00dfen Bruder&#8220; Classic Race unterscheidet. Ein geschmeidiger und leichter Ski von gleich hoher Qualit\u00e4t. Der perfekte Ski f\u00fcr den Einstieg ins Rollerskifahren!  <\/p>\n","protected":false},"featured_media":7676,"template":"","meta":[],"product_brand":[],"product_cat":[196,194],"product_tag":[496],"class_list":{"0":"post-6877","1":"product","2":"type-product","3":"status-publish","4":"has-post-thumbnail","6":"product_cat-klassisch","7":"product_cat-rollerskier","8":"product_tag-fur-anfanger","10":"first","11":"instock","12":"taxable","13":"shipping-taxable","14":"purchasable","15":"product-type-variable","16":"has-default-attributes"},"composite_virtual":false,"composite_layout":"","composite_add_to_cart_form_location":"","composite_editable_in_cart":false,"composite_sold_individually_context":"","composite_shop_price_calc":"","composite_components":[],"composite_scenarios":[],"yoast_head":"<!-- This site is optimized with the Yoast SEO plugin v27.4 - https:\/\/yoast.com\/product\/yoast-seo-wordpress\/ -->\n<title>Classic Junior - Elpex<\/title>\n<meta name=\"robots\" content=\"index, follow, max-snippet:-1, max-image-preview:large, max-video-preview:-1\" \/>\n<link rel=\"canonical\" href=\"https:\/\/www.elpex.se\/de\/produkt\/klassisch-junior\/\" \/>\n<meta property=\"og:locale\" content=\"de_DE\" \/>\n<meta property=\"og:type\" content=\"article\" \/>\n<meta property=\"og:title\" content=\"Classic Junior - Elpex\" \/>\n<meta property=\"og:description\" content=\"Der k\u00fcrzere Aluminiumrahmen ist das einzige, was diesen Ski von seinem &quot;gro\u00dfen Bruder&quot; Classic Race unterscheidet. Ein geschmeidiger und leichter Ski von gleich hoher Qualit\u00e4t. Der perfekte Ski f\u00fcr den Einstieg ins Rollerskifahren!\" \/>\n<meta property=\"og:url\" content=\"https:\/\/www.elpex.se\/de\/produkt\/klassisch-junior\/\" \/>\n<meta property=\"og:site_name\" content=\"Elpex\" \/>\n<meta property=\"article:publisher\" content=\"https:\/\/www.facebook.com\/www.elpex.se\/?locale=sv_SE\" \/>\n<meta property=\"article:modified_time\" content=\"2026-02-24T15:38:17+00:00\" \/>\n<meta property=\"og:image\" content=\"https:\/\/www.elpex.se\/wp-content\/uploads\/2024\/11\/Elpex_Classic-Junior_1-scaled.jpg.webp\" \/>\n\t<meta property=\"og:image:width\" content=\"1907\" \/>\n\t<meta property=\"og:image:height\" content=\"2560\" \/>\n\t<meta property=\"og:image:type\" content=\"image\/jpeg\" \/>\n<meta name=\"twitter:card\" content=\"summary_large_image\" \/>\n<script type=\"application\/ld+json\" class=\"yoast-schema-graph\">{\"@context\":\"https:\\\/\\\/schema.org\",\"@graph\":[{\"@type\":\"WebPage\",\"@id\":\"https:\\\/\\\/www.elpex.se\\\/de\\\/produkt\\\/klassisch-junior\\\/\",\"url\":\"https:\\\/\\\/www.elpex.se\\\/de\\\/produkt\\\/klassisch-junior\\\/\",\"name\":\"Classic Junior - Elpex\",\"isPartOf\":{\"@id\":\"https:\\\/\\\/www.elpex.se\\\/de\\\/#website\"},\"primaryImageOfPage\":{\"@id\":\"https:\\\/\\\/www.elpex.se\\\/de\\\/produkt\\\/klassisch-junior\\\/#primaryimage\"},\"image\":{\"@id\":\"https:\\\/\\\/www.elpex.se\\\/de\\\/produkt\\\/klassisch-junior\\\/#primaryimage\"},\"thumbnailUrl\":\"https:\\\/\\\/www.elpex.se\\\/wp-content\\\/uploads\\\/2024\\\/11\\\/Elpex_Classic-Junior_1-scaled.jpg.webp\",\"datePublished\":\"2024-11-05T14:22:41+00:00\",\"dateModified\":\"2026-02-24T15:38:17+00:00\",\"breadcrumb\":{\"@id\":\"https:\\\/\\\/www.elpex.se\\\/de\\\/produkt\\\/klassisch-junior\\\/#breadcrumb\"},\"inLanguage\":\"de\",\"potentialAction\":[{\"@type\":\"ReadAction\",\"target\":[\"https:\\\/\\\/www.elpex.se\\\/de\\\/produkt\\\/klassisch-junior\\\/\"]}]},{\"@type\":\"ImageObject\",\"inLanguage\":\"de\",\"@id\":\"https:\\\/\\\/www.elpex.se\\\/de\\\/produkt\\\/klassisch-junior\\\/#primaryimage\",\"url\":\"https:\\\/\\\/www.elpex.se\\\/wp-content\\\/uploads\\\/2024\\\/11\\\/Elpex_Classic-Junior_1-scaled.jpg.webp\",\"contentUrl\":\"https:\\\/\\\/www.elpex.se\\\/wp-content\\\/uploads\\\/2024\\\/11\\\/Elpex_Classic-Junior_1-scaled.jpg.webp\",\"width\":1907,\"height\":2560},{\"@type\":\"BreadcrumbList\",\"@id\":\"https:\\\/\\\/www.elpex.se\\\/de\\\/produkt\\\/klassisch-junior\\\/#breadcrumb\",\"itemListElement\":[{\"@type\":\"ListItem\",\"position\":1,\"name\":\"Hem\",\"item\":\"https:\\\/\\\/www.elpex.se\\\/de\\\/\"},{\"@type\":\"ListItem\",\"position\":2,\"name\":\"Rollerskis &amp; Zubeh\u00f6r\",\"item\":\"https:\\\/\\\/www.elpex.se\\\/de\\\/shop\\\/\"},{\"@type\":\"ListItem\",\"position\":3,\"name\":\"Classic Junior\"}]},{\"@type\":\"WebSite\",\"@id\":\"https:\\\/\\\/www.elpex.se\\\/de\\\/#website\",\"url\":\"https:\\\/\\\/www.elpex.se\\\/de\\\/\",\"name\":\"Elpex\",\"description\":\"\",\"publisher\":{\"@id\":\"https:\\\/\\\/www.elpex.se\\\/de\\\/#organization\"},\"potentialAction\":[{\"@type\":\"SearchAction\",\"target\":{\"@type\":\"EntryPoint\",\"urlTemplate\":\"https:\\\/\\\/www.elpex.se\\\/de\\\/?s={search_term_string}\"},\"query-input\":{\"@type\":\"PropertyValueSpecification\",\"valueRequired\":true,\"valueName\":\"search_term_string\"}}],\"inLanguage\":\"de\"},{\"@type\":\"Organization\",\"@id\":\"https:\\\/\\\/www.elpex.se\\\/de\\\/#organization\",\"name\":\"Elpex\",\"url\":\"https:\\\/\\\/www.elpex.se\\\/de\\\/\",\"logo\":{\"@type\":\"ImageObject\",\"inLanguage\":\"de\",\"@id\":\"https:\\\/\\\/www.elpex.se\\\/de\\\/#\\\/schema\\\/logo\\\/image\\\/\",\"url\":\"https:\\\/\\\/www.elpex.se\\\/wp-content\\\/uploads\\\/2024\\\/11\\\/Elpex-logo_svart.svg\",\"contentUrl\":\"https:\\\/\\\/www.elpex.se\\\/wp-content\\\/uploads\\\/2024\\\/11\\\/Elpex-logo_svart.svg\",\"caption\":\"Elpex\"},\"image\":{\"@id\":\"https:\\\/\\\/www.elpex.se\\\/de\\\/#\\\/schema\\\/logo\\\/image\\\/\"},\"sameAs\":[\"https:\\\/\\\/www.facebook.com\\\/www.elpex.se\\\/?locale=sv_SE\",\"https:\\\/\\\/www.instagram.com\\\/elpexrollerskis\\\/\"]}]}<\/script>\n<!-- \/ Yoast SEO plugin. -->","yoast_head_json":{"title":"Classic Junior - Elpex","robots":{"index":"index","follow":"follow","max-snippet":"max-snippet:-1","max-image-preview":"max-image-preview:large","max-video-preview":"max-video-preview:-1"},"canonical":"https:\/\/www.elpex.se\/de\/produkt\/klassisch-junior\/","og_locale":"de_DE","og_type":"article","og_title":"Classic Junior - Elpex","og_description":"Der k\u00fcrzere Aluminiumrahmen ist das einzige, was diesen Ski von seinem \"gro\u00dfen Bruder\" Classic Race unterscheidet. Ein geschmeidiger und leichter Ski von gleich hoher Qualit\u00e4t. Der perfekte Ski f\u00fcr den Einstieg ins Rollerskifahren!","og_url":"https:\/\/www.elpex.se\/de\/produkt\/klassisch-junior\/","og_site_name":"Elpex","article_publisher":"https:\/\/www.facebook.com\/www.elpex.se\/?locale=sv_SE","article_modified_time":"2026-02-24T15:38:17+00:00","og_image":[{"width":1907,"height":2560,"url":"https:\/\/www.elpex.se\/wp-content\/uploads\/2024\/11\/Elpex_Classic-Junior_1-scaled.jpg.webp","type":"image\/jpeg"}],"twitter_card":"summary_large_image","schema":{"@context":"https:\/\/schema.org","@graph":[{"@type":"WebPage","@id":"https:\/\/www.elpex.se\/de\/produkt\/klassisch-junior\/","url":"https:\/\/www.elpex.se\/de\/produkt\/klassisch-junior\/","name":"Classic Junior - Elpex","isPartOf":{"@id":"https:\/\/www.elpex.se\/de\/#website"},"primaryImageOfPage":{"@id":"https:\/\/www.elpex.se\/de\/produkt\/klassisch-junior\/#primaryimage"},"image":{"@id":"https:\/\/www.elpex.se\/de\/produkt\/klassisch-junior\/#primaryimage"},"thumbnailUrl":"https:\/\/www.elpex.se\/wp-content\/uploads\/2024\/11\/Elpex_Classic-Junior_1-scaled.jpg.webp","datePublished":"2024-11-05T14:22:41+00:00","dateModified":"2026-02-24T15:38:17+00:00","breadcrumb":{"@id":"https:\/\/www.elpex.se\/de\/produkt\/klassisch-junior\/#breadcrumb"},"inLanguage":"de","potentialAction":[{"@type":"ReadAction","target":["https:\/\/www.elpex.se\/de\/produkt\/klassisch-junior\/"]}]},{"@type":"ImageObject","inLanguage":"de","@id":"https:\/\/www.elpex.se\/de\/produkt\/klassisch-junior\/#primaryimage","url":"https:\/\/www.elpex.se\/wp-content\/uploads\/2024\/11\/Elpex_Classic-Junior_1-scaled.jpg.webp","contentUrl":"https:\/\/www.elpex.se\/wp-content\/uploads\/2024\/11\/Elpex_Classic-Junior_1-scaled.jpg.webp","width":1907,"height":2560},{"@type":"BreadcrumbList","@id":"https:\/\/www.elpex.se\/de\/produkt\/klassisch-junior\/#breadcrumb","itemListElement":[{"@type":"ListItem","position":1,"name":"Hem","item":"https:\/\/www.elpex.se\/de\/"},{"@type":"ListItem","position":2,"name":"Rollerskis &amp; Zubeh\u00f6r","item":"https:\/\/www.elpex.se\/de\/shop\/"},{"@type":"ListItem","position":3,"name":"Classic Junior"}]},{"@type":"WebSite","@id":"https:\/\/www.elpex.se\/de\/#website","url":"https:\/\/www.elpex.se\/de\/","name":"Elpex","description":"","publisher":{"@id":"https:\/\/www.elpex.se\/de\/#organization"},"potentialAction":[{"@type":"SearchAction","target":{"@type":"EntryPoint","urlTemplate":"https:\/\/www.elpex.se\/de\/?s={search_term_string}"},"query-input":{"@type":"PropertyValueSpecification","valueRequired":true,"valueName":"search_term_string"}}],"inLanguage":"de"},{"@type":"Organization","@id":"https:\/\/www.elpex.se\/de\/#organization","name":"Elpex","url":"https:\/\/www.elpex.se\/de\/","logo":{"@type":"ImageObject","inLanguage":"de","@id":"https:\/\/www.elpex.se\/de\/#\/schema\/logo\/image\/","url":"https:\/\/www.elpex.se\/wp-content\/uploads\/2024\/11\/Elpex-logo_svart.svg","contentUrl":"https:\/\/www.elpex.se\/wp-content\/uploads\/2024\/11\/Elpex-logo_svart.svg","caption":"Elpex"},"image":{"@id":"https:\/\/www.elpex.se\/de\/#\/schema\/logo\/image\/"},"sameAs":["https:\/\/www.facebook.com\/www.elpex.se\/?locale=sv_SE","https:\/\/www.instagram.com\/elpexrollerskis\/"]}]}},"_links":{"self":[{"href":"https:\/\/www.elpex.se\/de\/wp-json\/wp\/v2\/product\/6877","targetHints":{"allow":["GET"]}}],"collection":[{"href":"https:\/\/www.elpex.se\/de\/wp-json\/wp\/v2\/product"}],"about":[{"href":"https:\/\/www.elpex.se\/de\/wp-json\/wp\/v2\/types\/product"}],"wp:featuredmedia":[{"embeddable":true,"href":"https:\/\/www.elpex.se\/de\/wp-json\/wp\/v2\/media\/7676"}],"wp:attachment":[{"href":"https:\/\/www.elpex.se\/de\/wp-json\/wp\/v2\/media?parent=6877"}],"wp:term":[{"taxonomy":"product_brand","embeddable":true,"href":"https:\/\/www.elpex.se\/de\/wp-json\/wp\/v2\/product_brand?post=6877"},{"taxonomy":"product_cat","embeddable":true,"href":"https:\/\/www.elpex.se\/de\/wp-json\/wp\/v2\/product_cat?post=6877"},{"taxonomy":"product_tag","embeddable":true,"href":"https:\/\/www.elpex.se\/de\/wp-json\/wp\/v2\/product_tag?post=6877"}],"curies":[{"name":"wp","href":"https:\/\/api.w.org\/{rel}","templated":true}]}}