{"id":6693,"date":"2025-01-29T11:49:45","date_gmt":"2025-01-29T11:49:45","guid":{"rendered":"https:\/\/www.elpex.se\/produkt\/klassisch-dp\/"},"modified":"2026-02-24T12:21:24","modified_gmt":"2026-02-24T12:21:24","slug":"klassisch-dp","status":"publish","type":"product","link":"https:\/\/www.elpex.se\/de\/produkt\/klassisch-dp\/","title":{"rendered":"Classic DP"},"content":{"rendered":"<p data-start=\"0\" data-end=\"260\">F\u00fcr dich, der sich auf den Stra\u00dfen vorw\u00e4rts staken will! Ein etwas l\u00e4ngerer Radstand sorgt f\u00fcr besseres Skigef\u00fchl und Richtungsstabilit\u00e4t. Breitere Hinterr\u00e4der und schmalere Vorderr\u00e4der machen das Modell trotz der zus\u00e4tzlichen L\u00e4nge leicht man\u00f6vrierbar. Das Modell kann sowohl mit als auch ohne Freilauflager geliefert werden.   <\/p>\n<p data-start=\"262\" data-end=\"306\">W\u00e4hle mit oder ohne Freilauflager an den Hinterr\u00e4dern!<\/p>\n<p data-start=\"308\" data-end=\"412\"><strong data-start=\"308\" data-end=\"325\">Fahrertyp:<\/strong> Langstrecken-Enthusiasten und alle, die ihre Stocktechnik verbessern wollen \u2013 vom Anf\u00e4nger bis zur Elite.<\/p>\n<p data-start=\"414\" data-end=\"433\"><strong data-start=\"414\" data-end=\"431\">Neuheiten f\u00fcr 2026:<\/strong><\/p>\n<ul>\n<li data-start=\"436\" data-end=\"486\">Dunkle Zink-Nickel-Beschichtung auf Schrauben und Bolzen<\/li>\n<li data-start=\"489\" data-end=\"515\">Verbesserter Siebdruck auf den Rahmen<\/li>\n<\/ul>\n","protected":false},"excerpt":{"rendered":"<p data-pm-slice=\"1 1 []\">F\u00fcr alle, die sich auf den Stra\u00dfen vorw\u00e4rts staken wollen! Ein etwas l\u00e4ngerer Radstand tr\u00e4gt zu besserem Skigef\u00fchl und Richtungsstabilit\u00e4t bei. <\/p>\n","protected":false},"featured_media":14347,"template":"","meta":[],"product_brand":[],"product_cat":[240,196,194],"product_tag":[261],"class_list":{"0":"post-6693","1":"product","2":"type-product","3":"status-publish","4":"has-post-thumbnail","6":"product_cat-beliebte-produkte","7":"product_cat-klassisch","8":"product_cat-rollerskier","9":"product_tag-anfanger","11":"first","12":"instock","13":"taxable","14":"shipping-taxable","15":"purchasable","16":"product-type-variable"},"composite_virtual":false,"composite_layout":"","composite_add_to_cart_form_location":"","composite_editable_in_cart":false,"composite_sold_individually_context":"","composite_shop_price_calc":"","composite_components":[],"composite_scenarios":[],"yoast_head":"<!-- This site is optimized with the Yoast SEO plugin v27.4 - https:\/\/yoast.com\/product\/yoast-seo-wordpress\/ -->\n<title>Classic DP - Elpex<\/title>\n<meta name=\"robots\" content=\"index, follow, max-snippet:-1, max-image-preview:large, max-video-preview:-1\" \/>\n<link rel=\"canonical\" href=\"https:\/\/www.elpex.se\/de\/produkt\/klassisch-dp\/\" \/>\n<meta property=\"og:locale\" content=\"de_DE\" \/>\n<meta property=\"og:type\" content=\"article\" \/>\n<meta property=\"og:title\" content=\"Classic DP - Elpex\" \/>\n<meta property=\"og:description\" content=\"F\u00fcr alle, die sich auf den Stra\u00dfen vorw\u00e4rts staken wollen! Ein etwas l\u00e4ngerer Radstand tr\u00e4gt zu besserem Skigef\u00fchl und Richtungsstabilit\u00e4t bei.\" \/>\n<meta property=\"og:url\" content=\"https:\/\/www.elpex.se\/de\/produkt\/klassisch-dp\/\" \/>\n<meta property=\"og:site_name\" content=\"Elpex\" \/>\n<meta property=\"article:publisher\" content=\"https:\/\/www.facebook.com\/www.elpex.se\/?locale=sv_SE\" \/>\n<meta property=\"article:modified_time\" content=\"2026-02-24T12:21:24+00:00\" \/>\n<meta property=\"og:image\" content=\"https:\/\/www.elpex.se\/wp-content\/uploads\/2025\/01\/Elpex_Classic_DP_1-scaled.jpg.webp\" \/>\n\t<meta property=\"og:image:width\" content=\"1907\" \/>\n\t<meta property=\"og:image:height\" content=\"2560\" \/>\n\t<meta property=\"og:image:type\" content=\"image\/jpeg\" \/>\n<meta name=\"twitter:card\" content=\"summary_large_image\" \/>\n<script type=\"application\/ld+json\" class=\"yoast-schema-graph\">{\"@context\":\"https:\\\/\\\/schema.org\",\"@graph\":[{\"@type\":\"WebPage\",\"@id\":\"https:\\\/\\\/www.elpex.se\\\/de\\\/produkt\\\/klassisch-dp\\\/\",\"url\":\"https:\\\/\\\/www.elpex.se\\\/de\\\/produkt\\\/klassisch-dp\\\/\",\"name\":\"Classic DP - Elpex\",\"isPartOf\":{\"@id\":\"https:\\\/\\\/www.elpex.se\\\/de\\\/#website\"},\"primaryImageOfPage\":{\"@id\":\"https:\\\/\\\/www.elpex.se\\\/de\\\/produkt\\\/klassisch-dp\\\/#primaryimage\"},\"image\":{\"@id\":\"https:\\\/\\\/www.elpex.se\\\/de\\\/produkt\\\/klassisch-dp\\\/#primaryimage\"},\"thumbnailUrl\":\"https:\\\/\\\/www.elpex.se\\\/wp-content\\\/uploads\\\/2025\\\/01\\\/Classic-DP_standing.png\",\"datePublished\":\"2025-01-29T11:49:45+00:00\",\"dateModified\":\"2026-02-24T12:21:24+00:00\",\"breadcrumb\":{\"@id\":\"https:\\\/\\\/www.elpex.se\\\/de\\\/produkt\\\/klassisch-dp\\\/#breadcrumb\"},\"inLanguage\":\"de\",\"potentialAction\":[{\"@type\":\"ReadAction\",\"target\":[\"https:\\\/\\\/www.elpex.se\\\/de\\\/produkt\\\/klassisch-dp\\\/\"]}]},{\"@type\":\"ImageObject\",\"inLanguage\":\"de\",\"@id\":\"https:\\\/\\\/www.elpex.se\\\/de\\\/produkt\\\/klassisch-dp\\\/#primaryimage\",\"url\":\"https:\\\/\\\/www.elpex.se\\\/wp-content\\\/uploads\\\/2025\\\/01\\\/Classic-DP_standing.png\",\"contentUrl\":\"https:\\\/\\\/www.elpex.se\\\/wp-content\\\/uploads\\\/2025\\\/01\\\/Classic-DP_standing.png\",\"width\":1080,\"height\":1350},{\"@type\":\"BreadcrumbList\",\"@id\":\"https:\\\/\\\/www.elpex.se\\\/de\\\/produkt\\\/klassisch-dp\\\/#breadcrumb\",\"itemListElement\":[{\"@type\":\"ListItem\",\"position\":1,\"name\":\"Hem\",\"item\":\"https:\\\/\\\/www.elpex.se\\\/de\\\/\"},{\"@type\":\"ListItem\",\"position\":2,\"name\":\"Rollerskis &amp; Zubeh\u00f6r\",\"item\":\"https:\\\/\\\/www.elpex.se\\\/de\\\/shop\\\/\"},{\"@type\":\"ListItem\",\"position\":3,\"name\":\"Classic DP\"}]},{\"@type\":\"WebSite\",\"@id\":\"https:\\\/\\\/www.elpex.se\\\/de\\\/#website\",\"url\":\"https:\\\/\\\/www.elpex.se\\\/de\\\/\",\"name\":\"Elpex\",\"description\":\"\",\"publisher\":{\"@id\":\"https:\\\/\\\/www.elpex.se\\\/de\\\/#organization\"},\"potentialAction\":[{\"@type\":\"SearchAction\",\"target\":{\"@type\":\"EntryPoint\",\"urlTemplate\":\"https:\\\/\\\/www.elpex.se\\\/de\\\/?s={search_term_string}\"},\"query-input\":{\"@type\":\"PropertyValueSpecification\",\"valueRequired\":true,\"valueName\":\"search_term_string\"}}],\"inLanguage\":\"de\"},{\"@type\":\"Organization\",\"@id\":\"https:\\\/\\\/www.elpex.se\\\/de\\\/#organization\",\"name\":\"Elpex\",\"url\":\"https:\\\/\\\/www.elpex.se\\\/de\\\/\",\"logo\":{\"@type\":\"ImageObject\",\"inLanguage\":\"de\",\"@id\":\"https:\\\/\\\/www.elpex.se\\\/de\\\/#\\\/schema\\\/logo\\\/image\\\/\",\"url\":\"https:\\\/\\\/www.elpex.se\\\/wp-content\\\/uploads\\\/2024\\\/11\\\/Elpex-logo_svart.svg\",\"contentUrl\":\"https:\\\/\\\/www.elpex.se\\\/wp-content\\\/uploads\\\/2024\\\/11\\\/Elpex-logo_svart.svg\",\"caption\":\"Elpex\"},\"image\":{\"@id\":\"https:\\\/\\\/www.elpex.se\\\/de\\\/#\\\/schema\\\/logo\\\/image\\\/\"},\"sameAs\":[\"https:\\\/\\\/www.facebook.com\\\/www.elpex.se\\\/?locale=sv_SE\",\"https:\\\/\\\/www.instagram.com\\\/elpexrollerskis\\\/\"]}]}<\/script>\n<!-- \/ Yoast SEO plugin. -->","yoast_head_json":{"title":"Classic DP - Elpex","robots":{"index":"index","follow":"follow","max-snippet":"max-snippet:-1","max-image-preview":"max-image-preview:large","max-video-preview":"max-video-preview:-1"},"canonical":"https:\/\/www.elpex.se\/de\/produkt\/klassisch-dp\/","og_locale":"de_DE","og_type":"article","og_title":"Classic DP - Elpex","og_description":"F\u00fcr alle, die sich auf den Stra\u00dfen vorw\u00e4rts staken wollen! Ein etwas l\u00e4ngerer Radstand tr\u00e4gt zu besserem Skigef\u00fchl und Richtungsstabilit\u00e4t bei.","og_url":"https:\/\/www.elpex.se\/de\/produkt\/klassisch-dp\/","og_site_name":"Elpex","article_publisher":"https:\/\/www.facebook.com\/www.elpex.se\/?locale=sv_SE","article_modified_time":"2026-02-24T12:21:24+00:00","og_image":[{"width":1907,"height":2560,"url":"https:\/\/www.elpex.se\/wp-content\/uploads\/2025\/01\/Elpex_Classic_DP_1-scaled.jpg.webp","type":"image\/jpeg"}],"twitter_card":"summary_large_image","schema":{"@context":"https:\/\/schema.org","@graph":[{"@type":"WebPage","@id":"https:\/\/www.elpex.se\/de\/produkt\/klassisch-dp\/","url":"https:\/\/www.elpex.se\/de\/produkt\/klassisch-dp\/","name":"Classic DP - Elpex","isPartOf":{"@id":"https:\/\/www.elpex.se\/de\/#website"},"primaryImageOfPage":{"@id":"https:\/\/www.elpex.se\/de\/produkt\/klassisch-dp\/#primaryimage"},"image":{"@id":"https:\/\/www.elpex.se\/de\/produkt\/klassisch-dp\/#primaryimage"},"thumbnailUrl":"https:\/\/www.elpex.se\/wp-content\/uploads\/2025\/01\/Classic-DP_standing.png","datePublished":"2025-01-29T11:49:45+00:00","dateModified":"2026-02-24T12:21:24+00:00","breadcrumb":{"@id":"https:\/\/www.elpex.se\/de\/produkt\/klassisch-dp\/#breadcrumb"},"inLanguage":"de","potentialAction":[{"@type":"ReadAction","target":["https:\/\/www.elpex.se\/de\/produkt\/klassisch-dp\/"]}]},{"@type":"ImageObject","inLanguage":"de","@id":"https:\/\/www.elpex.se\/de\/produkt\/klassisch-dp\/#primaryimage","url":"https:\/\/www.elpex.se\/wp-content\/uploads\/2025\/01\/Classic-DP_standing.png","contentUrl":"https:\/\/www.elpex.se\/wp-content\/uploads\/2025\/01\/Classic-DP_standing.png","width":1080,"height":1350},{"@type":"BreadcrumbList","@id":"https:\/\/www.elpex.se\/de\/produkt\/klassisch-dp\/#breadcrumb","itemListElement":[{"@type":"ListItem","position":1,"name":"Hem","item":"https:\/\/www.elpex.se\/de\/"},{"@type":"ListItem","position":2,"name":"Rollerskis &amp; Zubeh\u00f6r","item":"https:\/\/www.elpex.se\/de\/shop\/"},{"@type":"ListItem","position":3,"name":"Classic DP"}]},{"@type":"WebSite","@id":"https:\/\/www.elpex.se\/de\/#website","url":"https:\/\/www.elpex.se\/de\/","name":"Elpex","description":"","publisher":{"@id":"https:\/\/www.elpex.se\/de\/#organization"},"potentialAction":[{"@type":"SearchAction","target":{"@type":"EntryPoint","urlTemplate":"https:\/\/www.elpex.se\/de\/?s={search_term_string}"},"query-input":{"@type":"PropertyValueSpecification","valueRequired":true,"valueName":"search_term_string"}}],"inLanguage":"de"},{"@type":"Organization","@id":"https:\/\/www.elpex.se\/de\/#organization","name":"Elpex","url":"https:\/\/www.elpex.se\/de\/","logo":{"@type":"ImageObject","inLanguage":"de","@id":"https:\/\/www.elpex.se\/de\/#\/schema\/logo\/image\/","url":"https:\/\/www.elpex.se\/wp-content\/uploads\/2024\/11\/Elpex-logo_svart.svg","contentUrl":"https:\/\/www.elpex.se\/wp-content\/uploads\/2024\/11\/Elpex-logo_svart.svg","caption":"Elpex"},"image":{"@id":"https:\/\/www.elpex.se\/de\/#\/schema\/logo\/image\/"},"sameAs":["https:\/\/www.facebook.com\/www.elpex.se\/?locale=sv_SE","https:\/\/www.instagram.com\/elpexrollerskis\/"]}]}},"_links":{"self":[{"href":"https:\/\/www.elpex.se\/de\/wp-json\/wp\/v2\/product\/6693","targetHints":{"allow":["GET"]}}],"collection":[{"href":"https:\/\/www.elpex.se\/de\/wp-json\/wp\/v2\/product"}],"about":[{"href":"https:\/\/www.elpex.se\/de\/wp-json\/wp\/v2\/types\/product"}],"wp:featuredmedia":[{"embeddable":true,"href":"https:\/\/www.elpex.se\/de\/wp-json\/wp\/v2\/media\/14347"}],"wp:attachment":[{"href":"https:\/\/www.elpex.se\/de\/wp-json\/wp\/v2\/media?parent=6693"}],"wp:term":[{"taxonomy":"product_brand","embeddable":true,"href":"https:\/\/www.elpex.se\/de\/wp-json\/wp\/v2\/product_brand?post=6693"},{"taxonomy":"product_cat","embeddable":true,"href":"https:\/\/www.elpex.se\/de\/wp-json\/wp\/v2\/product_cat?post=6693"},{"taxonomy":"product_tag","embeddable":true,"href":"https:\/\/www.elpex.se\/de\/wp-json\/wp\/v2\/product_tag?post=6693"}],"curies":[{"name":"wp","href":"https:\/\/api.w.org\/{rel}","templated":true}]}}